{"id":10509,"date":"2022-01-19T12:53:28","date_gmt":"2022-01-19T11:53:28","guid":{"rendered":"https:\/\/new.tiketi.com\/abu-dhabi-air-taxi-booking-app-electric-flying-taxis\/"},"modified":"2025-09-13T14:15:45","modified_gmt":"2025-09-13T12:15:45","slug":"abu-dhabi","status":"publish","type":"page","link":"https:\/\/tiketi.com\/fr-fr\/volants\/taxi-aerien\/abu-dhabi\/","title":{"rendered":"Fly Over Abu Dhabi\u2019s Roads \u2013 Easy Air Taxi Abu Dhabi Online Bookings"},"content":{"rendered":"<h2>Book a Flying Taxi in Abu Dhabi \u2013 Safe, Fast, Eco-Friendly, and Affordable Urban Travel<\/h2>\n<p>The Cheap air taxi in Abu Dhabi online booking app allows users to easily reserve helicopter and flying taxi flight tickets. Air taxis in Abu Dhabi make it possible to travel quickly and affordably across the city. The capital of the United Arab Emirates is rich with Islamic culture, demonstrates the true meaning of a magical Arabian city and has always been more conservative than neighbouring Dubai. From skyscrapers, magnificent buildings, theme parks to innovative urban museums, lively souqs, excellent restaurants and long stretches of white beaches, the diverse attractions of Abu Dhabi will surprise you. Just like many other services, you\u2019ll be able to make a Abu Dhabi air taxi booking anytime, anywhere, through the app for your electric air taxi flight.<\/p>\n<h2>Why Choose Air Taxi in Abu Dhabi?<\/h2>\n<p>Experience Abu Dhabi from Above with These Key Benefits:<\/p>\n<ul>\n<li><strong>Gagnez du temps<\/strong><br \/>\nTravel across the city in a fraction of the time.<br \/>\nExample: AUH \u2192 Saadiyat Island (~30 km) in just 10\u201312 minutes vs. 45\u201360 minutes by car.<\/li>\n<li><strong>\u00c9cologique et silencieux<\/strong><br \/>\nAll-electric aircraft mean zero emissions and ultra-low noise.<br \/>\nPerfect for the sustainable vision of Abu Dhabi 2030.<\/li>\n<li><strong>Safe &amp; Reliable<\/strong><br \/>\nOperated by certified pilots and equipped with the latest safety tech \u2013 your peace of mind comes first.<\/li>\n<li><strong>Effortless Booking<\/strong><br \/>\nBook in just a few taps on our app or website \u2013 anytime, anywhere.<\/li>\n<li><strong>Luxurious Comfort<\/strong><br \/>\nEnjoy private flights in sleek 2- to 4-seater cabins with panoramic city views.<\/li>\n<\/ul>\n<h2>Comment fonctionne notre service de taxi a\u00e9rien ?<\/h2>\n<p>R\u00e9server votre taxi a\u00e9rien est aussi simple que de r\u00e9server une course\u00a0:<\/p>\n<ol>\n<li><strong>Ouvrez le <a href=\"https:\/\/tiketi.com\/fr-fr\/download-tiketi-app\/\" target=\"_blank\" rel=\"noopener\">Application Tiketi<\/a> ou site Web<\/strong><\/li>\n<li><strong>Choisissez votre d\u00e9part<\/strong> from one of Dubai\u2019s many helipads or upcoming vertiports (e.g., Downtown Dubai, Dubai International Airport, Dubai Marina)<\/li>\n<li><strong>Choisissez votre avion<\/strong> \u2013 Choisissez un \u00e9l\u00e9gant taxi a\u00e9rien tout \u00e9lectrique \u00e0 2 ou 4 places<\/li>\n<li><strong>Confirmer et partir<\/strong> \u2013 Votre vol est r\u00e9serv\u00e9 en temps r\u00e9el et votre point d&#039;embarquement est pr\u00eat quand vous l&#039;\u00eates.<\/li>\n<\/ol>\n<p>In just a few minutes, you&#8217;re airborne\u2014gliding over Dubai\u2019s iconic skyline and avoiding the gridlock below.<\/p>\n<h2>Options de tarification et de r\u00e9servation des taxis volants<\/h2>\n<p><strong>Sample Pricing:<\/strong><\/p>\n<ul>\n<li><strong>Abu Dhabi Intl Airport \u2192 Yas Island<\/strong> (~25 km) = AED 320<\/li>\n<li><strong>Yas Island \u2192 Al Maryah Island<\/strong> (~20 km) = AED 280<\/li>\n<li><strong>Al Reem Island \u2192 Corniche<\/strong> (~12 km) = AED 180<\/li>\n<\/ul>\n<p><strong>Future Pricing:<\/strong><\/p>\n<p>As the service scales, fares may start from AED 120 for short hops under 10 km.<\/p>\n<h2>Flying Taxi Routes in Abu Dhabi \u2013 High-Flying Connections<\/h2>\n<h3>Quick, Scenic Journeys with Transparent Pricing:<\/h3>\n<ul>\n<li>\u00a0<strong>AUH \u2192 Saadiyat Island<\/strong><br \/>\n\u23f1 ~12 minutes |\u00a0 AED 340<\/li>\n<li><strong>Yas Island \u2192 Al Maryah Island<\/strong><br \/>\n\u23f1 ~10 minutes |\u00a0 AED 280<\/li>\n<li><strong>Corniche \u2192 Marina Mall<\/strong><br \/>\n\u23f1 ~5 minutes |\u00a0 AED 150<\/li>\n<\/ul>\n<p><strong>\u00c0 venir:<\/strong><\/p>\n<ul>\n<li><strong>AUH \u2192 Masdar City<\/strong><\/li>\n<li><strong>Al Reem Island \u2192 Louvre Abu Dhabi<\/strong><\/li>\n<li><strong>Al Bateen \u2192 Zayed Port<\/strong><\/li>\n<\/ul>\n<h2>Your Safety Is Our Top Priority<\/h2>\n<p>Our aircraft are built to the highest standards, featuring multiple redundancies, real-time monitoring, and certified pilots with rigorous training. Every journey is protected by cutting-edge flight systems and strict safety protocols.<\/p>\n<h2>Foire aux questions<\/h2>\n<h3>How much does an air taxi in Abu Dhabi cost?<\/h3>\n<p>Prices vary by distance. For example, AUH to Saadiyat Island is around AED 340, while shorter routes like Corniche to Marina Mall start at AED 150.<\/p>\n<h3>How safe are air taxis?<\/h3>\n<p>Extremely safe. All flights are piloted by professionals and use aircraft with certified safety systems and backup tech.<\/p>\n<h3>How do I book an air taxi?<\/h3>\n<p>Just enter your departure, destination, and time on our platform or app, then confirm your flight. It\u2019s that easy.<\/p>\n<h3>Puis-je apporter des bagages ?<\/h3>\n<p>You may carry a small personal item or cabin bag. For larger luggage, we can coordinate ground transport.<\/p>\n<h2>Voici quelques-uns des avantages du taxi volant \u00e9lectrique \u00e0 Abu Dhabi<\/h2>\n<h3>Les taxis volants \u00e9lectriques \u00e0 Abu Dhabi sont-ils \u00e9cologiques ?<\/h3>\n<p>L&#039;utilisation de piles \u00e0 combustible, qui g\u00e9n\u00e8rent de l&#039;\u00e9lectricit\u00e9 \u00e0 l&#039;aide d&#039;hydrog\u00e8ne, pourrait potentiellement \u00e9tendre la capacit\u00e9 des taxis volants par drone \u00e0 Abu Dhabi tout en maintenant de faibles \u00e9missions. Bien qu&#039;il y ait des probl\u00e8mes \u00e0 r\u00e9soudre autour de la production d&#039;hydrog\u00e8ne vert et d&#039;hydrog\u00e8ne bleu, les avions eVTOL \u00e0 pile \u00e0 combustible pourraient \u00eatre une chance pour les entreprises et les pays qui investissent massivement dans le d\u00e9veloppement d&#039;infrastructures d&#039;hydrog\u00e8ne.<\/p>\n<h3>Quelles sont les caract\u00e9ristiques du taxi volant \u00e9lectrique \u00e0 Abu Dhabi ?<\/h3>\n<p>L&#039;un des avantages de la r\u00e9servation en ligne de drones \u00e9lectriques \u00e0 Abu Dhabi par rapport aux v\u00e9hicules est la possibilit\u00e9 de voyager directement d&#039;un point \u00e0 un autre. Les voitures empruntent les r\u00e9seaux routiers. Dans les villes et villages, les itin\u00e9raires sont rarement directs ou sans circulation. Un autre facteur est la dur\u00e9e de la tourn\u00e9e. Plus un voyage VTOL est long, plus la fraction de temps qu&#039;un VTOL consacre \u00e0 la puissance, \u00e0 l&#039;escalade et au vol stationnaire est courte. Des facteurs plus sp\u00e9cifiques contiennent la vitesse du vent, le nombre de passagers, l&#039;intensit\u00e9 en carbone du r\u00e9seau local, ainsi que la masse et la puissance sp\u00e9cifique des batteries.<\/p>\n<h3>Les taxis a\u00e9riens autonomes \u00e0 Abu Dhabi sont-ils respectueux de l&#039;environnement ?<\/h3>\n<p>Un VTOL \u00e9met vingt-huit pour cent plus de gaz \u00e0 effet de serre qu&#039;un v\u00e9hicule \u00e9lectrique et trente-cinq pour cent moins de gaz \u00e0 effet de serre qu&#039;un v\u00e9hicule \u00e0 essence. Pour des trajets longue distance d&#039;une centaine de kilom\u00e8tres ou plus, un drone taxi a\u00e9rien \u00e0 Abu Dhabi avec 1 pilote et 3 passagers \u00e9mettrait moins de gaz \u00e0 effet de serre par passager-mile qu&#039;un v\u00e9hicule avec une moyenne nationale de 1,54 occupants.<\/p>\n<h3>Combien co\u00fbtera un taxi volant \u00e9lectrique \u00e0 Abu Dhabi ?<\/h3>\n<p>Au d\u00e9part, le taxi drone \u00e0 Abu Dhabi co\u00fbtera environ $5,73 par passager-mile. Vous pouvez facilement r\u00e9server des billets d&#039;avion en taxi a\u00e9rien via des taxis volants \u00e9lectriques dans l&#039;application Abu Dhabi. Le prix du taxi drone \u00e0 Abu Dhabi chutera ensuite \u00e0 $1,85 par mile passager avant d&#039;atteindre finalement le tarif incroyable du client de $0,44 par mile.<\/p>\n<h2>Avantages de l&#039;application de r\u00e9servation de taxi a\u00e9rien \u00e9lectrique \u00e0 Abu Dhabi<\/h2>\n<p>Parmi ses autres avantages, les taxis a\u00e9riens \u00e9lectriques \u00e0 Abu Dhabi pourraient fournir un boom \u00e9conomique en augmentant le nombre de personnes se dirigeant vers des lieux de loisirs et de tourisme qui ne sont pas \u00e0 proximit\u00e9 des grands a\u00e9roports.<\/p>\n<h3>Can the air taxis in Abu Dhabi online booking app be used to reserve electric air taxi flight tickets?<\/h3>\n<p>Oui, les clients peuvent utiliser de mani\u00e8re transparente l&#039;application de r\u00e9servation de taxi \u00e9lectrique drone Abu Dhabi pour trouver le meilleur itin\u00e9raire et r\u00e9server des billets d&#039;avion de taxi volant \u00e9lectrique \u00e0 Abu Dhabi \u00e0 tout moment et n&#039;importe o\u00f9.<\/p>\n<h2>Autres vols populaires en taxi a\u00e9rien<\/h2>\n<table border=\"0\" cellspacing=\"1\" cellpadding=\"1\">\n<tbody>\n<tr>\n<td>Bon march\u00e9 <a href=\"https:\/\/tiketi.com\/fr-fr\/volants\/taxi-aerien\/dubai\/\" target=\"_blank\" rel=\"noopener\">taxi a\u00e9rien \u00e0 Duba\u00ef<\/a><\/td>\n<td style=\"width: 30px;\"><\/td>\n<td>Bon march\u00e9 <a href=\"https:\/\/tiketi.com\/fr-fr\/volants\/taxi-aerien\/uae-united-arab-emirates\/\" target=\"_blank\" rel=\"noopener\">taxi a\u00e9rien aux \u00c9mirats arabes unis<\/a><\/td>\n<td style=\"width: 30px;\"><\/td>\n<td>Bon march\u00e9 <a href=\"https:\/\/tiketi.com\/fr-fr\/volants\/taxi-aerien\/london\/\" target=\"_blank\" rel=\"noopener\">taxi a\u00e9rien \u00e0 Londres<\/a><\/td>\n<\/tr>\n<tr>\n<td>Bon march\u00e9 <a href=\"https:\/\/tiketi.com\/fr-fr\/volants\/taxi-aerien\/singapore\/\" target=\"_blank\" rel=\"noopener\">taxi a\u00e9rien \u00e0 Singapour<\/a><\/td>\n<td style=\"width: 30px;\"><\/td>\n<td>Bon march\u00e9 <a href=\"https:\/\/tiketi.com\/fr-fr\/volants\/taxi-aerien\/new-york-nyc\/\" target=\"_blank\" rel=\"noopener\">taxi a\u00e9rien \u00e0 New York<\/a><\/td>\n<td style=\"width: 30px;\"><\/td>\n<td>Bon march\u00e9 <a href=\"https:\/\/tiketi.com\/fr-fr\/volants\/taxi-aerien\/paris\/\" target=\"_blank\" rel=\"noopener\">taxi a\u00e9rien \u00e0 Paris<\/a><\/td>\n<\/tr>\n<tr>\n<td>Bon march\u00e9 <a href=\"https:\/\/tiketi.com\/fr-fr\/volants\/taxi-aerien\/sydney\/\" target=\"_blank\" rel=\"noopener\">taxi a\u00e9rien \u00e0 Sydney<\/a><\/td>\n<td style=\"width: 30px;\"><\/td>\n<td>Bon march\u00e9 <a href=\"https:\/\/tiketi.com\/fr-fr\/volants\/taxi-aerien\/berlin\/\" target=\"_blank\" rel=\"noopener\">taxi a\u00e9rien \u00e0 Berlin<\/a><\/td>\n<td style=\"width: 30px;\"><\/td>\n<td>Bon march\u00e9 <a href=\"https:\/\/tiketi.com\/fr-fr\/volants\/taxi-aerien\/hong-kong\/\" target=\"_blank\" rel=\"noopener\">air taxi in Hong-Kong<\/a><\/td>\n<\/tr>\n<\/tbody>\n<\/table>\n<p>&nbsp;<\/p>\n<p>&nbsp;<\/p>","protected":false},"excerpt":{"rendered":"<p>Book a Flying Taxi in Abu Dhabi \u2013 Safe, Fast, Eco-Friendly, and Affordable Urban Travel The Cheap air taxi in Abu Dhabi online booking app allows users to easily reserve helicopter and flying taxi flight tickets. Air taxis in Abu Dhabi make it possible to travel quickly and affordably across the city. The capital of [&hellip;]<\/p>\n","protected":false},"author":1,"featured_media":14683,"parent":25621,"menu_order":0,"comment_status":"open","ping_status":"closed","template":"template-home-modern.php","meta":{"footnotes":""},"class_list":["post-10509","page","type-page","status-publish","has-post-thumbnail","hentry"],"yoast_head":"<!-- This site is optimized with the Yoast SEO plugin v27.2 - https:\/\/yoast.com\/product\/yoast-seo-wordpress\/ -->\n<title>Book an Air Taxi in Abu Dhabi | Cheap Flying Taxi Fares<\/title>\n<meta name=\"description\" content=\"Book an air taxi in Abu Dhabi online with our app. Compare routes, fares, &amp; flight tickets for air taxis, &amp; find affordable flying taxi options\" \/>\n<meta name=\"robots\" content=\"index, follow, max-snippet:-1, max-image-preview:large, max-video-preview:-1\" \/>\n<link rel=\"canonical\" href=\"https:\/\/tiketi.com\/fr-fr\/volants\/taxi-aerien\/abu-dhabi\/\" \/>\n<meta property=\"og:locale\" content=\"fr_FR\" \/>\n<meta property=\"og:type\" content=\"article\" \/>\n<meta property=\"og:title\" content=\"Book an Air Taxi in Abu Dhabi | Cheap Flying Taxi Fares\" \/>\n<meta property=\"og:description\" content=\"Book an air taxi in Abu Dhabi online with our app. Compare routes, fares, &amp; flight tickets for air taxis, &amp; find affordable flying taxi options\" \/>\n<meta property=\"og:url\" content=\"https:\/\/tiketi.com\/fr-fr\/volants\/taxi-aerien\/abu-dhabi\/\" \/>\n<meta property=\"og:site_name\" content=\"Tiketi.com\" \/>\n<meta property=\"article:publisher\" content=\"https:\/\/www.facebook.com\/TiketiCom\/\" \/>\n<meta property=\"article:modified_time\" content=\"2025-09-13T12:15:45+00:00\" \/>\n<meta property=\"og:image\" content=\"https:\/\/tiketi.com\/wp-content\/uploads\/2022\/01\/abu-dhabi-catamaran-4220063_1280.jpg\" \/>\n\t<meta property=\"og:image:width\" content=\"1200\" \/>\n\t<meta property=\"og:image:height\" content=\"219\" \/>\n\t<meta property=\"og:image:type\" content=\"image\/jpeg\" \/>\n<meta name=\"twitter:card\" content=\"summary_large_image\" \/>\n<meta name=\"twitter:label1\" content=\"Dur\u00e9e de lecture estim\u00e9e\" \/>\n\t<meta name=\"twitter:data1\" content=\"5 minutes\" \/>\n<script type=\"application\/ld+json\" class=\"yoast-schema-graph\">{\"@context\":\"https:\/\/schema.org\",\"@graph\":[{\"@type\":\"WebPage\",\"@id\":\"https:\/\/tiketi.com\/flying\/air-taxi\/abu-dhabi\/\",\"url\":\"https:\/\/tiketi.com\/flying\/air-taxi\/abu-dhabi\/\",\"name\":\"Book an Air Taxi in Abu Dhabi | Cheap Flying Taxi Fares\",\"isPartOf\":{\"@id\":\"https:\/\/tiketi.com\/#website\"},\"primaryImageOfPage\":{\"@id\":\"https:\/\/tiketi.com\/flying\/air-taxi\/abu-dhabi\/#primaryimage\"},\"image\":{\"@id\":\"https:\/\/tiketi.com\/flying\/air-taxi\/abu-dhabi\/#primaryimage\"},\"thumbnailUrl\":\"https:\/\/tiketi.com\/wp-content\/uploads\/2022\/01\/abu-dhabi-catamaran-4220063_1280.jpg\",\"datePublished\":\"2022-01-19T11:53:28+00:00\",\"dateModified\":\"2025-09-13T12:15:45+00:00\",\"description\":\"Book an air taxi in Abu Dhabi online with our app. Compare routes, fares, & flight tickets for air taxis, & find affordable flying taxi options\",\"breadcrumb\":{\"@id\":\"https:\/\/tiketi.com\/flying\/air-taxi\/abu-dhabi\/#breadcrumb\"},\"inLanguage\":\"fr-FR\",\"potentialAction\":[{\"@type\":\"ReadAction\",\"target\":[\"https:\/\/tiketi.com\/flying\/air-taxi\/abu-dhabi\/\"]}]},{\"@type\":\"ImageObject\",\"inLanguage\":\"fr-FR\",\"@id\":\"https:\/\/tiketi.com\/flying\/air-taxi\/abu-dhabi\/#primaryimage\",\"url\":\"https:\/\/tiketi.com\/wp-content\/uploads\/2022\/01\/abu-dhabi-catamaran-4220063_1280.jpg\",\"contentUrl\":\"https:\/\/tiketi.com\/wp-content\/uploads\/2022\/01\/abu-dhabi-catamaran-4220063_1280.jpg\",\"width\":1200,\"height\":219,\"caption\":\"Air Taxi in Abu Dhabi\"},{\"@type\":\"BreadcrumbList\",\"@id\":\"https:\/\/tiketi.com\/flying\/air-taxi\/abu-dhabi\/#breadcrumb\",\"itemListElement\":[{\"@type\":\"ListItem\",\"position\":1,\"name\":\"Home\",\"item\":\"https:\/\/tiketi.com\/\"},{\"@type\":\"ListItem\",\"position\":2,\"name\":\"Flying\",\"item\":\"https:\/\/tiketi.com\/fr-fr\/volants\/\"},{\"@type\":\"ListItem\",\"position\":3,\"name\":\"Air Taxi\",\"item\":\"https:\/\/tiketi.com\/flying\/air-taxi\/\"},{\"@type\":\"ListItem\",\"position\":4,\"name\":\"Fly Over Abu Dhabi\u2019s Roads \u2013 Easy Air Taxi Abu Dhabi Online Bookings\"}]},{\"@type\":\"WebSite\",\"@id\":\"https:\/\/tiketi.com\/#website\",\"url\":\"https:\/\/tiketi.com\/\",\"name\":\"Flight & Bus Tickets, Tour Packages & Activitites - Tiketi.com\",\"description\":\"Flight &amp; Bus Tickets, Tours, Activitites\",\"publisher\":{\"@id\":\"https:\/\/tiketi.com\/#organization\"},\"potentialAction\":[{\"@type\":\"SearchAction\",\"target\":{\"@type\":\"EntryPoint\",\"urlTemplate\":\"https:\/\/tiketi.com\/?s={search_term_string}\"},\"query-input\":{\"@type\":\"PropertyValueSpecification\",\"valueRequired\":true,\"valueName\":\"search_term_string\"}}],\"inLanguage\":\"fr-FR\"},{\"@type\":\"Organization\",\"@id\":\"https:\/\/tiketi.com\/#organization\",\"name\":\"Tiketi.com\",\"alternateName\":\"Tiketi\",\"url\":\"https:\/\/tiketi.com\/\",\"logo\":{\"@type\":\"ImageObject\",\"inLanguage\":\"fr-FR\",\"@id\":\"https:\/\/tiketi.com\/#\/schema\/logo\/image\/\",\"url\":\"https:\/\/tiketi.com\/wp-content\/uploads\/2019\/05\/tiketi-logo-696.png\",\"contentUrl\":\"https:\/\/tiketi.com\/wp-content\/uploads\/2019\/05\/tiketi-logo-696.png\",\"width\":696,\"height\":696,\"caption\":\"Tiketi.com\"},\"image\":{\"@id\":\"https:\/\/tiketi.com\/#\/schema\/logo\/image\/\"},\"sameAs\":[\"https:\/\/www.facebook.com\/TiketiCom\/\"]}]}<\/script>\n<!-- \/ Yoast SEO plugin. -->","yoast_head_json":{"title":"R\u00e9servez un taxi a\u00e9rien \u00e0 Abu Dhabi | Tarifs de taxi a\u00e9rien pas chers","description":"Book an air taxi in Abu Dhabi online with our app. Compare routes, fares, & flight tickets for air taxis, & find affordable flying taxi options","robots":{"index":"index","follow":"follow","max-snippet":"max-snippet:-1","max-image-preview":"max-image-preview:large","max-video-preview":"max-video-preview:-1"},"canonical":"https:\/\/tiketi.com\/fr-fr\/volants\/taxi-aerien\/abu-dhabi\/","og_locale":"fr_FR","og_type":"article","og_title":"Book an Air Taxi in Abu Dhabi | Cheap Flying Taxi Fares","og_description":"Book an air taxi in Abu Dhabi online with our app. Compare routes, fares, & flight tickets for air taxis, & find affordable flying taxi options","og_url":"https:\/\/tiketi.com\/fr-fr\/volants\/taxi-aerien\/abu-dhabi\/","og_site_name":"Tiketi.com","article_publisher":"https:\/\/www.facebook.com\/TiketiCom\/","article_modified_time":"2025-09-13T12:15:45+00:00","og_image":[{"width":1200,"height":219,"url":"https:\/\/tiketi.com\/wp-content\/uploads\/2022\/01\/abu-dhabi-catamaran-4220063_1280.jpg","type":"image\/jpeg"}],"twitter_card":"summary_large_image","twitter_misc":{"Dur\u00e9e de lecture estim\u00e9e":"5 minutes"},"schema":{"@context":"https:\/\/schema.org","@graph":[{"@type":"WebPage","@id":"https:\/\/tiketi.com\/flying\/air-taxi\/abu-dhabi\/","url":"https:\/\/tiketi.com\/flying\/air-taxi\/abu-dhabi\/","name":"R\u00e9servez un taxi a\u00e9rien \u00e0 Abu Dhabi | Tarifs de taxi a\u00e9rien pas chers","isPartOf":{"@id":"https:\/\/tiketi.com\/#website"},"primaryImageOfPage":{"@id":"https:\/\/tiketi.com\/flying\/air-taxi\/abu-dhabi\/#primaryimage"},"image":{"@id":"https:\/\/tiketi.com\/flying\/air-taxi\/abu-dhabi\/#primaryimage"},"thumbnailUrl":"https:\/\/tiketi.com\/wp-content\/uploads\/2022\/01\/abu-dhabi-catamaran-4220063_1280.jpg","datePublished":"2022-01-19T11:53:28+00:00","dateModified":"2025-09-13T12:15:45+00:00","description":"Book an air taxi in Abu Dhabi online with our app. Compare routes, fares, & flight tickets for air taxis, & find affordable flying taxi options","breadcrumb":{"@id":"https:\/\/tiketi.com\/flying\/air-taxi\/abu-dhabi\/#breadcrumb"},"inLanguage":"fr-FR","potentialAction":[{"@type":"ReadAction","target":["https:\/\/tiketi.com\/flying\/air-taxi\/abu-dhabi\/"]}]},{"@type":"ImageObject","inLanguage":"fr-FR","@id":"https:\/\/tiketi.com\/flying\/air-taxi\/abu-dhabi\/#primaryimage","url":"https:\/\/tiketi.com\/wp-content\/uploads\/2022\/01\/abu-dhabi-catamaran-4220063_1280.jpg","contentUrl":"https:\/\/tiketi.com\/wp-content\/uploads\/2022\/01\/abu-dhabi-catamaran-4220063_1280.jpg","width":1200,"height":219,"caption":"Air Taxi in Abu Dhabi"},{"@type":"BreadcrumbList","@id":"https:\/\/tiketi.com\/flying\/air-taxi\/abu-dhabi\/#breadcrumb","itemListElement":[{"@type":"ListItem","position":1,"name":"Home","item":"https:\/\/tiketi.com\/"},{"@type":"ListItem","position":2,"name":"Flying","item":"https:\/\/tiketi.com\/fr-fr\/volants\/"},{"@type":"ListItem","position":3,"name":"Air Taxi","item":"https:\/\/tiketi.com\/flying\/air-taxi\/"},{"@type":"ListItem","position":4,"name":"Fly Over Abu Dhabi\u2019s Roads \u2013 Easy Air Taxi Abu Dhabi Online Bookings"}]},{"@type":"WebSite","@id":"https:\/\/tiketi.com\/#website","url":"https:\/\/tiketi.com\/","name":"Billets d&#039;avion et de bus, forfaits touristiques et activit\u00e9s - Tiketi.com","description":"Billets d&#039;avion et de bus, Tours, Activit\u00e9s","publisher":{"@id":"https:\/\/tiketi.com\/#organization"},"potentialAction":[{"@type":"SearchAction","target":{"@type":"EntryPoint","urlTemplate":"https:\/\/tiketi.com\/?s={search_term_string}"},"query-input":{"@type":"PropertyValueSpecification","valueRequired":true,"valueName":"search_term_string"}}],"inLanguage":"fr-FR"},{"@type":"Organization","@id":"https:\/\/tiketi.com\/#organization","name":"Tiketi.com","alternateName":"Tiketi","url":"https:\/\/tiketi.com\/","logo":{"@type":"ImageObject","inLanguage":"fr-FR","@id":"https:\/\/tiketi.com\/#\/schema\/logo\/image\/","url":"https:\/\/tiketi.com\/wp-content\/uploads\/2019\/05\/tiketi-logo-696.png","contentUrl":"https:\/\/tiketi.com\/wp-content\/uploads\/2019\/05\/tiketi-logo-696.png","width":696,"height":696,"caption":"Tiketi.com"},"image":{"@id":"https:\/\/tiketi.com\/#\/schema\/logo\/image\/"},"sameAs":["https:\/\/www.facebook.com\/TiketiCom\/"]}]}},"_links":{"self":[{"href":"https:\/\/tiketi.com\/fr-fr\/wp-json\/wp\/v2\/pages\/10509","targetHints":{"allow":["GET"]}}],"collection":[{"href":"https:\/\/tiketi.com\/fr-fr\/wp-json\/wp\/v2\/pages"}],"about":[{"href":"https:\/\/tiketi.com\/fr-fr\/wp-json\/wp\/v2\/types\/page"}],"author":[{"embeddable":true,"href":"https:\/\/tiketi.com\/fr-fr\/wp-json\/wp\/v2\/users\/1"}],"replies":[{"embeddable":true,"href":"https:\/\/tiketi.com\/fr-fr\/wp-json\/wp\/v2\/comments?post=10509"}],"version-history":[{"count":9,"href":"https:\/\/tiketi.com\/fr-fr\/wp-json\/wp\/v2\/pages\/10509\/revisions"}],"predecessor-version":[{"id":33250,"href":"https:\/\/tiketi.com\/fr-fr\/wp-json\/wp\/v2\/pages\/10509\/revisions\/33250"}],"up":[{"embeddable":true,"href":"https:\/\/tiketi.com\/fr-fr\/wp-json\/wp\/v2\/pages\/25621"}],"wp:featuredmedia":[{"embeddable":true,"href":"https:\/\/tiketi.com\/fr-fr\/wp-json\/wp\/v2\/media\/14683"}],"wp:attachment":[{"href":"https:\/\/tiketi.com\/fr-fr\/wp-json\/wp\/v2\/media?parent=10509"}],"curies":[{"name":"wp","href":"https:\/\/api.w.org\/{rel}","templated":true}]}}