{"id":10510,"date":"2022-01-19T12:53:32","date_gmt":"2022-01-19T11:53:32","guid":{"rendered":"https:\/\/new.tiketi.com\/lisbon-air-taxi-booking-app-electric-flying-taxis\/"},"modified":"2023-07-06T08:53:27","modified_gmt":"2023-07-06T07:53:27","slug":"lisbon","status":"publish","type":"page","link":"https:\/\/tiketi.com\/fr-fr\/volants\/taxi-aerien\/lisbon\/","title":{"rendered":"Air Taxi in Lisbon Online Booking App &#8211; Electric Flying Taxis"},"content":{"rendered":"<h2>Electric Lisbon air taxi booking app<\/h2>\r\n<!-- \/wp:post-content -->\r\n\r\n<!-- wp:paragraph -->\r\n<p>Electric air taxi in Lisbon online booking app service will enable users to book electric flying taxis in Lisbon. Autonomous air taxis in Lisbon makes possible to travel cheap and fast in Portugal. Portugal famous city Lisbon sits at the edge of the Atlantic Ocean and boasts a laid-back vibe and rich culture. Spread across a number of hills, each part of the city provides a wealth of new and amazing experience. With hot summers and mild winters, you can have a pleasant tour to Lisbon at all times of the year. Despite being the capital, Lisbon is generally overshadowed by other Portuguesa places, with many visitors seeking out the beaches and coastal landscapes of the Algarve and Islands like Madeira. As with so many other things you will be able to make anytime and anywhere drone Lisbon air taxi booking for your electric air taxi flight.<\/p>\r\n<!-- \/wp:paragraph -->\r\n\r\n<!-- wp:heading -->\r\n<h2>Here are some of the best advantages of electric flying taxi in Lisbon,\u00a0Portugal<\/h2>\r\n<!-- \/wp:heading -->\r\n\r\n<!-- wp:heading {\"level\":3} -->\r\n<h3>What is electric flying taxi in Lisbon?<\/h3>\r\n<!-- \/wp:heading -->\r\n\r\n<!-- wp:paragraph -->\r\n<p>Electric flying taxi in Lisbon are a new type of vehicle altogether. air cars are passenger drones, or as those in the industry favor to them, urban air mobility vehicles. Usually, when we view the letter &#8220;U&#8221; in the context of drones, it stands for &#8220;unmanned,&#8221; but the primary generation of drone taxis in Lisbon will have someone sitting in the pilot seat.<\/p>\r\n<!-- \/wp:paragraph -->\r\n\r\n<!-- wp:heading {\"level\":3} -->\r\n<h3>When can we expect to hail our first electric air taxis in Lisbon?<\/h3>\r\n<!-- \/wp:heading -->\r\n\r\n<!-- wp:paragraph -->\r\n<p>Drone taxis in Lisbon and worldwide will be ready to fly passengers by 2025, and some operator they have brought former NASA engineers onboard to help them get that goal.<\/p>\r\n<!-- \/wp:paragraph -->\r\n\r\n<!-- wp:heading {\"level\":3} -->\r\n<h3>Are autonomous air taxis in Lisbon cars eco friendly?<\/h3>\r\n<!-- \/wp:heading -->\r\n\r\n<!-- wp:paragraph -->\r\n<p>Ils ont d\u00e9couvert que les v\u00e9hicules \u00e9lectriques a\u00e9riens auraient trente-cinq pour cent d&#039;\u00e9missions de gaz \u00e0 effet de serre en moins que les v\u00e9hicules traditionnels lorsqu&#039;ils transportaient 1 pilote sur cent kilom\u00e8tres, soit environ 62 miles. Les voitures \u00e9lectriques a\u00e9riennes s&#039;en sortent encore mieux lorsqu&#039;elles sont compl\u00e8tement charg\u00e9es avec un pilote et 3 passagers pour un trajet de m\u00eame distance.<\/p>\r\n<!-- \/wp:paragraph -->\r\n\r\n<!-- wp:heading {\"level\":3} -->\r\n<h3>Will there by flying\u00a0taxis in Lisbon and\u00a0cars in 2030?<\/h3>\r\n<!-- \/wp:heading -->\r\n\r\n<!-- wp:paragraph -->\r\n<p>Si le d\u00e9veloppement technologique faiblit, ou si la s\u00e9curit\u00e9 et les infrastructures ne r\u00e9pondent pas aux besoins et que le cadre r\u00e9glementaire n&#039;est pas favorable, le BCG pr\u00e9voit 10 000 v\u00e9hicules a\u00e9riens d&#039;ici 2030. Si tous ces probl\u00e8mes sont r\u00e9solus, le BCG estime un march\u00e9 de soixante millions d&#039;unit\u00e9s, avec un total de 825 milliards de vols.<\/p>\r\n<h3>How much will an electric flying\u00a0taxis in Lisbon cost?<\/h3>\r\n<!-- \/wp:paragraph -->\r\n\r\n<!-- wp:paragraph -->\r\n<p>Initially, drone taxis in Lisbon will cost approximately $5.73 per passenger mile. The air taxis in Lisbon price will then plummet to $1.85 per passenger mile before finally hitting the customer amazing fare rate of $0.44 per mile. You can easily book air taxi through electric flying taxis in Lisbon app.<\/p>\r\n<!-- \/wp:paragraph -->\r\n\r\n<!-- wp:heading -->\r\n<h2>Advantages of electric Lisbon air taxi booking app<\/h2>\r\n<!-- \/wp:heading -->\r\n\r\n<!-- wp:paragraph -->\r\n<p>Among its other advantages, drone taxi in Lisbon online booking could provide a economic boom by rising the number of people heading for recreation and tourism places that are not near big airports.<\/p>\r\n<!-- \/wp:paragraph -->\r\n\r\n<!-- wp:heading {\"level\":3} -->\r\n<h3>Would drone air taxi\u00a0in\u00a0Lisbon online booking app be used to book a electric air taxi flight?<\/h3>\r\n<!-- \/wp:heading -->\r\n\r\n<!-- wp:paragraph -->\r\n<p>Yes, customers can seamlessly use online electric Lisbon air taxi booking app to find the best route and book a electric flying taxi in Lisbon flight anytime and anywhere.<\/p>","protected":false},"excerpt":{"rendered":"<p>Electric Lisbon air taxi booking app Electric air taxi in Lisbon online booking app service will enable users to book electric flying taxis in Lisbon. Autonomous air taxis in Lisbon makes possible to travel cheap and fast in Portugal. Portugal famous city Lisbon sits at the edge of the Atlantic Ocean and boasts a laid-back [&hellip;]<\/p>\n","protected":false},"author":1,"featured_media":20335,"parent":25621,"menu_order":0,"comment_status":"open","ping_status":"closed","template":"template-home-modern.php","meta":{"footnotes":""},"class_list":["post-10510","page","type-page","status-publish","has-post-thumbnail","hentry"],"yoast_head":"<!-- This site is optimized with the Yoast SEO plugin v27.2 - https:\/\/yoast.com\/product\/yoast-seo-wordpress\/ -->\n<title>Air Taxi in Lisbon Online Booking App - Electric Flying Taxis<\/title>\n<meta name=\"description\" content=\"Looking for drone air taxi in Amsterdam online booking app, route, schedule &amp; fare? Compare air taxis and book your cheap flying taxi in Amsterdam\" \/>\n<meta name=\"robots\" content=\"index, follow, max-snippet:-1, max-image-preview:large, max-video-preview:-1\" \/>\n<link rel=\"canonical\" href=\"https:\/\/tiketi.com\/fr-fr\/volants\/taxi-aerien\/lisbon\/\" \/>\n<meta property=\"og:locale\" content=\"fr_FR\" \/>\n<meta property=\"og:type\" content=\"article\" \/>\n<meta property=\"og:title\" content=\"Air Taxi in Lisbon Online Booking App - Electric Flying Taxis\" \/>\n<meta property=\"og:description\" content=\"Looking for drone air taxi in Amsterdam online booking app, route, schedule &amp; fare? Compare air taxis and book your cheap flying taxi in Amsterdam\" \/>\n<meta property=\"og:url\" content=\"https:\/\/tiketi.com\/fr-fr\/volants\/taxi-aerien\/lisbon\/\" \/>\n<meta property=\"og:site_name\" content=\"Tiketi.com\" \/>\n<meta property=\"article:publisher\" content=\"https:\/\/www.facebook.com\/TiketiCom\/\" \/>\n<meta property=\"article:modified_time\" content=\"2023-07-06T07:53:27+00:00\" \/>\n<meta property=\"og:image\" content=\"https:\/\/tiketi.com\/wp-content\/uploads\/2019\/05\/lisbon-2392754_1280.jpg\" \/>\n\t<meta property=\"og:image:width\" content=\"1200\" \/>\n\t<meta property=\"og:image:height\" content=\"200\" \/>\n\t<meta property=\"og:image:type\" content=\"image\/jpeg\" \/>\n<meta name=\"twitter:card\" content=\"summary_large_image\" \/>\n<meta name=\"twitter:label1\" content=\"Dur\u00e9e de lecture estim\u00e9e\" \/>\n\t<meta name=\"twitter:data1\" content=\"3 minutes\" \/>\n<script type=\"application\/ld+json\" class=\"yoast-schema-graph\">{\"@context\":\"https:\/\/schema.org\",\"@graph\":[{\"@type\":\"WebPage\",\"@id\":\"https:\/\/tiketi.com\/flying\/air-taxi\/lisbon\/\",\"url\":\"https:\/\/tiketi.com\/flying\/air-taxi\/lisbon\/\",\"name\":\"Air Taxi in Lisbon Online Booking App - Electric Flying Taxis\",\"isPartOf\":{\"@id\":\"https:\/\/tiketi.com\/#website\"},\"primaryImageOfPage\":{\"@id\":\"https:\/\/tiketi.com\/flying\/air-taxi\/lisbon\/#primaryimage\"},\"image\":{\"@id\":\"https:\/\/tiketi.com\/flying\/air-taxi\/lisbon\/#primaryimage\"},\"thumbnailUrl\":\"https:\/\/tiketi.com\/wp-content\/uploads\/2019\/05\/lisbon-2392754_1280.jpg\",\"datePublished\":\"2022-01-19T11:53:32+00:00\",\"dateModified\":\"2023-07-06T07:53:27+00:00\",\"description\":\"Looking for drone air taxi in Amsterdam online booking app, route, schedule & fare? Compare air taxis and book your cheap flying taxi in Amsterdam\",\"breadcrumb\":{\"@id\":\"https:\/\/tiketi.com\/flying\/air-taxi\/lisbon\/#breadcrumb\"},\"inLanguage\":\"fr-FR\",\"potentialAction\":[{\"@type\":\"ReadAction\",\"target\":[\"https:\/\/tiketi.com\/flying\/air-taxi\/lisbon\/\"]}]},{\"@type\":\"ImageObject\",\"inLanguage\":\"fr-FR\",\"@id\":\"https:\/\/tiketi.com\/flying\/air-taxi\/lisbon\/#primaryimage\",\"url\":\"https:\/\/tiketi.com\/wp-content\/uploads\/2019\/05\/lisbon-2392754_1280.jpg\",\"contentUrl\":\"https:\/\/tiketi.com\/wp-content\/uploads\/2019\/05\/lisbon-2392754_1280.jpg\",\"width\":1200,\"height\":200,\"caption\":\"Air Taxi in Lisbon Online Booking\"},{\"@type\":\"BreadcrumbList\",\"@id\":\"https:\/\/tiketi.com\/flying\/air-taxi\/lisbon\/#breadcrumb\",\"itemListElement\":[{\"@type\":\"ListItem\",\"position\":1,\"name\":\"Home\",\"item\":\"https:\/\/tiketi.com\/\"},{\"@type\":\"ListItem\",\"position\":2,\"name\":\"Flying\",\"item\":\"https:\/\/tiketi.com\/fr-fr\/volants\/\"},{\"@type\":\"ListItem\",\"position\":3,\"name\":\"Air Taxi\",\"item\":\"https:\/\/tiketi.com\/flying\/air-taxi\/\"},{\"@type\":\"ListItem\",\"position\":4,\"name\":\"Air Taxi in Lisbon Online Booking App &#8211; Electric Flying Taxis\"}]},{\"@type\":\"WebSite\",\"@id\":\"https:\/\/tiketi.com\/#website\",\"url\":\"https:\/\/tiketi.com\/\",\"name\":\"Flight & Bus Tickets, Tour Packages & Activitites - Tiketi.com\",\"description\":\"Flight &amp; Bus Tickets, Tours, Activitites\",\"publisher\":{\"@id\":\"https:\/\/tiketi.com\/#organization\"},\"potentialAction\":[{\"@type\":\"SearchAction\",\"target\":{\"@type\":\"EntryPoint\",\"urlTemplate\":\"https:\/\/tiketi.com\/?s={search_term_string}\"},\"query-input\":{\"@type\":\"PropertyValueSpecification\",\"valueRequired\":true,\"valueName\":\"search_term_string\"}}],\"inLanguage\":\"fr-FR\"},{\"@type\":\"Organization\",\"@id\":\"https:\/\/tiketi.com\/#organization\",\"name\":\"Tiketi.com\",\"alternateName\":\"Tiketi\",\"url\":\"https:\/\/tiketi.com\/\",\"logo\":{\"@type\":\"ImageObject\",\"inLanguage\":\"fr-FR\",\"@id\":\"https:\/\/tiketi.com\/#\/schema\/logo\/image\/\",\"url\":\"https:\/\/tiketi.com\/wp-content\/uploads\/2019\/05\/tiketi-logo-696.png\",\"contentUrl\":\"https:\/\/tiketi.com\/wp-content\/uploads\/2019\/05\/tiketi-logo-696.png\",\"width\":696,\"height\":696,\"caption\":\"Tiketi.com\"},\"image\":{\"@id\":\"https:\/\/tiketi.com\/#\/schema\/logo\/image\/\"},\"sameAs\":[\"https:\/\/www.facebook.com\/TiketiCom\/\"]}]}<\/script>\n<!-- \/ Yoast SEO plugin. -->","yoast_head_json":{"title":"Taxi a\u00e9rien \u00e0 Lisbonne Application de r\u00e9servation en ligne - Taxis volants \u00e9lectriques","description":"Vous recherchez une application de r\u00e9servation en ligne de taxi a\u00e9rien drone \u00e0 Amsterdam, un itin\u00e9raire, un horaire et un tarif\u00a0? Comparez les taxis a\u00e9riens et r\u00e9servez votre taxi volant pas cher \u00e0 Amsterdam","robots":{"index":"index","follow":"follow","max-snippet":"max-snippet:-1","max-image-preview":"max-image-preview:large","max-video-preview":"max-video-preview:-1"},"canonical":"https:\/\/tiketi.com\/fr-fr\/volants\/taxi-aerien\/lisbon\/","og_locale":"fr_FR","og_type":"article","og_title":"Air Taxi in Lisbon Online Booking App - Electric Flying Taxis","og_description":"Looking for drone air taxi in Amsterdam online booking app, route, schedule & fare? Compare air taxis and book your cheap flying taxi in Amsterdam","og_url":"https:\/\/tiketi.com\/fr-fr\/volants\/taxi-aerien\/lisbon\/","og_site_name":"Tiketi.com","article_publisher":"https:\/\/www.facebook.com\/TiketiCom\/","article_modified_time":"2023-07-06T07:53:27+00:00","og_image":[{"width":1200,"height":200,"url":"https:\/\/tiketi.com\/wp-content\/uploads\/2019\/05\/lisbon-2392754_1280.jpg","type":"image\/jpeg"}],"twitter_card":"summary_large_image","twitter_misc":{"Dur\u00e9e de lecture estim\u00e9e":"3 minutes"},"schema":{"@context":"https:\/\/schema.org","@graph":[{"@type":"WebPage","@id":"https:\/\/tiketi.com\/flying\/air-taxi\/lisbon\/","url":"https:\/\/tiketi.com\/flying\/air-taxi\/lisbon\/","name":"Taxi a\u00e9rien \u00e0 Lisbonne Application de r\u00e9servation en ligne - Taxis volants \u00e9lectriques","isPartOf":{"@id":"https:\/\/tiketi.com\/#website"},"primaryImageOfPage":{"@id":"https:\/\/tiketi.com\/flying\/air-taxi\/lisbon\/#primaryimage"},"image":{"@id":"https:\/\/tiketi.com\/flying\/air-taxi\/lisbon\/#primaryimage"},"thumbnailUrl":"https:\/\/tiketi.com\/wp-content\/uploads\/2019\/05\/lisbon-2392754_1280.jpg","datePublished":"2022-01-19T11:53:32+00:00","dateModified":"2023-07-06T07:53:27+00:00","description":"Vous recherchez une application de r\u00e9servation en ligne de taxi a\u00e9rien drone \u00e0 Amsterdam, un itin\u00e9raire, un horaire et un tarif\u00a0? Comparez les taxis a\u00e9riens et r\u00e9servez votre taxi volant pas cher \u00e0 Amsterdam","breadcrumb":{"@id":"https:\/\/tiketi.com\/flying\/air-taxi\/lisbon\/#breadcrumb"},"inLanguage":"fr-FR","potentialAction":[{"@type":"ReadAction","target":["https:\/\/tiketi.com\/flying\/air-taxi\/lisbon\/"]}]},{"@type":"ImageObject","inLanguage":"fr-FR","@id":"https:\/\/tiketi.com\/flying\/air-taxi\/lisbon\/#primaryimage","url":"https:\/\/tiketi.com\/wp-content\/uploads\/2019\/05\/lisbon-2392754_1280.jpg","contentUrl":"https:\/\/tiketi.com\/wp-content\/uploads\/2019\/05\/lisbon-2392754_1280.jpg","width":1200,"height":200,"caption":"Air Taxi in Lisbon Online Booking"},{"@type":"BreadcrumbList","@id":"https:\/\/tiketi.com\/flying\/air-taxi\/lisbon\/#breadcrumb","itemListElement":[{"@type":"ListItem","position":1,"name":"Home","item":"https:\/\/tiketi.com\/"},{"@type":"ListItem","position":2,"name":"Flying","item":"https:\/\/tiketi.com\/fr-fr\/volants\/"},{"@type":"ListItem","position":3,"name":"Air Taxi","item":"https:\/\/tiketi.com\/flying\/air-taxi\/"},{"@type":"ListItem","position":4,"name":"Air Taxi in Lisbon Online Booking App &#8211; Electric Flying Taxis"}]},{"@type":"WebSite","@id":"https:\/\/tiketi.com\/#website","url":"https:\/\/tiketi.com\/","name":"Billets d&#039;avion et de bus, forfaits touristiques et activit\u00e9s - Tiketi.com","description":"Billets d&#039;avion et de bus, Tours, Activit\u00e9s","publisher":{"@id":"https:\/\/tiketi.com\/#organization"},"potentialAction":[{"@type":"SearchAction","target":{"@type":"EntryPoint","urlTemplate":"https:\/\/tiketi.com\/?s={search_term_string}"},"query-input":{"@type":"PropertyValueSpecification","valueRequired":true,"valueName":"search_term_string"}}],"inLanguage":"fr-FR"},{"@type":"Organization","@id":"https:\/\/tiketi.com\/#organization","name":"Tiketi.com","alternateName":"Tiketi","url":"https:\/\/tiketi.com\/","logo":{"@type":"ImageObject","inLanguage":"fr-FR","@id":"https:\/\/tiketi.com\/#\/schema\/logo\/image\/","url":"https:\/\/tiketi.com\/wp-content\/uploads\/2019\/05\/tiketi-logo-696.png","contentUrl":"https:\/\/tiketi.com\/wp-content\/uploads\/2019\/05\/tiketi-logo-696.png","width":696,"height":696,"caption":"Tiketi.com"},"image":{"@id":"https:\/\/tiketi.com\/#\/schema\/logo\/image\/"},"sameAs":["https:\/\/www.facebook.com\/TiketiCom\/"]}]}},"_links":{"self":[{"href":"https:\/\/tiketi.com\/fr-fr\/wp-json\/wp\/v2\/pages\/10510","targetHints":{"allow":["GET"]}}],"collection":[{"href":"https:\/\/tiketi.com\/fr-fr\/wp-json\/wp\/v2\/pages"}],"about":[{"href":"https:\/\/tiketi.com\/fr-fr\/wp-json\/wp\/v2\/types\/page"}],"author":[{"embeddable":true,"href":"https:\/\/tiketi.com\/fr-fr\/wp-json\/wp\/v2\/users\/1"}],"replies":[{"embeddable":true,"href":"https:\/\/tiketi.com\/fr-fr\/wp-json\/wp\/v2\/comments?post=10510"}],"version-history":[{"count":0,"href":"https:\/\/tiketi.com\/fr-fr\/wp-json\/wp\/v2\/pages\/10510\/revisions"}],"up":[{"embeddable":true,"href":"https:\/\/tiketi.com\/fr-fr\/wp-json\/wp\/v2\/pages\/25621"}],"wp:featuredmedia":[{"embeddable":true,"href":"https:\/\/tiketi.com\/fr-fr\/wp-json\/wp\/v2\/media\/20335"}],"wp:attachment":[{"href":"https:\/\/tiketi.com\/fr-fr\/wp-json\/wp\/v2\/media?parent=10510"}],"curies":[{"name":"wp","href":"https:\/\/api.w.org\/{rel}","templated":true}]}}