{"id":10514,"date":"2022-01-19T12:53:28","date_gmt":"2022-01-19T11:53:28","guid":{"rendered":"https:\/\/new.tiketi.com\/stuttgart-air-taxi-booking-app-electric-flying-taxis\/"},"modified":"2025-07-18T17:30:39","modified_gmt":"2025-07-18T16:30:39","slug":"stuttgart","status":"publish","type":"page","link":"https:\/\/tiketi.com\/fr-fr\/volants\/taxi-aerien\/stuttgart\/","title":{"rendered":"Taxi a\u00e9rien \u00e0 Stuttgart R\u00e9servation en ligne \u2013 Taxis volants \u00e9lectriques"},"content":{"rendered":"<h2>Application de r\u00e9servation de taxi a\u00e9rien \u00e9lectrique \u00e0 Stuttgart<\/h2>\r\n<!-- \/wp:post-content -->\r\n\r\n<!-- wp:paragraph -->\r\n<p>Le service d&#039;application de r\u00e9servation en ligne de taxi a\u00e9rien \u00e9lectrique \u00e0 Stuttgart permettra aux utilisateurs de r\u00e9server un taxi volant \u00e9lectrique \u00e0 Stuttgart, qui sera bient\u00f4t lanc\u00e9 dans les grandes villes et les zones m\u00e9tropolitaines de Stuttgart. Les taxis a\u00e9riens \u00e0 Stuttgart permettent de voyager rapidement et \u00e0 bas prix dans le Bade-Wurtemberg. Stuttgart la capitale du Bade-Wurtemberg, la m\u00e9tropole dynamique de l&#039;industrie est la capitale automobile de l&#039;Allemagne qui est c\u00e9l\u00e8bre pour Mercedes Benz et la cuisine allemande typique, cette ville du sud-ouest de l&#039;Allemagne a aussi des endroits sympas, de la culture et de la gastronomie, des b\u00e2timents fantastiques de galeries d&#039;art \u00e0 la mode et mus\u00e9es. Comme pour tant d&#039;autres choses, vous pourrez faire \u00e0 tout moment et n&#039;importe o\u00f9 la r\u00e9servation d&#039;un taxi a\u00e9rien par drone \u00e0 Stuttgart pour votre vol en taxi a\u00e9rien \u00e9lectrique.<\/p>\r\n<!-- \/wp:paragraph -->\r\n\r\n<!-- wp:heading -->\r\n<h2>Here are some of the best advantages of electric flying\u00a0taxi in Stuttgart,\u00a0Baden-W\u00fcrttemberg<\/h2>\r\n<h3>Que sont les taxis volants \u00e9lectriques eVLTO \u00e0 Stuttgart ?<\/h3>\r\n<!-- \/wp:heading -->\r\n\r\n<!-- wp:paragraph -->\r\n<p>Le drone volant des taxis dans les avions de Stuttgart, appel\u00e9 eVTOL (d\u00e9collage et atterrissage verticaux \u00e9lectriques), a \u00e9t\u00e9 con\u00e7u pour transporter des personnes dans l&#039;atmosph\u00e8re urbaine et urbaine.<\/p>\r\n<!-- \/wp:paragraph -->\r\n\r\n<!-- wp:paragraph -->\r\n<p>L&#039;avion fonctionne avec des batteries \u00e9lectriques et peut transporter un pilote et 1 \u00e0 4 passagers.<\/p>\r\n<!-- \/wp:paragraph -->\r\n\r\n<!-- wp:paragraph -->\r\n<p>Il aura une autonomie de 200 km et une vitesse maximale de 110 mh.<\/p>\r\n<h3>Electric flying\u00a0taxi in Stuttgart are eco-friendly<\/h3>\r\n<!-- \/wp:paragraph -->\r\n\r\n<!-- wp:paragraph -->\r\n<p>Alors que les h\u00e9licopt\u00e8res, les jets et les avions utilisent du carburant pour voler, presque tous les drones actuellement en cours de d\u00e9veloppement utilisent l&#039;\u00e9lectricit\u00e9, ce qui les rend sans \u00e9missions et respectueux de l&#039;environnement. C&#039;est un meilleur choix dans une soci\u00e9t\u00e9 qui se tourne vers les technologies vertes.<\/p>\r\n<!-- \/wp:paragraph -->\r\n\r\n<!-- wp:paragraph -->\r\n<p>Quoi qu&#039;il en soit, l&#039;id\u00e9e de navettes de drones amenant les visiteurs d&#039;un point A \u00e0 un point B n&#039;est plus le fruit de notre imagination gr\u00e2ce aux taxis a\u00e9riens de l&#039;application Stuttgart.<\/p>\r\n<h3>Quelle est la vitesse des taxis a\u00e9riens \u00e9lectriques \u00e0 Stuttgart, dans le Queensland\u00a0?<\/h3>\r\n<!-- \/wp:paragraph -->\r\n\r\n<!-- wp:paragraph -->\r\n<p>L&#039;avion Archers eVTOL, nomm\u00e9 Maker, sera capable de parcourir une distance allant jusqu&#039;\u00e0 soixante miles \u00e0 des vitesses proches de 150 mph. en plus de soulager les embouteillages au sol, l&#039;engin motoris\u00e9 ne g\u00e9n\u00e9rera aucune \u00e9mission et aura une empreinte sonore de seulement 45 dba, se fondant dans les sons des quartiers r\u00e9sidentiels.<\/p>\r\n<h3>How much will an electric flying\u00a0taxis in Stuttgart cost?<\/h3>\r\n<!-- \/wp:paragraph -->\r\n\r\n<!-- wp:paragraph -->\r\n<p>Dans un premier temps, les drones taxis a\u00e9riens \u00e0 Stuttgart co\u00fbteront environ $5,73 par passager-mile. Le co\u00fbt chutera ensuite \u00e0 $1,85 par mile passager avant d&#039;atteindre finalement le taux incroyable du client de $0,44 par mile. Vous pouvez facilement r\u00e9server un taxi a\u00e9rien via des taxis volants \u00e9lectriques dans l&#039;application Stuttgart.<\/p>\r\n<h2>Avantages de l&#039;application de r\u00e9servation de taxi a\u00e9rien \u00e9lectrique de Stuttgart<\/h2>\r\n<!-- \/wp:paragraph -->\r\n\r\n<!-- wp:paragraph -->\r\n<p>Parmi ses autres avantages, la r\u00e9servation en ligne de taxi drone \u00e0 Stuttgart pourrait fournir un boom \u00e9conomique en augmentant le nombre de personnes se dirigeant vers des lieux de loisirs et de tourisme qui ne sont pas \u00e0 proximit\u00e9 des grands a\u00e9roports.<\/p>\r\n<!-- \/wp:paragraph -->\r\n\r\n<!-- wp:heading {\"level\":3} -->\r\n<h3>L&#039;application de r\u00e9servation en ligne de taxi a\u00e9rien drone \u00e0 Stuttgart serait-elle utilis\u00e9e pour r\u00e9server un vol en taxi a\u00e9rien \u00e9lectrique\u00a0?<\/h3>\r\n<!-- \/wp:heading -->\r\n\r\n<!-- wp:paragraph -->\r\n<p>Oui, les clients peuvent utiliser de mani\u00e8re transparente l&#039;application de r\u00e9servation de taxi a\u00e9rien \u00e9lectrique en ligne de Stuttgart pour trouver le meilleur itin\u00e9raire et r\u00e9server un taxi volant avec drone \u00e0 Stuttgart \u00e0 tout moment et n&#039;importe o\u00f9.<\/p>","protected":false},"excerpt":{"rendered":"<p>Electric Stuttgart air taxi booking app Electric air taxi in Stuttgart online booking app service will enable users to book electric flying taxi in Stuttgart, launching in major cities and metropolitan areas in Stuttgart soon. Air taxis in Stuttgart makes possible to travel cheap and fast in Baden-W\u00fcrttemberg. Stuttgart the capital of Baden &#8211; W\u00fcrttemberg, [&hellip;]<\/p>\n","protected":false},"author":1,"featured_media":17139,"parent":25621,"menu_order":0,"comment_status":"open","ping_status":"closed","template":"template-home-modern.php","meta":{"footnotes":""},"class_list":["post-10514","page","type-page","status-publish","has-post-thumbnail","hentry"],"yoast_head":"<!-- This site is optimized with the Yoast SEO plugin v27.3 - https:\/\/yoast.com\/product\/yoast-seo-wordpress\/ -->\n<title>Air Taxi in Stuttgart Online Booking - Electric Flying Taxis<\/title>\n<meta name=\"description\" content=\"Looking for drone air taxi in Stuttgart online booking app, route, schedule &amp; fare? Compare air taxis and book your cheap flying taxi in Stuttgart\" \/>\n<meta name=\"robots\" content=\"index, follow, max-snippet:-1, max-image-preview:large, max-video-preview:-1\" \/>\n<link rel=\"canonical\" href=\"https:\/\/tiketi.com\/fr-fr\/volants\/taxi-aerien\/stuttgart\/\" \/>\n<meta property=\"og:locale\" content=\"fr_FR\" \/>\n<meta property=\"og:type\" content=\"article\" \/>\n<meta property=\"og:title\" content=\"Air Taxi in Stuttgart Online Booking - Electric Flying Taxis\" \/>\n<meta property=\"og:description\" content=\"Looking for drone air taxi in Stuttgart online booking app, route, schedule &amp; fare? Compare air taxis and book your cheap flying taxi in Stuttgart\" \/>\n<meta property=\"og:url\" content=\"https:\/\/tiketi.com\/fr-fr\/volants\/taxi-aerien\/stuttgart\/\" \/>\n<meta property=\"og:site_name\" content=\"Tiketi.com\" \/>\n<meta property=\"article:publisher\" content=\"https:\/\/www.facebook.com\/TiketiCom\/\" \/>\n<meta property=\"article:modified_time\" content=\"2025-07-18T16:30:39+00:00\" \/>\n<meta property=\"og:image\" content=\"https:\/\/tiketi.com\/wp-content\/uploads\/2022\/02\/stuttgart-2109990_1280.jpg\" \/>\n\t<meta property=\"og:image:width\" content=\"1280\" \/>\n\t<meta property=\"og:image:height\" content=\"204\" \/>\n\t<meta property=\"og:image:type\" content=\"image\/jpeg\" \/>\n<meta name=\"twitter:card\" content=\"summary_large_image\" \/>\n<meta name=\"twitter:label1\" content=\"Dur\u00e9e de lecture estim\u00e9e\" \/>\n\t<meta name=\"twitter:data1\" content=\"3 minutes\" \/>\n<script type=\"application\/ld+json\" class=\"yoast-schema-graph\">{\"@context\":\"https:\\\/\\\/schema.org\",\"@graph\":[{\"@type\":\"WebPage\",\"@id\":\"https:\\\/\\\/tiketi.com\\\/flying\\\/air-taxi\\\/stuttgart\\\/\",\"url\":\"https:\\\/\\\/tiketi.com\\\/flying\\\/air-taxi\\\/stuttgart\\\/\",\"name\":\"Air Taxi in Stuttgart Online Booking - Electric Flying Taxis\",\"isPartOf\":{\"@id\":\"https:\\\/\\\/tiketi.com\\\/#website\"},\"primaryImageOfPage\":{\"@id\":\"https:\\\/\\\/tiketi.com\\\/flying\\\/air-taxi\\\/stuttgart\\\/#primaryimage\"},\"image\":{\"@id\":\"https:\\\/\\\/tiketi.com\\\/flying\\\/air-taxi\\\/stuttgart\\\/#primaryimage\"},\"thumbnailUrl\":\"https:\\\/\\\/tiketi.com\\\/wp-content\\\/uploads\\\/2022\\\/02\\\/stuttgart-2109990_1280.jpg\",\"datePublished\":\"2022-01-19T11:53:28+00:00\",\"dateModified\":\"2025-07-18T16:30:39+00:00\",\"description\":\"Looking for drone air taxi in Stuttgart online booking app, route, schedule & fare? Compare air taxis and book your cheap flying taxi in Stuttgart\",\"breadcrumb\":{\"@id\":\"https:\\\/\\\/tiketi.com\\\/flying\\\/air-taxi\\\/stuttgart\\\/#breadcrumb\"},\"inLanguage\":\"fr-FR\",\"potentialAction\":[{\"@type\":\"ReadAction\",\"target\":[\"https:\\\/\\\/tiketi.com\\\/flying\\\/air-taxi\\\/stuttgart\\\/\"]}]},{\"@type\":\"ImageObject\",\"inLanguage\":\"fr-FR\",\"@id\":\"https:\\\/\\\/tiketi.com\\\/flying\\\/air-taxi\\\/stuttgart\\\/#primaryimage\",\"url\":\"https:\\\/\\\/tiketi.com\\\/wp-content\\\/uploads\\\/2022\\\/02\\\/stuttgart-2109990_1280.jpg\",\"contentUrl\":\"https:\\\/\\\/tiketi.com\\\/wp-content\\\/uploads\\\/2022\\\/02\\\/stuttgart-2109990_1280.jpg\",\"width\":1280,\"height\":204,\"caption\":\"Air Taxi in Stuttgart\"},{\"@type\":\"BreadcrumbList\",\"@id\":\"https:\\\/\\\/tiketi.com\\\/flying\\\/air-taxi\\\/stuttgart\\\/#breadcrumb\",\"itemListElement\":[{\"@type\":\"ListItem\",\"position\":1,\"name\":\"Home\",\"item\":\"https:\\\/\\\/tiketi.com\\\/\"},{\"@type\":\"ListItem\",\"position\":2,\"name\":\"Flying\",\"item\":\"https:\\\/\\\/tiketi.com\\\/fr-fr\\\/volants\\\/\"},{\"@type\":\"ListItem\",\"position\":3,\"name\":\"Air Taxi\",\"item\":\"https:\\\/\\\/tiketi.com\\\/flying\\\/air-taxi\\\/\"},{\"@type\":\"ListItem\",\"position\":4,\"name\":\"Air Taxi in Stuttgart Online Booking &#8211; Electric Flying Taxis\"}]},{\"@type\":\"WebSite\",\"@id\":\"https:\\\/\\\/tiketi.com\\\/#website\",\"url\":\"https:\\\/\\\/tiketi.com\\\/\",\"name\":\"Flight & Bus Tickets, Tour Packages & Activitites - Tiketi.com\",\"description\":\"Flight &amp; Bus Tickets, Tours, Activitites\",\"publisher\":{\"@id\":\"https:\\\/\\\/tiketi.com\\\/#organization\"},\"potentialAction\":[{\"@type\":\"SearchAction\",\"target\":{\"@type\":\"EntryPoint\",\"urlTemplate\":\"https:\\\/\\\/tiketi.com\\\/?s={search_term_string}\"},\"query-input\":{\"@type\":\"PropertyValueSpecification\",\"valueRequired\":true,\"valueName\":\"search_term_string\"}}],\"inLanguage\":\"fr-FR\"},{\"@type\":\"Organization\",\"@id\":\"https:\\\/\\\/tiketi.com\\\/#organization\",\"name\":\"Tiketi.com\",\"alternateName\":\"Tiketi\",\"url\":\"https:\\\/\\\/tiketi.com\\\/\",\"logo\":{\"@type\":\"ImageObject\",\"inLanguage\":\"fr-FR\",\"@id\":\"https:\\\/\\\/tiketi.com\\\/#\\\/schema\\\/logo\\\/image\\\/\",\"url\":\"https:\\\/\\\/tiketi.com\\\/wp-content\\\/uploads\\\/2019\\\/05\\\/tiketi-logo-696.png\",\"contentUrl\":\"https:\\\/\\\/tiketi.com\\\/wp-content\\\/uploads\\\/2019\\\/05\\\/tiketi-logo-696.png\",\"width\":696,\"height\":696,\"caption\":\"Tiketi.com\"},\"image\":{\"@id\":\"https:\\\/\\\/tiketi.com\\\/#\\\/schema\\\/logo\\\/image\\\/\"},\"sameAs\":[\"https:\\\/\\\/www.facebook.com\\\/TiketiCom\\\/\"]}]}<\/script>\n<!-- \/ Yoast SEO plugin. -->","yoast_head_json":{"title":"Taxi a\u00e9rien \u00e0 Stuttgart R\u00e9servation en ligne - Taxis volants \u00e9lectriques","description":"Vous recherchez une application de r\u00e9servation en ligne de taxi a\u00e9rien drone \u00e0 Stuttgart, un itin\u00e9raire, un horaire et un tarif\u00a0? Comparez les taxis a\u00e9riens et r\u00e9servez votre taxi volant pas cher \u00e0 Stuttgart","robots":{"index":"index","follow":"follow","max-snippet":"max-snippet:-1","max-image-preview":"max-image-preview:large","max-video-preview":"max-video-preview:-1"},"canonical":"https:\/\/tiketi.com\/fr-fr\/volants\/taxi-aerien\/stuttgart\/","og_locale":"fr_FR","og_type":"article","og_title":"Air Taxi in Stuttgart Online Booking - Electric Flying Taxis","og_description":"Looking for drone air taxi in Stuttgart online booking app, route, schedule & fare? Compare air taxis and book your cheap flying taxi in Stuttgart","og_url":"https:\/\/tiketi.com\/fr-fr\/volants\/taxi-aerien\/stuttgart\/","og_site_name":"Tiketi.com","article_publisher":"https:\/\/www.facebook.com\/TiketiCom\/","article_modified_time":"2025-07-18T16:30:39+00:00","og_image":[{"width":1280,"height":204,"url":"https:\/\/tiketi.com\/wp-content\/uploads\/2022\/02\/stuttgart-2109990_1280.jpg","type":"image\/jpeg"}],"twitter_card":"summary_large_image","twitter_misc":{"Dur\u00e9e de lecture estim\u00e9e":"3 minutes"},"schema":{"@context":"https:\/\/schema.org","@graph":[{"@type":"WebPage","@id":"https:\/\/tiketi.com\/flying\/air-taxi\/stuttgart\/","url":"https:\/\/tiketi.com\/flying\/air-taxi\/stuttgart\/","name":"Taxi a\u00e9rien \u00e0 Stuttgart R\u00e9servation en ligne - Taxis volants \u00e9lectriques","isPartOf":{"@id":"https:\/\/tiketi.com\/#website"},"primaryImageOfPage":{"@id":"https:\/\/tiketi.com\/flying\/air-taxi\/stuttgart\/#primaryimage"},"image":{"@id":"https:\/\/tiketi.com\/flying\/air-taxi\/stuttgart\/#primaryimage"},"thumbnailUrl":"https:\/\/tiketi.com\/wp-content\/uploads\/2022\/02\/stuttgart-2109990_1280.jpg","datePublished":"2022-01-19T11:53:28+00:00","dateModified":"2025-07-18T16:30:39+00:00","description":"Vous recherchez une application de r\u00e9servation en ligne de taxi a\u00e9rien drone \u00e0 Stuttgart, un itin\u00e9raire, un horaire et un tarif\u00a0? Comparez les taxis a\u00e9riens et r\u00e9servez votre taxi volant pas cher \u00e0 Stuttgart","breadcrumb":{"@id":"https:\/\/tiketi.com\/flying\/air-taxi\/stuttgart\/#breadcrumb"},"inLanguage":"fr-FR","potentialAction":[{"@type":"ReadAction","target":["https:\/\/tiketi.com\/flying\/air-taxi\/stuttgart\/"]}]},{"@type":"ImageObject","inLanguage":"fr-FR","@id":"https:\/\/tiketi.com\/flying\/air-taxi\/stuttgart\/#primaryimage","url":"https:\/\/tiketi.com\/wp-content\/uploads\/2022\/02\/stuttgart-2109990_1280.jpg","contentUrl":"https:\/\/tiketi.com\/wp-content\/uploads\/2022\/02\/stuttgart-2109990_1280.jpg","width":1280,"height":204,"caption":"Air Taxi in Stuttgart"},{"@type":"BreadcrumbList","@id":"https:\/\/tiketi.com\/flying\/air-taxi\/stuttgart\/#breadcrumb","itemListElement":[{"@type":"ListItem","position":1,"name":"Home","item":"https:\/\/tiketi.com\/"},{"@type":"ListItem","position":2,"name":"Flying","item":"https:\/\/tiketi.com\/fr-fr\/volants\/"},{"@type":"ListItem","position":3,"name":"Air Taxi","item":"https:\/\/tiketi.com\/flying\/air-taxi\/"},{"@type":"ListItem","position":4,"name":"Air Taxi in Stuttgart Online Booking &#8211; Electric Flying Taxis"}]},{"@type":"WebSite","@id":"https:\/\/tiketi.com\/#website","url":"https:\/\/tiketi.com\/","name":"Billets d&#039;avion et de bus, forfaits touristiques et activit\u00e9s - Tiketi.com","description":"Billets d&#039;avion et de bus, Tours, Activit\u00e9s","publisher":{"@id":"https:\/\/tiketi.com\/#organization"},"potentialAction":[{"@type":"SearchAction","target":{"@type":"EntryPoint","urlTemplate":"https:\/\/tiketi.com\/?s={search_term_string}"},"query-input":{"@type":"PropertyValueSpecification","valueRequired":true,"valueName":"search_term_string"}}],"inLanguage":"fr-FR"},{"@type":"Organization","@id":"https:\/\/tiketi.com\/#organization","name":"Tiketi.com","alternateName":"Tiketi","url":"https:\/\/tiketi.com\/","logo":{"@type":"ImageObject","inLanguage":"fr-FR","@id":"https:\/\/tiketi.com\/#\/schema\/logo\/image\/","url":"https:\/\/tiketi.com\/wp-content\/uploads\/2019\/05\/tiketi-logo-696.png","contentUrl":"https:\/\/tiketi.com\/wp-content\/uploads\/2019\/05\/tiketi-logo-696.png","width":696,"height":696,"caption":"Tiketi.com"},"image":{"@id":"https:\/\/tiketi.com\/#\/schema\/logo\/image\/"},"sameAs":["https:\/\/www.facebook.com\/TiketiCom\/"]}]}},"_links":{"self":[{"href":"https:\/\/tiketi.com\/fr-fr\/wp-json\/wp\/v2\/pages\/10514","targetHints":{"allow":["GET"]}}],"collection":[{"href":"https:\/\/tiketi.com\/fr-fr\/wp-json\/wp\/v2\/pages"}],"about":[{"href":"https:\/\/tiketi.com\/fr-fr\/wp-json\/wp\/v2\/types\/page"}],"author":[{"embeddable":true,"href":"https:\/\/tiketi.com\/fr-fr\/wp-json\/wp\/v2\/users\/1"}],"replies":[{"embeddable":true,"href":"https:\/\/tiketi.com\/fr-fr\/wp-json\/wp\/v2\/comments?post=10514"}],"version-history":[{"count":1,"href":"https:\/\/tiketi.com\/fr-fr\/wp-json\/wp\/v2\/pages\/10514\/revisions"}],"predecessor-version":[{"id":31989,"href":"https:\/\/tiketi.com\/fr-fr\/wp-json\/wp\/v2\/pages\/10514\/revisions\/31989"}],"up":[{"embeddable":true,"href":"https:\/\/tiketi.com\/fr-fr\/wp-json\/wp\/v2\/pages\/25621"}],"wp:featuredmedia":[{"embeddable":true,"href":"https:\/\/tiketi.com\/fr-fr\/wp-json\/wp\/v2\/media\/17139"}],"wp:attachment":[{"href":"https:\/\/tiketi.com\/fr-fr\/wp-json\/wp\/v2\/media?parent=10514"}],"curies":[{"name":"wp","href":"https:\/\/api.w.org\/{rel}","templated":true}]}}