{"id":10515,"date":"2022-01-19T12:53:28","date_gmt":"2022-01-19T11:53:28","guid":{"rendered":"https:\/\/new.tiketi.com\/helsinki-air-taxi-booking-app-electric-flying-taxis\/"},"modified":"2022-11-21T13:20:39","modified_gmt":"2022-11-21T12:20:39","slug":"helsinki","status":"publish","type":"page","link":"https:\/\/tiketi.com\/fr-fr\/volants\/taxi-aerien\/helsinki\/","title":{"rendered":"Taxi a\u00e9rien \u00e0 Helsinki R\u00e9servation - Itin\u00e9raires de vol, horaires et tarifs"},"content":{"rendered":"<h2>Application de r\u00e9servation de taxi a\u00e9rien pas cher \u00e0 Helsinki<\/h2>\n<!-- \/wp:post-content -->\n\n<!-- wp:paragraph -->\n\nLe service d&#039;application de r\u00e9servation en ligne de taxi a\u00e9rien \u00e9lectrique \u00e0 Helsinki permettra aux utilisateurs de r\u00e9server un taxi volant \u00e9lectrique \u00e0 Helsinki, qui sera bient\u00f4t lanc\u00e9 dans les grandes villes et les zones m\u00e9tropolitaines d&#039;Helsinki. Les taxis a\u00e9riens autonomes \u00e0 Helsinki permettent de voyager rapidement et \u00e0 bas prix en Finlande. La capitale baln\u00e9aire de la Finlande est aussi la plus grande ville du pays. La ville dynamique et moderne offre une architecture spectaculaire, de la nourriture, de l&#039;histoire, de superbes vues sur l&#039;eau avec de nombreux parcs et jardins ouverts et quelques beaux b\u00e2timents n\u00e9o-classiques. La cath\u00e9drale Uspenski est l&#039;une des attractions d&#039;Helsinki \u00e0 ne pas manquer. Comme pour tant d&#039;autres choses, vous pourrez faire \u00e0 tout moment et n&#039;importe o\u00f9 la r\u00e9servation en ligne d&#039;un taxi a\u00e9rien \u00e0 Helsinki par drone pour votre vol en taxi a\u00e9rien \u00e9lectrique.\n\n<!-- \/wp:paragraph -->\n\n<!-- wp:paragraph \/-->\n\n<!-- wp:heading -->\n<h2>Here are some of the advantages of electric flying taxi in Helsinki,\u00a0Finland<\/h2>\n<!-- \/wp:heading -->\n\n<!-- wp:heading {\"level\":3} -->\n<h3>Les taxis a\u00e9riens \u00e9lectriques \u00e0 Helsinki sont un moyen de transport pratique<\/h3>\n<!-- \/wp:heading -->\n\n<!-- wp:paragraph -->\n\nLes ing\u00e9nieurs sont actuellement confront\u00e9s au d\u00e9fi de r\u00e9pondre \u00e0 une demande croissante pour un transport parfait, tout en r\u00e9duisant les \u00e9missions de carbone et la congestion.\n\n<!-- \/wp:paragraph -->\n\n<!-- wp:paragraph -->\n\nWhile electric vehicles and automated driving may achieve some of the goals in terms of decreasing carbon emissions, they would contribute to the congestion issue. Research trust that electric\u00a0flying taxis in Helsinki could provide a solution, in the type of a piloted ride-share taxi service.\n\n<!-- \/wp:paragraph -->\n\n<!-- wp:heading {\"level\":3} -->\n<h3>Les taxis a\u00e9riens \u00e9lectriques \u00e0 Helsinki sont les meilleurs pour les vols court-courriers<\/h3>\n<!-- \/wp:heading -->\n\n<!-- wp:paragraph -->\n\nL&#039;opinion accept\u00e9e est que les avions \u00e9lectriques ne seront viables que pour les vols court-courriers. C&#039;est la densit\u00e9 de puissance qui compte, mesur\u00e9e en watts-heure par kilogramme. \u00c0 l&#039;heure actuelle, les meilleures batteries offrent environ 250 Wh\/kg, une simple ombre de carbur\u00e9acteur et l&#039;essence 12 000 Wh\/kg. les batteries pourraient grimper jusqu&#039;\u00e0 800 Wh kg d&#039;ici le milieu du si\u00e8cle, portant la port\u00e9e r\u00e9alisable \u00e0 sept cents milles - la moiti\u00e9 des vols internationaux se situent \u00e0 cette distance. Mais sans une cr\u00e9ation plus spectaculaire dans la technologie des batteries, le carburant liquide et le biocarburant issus de la capture a\u00e9rienne du CO2 devront probablement jouer un r\u00f4le important dans les voyages a\u00e9riens long-courriers via des taxis volants \u00e0 drones \u00e0 Helsinki.\n\n<!-- \/wp:paragraph -->\n\n<!-- wp:heading {\"level\":3} -->\n<h3>Electric\u00a0flying taxi in Helsinki latest technology<\/h3>\n<!-- \/wp:heading -->\n\n<!-- wp:paragraph -->\n\nThe study looks at a range of up to approximately 200km and here electric\u00a0flying taxi\u00a0in Helsinki would do well. But while jet-fuelled planes can lose as much as seventy-percent of their weight during flight.\n\n<!-- \/wp:paragraph -->\n\n<!-- wp:heading {\"level\":3} -->\n<h3>Autonomous flying taxis in Helsinki reduce\u00a0emissions<\/h3>\n<!-- \/wp:heading -->\n\n<!-- wp:paragraph -->\n\nDes drones taxis a\u00e9riens VTOL enti\u00e8rement charg\u00e9s \u00e0 Helsinki avec un chauffeur et 3 passagers g\u00e9n\u00e9reraient moins de gaz \u00e0 effet de serre qu&#039;une voiture ordinaire, qui transporte en moyenne 1,54 personnes. L&#039;\u00e9tude a r\u00e9v\u00e9l\u00e9 qu&#039;ils g\u00e9n\u00e9raient 52 % d&#039;\u00e9missions en moins que les v\u00e9hicules \u00e0 essence et 6 % en moins que les voitures \u00e9lectriques.\n<h3>How much will an electric flying\u00a0taxis in Helsinki cost?<\/h3>\n<!-- \/wp:paragraph -->\n\n<!-- wp:paragraph -->\n\nDans un premier temps, les drones taxis a\u00e9riens \u00e0 Helsinki co\u00fbteront environ $5,73 par passager-mile. Le prix du taxi drone \u00e0 Helsinki chutera ensuite \u00e0 $1,85 par mile passager avant de finalement atteindre le tarif incroyable du client de $0,44 par mile. Vous pouvez facilement r\u00e9server un taxi a\u00e9rien via des taxis volants \u00e9lectriques dans l&#039;application Helsinki.\n\n<!-- \/wp:paragraph -->\n\n<!-- wp:heading -->\n<h2>Avantages de l&#039;application de r\u00e9servation de taxi a\u00e9rien \u00e9lectrique \u00e0 Helsinki<\/h2>\n<!-- \/wp:heading -->\n\n<!-- wp:paragraph -->\n\nParmi ses autres avantages, la r\u00e9servation en ligne de taxi drone \u00e0 Helsinki pourrait fournir un boom \u00e9conomique en augmentant le nombre de personnes se dirigeant vers des lieux de loisirs et de tourisme qui ne sont pas \u00e0 proximit\u00e9 des grands a\u00e9roports.\n\n<!-- \/wp:paragraph -->\n\n<!-- wp:heading {\"level\":3} -->\n<h3>Would drone air taxi\u00a0in\u00a0Helsinki online booking app be used to book a air taxi flight?<\/h3>\n<!-- \/wp:heading -->\n\n<!-- wp:paragraph -->\n\nOui, les clients peuvent utiliser de mani\u00e8re transparente l&#039;application de r\u00e9servation de taxi a\u00e9rien \u00e9lectrique Helsinki en ligne pour trouver le meilleur itin\u00e9raire et r\u00e9server un taxi volant avec drone \u00e0 Helsinki \u00e0 tout moment et n&#039;importe o\u00f9.","protected":false},"excerpt":{"rendered":"<p>Cheap Helsinki air taxi booking app Electric air taxi in Helsinki online booking app service will enable users to book electric flying taxi in Helsinki, launching in major cities and metropolitan areas in Helsinki soon. Autonomous air taxis in Helsinki makes possible to travel cheap and fast in Finland. Finland&#8217;s seaside capital is also the [&hellip;]<\/p>\n","protected":false},"author":1,"featured_media":19533,"parent":25621,"menu_order":0,"comment_status":"open","ping_status":"closed","template":"template-home-modern.php","meta":{"footnotes":""},"class_list":["post-10515","page","type-page","status-publish","has-post-thumbnail","hentry"],"yoast_head":"<!-- This site is optimized with the Yoast SEO plugin v27.3 - https:\/\/yoast.com\/product\/yoast-seo-wordpress\/ -->\n<title>Air Taxi in Helsinki Booking \u2013 Flying Routes, Schedule &amp; Fares<\/title>\n<meta name=\"description\" content=\"Looking for drone air taxi in Helsinki online booking app, routes, schedule &amp; fares? Compare air taxis and book your cheap flying taxi in Helsinki\" \/>\n<meta name=\"robots\" content=\"index, follow, max-snippet:-1, max-image-preview:large, max-video-preview:-1\" \/>\n<link rel=\"canonical\" href=\"https:\/\/tiketi.com\/fr-fr\/volants\/taxi-aerien\/helsinki\/\" \/>\n<meta property=\"og:locale\" content=\"fr_FR\" \/>\n<meta property=\"og:type\" content=\"article\" \/>\n<meta property=\"og:title\" content=\"Air Taxi in Helsinki Booking \u2013 Flying Routes, Schedule &amp; Fares\" \/>\n<meta property=\"og:description\" content=\"Looking for drone air taxi in Helsinki online booking app, routes, schedule &amp; fares? Compare air taxis and book your cheap flying taxi in Helsinki\" \/>\n<meta property=\"og:url\" content=\"https:\/\/tiketi.com\/fr-fr\/volants\/taxi-aerien\/helsinki\/\" \/>\n<meta property=\"og:site_name\" content=\"Tiketi.com\" \/>\n<meta property=\"article:publisher\" content=\"https:\/\/www.facebook.com\/TiketiCom\/\" \/>\n<meta property=\"article:modified_time\" content=\"2022-11-21T12:20:39+00:00\" \/>\n<meta property=\"og:image\" content=\"https:\/\/tiketi.com\/wp-content\/uploads\/2019\/05\/helsinki-2005916_1280.jpg\" \/>\n\t<meta property=\"og:image:width\" content=\"1200\" \/>\n\t<meta property=\"og:image:height\" content=\"200\" \/>\n\t<meta property=\"og:image:type\" content=\"image\/jpeg\" \/>\n<meta name=\"twitter:card\" content=\"summary_large_image\" \/>\n<meta name=\"twitter:label1\" content=\"Dur\u00e9e de lecture estim\u00e9e\" \/>\n\t<meta name=\"twitter:data1\" content=\"3 minutes\" \/>\n<script type=\"application\/ld+json\" class=\"yoast-schema-graph\">{\"@context\":\"https:\\\/\\\/schema.org\",\"@graph\":[{\"@type\":\"WebPage\",\"@id\":\"https:\\\/\\\/tiketi.com\\\/flying\\\/air-taxi\\\/helsinki\\\/\",\"url\":\"https:\\\/\\\/tiketi.com\\\/flying\\\/air-taxi\\\/helsinki\\\/\",\"name\":\"Air Taxi in Helsinki Booking \u2013 Flying Routes, Schedule & Fares\",\"isPartOf\":{\"@id\":\"https:\\\/\\\/tiketi.com\\\/#website\"},\"primaryImageOfPage\":{\"@id\":\"https:\\\/\\\/tiketi.com\\\/flying\\\/air-taxi\\\/helsinki\\\/#primaryimage\"},\"image\":{\"@id\":\"https:\\\/\\\/tiketi.com\\\/flying\\\/air-taxi\\\/helsinki\\\/#primaryimage\"},\"thumbnailUrl\":\"https:\\\/\\\/tiketi.com\\\/wp-content\\\/uploads\\\/2019\\\/05\\\/helsinki-2005916_1280.jpg\",\"datePublished\":\"2022-01-19T11:53:28+00:00\",\"dateModified\":\"2022-11-21T12:20:39+00:00\",\"description\":\"Looking for drone air taxi in Helsinki online booking app, routes, schedule & fares? Compare air taxis and book your cheap flying taxi in Helsinki\",\"breadcrumb\":{\"@id\":\"https:\\\/\\\/tiketi.com\\\/flying\\\/air-taxi\\\/helsinki\\\/#breadcrumb\"},\"inLanguage\":\"fr-FR\",\"potentialAction\":[{\"@type\":\"ReadAction\",\"target\":[\"https:\\\/\\\/tiketi.com\\\/flying\\\/air-taxi\\\/helsinki\\\/\"]}]},{\"@type\":\"ImageObject\",\"inLanguage\":\"fr-FR\",\"@id\":\"https:\\\/\\\/tiketi.com\\\/flying\\\/air-taxi\\\/helsinki\\\/#primaryimage\",\"url\":\"https:\\\/\\\/tiketi.com\\\/wp-content\\\/uploads\\\/2019\\\/05\\\/helsinki-2005916_1280.jpg\",\"contentUrl\":\"https:\\\/\\\/tiketi.com\\\/wp-content\\\/uploads\\\/2019\\\/05\\\/helsinki-2005916_1280.jpg\",\"width\":1200,\"height\":200,\"caption\":\"Air Taxi in Helsinki\"},{\"@type\":\"BreadcrumbList\",\"@id\":\"https:\\\/\\\/tiketi.com\\\/flying\\\/air-taxi\\\/helsinki\\\/#breadcrumb\",\"itemListElement\":[{\"@type\":\"ListItem\",\"position\":1,\"name\":\"Home\",\"item\":\"https:\\\/\\\/tiketi.com\\\/\"},{\"@type\":\"ListItem\",\"position\":2,\"name\":\"Flying\",\"item\":\"https:\\\/\\\/tiketi.com\\\/fr-fr\\\/volants\\\/\"},{\"@type\":\"ListItem\",\"position\":3,\"name\":\"Air Taxi\",\"item\":\"https:\\\/\\\/tiketi.com\\\/flying\\\/air-taxi\\\/\"},{\"@type\":\"ListItem\",\"position\":4,\"name\":\"Air Taxi in Helsinki\u00a0Booking \u2013 Flying Routes, Schedule &amp; Fares\"}]},{\"@type\":\"WebSite\",\"@id\":\"https:\\\/\\\/tiketi.com\\\/#website\",\"url\":\"https:\\\/\\\/tiketi.com\\\/\",\"name\":\"Flight & Bus Tickets, Tour Packages & Activitites - Tiketi.com\",\"description\":\"Flight &amp; Bus Tickets, Tours, Activitites\",\"publisher\":{\"@id\":\"https:\\\/\\\/tiketi.com\\\/#organization\"},\"potentialAction\":[{\"@type\":\"SearchAction\",\"target\":{\"@type\":\"EntryPoint\",\"urlTemplate\":\"https:\\\/\\\/tiketi.com\\\/?s={search_term_string}\"},\"query-input\":{\"@type\":\"PropertyValueSpecification\",\"valueRequired\":true,\"valueName\":\"search_term_string\"}}],\"inLanguage\":\"fr-FR\"},{\"@type\":\"Organization\",\"@id\":\"https:\\\/\\\/tiketi.com\\\/#organization\",\"name\":\"Tiketi.com\",\"alternateName\":\"Tiketi\",\"url\":\"https:\\\/\\\/tiketi.com\\\/\",\"logo\":{\"@type\":\"ImageObject\",\"inLanguage\":\"fr-FR\",\"@id\":\"https:\\\/\\\/tiketi.com\\\/#\\\/schema\\\/logo\\\/image\\\/\",\"url\":\"https:\\\/\\\/tiketi.com\\\/wp-content\\\/uploads\\\/2019\\\/05\\\/tiketi-logo-696.png\",\"contentUrl\":\"https:\\\/\\\/tiketi.com\\\/wp-content\\\/uploads\\\/2019\\\/05\\\/tiketi-logo-696.png\",\"width\":696,\"height\":696,\"caption\":\"Tiketi.com\"},\"image\":{\"@id\":\"https:\\\/\\\/tiketi.com\\\/#\\\/schema\\\/logo\\\/image\\\/\"},\"sameAs\":[\"https:\\\/\\\/www.facebook.com\\\/TiketiCom\\\/\"]}]}<\/script>\n<!-- \/ Yoast SEO plugin. -->","yoast_head_json":{"title":"Taxi a\u00e9rien \u00e0 Helsinki R\u00e9servation - Itin\u00e9raires de vol, horaires et tarifs","description":"Vous recherchez une application de r\u00e9servation en ligne de taxi a\u00e9rien drone \u00e0 Helsinki, des itin\u00e9raires, des horaires et des tarifs\u00a0? Comparez les taxis a\u00e9riens et r\u00e9servez votre taxi volant pas cher \u00e0 Helsinki","robots":{"index":"index","follow":"follow","max-snippet":"max-snippet:-1","max-image-preview":"max-image-preview:large","max-video-preview":"max-video-preview:-1"},"canonical":"https:\/\/tiketi.com\/fr-fr\/volants\/taxi-aerien\/helsinki\/","og_locale":"fr_FR","og_type":"article","og_title":"Air Taxi in Helsinki Booking \u2013 Flying Routes, Schedule & Fares","og_description":"Looking for drone air taxi in Helsinki online booking app, routes, schedule & fares? Compare air taxis and book your cheap flying taxi in Helsinki","og_url":"https:\/\/tiketi.com\/fr-fr\/volants\/taxi-aerien\/helsinki\/","og_site_name":"Tiketi.com","article_publisher":"https:\/\/www.facebook.com\/TiketiCom\/","article_modified_time":"2022-11-21T12:20:39+00:00","og_image":[{"width":1200,"height":200,"url":"https:\/\/tiketi.com\/wp-content\/uploads\/2019\/05\/helsinki-2005916_1280.jpg","type":"image\/jpeg"}],"twitter_card":"summary_large_image","twitter_misc":{"Dur\u00e9e de lecture estim\u00e9e":"3 minutes"},"schema":{"@context":"https:\/\/schema.org","@graph":[{"@type":"WebPage","@id":"https:\/\/tiketi.com\/flying\/air-taxi\/helsinki\/","url":"https:\/\/tiketi.com\/flying\/air-taxi\/helsinki\/","name":"Taxi a\u00e9rien \u00e0 Helsinki R\u00e9servation - Itin\u00e9raires de vol, horaires et tarifs","isPartOf":{"@id":"https:\/\/tiketi.com\/#website"},"primaryImageOfPage":{"@id":"https:\/\/tiketi.com\/flying\/air-taxi\/helsinki\/#primaryimage"},"image":{"@id":"https:\/\/tiketi.com\/flying\/air-taxi\/helsinki\/#primaryimage"},"thumbnailUrl":"https:\/\/tiketi.com\/wp-content\/uploads\/2019\/05\/helsinki-2005916_1280.jpg","datePublished":"2022-01-19T11:53:28+00:00","dateModified":"2022-11-21T12:20:39+00:00","description":"Vous recherchez une application de r\u00e9servation en ligne de taxi a\u00e9rien drone \u00e0 Helsinki, des itin\u00e9raires, des horaires et des tarifs\u00a0? Comparez les taxis a\u00e9riens et r\u00e9servez votre taxi volant pas cher \u00e0 Helsinki","breadcrumb":{"@id":"https:\/\/tiketi.com\/flying\/air-taxi\/helsinki\/#breadcrumb"},"inLanguage":"fr-FR","potentialAction":[{"@type":"ReadAction","target":["https:\/\/tiketi.com\/flying\/air-taxi\/helsinki\/"]}]},{"@type":"ImageObject","inLanguage":"fr-FR","@id":"https:\/\/tiketi.com\/flying\/air-taxi\/helsinki\/#primaryimage","url":"https:\/\/tiketi.com\/wp-content\/uploads\/2019\/05\/helsinki-2005916_1280.jpg","contentUrl":"https:\/\/tiketi.com\/wp-content\/uploads\/2019\/05\/helsinki-2005916_1280.jpg","width":1200,"height":200,"caption":"Air Taxi in Helsinki"},{"@type":"BreadcrumbList","@id":"https:\/\/tiketi.com\/flying\/air-taxi\/helsinki\/#breadcrumb","itemListElement":[{"@type":"ListItem","position":1,"name":"Home","item":"https:\/\/tiketi.com\/"},{"@type":"ListItem","position":2,"name":"Flying","item":"https:\/\/tiketi.com\/fr-fr\/volants\/"},{"@type":"ListItem","position":3,"name":"Air Taxi","item":"https:\/\/tiketi.com\/flying\/air-taxi\/"},{"@type":"ListItem","position":4,"name":"Air Taxi in Helsinki\u00a0Booking \u2013 Flying Routes, Schedule &amp; Fares"}]},{"@type":"WebSite","@id":"https:\/\/tiketi.com\/#website","url":"https:\/\/tiketi.com\/","name":"Billets d&#039;avion et de bus, forfaits touristiques et activit\u00e9s - Tiketi.com","description":"Billets d&#039;avion et de bus, Tours, Activit\u00e9s","publisher":{"@id":"https:\/\/tiketi.com\/#organization"},"potentialAction":[{"@type":"SearchAction","target":{"@type":"EntryPoint","urlTemplate":"https:\/\/tiketi.com\/?s={search_term_string}"},"query-input":{"@type":"PropertyValueSpecification","valueRequired":true,"valueName":"search_term_string"}}],"inLanguage":"fr-FR"},{"@type":"Organization","@id":"https:\/\/tiketi.com\/#organization","name":"Tiketi.com","alternateName":"Tiketi","url":"https:\/\/tiketi.com\/","logo":{"@type":"ImageObject","inLanguage":"fr-FR","@id":"https:\/\/tiketi.com\/#\/schema\/logo\/image\/","url":"https:\/\/tiketi.com\/wp-content\/uploads\/2019\/05\/tiketi-logo-696.png","contentUrl":"https:\/\/tiketi.com\/wp-content\/uploads\/2019\/05\/tiketi-logo-696.png","width":696,"height":696,"caption":"Tiketi.com"},"image":{"@id":"https:\/\/tiketi.com\/#\/schema\/logo\/image\/"},"sameAs":["https:\/\/www.facebook.com\/TiketiCom\/"]}]}},"_links":{"self":[{"href":"https:\/\/tiketi.com\/fr-fr\/wp-json\/wp\/v2\/pages\/10515","targetHints":{"allow":["GET"]}}],"collection":[{"href":"https:\/\/tiketi.com\/fr-fr\/wp-json\/wp\/v2\/pages"}],"about":[{"href":"https:\/\/tiketi.com\/fr-fr\/wp-json\/wp\/v2\/types\/page"}],"author":[{"embeddable":true,"href":"https:\/\/tiketi.com\/fr-fr\/wp-json\/wp\/v2\/users\/1"}],"replies":[{"embeddable":true,"href":"https:\/\/tiketi.com\/fr-fr\/wp-json\/wp\/v2\/comments?post=10515"}],"version-history":[{"count":0,"href":"https:\/\/tiketi.com\/fr-fr\/wp-json\/wp\/v2\/pages\/10515\/revisions"}],"up":[{"embeddable":true,"href":"https:\/\/tiketi.com\/fr-fr\/wp-json\/wp\/v2\/pages\/25621"}],"wp:featuredmedia":[{"embeddable":true,"href":"https:\/\/tiketi.com\/fr-fr\/wp-json\/wp\/v2\/media\/19533"}],"wp:attachment":[{"href":"https:\/\/tiketi.com\/fr-fr\/wp-json\/wp\/v2\/media?parent=10515"}],"curies":[{"name":"wp","href":"https:\/\/api.w.org\/{rel}","templated":true}]}}