{"id":10517,"date":"2022-01-19T12:53:28","date_gmt":"2022-01-19T11:53:28","guid":{"rendered":"https:\/\/new.tiketi.com\/dakar-air-taxi-booking-app-electric-flying-taxis\/"},"modified":"2022-02-11T10:41:28","modified_gmt":"2022-02-11T09:41:28","slug":"flying-dakar-air-taxi-booking","status":"publish","type":"page","link":"https:\/\/tiketi.com\/fr-fr\/flying-dakar-air-taxi-booking\/","title":{"rendered":"Taxi A\u00e9rien \u00e0 Dakar Application de R\u00e9servation en Ligne \u2013 Taxis Volants Electriques"},"content":{"rendered":"<h2>Taxi a\u00e9rien \u00e9lectrique \u00e0 Dakar la r\u00e9servation en ligne sera bient\u00f4t possible<\/h2>\r\n<!-- \/wp:post-content --><!-- wp:paragraph -->\r\n\r\nLe service d&#039;application de r\u00e9servation de taxi a\u00e9rien \u00e9lectrique Dakar permet aux utilisateurs de r\u00e9server un taxi volant \u00e9lectrique \u00e0 Dakar, au S\u00e9n\u00e9gal. Les taxis a\u00e9riens autonomes \u00e0 Dakar permettent de voyager pas cher et rapidement au S\u00e9n\u00e9gal. Dakar est la capitale nationale et cruciale du pays africain S\u00e9n\u00e9gal. La ville est comme un tr\u00e9sor cach\u00e9 en Afrique. Situ\u00e9e \u00e0 l&#039;extr\u00eame pointe de la p\u00e9ninsule du Cap Vert, la nouvelle ville regorge d&#039;\u00e9nergie et est \u00e9quip\u00e9e d&#039;h\u00f4tels luxueux, de plages bien approvisionn\u00e9es, de restaurants, d&#039;une gamme de sports nautiques et d&#039;une vie nocturne dynamique. C&#039;est \u00e9galement l&#039;un des meilleurs ports pour les croisi\u00e8res en Afrique. Alors, prenez d\u00e8s maintenant l&#039;un des vols abordables vers Dakar et d\u00e9couvrez cet aspect remarquable du tourisme africain. Le moment de prendre des vols vers Dakar pour les vacances d\u00e9pend en grande partie des conditions climatiques. Comme pour tant d&#039;autres choses, vous pourrez cr\u00e9er \u00e0 tout moment et n&#039;importe o\u00f9 une application de r\u00e9servation de taxi a\u00e9rien drone Dakar pour votre vol en taxi a\u00e9rien \u00e9lectrique.\r\n\r\n<!-- \/wp:paragraph --><!-- wp:heading -->\r\n<h2>Voici quelques-uns des avantages du taxi volant \u00e9lectrique \u00e0 Dakar au S\u00e9n\u00e9gal<\/h2>\r\n<h3>Les taxis a\u00e9riens \u00e9lectriques \u00e0 Dakar DC vont totalement changer l&#039;avenir<\/h3>\r\n<!-- \/wp:heading --><!-- wp:paragraph -->\r\n\r\nPour ceux qui r\u00eavent de l&#039;avenir, des d\u00e9fis difficiles sont en route. Mais de nouveaux syst\u00e8mes et technologies sont \u00e9galement d\u00e9velopp\u00e9s pour les r\u00e9soudre, explorant des horizons qui sont nouveaux pour la plupart d&#039;entre nous, mais qui changeront notre fa\u00e7on de vivre \u00e0 l&#039;avenir. Le d\u00e9veloppement de l&#039;infrastructure qui permettra le fonctionnement en toute s\u00e9curit\u00e9 d&#039;un tel syst\u00e8me est aussi vital que le d\u00e9veloppement des taxis volants \u00e0 Dakar, au S\u00e9n\u00e9gal.\r\n<h3>Quelle est la vitesse des taxis a\u00e9riens \u00e0 Dakar, au S\u00e9n\u00e9gal ?<\/h3>\r\n<!-- \/wp:paragraph --><!-- wp:paragraph -->\r\n\r\nL&#039;avion Archers eVTOL, nomm\u00e9 Maker, sera capable de parcourir une distance allant jusqu&#039;\u00e0 soixante miles \u00e0 des vitesses proches de 150 mph. Au-del\u00e0 de la r\u00e9duction des embouteillages au sol, le taxi volant de l&#039;engin \u00e0 moteur de Dakar ne g\u00e9n\u00e9rera aucune \u00e9mission et aura une empreinte sonore de seulement 45 dba, se fondant dans les sons des quartiers r\u00e9sidentiels.\r\n<h3>Les taxis a\u00e9riens \u00e9lectriques \u00e0 Dakar sont-ils respectueux de l&#039;environnement ?<\/h3>\r\n<!-- \/wp:paragraph --><!-- wp:paragraph -->\r\n\r\nUn VTOL \u00e9met vingt-huit pour cent plus de gaz \u00e0 effet de serre qu&#039;un v\u00e9hicule \u00e9lectrique et trente-cinq pour cent moins de gaz \u00e0 effet de serre qu&#039;un v\u00e9hicule \u00e0 essence. Pour des trajets longue distance d&#039;une centaine de kilom\u00e8tres ou plus, un taxi a\u00e9rien \u00e0 Dakar avec 1 pilote et 3 passagers \u00e9mettrait moins de gaz \u00e0 effet de serre par passager mile qu&#039;un v\u00e9hicule avec une moyenne nationale de 1,54 occupants.\r\n<h3>Combien co\u00fbtera un taxi volant \u00e9lectrique \u00e0 Dakar ?<\/h3>\r\n<!-- \/wp:paragraph --><!-- wp:paragraph -->\r\n\r\nAu d\u00e9part, les taxis a\u00e9riens \u00e0 Dakar co\u00fbteront environ $5,73 par passager-mile. Vous pouvez facilement r\u00e9server un taxi a\u00e9rien via des taxis volants \u00e9lectriques dans l&#039;application Dakar.\r\n\r\n<!-- \/wp:paragraph --><!-- wp:heading -->\r\n<h2>Avantages de l&#039;application de r\u00e9servation de taxi a\u00e9rien \u00e9lectrique Dakar<\/h2>\r\n<!-- \/wp:heading --><!-- wp:paragraph -->\r\n\r\nParmi ses autres avantages, les taxis a\u00e9riens \u00e9lectriques \u00e0 Dakar pourraient assurer un boom \u00e9conomique en augmentant le nombre de personnes se dirigeant vers des lieux de loisirs et de tourisme \u00e9loign\u00e9s des grands a\u00e9roports.\r\n\r\n<!-- \/wp:paragraph --><!-- wp:heading {\"level\":3} -->\r\n<h3>L&#039;application de r\u00e9servation en ligne de taxi a\u00e9rien \u00e0 Dakar serait-elle utilis\u00e9e pour r\u00e9server un vol en taxi a\u00e9rien \u00e9lectrique?<\/h3>\r\n<!-- \/wp:heading --><!-- wp:paragraph -->\r\n\r\nOui, les clients peuvent utiliser de mani\u00e8re transparente l&#039;application de r\u00e9servation de taxi a\u00e9rien \u00e9lectrique Dakar pour trouver le meilleur itin\u00e9raire et r\u00e9server un taxi volant \u00e0 Dakar \u00e0 tout moment et n&#039;importe o\u00f9.","protected":false},"excerpt":{"rendered":"<p>Electric air taxi\u00a0in\u00a0Dakar online booking will be possible soon Electric Dakar air taxi booking app service enable users to book electric flying taxi in Dakar, Senegal. Autonomous air taxis in Dakar makes possible to travel cheap and fast in Senegal. Dakar is the national and crucial capital city of African country Senegal. The city is [&hellip;]<\/p>\n","protected":false},"author":1,"featured_media":14057,"parent":0,"menu_order":0,"comment_status":"open","ping_status":"closed","template":"template-home-modern.php","meta":{"footnotes":""},"class_list":["post-10517","page","type-page","status-publish","has-post-thumbnail","hentry"],"yoast_head":"<!-- This site is optimized with the Yoast SEO plugin v27.3 - https:\/\/yoast.com\/product\/yoast-seo-wordpress\/ -->\n<title>Air Taxi in Dakar Online Booking App - Electric Flying Taxis<\/title>\n<meta name=\"description\" content=\"Looking for drone flying taxi in Dakar app, schedule &amp; fare? Download our Dakar air taxi online booking app &amp; book a cheap flight\" \/>\n<meta name=\"robots\" content=\"index, follow, max-snippet:-1, max-image-preview:large, max-video-preview:-1\" \/>\n<link rel=\"canonical\" href=\"https:\/\/tiketi.com\/fr-fr\/flying-dakar-air-taxi-booking\/\" \/>\n<meta property=\"og:locale\" content=\"fr_FR\" \/>\n<meta property=\"og:type\" content=\"article\" \/>\n<meta property=\"og:title\" content=\"Air Taxi in Dakar Online Booking App - Electric Flying Taxis\" \/>\n<meta property=\"og:description\" content=\"Looking for drone flying taxi in Dakar app, schedule &amp; fare? Download our Dakar air taxi online booking app &amp; book a cheap flight\" \/>\n<meta property=\"og:url\" content=\"https:\/\/tiketi.com\/fr-fr\/flying-dakar-air-taxi-booking\/\" \/>\n<meta property=\"og:site_name\" content=\"Tiketi.com\" \/>\n<meta property=\"article:publisher\" content=\"https:\/\/www.facebook.com\/TiketiCom\/\" \/>\n<meta property=\"article:modified_time\" content=\"2022-02-11T09:41:28+00:00\" \/>\n<meta property=\"og:image\" content=\"https:\/\/tiketi.com\/wp-content\/uploads\/2022\/01\/drone-air-taxi-6819108_1280.jpg\" \/>\n\t<meta property=\"og:image:width\" content=\"1213\" \/>\n\t<meta property=\"og:image:height\" content=\"200\" \/>\n\t<meta property=\"og:image:type\" content=\"image\/jpeg\" \/>\n<meta name=\"twitter:card\" content=\"summary_large_image\" \/>\n<meta name=\"twitter:label1\" content=\"Dur\u00e9e de lecture estim\u00e9e\" \/>\n\t<meta name=\"twitter:data1\" content=\"3 minutes\" \/>\n<script type=\"application\/ld+json\" class=\"yoast-schema-graph\">{\"@context\":\"https:\\\/\\\/schema.org\",\"@graph\":[{\"@type\":\"WebPage\",\"@id\":\"https:\\\/\\\/tiketi.com\\\/flying-dakar-air-taxi-booking\\\/\",\"url\":\"https:\\\/\\\/tiketi.com\\\/flying-dakar-air-taxi-booking\\\/\",\"name\":\"Air Taxi in Dakar Online Booking App - Electric Flying Taxis\",\"isPartOf\":{\"@id\":\"https:\\\/\\\/tiketi.com\\\/#website\"},\"primaryImageOfPage\":{\"@id\":\"https:\\\/\\\/tiketi.com\\\/flying-dakar-air-taxi-booking\\\/#primaryimage\"},\"image\":{\"@id\":\"https:\\\/\\\/tiketi.com\\\/flying-dakar-air-taxi-booking\\\/#primaryimage\"},\"thumbnailUrl\":\"https:\\\/\\\/tiketi.com\\\/wp-content\\\/uploads\\\/2022\\\/01\\\/drone-air-taxi-6819108_1280.jpg\",\"datePublished\":\"2022-01-19T11:53:28+00:00\",\"dateModified\":\"2022-02-11T09:41:28+00:00\",\"description\":\"Looking for drone flying taxi in Dakar app, schedule & fare? Download our Dakar air taxi online booking app & book a cheap flight\",\"breadcrumb\":{\"@id\":\"https:\\\/\\\/tiketi.com\\\/flying-dakar-air-taxi-booking\\\/#breadcrumb\"},\"inLanguage\":\"fr-FR\",\"potentialAction\":[{\"@type\":\"ReadAction\",\"target\":[\"https:\\\/\\\/tiketi.com\\\/flying-dakar-air-taxi-booking\\\/\"]}]},{\"@type\":\"ImageObject\",\"inLanguage\":\"fr-FR\",\"@id\":\"https:\\\/\\\/tiketi.com\\\/flying-dakar-air-taxi-booking\\\/#primaryimage\",\"url\":\"https:\\\/\\\/tiketi.com\\\/wp-content\\\/uploads\\\/2022\\\/01\\\/drone-air-taxi-6819108_1280.jpg\",\"contentUrl\":\"https:\\\/\\\/tiketi.com\\\/wp-content\\\/uploads\\\/2022\\\/01\\\/drone-air-taxi-6819108_1280.jpg\",\"width\":1213,\"height\":200,\"caption\":\"Drone Air taxi\"},{\"@type\":\"BreadcrumbList\",\"@id\":\"https:\\\/\\\/tiketi.com\\\/flying-dakar-air-taxi-booking\\\/#breadcrumb\",\"itemListElement\":[{\"@type\":\"ListItem\",\"position\":1,\"name\":\"Home\",\"item\":\"https:\\\/\\\/tiketi.com\\\/\"},{\"@type\":\"ListItem\",\"position\":2,\"name\":\"Air Taxi in Dakar Online Booking App &#8211; Electric Flying Taxis\"}]},{\"@type\":\"WebSite\",\"@id\":\"https:\\\/\\\/tiketi.com\\\/#website\",\"url\":\"https:\\\/\\\/tiketi.com\\\/\",\"name\":\"Flight & Bus Tickets, Tour Packages & Activitites - Tiketi.com\",\"description\":\"Flight &amp; Bus Tickets, Tours, Activitites\",\"publisher\":{\"@id\":\"https:\\\/\\\/tiketi.com\\\/#organization\"},\"potentialAction\":[{\"@type\":\"SearchAction\",\"target\":{\"@type\":\"EntryPoint\",\"urlTemplate\":\"https:\\\/\\\/tiketi.com\\\/?s={search_term_string}\"},\"query-input\":{\"@type\":\"PropertyValueSpecification\",\"valueRequired\":true,\"valueName\":\"search_term_string\"}}],\"inLanguage\":\"fr-FR\"},{\"@type\":\"Organization\",\"@id\":\"https:\\\/\\\/tiketi.com\\\/#organization\",\"name\":\"Tiketi.com\",\"alternateName\":\"Tiketi\",\"url\":\"https:\\\/\\\/tiketi.com\\\/\",\"logo\":{\"@type\":\"ImageObject\",\"inLanguage\":\"fr-FR\",\"@id\":\"https:\\\/\\\/tiketi.com\\\/#\\\/schema\\\/logo\\\/image\\\/\",\"url\":\"https:\\\/\\\/tiketi.com\\\/wp-content\\\/uploads\\\/2019\\\/05\\\/tiketi-logo-696.png\",\"contentUrl\":\"https:\\\/\\\/tiketi.com\\\/wp-content\\\/uploads\\\/2019\\\/05\\\/tiketi-logo-696.png\",\"width\":696,\"height\":696,\"caption\":\"Tiketi.com\"},\"image\":{\"@id\":\"https:\\\/\\\/tiketi.com\\\/#\\\/schema\\\/logo\\\/image\\\/\"},\"sameAs\":[\"https:\\\/\\\/www.facebook.com\\\/TiketiCom\\\/\"]}]}<\/script>\n<!-- \/ Yoast SEO plugin. -->","yoast_head_json":{"title":"Taxi A\u00e9rien \u00e0 Dakar Application de R\u00e9servation en Ligne - Taxis Volants Electriques","description":"Vous recherchez une application, un horaire et un tarif de taxi volant avec drone \u00e0 Dakar? T\u00e9l\u00e9chargez notre application de r\u00e9servation en ligne de taxi a\u00e9rien Dakar et r\u00e9servez un vol pas cher","robots":{"index":"index","follow":"follow","max-snippet":"max-snippet:-1","max-image-preview":"max-image-preview:large","max-video-preview":"max-video-preview:-1"},"canonical":"https:\/\/tiketi.com\/fr-fr\/flying-dakar-air-taxi-booking\/","og_locale":"fr_FR","og_type":"article","og_title":"Air Taxi in Dakar Online Booking App - Electric Flying Taxis","og_description":"Looking for drone flying taxi in Dakar app, schedule & fare? Download our Dakar air taxi online booking app & book a cheap flight","og_url":"https:\/\/tiketi.com\/fr-fr\/flying-dakar-air-taxi-booking\/","og_site_name":"Tiketi.com","article_publisher":"https:\/\/www.facebook.com\/TiketiCom\/","article_modified_time":"2022-02-11T09:41:28+00:00","og_image":[{"width":1213,"height":200,"url":"https:\/\/tiketi.com\/wp-content\/uploads\/2022\/01\/drone-air-taxi-6819108_1280.jpg","type":"image\/jpeg"}],"twitter_card":"summary_large_image","twitter_misc":{"Dur\u00e9e de lecture estim\u00e9e":"3 minutes"},"schema":{"@context":"https:\/\/schema.org","@graph":[{"@type":"WebPage","@id":"https:\/\/tiketi.com\/flying-dakar-air-taxi-booking\/","url":"https:\/\/tiketi.com\/flying-dakar-air-taxi-booking\/","name":"Taxi A\u00e9rien \u00e0 Dakar Application de R\u00e9servation en Ligne - Taxis Volants Electriques","isPartOf":{"@id":"https:\/\/tiketi.com\/#website"},"primaryImageOfPage":{"@id":"https:\/\/tiketi.com\/flying-dakar-air-taxi-booking\/#primaryimage"},"image":{"@id":"https:\/\/tiketi.com\/flying-dakar-air-taxi-booking\/#primaryimage"},"thumbnailUrl":"https:\/\/tiketi.com\/wp-content\/uploads\/2022\/01\/drone-air-taxi-6819108_1280.jpg","datePublished":"2022-01-19T11:53:28+00:00","dateModified":"2022-02-11T09:41:28+00:00","description":"Vous recherchez une application, un horaire et un tarif de taxi volant avec drone \u00e0 Dakar? T\u00e9l\u00e9chargez notre application de r\u00e9servation en ligne de taxi a\u00e9rien Dakar et r\u00e9servez un vol pas cher","breadcrumb":{"@id":"https:\/\/tiketi.com\/flying-dakar-air-taxi-booking\/#breadcrumb"},"inLanguage":"fr-FR","potentialAction":[{"@type":"ReadAction","target":["https:\/\/tiketi.com\/flying-dakar-air-taxi-booking\/"]}]},{"@type":"ImageObject","inLanguage":"fr-FR","@id":"https:\/\/tiketi.com\/flying-dakar-air-taxi-booking\/#primaryimage","url":"https:\/\/tiketi.com\/wp-content\/uploads\/2022\/01\/drone-air-taxi-6819108_1280.jpg","contentUrl":"https:\/\/tiketi.com\/wp-content\/uploads\/2022\/01\/drone-air-taxi-6819108_1280.jpg","width":1213,"height":200,"caption":"Drone Air taxi"},{"@type":"BreadcrumbList","@id":"https:\/\/tiketi.com\/flying-dakar-air-taxi-booking\/#breadcrumb","itemListElement":[{"@type":"ListItem","position":1,"name":"Home","item":"https:\/\/tiketi.com\/"},{"@type":"ListItem","position":2,"name":"Air Taxi in Dakar Online Booking App &#8211; Electric Flying Taxis"}]},{"@type":"WebSite","@id":"https:\/\/tiketi.com\/#website","url":"https:\/\/tiketi.com\/","name":"Billets d&#039;avion et de bus, forfaits touristiques et activit\u00e9s - Tiketi.com","description":"Billets d&#039;avion et de bus, Tours, Activit\u00e9s","publisher":{"@id":"https:\/\/tiketi.com\/#organization"},"potentialAction":[{"@type":"SearchAction","target":{"@type":"EntryPoint","urlTemplate":"https:\/\/tiketi.com\/?s={search_term_string}"},"query-input":{"@type":"PropertyValueSpecification","valueRequired":true,"valueName":"search_term_string"}}],"inLanguage":"fr-FR"},{"@type":"Organization","@id":"https:\/\/tiketi.com\/#organization","name":"Tiketi.com","alternateName":"Tiketi","url":"https:\/\/tiketi.com\/","logo":{"@type":"ImageObject","inLanguage":"fr-FR","@id":"https:\/\/tiketi.com\/#\/schema\/logo\/image\/","url":"https:\/\/tiketi.com\/wp-content\/uploads\/2019\/05\/tiketi-logo-696.png","contentUrl":"https:\/\/tiketi.com\/wp-content\/uploads\/2019\/05\/tiketi-logo-696.png","width":696,"height":696,"caption":"Tiketi.com"},"image":{"@id":"https:\/\/tiketi.com\/#\/schema\/logo\/image\/"},"sameAs":["https:\/\/www.facebook.com\/TiketiCom\/"]}]}},"_links":{"self":[{"href":"https:\/\/tiketi.com\/fr-fr\/wp-json\/wp\/v2\/pages\/10517","targetHints":{"allow":["GET"]}}],"collection":[{"href":"https:\/\/tiketi.com\/fr-fr\/wp-json\/wp\/v2\/pages"}],"about":[{"href":"https:\/\/tiketi.com\/fr-fr\/wp-json\/wp\/v2\/types\/page"}],"author":[{"embeddable":true,"href":"https:\/\/tiketi.com\/fr-fr\/wp-json\/wp\/v2\/users\/1"}],"replies":[{"embeddable":true,"href":"https:\/\/tiketi.com\/fr-fr\/wp-json\/wp\/v2\/comments?post=10517"}],"version-history":[{"count":0,"href":"https:\/\/tiketi.com\/fr-fr\/wp-json\/wp\/v2\/pages\/10517\/revisions"}],"wp:featuredmedia":[{"embeddable":true,"href":"https:\/\/tiketi.com\/fr-fr\/wp-json\/wp\/v2\/media\/14057"}],"wp:attachment":[{"href":"https:\/\/tiketi.com\/fr-fr\/wp-json\/wp\/v2\/media?parent=10517"}],"curies":[{"name":"wp","href":"https:\/\/api.w.org\/{rel}","templated":true}]}}