{"id":10520,"date":"2022-01-19T12:53:28","date_gmt":"2022-01-19T11:53:28","guid":{"rendered":"https:\/\/new.tiketi.com\/luanda-air-taxi-booking-app-electric-flying-taxis\/"},"modified":"2022-02-17T10:19:55","modified_gmt":"2022-02-17T09:19:55","slug":"flying-luanda-air-taxi-booking","status":"publish","type":"page","link":"https:\/\/tiketi.com\/fr-fr\/flying-luanda-air-taxi-booking\/","title":{"rendered":"Taxi a\u00e9rien \u00e0 Luanda Application de r\u00e9servation en ligne - Taxis volants \u00e9lectriques"},"content":{"rendered":"<h2>Application de r\u00e9servation de taxi a\u00e9rien \u00e9lectrique \u00e0 Luanda<\/h2>\r\n<!-- \/wp:post-content --><!-- wp:paragraph -->\r\n\r\nLe service d&#039;application de r\u00e9servation en ligne de taxi a\u00e9rien \u00e9lectrique \u00e0 Luanda permet aux utilisateurs de r\u00e9server un taxi volant \u00e9lectrique \u00e0 Luanda lanc\u00e9 en Angola. Les taxis a\u00e9riens autonomes \u00e0 Luanda permettent de voyager rapidement et \u00e0 moindre co\u00fbt en Angola. Situ\u00e9e dans le centre-sud de l&#039;Angola, Luanda est la capitale du pays et l&#039;un des endroits chauds en herbe pour les visiteurs accompagnant les 4 millions de personnes qui y vivent d\u00e9j\u00e0. Fond\u00e9e en 1575, la capitale regorge d&#039;histoire, surtout si l&#039;on consid\u00e8re la guerre civile qui vient de se terminer. \u00c0 l&#039;origine l&#039;un des grands ports n\u00e9griers et sous la domination portugaise, il est maintenant connu pour \u00eatre la chaleur culturelle de l&#039;Angola, ce dont les images de Luanda peuvent vous donner une id\u00e9e. Luanda elle-m\u00eame est en fait compos\u00e9e de deux parties - l&#039;ancienne ou inf\u00e9rieure Luanda et la sup\u00e9rieure et la nouvelle Luanda (Cidale Alta et Baixa de Luanda respectivement). Comme pour tant d&#039;autres choses, vous pourrez faire \u00e0 tout moment et n&#039;importe o\u00f9 la r\u00e9servation d&#039;un taxi a\u00e9rien \u00e0 Luanda pour votre vol en taxi a\u00e9rien \u00e9lectrique.\r\n\r\n<!-- \/wp:paragraph --><!-- wp:heading -->\r\n<h2>Voici quelques-uns des avantages du taxi volant \u00e9lectrique \u00e0 Luanda, Angola<\/h2>\r\n<h3>Que sont les taxis volants \u00e9lectriques eVLTO \u00e0 Luanda, en Angola ?<\/h3>\r\n<!-- \/wp:heading --><!-- wp:paragraph -->\r\n\r\nLes taxis a\u00e9riens de l&#039;avion de Luanda, appel\u00e9s eVTOL (d\u00e9collage et atterrissage verticaux \u00e9lectriques), ont \u00e9t\u00e9 con\u00e7us pour transporter des personnes dans l&#039;atmosph\u00e8re urbaine et citadine.\r\n\r\n<!-- \/wp:paragraph --><!-- wp:paragraph -->\r\n\r\nL&#039;avion fonctionne avec 9 batteries \u00e9lectriques et peut transporter un pilote et un passager.\r\n\r\n<!-- \/wp:paragraph --><!-- wp:paragraph -->\r\n\r\nIl aura une port\u00e9e de 35 km et une vitesse maximale de 110 mh.\r\n<h3>Les taxis a\u00e9riens \u00e9lectriques \u00e0 Luanda sont plus efficaces<\/h3>\r\n<!-- \/wp:paragraph --><!-- wp:paragraph -->\r\n\r\nPour des trajets de 100 km, les taxis a\u00e9riens \u00e9lectriques \u00e0 Luanda pourraient \u00eatre trente-cinq pour cent plus efficaces qu&#039;une voiture \u00e0 essence - bien que, en supposant le m\u00eame nombre de passagers, ils soient encore moins performants qu&#039;une voiture de route \u00e9lectrique. Quoi qu&#039;il en soit, il est juste de supposer que les v\u00e9hicules volants serviront principalement de services de taxi dans des couloirs a\u00e9riens pr\u00e9d\u00e9finis via des taxis volants dans l&#039;application Luanda, donc susceptibles de transporter plus de personnes. Compte tenu de cela, pour un trajet d&#039;une centaine de kilom\u00e8tres, les \u00e9missions des v\u00e9hicules volants pourraient \u00eatre inf\u00e9rieures de 6 % \u00e0 celles des v\u00e9hicules routiers \u00e9lectriques.\r\n<h3>Combien co\u00fbtera un taxi volant \u00e9lectrique \u00e0 Luanda ?<\/h3>\r\n<!-- \/wp:paragraph --><!-- wp:paragraph -->\r\n\r\nAu d\u00e9part, les taxis a\u00e9riens \u00e0 Luanda co\u00fbteront environ $5,73 par passager-mile. Vous pouvez facilement r\u00e9server un taxi a\u00e9rien via des taxis volants \u00e9lectriques dans l&#039;application Luanda. Le co\u00fbt chutera ensuite \u00e0 $1,85 par passager-mile avant d&#039;atteindre finalement le taux incroyable du client de $0,44 par mile.\r\n\r\n<!-- \/wp:paragraph --><!-- wp:heading -->\r\n<h2>Avantages de l&#039;application de r\u00e9servation de taxi a\u00e9rien \u00e9lectrique Luanda<\/h2>\r\n<!-- \/wp:heading --><!-- wp:paragraph -->\r\n\r\nParmi ses autres avantages, la r\u00e9servation en ligne de taxi drone \u00e0 Luanda pourrait fournir un boom \u00e9conomique en augmentant le nombre de personnes se dirigeant vers des lieux de loisirs et de tourisme qui ne sont pas \u00e0 proximit\u00e9 des grands a\u00e9roports.\r\n\r\n<!-- \/wp:paragraph --><!-- wp:heading {\"level\":3} -->\r\n<h3>L&#039;application de r\u00e9servation en ligne de taxi a\u00e9rien \u00e0 Luanda serait-elle utilis\u00e9e pour r\u00e9server un vol en taxi a\u00e9rien \u00e9lectrique?<\/h3>\r\n<!-- \/wp:heading --><!-- wp:paragraph -->\r\n\r\nOui, les clients peuvent utiliser de mani\u00e8re transparente l&#039;application de r\u00e9servation de taxi a\u00e9rien \u00e9lectrique Luanda pour trouver le meilleur itin\u00e9raire et r\u00e9server un vol de taxi volant \u00e0 Luanda \u00e0 tout moment et n&#039;importe o\u00f9.","protected":false},"excerpt":{"rendered":"<p>Electric Luanda air taxi booking app Electric air taxi in Luanda online booking app service enable users to book electric flying taxi in Luanda launching in Angola. Autonomous air taxis in Luanda makes possible to travel cheap and fast in Angola. Placed in the central-southern Angola, Luanda is the country capital and is one of [&hellip;]<\/p>\n","protected":false},"author":1,"featured_media":20336,"parent":0,"menu_order":0,"comment_status":"open","ping_status":"closed","template":"template-home-modern.php","meta":{"footnotes":""},"class_list":["post-10520","page","type-page","status-publish","has-post-thumbnail","hentry"],"yoast_head":"<!-- This site is optimized with the Yoast SEO plugin v27.2 - https:\/\/yoast.com\/product\/yoast-seo-wordpress\/ -->\n<title>Air Taxi in Luanda Online Booking App - Electric Flying Taxis<\/title>\n<meta name=\"description\" content=\"Looking for drone air taxi in Luanda online booking app, route, schedule &amp; fare? Compare air taxis and book your cheap flying taxi in Luanda\" \/>\n<meta name=\"robots\" content=\"index, follow, max-snippet:-1, max-image-preview:large, max-video-preview:-1\" \/>\n<link rel=\"canonical\" href=\"https:\/\/tiketi.com\/fr-fr\/flying-luanda-air-taxi-booking\/\" \/>\n<meta property=\"og:locale\" content=\"fr_FR\" \/>\n<meta property=\"og:type\" content=\"article\" \/>\n<meta property=\"og:title\" content=\"Air Taxi in Luanda Online Booking App - Electric Flying Taxis\" \/>\n<meta property=\"og:description\" content=\"Looking for drone air taxi in Luanda online booking app, route, schedule &amp; fare? Compare air taxis and book your cheap flying taxi in Luanda\" \/>\n<meta property=\"og:url\" content=\"https:\/\/tiketi.com\/fr-fr\/flying-luanda-air-taxi-booking\/\" \/>\n<meta property=\"og:site_name\" content=\"Tiketi.com\" \/>\n<meta property=\"article:publisher\" content=\"https:\/\/www.facebook.com\/TiketiCom\/\" \/>\n<meta property=\"article:modified_time\" content=\"2022-02-17T09:19:55+00:00\" \/>\n<meta property=\"og:image\" content=\"https:\/\/tiketi.com\/wp-content\/uploads\/2019\/05\/baia-de-luanda-2345744_1280.jpg\" \/>\n\t<meta property=\"og:image:width\" content=\"1200\" \/>\n\t<meta property=\"og:image:height\" content=\"200\" \/>\n\t<meta property=\"og:image:type\" content=\"image\/jpeg\" \/>\n<meta name=\"twitter:card\" content=\"summary_large_image\" \/>\n<meta name=\"twitter:label1\" content=\"Dur\u00e9e de lecture estim\u00e9e\" \/>\n\t<meta name=\"twitter:data1\" content=\"3 minutes\" \/>\n<script type=\"application\/ld+json\" class=\"yoast-schema-graph\">{\"@context\":\"https:\/\/schema.org\",\"@graph\":[{\"@type\":\"WebPage\",\"@id\":\"https:\/\/tiketi.com\/flying-luanda-air-taxi-booking\/\",\"url\":\"https:\/\/tiketi.com\/flying-luanda-air-taxi-booking\/\",\"name\":\"Air Taxi in Luanda Online Booking App - Electric Flying Taxis\",\"isPartOf\":{\"@id\":\"https:\/\/tiketi.com\/#website\"},\"primaryImageOfPage\":{\"@id\":\"https:\/\/tiketi.com\/flying-luanda-air-taxi-booking\/#primaryimage\"},\"image\":{\"@id\":\"https:\/\/tiketi.com\/flying-luanda-air-taxi-booking\/#primaryimage\"},\"thumbnailUrl\":\"https:\/\/tiketi.com\/wp-content\/uploads\/2019\/05\/baia-de-luanda-2345744_1280.jpg\",\"datePublished\":\"2022-01-19T11:53:28+00:00\",\"dateModified\":\"2022-02-17T09:19:55+00:00\",\"description\":\"Looking for drone air taxi in Luanda online booking app, route, schedule & fare? Compare air taxis and book your cheap flying taxi in Luanda\",\"breadcrumb\":{\"@id\":\"https:\/\/tiketi.com\/flying-luanda-air-taxi-booking\/#breadcrumb\"},\"inLanguage\":\"fr-FR\",\"potentialAction\":[{\"@type\":\"ReadAction\",\"target\":[\"https:\/\/tiketi.com\/flying-luanda-air-taxi-booking\/\"]}]},{\"@type\":\"ImageObject\",\"inLanguage\":\"fr-FR\",\"@id\":\"https:\/\/tiketi.com\/flying-luanda-air-taxi-booking\/#primaryimage\",\"url\":\"https:\/\/tiketi.com\/wp-content\/uploads\/2019\/05\/baia-de-luanda-2345744_1280.jpg\",\"contentUrl\":\"https:\/\/tiketi.com\/wp-content\/uploads\/2019\/05\/baia-de-luanda-2345744_1280.jpg\",\"width\":1200,\"height\":200,\"caption\":\"Air Taxi in Luanda\"},{\"@type\":\"BreadcrumbList\",\"@id\":\"https:\/\/tiketi.com\/flying-luanda-air-taxi-booking\/#breadcrumb\",\"itemListElement\":[{\"@type\":\"ListItem\",\"position\":1,\"name\":\"Home\",\"item\":\"https:\/\/tiketi.com\/\"},{\"@type\":\"ListItem\",\"position\":2,\"name\":\"Air Taxi in Luanda Online Booking App &#8211; Electric Flying Taxis\"}]},{\"@type\":\"WebSite\",\"@id\":\"https:\/\/tiketi.com\/#website\",\"url\":\"https:\/\/tiketi.com\/\",\"name\":\"Flight & Bus Tickets, Tour Packages & Activitites - Tiketi.com\",\"description\":\"Flight &amp; Bus Tickets, Tours, Activitites\",\"publisher\":{\"@id\":\"https:\/\/tiketi.com\/#organization\"},\"potentialAction\":[{\"@type\":\"SearchAction\",\"target\":{\"@type\":\"EntryPoint\",\"urlTemplate\":\"https:\/\/tiketi.com\/?s={search_term_string}\"},\"query-input\":{\"@type\":\"PropertyValueSpecification\",\"valueRequired\":true,\"valueName\":\"search_term_string\"}}],\"inLanguage\":\"fr-FR\"},{\"@type\":\"Organization\",\"@id\":\"https:\/\/tiketi.com\/#organization\",\"name\":\"Tiketi.com\",\"alternateName\":\"Tiketi\",\"url\":\"https:\/\/tiketi.com\/\",\"logo\":{\"@type\":\"ImageObject\",\"inLanguage\":\"fr-FR\",\"@id\":\"https:\/\/tiketi.com\/#\/schema\/logo\/image\/\",\"url\":\"https:\/\/tiketi.com\/wp-content\/uploads\/2019\/05\/tiketi-logo-696.png\",\"contentUrl\":\"https:\/\/tiketi.com\/wp-content\/uploads\/2019\/05\/tiketi-logo-696.png\",\"width\":696,\"height\":696,\"caption\":\"Tiketi.com\"},\"image\":{\"@id\":\"https:\/\/tiketi.com\/#\/schema\/logo\/image\/\"},\"sameAs\":[\"https:\/\/www.facebook.com\/TiketiCom\/\"]}]}<\/script>\n<!-- \/ Yoast SEO plugin. -->","yoast_head_json":{"title":"Taxi a\u00e9rien \u00e0 Luanda Application de r\u00e9servation en ligne - Taxis volants \u00e9lectriques","description":"Vous recherchez une application de r\u00e9servation en ligne de taxi a\u00e9rien drone \u00e0 Luanda, un itin\u00e9raire, un horaire et un tarif? Comparez les taxis a\u00e9riens et r\u00e9servez votre taxi volant pas cher \u00e0 Luanda","robots":{"index":"index","follow":"follow","max-snippet":"max-snippet:-1","max-image-preview":"max-image-preview:large","max-video-preview":"max-video-preview:-1"},"canonical":"https:\/\/tiketi.com\/fr-fr\/flying-luanda-air-taxi-booking\/","og_locale":"fr_FR","og_type":"article","og_title":"Air Taxi in Luanda Online Booking App - Electric Flying Taxis","og_description":"Looking for drone air taxi in Luanda online booking app, route, schedule & fare? Compare air taxis and book your cheap flying taxi in Luanda","og_url":"https:\/\/tiketi.com\/fr-fr\/flying-luanda-air-taxi-booking\/","og_site_name":"Tiketi.com","article_publisher":"https:\/\/www.facebook.com\/TiketiCom\/","article_modified_time":"2022-02-17T09:19:55+00:00","og_image":[{"width":1200,"height":200,"url":"https:\/\/tiketi.com\/wp-content\/uploads\/2019\/05\/baia-de-luanda-2345744_1280.jpg","type":"image\/jpeg"}],"twitter_card":"summary_large_image","twitter_misc":{"Dur\u00e9e de lecture estim\u00e9e":"3 minutes"},"schema":{"@context":"https:\/\/schema.org","@graph":[{"@type":"WebPage","@id":"https:\/\/tiketi.com\/flying-luanda-air-taxi-booking\/","url":"https:\/\/tiketi.com\/flying-luanda-air-taxi-booking\/","name":"Taxi a\u00e9rien \u00e0 Luanda Application de r\u00e9servation en ligne - Taxis volants \u00e9lectriques","isPartOf":{"@id":"https:\/\/tiketi.com\/#website"},"primaryImageOfPage":{"@id":"https:\/\/tiketi.com\/flying-luanda-air-taxi-booking\/#primaryimage"},"image":{"@id":"https:\/\/tiketi.com\/flying-luanda-air-taxi-booking\/#primaryimage"},"thumbnailUrl":"https:\/\/tiketi.com\/wp-content\/uploads\/2019\/05\/baia-de-luanda-2345744_1280.jpg","datePublished":"2022-01-19T11:53:28+00:00","dateModified":"2022-02-17T09:19:55+00:00","description":"Vous recherchez une application de r\u00e9servation en ligne de taxi a\u00e9rien drone \u00e0 Luanda, un itin\u00e9raire, un horaire et un tarif? Comparez les taxis a\u00e9riens et r\u00e9servez votre taxi volant pas cher \u00e0 Luanda","breadcrumb":{"@id":"https:\/\/tiketi.com\/flying-luanda-air-taxi-booking\/#breadcrumb"},"inLanguage":"fr-FR","potentialAction":[{"@type":"ReadAction","target":["https:\/\/tiketi.com\/flying-luanda-air-taxi-booking\/"]}]},{"@type":"ImageObject","inLanguage":"fr-FR","@id":"https:\/\/tiketi.com\/flying-luanda-air-taxi-booking\/#primaryimage","url":"https:\/\/tiketi.com\/wp-content\/uploads\/2019\/05\/baia-de-luanda-2345744_1280.jpg","contentUrl":"https:\/\/tiketi.com\/wp-content\/uploads\/2019\/05\/baia-de-luanda-2345744_1280.jpg","width":1200,"height":200,"caption":"Air Taxi in Luanda"},{"@type":"BreadcrumbList","@id":"https:\/\/tiketi.com\/flying-luanda-air-taxi-booking\/#breadcrumb","itemListElement":[{"@type":"ListItem","position":1,"name":"Home","item":"https:\/\/tiketi.com\/"},{"@type":"ListItem","position":2,"name":"Air Taxi in Luanda Online Booking App &#8211; Electric Flying Taxis"}]},{"@type":"WebSite","@id":"https:\/\/tiketi.com\/#website","url":"https:\/\/tiketi.com\/","name":"Billets d&#039;avion et de bus, forfaits touristiques et activit\u00e9s - Tiketi.com","description":"Billets d&#039;avion et de bus, Tours, Activit\u00e9s","publisher":{"@id":"https:\/\/tiketi.com\/#organization"},"potentialAction":[{"@type":"SearchAction","target":{"@type":"EntryPoint","urlTemplate":"https:\/\/tiketi.com\/?s={search_term_string}"},"query-input":{"@type":"PropertyValueSpecification","valueRequired":true,"valueName":"search_term_string"}}],"inLanguage":"fr-FR"},{"@type":"Organization","@id":"https:\/\/tiketi.com\/#organization","name":"Tiketi.com","alternateName":"Tiketi","url":"https:\/\/tiketi.com\/","logo":{"@type":"ImageObject","inLanguage":"fr-FR","@id":"https:\/\/tiketi.com\/#\/schema\/logo\/image\/","url":"https:\/\/tiketi.com\/wp-content\/uploads\/2019\/05\/tiketi-logo-696.png","contentUrl":"https:\/\/tiketi.com\/wp-content\/uploads\/2019\/05\/tiketi-logo-696.png","width":696,"height":696,"caption":"Tiketi.com"},"image":{"@id":"https:\/\/tiketi.com\/#\/schema\/logo\/image\/"},"sameAs":["https:\/\/www.facebook.com\/TiketiCom\/"]}]}},"_links":{"self":[{"href":"https:\/\/tiketi.com\/fr-fr\/wp-json\/wp\/v2\/pages\/10520","targetHints":{"allow":["GET"]}}],"collection":[{"href":"https:\/\/tiketi.com\/fr-fr\/wp-json\/wp\/v2\/pages"}],"about":[{"href":"https:\/\/tiketi.com\/fr-fr\/wp-json\/wp\/v2\/types\/page"}],"author":[{"embeddable":true,"href":"https:\/\/tiketi.com\/fr-fr\/wp-json\/wp\/v2\/users\/1"}],"replies":[{"embeddable":true,"href":"https:\/\/tiketi.com\/fr-fr\/wp-json\/wp\/v2\/comments?post=10520"}],"version-history":[{"count":0,"href":"https:\/\/tiketi.com\/fr-fr\/wp-json\/wp\/v2\/pages\/10520\/revisions"}],"wp:featuredmedia":[{"embeddable":true,"href":"https:\/\/tiketi.com\/fr-fr\/wp-json\/wp\/v2\/media\/20336"}],"wp:attachment":[{"href":"https:\/\/tiketi.com\/fr-fr\/wp-json\/wp\/v2\/media?parent=10520"}],"curies":[{"name":"wp","href":"https:\/\/api.w.org\/{rel}","templated":true}]}}