{"id":10522,"date":"2022-01-19T12:53:28","date_gmt":"2022-01-19T11:53:28","guid":{"rendered":"https:\/\/new.tiketi.com\/durban-air-taxi-booking-app-electric-flying-taxis\/"},"modified":"2025-07-21T11:58:57","modified_gmt":"2025-07-21T10:58:57","slug":"durban","status":"publish","type":"page","link":"https:\/\/tiketi.com\/fr-fr\/volants\/taxi-aerien\/durban\/","title":{"rendered":"Taxi a\u00e9rien \u00e0 Durban Application de r\u00e9servation en ligne - Taxis volants \u00e9lectriques"},"content":{"rendered":"<h2>Durban Air Taxi Booking App<\/h2>\r\n<!-- \/wp:post-content -->\r\n\r\n<!-- wp:paragraph -->\r\n<p>Le service d&#039;application de r\u00e9servation en ligne de taxi a\u00e9rien \u00e9lectrique \u00e0 Durban permettra aux utilisateurs de r\u00e9server un taxi volant \u00e9lectrique \u00e0 Durban qui sera bient\u00f4t lanc\u00e9 \u00e0 Durban. Les taxis a\u00e9riens \u00e0 Durban permettent de voyager pas cher et rapidement \u00e0 Durban. Durban est la troisi\u00e8me ville la plus peupl\u00e9e d&#039;Afrique du Sud apr\u00e8s Cape Town et Johannesburg et la plus grande ville de la province sud du KwaZulu-Natal. Situ\u00e9 sur la c\u00f4te est de l&#039;Afrique du Sud, Durban est le port d&#039;affaires du pays. C&#039;est aussi l&#039;un des grands centres touristiques en raison du climat subtropical chaud et des grandes plages de la ville. Durban fait partie de la municipalit\u00e9 m\u00e9tropolitaine d&#039;eThekwini, qui contient des villes voisines et une population d&#039;environ 3,45 millions d&#039;habitants, faisant de la municipalit\u00e9 rassembl\u00e9e l&#039;une des plus grandes villes de la c\u00f4te de l&#039;oc\u00e9an Indien du continent africain. Comme pour tant d&#039;autres choses, vous pourrez cr\u00e9er \u00e0 tout moment et n&#039;importe o\u00f9 l&#039;application de r\u00e9servation de taxi a\u00e9rien Durban pour votre vol en taxi a\u00e9rien \u00e9lectrique.<\/p>\r\n<!-- \/wp:paragraph -->\r\n\r\n<!-- wp:heading -->\r\n<h2>Voici quelques-uns des avantages du taxi volant \u00e9lectrique \u00e0 Durban<\/h2>\r\n<h3>Que sont les taxis volants \u00e9lectriques eVLTO \u00e0 Durban ?<\/h3>\r\n<!-- \/wp:heading -->\r\n\r\n<!-- wp:paragraph -->\r\n<p>Les taxis a\u00e9riens \u00e9lectriques des avions de Durban, appel\u00e9s eVTOL (d\u00e9collage et atterrissage verticaux \u00e9lectriques), ont \u00e9t\u00e9 con\u00e7us pour transporter des personnes dans l&#039;atmosph\u00e8re urbaine et urbaine.<\/p>\r\n<!-- \/wp:paragraph -->\r\n\r\n<!-- wp:paragraph -->\r\n<p>L&#039;avion fonctionne avec 9 batteries \u00e9lectriques et peut transporter un pilote et un passager.<\/p>\r\n<!-- \/wp:paragraph -->\r\n\r\n<!-- wp:paragraph -->\r\n<p>Les taxis volants \u00e9lectriques \u00e0 Durban auront une autonomie de 35 \u00e0 100 km et une vitesse maximale de 110 mh.<\/p>\r\n<h3>Les taxis a\u00e9riens \u00e9lectriques \u00e0 Durban sont plus efficaces<\/h3>\r\n<!-- \/wp:paragraph -->\r\n\r\n<!-- wp:paragraph -->\r\n<p>Pour des trajets de 100 km, les taxis a\u00e9riens \u00e9lectriques \u00e0 Durban pourraient \u00eatre trente-cinq pour cent plus efficaces qu&#039;une voiture \u00e0 essence - bien que, en supposant le m\u00eame nombre de passagers, ils soient encore moins performants qu&#039;une voiture de route \u00e9lectrique. Quoi qu&#039;il en soit, il est juste de supposer que les v\u00e9hicules volants serviront principalement de services de taxi dans des couloirs a\u00e9riens pr\u00e9d\u00e9finis via des taxis volants dans l&#039;application Durban, donc susceptibles de transporter plus de personnes. Compte tenu de cela, pour un trajet d&#039;une centaine de kilom\u00e8tres, les \u00e9missions des v\u00e9hicules volants pourraient \u00eatre inf\u00e9rieures de 6 % \u00e0 celles des v\u00e9hicules routiers \u00e9lectriques.<\/p>\r\n<h3>Combien co\u00fbtera un taxi volant \u00e9lectrique \u00e0 Durban ?<\/h3>\r\n<!-- \/wp:paragraph -->\r\n\r\n<!-- wp:paragraph -->\r\n<p>Au d\u00e9part, les taxis a\u00e9riens \u00e0 Durban co\u00fbteront environ $5,73 par passager-mile. Vous pouvez facilement r\u00e9server un taxi a\u00e9rien via des taxis volants \u00e9lectriques dans l&#039;application Durban.<\/p>\r\n<!-- \/wp:paragraph -->\r\n\r\n<!-- wp:heading -->\r\n<h2>Avantages de l&#039;application de r\u00e9servation de taxi a\u00e9rien \u00e9lectrique Durban<\/h2>\r\n<!-- \/wp:heading -->\r\n\r\n<!-- wp:paragraph -->\r\n<p>Parmi ses autres avantages, la r\u00e9servation en ligne de taxi drone \u00e9lectrique \u00e0 Durban pourrait fournir un boom \u00e9conomique en augmentant le nombre de personnes se dirigeant vers des lieux de loisirs et de tourisme qui ne sont pas \u00e0 proximit\u00e9 des grands a\u00e9roports.<\/p>\r\n<!-- \/wp:paragraph -->\r\n\r\n<!-- wp:heading {\"level\":3} -->\r\n<h3>L&#039;application de r\u00e9servation en ligne de taxi a\u00e9rien \u00e0 Durban serait-elle utilis\u00e9e pour r\u00e9server un vol en taxi a\u00e9rien \u00e9lectrique\u00a0?<\/h3>\r\n<!-- \/wp:heading -->\r\n\r\n<!-- wp:paragraph -->\r\n<p>Oui, les clients peuvent utiliser de mani\u00e8re transparente l&#039;application de r\u00e9servation de taxi a\u00e9rien \u00e9lectrique Durban pour trouver le meilleur itin\u00e9raire et r\u00e9server un taxi volant \u00e0 Durban \u00e0 tout moment et n&#039;importe o\u00f9.<\/p>","protected":false},"excerpt":{"rendered":"<p>Durban Air Taxi Booking App Electric air taxi in Durban online booking app service will enable users to book electric flying taxi in Durban launching in Durban soon. Air taxis in Durban makes possible to travel cheap and fast in Durban. Durban is the third most populous city in South Africa after Cape Town and [&hellip;]<\/p>\n","protected":false},"author":1,"featured_media":18135,"parent":25621,"menu_order":0,"comment_status":"open","ping_status":"closed","template":"template-home-modern.php","meta":{"footnotes":""},"class_list":["post-10522","page","type-page","status-publish","has-post-thumbnail","hentry"],"yoast_head":"<!-- This site is optimized with the Yoast SEO plugin v27.2 - https:\/\/yoast.com\/product\/yoast-seo-wordpress\/ -->\n<title>Air Taxi in Durban Online Booking App - Electric Flying Taxis<\/title>\n<meta name=\"description\" content=\"Looking for drone air taxi in Durban online booking app, route, schedule &amp; fare? Compare air taxis and book your cheap flying taxi in Durban\" \/>\n<meta name=\"robots\" content=\"index, follow, max-snippet:-1, max-image-preview:large, max-video-preview:-1\" \/>\n<link rel=\"canonical\" href=\"https:\/\/tiketi.com\/fr-fr\/volants\/taxi-aerien\/durban\/\" \/>\n<meta property=\"og:locale\" content=\"fr_FR\" \/>\n<meta property=\"og:type\" content=\"article\" \/>\n<meta property=\"og:title\" content=\"Air Taxi in Durban Online Booking App - Electric Flying Taxis\" \/>\n<meta property=\"og:description\" content=\"Looking for drone air taxi in Durban online booking app, route, schedule &amp; fare? Compare air taxis and book your cheap flying taxi in Durban\" \/>\n<meta property=\"og:url\" content=\"https:\/\/tiketi.com\/fr-fr\/volants\/taxi-aerien\/durban\/\" \/>\n<meta property=\"og:site_name\" content=\"Tiketi.com\" \/>\n<meta property=\"article:publisher\" content=\"https:\/\/www.facebook.com\/TiketiCom\/\" \/>\n<meta property=\"article:modified_time\" content=\"2025-07-21T10:58:57+00:00\" \/>\n<meta property=\"og:image\" content=\"https:\/\/tiketi.com\/wp-content\/uploads\/2019\/05\/durban-captureson-photography-YYWr.jpg\" \/>\n\t<meta property=\"og:image:width\" content=\"1200\" \/>\n\t<meta property=\"og:image:height\" content=\"202\" \/>\n\t<meta property=\"og:image:type\" content=\"image\/jpeg\" \/>\n<meta name=\"twitter:card\" content=\"summary_large_image\" \/>\n<meta name=\"twitter:label1\" content=\"Dur\u00e9e de lecture estim\u00e9e\" \/>\n\t<meta name=\"twitter:data1\" content=\"3 minutes\" \/>\n<script type=\"application\/ld+json\" class=\"yoast-schema-graph\">{\"@context\":\"https:\/\/schema.org\",\"@graph\":[{\"@type\":\"WebPage\",\"@id\":\"https:\/\/tiketi.com\/flying\/air-taxi\/durban\/\",\"url\":\"https:\/\/tiketi.com\/flying\/air-taxi\/durban\/\",\"name\":\"Air Taxi in Durban Online Booking App - Electric Flying Taxis\",\"isPartOf\":{\"@id\":\"https:\/\/tiketi.com\/#website\"},\"primaryImageOfPage\":{\"@id\":\"https:\/\/tiketi.com\/flying\/air-taxi\/durban\/#primaryimage\"},\"image\":{\"@id\":\"https:\/\/tiketi.com\/flying\/air-taxi\/durban\/#primaryimage\"},\"thumbnailUrl\":\"https:\/\/tiketi.com\/wp-content\/uploads\/2019\/05\/durban-captureson-photography-YYWr.jpg\",\"datePublished\":\"2022-01-19T11:53:28+00:00\",\"dateModified\":\"2025-07-21T10:58:57+00:00\",\"description\":\"Looking for drone air taxi in Durban online booking app, route, schedule & fare? Compare air taxis and book your cheap flying taxi in Durban\",\"breadcrumb\":{\"@id\":\"https:\/\/tiketi.com\/flying\/air-taxi\/durban\/#breadcrumb\"},\"inLanguage\":\"fr-FR\",\"potentialAction\":[{\"@type\":\"ReadAction\",\"target\":[\"https:\/\/tiketi.com\/flying\/air-taxi\/durban\/\"]}]},{\"@type\":\"ImageObject\",\"inLanguage\":\"fr-FR\",\"@id\":\"https:\/\/tiketi.com\/flying\/air-taxi\/durban\/#primaryimage\",\"url\":\"https:\/\/tiketi.com\/wp-content\/uploads\/2019\/05\/durban-captureson-photography-YYWr.jpg\",\"contentUrl\":\"https:\/\/tiketi.com\/wp-content\/uploads\/2019\/05\/durban-captureson-photography-YYWr.jpg\",\"width\":1200,\"height\":202,\"caption\":\"Durban air taxi\"},{\"@type\":\"BreadcrumbList\",\"@id\":\"https:\/\/tiketi.com\/flying\/air-taxi\/durban\/#breadcrumb\",\"itemListElement\":[{\"@type\":\"ListItem\",\"position\":1,\"name\":\"Home\",\"item\":\"https:\/\/tiketi.com\/\"},{\"@type\":\"ListItem\",\"position\":2,\"name\":\"Flying\",\"item\":\"https:\/\/tiketi.com\/fr-fr\/volants\/\"},{\"@type\":\"ListItem\",\"position\":3,\"name\":\"Air Taxi\",\"item\":\"https:\/\/tiketi.com\/flying\/air-taxi\/\"},{\"@type\":\"ListItem\",\"position\":4,\"name\":\"Air Taxi in Durban Online Booking App &#8211; Electric Flying Taxis\"}]},{\"@type\":\"WebSite\",\"@id\":\"https:\/\/tiketi.com\/#website\",\"url\":\"https:\/\/tiketi.com\/\",\"name\":\"Flight & Bus Tickets, Tour Packages & Activitites - Tiketi.com\",\"description\":\"Flight &amp; Bus Tickets, Tours, Activitites\",\"publisher\":{\"@id\":\"https:\/\/tiketi.com\/#organization\"},\"potentialAction\":[{\"@type\":\"SearchAction\",\"target\":{\"@type\":\"EntryPoint\",\"urlTemplate\":\"https:\/\/tiketi.com\/?s={search_term_string}\"},\"query-input\":{\"@type\":\"PropertyValueSpecification\",\"valueRequired\":true,\"valueName\":\"search_term_string\"}}],\"inLanguage\":\"fr-FR\"},{\"@type\":\"Organization\",\"@id\":\"https:\/\/tiketi.com\/#organization\",\"name\":\"Tiketi.com\",\"alternateName\":\"Tiketi\",\"url\":\"https:\/\/tiketi.com\/\",\"logo\":{\"@type\":\"ImageObject\",\"inLanguage\":\"fr-FR\",\"@id\":\"https:\/\/tiketi.com\/#\/schema\/logo\/image\/\",\"url\":\"https:\/\/tiketi.com\/wp-content\/uploads\/2019\/05\/tiketi-logo-696.png\",\"contentUrl\":\"https:\/\/tiketi.com\/wp-content\/uploads\/2019\/05\/tiketi-logo-696.png\",\"width\":696,\"height\":696,\"caption\":\"Tiketi.com\"},\"image\":{\"@id\":\"https:\/\/tiketi.com\/#\/schema\/logo\/image\/\"},\"sameAs\":[\"https:\/\/www.facebook.com\/TiketiCom\/\"]}]}<\/script>\n<!-- \/ Yoast SEO plugin. -->","yoast_head_json":{"title":"Taxi a\u00e9rien \u00e0 Durban Application de r\u00e9servation en ligne - Taxis volants \u00e9lectriques","description":"Vous recherchez une application de r\u00e9servation en ligne de taxi a\u00e9rien drone \u00e0 Durban, un itin\u00e9raire, un horaire et un tarif\u00a0? Comparez les taxis a\u00e9riens et r\u00e9servez votre taxi volant pas cher \u00e0 Durban","robots":{"index":"index","follow":"follow","max-snippet":"max-snippet:-1","max-image-preview":"max-image-preview:large","max-video-preview":"max-video-preview:-1"},"canonical":"https:\/\/tiketi.com\/fr-fr\/volants\/taxi-aerien\/durban\/","og_locale":"fr_FR","og_type":"article","og_title":"Air Taxi in Durban Online Booking App - Electric Flying Taxis","og_description":"Looking for drone air taxi in Durban online booking app, route, schedule & fare? Compare air taxis and book your cheap flying taxi in Durban","og_url":"https:\/\/tiketi.com\/fr-fr\/volants\/taxi-aerien\/durban\/","og_site_name":"Tiketi.com","article_publisher":"https:\/\/www.facebook.com\/TiketiCom\/","article_modified_time":"2025-07-21T10:58:57+00:00","og_image":[{"width":1200,"height":202,"url":"https:\/\/tiketi.com\/wp-content\/uploads\/2019\/05\/durban-captureson-photography-YYWr.jpg","type":"image\/jpeg"}],"twitter_card":"summary_large_image","twitter_misc":{"Dur\u00e9e de lecture estim\u00e9e":"3 minutes"},"schema":{"@context":"https:\/\/schema.org","@graph":[{"@type":"WebPage","@id":"https:\/\/tiketi.com\/flying\/air-taxi\/durban\/","url":"https:\/\/tiketi.com\/flying\/air-taxi\/durban\/","name":"Taxi a\u00e9rien \u00e0 Durban Application de r\u00e9servation en ligne - Taxis volants \u00e9lectriques","isPartOf":{"@id":"https:\/\/tiketi.com\/#website"},"primaryImageOfPage":{"@id":"https:\/\/tiketi.com\/flying\/air-taxi\/durban\/#primaryimage"},"image":{"@id":"https:\/\/tiketi.com\/flying\/air-taxi\/durban\/#primaryimage"},"thumbnailUrl":"https:\/\/tiketi.com\/wp-content\/uploads\/2019\/05\/durban-captureson-photography-YYWr.jpg","datePublished":"2022-01-19T11:53:28+00:00","dateModified":"2025-07-21T10:58:57+00:00","description":"Vous recherchez une application de r\u00e9servation en ligne de taxi a\u00e9rien drone \u00e0 Durban, un itin\u00e9raire, un horaire et un tarif\u00a0? Comparez les taxis a\u00e9riens et r\u00e9servez votre taxi volant pas cher \u00e0 Durban","breadcrumb":{"@id":"https:\/\/tiketi.com\/flying\/air-taxi\/durban\/#breadcrumb"},"inLanguage":"fr-FR","potentialAction":[{"@type":"ReadAction","target":["https:\/\/tiketi.com\/flying\/air-taxi\/durban\/"]}]},{"@type":"ImageObject","inLanguage":"fr-FR","@id":"https:\/\/tiketi.com\/flying\/air-taxi\/durban\/#primaryimage","url":"https:\/\/tiketi.com\/wp-content\/uploads\/2019\/05\/durban-captureson-photography-YYWr.jpg","contentUrl":"https:\/\/tiketi.com\/wp-content\/uploads\/2019\/05\/durban-captureson-photography-YYWr.jpg","width":1200,"height":202,"caption":"Durban air taxi"},{"@type":"BreadcrumbList","@id":"https:\/\/tiketi.com\/flying\/air-taxi\/durban\/#breadcrumb","itemListElement":[{"@type":"ListItem","position":1,"name":"Home","item":"https:\/\/tiketi.com\/"},{"@type":"ListItem","position":2,"name":"Flying","item":"https:\/\/tiketi.com\/fr-fr\/volants\/"},{"@type":"ListItem","position":3,"name":"Air Taxi","item":"https:\/\/tiketi.com\/flying\/air-taxi\/"},{"@type":"ListItem","position":4,"name":"Air Taxi in Durban Online Booking App &#8211; Electric Flying Taxis"}]},{"@type":"WebSite","@id":"https:\/\/tiketi.com\/#website","url":"https:\/\/tiketi.com\/","name":"Billets d&#039;avion et de bus, forfaits touristiques et activit\u00e9s - Tiketi.com","description":"Billets d&#039;avion et de bus, Tours, Activit\u00e9s","publisher":{"@id":"https:\/\/tiketi.com\/#organization"},"potentialAction":[{"@type":"SearchAction","target":{"@type":"EntryPoint","urlTemplate":"https:\/\/tiketi.com\/?s={search_term_string}"},"query-input":{"@type":"PropertyValueSpecification","valueRequired":true,"valueName":"search_term_string"}}],"inLanguage":"fr-FR"},{"@type":"Organization","@id":"https:\/\/tiketi.com\/#organization","name":"Tiketi.com","alternateName":"Tiketi","url":"https:\/\/tiketi.com\/","logo":{"@type":"ImageObject","inLanguage":"fr-FR","@id":"https:\/\/tiketi.com\/#\/schema\/logo\/image\/","url":"https:\/\/tiketi.com\/wp-content\/uploads\/2019\/05\/tiketi-logo-696.png","contentUrl":"https:\/\/tiketi.com\/wp-content\/uploads\/2019\/05\/tiketi-logo-696.png","width":696,"height":696,"caption":"Tiketi.com"},"image":{"@id":"https:\/\/tiketi.com\/#\/schema\/logo\/image\/"},"sameAs":["https:\/\/www.facebook.com\/TiketiCom\/"]}]}},"_links":{"self":[{"href":"https:\/\/tiketi.com\/fr-fr\/wp-json\/wp\/v2\/pages\/10522","targetHints":{"allow":["GET"]}}],"collection":[{"href":"https:\/\/tiketi.com\/fr-fr\/wp-json\/wp\/v2\/pages"}],"about":[{"href":"https:\/\/tiketi.com\/fr-fr\/wp-json\/wp\/v2\/types\/page"}],"author":[{"embeddable":true,"href":"https:\/\/tiketi.com\/fr-fr\/wp-json\/wp\/v2\/users\/1"}],"replies":[{"embeddable":true,"href":"https:\/\/tiketi.com\/fr-fr\/wp-json\/wp\/v2\/comments?post=10522"}],"version-history":[{"count":1,"href":"https:\/\/tiketi.com\/fr-fr\/wp-json\/wp\/v2\/pages\/10522\/revisions"}],"predecessor-version":[{"id":32016,"href":"https:\/\/tiketi.com\/fr-fr\/wp-json\/wp\/v2\/pages\/10522\/revisions\/32016"}],"up":[{"embeddable":true,"href":"https:\/\/tiketi.com\/fr-fr\/wp-json\/wp\/v2\/pages\/25621"}],"wp:featuredmedia":[{"embeddable":true,"href":"https:\/\/tiketi.com\/fr-fr\/wp-json\/wp\/v2\/media\/18135"}],"wp:attachment":[{"href":"https:\/\/tiketi.com\/fr-fr\/wp-json\/wp\/v2\/media?parent=10522"}],"curies":[{"name":"wp","href":"https:\/\/api.w.org\/{rel}","templated":true}]}}