{"id":10524,"date":"2022-01-19T12:53:28","date_gmt":"2022-01-19T11:53:28","guid":{"rendered":"https:\/\/new.tiketi.com\/abidjan-air-taxi-booking-app-electric-flying-taxis\/"},"modified":"2022-02-02T12:13:52","modified_gmt":"2022-02-02T11:13:52","slug":"flying-abidjan-air-taxi-booking","status":"publish","type":"page","link":"https:\/\/tiketi.com\/fr-fr\/flying-abidjan-air-taxi-booking\/","title":{"rendered":"Taxi A\u00e9rien \u00e0 Abidjan Booking App \u2013 Taxis Volants Electriques"},"content":{"rendered":"<h2>Application de r\u00e9servation de taxi a\u00e9rien \u00e9lectrique d&#039;Abidjan<\/h2>\n<p>Le service d&#039;application de r\u00e9servation en ligne de taxi a\u00e9rien \u00e9lectrique \u00e0 Abidjan permet aux utilisateurs de r\u00e9server un taxi volant \u00e9lectrique avec drone \u00e0 Abidjan \u00e0 tout moment - nous rendons la r\u00e9servation de taxi a\u00e9rien \u00e0 Abidjan simple, abordable et accessible \u00e0 tous. <span style=\"font-size: revert; color: initial;\">Les taxis a\u00e9riens \u00e0 Abidjan permettent de voyager pas cher et rapidement en C\u00f4te d&#039;Ivoire. Abidjan est la capitale financi\u00e8re de la C\u00f4te d&#039;Ivoire et l&#039;une des villes francophones les plus peupl\u00e9es d&#039;Afrique. Selon le recensement de 2014, la population d&#039;Abidjan \u00e9tait de 4,7 millions, soit vingt pour cent de la population totale du pays, ce qui en fait \u00e9galement la 6\u00e8me ville la plus peupl\u00e9e d&#039;Afrique, apr\u00e8s Le Caire, Lagos, Kinshasa, Johannesburg et Dar es Salaam. Carrefour culturel de l&#039;Afrique de l&#039;Ouest, Abidjan se caract\u00e9rise par un haut niveau d&#039;urbanisation et d&#039;industrialisation. Les monuments modernes contiennent une pyramide de Ly, la cath\u00e9drale Saint-Paul, un b\u00e2timent semblable \u00e0 la Ziggourat est une structure plongeante attach\u00e9e \u00e0 une grande croix. Comme pour tant d&#039;autres choses, vous pourrez faire \u00e0 tout moment et n&#039;importe o\u00f9 la r\u00e9servation en ligne d&#039;un taxi drone \u00e0 Abidjan pour votre vol en taxi a\u00e9rien \u00e9lectrique.<\/span><\/p>\n<h2>Voici quelques-uns des avantages du taxi volant \u00e9lectrique \u00e0 Abidjan, C\u00f4te d&#039;Ivoire<\/h2>\n<h3>Que sont les taxis volants \u00e9lectriques eVLTO \u00e0 Abidjan ?<\/h3>\n<p>Les taxis a\u00e9riens \u00e9lectriques d&#039;Abidjan, appel\u00e9s eVTOL (d\u00e9collage et atterrissage verticaux \u00e9lectriques), ont \u00e9t\u00e9 con\u00e7us pour transporter des personnes dans l&#039;atmosph\u00e8re urbaine et citadine.<\/p>\n<p>L&#039;avion fonctionne avec 9 batteries \u00e9lectriques et peut transporter un pilote et un passager.<\/p>\n<p>Il aura une port\u00e9e de 35 km et une vitesse maximale de 110 mh.<\/p>\n<h3>Les taxis a\u00e9riens \u00e9lectriques \u00e0 Abidjan, en C\u00f4te d&#039;Ivoire, sont plus efficaces<\/h3>\n<p>Pour des trajets de 100 km, les taxis a\u00e9riens \u00e9lectriques \u00e0 Abidjan pourraient \u00eatre trente-cinq pour cent plus efficaces qu&#039;une voiture \u00e0 essence - bien que, en supposant le m\u00eame nombre de passagers, toujours moins efficaces qu&#039;une voiture de route \u00e9lectrique. Quoi qu&#039;il en soit, il est juste de supposer que les v\u00e9hicules volants serviront principalement de services de taxi dans des couloirs a\u00e9riens pr\u00e9d\u00e9finis via des taxis volants dans l&#039;application Abidjan, donc susceptibles de transporter plus de personnes. Compte tenu de cela, pour un trajet d&#039;une centaine de kilom\u00e8tres, les \u00e9missions des v\u00e9hicules volants pourraient \u00eatre inf\u00e9rieures de 6 % \u00e0 celles des v\u00e9hicules routiers \u00e9lectriques.<\/p>\n<h3>Combien co\u00fbtera un taxi volant \u00e9lectrique \u00e0 Abidjan ?<\/h3>\n<p>Au d\u00e9part, les taxis volants \u00e0 Abidjan co\u00fbteront environ $5,73 par passager-mile. Vous pouvez facilement r\u00e9server un taxi a\u00e9rien via des taxis volants \u00e9lectriques dans l&#039;application Abidjan.<\/p>\n<h3>Combien co\u00fbtera un taxi volant \u00e9lectrique \u00e0 Abidjan ?<\/h3>\n<p>Dans un premier temps, les taxis a\u00e9riens \u00e9lectriques \u00e0 Abidjan co\u00fbteront environ $5,73 par passager-mile. Vous pouvez facilement r\u00e9server un taxi a\u00e9rien par drone via des taxis volants \u00e9lectriques dans l&#039;application Abidjan. Le co\u00fbt chutera ensuite \u00e0 $1,85 par mile passager avant d&#039;atteindre finalement le taux incroyable du client de $0,44 par mile.<\/p>\n<h2>Avantages de l&#039;application de r\u00e9servation de taxi a\u00e9rien \u00e9lectrique Abidjan<\/h2>\n<p>Parmi ses autres avantages, la r\u00e9servation en ligne de taxi drone \u00e0 Abidjan pourrait apporter un boom \u00e9conomique en augmentant le nombre de personnes se dirigeant vers des lieux de loisirs et de tourisme \u00e9loign\u00e9s des grands a\u00e9roports.<\/p>\n<h3>L&#039;application de r\u00e9servation en ligne de taxi a\u00e9rien drone \u00e0 Abidjan serait-elle utilis\u00e9e pour r\u00e9server un vol de taxi a\u00e9rien \u00e9lectrique?<\/h3>\n<p>Oui, les clients peuvent utiliser de mani\u00e8re transparente l&#039;application de r\u00e9servation de taxi a\u00e9rien drone Abidjan pour trouver le meilleur itin\u00e9raire et r\u00e9server un vol de taxi volant \u00e0 Abidjan \u00e0 tout moment et n&#039;importe o\u00f9.<\/p>","protected":false},"excerpt":{"rendered":"<p>Electric Abidjan Air Taxi Booking App Electric air taxi in Abidjan online booking app service enable users to book drone electric flying taxi in Abidjan anytime &#8211; we are making Abidjan air taxi booking simple, affordable and accessible for everyone. Air taxis in Abidjan makes possible to travel cheap and fast in Cote d Ivoire. [&hellip;]<\/p>\n","protected":false},"author":1,"featured_media":14057,"parent":0,"menu_order":0,"comment_status":"open","ping_status":"closed","template":"template-home-modern.php","meta":{"footnotes":""},"class_list":["post-10524","page","type-page","status-publish","has-post-thumbnail","hentry"],"yoast_head":"<!-- This site is optimized with the Yoast SEO plugin v27.3 - https:\/\/yoast.com\/product\/yoast-seo-wordpress\/ -->\n<title>Air Taxi in Abidjan Online Booking App - Electric Flying Taxis<\/title>\n<meta name=\"description\" content=\"Looking for drone air taxi in Abidjan online booking app, route, schedule &amp; fare? Compare Abidjan air taxis and book your cheap flying taxi in Abidjan\" \/>\n<meta name=\"robots\" content=\"index, follow, max-snippet:-1, max-image-preview:large, max-video-preview:-1\" \/>\n<link rel=\"canonical\" href=\"https:\/\/tiketi.com\/fr-fr\/flying-abidjan-air-taxi-booking\/\" \/>\n<meta property=\"og:locale\" content=\"fr_FR\" \/>\n<meta property=\"og:type\" content=\"article\" \/>\n<meta property=\"og:title\" content=\"Air Taxi in Abidjan Online Booking App - Electric Flying Taxis\" \/>\n<meta property=\"og:description\" content=\"Looking for drone air taxi in Abidjan online booking app, route, schedule &amp; fare? Compare Abidjan air taxis and book your cheap flying taxi in Abidjan\" \/>\n<meta property=\"og:url\" content=\"https:\/\/tiketi.com\/fr-fr\/flying-abidjan-air-taxi-booking\/\" \/>\n<meta property=\"og:site_name\" content=\"Tiketi.com\" \/>\n<meta property=\"article:publisher\" content=\"https:\/\/www.facebook.com\/TiketiCom\/\" \/>\n<meta property=\"article:modified_time\" content=\"2022-02-02T11:13:52+00:00\" \/>\n<meta property=\"og:image\" content=\"https:\/\/tiketi.com\/wp-content\/uploads\/2022\/01\/drone-air-taxi-6819108_1280.jpg\" \/>\n\t<meta property=\"og:image:width\" content=\"1213\" \/>\n\t<meta property=\"og:image:height\" content=\"200\" \/>\n\t<meta property=\"og:image:type\" content=\"image\/jpeg\" \/>\n<meta name=\"twitter:card\" content=\"summary_large_image\" \/>\n<meta name=\"twitter:label1\" content=\"Dur\u00e9e de lecture estim\u00e9e\" \/>\n\t<meta name=\"twitter:data1\" content=\"3 minutes\" \/>\n<script type=\"application\/ld+json\" class=\"yoast-schema-graph\">{\"@context\":\"https:\\\/\\\/schema.org\",\"@graph\":[{\"@type\":\"WebPage\",\"@id\":\"https:\\\/\\\/tiketi.com\\\/flying-abidjan-air-taxi-booking\\\/\",\"url\":\"https:\\\/\\\/tiketi.com\\\/flying-abidjan-air-taxi-booking\\\/\",\"name\":\"Air Taxi in Abidjan Online Booking App - Electric Flying Taxis\",\"isPartOf\":{\"@id\":\"https:\\\/\\\/tiketi.com\\\/#website\"},\"primaryImageOfPage\":{\"@id\":\"https:\\\/\\\/tiketi.com\\\/flying-abidjan-air-taxi-booking\\\/#primaryimage\"},\"image\":{\"@id\":\"https:\\\/\\\/tiketi.com\\\/flying-abidjan-air-taxi-booking\\\/#primaryimage\"},\"thumbnailUrl\":\"https:\\\/\\\/tiketi.com\\\/wp-content\\\/uploads\\\/2022\\\/01\\\/drone-air-taxi-6819108_1280.jpg\",\"datePublished\":\"2022-01-19T11:53:28+00:00\",\"dateModified\":\"2022-02-02T11:13:52+00:00\",\"description\":\"Looking for drone air taxi in Abidjan online booking app, route, schedule & fare? Compare Abidjan air taxis and book your cheap flying taxi in Abidjan\",\"breadcrumb\":{\"@id\":\"https:\\\/\\\/tiketi.com\\\/flying-abidjan-air-taxi-booking\\\/#breadcrumb\"},\"inLanguage\":\"fr-FR\",\"potentialAction\":[{\"@type\":\"ReadAction\",\"target\":[\"https:\\\/\\\/tiketi.com\\\/flying-abidjan-air-taxi-booking\\\/\"]}]},{\"@type\":\"ImageObject\",\"inLanguage\":\"fr-FR\",\"@id\":\"https:\\\/\\\/tiketi.com\\\/flying-abidjan-air-taxi-booking\\\/#primaryimage\",\"url\":\"https:\\\/\\\/tiketi.com\\\/wp-content\\\/uploads\\\/2022\\\/01\\\/drone-air-taxi-6819108_1280.jpg\",\"contentUrl\":\"https:\\\/\\\/tiketi.com\\\/wp-content\\\/uploads\\\/2022\\\/01\\\/drone-air-taxi-6819108_1280.jpg\",\"width\":1213,\"height\":200,\"caption\":\"Drone Air taxi\"},{\"@type\":\"BreadcrumbList\",\"@id\":\"https:\\\/\\\/tiketi.com\\\/flying-abidjan-air-taxi-booking\\\/#breadcrumb\",\"itemListElement\":[{\"@type\":\"ListItem\",\"position\":1,\"name\":\"Home\",\"item\":\"https:\\\/\\\/tiketi.com\\\/\"},{\"@type\":\"ListItem\",\"position\":2,\"name\":\"Air Taxi in Abidjan Booking App &#8211; Electric Flying Taxis\"}]},{\"@type\":\"WebSite\",\"@id\":\"https:\\\/\\\/tiketi.com\\\/#website\",\"url\":\"https:\\\/\\\/tiketi.com\\\/\",\"name\":\"Flight & Bus Tickets, Tour Packages & Activitites - Tiketi.com\",\"description\":\"Flight &amp; Bus Tickets, Tours, Activitites\",\"publisher\":{\"@id\":\"https:\\\/\\\/tiketi.com\\\/#organization\"},\"potentialAction\":[{\"@type\":\"SearchAction\",\"target\":{\"@type\":\"EntryPoint\",\"urlTemplate\":\"https:\\\/\\\/tiketi.com\\\/?s={search_term_string}\"},\"query-input\":{\"@type\":\"PropertyValueSpecification\",\"valueRequired\":true,\"valueName\":\"search_term_string\"}}],\"inLanguage\":\"fr-FR\"},{\"@type\":\"Organization\",\"@id\":\"https:\\\/\\\/tiketi.com\\\/#organization\",\"name\":\"Tiketi.com\",\"alternateName\":\"Tiketi\",\"url\":\"https:\\\/\\\/tiketi.com\\\/\",\"logo\":{\"@type\":\"ImageObject\",\"inLanguage\":\"fr-FR\",\"@id\":\"https:\\\/\\\/tiketi.com\\\/#\\\/schema\\\/logo\\\/image\\\/\",\"url\":\"https:\\\/\\\/tiketi.com\\\/wp-content\\\/uploads\\\/2019\\\/05\\\/tiketi-logo-696.png\",\"contentUrl\":\"https:\\\/\\\/tiketi.com\\\/wp-content\\\/uploads\\\/2019\\\/05\\\/tiketi-logo-696.png\",\"width\":696,\"height\":696,\"caption\":\"Tiketi.com\"},\"image\":{\"@id\":\"https:\\\/\\\/tiketi.com\\\/#\\\/schema\\\/logo\\\/image\\\/\"},\"sameAs\":[\"https:\\\/\\\/www.facebook.com\\\/TiketiCom\\\/\"]}]}<\/script>\n<!-- \/ Yoast SEO plugin. -->","yoast_head_json":{"title":"Taxi A\u00e9rien \u00e0 Abidjan Application de R\u00e9servation en Ligne - Taxis Volants Electriques","description":"Vous recherchez une application de r\u00e9servation en ligne de taxi a\u00e9rien drone \u00e0 Abidjan, un itin\u00e9raire, un horaire et un tarif? Comparez les taxis a\u00e9riens Abidjan et r\u00e9servez votre taxi volant pas cher \u00e0 Abidjan","robots":{"index":"index","follow":"follow","max-snippet":"max-snippet:-1","max-image-preview":"max-image-preview:large","max-video-preview":"max-video-preview:-1"},"canonical":"https:\/\/tiketi.com\/fr-fr\/flying-abidjan-air-taxi-booking\/","og_locale":"fr_FR","og_type":"article","og_title":"Air Taxi in Abidjan Online Booking App - Electric Flying Taxis","og_description":"Looking for drone air taxi in Abidjan online booking app, route, schedule & fare? Compare Abidjan air taxis and book your cheap flying taxi in Abidjan","og_url":"https:\/\/tiketi.com\/fr-fr\/flying-abidjan-air-taxi-booking\/","og_site_name":"Tiketi.com","article_publisher":"https:\/\/www.facebook.com\/TiketiCom\/","article_modified_time":"2022-02-02T11:13:52+00:00","og_image":[{"width":1213,"height":200,"url":"https:\/\/tiketi.com\/wp-content\/uploads\/2022\/01\/drone-air-taxi-6819108_1280.jpg","type":"image\/jpeg"}],"twitter_card":"summary_large_image","twitter_misc":{"Dur\u00e9e de lecture estim\u00e9e":"3 minutes"},"schema":{"@context":"https:\/\/schema.org","@graph":[{"@type":"WebPage","@id":"https:\/\/tiketi.com\/flying-abidjan-air-taxi-booking\/","url":"https:\/\/tiketi.com\/flying-abidjan-air-taxi-booking\/","name":"Taxi A\u00e9rien \u00e0 Abidjan Application de R\u00e9servation en Ligne - Taxis Volants Electriques","isPartOf":{"@id":"https:\/\/tiketi.com\/#website"},"primaryImageOfPage":{"@id":"https:\/\/tiketi.com\/flying-abidjan-air-taxi-booking\/#primaryimage"},"image":{"@id":"https:\/\/tiketi.com\/flying-abidjan-air-taxi-booking\/#primaryimage"},"thumbnailUrl":"https:\/\/tiketi.com\/wp-content\/uploads\/2022\/01\/drone-air-taxi-6819108_1280.jpg","datePublished":"2022-01-19T11:53:28+00:00","dateModified":"2022-02-02T11:13:52+00:00","description":"Vous recherchez une application de r\u00e9servation en ligne de taxi a\u00e9rien drone \u00e0 Abidjan, un itin\u00e9raire, un horaire et un tarif? Comparez les taxis a\u00e9riens Abidjan et r\u00e9servez votre taxi volant pas cher \u00e0 Abidjan","breadcrumb":{"@id":"https:\/\/tiketi.com\/flying-abidjan-air-taxi-booking\/#breadcrumb"},"inLanguage":"fr-FR","potentialAction":[{"@type":"ReadAction","target":["https:\/\/tiketi.com\/flying-abidjan-air-taxi-booking\/"]}]},{"@type":"ImageObject","inLanguage":"fr-FR","@id":"https:\/\/tiketi.com\/flying-abidjan-air-taxi-booking\/#primaryimage","url":"https:\/\/tiketi.com\/wp-content\/uploads\/2022\/01\/drone-air-taxi-6819108_1280.jpg","contentUrl":"https:\/\/tiketi.com\/wp-content\/uploads\/2022\/01\/drone-air-taxi-6819108_1280.jpg","width":1213,"height":200,"caption":"Drone Air taxi"},{"@type":"BreadcrumbList","@id":"https:\/\/tiketi.com\/flying-abidjan-air-taxi-booking\/#breadcrumb","itemListElement":[{"@type":"ListItem","position":1,"name":"Home","item":"https:\/\/tiketi.com\/"},{"@type":"ListItem","position":2,"name":"Air Taxi in Abidjan Booking App &#8211; Electric Flying Taxis"}]},{"@type":"WebSite","@id":"https:\/\/tiketi.com\/#website","url":"https:\/\/tiketi.com\/","name":"Billets d&#039;avion et de bus, forfaits touristiques et activit\u00e9s - Tiketi.com","description":"Billets d&#039;avion et de bus, Tours, Activit\u00e9s","publisher":{"@id":"https:\/\/tiketi.com\/#organization"},"potentialAction":[{"@type":"SearchAction","target":{"@type":"EntryPoint","urlTemplate":"https:\/\/tiketi.com\/?s={search_term_string}"},"query-input":{"@type":"PropertyValueSpecification","valueRequired":true,"valueName":"search_term_string"}}],"inLanguage":"fr-FR"},{"@type":"Organization","@id":"https:\/\/tiketi.com\/#organization","name":"Tiketi.com","alternateName":"Tiketi","url":"https:\/\/tiketi.com\/","logo":{"@type":"ImageObject","inLanguage":"fr-FR","@id":"https:\/\/tiketi.com\/#\/schema\/logo\/image\/","url":"https:\/\/tiketi.com\/wp-content\/uploads\/2019\/05\/tiketi-logo-696.png","contentUrl":"https:\/\/tiketi.com\/wp-content\/uploads\/2019\/05\/tiketi-logo-696.png","width":696,"height":696,"caption":"Tiketi.com"},"image":{"@id":"https:\/\/tiketi.com\/#\/schema\/logo\/image\/"},"sameAs":["https:\/\/www.facebook.com\/TiketiCom\/"]}]}},"_links":{"self":[{"href":"https:\/\/tiketi.com\/fr-fr\/wp-json\/wp\/v2\/pages\/10524","targetHints":{"allow":["GET"]}}],"collection":[{"href":"https:\/\/tiketi.com\/fr-fr\/wp-json\/wp\/v2\/pages"}],"about":[{"href":"https:\/\/tiketi.com\/fr-fr\/wp-json\/wp\/v2\/types\/page"}],"author":[{"embeddable":true,"href":"https:\/\/tiketi.com\/fr-fr\/wp-json\/wp\/v2\/users\/1"}],"replies":[{"embeddable":true,"href":"https:\/\/tiketi.com\/fr-fr\/wp-json\/wp\/v2\/comments?post=10524"}],"version-history":[{"count":0,"href":"https:\/\/tiketi.com\/fr-fr\/wp-json\/wp\/v2\/pages\/10524\/revisions"}],"wp:featuredmedia":[{"embeddable":true,"href":"https:\/\/tiketi.com\/fr-fr\/wp-json\/wp\/v2\/media\/14057"}],"wp:attachment":[{"href":"https:\/\/tiketi.com\/fr-fr\/wp-json\/wp\/v2\/media?parent=10524"}],"curies":[{"name":"wp","href":"https:\/\/api.w.org\/{rel}","templated":true}]}}