{"id":10525,"date":"2022-01-19T12:53:28","date_gmt":"2022-01-19T11:53:28","guid":{"rendered":"https:\/\/new.tiketi.com\/kinshasa-air-taxi-booking-app-electric-flying-taxis\/"},"modified":"2022-02-16T13:14:07","modified_gmt":"2022-02-16T12:14:07","slug":"flying-kinshasa-air-taxi-booking","status":"publish","type":"page","link":"https:\/\/tiketi.com\/fr-fr\/flying-kinshasa-air-taxi-booking\/","title":{"rendered":"Taxi A\u00e9rien \u00e0 Kinshasa Application de R\u00e9servation en Ligne \u2013 Taxis Volants Electriques"},"content":{"rendered":"<h2>Application de r\u00e9servation de taxi a\u00e9rien \u00e9lectrique Kinshasa<\/h2>\n<!-- \/wp:post-content --><!-- wp:paragraph -->\n\nLe service d&#039;application de r\u00e9servation en ligne de taxi a\u00e9rien \u00e9lectrique \u00e0 Kinshasa permet aux utilisateurs de r\u00e9server un taxi volant \u00e9lectrique \u00e0 Kinshasa qui sera bient\u00f4t lanc\u00e9 en R\u00e9publique d\u00e9mocratique du Congo. Les taxis a\u00e9riens \u00e0 Kinshasa permettent de voyager pas cher et rapidement en R\u00e9publique D\u00e9mocratique du Congo. Kinshasa est la capitale de la R\u00e9publique d\u00e9mocratique du Congo. Il se trouve sur les rives sud du grand fleuve Congo et \u00e0 516 miles de l&#039;oc\u00e9an Atlantique. Kinshasa est pass\u00e9e d&#039;un petit village de p\u00eacheurs \u00e0 l&#039;une des plus grandes r\u00e9gions m\u00e9tropolitaines d&#039;Afrique. Kinshasa est le centre intellectuel et culturel de la R\u00e9publique d\u00e9mocratique du Congo, mais a \u00e9galement influenc\u00e9 de nombreuses r\u00e9gions d&#039;Afrique subsaharienne au cours des trente derni\u00e8res ann\u00e9es. Kinshasa s&#039;\u00e9tend vers le sud \u00e0 partir du rivage du fleuve Congo \u00e0 Malebo Pool, un \u00e9largissement du fleuve. La plaine sur laquelle se trouve la ville varie largement entre 918 et 1 450 pieds au-dessus du niveau de la mer et est en partie encercl\u00e9e par un terrain plus \u00e9lev\u00e9. Comme pour tant d&#039;autres choses, vous pourrez faire \u00e0 tout moment et n&#039;importe o\u00f9 la r\u00e9servation d&#039;un taxi a\u00e9rien drone Kinshasa pour votre vol en taxi a\u00e9rien \u00e9lectrique.\n\n<!-- \/wp:paragraph --><!-- wp:heading -->\n<h2>Voici quelques-uns des avantages du taxi volant \u00e9lectrique \u00e0 Kinshasa, R\u00e9publique D\u00e9mocratique du Congo<\/h2>\n<h3>Les taxis a\u00e9riens \u00e9lectriques \u00e0 Kinshasa vont totalement changer l&#039;avenir<\/h3>\n<!-- \/wp:heading --><!-- wp:paragraph -->\n\nPour ceux qui r\u00eavent de l&#039;avenir, des d\u00e9fis difficiles sont en route. Mais de nouveaux syst\u00e8mes et technologies sont \u00e9galement d\u00e9velopp\u00e9s pour les r\u00e9soudre, explorant des horizons qui sont nouveaux pour la plupart d&#039;entre nous, mais qui changeront notre fa\u00e7on de vivre \u00e0 l&#039;avenir. Le d\u00e9veloppement de l&#039;infrastructure qui permettra le fonctionnement en toute s\u00e9curit\u00e9 d&#039;un tel syst\u00e8me est aussi vital que le d\u00e9veloppement des taxis volants \u00e9lectriques \u00e0 Kinshasa, en R\u00e9publique d\u00e9mocratique du Congo.\n<h3>Quelle est la vitesse d&#039;un taxi volant \u00e9lectrique \u00e0 Kinshasa, R\u00e9publique d\u00e9mocratique du Congo ?<\/h3>\n<!-- \/wp:paragraph --><!-- wp:paragraph -->\n\nL&#039;avion Archers eVTOL, nomm\u00e9 Maker, sera capable de parcourir une distance allant jusqu&#039;\u00e0 soixante miles \u00e0 des vitesses proches de 150 mph. En plus de soulager les embouteillages au sol, les taxis volants des engins \u00e0 moteur de Kinshasa ne g\u00e9n\u00e9reront aucune \u00e9mission et auront une empreinte sonore de seulement 45 dba, se fondant dans les sons des quartiers r\u00e9sidentiels.\n<h3>Les taxis a\u00e9riens \u00e9lectriques \u00e0 Kinshasa, R\u00e9publique d\u00e9mocratique du Congo sont-ils respectueux de l&#039;environnement ?<\/h3>\n<!-- \/wp:paragraph --><!-- wp:paragraph -->\n\nUn VTOL \u00e9met vingt-huit pour cent plus de gaz \u00e0 effet de serre qu&#039;un v\u00e9hicule \u00e9lectrique et trente-cinq pour cent moins de gaz \u00e0 effet de serre qu&#039;un v\u00e9hicule \u00e0 essence. Pour des trajets longue distance d&#039;une centaine de kilom\u00e8tres ou plus, un taxi a\u00e9rien \u00e0 Kinshasa avec 1 pilote et 3 passagers \u00e9mettrait moins de gaz \u00e0 effet de serre par passager mile qu&#039;un v\u00e9hicule avec une moyenne nationale de 1,54 occupants.\n<h3>Combien co\u00fbtera un taxi volant \u00e9lectrique \u00e0 Kinshasa ?<\/h3>\n<!-- \/wp:paragraph --><!-- wp:paragraph -->\n\nAu d\u00e9part, les taxis a\u00e9riens \u00e0 Kinshasa co\u00fbteront environ $5,73 par passager-mile. Vous pouvez facilement r\u00e9server un taxi a\u00e9rien via des taxis volants \u00e9lectriques dans l&#039;application Kinshasa. Le co\u00fbt chutera ensuite \u00e0 $1,85 par mile passager avant d&#039;atteindre finalement le taux incroyable du client de $0,44 par mile.\n\n<!-- \/wp:paragraph --><!-- wp:heading -->\n<h2>Avantages de l&#039;application de r\u00e9servation de taxi a\u00e9rien \u00e9lectrique Kinshasa<\/h2>\n<!-- \/wp:heading --><!-- wp:paragraph -->\n\nParmi ses autres avantages, la r\u00e9servation en ligne de taxi a\u00e9rien \u00e9lectrique \u00e0 Kinshasa pourrait apporter un boom \u00e9conomique en augmentant le nombre de personnes se dirigeant vers des lieux de loisirs et de tourisme \u00e9loign\u00e9s des grands a\u00e9roports.\n\n<!-- \/wp:paragraph --><!-- wp:heading {\"level\":3} -->\n<h3>L&#039;application de r\u00e9servation en ligne de taxi a\u00e9rien \u00e0 Kinshasa serait-elle utilis\u00e9e pour r\u00e9server un vol en taxi a\u00e9rien \u00e9lectrique?<\/h3>\n<!-- \/wp:heading --><!-- wp:paragraph -->\n\nOui, les clients peuvent utiliser de mani\u00e8re transparente l&#039;application de r\u00e9servation de taxi a\u00e9rien \u00e9lectrique Kinshasa pour trouver le meilleur itin\u00e9raire et r\u00e9server un vol taxi volant \u00e0 Kinshasa \u00e0 tout moment et n&#039;importe o\u00f9.","protected":false},"excerpt":{"rendered":"<p>Electric Kinshasa air taxi booking app Electric air taxi in Kinshasa online booking app service enable users to book electric flying taxi in Kinshasa launching in Democratic Republic of the Congo soon. Air taxis in Kinshasa makes possible to travel cheap and fast in Democratic Republic of the Congo. Kinshasa is the Democratic Republic of [&hellip;]<\/p>\n","protected":false},"author":1,"featured_media":14057,"parent":0,"menu_order":0,"comment_status":"open","ping_status":"closed","template":"template-home-modern.php","meta":{"footnotes":""},"class_list":["post-10525","page","type-page","status-publish","has-post-thumbnail","hentry"],"yoast_head":"<!-- This site is optimized with the Yoast SEO plugin v27.3 - https:\/\/yoast.com\/product\/yoast-seo-wordpress\/ -->\n<title>Air Taxi in Kinshasa Online Booking App - Electric Flying Taxis<\/title>\n<meta name=\"description\" content=\"Looking for drone air taxi in Kinshasa online booking app, route, schedule &amp; fare? Compare air taxis and book your cheap flying taxi in Kinshasa\" \/>\n<meta name=\"robots\" content=\"index, follow, max-snippet:-1, max-image-preview:large, max-video-preview:-1\" \/>\n<link rel=\"canonical\" href=\"https:\/\/tiketi.com\/fr-fr\/flying-kinshasa-air-taxi-booking\/\" \/>\n<meta property=\"og:locale\" content=\"fr_FR\" \/>\n<meta property=\"og:type\" content=\"article\" \/>\n<meta property=\"og:title\" content=\"Air Taxi in Kinshasa Online Booking App - Electric Flying Taxis\" \/>\n<meta property=\"og:description\" content=\"Looking for drone air taxi in Kinshasa online booking app, route, schedule &amp; fare? Compare air taxis and book your cheap flying taxi in Kinshasa\" \/>\n<meta property=\"og:url\" content=\"https:\/\/tiketi.com\/fr-fr\/flying-kinshasa-air-taxi-booking\/\" \/>\n<meta property=\"og:site_name\" content=\"Tiketi.com\" \/>\n<meta property=\"article:publisher\" content=\"https:\/\/www.facebook.com\/TiketiCom\/\" \/>\n<meta property=\"article:modified_time\" content=\"2022-02-16T12:14:07+00:00\" \/>\n<meta property=\"og:image\" content=\"https:\/\/tiketi.com\/wp-content\/uploads\/2022\/01\/drone-air-taxi-6819108_1280.jpg\" \/>\n\t<meta property=\"og:image:width\" content=\"1213\" \/>\n\t<meta property=\"og:image:height\" content=\"200\" \/>\n\t<meta property=\"og:image:type\" content=\"image\/jpeg\" \/>\n<meta name=\"twitter:card\" content=\"summary_large_image\" \/>\n<meta name=\"twitter:label1\" content=\"Dur\u00e9e de lecture estim\u00e9e\" \/>\n\t<meta name=\"twitter:data1\" content=\"3 minutes\" \/>\n<script type=\"application\/ld+json\" class=\"yoast-schema-graph\">{\"@context\":\"https:\\\/\\\/schema.org\",\"@graph\":[{\"@type\":\"WebPage\",\"@id\":\"https:\\\/\\\/tiketi.com\\\/flying-kinshasa-air-taxi-booking\\\/\",\"url\":\"https:\\\/\\\/tiketi.com\\\/flying-kinshasa-air-taxi-booking\\\/\",\"name\":\"Air Taxi in Kinshasa Online Booking App - Electric Flying Taxis\",\"isPartOf\":{\"@id\":\"https:\\\/\\\/tiketi.com\\\/#website\"},\"primaryImageOfPage\":{\"@id\":\"https:\\\/\\\/tiketi.com\\\/flying-kinshasa-air-taxi-booking\\\/#primaryimage\"},\"image\":{\"@id\":\"https:\\\/\\\/tiketi.com\\\/flying-kinshasa-air-taxi-booking\\\/#primaryimage\"},\"thumbnailUrl\":\"https:\\\/\\\/tiketi.com\\\/wp-content\\\/uploads\\\/2022\\\/01\\\/drone-air-taxi-6819108_1280.jpg\",\"datePublished\":\"2022-01-19T11:53:28+00:00\",\"dateModified\":\"2022-02-16T12:14:07+00:00\",\"description\":\"Looking for drone air taxi in Kinshasa online booking app, route, schedule & fare? Compare air taxis and book your cheap flying taxi in Kinshasa\",\"breadcrumb\":{\"@id\":\"https:\\\/\\\/tiketi.com\\\/flying-kinshasa-air-taxi-booking\\\/#breadcrumb\"},\"inLanguage\":\"fr-FR\",\"potentialAction\":[{\"@type\":\"ReadAction\",\"target\":[\"https:\\\/\\\/tiketi.com\\\/flying-kinshasa-air-taxi-booking\\\/\"]}]},{\"@type\":\"ImageObject\",\"inLanguage\":\"fr-FR\",\"@id\":\"https:\\\/\\\/tiketi.com\\\/flying-kinshasa-air-taxi-booking\\\/#primaryimage\",\"url\":\"https:\\\/\\\/tiketi.com\\\/wp-content\\\/uploads\\\/2022\\\/01\\\/drone-air-taxi-6819108_1280.jpg\",\"contentUrl\":\"https:\\\/\\\/tiketi.com\\\/wp-content\\\/uploads\\\/2022\\\/01\\\/drone-air-taxi-6819108_1280.jpg\",\"width\":1213,\"height\":200,\"caption\":\"Drone Air taxi\"},{\"@type\":\"BreadcrumbList\",\"@id\":\"https:\\\/\\\/tiketi.com\\\/flying-kinshasa-air-taxi-booking\\\/#breadcrumb\",\"itemListElement\":[{\"@type\":\"ListItem\",\"position\":1,\"name\":\"Home\",\"item\":\"https:\\\/\\\/tiketi.com\\\/\"},{\"@type\":\"ListItem\",\"position\":2,\"name\":\"Air Taxi in Kinshasa Online Booking App &#8211; Electric Flying Taxis\"}]},{\"@type\":\"WebSite\",\"@id\":\"https:\\\/\\\/tiketi.com\\\/#website\",\"url\":\"https:\\\/\\\/tiketi.com\\\/\",\"name\":\"Flight & Bus Tickets, Tour Packages & Activitites - Tiketi.com\",\"description\":\"Flight &amp; Bus Tickets, Tours, Activitites\",\"publisher\":{\"@id\":\"https:\\\/\\\/tiketi.com\\\/#organization\"},\"potentialAction\":[{\"@type\":\"SearchAction\",\"target\":{\"@type\":\"EntryPoint\",\"urlTemplate\":\"https:\\\/\\\/tiketi.com\\\/?s={search_term_string}\"},\"query-input\":{\"@type\":\"PropertyValueSpecification\",\"valueRequired\":true,\"valueName\":\"search_term_string\"}}],\"inLanguage\":\"fr-FR\"},{\"@type\":\"Organization\",\"@id\":\"https:\\\/\\\/tiketi.com\\\/#organization\",\"name\":\"Tiketi.com\",\"alternateName\":\"Tiketi\",\"url\":\"https:\\\/\\\/tiketi.com\\\/\",\"logo\":{\"@type\":\"ImageObject\",\"inLanguage\":\"fr-FR\",\"@id\":\"https:\\\/\\\/tiketi.com\\\/#\\\/schema\\\/logo\\\/image\\\/\",\"url\":\"https:\\\/\\\/tiketi.com\\\/wp-content\\\/uploads\\\/2019\\\/05\\\/tiketi-logo-696.png\",\"contentUrl\":\"https:\\\/\\\/tiketi.com\\\/wp-content\\\/uploads\\\/2019\\\/05\\\/tiketi-logo-696.png\",\"width\":696,\"height\":696,\"caption\":\"Tiketi.com\"},\"image\":{\"@id\":\"https:\\\/\\\/tiketi.com\\\/#\\\/schema\\\/logo\\\/image\\\/\"},\"sameAs\":[\"https:\\\/\\\/www.facebook.com\\\/TiketiCom\\\/\"]}]}<\/script>\n<!-- \/ Yoast SEO plugin. -->","yoast_head_json":{"title":"Taxi A\u00e9rien \u00e0 Kinshasa Application de R\u00e9servation en Ligne - Taxis Volants Electriques","description":"Vous recherchez une application de r\u00e9servation en ligne de taxi a\u00e9rien drone \u00e0 Kinshasa, un itin\u00e9raire, un horaire et un tarif? Comparez les taxis a\u00e9riens et r\u00e9servez votre taxi volant pas cher \u00e0 Kinshasa","robots":{"index":"index","follow":"follow","max-snippet":"max-snippet:-1","max-image-preview":"max-image-preview:large","max-video-preview":"max-video-preview:-1"},"canonical":"https:\/\/tiketi.com\/fr-fr\/flying-kinshasa-air-taxi-booking\/","og_locale":"fr_FR","og_type":"article","og_title":"Air Taxi in Kinshasa Online Booking App - Electric Flying Taxis","og_description":"Looking for drone air taxi in Kinshasa online booking app, route, schedule & fare? Compare air taxis and book your cheap flying taxi in Kinshasa","og_url":"https:\/\/tiketi.com\/fr-fr\/flying-kinshasa-air-taxi-booking\/","og_site_name":"Tiketi.com","article_publisher":"https:\/\/www.facebook.com\/TiketiCom\/","article_modified_time":"2022-02-16T12:14:07+00:00","og_image":[{"width":1213,"height":200,"url":"https:\/\/tiketi.com\/wp-content\/uploads\/2022\/01\/drone-air-taxi-6819108_1280.jpg","type":"image\/jpeg"}],"twitter_card":"summary_large_image","twitter_misc":{"Dur\u00e9e de lecture estim\u00e9e":"3 minutes"},"schema":{"@context":"https:\/\/schema.org","@graph":[{"@type":"WebPage","@id":"https:\/\/tiketi.com\/flying-kinshasa-air-taxi-booking\/","url":"https:\/\/tiketi.com\/flying-kinshasa-air-taxi-booking\/","name":"Taxi A\u00e9rien \u00e0 Kinshasa Application de R\u00e9servation en Ligne - Taxis Volants Electriques","isPartOf":{"@id":"https:\/\/tiketi.com\/#website"},"primaryImageOfPage":{"@id":"https:\/\/tiketi.com\/flying-kinshasa-air-taxi-booking\/#primaryimage"},"image":{"@id":"https:\/\/tiketi.com\/flying-kinshasa-air-taxi-booking\/#primaryimage"},"thumbnailUrl":"https:\/\/tiketi.com\/wp-content\/uploads\/2022\/01\/drone-air-taxi-6819108_1280.jpg","datePublished":"2022-01-19T11:53:28+00:00","dateModified":"2022-02-16T12:14:07+00:00","description":"Vous recherchez une application de r\u00e9servation en ligne de taxi a\u00e9rien drone \u00e0 Kinshasa, un itin\u00e9raire, un horaire et un tarif? Comparez les taxis a\u00e9riens et r\u00e9servez votre taxi volant pas cher \u00e0 Kinshasa","breadcrumb":{"@id":"https:\/\/tiketi.com\/flying-kinshasa-air-taxi-booking\/#breadcrumb"},"inLanguage":"fr-FR","potentialAction":[{"@type":"ReadAction","target":["https:\/\/tiketi.com\/flying-kinshasa-air-taxi-booking\/"]}]},{"@type":"ImageObject","inLanguage":"fr-FR","@id":"https:\/\/tiketi.com\/flying-kinshasa-air-taxi-booking\/#primaryimage","url":"https:\/\/tiketi.com\/wp-content\/uploads\/2022\/01\/drone-air-taxi-6819108_1280.jpg","contentUrl":"https:\/\/tiketi.com\/wp-content\/uploads\/2022\/01\/drone-air-taxi-6819108_1280.jpg","width":1213,"height":200,"caption":"Drone Air taxi"},{"@type":"BreadcrumbList","@id":"https:\/\/tiketi.com\/flying-kinshasa-air-taxi-booking\/#breadcrumb","itemListElement":[{"@type":"ListItem","position":1,"name":"Home","item":"https:\/\/tiketi.com\/"},{"@type":"ListItem","position":2,"name":"Air Taxi in Kinshasa Online Booking App &#8211; Electric Flying Taxis"}]},{"@type":"WebSite","@id":"https:\/\/tiketi.com\/#website","url":"https:\/\/tiketi.com\/","name":"Billets d&#039;avion et de bus, forfaits touristiques et activit\u00e9s - Tiketi.com","description":"Billets d&#039;avion et de bus, Tours, Activit\u00e9s","publisher":{"@id":"https:\/\/tiketi.com\/#organization"},"potentialAction":[{"@type":"SearchAction","target":{"@type":"EntryPoint","urlTemplate":"https:\/\/tiketi.com\/?s={search_term_string}"},"query-input":{"@type":"PropertyValueSpecification","valueRequired":true,"valueName":"search_term_string"}}],"inLanguage":"fr-FR"},{"@type":"Organization","@id":"https:\/\/tiketi.com\/#organization","name":"Tiketi.com","alternateName":"Tiketi","url":"https:\/\/tiketi.com\/","logo":{"@type":"ImageObject","inLanguage":"fr-FR","@id":"https:\/\/tiketi.com\/#\/schema\/logo\/image\/","url":"https:\/\/tiketi.com\/wp-content\/uploads\/2019\/05\/tiketi-logo-696.png","contentUrl":"https:\/\/tiketi.com\/wp-content\/uploads\/2019\/05\/tiketi-logo-696.png","width":696,"height":696,"caption":"Tiketi.com"},"image":{"@id":"https:\/\/tiketi.com\/#\/schema\/logo\/image\/"},"sameAs":["https:\/\/www.facebook.com\/TiketiCom\/"]}]}},"_links":{"self":[{"href":"https:\/\/tiketi.com\/fr-fr\/wp-json\/wp\/v2\/pages\/10525","targetHints":{"allow":["GET"]}}],"collection":[{"href":"https:\/\/tiketi.com\/fr-fr\/wp-json\/wp\/v2\/pages"}],"about":[{"href":"https:\/\/tiketi.com\/fr-fr\/wp-json\/wp\/v2\/types\/page"}],"author":[{"embeddable":true,"href":"https:\/\/tiketi.com\/fr-fr\/wp-json\/wp\/v2\/users\/1"}],"replies":[{"embeddable":true,"href":"https:\/\/tiketi.com\/fr-fr\/wp-json\/wp\/v2\/comments?post=10525"}],"version-history":[{"count":0,"href":"https:\/\/tiketi.com\/fr-fr\/wp-json\/wp\/v2\/pages\/10525\/revisions"}],"wp:featuredmedia":[{"embeddable":true,"href":"https:\/\/tiketi.com\/fr-fr\/wp-json\/wp\/v2\/media\/14057"}],"wp:attachment":[{"href":"https:\/\/tiketi.com\/fr-fr\/wp-json\/wp\/v2\/media?parent=10525"}],"curies":[{"name":"wp","href":"https:\/\/api.w.org\/{rel}","templated":true}]}}