{"id":10526,"date":"2022-01-19T12:53:28","date_gmt":"2022-01-19T11:53:28","guid":{"rendered":"https:\/\/new.tiketi.com\/montevideo-air-taxi-booking-app-electric-flying-taxis\/"},"modified":"2022-02-17T16:50:02","modified_gmt":"2022-02-17T15:50:02","slug":"montevideo-air-taxi-booking","status":"publish","type":"page","link":"https:\/\/tiketi.com\/fr-fr\/montevideo-air-taxi-booking\/","title":{"rendered":"R\u00e9servation en ligne de taxis a\u00e9riens \u00e0 Montevideo \u2013 Taxis volants \u00e9lectriques"},"content":{"rendered":"<h2>application de r\u00e9servation de taxi a\u00e9rien Electric Montevideo<\/h2>\n<!-- \/wp:post-content --><!-- wp:paragraph -->\n\nLe service de r\u00e9servation en ligne de taxis a\u00e9riens \u00e9lectriques \u00e0 Montevideo permet aux utilisateurs de r\u00e9server des taxis volants \u00e9lectriques dans cette ville d&#039;Uruguay. Les taxis a\u00e9riens autonomes \u00e0 Montevideo permettent de voyager rapidement et \u00e0 moindre co\u00fbt en Uruguay. Ville culturellement riche et abritant pr\u00e8s de la moiti\u00e9 de la population uruguayenne, Montevideo est tout aussi captivante que les capitales les plus populaires d&#039;Am\u00e9rique du Sud. Les voyageurs commencent g\u00e9n\u00e9ralement leur s\u00e9jour par une visite du magnifique front de mer, qu&#039;ils souhaitent faire de la planche \u00e0 voile, courir sur les ramblas a\u00e9r\u00e9es ou simplement se d\u00e9tendre en famille. La Ciudad Vieja est incontournable pour ses mus\u00e9es historiques et son architecture, et la Plaza Independencia regorge de sites dignes d&#039;\u00eatre photographi\u00e9s. Th\u00e9\u00e2tres, bars \u00e0 tango, le stade de football anim\u00e9 Estadio Centenario et un large choix d&#039;excursions devraient \u00e9galement figurer en bonne place sur la liste des activit\u00e9s \u00e0 faire lors d&#039;un s\u00e9jour \u00e0 Montevideo. Comme pour de nombreuses autres choses, vous pourrez r\u00e9server votre vol en taxi a\u00e9rien \u00e9lectrique \u00e0 Montevideo \u00e0 tout moment et n&#039;importe o\u00f9.\n\n<!-- \/wp:paragraph --><!-- wp:heading -->\n<h2>Voici quelques avantages des taxis volants \u00e9lectriques \u00e0 Montevideo, en Uruguay<\/h2>\n<h3>Que sont les taxis volants \u00e9lectriques eVLTO \u00e0 Montevideo, en Uruguay ?<\/h3>\n<!-- \/wp:heading --><!-- wp:paragraph -->\n\nLes taxis a\u00e9riens drones de Montevideo, appel\u00e9s eVTOL (d\u00e9collage et atterrissage vertical \u00e9lectrique), ont \u00e9t\u00e9 con\u00e7us pour transporter des personnes dans l&#039;atmosph\u00e8re urbaine.\n\n<!-- \/wp:paragraph --><!-- wp:paragraph -->\n\nL&#039;avion fonctionne avec 9 batteries \u00e9lectriques et peut transporter un pilote et un passager.\n\n<!-- \/wp:paragraph --><!-- wp:paragraph -->\n\nIl aura une port\u00e9e de 35 km et une vitesse maximale de 110 mh.\n<h3>Les taxis a\u00e9riens \u00e9lectriques \u00e0 Montevideo, en Uruguay, sont plus efficaces<\/h3>\n<!-- \/wp:paragraph --><!-- wp:paragraph -->\n\nPour des trajets de 100 km, les taxis volants \u00e9lectriques \u00e0 Montevideo pourraient \u00eatre 35 % plus efficaces qu&#039;une voiture \u00e0 essence. Toutefois, \u00e0 nombre de passagers \u00e9gal, ils resteraient moins performants qu&#039;une voiture \u00e9lectrique terrestre. Quoi qu&#039;il en soit, on peut raisonnablement supposer que ces v\u00e9hicules volants serviront principalement de taxis dans des couloirs a\u00e9riens pr\u00e9d\u00e9finis, via l&#039;application d\u00e9di\u00e9e, et transporteront donc probablement davantage de passagers. Dans ce contexte, pour un trajet de 100 km, les \u00e9missions des v\u00e9hicules volants pourraient \u00eatre inf\u00e9rieures de 6 % \u00e0 celles des v\u00e9hicules \u00e9lectriques terrestres.\n<h3>Combien co\u00fbte un taxi volant \u00e9lectrique \u00e0 Montevideo ?<\/h3>\n<!-- \/wp:paragraph --><!-- wp:paragraph -->\n\nDans un premier temps, les taxis a\u00e9riens par drone \u00e0 Montevideo co\u00fbteront environ $5,73 par passager-mile. Vous pouvez facilement r\u00e9server un taxi a\u00e9rien via l&#039;application d\u00e9di\u00e9e aux taxis volants \u00e9lectriques \u00e0 Montevideo.\n\n<!-- \/wp:paragraph --><!-- wp:heading -->\n<h2>Avantages de l&#039;application de r\u00e9servation de taxi a\u00e9rien \u00e9lectrique de Montevideo<\/h2>\n<!-- \/wp:heading --><!-- wp:paragraph -->\n\nParmi ses autres avantages, la r\u00e9servation en ligne de taxis drones \u00e0 Montevideo pourrait engendrer un essor \u00e9conomique en augmentant le nombre de personnes se rendant dans des lieux de loisirs et de tourisme \u00e9loign\u00e9s des grands a\u00e9roports.\n\n<!-- \/wp:paragraph --><!-- wp:heading {\"level\":3} -->\n<h3>L&#039;application de r\u00e9servation en ligne de taxi a\u00e9rien drone \u00e0 Montevideo permettrait-elle de r\u00e9server un vol de taxi a\u00e9rien \u00e9lectrique\u00a0?<\/h3>\n<!-- \/wp:heading --><!-- wp:paragraph -->\n\nOui, les clients peuvent utiliser en toute simplicit\u00e9 l&#039;application de r\u00e9servation de taxis a\u00e9riens \u00e9lectriques de Montevideo pour trouver le meilleur itin\u00e9raire et r\u00e9server un taxi volant par drone \u00e0 Montevideo \u00e0 tout moment et n&#039;importe o\u00f9.","protected":false},"excerpt":{"rendered":"<p>Electric Montevideo air taxi booking app Electric air taxi in Montevideo online booking app service enable users to book electric flying taxi in Montevideo launching in Uruguay. Autonomous air taxis in Montevideo makes possible to travel cheap and fast in Uruguay. Culturally rich and home to close by half of Uruguay population, Montevideo is simply [&hellip;]<\/p>\n","protected":false},"author":1,"featured_media":20563,"parent":0,"menu_order":0,"comment_status":"open","ping_status":"closed","template":"template-home-modern.php","meta":{"footnotes":""},"class_list":["post-10526","page","type-page","status-publish","has-post-thumbnail","hentry"],"yoast_head":"<!-- This site is optimized with the Yoast SEO plugin v27.3 - https:\/\/yoast.com\/product\/yoast-seo-wordpress\/ -->\n<title>Air Taxi in Montevideo Online Booking - Electric Flying Taxis<\/title>\n<meta name=\"description\" content=\"Looking for drone air taxi in Montevideo online booking app, route, schedule &amp; fare? Compare air taxis and book your cheap flying taxi in Montevideo\" \/>\n<meta name=\"robots\" content=\"index, follow, max-snippet:-1, max-image-preview:large, max-video-preview:-1\" \/>\n<link rel=\"canonical\" href=\"https:\/\/tiketi.com\/fr-fr\/montevideo-air-taxi-booking\/\" \/>\n<meta property=\"og:locale\" content=\"fr_FR\" \/>\n<meta property=\"og:type\" content=\"article\" \/>\n<meta property=\"og:title\" content=\"Air Taxi in Montevideo Online Booking - Electric Flying Taxis\" \/>\n<meta property=\"og:description\" content=\"Looking for drone air taxi in Montevideo online booking app, route, schedule &amp; fare? Compare air taxis and book your cheap flying taxi in Montevideo\" \/>\n<meta property=\"og:url\" content=\"https:\/\/tiketi.com\/fr-fr\/montevideo-air-taxi-booking\/\" \/>\n<meta property=\"og:site_name\" content=\"Tiketi.com\" \/>\n<meta property=\"article:publisher\" content=\"https:\/\/www.facebook.com\/TiketiCom\/\" \/>\n<meta property=\"article:modified_time\" content=\"2022-02-17T15:50:02+00:00\" \/>\n<meta property=\"og:image\" content=\"https:\/\/tiketi.com\/wp-content\/uploads\/2019\/05\/montevideo-5387007_1280.jpg\" \/>\n\t<meta property=\"og:image:width\" content=\"1200\" \/>\n\t<meta property=\"og:image:height\" content=\"200\" \/>\n\t<meta property=\"og:image:type\" content=\"image\/jpeg\" \/>\n<meta name=\"twitter:card\" content=\"summary_large_image\" \/>\n<meta name=\"twitter:label1\" content=\"Dur\u00e9e de lecture estim\u00e9e\" \/>\n\t<meta name=\"twitter:data1\" content=\"3 minutes\" \/>\n<script type=\"application\/ld+json\" class=\"yoast-schema-graph\">{\"@context\":\"https:\\\/\\\/schema.org\",\"@graph\":[{\"@type\":\"WebPage\",\"@id\":\"https:\\\/\\\/tiketi.com\\\/montevideo-air-taxi-booking\\\/\",\"url\":\"https:\\\/\\\/tiketi.com\\\/montevideo-air-taxi-booking\\\/\",\"name\":\"Air Taxi in Montevideo Online Booking - Electric Flying Taxis\",\"isPartOf\":{\"@id\":\"https:\\\/\\\/tiketi.com\\\/#website\"},\"primaryImageOfPage\":{\"@id\":\"https:\\\/\\\/tiketi.com\\\/montevideo-air-taxi-booking\\\/#primaryimage\"},\"image\":{\"@id\":\"https:\\\/\\\/tiketi.com\\\/montevideo-air-taxi-booking\\\/#primaryimage\"},\"thumbnailUrl\":\"https:\\\/\\\/tiketi.com\\\/wp-content\\\/uploads\\\/2019\\\/05\\\/montevideo-5387007_1280.jpg\",\"datePublished\":\"2022-01-19T11:53:28+00:00\",\"dateModified\":\"2022-02-17T15:50:02+00:00\",\"description\":\"Looking for drone air taxi in Montevideo online booking app, route, schedule & fare? Compare air taxis and book your cheap flying taxi in Montevideo\",\"breadcrumb\":{\"@id\":\"https:\\\/\\\/tiketi.com\\\/montevideo-air-taxi-booking\\\/#breadcrumb\"},\"inLanguage\":\"fr-FR\",\"potentialAction\":[{\"@type\":\"ReadAction\",\"target\":[\"https:\\\/\\\/tiketi.com\\\/montevideo-air-taxi-booking\\\/\"]}]},{\"@type\":\"ImageObject\",\"inLanguage\":\"fr-FR\",\"@id\":\"https:\\\/\\\/tiketi.com\\\/montevideo-air-taxi-booking\\\/#primaryimage\",\"url\":\"https:\\\/\\\/tiketi.com\\\/wp-content\\\/uploads\\\/2019\\\/05\\\/montevideo-5387007_1280.jpg\",\"contentUrl\":\"https:\\\/\\\/tiketi.com\\\/wp-content\\\/uploads\\\/2019\\\/05\\\/montevideo-5387007_1280.jpg\",\"width\":1200,\"height\":200,\"caption\":\"Air Taxi in Montevideo Booking\"},{\"@type\":\"BreadcrumbList\",\"@id\":\"https:\\\/\\\/tiketi.com\\\/montevideo-air-taxi-booking\\\/#breadcrumb\",\"itemListElement\":[{\"@type\":\"ListItem\",\"position\":1,\"name\":\"Home\",\"item\":\"https:\\\/\\\/tiketi.com\\\/\"},{\"@type\":\"ListItem\",\"position\":2,\"name\":\"Air Taxi in Montevideo Online Booking &#8211; Electric Flying Taxis\"}]},{\"@type\":\"WebSite\",\"@id\":\"https:\\\/\\\/tiketi.com\\\/#website\",\"url\":\"https:\\\/\\\/tiketi.com\\\/\",\"name\":\"Flight & Bus Tickets, Tour Packages & Activitites - Tiketi.com\",\"description\":\"Flight &amp; Bus Tickets, Tours, Activitites\",\"publisher\":{\"@id\":\"https:\\\/\\\/tiketi.com\\\/#organization\"},\"potentialAction\":[{\"@type\":\"SearchAction\",\"target\":{\"@type\":\"EntryPoint\",\"urlTemplate\":\"https:\\\/\\\/tiketi.com\\\/?s={search_term_string}\"},\"query-input\":{\"@type\":\"PropertyValueSpecification\",\"valueRequired\":true,\"valueName\":\"search_term_string\"}}],\"inLanguage\":\"fr-FR\"},{\"@type\":\"Organization\",\"@id\":\"https:\\\/\\\/tiketi.com\\\/#organization\",\"name\":\"Tiketi.com\",\"alternateName\":\"Tiketi\",\"url\":\"https:\\\/\\\/tiketi.com\\\/\",\"logo\":{\"@type\":\"ImageObject\",\"inLanguage\":\"fr-FR\",\"@id\":\"https:\\\/\\\/tiketi.com\\\/#\\\/schema\\\/logo\\\/image\\\/\",\"url\":\"https:\\\/\\\/tiketi.com\\\/wp-content\\\/uploads\\\/2019\\\/05\\\/tiketi-logo-696.png\",\"contentUrl\":\"https:\\\/\\\/tiketi.com\\\/wp-content\\\/uploads\\\/2019\\\/05\\\/tiketi-logo-696.png\",\"width\":696,\"height\":696,\"caption\":\"Tiketi.com\"},\"image\":{\"@id\":\"https:\\\/\\\/tiketi.com\\\/#\\\/schema\\\/logo\\\/image\\\/\"},\"sameAs\":[\"https:\\\/\\\/www.facebook.com\\\/TiketiCom\\\/\"]}]}<\/script>\n<!-- \/ Yoast SEO plugin. -->","yoast_head_json":{"title":"Taxi a\u00e9rien \u00e0 Montevideo R\u00e9servation en ligne - Taxis volants \u00e9lectriques","description":"Vous recherchez une application de r\u00e9servation en ligne de taxi a\u00e9rien par drone \u00e0 Montevideo, un itin\u00e9raire, un horaire et un tarif ? Comparez les taxis a\u00e9riens et r\u00e9servez votre taxi a\u00e9rien pas cher \u00e0 Montevideo","robots":{"index":"index","follow":"follow","max-snippet":"max-snippet:-1","max-image-preview":"max-image-preview:large","max-video-preview":"max-video-preview:-1"},"canonical":"https:\/\/tiketi.com\/fr-fr\/montevideo-air-taxi-booking\/","og_locale":"fr_FR","og_type":"article","og_title":"Air Taxi in Montevideo Online Booking - Electric Flying Taxis","og_description":"Looking for drone air taxi in Montevideo online booking app, route, schedule & fare? Compare air taxis and book your cheap flying taxi in Montevideo","og_url":"https:\/\/tiketi.com\/fr-fr\/montevideo-air-taxi-booking\/","og_site_name":"Tiketi.com","article_publisher":"https:\/\/www.facebook.com\/TiketiCom\/","article_modified_time":"2022-02-17T15:50:02+00:00","og_image":[{"width":1200,"height":200,"url":"https:\/\/tiketi.com\/wp-content\/uploads\/2019\/05\/montevideo-5387007_1280.jpg","type":"image\/jpeg"}],"twitter_card":"summary_large_image","twitter_misc":{"Dur\u00e9e de lecture estim\u00e9e":"3 minutes"},"schema":{"@context":"https:\/\/schema.org","@graph":[{"@type":"WebPage","@id":"https:\/\/tiketi.com\/montevideo-air-taxi-booking\/","url":"https:\/\/tiketi.com\/montevideo-air-taxi-booking\/","name":"Taxi a\u00e9rien \u00e0 Montevideo R\u00e9servation en ligne - Taxis volants \u00e9lectriques","isPartOf":{"@id":"https:\/\/tiketi.com\/#website"},"primaryImageOfPage":{"@id":"https:\/\/tiketi.com\/montevideo-air-taxi-booking\/#primaryimage"},"image":{"@id":"https:\/\/tiketi.com\/montevideo-air-taxi-booking\/#primaryimage"},"thumbnailUrl":"https:\/\/tiketi.com\/wp-content\/uploads\/2019\/05\/montevideo-5387007_1280.jpg","datePublished":"2022-01-19T11:53:28+00:00","dateModified":"2022-02-17T15:50:02+00:00","description":"Vous recherchez une application de r\u00e9servation en ligne de taxi a\u00e9rien par drone \u00e0 Montevideo, un itin\u00e9raire, un horaire et un tarif ? Comparez les taxis a\u00e9riens et r\u00e9servez votre taxi a\u00e9rien pas cher \u00e0 Montevideo","breadcrumb":{"@id":"https:\/\/tiketi.com\/montevideo-air-taxi-booking\/#breadcrumb"},"inLanguage":"fr-FR","potentialAction":[{"@type":"ReadAction","target":["https:\/\/tiketi.com\/montevideo-air-taxi-booking\/"]}]},{"@type":"ImageObject","inLanguage":"fr-FR","@id":"https:\/\/tiketi.com\/montevideo-air-taxi-booking\/#primaryimage","url":"https:\/\/tiketi.com\/wp-content\/uploads\/2019\/05\/montevideo-5387007_1280.jpg","contentUrl":"https:\/\/tiketi.com\/wp-content\/uploads\/2019\/05\/montevideo-5387007_1280.jpg","width":1200,"height":200,"caption":"Air Taxi in Montevideo Booking"},{"@type":"BreadcrumbList","@id":"https:\/\/tiketi.com\/montevideo-air-taxi-booking\/#breadcrumb","itemListElement":[{"@type":"ListItem","position":1,"name":"Home","item":"https:\/\/tiketi.com\/"},{"@type":"ListItem","position":2,"name":"Air Taxi in Montevideo Online Booking &#8211; Electric Flying Taxis"}]},{"@type":"WebSite","@id":"https:\/\/tiketi.com\/#website","url":"https:\/\/tiketi.com\/","name":"Billets d&#039;avion et de bus, forfaits touristiques et activit\u00e9s - Tiketi.com","description":"Billets d&#039;avion et de bus, Tours, Activit\u00e9s","publisher":{"@id":"https:\/\/tiketi.com\/#organization"},"potentialAction":[{"@type":"SearchAction","target":{"@type":"EntryPoint","urlTemplate":"https:\/\/tiketi.com\/?s={search_term_string}"},"query-input":{"@type":"PropertyValueSpecification","valueRequired":true,"valueName":"search_term_string"}}],"inLanguage":"fr-FR"},{"@type":"Organization","@id":"https:\/\/tiketi.com\/#organization","name":"Tiketi.com","alternateName":"Tiketi","url":"https:\/\/tiketi.com\/","logo":{"@type":"ImageObject","inLanguage":"fr-FR","@id":"https:\/\/tiketi.com\/#\/schema\/logo\/image\/","url":"https:\/\/tiketi.com\/wp-content\/uploads\/2019\/05\/tiketi-logo-696.png","contentUrl":"https:\/\/tiketi.com\/wp-content\/uploads\/2019\/05\/tiketi-logo-696.png","width":696,"height":696,"caption":"Tiketi.com"},"image":{"@id":"https:\/\/tiketi.com\/#\/schema\/logo\/image\/"},"sameAs":["https:\/\/www.facebook.com\/TiketiCom\/"]}]}},"_links":{"self":[{"href":"https:\/\/tiketi.com\/fr-fr\/wp-json\/wp\/v2\/pages\/10526","targetHints":{"allow":["GET"]}}],"collection":[{"href":"https:\/\/tiketi.com\/fr-fr\/wp-json\/wp\/v2\/pages"}],"about":[{"href":"https:\/\/tiketi.com\/fr-fr\/wp-json\/wp\/v2\/types\/page"}],"author":[{"embeddable":true,"href":"https:\/\/tiketi.com\/fr-fr\/wp-json\/wp\/v2\/users\/1"}],"replies":[{"embeddable":true,"href":"https:\/\/tiketi.com\/fr-fr\/wp-json\/wp\/v2\/comments?post=10526"}],"version-history":[{"count":0,"href":"https:\/\/tiketi.com\/fr-fr\/wp-json\/wp\/v2\/pages\/10526\/revisions"}],"wp:featuredmedia":[{"embeddable":true,"href":"https:\/\/tiketi.com\/fr-fr\/wp-json\/wp\/v2\/media\/20563"}],"wp:attachment":[{"href":"https:\/\/tiketi.com\/fr-fr\/wp-json\/wp\/v2\/media?parent=10526"}],"curies":[{"name":"wp","href":"https:\/\/api.w.org\/{rel}","templated":true}]}}