{"id":10528,"date":"2022-01-19T12:53:28","date_gmt":"2022-01-19T11:53:28","guid":{"rendered":"https:\/\/new.tiketi.com\/santiago-de-chile-air-taxi-booking-app-electric-flying-taxis\/"},"modified":"2022-02-21T12:44:44","modified_gmt":"2022-02-21T11:44:44","slug":"flying-santiago-de-chile-air-taxi-booking","status":"publish","type":"page","link":"https:\/\/tiketi.com\/fr-fr\/flying-santiago-de-chile-air-taxi-booking\/","title":{"rendered":"R\u00e9servation en ligne \u00e0 Santiago du Chili \u2013 Taxis volants \u00e9lectriques"},"content":{"rendered":"<h2>Application de r\u00e9servation de taxi a\u00e9rien \u00e9lectrique \u00e0 Santiago du Chili<\/h2>\n<!-- \/wp:post-content --><!-- wp:paragraph -->\n\nTaxi a\u00e9rien \u00e9lectrique \u00e0 Santiago du Chili Le service d&#039;application de r\u00e9servation en ligne permet aux utilisateurs de r\u00e9server un taxi volant \u00e9lectrique \u00e0 Santiago du Chili. Les taxis a\u00e9riens \u00e0 Santiago du Chili permettent de voyager pas cher et rapidement au Chili. Santiago du Chili ou Santiago est la capitale nationale du Chili et l&#039;une des plus grandes villes du continent. La ville est aussi c\u00e9l\u00e8bre pour ses lieux que pour la montagne qui l&#039;entoure. Le ski dans les Andes est connu pour \u00eatre l&#039;une des meilleures choses \u00e0 faire \u00e0 Santiago. Il y a aussi des vall\u00e9es viticoles et des montagnes volcaniques \u00e0 proximit\u00e9 de la ville qui font partie des attractions touristiques de Santiago. Vous pouvez prendre n&#039;importe quelle direction depuis la ville et vous retrouver dans une vall\u00e9e paradisiaque avec des paysages charmants. En ce qui concerne les attractions de Santigago dans la ville, il existe des centres culturels, des mus\u00e9es, des parcs, des march\u00e9s, des galeries d&#039;art, etc. Comme pour tant d&#039;autres choses, vous pourrez faire \u00e0 tout moment et n&#039;importe o\u00f9 la r\u00e9servation d&#039;un taxi a\u00e9rien par drone \u00e0 Santiago du Chili pour votre vol en taxi a\u00e9rien \u00e9lectrique.\n\n<!-- \/wp:paragraph --><!-- wp:heading -->\n<h2>Voici quelques-uns des avantages du taxi volant \u00e9lectrique \u00e0 Santiago du Chili<\/h2>\n<h3>Que sont les taxis volants \u00e9lectriques eVLTO \u00e0 Santiago du Chili ?<\/h3>\n<!-- \/wp:heading --><!-- wp:paragraph -->\n\nLes taxis a\u00e9riens de l&#039;avion de Santiago du Chili, appel\u00e9s eVTOL (d\u00e9collage et atterrissage verticaux \u00e9lectriques), ont \u00e9t\u00e9 con\u00e7us pour transporter des personnes dans l&#039;atmosph\u00e8re urbaine et urbaine.\n\n<!-- \/wp:paragraph --><!-- wp:paragraph -->\n\nL&#039;avion fonctionne avec 9 batteries \u00e9lectriques et peut transporter un pilote et un passager.\n\n<!-- \/wp:paragraph --><!-- wp:paragraph -->\n\nIl aura une port\u00e9e de 35 km et une vitesse maximale de 110 mh.\n<h3>Les taxis a\u00e9riens \u00e9lectriques \u00e0 Santiago du Chili sont plus efficaces<\/h3>\n<!-- \/wp:paragraph --><!-- wp:paragraph -->\n\nPour des trajets de 100 km, les taxis a\u00e9riens \u00e9lectriques \u00e0 Santiago du Chili pourraient \u00eatre trente-cinq pour cent plus efficaces qu&#039;une voiture \u00e0 essence - bien que, en supposant le m\u00eame nombre de passagers, ils soient encore moins performants qu&#039;une voiture de route \u00e9lectrique. Quoi qu&#039;il en soit, il est juste de supposer que les v\u00e9hicules volants serviront principalement de services de taxi dans des couloirs a\u00e9riens pr\u00e9d\u00e9finis via des taxis volants dans l&#039;application Santiago du Chili, donc susceptibles de transporter plus de personnes. Compte tenu de cela, pour un trajet d&#039;une centaine de kilom\u00e8tres, les \u00e9missions des v\u00e9hicules volants pourraient \u00eatre inf\u00e9rieures de 6 % \u00e0 celles des v\u00e9hicules routiers \u00e9lectriques.\n<h3>Combien co\u00fbte un taxi volant \u00e9lectrique \u00e0 Santiago du Chili ?<\/h3>\n<!-- \/wp:paragraph --><!-- wp:paragraph -->\n\nAu d\u00e9part, les taxis volants avec drone \u00e0 Santiago du Chili co\u00fbteront environ $5,73 par passager-mile. Le co\u00fbt chutera ensuite \u00e0 $1,85 par mile passager avant d&#039;atteindre finalement le taux incroyable du client de $0,44 par mile. Vous pouvez facilement r\u00e9server un taxi a\u00e9rien via des taxis volants \u00e9lectriques dans l&#039;application Santiago du Chili.\n\n<!-- \/wp:paragraph --><!-- wp:heading -->\n<h2>Avantages de l&#039;application de r\u00e9servation de taxi a\u00e9rien \u00e9lectrique Santiago du Chili<\/h2>\n<!-- \/wp:heading --><!-- wp:paragraph -->\n\nParmi ses autres avantages, le taxi drone \u00e0 Santiago du Chili pourrait assurer un boom \u00e9conomique en augmentant le nombre de personnes se dirigeant vers des lieux de loisirs et de tourisme \u00e9loign\u00e9s des grands a\u00e9roports.\n\n<!-- \/wp:paragraph --><!-- wp:heading {\"level\":3} -->\n<h3>L&#039;application de r\u00e9servation en ligne de taxi a\u00e9rien \u00e0 Santiago du Chili serait-elle utilis\u00e9e pour r\u00e9server un vol en taxi a\u00e9rien \u00e9lectrique\u00a0?<\/h3>\n<!-- \/wp:heading --><!-- wp:paragraph -->\n\nOui, les clients peuvent utiliser de mani\u00e8re transparente l&#039;application de r\u00e9servation de taxi a\u00e9rien \u00e9lectrique Santiago du Chili pour trouver le meilleur itin\u00e9raire et r\u00e9server un taxi volant avec drone \u00e0 Santiago du Chili \u00e0 tout moment et n&#039;importe o\u00f9.","protected":false},"excerpt":{"rendered":"<p>Electric Santiago de Chile air taxi booking app Electric air taxi in Santiago de Chile online booking app service enable users to book electric flying taxi in Santiago de Chile. Air taxis in Santiago de Chile makes possible to travel cheap and fast in Chile. Santiago de Chile or Santiago is the national capital city [&hellip;]<\/p>\n","protected":false},"author":1,"featured_media":21079,"parent":0,"menu_order":0,"comment_status":"open","ping_status":"closed","template":"template-home-modern.php","meta":{"footnotes":""},"class_list":["post-10528","page","type-page","status-publish","has-post-thumbnail","hentry"],"yoast_head":"<!-- This site is optimized with the Yoast SEO plugin v27.3 - https:\/\/yoast.com\/product\/yoast-seo-wordpress\/ -->\n<title>Santiago de Chile Online Booking App - Electric Flying Taxis<\/title>\n<meta name=\"description\" content=\"Looking for drone air taxi in Amsterdam online booking app, route, schedule &amp; fare? Compare air taxis and book your cheap flying taxi in Amsterdam\" \/>\n<meta name=\"robots\" content=\"index, follow, max-snippet:-1, max-image-preview:large, max-video-preview:-1\" \/>\n<link rel=\"canonical\" href=\"https:\/\/tiketi.com\/fr-fr\/flying-santiago-de-chile-air-taxi-booking\/\" \/>\n<meta property=\"og:locale\" content=\"fr_FR\" \/>\n<meta property=\"og:type\" content=\"article\" \/>\n<meta property=\"og:title\" content=\"Santiago de Chile Online Booking App - Electric Flying Taxis\" \/>\n<meta property=\"og:description\" content=\"Looking for drone air taxi in Amsterdam online booking app, route, schedule &amp; fare? Compare air taxis and book your cheap flying taxi in Amsterdam\" \/>\n<meta property=\"og:url\" content=\"https:\/\/tiketi.com\/fr-fr\/flying-santiago-de-chile-air-taxi-booking\/\" \/>\n<meta property=\"og:site_name\" content=\"Tiketi.com\" \/>\n<meta property=\"article:publisher\" content=\"https:\/\/www.facebook.com\/TiketiCom\/\" \/>\n<meta property=\"article:modified_time\" content=\"2022-02-21T11:44:44+00:00\" \/>\n<meta property=\"og:image\" content=\"https:\/\/tiketi.com\/wp-content\/uploads\/2019\/05\/santiago-de-chile-1308785_1.jpg\" \/>\n\t<meta property=\"og:image:width\" content=\"1200\" \/>\n\t<meta property=\"og:image:height\" content=\"200\" \/>\n\t<meta property=\"og:image:type\" content=\"image\/jpeg\" \/>\n<meta name=\"twitter:card\" content=\"summary_large_image\" \/>\n<meta name=\"twitter:label1\" content=\"Dur\u00e9e de lecture estim\u00e9e\" \/>\n\t<meta name=\"twitter:data1\" content=\"3 minutes\" \/>\n<script type=\"application\/ld+json\" class=\"yoast-schema-graph\">{\"@context\":\"https:\\\/\\\/schema.org\",\"@graph\":[{\"@type\":\"WebPage\",\"@id\":\"https:\\\/\\\/tiketi.com\\\/flying-santiago-de-chile-air-taxi-booking\\\/\",\"url\":\"https:\\\/\\\/tiketi.com\\\/flying-santiago-de-chile-air-taxi-booking\\\/\",\"name\":\"Santiago de Chile Online Booking App - Electric Flying Taxis\",\"isPartOf\":{\"@id\":\"https:\\\/\\\/tiketi.com\\\/#website\"},\"primaryImageOfPage\":{\"@id\":\"https:\\\/\\\/tiketi.com\\\/flying-santiago-de-chile-air-taxi-booking\\\/#primaryimage\"},\"image\":{\"@id\":\"https:\\\/\\\/tiketi.com\\\/flying-santiago-de-chile-air-taxi-booking\\\/#primaryimage\"},\"thumbnailUrl\":\"https:\\\/\\\/tiketi.com\\\/wp-content\\\/uploads\\\/2019\\\/05\\\/santiago-de-chile-1308785_1.jpg\",\"datePublished\":\"2022-01-19T11:53:28+00:00\",\"dateModified\":\"2022-02-21T11:44:44+00:00\",\"description\":\"Looking for drone air taxi in Amsterdam online booking app, route, schedule & fare? Compare air taxis and book your cheap flying taxi in Amsterdam\",\"breadcrumb\":{\"@id\":\"https:\\\/\\\/tiketi.com\\\/flying-santiago-de-chile-air-taxi-booking\\\/#breadcrumb\"},\"inLanguage\":\"fr-FR\",\"potentialAction\":[{\"@type\":\"ReadAction\",\"target\":[\"https:\\\/\\\/tiketi.com\\\/flying-santiago-de-chile-air-taxi-booking\\\/\"]}]},{\"@type\":\"ImageObject\",\"inLanguage\":\"fr-FR\",\"@id\":\"https:\\\/\\\/tiketi.com\\\/flying-santiago-de-chile-air-taxi-booking\\\/#primaryimage\",\"url\":\"https:\\\/\\\/tiketi.com\\\/wp-content\\\/uploads\\\/2019\\\/05\\\/santiago-de-chile-1308785_1.jpg\",\"contentUrl\":\"https:\\\/\\\/tiketi.com\\\/wp-content\\\/uploads\\\/2019\\\/05\\\/santiago-de-chile-1308785_1.jpg\",\"width\":1200,\"height\":200,\"caption\":\"Air Taxi in Santiago de Chile\"},{\"@type\":\"BreadcrumbList\",\"@id\":\"https:\\\/\\\/tiketi.com\\\/flying-santiago-de-chile-air-taxi-booking\\\/#breadcrumb\",\"itemListElement\":[{\"@type\":\"ListItem\",\"position\":1,\"name\":\"Home\",\"item\":\"https:\\\/\\\/tiketi.com\\\/\"},{\"@type\":\"ListItem\",\"position\":2,\"name\":\"Santiago de Chile Online Booking &#8211; Electric Flying Taxis\"}]},{\"@type\":\"WebSite\",\"@id\":\"https:\\\/\\\/tiketi.com\\\/#website\",\"url\":\"https:\\\/\\\/tiketi.com\\\/\",\"name\":\"Flight & Bus Tickets, Tour Packages & Activitites - Tiketi.com\",\"description\":\"Flight &amp; Bus Tickets, Tours, Activitites\",\"publisher\":{\"@id\":\"https:\\\/\\\/tiketi.com\\\/#organization\"},\"potentialAction\":[{\"@type\":\"SearchAction\",\"target\":{\"@type\":\"EntryPoint\",\"urlTemplate\":\"https:\\\/\\\/tiketi.com\\\/?s={search_term_string}\"},\"query-input\":{\"@type\":\"PropertyValueSpecification\",\"valueRequired\":true,\"valueName\":\"search_term_string\"}}],\"inLanguage\":\"fr-FR\"},{\"@type\":\"Organization\",\"@id\":\"https:\\\/\\\/tiketi.com\\\/#organization\",\"name\":\"Tiketi.com\",\"alternateName\":\"Tiketi\",\"url\":\"https:\\\/\\\/tiketi.com\\\/\",\"logo\":{\"@type\":\"ImageObject\",\"inLanguage\":\"fr-FR\",\"@id\":\"https:\\\/\\\/tiketi.com\\\/#\\\/schema\\\/logo\\\/image\\\/\",\"url\":\"https:\\\/\\\/tiketi.com\\\/wp-content\\\/uploads\\\/2019\\\/05\\\/tiketi-logo-696.png\",\"contentUrl\":\"https:\\\/\\\/tiketi.com\\\/wp-content\\\/uploads\\\/2019\\\/05\\\/tiketi-logo-696.png\",\"width\":696,\"height\":696,\"caption\":\"Tiketi.com\"},\"image\":{\"@id\":\"https:\\\/\\\/tiketi.com\\\/#\\\/schema\\\/logo\\\/image\\\/\"},\"sameAs\":[\"https:\\\/\\\/www.facebook.com\\\/TiketiCom\\\/\"]}]}<\/script>\n<!-- \/ Yoast SEO plugin. -->","yoast_head_json":{"title":"Application de r\u00e9servation en ligne \u00e0 Santiago du Chili - Taxis volants \u00e9lectriques","description":"Vous recherchez une application de r\u00e9servation en ligne de taxi a\u00e9rien drone \u00e0 Amsterdam, un itin\u00e9raire, un horaire et un tarif\u00a0? Comparez les taxis a\u00e9riens et r\u00e9servez votre taxi volant pas cher \u00e0 Amsterdam","robots":{"index":"index","follow":"follow","max-snippet":"max-snippet:-1","max-image-preview":"max-image-preview:large","max-video-preview":"max-video-preview:-1"},"canonical":"https:\/\/tiketi.com\/fr-fr\/flying-santiago-de-chile-air-taxi-booking\/","og_locale":"fr_FR","og_type":"article","og_title":"Santiago de Chile Online Booking App - Electric Flying Taxis","og_description":"Looking for drone air taxi in Amsterdam online booking app, route, schedule & fare? Compare air taxis and book your cheap flying taxi in Amsterdam","og_url":"https:\/\/tiketi.com\/fr-fr\/flying-santiago-de-chile-air-taxi-booking\/","og_site_name":"Tiketi.com","article_publisher":"https:\/\/www.facebook.com\/TiketiCom\/","article_modified_time":"2022-02-21T11:44:44+00:00","og_image":[{"width":1200,"height":200,"url":"https:\/\/tiketi.com\/wp-content\/uploads\/2019\/05\/santiago-de-chile-1308785_1.jpg","type":"image\/jpeg"}],"twitter_card":"summary_large_image","twitter_misc":{"Dur\u00e9e de lecture estim\u00e9e":"3 minutes"},"schema":{"@context":"https:\/\/schema.org","@graph":[{"@type":"WebPage","@id":"https:\/\/tiketi.com\/flying-santiago-de-chile-air-taxi-booking\/","url":"https:\/\/tiketi.com\/flying-santiago-de-chile-air-taxi-booking\/","name":"Application de r\u00e9servation en ligne \u00e0 Santiago du Chili - Taxis volants \u00e9lectriques","isPartOf":{"@id":"https:\/\/tiketi.com\/#website"},"primaryImageOfPage":{"@id":"https:\/\/tiketi.com\/flying-santiago-de-chile-air-taxi-booking\/#primaryimage"},"image":{"@id":"https:\/\/tiketi.com\/flying-santiago-de-chile-air-taxi-booking\/#primaryimage"},"thumbnailUrl":"https:\/\/tiketi.com\/wp-content\/uploads\/2019\/05\/santiago-de-chile-1308785_1.jpg","datePublished":"2022-01-19T11:53:28+00:00","dateModified":"2022-02-21T11:44:44+00:00","description":"Vous recherchez une application de r\u00e9servation en ligne de taxi a\u00e9rien drone \u00e0 Amsterdam, un itin\u00e9raire, un horaire et un tarif\u00a0? Comparez les taxis a\u00e9riens et r\u00e9servez votre taxi volant pas cher \u00e0 Amsterdam","breadcrumb":{"@id":"https:\/\/tiketi.com\/flying-santiago-de-chile-air-taxi-booking\/#breadcrumb"},"inLanguage":"fr-FR","potentialAction":[{"@type":"ReadAction","target":["https:\/\/tiketi.com\/flying-santiago-de-chile-air-taxi-booking\/"]}]},{"@type":"ImageObject","inLanguage":"fr-FR","@id":"https:\/\/tiketi.com\/flying-santiago-de-chile-air-taxi-booking\/#primaryimage","url":"https:\/\/tiketi.com\/wp-content\/uploads\/2019\/05\/santiago-de-chile-1308785_1.jpg","contentUrl":"https:\/\/tiketi.com\/wp-content\/uploads\/2019\/05\/santiago-de-chile-1308785_1.jpg","width":1200,"height":200,"caption":"Air Taxi in Santiago de Chile"},{"@type":"BreadcrumbList","@id":"https:\/\/tiketi.com\/flying-santiago-de-chile-air-taxi-booking\/#breadcrumb","itemListElement":[{"@type":"ListItem","position":1,"name":"Home","item":"https:\/\/tiketi.com\/"},{"@type":"ListItem","position":2,"name":"Santiago de Chile Online Booking &#8211; Electric Flying Taxis"}]},{"@type":"WebSite","@id":"https:\/\/tiketi.com\/#website","url":"https:\/\/tiketi.com\/","name":"Billets d&#039;avion et de bus, forfaits touristiques et activit\u00e9s - Tiketi.com","description":"Billets d&#039;avion et de bus, Tours, Activit\u00e9s","publisher":{"@id":"https:\/\/tiketi.com\/#organization"},"potentialAction":[{"@type":"SearchAction","target":{"@type":"EntryPoint","urlTemplate":"https:\/\/tiketi.com\/?s={search_term_string}"},"query-input":{"@type":"PropertyValueSpecification","valueRequired":true,"valueName":"search_term_string"}}],"inLanguage":"fr-FR"},{"@type":"Organization","@id":"https:\/\/tiketi.com\/#organization","name":"Tiketi.com","alternateName":"Tiketi","url":"https:\/\/tiketi.com\/","logo":{"@type":"ImageObject","inLanguage":"fr-FR","@id":"https:\/\/tiketi.com\/#\/schema\/logo\/image\/","url":"https:\/\/tiketi.com\/wp-content\/uploads\/2019\/05\/tiketi-logo-696.png","contentUrl":"https:\/\/tiketi.com\/wp-content\/uploads\/2019\/05\/tiketi-logo-696.png","width":696,"height":696,"caption":"Tiketi.com"},"image":{"@id":"https:\/\/tiketi.com\/#\/schema\/logo\/image\/"},"sameAs":["https:\/\/www.facebook.com\/TiketiCom\/"]}]}},"_links":{"self":[{"href":"https:\/\/tiketi.com\/fr-fr\/wp-json\/wp\/v2\/pages\/10528","targetHints":{"allow":["GET"]}}],"collection":[{"href":"https:\/\/tiketi.com\/fr-fr\/wp-json\/wp\/v2\/pages"}],"about":[{"href":"https:\/\/tiketi.com\/fr-fr\/wp-json\/wp\/v2\/types\/page"}],"author":[{"embeddable":true,"href":"https:\/\/tiketi.com\/fr-fr\/wp-json\/wp\/v2\/users\/1"}],"replies":[{"embeddable":true,"href":"https:\/\/tiketi.com\/fr-fr\/wp-json\/wp\/v2\/comments?post=10528"}],"version-history":[{"count":0,"href":"https:\/\/tiketi.com\/fr-fr\/wp-json\/wp\/v2\/pages\/10528\/revisions"}],"wp:featuredmedia":[{"embeddable":true,"href":"https:\/\/tiketi.com\/fr-fr\/wp-json\/wp\/v2\/media\/21079"}],"wp:attachment":[{"href":"https:\/\/tiketi.com\/fr-fr\/wp-json\/wp\/v2\/media?parent=10528"}],"curies":[{"name":"wp","href":"https:\/\/api.w.org\/{rel}","templated":true}]}}