{"id":10529,"date":"2022-01-19T12:53:29","date_gmt":"2022-01-19T11:53:29","guid":{"rendered":"https:\/\/new.tiketi.com\/bogota-air-taxi-booking-app-electric-flying-taxis\/"},"modified":"2022-02-02T13:38:25","modified_gmt":"2022-02-02T12:38:25","slug":"flying-bogota-air-taxi-booking","status":"publish","type":"page","link":"https:\/\/tiketi.com\/fr-fr\/flying-bogota-air-taxi-booking\/","title":{"rendered":"Taxi a\u00e9rien \u00e0 Bogota R\u00e9servation en ligne - Taxis volants \u00e9lectriques"},"content":{"rendered":"<h2>Application de r\u00e9servation de taxi a\u00e9rien \u00e9lectrique \u00e0 Bogota<\/h2>\nLe service d&#039;application de r\u00e9servation en ligne de taxi a\u00e9rien \u00e9lectrique \u00e0 Bogota permet aux utilisateurs de r\u00e9server un taxi volant avec drone \u00e0 Bogota \u00e0 tout moment - nous rendons la r\u00e9servation de taxi a\u00e9rien \u00e0 Bogota simple, abordable et accessible \u00e0 tous. Les taxis a\u00e9riens \u00e0 Bogota permettent de voyager pas cher et rapidement en Colombie. Bogota s&#039;est impos\u00e9e comme l&#039;une des villes les plus \u00e9tonnantes et culturellement diversifi\u00e9es d&#039;Am\u00e9rique du Sud. Cette ville \u00e9galement connue sous le nom de Santa Fe de Bogota entre 1991 et 2000, est la plus grande et la capitale de la Colombie, administr\u00e9e comme la capitale, ainsi que la capitale du d\u00e9partement de Cundinamarca. C&#039;est un centre \u00e9conomique, politique, industriel et administratif du pays. Bogota est \u00e9galement c\u00e9l\u00e8bre pour ses nombreux \u00e9v\u00e9nements culturels, qui contiennent des pi\u00e8ces de th\u00e9\u00e2tre, des concerts, des expositions d&#039;art et des ballets. Le Th\u00e9\u00e2tre Colon est l&#039;un des plus anciens et des plus prestigieux, mais vous trouverez des centres culturels et des \u00e9v\u00e9nements remarquables partout o\u00f9 vous allez. Comme pour tant d&#039;autres choses, vous pourrez r\u00e9server en ligne \u00e0 tout moment et n&#039;importe o\u00f9 un taxi drone \u00e0 Bogota pour votre vol en taxi a\u00e9rien \u00e9lectrique.\n\n<!-- \/wp:post-content --><!-- wp:heading -->\n<h2>Voici quelques-uns des avantages du taxi volant \u00e9lectrique \u00e0 Bogota, Colombie<\/h2>\n<h3>Les taxis a\u00e9riens \u00e9lectriques \u00e0 Bogota vont totalement changer l&#039;avenir<\/h3>\n<!-- \/wp:heading --><!-- wp:paragraph -->\n\nPour ceux qui r\u00eavent de l&#039;avenir, des d\u00e9fis difficiles sont en route. Mais de nouveaux syst\u00e8mes et technologies sont \u00e9galement d\u00e9velopp\u00e9s pour les r\u00e9soudre, explorant des horizons qui sont nouveaux pour la plupart d&#039;entre nous, mais qui changeront notre fa\u00e7on de vivre \u00e0 l&#039;avenir. Le d\u00e9veloppement de l&#039;infrastructure qui permettra le fonctionnement en toute s\u00e9curit\u00e9 d&#039;un tel syst\u00e8me est aussi vital que le d\u00e9veloppement des taxis volants \u00e0 Bogota, en Colombie.\n<h3>Quelle est la vitesse d&#039;un taxi volant \u00e9lectrique \u00e0 Bogota, en Colombie\u00a0?<\/h3>\n<!-- \/wp:paragraph --><!-- wp:paragraph -->\n\nL&#039;avion Archers eVTOL, nomm\u00e9 Maker, sera capable de parcourir une distance allant jusqu&#039;\u00e0 soixante miles \u00e0 des vitesses proches de 150 mph. En plus de soulager les embouteillages au sol, les taxis volants de l&#039;engin \u00e0 moteur de Bogota ne g\u00e9n\u00e9reront aucune \u00e9mission et auront une empreinte sonore de seulement 45 dba, se fondant dans les sons des quartiers r\u00e9sidentiels.\n<h3>Les taxis a\u00e9riens \u00e9lectriques \u00e0 Bogota sont-ils respectueux de l&#039;environnement ?<\/h3>\n<!-- \/wp:paragraph --><!-- wp:paragraph -->\n\nUn VTOL \u00e9met vingt-huit pour cent plus de gaz \u00e0 effet de serre qu&#039;un v\u00e9hicule \u00e9lectrique et trente-cinq pour cent moins de gaz \u00e0 effet de serre qu&#039;un v\u00e9hicule \u00e0 essence. Pour des trajets longue distance d&#039;une centaine de kilom\u00e8tres ou plus, un taxi a\u00e9rien \u00e0 Bogota avec 1 pilote et 3 passagers \u00e9mettrait moins de gaz \u00e0 effet de serre par passager-mile qu&#039;un v\u00e9hicule avec une moyenne nationale de 1,54 occupants.\n<h3>Combien co\u00fbtera un taxi volant \u00e9lectrique \u00e0 Bogota ?<\/h3>\n<!-- \/wp:paragraph --><!-- wp:paragraph -->\n\nAu d\u00e9part, les drones taxis a\u00e9riens \u00e0 Bogota co\u00fbteront environ $5,73 par passager-mile. Vous pouvez facilement r\u00e9server un taxi a\u00e9rien via des taxis volants \u00e9lectriques dans l&#039;application Bogota. Le co\u00fbt chutera ensuite \u00e0 $1,85 par mile passager avant d&#039;atteindre finalement le taux incroyable du client de $0,44 par mile.\n\n<!-- \/wp:paragraph --><!-- wp:heading -->\n<h2>Avantages de l&#039;application de r\u00e9servation de taxi a\u00e9rien \u00e9lectrique Bogota<\/h2>\n<!-- \/wp:heading --><!-- wp:paragraph -->\n\nParmi ses autres avantages, la r\u00e9servation en ligne de taxi drone \u00e0 Bogota pourrait fournir un boom \u00e9conomique en augmentant le nombre de personnes se dirigeant vers des lieux de loisirs et de tourisme qui ne sont pas \u00e0 proximit\u00e9 des grands a\u00e9roports.\n\n<!-- \/wp:paragraph --><!-- wp:heading {\"level\":3} -->\n<h3>L&#039;application de r\u00e9servation en ligne de taxi a\u00e9rien \u00e0 Bogota serait-elle utilis\u00e9e pour r\u00e9server un vol en taxi a\u00e9rien \u00e9lectrique\u00a0?<\/h3>\n<!-- \/wp:heading --><!-- wp:paragraph -->\n\nOui, les clients peuvent utiliser de mani\u00e8re transparente l&#039;application de r\u00e9servation de taxi a\u00e9rien Bogota pour trouver le meilleur itin\u00e9raire et r\u00e9server un taxi volant \u00e0 Bogota \u00e0 tout moment et n&#039;importe o\u00f9.","protected":false},"excerpt":{"rendered":"<p>Electric Bogota Air Taxi Booking App Electric air taxi in Bogota online booking app service enable users to book drone flying taxi in Bogota anytime &#8211; we are making Bogota air taxi booking simple, affordable and accessible for everyone. Air taxis in Bogota makes possible to travel cheap and fast in Colombia. Bogota has established [&hellip;]<\/p>\n","protected":false},"author":1,"featured_media":14628,"parent":0,"menu_order":0,"comment_status":"open","ping_status":"closed","template":"template-home-modern.php","meta":{"footnotes":""},"class_list":["post-10529","page","type-page","status-publish","has-post-thumbnail","hentry"],"yoast_head":"<!-- This site is optimized with the Yoast SEO plugin v27.3 - https:\/\/yoast.com\/product\/yoast-seo-wordpress\/ -->\n<title>Air Taxi in Bogota Online Booking - Electric Flying Taxis<\/title>\n<meta name=\"description\" content=\"Looking for drone air taxi in Bogota online booking app, route, schedule and fare? Compare Bogota air taxis and book your cheap flying taxi in Bogota\" \/>\n<meta name=\"robots\" content=\"index, follow, max-snippet:-1, max-image-preview:large, max-video-preview:-1\" \/>\n<link rel=\"canonical\" href=\"https:\/\/tiketi.com\/fr-fr\/flying-bogota-air-taxi-booking\/\" \/>\n<meta property=\"og:locale\" content=\"fr_FR\" \/>\n<meta property=\"og:type\" content=\"article\" \/>\n<meta property=\"og:title\" content=\"Air Taxi in Bogota Online Booking - Electric Flying Taxis\" \/>\n<meta property=\"og:description\" content=\"Looking for drone air taxi in Bogota online booking app, route, schedule and fare? Compare Bogota air taxis and book your cheap flying taxi in Bogota\" \/>\n<meta property=\"og:url\" content=\"https:\/\/tiketi.com\/fr-fr\/flying-bogota-air-taxi-booking\/\" \/>\n<meta property=\"og:site_name\" content=\"Tiketi.com\" \/>\n<meta property=\"article:publisher\" content=\"https:\/\/www.facebook.com\/TiketiCom\/\" \/>\n<meta property=\"article:modified_time\" content=\"2022-02-02T12:38:25+00:00\" \/>\n<meta property=\"og:image\" content=\"https:\/\/tiketi.com\/wp-content\/uploads\/2022\/01\/bogota-2207059_1280.jpg\" \/>\n\t<meta property=\"og:image:width\" content=\"1200\" \/>\n\t<meta property=\"og:image:height\" content=\"202\" \/>\n\t<meta property=\"og:image:type\" content=\"image\/jpeg\" \/>\n<meta name=\"twitter:card\" content=\"summary_large_image\" \/>\n<meta name=\"twitter:label1\" content=\"Dur\u00e9e de lecture estim\u00e9e\" \/>\n\t<meta name=\"twitter:data1\" content=\"3 minutes\" \/>\n<script type=\"application\/ld+json\" class=\"yoast-schema-graph\">{\"@context\":\"https:\\\/\\\/schema.org\",\"@graph\":[{\"@type\":\"WebPage\",\"@id\":\"https:\\\/\\\/tiketi.com\\\/flying-bogota-air-taxi-booking\\\/\",\"url\":\"https:\\\/\\\/tiketi.com\\\/flying-bogota-air-taxi-booking\\\/\",\"name\":\"Air Taxi in Bogota Online Booking - Electric Flying Taxis\",\"isPartOf\":{\"@id\":\"https:\\\/\\\/tiketi.com\\\/#website\"},\"primaryImageOfPage\":{\"@id\":\"https:\\\/\\\/tiketi.com\\\/flying-bogota-air-taxi-booking\\\/#primaryimage\"},\"image\":{\"@id\":\"https:\\\/\\\/tiketi.com\\\/flying-bogota-air-taxi-booking\\\/#primaryimage\"},\"thumbnailUrl\":\"https:\\\/\\\/tiketi.com\\\/wp-content\\\/uploads\\\/2022\\\/01\\\/bogota-2207059_1280.jpg\",\"datePublished\":\"2022-01-19T11:53:29+00:00\",\"dateModified\":\"2022-02-02T12:38:25+00:00\",\"description\":\"Looking for drone air taxi in Bogota online booking app, route, schedule and fare? Compare Bogota air taxis and book your cheap flying taxi in Bogota\",\"breadcrumb\":{\"@id\":\"https:\\\/\\\/tiketi.com\\\/flying-bogota-air-taxi-booking\\\/#breadcrumb\"},\"inLanguage\":\"fr-FR\",\"potentialAction\":[{\"@type\":\"ReadAction\",\"target\":[\"https:\\\/\\\/tiketi.com\\\/flying-bogota-air-taxi-booking\\\/\"]}]},{\"@type\":\"ImageObject\",\"inLanguage\":\"fr-FR\",\"@id\":\"https:\\\/\\\/tiketi.com\\\/flying-bogota-air-taxi-booking\\\/#primaryimage\",\"url\":\"https:\\\/\\\/tiketi.com\\\/wp-content\\\/uploads\\\/2022\\\/01\\\/bogota-2207059_1280.jpg\",\"contentUrl\":\"https:\\\/\\\/tiketi.com\\\/wp-content\\\/uploads\\\/2022\\\/01\\\/bogota-2207059_1280.jpg\",\"width\":1200,\"height\":202,\"caption\":\"Bogota air taxi\"},{\"@type\":\"BreadcrumbList\",\"@id\":\"https:\\\/\\\/tiketi.com\\\/flying-bogota-air-taxi-booking\\\/#breadcrumb\",\"itemListElement\":[{\"@type\":\"ListItem\",\"position\":1,\"name\":\"Home\",\"item\":\"https:\\\/\\\/tiketi.com\\\/\"},{\"@type\":\"ListItem\",\"position\":2,\"name\":\"Air Taxi in Bogota Online Booking &#8211; Electric Flying Taxis\"}]},{\"@type\":\"WebSite\",\"@id\":\"https:\\\/\\\/tiketi.com\\\/#website\",\"url\":\"https:\\\/\\\/tiketi.com\\\/\",\"name\":\"Flight & Bus Tickets, Tour Packages & Activitites - Tiketi.com\",\"description\":\"Flight &amp; Bus Tickets, Tours, Activitites\",\"publisher\":{\"@id\":\"https:\\\/\\\/tiketi.com\\\/#organization\"},\"potentialAction\":[{\"@type\":\"SearchAction\",\"target\":{\"@type\":\"EntryPoint\",\"urlTemplate\":\"https:\\\/\\\/tiketi.com\\\/?s={search_term_string}\"},\"query-input\":{\"@type\":\"PropertyValueSpecification\",\"valueRequired\":true,\"valueName\":\"search_term_string\"}}],\"inLanguage\":\"fr-FR\"},{\"@type\":\"Organization\",\"@id\":\"https:\\\/\\\/tiketi.com\\\/#organization\",\"name\":\"Tiketi.com\",\"alternateName\":\"Tiketi\",\"url\":\"https:\\\/\\\/tiketi.com\\\/\",\"logo\":{\"@type\":\"ImageObject\",\"inLanguage\":\"fr-FR\",\"@id\":\"https:\\\/\\\/tiketi.com\\\/#\\\/schema\\\/logo\\\/image\\\/\",\"url\":\"https:\\\/\\\/tiketi.com\\\/wp-content\\\/uploads\\\/2019\\\/05\\\/tiketi-logo-696.png\",\"contentUrl\":\"https:\\\/\\\/tiketi.com\\\/wp-content\\\/uploads\\\/2019\\\/05\\\/tiketi-logo-696.png\",\"width\":696,\"height\":696,\"caption\":\"Tiketi.com\"},\"image\":{\"@id\":\"https:\\\/\\\/tiketi.com\\\/#\\\/schema\\\/logo\\\/image\\\/\"},\"sameAs\":[\"https:\\\/\\\/www.facebook.com\\\/TiketiCom\\\/\"]}]}<\/script>\n<!-- \/ Yoast SEO plugin. -->","yoast_head_json":{"title":"Taxi a\u00e9rien \u00e0 Bogota R\u00e9servation en ligne - Taxis volants \u00e9lectriques","description":"Vous recherchez une application de r\u00e9servation en ligne de taxi a\u00e9rien drone \u00e0 Bogota, un itin\u00e9raire, un horaire et un tarif? Comparez les taxis a\u00e9riens de Bogota et r\u00e9servez votre vol taxi pas cher \u00e0 Bogota","robots":{"index":"index","follow":"follow","max-snippet":"max-snippet:-1","max-image-preview":"max-image-preview:large","max-video-preview":"max-video-preview:-1"},"canonical":"https:\/\/tiketi.com\/fr-fr\/flying-bogota-air-taxi-booking\/","og_locale":"fr_FR","og_type":"article","og_title":"Air Taxi in Bogota Online Booking - Electric Flying Taxis","og_description":"Looking for drone air taxi in Bogota online booking app, route, schedule and fare? Compare Bogota air taxis and book your cheap flying taxi in Bogota","og_url":"https:\/\/tiketi.com\/fr-fr\/flying-bogota-air-taxi-booking\/","og_site_name":"Tiketi.com","article_publisher":"https:\/\/www.facebook.com\/TiketiCom\/","article_modified_time":"2022-02-02T12:38:25+00:00","og_image":[{"width":1200,"height":202,"url":"https:\/\/tiketi.com\/wp-content\/uploads\/2022\/01\/bogota-2207059_1280.jpg","type":"image\/jpeg"}],"twitter_card":"summary_large_image","twitter_misc":{"Dur\u00e9e de lecture estim\u00e9e":"3 minutes"},"schema":{"@context":"https:\/\/schema.org","@graph":[{"@type":"WebPage","@id":"https:\/\/tiketi.com\/flying-bogota-air-taxi-booking\/","url":"https:\/\/tiketi.com\/flying-bogota-air-taxi-booking\/","name":"Taxi a\u00e9rien \u00e0 Bogota R\u00e9servation en ligne - Taxis volants \u00e9lectriques","isPartOf":{"@id":"https:\/\/tiketi.com\/#website"},"primaryImageOfPage":{"@id":"https:\/\/tiketi.com\/flying-bogota-air-taxi-booking\/#primaryimage"},"image":{"@id":"https:\/\/tiketi.com\/flying-bogota-air-taxi-booking\/#primaryimage"},"thumbnailUrl":"https:\/\/tiketi.com\/wp-content\/uploads\/2022\/01\/bogota-2207059_1280.jpg","datePublished":"2022-01-19T11:53:29+00:00","dateModified":"2022-02-02T12:38:25+00:00","description":"Vous recherchez une application de r\u00e9servation en ligne de taxi a\u00e9rien drone \u00e0 Bogota, un itin\u00e9raire, un horaire et un tarif? Comparez les taxis a\u00e9riens de Bogota et r\u00e9servez votre vol taxi pas cher \u00e0 Bogota","breadcrumb":{"@id":"https:\/\/tiketi.com\/flying-bogota-air-taxi-booking\/#breadcrumb"},"inLanguage":"fr-FR","potentialAction":[{"@type":"ReadAction","target":["https:\/\/tiketi.com\/flying-bogota-air-taxi-booking\/"]}]},{"@type":"ImageObject","inLanguage":"fr-FR","@id":"https:\/\/tiketi.com\/flying-bogota-air-taxi-booking\/#primaryimage","url":"https:\/\/tiketi.com\/wp-content\/uploads\/2022\/01\/bogota-2207059_1280.jpg","contentUrl":"https:\/\/tiketi.com\/wp-content\/uploads\/2022\/01\/bogota-2207059_1280.jpg","width":1200,"height":202,"caption":"Bogota air taxi"},{"@type":"BreadcrumbList","@id":"https:\/\/tiketi.com\/flying-bogota-air-taxi-booking\/#breadcrumb","itemListElement":[{"@type":"ListItem","position":1,"name":"Home","item":"https:\/\/tiketi.com\/"},{"@type":"ListItem","position":2,"name":"Air Taxi in Bogota Online Booking &#8211; Electric Flying Taxis"}]},{"@type":"WebSite","@id":"https:\/\/tiketi.com\/#website","url":"https:\/\/tiketi.com\/","name":"Billets d&#039;avion et de bus, forfaits touristiques et activit\u00e9s - Tiketi.com","description":"Billets d&#039;avion et de bus, Tours, Activit\u00e9s","publisher":{"@id":"https:\/\/tiketi.com\/#organization"},"potentialAction":[{"@type":"SearchAction","target":{"@type":"EntryPoint","urlTemplate":"https:\/\/tiketi.com\/?s={search_term_string}"},"query-input":{"@type":"PropertyValueSpecification","valueRequired":true,"valueName":"search_term_string"}}],"inLanguage":"fr-FR"},{"@type":"Organization","@id":"https:\/\/tiketi.com\/#organization","name":"Tiketi.com","alternateName":"Tiketi","url":"https:\/\/tiketi.com\/","logo":{"@type":"ImageObject","inLanguage":"fr-FR","@id":"https:\/\/tiketi.com\/#\/schema\/logo\/image\/","url":"https:\/\/tiketi.com\/wp-content\/uploads\/2019\/05\/tiketi-logo-696.png","contentUrl":"https:\/\/tiketi.com\/wp-content\/uploads\/2019\/05\/tiketi-logo-696.png","width":696,"height":696,"caption":"Tiketi.com"},"image":{"@id":"https:\/\/tiketi.com\/#\/schema\/logo\/image\/"},"sameAs":["https:\/\/www.facebook.com\/TiketiCom\/"]}]}},"_links":{"self":[{"href":"https:\/\/tiketi.com\/fr-fr\/wp-json\/wp\/v2\/pages\/10529","targetHints":{"allow":["GET"]}}],"collection":[{"href":"https:\/\/tiketi.com\/fr-fr\/wp-json\/wp\/v2\/pages"}],"about":[{"href":"https:\/\/tiketi.com\/fr-fr\/wp-json\/wp\/v2\/types\/page"}],"author":[{"embeddable":true,"href":"https:\/\/tiketi.com\/fr-fr\/wp-json\/wp\/v2\/users\/1"}],"replies":[{"embeddable":true,"href":"https:\/\/tiketi.com\/fr-fr\/wp-json\/wp\/v2\/comments?post=10529"}],"version-history":[{"count":0,"href":"https:\/\/tiketi.com\/fr-fr\/wp-json\/wp\/v2\/pages\/10529\/revisions"}],"wp:featuredmedia":[{"embeddable":true,"href":"https:\/\/tiketi.com\/fr-fr\/wp-json\/wp\/v2\/media\/14628"}],"wp:attachment":[{"href":"https:\/\/tiketi.com\/fr-fr\/wp-json\/wp\/v2\/media?parent=10529"}],"curies":[{"name":"wp","href":"https:\/\/api.w.org\/{rel}","templated":true}]}}