{"id":10531,"date":"2022-01-19T12:53:29","date_gmt":"2022-01-19T11:53:29","guid":{"rendered":"https:\/\/new.tiketi.com\/dhaka-air-taxi-booking-app-electric-flying-taxis\/"},"modified":"2022-02-11T21:28:12","modified_gmt":"2022-02-11T20:28:12","slug":"flying-dhaka-air-taxi-booking","status":"publish","type":"page","link":"https:\/\/tiketi.com\/fr-fr\/flying-dhaka-air-taxi-booking\/","title":{"rendered":"Taxi a\u00e9rien \u00e0 Dhaka Application de r\u00e9servation en ligne - Taxis volants \u00e9lectriques"},"content":{"rendered":"<h2>Application de r\u00e9servation de taxi a\u00e9rien \u00e9lectrique de Dhaka<\/h2>\n<!-- \/wp:post-content --><!-- wp:paragraph -->\n\nLe service d&#039;application de r\u00e9servation en ligne de taxi a\u00e9rien \u00e9lectrique \u00e0 Dhaka permettra aux utilisateurs de r\u00e9server un taxi volant \u00e9lectrique \u00e0 Dhaka, qui sera bient\u00f4t lanc\u00e9 \u00e0 Dhaka. Les taxis a\u00e9riens autonomes \u00e0 Dhaka permettent de voyager rapidement et \u00e0 bas prix \u00e0 Dhaka. Dhaka est la capitale du Bangladesh. La c\u00e9l\u00e8bre ville a une histoire de plus de quatre cents ans. Au cours de ces ann\u00e9es, la ville a beaucoup remplac\u00e9. Cela a vu le r\u00e8gne du Pakistan, des Britanniques, et maintenant nous sommes le Bangladesh ind\u00e9pendant. Cette ville de Dhaka s&#039;est tellement d\u00e9velopp\u00e9e que nous appelons maintenant la partie la plus ancienne de Dhaka comme Old Dhaka, qui \u00e9tait la cl\u00e9 de Dhaka lorsque la ville a \u00e9t\u00e9 cr\u00e9\u00e9e. Ayant une si longue histoire, cette partie la plus ancienne de Dhaka offre de nombreuses choses \u00e0 faire et de nombreux endroits \u00e0 visiter. Comme pour bien d&#039;autres choses, vous pourrez effectuer une r\u00e9servation de taxi a\u00e9rien par drone Dhaka \u00e0 tout moment et n&#039;importe o\u00f9 pour votre vol de taxi a\u00e9rien \u00e9lectrique.\n\n<!-- \/wp:paragraph --><!-- wp:heading -->\n<h2>Voici quelques-uns des avantages du taxi volant \u00e9lectrique \u00e0 Dhaka<\/h2>\n<h3>Les taxis a\u00e9riens \u00e9lectriques \u00e0 Dhaka vont totalement changer l\u2019avenir<\/h3>\n<!-- \/wp:heading --><!-- wp:paragraph -->\n\nPour ceux qui r\u00eavent d\u2019avenir, de difficiles d\u00e9fis sont \u00e0 venir. Mais de nouveaux syst\u00e8mes et technologies sont \u00e9galement d\u00e9velopp\u00e9s pour les r\u00e9soudre, explorant des horizons nouveaux pour la plupart d\u2019entre nous, mais qui changeront notre fa\u00e7on de vivre \u00e0 l\u2019avenir. Le d\u00e9veloppement de l&#039;infrastructure qui permettra l&#039;exploitation s\u00fbre d&#039;un tel syst\u00e8me est aussi vital que le d\u00e9veloppement des taxis volants \u00e0 Dhaka.\n<h3>Quelle est la rapidit\u00e9 du taxi volant \u00e0 Dhaka ?<\/h3>\n<!-- \/wp:paragraph --><!-- wp:paragraph -->\n\nL&#039;avion Archers eVTOL, nomm\u00e9 Maker, sera capable de parcourir une distance allant jusqu&#039;\u00e0 soixante milles \u00e0 des vitesses proches de 150 mph. En plus de r\u00e9duire les embouteillages au sol, les taxis volants des engins motoris\u00e9s de Dhaka ne g\u00e9n\u00e9reront aucune \u00e9mission et auront une empreinte sonore de seulement 45 dBA, se fondant dans les bruits des quartiers r\u00e9sidentiels.\n<h3>Les taxis a\u00e9riens \u00e9lectriques \u00e0 Dhaka sont-ils respectueux de l\u2019environnement\u00a0?<\/h3>\n<!-- \/wp:paragraph --><!-- wp:paragraph -->\n\nUn VTOL \u00e9met vingt-huit pour cent de gaz \u00e0 effet de serre en plus qu&#039;un v\u00e9hicule \u00e9lectrique et trente-cinq pour cent de gaz \u00e0 effet de serre en moins qu&#039;un v\u00e9hicule \u00e0 essence. Pour les trajets longue distance d&#039;une centaine de kilom\u00e8tres ou plus, un taxi a\u00e9rien \u00e0 Dhaka avec 1 pilote et 3 passagers \u00e9mettrait moins de gaz \u00e0 effet de serre par passager-mile qu&#039;un v\u00e9hicule avec une moyenne nationale de 1,54 occupants.\n<h3>Combien co\u00fbtera un taxi volant \u00e9lectrique \u00e0 Dhaka ?<\/h3>\n<!-- \/wp:paragraph --><!-- wp:paragraph -->\n\nInitialement, les taxis a\u00e9riens par drones \u00e0 Dhaka co\u00fbteront environ $5,73 par passager-mile. Vous pouvez facilement r\u00e9server un taxi a\u00e9rien via des taxis volants \u00e9lectriques dans l&#039;application Dhaka. Le co\u00fbt chutera ensuite \u00e0 $1,85 par passager-mile avant d&#039;atteindre finalement le tarif incroyable de $0,44 par mile pour le client.\n\n<!-- \/wp:paragraph --><!-- wp:heading -->\n<h2>Avantages de l&#039;application de r\u00e9servation de taxi a\u00e9rien \u00e9lectrique de Dhaka<\/h2>\n<!-- \/wp:heading --><!-- wp:paragraph -->\n\nParmi ses autres avantages, la r\u00e9servation en ligne de taxi a\u00e9rien \u00e9lectrique \u00e0 Dhaka pourrait provoquer un boom \u00e9conomique en augmentant le nombre de personnes se dirigeant vers des lieux de loisirs et de tourisme \u00e9loign\u00e9s des grands a\u00e9roports.\n\n<!-- \/wp:paragraph --><!-- wp:heading {\"level\":3} -->\n<h3>L&#039;application de r\u00e9servation en ligne de taxi a\u00e9rien par drone \u00e0 Dhaka serait-elle utilis\u00e9e pour r\u00e9server un vol de taxi a\u00e9rien \u00e9lectrique\u00a0?<\/h3>\n<!-- \/wp:heading --><!-- wp:paragraph -->\n\nOui, les clients peuvent utiliser de mani\u00e8re transparente l&#039;application de r\u00e9servation de taxi a\u00e9rien \u00e9lectrique de Dhaka pour trouver le meilleur itin\u00e9raire et r\u00e9server un taxi volant \u00e0 Dhaka, \u00e0 tout moment et en tout lieu.","protected":false},"excerpt":{"rendered":"<p>Electric Dhaka Air Taxi Booking App Electric air taxi in Dhaka online booking app service will enable users to book electric flying taxi in Dhaka launching in Dhaka soon. Autonomous air taxis in Dhaka makes possible to travel cheap and fast in Dhaka. Dhaka is the capital city of Bangladesh. The famous city has a [&hellip;]<\/p>\n","protected":false},"author":1,"featured_media":14057,"parent":0,"menu_order":0,"comment_status":"open","ping_status":"closed","template":"template-home-modern.php","meta":{"footnotes":""},"class_list":["post-10531","page","type-page","status-publish","has-post-thumbnail","hentry"],"yoast_head":"<!-- This site is optimized with the Yoast SEO plugin v27.3 - https:\/\/yoast.com\/product\/yoast-seo-wordpress\/ -->\n<title>Dhaka Air Taxi Booking App - Electric Flying Taxis<\/title>\n<meta name=\"description\" content=\"Looking for electric air taxi in Dhaka online booking, route, schedule &amp; fare? Download our Dhaka air taxi booking app and book your flying taxi in Dhaka flight\" \/>\n<meta name=\"robots\" content=\"index, follow, max-snippet:-1, max-image-preview:large, max-video-preview:-1\" \/>\n<link rel=\"canonical\" href=\"https:\/\/tiketi.com\/fr-fr\/flying-dhaka-air-taxi-booking\/\" \/>\n<meta property=\"og:locale\" content=\"fr_FR\" \/>\n<meta property=\"og:type\" content=\"article\" \/>\n<meta property=\"og:title\" content=\"Dhaka Air Taxi Booking App - Electric Flying Taxis\" \/>\n<meta property=\"og:description\" content=\"Looking for electric air taxi in Dhaka online booking, route, schedule &amp; fare? Download our Dhaka air taxi booking app and book your flying taxi in Dhaka flight\" \/>\n<meta property=\"og:url\" content=\"https:\/\/tiketi.com\/fr-fr\/flying-dhaka-air-taxi-booking\/\" \/>\n<meta property=\"og:site_name\" content=\"Tiketi.com\" \/>\n<meta property=\"article:publisher\" content=\"https:\/\/www.facebook.com\/TiketiCom\/\" \/>\n<meta property=\"article:modified_time\" content=\"2022-02-11T20:28:12+00:00\" \/>\n<meta property=\"og:image\" content=\"https:\/\/tiketi.com\/wp-content\/uploads\/2022\/01\/drone-air-taxi-6819108_1280.jpg\" \/>\n\t<meta property=\"og:image:width\" content=\"1213\" \/>\n\t<meta property=\"og:image:height\" content=\"200\" \/>\n\t<meta property=\"og:image:type\" content=\"image\/jpeg\" \/>\n<meta name=\"twitter:card\" content=\"summary_large_image\" \/>\n<meta name=\"twitter:label1\" content=\"Dur\u00e9e de lecture estim\u00e9e\" \/>\n\t<meta name=\"twitter:data1\" content=\"3 minutes\" \/>\n<script type=\"application\/ld+json\" class=\"yoast-schema-graph\">{\"@context\":\"https:\\\/\\\/schema.org\",\"@graph\":[{\"@type\":\"WebPage\",\"@id\":\"https:\\\/\\\/tiketi.com\\\/flying-dhaka-air-taxi-booking\\\/\",\"url\":\"https:\\\/\\\/tiketi.com\\\/flying-dhaka-air-taxi-booking\\\/\",\"name\":\"Dhaka Air Taxi Booking App - Electric Flying Taxis\",\"isPartOf\":{\"@id\":\"https:\\\/\\\/tiketi.com\\\/#website\"},\"primaryImageOfPage\":{\"@id\":\"https:\\\/\\\/tiketi.com\\\/flying-dhaka-air-taxi-booking\\\/#primaryimage\"},\"image\":{\"@id\":\"https:\\\/\\\/tiketi.com\\\/flying-dhaka-air-taxi-booking\\\/#primaryimage\"},\"thumbnailUrl\":\"https:\\\/\\\/tiketi.com\\\/wp-content\\\/uploads\\\/2022\\\/01\\\/drone-air-taxi-6819108_1280.jpg\",\"datePublished\":\"2022-01-19T11:53:29+00:00\",\"dateModified\":\"2022-02-11T20:28:12+00:00\",\"description\":\"Looking for electric air taxi in Dhaka online booking, route, schedule & fare? Download our Dhaka air taxi booking app and book your flying taxi in Dhaka flight\",\"breadcrumb\":{\"@id\":\"https:\\\/\\\/tiketi.com\\\/flying-dhaka-air-taxi-booking\\\/#breadcrumb\"},\"inLanguage\":\"fr-FR\",\"potentialAction\":[{\"@type\":\"ReadAction\",\"target\":[\"https:\\\/\\\/tiketi.com\\\/flying-dhaka-air-taxi-booking\\\/\"]}]},{\"@type\":\"ImageObject\",\"inLanguage\":\"fr-FR\",\"@id\":\"https:\\\/\\\/tiketi.com\\\/flying-dhaka-air-taxi-booking\\\/#primaryimage\",\"url\":\"https:\\\/\\\/tiketi.com\\\/wp-content\\\/uploads\\\/2022\\\/01\\\/drone-air-taxi-6819108_1280.jpg\",\"contentUrl\":\"https:\\\/\\\/tiketi.com\\\/wp-content\\\/uploads\\\/2022\\\/01\\\/drone-air-taxi-6819108_1280.jpg\",\"width\":1213,\"height\":200,\"caption\":\"Drone Air taxi\"},{\"@type\":\"BreadcrumbList\",\"@id\":\"https:\\\/\\\/tiketi.com\\\/flying-dhaka-air-taxi-booking\\\/#breadcrumb\",\"itemListElement\":[{\"@type\":\"ListItem\",\"position\":1,\"name\":\"Home\",\"item\":\"https:\\\/\\\/tiketi.com\\\/\"},{\"@type\":\"ListItem\",\"position\":2,\"name\":\"Air Taxi\u00a0in\u00a0Dhaka Online Booking App &#8211; Electric Flying Taxis\"}]},{\"@type\":\"WebSite\",\"@id\":\"https:\\\/\\\/tiketi.com\\\/#website\",\"url\":\"https:\\\/\\\/tiketi.com\\\/\",\"name\":\"Flight & Bus Tickets, Tour Packages & Activitites - Tiketi.com\",\"description\":\"Flight &amp; Bus Tickets, Tours, Activitites\",\"publisher\":{\"@id\":\"https:\\\/\\\/tiketi.com\\\/#organization\"},\"potentialAction\":[{\"@type\":\"SearchAction\",\"target\":{\"@type\":\"EntryPoint\",\"urlTemplate\":\"https:\\\/\\\/tiketi.com\\\/?s={search_term_string}\"},\"query-input\":{\"@type\":\"PropertyValueSpecification\",\"valueRequired\":true,\"valueName\":\"search_term_string\"}}],\"inLanguage\":\"fr-FR\"},{\"@type\":\"Organization\",\"@id\":\"https:\\\/\\\/tiketi.com\\\/#organization\",\"name\":\"Tiketi.com\",\"alternateName\":\"Tiketi\",\"url\":\"https:\\\/\\\/tiketi.com\\\/\",\"logo\":{\"@type\":\"ImageObject\",\"inLanguage\":\"fr-FR\",\"@id\":\"https:\\\/\\\/tiketi.com\\\/#\\\/schema\\\/logo\\\/image\\\/\",\"url\":\"https:\\\/\\\/tiketi.com\\\/wp-content\\\/uploads\\\/2019\\\/05\\\/tiketi-logo-696.png\",\"contentUrl\":\"https:\\\/\\\/tiketi.com\\\/wp-content\\\/uploads\\\/2019\\\/05\\\/tiketi-logo-696.png\",\"width\":696,\"height\":696,\"caption\":\"Tiketi.com\"},\"image\":{\"@id\":\"https:\\\/\\\/tiketi.com\\\/#\\\/schema\\\/logo\\\/image\\\/\"},\"sameAs\":[\"https:\\\/\\\/www.facebook.com\\\/TiketiCom\\\/\"]}]}<\/script>\n<!-- \/ Yoast SEO plugin. -->","yoast_head_json":{"title":"Application de r\u00e9servation de taxi a\u00e9rien de Dhaka - Taxis volants \u00e9lectriques","description":"Vous recherchez un taxi a\u00e9rien \u00e9lectrique \u00e0 Dhaka, une r\u00e9servation en ligne, un itin\u00e9raire, un horaire et un tarif ? T\u00e9l\u00e9chargez notre application de r\u00e9servation de taxi a\u00e9rien Dhaka et r\u00e9servez votre taxi volant sur le vol Dhaka","robots":{"index":"index","follow":"follow","max-snippet":"max-snippet:-1","max-image-preview":"max-image-preview:large","max-video-preview":"max-video-preview:-1"},"canonical":"https:\/\/tiketi.com\/fr-fr\/flying-dhaka-air-taxi-booking\/","og_locale":"fr_FR","og_type":"article","og_title":"Dhaka Air Taxi Booking App - Electric Flying Taxis","og_description":"Looking for electric air taxi in Dhaka online booking, route, schedule & fare? Download our Dhaka air taxi booking app and book your flying taxi in Dhaka flight","og_url":"https:\/\/tiketi.com\/fr-fr\/flying-dhaka-air-taxi-booking\/","og_site_name":"Tiketi.com","article_publisher":"https:\/\/www.facebook.com\/TiketiCom\/","article_modified_time":"2022-02-11T20:28:12+00:00","og_image":[{"width":1213,"height":200,"url":"https:\/\/tiketi.com\/wp-content\/uploads\/2022\/01\/drone-air-taxi-6819108_1280.jpg","type":"image\/jpeg"}],"twitter_card":"summary_large_image","twitter_misc":{"Dur\u00e9e de lecture estim\u00e9e":"3 minutes"},"schema":{"@context":"https:\/\/schema.org","@graph":[{"@type":"WebPage","@id":"https:\/\/tiketi.com\/flying-dhaka-air-taxi-booking\/","url":"https:\/\/tiketi.com\/flying-dhaka-air-taxi-booking\/","name":"Application de r\u00e9servation de taxi a\u00e9rien de Dhaka - Taxis volants \u00e9lectriques","isPartOf":{"@id":"https:\/\/tiketi.com\/#website"},"primaryImageOfPage":{"@id":"https:\/\/tiketi.com\/flying-dhaka-air-taxi-booking\/#primaryimage"},"image":{"@id":"https:\/\/tiketi.com\/flying-dhaka-air-taxi-booking\/#primaryimage"},"thumbnailUrl":"https:\/\/tiketi.com\/wp-content\/uploads\/2022\/01\/drone-air-taxi-6819108_1280.jpg","datePublished":"2022-01-19T11:53:29+00:00","dateModified":"2022-02-11T20:28:12+00:00","description":"Vous recherchez un taxi a\u00e9rien \u00e9lectrique \u00e0 Dhaka, une r\u00e9servation en ligne, un itin\u00e9raire, un horaire et un tarif ? T\u00e9l\u00e9chargez notre application de r\u00e9servation de taxi a\u00e9rien Dhaka et r\u00e9servez votre taxi volant sur le vol Dhaka","breadcrumb":{"@id":"https:\/\/tiketi.com\/flying-dhaka-air-taxi-booking\/#breadcrumb"},"inLanguage":"fr-FR","potentialAction":[{"@type":"ReadAction","target":["https:\/\/tiketi.com\/flying-dhaka-air-taxi-booking\/"]}]},{"@type":"ImageObject","inLanguage":"fr-FR","@id":"https:\/\/tiketi.com\/flying-dhaka-air-taxi-booking\/#primaryimage","url":"https:\/\/tiketi.com\/wp-content\/uploads\/2022\/01\/drone-air-taxi-6819108_1280.jpg","contentUrl":"https:\/\/tiketi.com\/wp-content\/uploads\/2022\/01\/drone-air-taxi-6819108_1280.jpg","width":1213,"height":200,"caption":"Drone Air taxi"},{"@type":"BreadcrumbList","@id":"https:\/\/tiketi.com\/flying-dhaka-air-taxi-booking\/#breadcrumb","itemListElement":[{"@type":"ListItem","position":1,"name":"Home","item":"https:\/\/tiketi.com\/"},{"@type":"ListItem","position":2,"name":"Air Taxi\u00a0in\u00a0Dhaka Online Booking App &#8211; Electric Flying Taxis"}]},{"@type":"WebSite","@id":"https:\/\/tiketi.com\/#website","url":"https:\/\/tiketi.com\/","name":"Billets d&#039;avion et de bus, forfaits touristiques et activit\u00e9s - Tiketi.com","description":"Billets d&#039;avion et de bus, Tours, Activit\u00e9s","publisher":{"@id":"https:\/\/tiketi.com\/#organization"},"potentialAction":[{"@type":"SearchAction","target":{"@type":"EntryPoint","urlTemplate":"https:\/\/tiketi.com\/?s={search_term_string}"},"query-input":{"@type":"PropertyValueSpecification","valueRequired":true,"valueName":"search_term_string"}}],"inLanguage":"fr-FR"},{"@type":"Organization","@id":"https:\/\/tiketi.com\/#organization","name":"Tiketi.com","alternateName":"Tiketi","url":"https:\/\/tiketi.com\/","logo":{"@type":"ImageObject","inLanguage":"fr-FR","@id":"https:\/\/tiketi.com\/#\/schema\/logo\/image\/","url":"https:\/\/tiketi.com\/wp-content\/uploads\/2019\/05\/tiketi-logo-696.png","contentUrl":"https:\/\/tiketi.com\/wp-content\/uploads\/2019\/05\/tiketi-logo-696.png","width":696,"height":696,"caption":"Tiketi.com"},"image":{"@id":"https:\/\/tiketi.com\/#\/schema\/logo\/image\/"},"sameAs":["https:\/\/www.facebook.com\/TiketiCom\/"]}]}},"_links":{"self":[{"href":"https:\/\/tiketi.com\/fr-fr\/wp-json\/wp\/v2\/pages\/10531","targetHints":{"allow":["GET"]}}],"collection":[{"href":"https:\/\/tiketi.com\/fr-fr\/wp-json\/wp\/v2\/pages"}],"about":[{"href":"https:\/\/tiketi.com\/fr-fr\/wp-json\/wp\/v2\/types\/page"}],"author":[{"embeddable":true,"href":"https:\/\/tiketi.com\/fr-fr\/wp-json\/wp\/v2\/users\/1"}],"replies":[{"embeddable":true,"href":"https:\/\/tiketi.com\/fr-fr\/wp-json\/wp\/v2\/comments?post=10531"}],"version-history":[{"count":0,"href":"https:\/\/tiketi.com\/fr-fr\/wp-json\/wp\/v2\/pages\/10531\/revisions"}],"wp:featuredmedia":[{"embeddable":true,"href":"https:\/\/tiketi.com\/fr-fr\/wp-json\/wp\/v2\/media\/14057"}],"wp:attachment":[{"href":"https:\/\/tiketi.com\/fr-fr\/wp-json\/wp\/v2\/media?parent=10531"}],"curies":[{"name":"wp","href":"https:\/\/api.w.org\/{rel}","templated":true}]}}