{"id":10533,"date":"2022-01-19T12:53:29","date_gmt":"2022-01-19T11:53:29","guid":{"rendered":"https:\/\/new.tiketi.com\/belgrade-air-taxi-booking-app-electric-flying-taxis\/"},"modified":"2022-02-02T13:25:32","modified_gmt":"2022-02-02T12:25:32","slug":"flying-belgrade-air-taxi-booking","status":"publish","type":"page","link":"https:\/\/tiketi.com\/fr-fr\/flying-belgrade-air-taxi-booking\/","title":{"rendered":"Taxi a\u00e9rien \u00e0 Belgrade R\u00e9servation en ligne - Taxis volants \u00e9lectriques"},"content":{"rendered":"<h2>Application de r\u00e9servation de taxi a\u00e9rien \u00e9lectrique \u00e0 Belgrade<\/h2>\nLe service d&#039;application de r\u00e9servation en ligne de taxi a\u00e9rien \u00e9lectrique \u00e0 Belgrade permet aux utilisateurs de r\u00e9server un taxi volant avec drone \u00e0 Belgrade \u00e0 tout moment - nous rendons la r\u00e9servation de taxi a\u00e9rien \u00e0 Belgrade simple, abordable et accessible \u00e0 tous. Les taxis a\u00e9riens \u00e0 Belgrade permettent de voyager pas cher et rapidement en Serbie. Avec son pass\u00e9 tourment\u00e9 et d\u00e9chir\u00e9 par la guerre, Belgrade est devenue l&#039;une des capitales occidentales les plus chaudes d&#039;aujourd&#039;hui. Belgrade, qui abrite 2 millions d&#039;habitants, est une belle ville situ\u00e9e au confluent des rivi\u00e8res Sava et Danube. Vous aurez envie de vous promener le long des rives du fleuve, en vous arr\u00eatant peut-\u00eatre pour un repas ou une boisson dans un bateau fluvial qui a \u00e9t\u00e9 transform\u00e9 en restaurant avant de visiter les attractions de Belgrade. La capitale serbe devient rapidement c\u00e9l\u00e8bre en tant que centre de festivals internationaux, accueillant plus d&#039;une centaine par an, il y en aura certainement un chaque fois que vous visiterez. Comme pour tant d&#039;autres choses, vous pourrez r\u00e9server en ligne \u00e0 tout moment et n&#039;importe o\u00f9 un taxi drone \u00e0 Belgrade pour votre vol en taxi a\u00e9rien \u00e9lectrique.\n\n<!-- \/wp:post-content --><!-- wp:heading -->\n<h2>Voici quelques-uns des avantages du taxi volant \u00e9lectrique \u00e0 Belgrade, en Serbie<\/h2>\n<h3>Les taxis a\u00e9riens \u00e9lectriques \u00e0 Belgrade vont totalement changer l&#039;avenir<\/h3>\n<!-- \/wp:heading --><!-- wp:paragraph -->\n\nPour ceux qui r\u00eavent de l&#039;avenir, des d\u00e9fis difficiles sont en route. Mais de nouveaux syst\u00e8mes et technologies sont \u00e9galement d\u00e9velopp\u00e9s pour les r\u00e9soudre, explorant des horizons qui sont nouveaux pour la plupart d&#039;entre nous, mais qui changeront notre fa\u00e7on de vivre \u00e0 l&#039;avenir. Le d\u00e9veloppement de l&#039;infrastructure qui permettra le fonctionnement en toute s\u00e9curit\u00e9 d&#039;un tel syst\u00e8me est aussi vital que le d\u00e9veloppement des drones taxis volants \u00e0 Belgrade, en Serbie.\n<h3>Quelle est la vitesse du taxi volant par drone \u00e0 Belgrade, en Serbie\u00a0?<\/h3>\n<!-- \/wp:paragraph --><!-- wp:paragraph -->\n\nL&#039;avion Archers eVTOL, nomm\u00e9 Maker, sera capable de parcourir une distance allant jusqu&#039;\u00e0 soixante miles \u00e0 des vitesses proches de 150 mph. En plus de soulager les embouteillages au sol, les taxis volants des engins \u00e0 moteur de Belgrade ne g\u00e9n\u00e9reront aucune \u00e9mission et auront une empreinte sonore de seulement 45 dba, se fondant dans les sons des quartiers r\u00e9sidentiels.\n<h3>Les taxis a\u00e9riens \u00e9lectriques \u00e0 Belgrade sont-ils respectueux de l&#039;environnement ?<\/h3>\n<!-- \/wp:paragraph --><!-- wp:paragraph -->\n\nUn VTOL \u00e9met vingt-huit pour cent plus de gaz \u00e0 effet de serre qu&#039;un v\u00e9hicule \u00e9lectrique et trente-cinq pour cent moins de gaz \u00e0 effet de serre qu&#039;un v\u00e9hicule \u00e0 essence. Pour des trajets longue distance d&#039;une centaine de kilom\u00e8tres ou plus, un drone taxi a\u00e9rien \u00e0 Belgrade avec 1 pilote et 3 passagers \u00e9mettrait moins de gaz \u00e0 effet de serre par passager-mile qu&#039;un v\u00e9hicule avec une moyenne nationale de 1,54 occupants.\n<h3>Combien co\u00fbtera un taxi volant \u00e9lectrique \u00e0 Belgrade ?<\/h3>\n<!-- \/wp:paragraph --><!-- wp:paragraph -->\n\nAu d\u00e9part, les drones taxis a\u00e9riens \u00e0 Belgrade co\u00fbteront environ $5,73 par passager-mile. Vous pouvez facilement r\u00e9server un taxi a\u00e9rien via des taxis volants \u00e9lectriques dans l&#039;application Belgrade. Le co\u00fbt chutera ensuite \u00e0 $1,85 par mile passager avant d&#039;atteindre finalement le taux incroyable du client de $0,44 par mile.\n\n<!-- \/wp:paragraph --><!-- wp:heading -->\n<h2>Avantages de l&#039;application de r\u00e9servation de taxi a\u00e9rien \u00e9lectrique de Belgrade<\/h2>\n<!-- \/wp:heading --><!-- wp:paragraph -->\n\nParmi ses autres avantages, la r\u00e9servation en ligne de taxi drone \u00e0 Belgrade pourrait fournir un boom \u00e9conomique en augmentant le nombre de personnes se dirigeant vers des lieux de loisirs et de tourisme qui ne sont pas \u00e0 proximit\u00e9 des grands a\u00e9roports.\n\n<!-- \/wp:paragraph --><!-- wp:heading {\"level\":3} -->\n<h3>L&#039;application de r\u00e9servation en ligne de drone a\u00e9rien \u00e0 Belgrade serait-elle utilis\u00e9e pour r\u00e9server un vol en taxi a\u00e9rien \u00e9lectrique\u00a0?<\/h3>\n<!-- \/wp:heading --><!-- wp:paragraph -->\n\nOui, les clients peuvent utiliser de mani\u00e8re transparente l&#039;application de r\u00e9servation de taxi a\u00e9rien de Belgrade pour trouver le meilleur itin\u00e9raire et r\u00e9server un taxi volant \u00e0 Belgrade \u00e0 tout moment et n&#039;importe o\u00f9.","protected":false},"excerpt":{"rendered":"<p>Electric Belgrade Air Taxi Booking App Electric air taxi in Belgrade online booking app service enable users to book drone flying taxi in Belgrade anytime &#8211; we are making Belgrade air taxi booking simple, affordable and accessible for everyone. Air taxis in Belgrade makes possible to travel cheap and fast in Serbia. With its war-torn, [&hellip;]<\/p>\n","protected":false},"author":1,"featured_media":14567,"parent":0,"menu_order":0,"comment_status":"open","ping_status":"closed","template":"template-home-modern.php","meta":{"footnotes":""},"class_list":["post-10533","page","type-page","status-publish","has-post-thumbnail","hentry"],"yoast_head":"<!-- This site is optimized with the Yoast SEO plugin v27.3 - https:\/\/yoast.com\/product\/yoast-seo-wordpress\/ -->\n<title>Air Taxi in Belgrade Online Booking - Electric Flying Taxis<\/title>\n<meta name=\"description\" content=\"Looking for drone air taxi in Belgrade online booking app, route, schedule and fare? Compare Belgrade air taxis and book your cheap flying taxi in Belgrade\" \/>\n<meta name=\"robots\" content=\"index, follow, max-snippet:-1, max-image-preview:large, max-video-preview:-1\" \/>\n<link rel=\"canonical\" href=\"https:\/\/tiketi.com\/fr-fr\/flying-belgrade-air-taxi-booking\/\" \/>\n<meta property=\"og:locale\" content=\"fr_FR\" \/>\n<meta property=\"og:type\" content=\"article\" \/>\n<meta property=\"og:title\" content=\"Air Taxi in Belgrade Online Booking - Electric Flying Taxis\" \/>\n<meta property=\"og:description\" content=\"Looking for drone air taxi in Belgrade online booking app, route, schedule and fare? Compare Belgrade air taxis and book your cheap flying taxi in Belgrade\" \/>\n<meta property=\"og:url\" content=\"https:\/\/tiketi.com\/fr-fr\/flying-belgrade-air-taxi-booking\/\" \/>\n<meta property=\"og:site_name\" content=\"Tiketi.com\" \/>\n<meta property=\"article:publisher\" content=\"https:\/\/www.facebook.com\/TiketiCom\/\" \/>\n<meta property=\"article:modified_time\" content=\"2022-02-02T12:25:32+00:00\" \/>\n<meta property=\"og:image\" content=\"https:\/\/tiketi.com\/wp-content\/uploads\/2022\/01\/belgrade-nikola-aleksic-QVijZndKe2c-unsp.jpg\" \/>\n\t<meta property=\"og:image:width\" content=\"1200\" \/>\n\t<meta property=\"og:image:height\" content=\"208\" \/>\n\t<meta property=\"og:image:type\" content=\"image\/jpeg\" \/>\n<meta name=\"twitter:card\" content=\"summary_large_image\" \/>\n<meta name=\"twitter:label1\" content=\"Dur\u00e9e de lecture estim\u00e9e\" \/>\n\t<meta name=\"twitter:data1\" content=\"3 minutes\" \/>\n<script type=\"application\/ld+json\" class=\"yoast-schema-graph\">{\"@context\":\"https:\\\/\\\/schema.org\",\"@graph\":[{\"@type\":\"WebPage\",\"@id\":\"https:\\\/\\\/tiketi.com\\\/flying-belgrade-air-taxi-booking\\\/\",\"url\":\"https:\\\/\\\/tiketi.com\\\/flying-belgrade-air-taxi-booking\\\/\",\"name\":\"Air Taxi in Belgrade Online Booking - Electric Flying Taxis\",\"isPartOf\":{\"@id\":\"https:\\\/\\\/tiketi.com\\\/#website\"},\"primaryImageOfPage\":{\"@id\":\"https:\\\/\\\/tiketi.com\\\/flying-belgrade-air-taxi-booking\\\/#primaryimage\"},\"image\":{\"@id\":\"https:\\\/\\\/tiketi.com\\\/flying-belgrade-air-taxi-booking\\\/#primaryimage\"},\"thumbnailUrl\":\"https:\\\/\\\/tiketi.com\\\/wp-content\\\/uploads\\\/2022\\\/01\\\/belgrade-nikola-aleksic-QVijZndKe2c-unsp.jpg\",\"datePublished\":\"2022-01-19T11:53:29+00:00\",\"dateModified\":\"2022-02-02T12:25:32+00:00\",\"description\":\"Looking for drone air taxi in Belgrade online booking app, route, schedule and fare? Compare Belgrade air taxis and book your cheap flying taxi in Belgrade\",\"breadcrumb\":{\"@id\":\"https:\\\/\\\/tiketi.com\\\/flying-belgrade-air-taxi-booking\\\/#breadcrumb\"},\"inLanguage\":\"fr-FR\",\"potentialAction\":[{\"@type\":\"ReadAction\",\"target\":[\"https:\\\/\\\/tiketi.com\\\/flying-belgrade-air-taxi-booking\\\/\"]}]},{\"@type\":\"ImageObject\",\"inLanguage\":\"fr-FR\",\"@id\":\"https:\\\/\\\/tiketi.com\\\/flying-belgrade-air-taxi-booking\\\/#primaryimage\",\"url\":\"https:\\\/\\\/tiketi.com\\\/wp-content\\\/uploads\\\/2022\\\/01\\\/belgrade-nikola-aleksic-QVijZndKe2c-unsp.jpg\",\"contentUrl\":\"https:\\\/\\\/tiketi.com\\\/wp-content\\\/uploads\\\/2022\\\/01\\\/belgrade-nikola-aleksic-QVijZndKe2c-unsp.jpg\",\"width\":1200,\"height\":208,\"caption\":\"Belgrade Air Taxi\"},{\"@type\":\"BreadcrumbList\",\"@id\":\"https:\\\/\\\/tiketi.com\\\/flying-belgrade-air-taxi-booking\\\/#breadcrumb\",\"itemListElement\":[{\"@type\":\"ListItem\",\"position\":1,\"name\":\"Home\",\"item\":\"https:\\\/\\\/tiketi.com\\\/\"},{\"@type\":\"ListItem\",\"position\":2,\"name\":\"Air Taxi in Belgrade Online Booking &#8211; Electric Flying Taxis\"}]},{\"@type\":\"WebSite\",\"@id\":\"https:\\\/\\\/tiketi.com\\\/#website\",\"url\":\"https:\\\/\\\/tiketi.com\\\/\",\"name\":\"Flight & Bus Tickets, Tour Packages & Activitites - Tiketi.com\",\"description\":\"Flight &amp; Bus Tickets, Tours, Activitites\",\"publisher\":{\"@id\":\"https:\\\/\\\/tiketi.com\\\/#organization\"},\"potentialAction\":[{\"@type\":\"SearchAction\",\"target\":{\"@type\":\"EntryPoint\",\"urlTemplate\":\"https:\\\/\\\/tiketi.com\\\/?s={search_term_string}\"},\"query-input\":{\"@type\":\"PropertyValueSpecification\",\"valueRequired\":true,\"valueName\":\"search_term_string\"}}],\"inLanguage\":\"fr-FR\"},{\"@type\":\"Organization\",\"@id\":\"https:\\\/\\\/tiketi.com\\\/#organization\",\"name\":\"Tiketi.com\",\"alternateName\":\"Tiketi\",\"url\":\"https:\\\/\\\/tiketi.com\\\/\",\"logo\":{\"@type\":\"ImageObject\",\"inLanguage\":\"fr-FR\",\"@id\":\"https:\\\/\\\/tiketi.com\\\/#\\\/schema\\\/logo\\\/image\\\/\",\"url\":\"https:\\\/\\\/tiketi.com\\\/wp-content\\\/uploads\\\/2019\\\/05\\\/tiketi-logo-696.png\",\"contentUrl\":\"https:\\\/\\\/tiketi.com\\\/wp-content\\\/uploads\\\/2019\\\/05\\\/tiketi-logo-696.png\",\"width\":696,\"height\":696,\"caption\":\"Tiketi.com\"},\"image\":{\"@id\":\"https:\\\/\\\/tiketi.com\\\/#\\\/schema\\\/logo\\\/image\\\/\"},\"sameAs\":[\"https:\\\/\\\/www.facebook.com\\\/TiketiCom\\\/\"]}]}<\/script>\n<!-- \/ Yoast SEO plugin. -->","yoast_head_json":{"title":"Taxi a\u00e9rien \u00e0 Belgrade R\u00e9servation en ligne - Taxis volants \u00e9lectriques","description":"Vous recherchez une application de r\u00e9servation en ligne de taxi a\u00e9rien drone \u00e0 Belgrade, un itin\u00e9raire, un horaire et un tarif? Comparez les taxis a\u00e9riens de Belgrade et r\u00e9servez votre taxi volant pas cher \u00e0 Belgrade","robots":{"index":"index","follow":"follow","max-snippet":"max-snippet:-1","max-image-preview":"max-image-preview:large","max-video-preview":"max-video-preview:-1"},"canonical":"https:\/\/tiketi.com\/fr-fr\/flying-belgrade-air-taxi-booking\/","og_locale":"fr_FR","og_type":"article","og_title":"Air Taxi in Belgrade Online Booking - Electric Flying Taxis","og_description":"Looking for drone air taxi in Belgrade online booking app, route, schedule and fare? Compare Belgrade air taxis and book your cheap flying taxi in Belgrade","og_url":"https:\/\/tiketi.com\/fr-fr\/flying-belgrade-air-taxi-booking\/","og_site_name":"Tiketi.com","article_publisher":"https:\/\/www.facebook.com\/TiketiCom\/","article_modified_time":"2022-02-02T12:25:32+00:00","og_image":[{"width":1200,"height":208,"url":"https:\/\/tiketi.com\/wp-content\/uploads\/2022\/01\/belgrade-nikola-aleksic-QVijZndKe2c-unsp.jpg","type":"image\/jpeg"}],"twitter_card":"summary_large_image","twitter_misc":{"Dur\u00e9e de lecture estim\u00e9e":"3 minutes"},"schema":{"@context":"https:\/\/schema.org","@graph":[{"@type":"WebPage","@id":"https:\/\/tiketi.com\/flying-belgrade-air-taxi-booking\/","url":"https:\/\/tiketi.com\/flying-belgrade-air-taxi-booking\/","name":"Taxi a\u00e9rien \u00e0 Belgrade R\u00e9servation en ligne - Taxis volants \u00e9lectriques","isPartOf":{"@id":"https:\/\/tiketi.com\/#website"},"primaryImageOfPage":{"@id":"https:\/\/tiketi.com\/flying-belgrade-air-taxi-booking\/#primaryimage"},"image":{"@id":"https:\/\/tiketi.com\/flying-belgrade-air-taxi-booking\/#primaryimage"},"thumbnailUrl":"https:\/\/tiketi.com\/wp-content\/uploads\/2022\/01\/belgrade-nikola-aleksic-QVijZndKe2c-unsp.jpg","datePublished":"2022-01-19T11:53:29+00:00","dateModified":"2022-02-02T12:25:32+00:00","description":"Vous recherchez une application de r\u00e9servation en ligne de taxi a\u00e9rien drone \u00e0 Belgrade, un itin\u00e9raire, un horaire et un tarif? Comparez les taxis a\u00e9riens de Belgrade et r\u00e9servez votre taxi volant pas cher \u00e0 Belgrade","breadcrumb":{"@id":"https:\/\/tiketi.com\/flying-belgrade-air-taxi-booking\/#breadcrumb"},"inLanguage":"fr-FR","potentialAction":[{"@type":"ReadAction","target":["https:\/\/tiketi.com\/flying-belgrade-air-taxi-booking\/"]}]},{"@type":"ImageObject","inLanguage":"fr-FR","@id":"https:\/\/tiketi.com\/flying-belgrade-air-taxi-booking\/#primaryimage","url":"https:\/\/tiketi.com\/wp-content\/uploads\/2022\/01\/belgrade-nikola-aleksic-QVijZndKe2c-unsp.jpg","contentUrl":"https:\/\/tiketi.com\/wp-content\/uploads\/2022\/01\/belgrade-nikola-aleksic-QVijZndKe2c-unsp.jpg","width":1200,"height":208,"caption":"Belgrade Air Taxi"},{"@type":"BreadcrumbList","@id":"https:\/\/tiketi.com\/flying-belgrade-air-taxi-booking\/#breadcrumb","itemListElement":[{"@type":"ListItem","position":1,"name":"Home","item":"https:\/\/tiketi.com\/"},{"@type":"ListItem","position":2,"name":"Air Taxi in Belgrade Online Booking &#8211; Electric Flying Taxis"}]},{"@type":"WebSite","@id":"https:\/\/tiketi.com\/#website","url":"https:\/\/tiketi.com\/","name":"Billets d&#039;avion et de bus, forfaits touristiques et activit\u00e9s - Tiketi.com","description":"Billets d&#039;avion et de bus, Tours, Activit\u00e9s","publisher":{"@id":"https:\/\/tiketi.com\/#organization"},"potentialAction":[{"@type":"SearchAction","target":{"@type":"EntryPoint","urlTemplate":"https:\/\/tiketi.com\/?s={search_term_string}"},"query-input":{"@type":"PropertyValueSpecification","valueRequired":true,"valueName":"search_term_string"}}],"inLanguage":"fr-FR"},{"@type":"Organization","@id":"https:\/\/tiketi.com\/#organization","name":"Tiketi.com","alternateName":"Tiketi","url":"https:\/\/tiketi.com\/","logo":{"@type":"ImageObject","inLanguage":"fr-FR","@id":"https:\/\/tiketi.com\/#\/schema\/logo\/image\/","url":"https:\/\/tiketi.com\/wp-content\/uploads\/2019\/05\/tiketi-logo-696.png","contentUrl":"https:\/\/tiketi.com\/wp-content\/uploads\/2019\/05\/tiketi-logo-696.png","width":696,"height":696,"caption":"Tiketi.com"},"image":{"@id":"https:\/\/tiketi.com\/#\/schema\/logo\/image\/"},"sameAs":["https:\/\/www.facebook.com\/TiketiCom\/"]}]}},"_links":{"self":[{"href":"https:\/\/tiketi.com\/fr-fr\/wp-json\/wp\/v2\/pages\/10533","targetHints":{"allow":["GET"]}}],"collection":[{"href":"https:\/\/tiketi.com\/fr-fr\/wp-json\/wp\/v2\/pages"}],"about":[{"href":"https:\/\/tiketi.com\/fr-fr\/wp-json\/wp\/v2\/types\/page"}],"author":[{"embeddable":true,"href":"https:\/\/tiketi.com\/fr-fr\/wp-json\/wp\/v2\/users\/1"}],"replies":[{"embeddable":true,"href":"https:\/\/tiketi.com\/fr-fr\/wp-json\/wp\/v2\/comments?post=10533"}],"version-history":[{"count":0,"href":"https:\/\/tiketi.com\/fr-fr\/wp-json\/wp\/v2\/pages\/10533\/revisions"}],"wp:featuredmedia":[{"embeddable":true,"href":"https:\/\/tiketi.com\/fr-fr\/wp-json\/wp\/v2\/media\/14567"}],"wp:attachment":[{"href":"https:\/\/tiketi.com\/fr-fr\/wp-json\/wp\/v2\/media?parent=10533"}],"curies":[{"name":"wp","href":"https:\/\/api.w.org\/{rel}","templated":true}]}}