{"id":10538,"date":"2022-01-19T12:53:29","date_gmt":"2022-01-19T11:53:29","guid":{"rendered":"https:\/\/new.tiketi.com\/karachi-air-taxi-booking-app-electric-flying-taxis\/"},"modified":"2023-07-06T18:51:05","modified_gmt":"2023-07-06T17:51:05","slug":"karachi","status":"publish","type":"page","link":"https:\/\/tiketi.com\/fr-fr\/volants\/taxi-aerien\/karachi\/","title":{"rendered":"Air Taxi in Karachi Online Booking App &#8211; Electric Flying Taxis"},"content":{"rendered":"<h2>Electric Karachi air taxi booking app<\/h2>\n<!-- \/wp:post-content -->\n\n<!-- wp:paragraph -->\n\nElectric air taxi in Karachi online booking app service enable users to book electric flying taxi in Karachi. Autonomous air taxis in Karachi makes possible to travel cheap and fast in Sindh. Karachi, the Sindh capital and the biggest metropolitan city of Pakistan is famous for its diverse culture, rich cuisine, advanced educational system, best shopping malls, historical sites, top cinemas, and various farmhouses and definitely, the charming deep blue sea. Karachi provides a complete and relaxed life for its residents. Karachi is a city of lights that never sleeps and it has forever been a remarkable attraction to the visitors for the range of activities and tourist places that it has to offer. Karachi is famous for its dining and beaches as it is for its atmosphere and architecture. As with so many other things you will be able to make anytime and anywhere drone Karachi air taxi booking app for your electric air taxi flight.\n\n<!-- \/wp:paragraph -->\n\n<!-- wp:heading -->\n<h2>Here are some of the best advantages of electric flying&nbsp;taxi in Karachi,&nbsp;Sindh<\/h2>\n<h3>What are e-VTOL electric air taxis in Karachi aircraft?<\/h3>\n<!-- \/wp:heading -->\n\n<!-- wp:paragraph -->\n\nE-VTOL standards for electric vertical landing and takeoff, and refers to a new series of lightweight aircraft. These freshly designed places will be electric and guessed to cruise at about 150 mph and reach 2,000 feet. The drone taxis in Karachi planes will fly at a speed of sixty miles and operate on a charge.\n\n<!-- \/wp:paragraph -->\n\n<!-- wp:paragraph \/-->\n\n<!-- wp:heading {\"level\":3} -->\n<h3>Pourquoi voulons-nous des taxis a\u00e9riens \u00e9lectriques \u00e0 Karachi ?<\/h3>\n<!-- \/wp:heading -->\n\n<!-- wp:paragraph -->\n\nLes vols commerciaux avec les grandes compagnies a\u00e9riennes peuvent \u00eatre inefficaces. Ils doivent \u00eatre r\u00e9serv\u00e9s \u00e0 l&#039;avance et g\u00e9n\u00e9ralement sujets \u00e0 des retards. Les compagnies a\u00e9riennes sont \u00e9galement oblig\u00e9es de remplir ces vols, obligeant les visiteurs \u00e0 respecter leurs destinations et leurs horaires.\n<h3>How much will an electric flying&nbsp;taxi&nbsp;in Karachi cost?<\/h3>\n<!-- \/wp:paragraph -->\n\n<!-- wp:paragraph -->\n\nInitially, drone air taxis in Karachi will cost approximately $5.73 per passenger mile. The flying taxis in Karachi price will then plummet to $1.85 per passenger mile before finally hitting the customer amazing fare rate of $0.44 per mile. You can easily book air taxi through electric flying taxis in Karachi app.\n<h2>Advantages of electric Karachi air taxi booking app<\/h2>\n<!-- \/wp:paragraph -->\n\n<!-- wp:paragraph -->\n\nAmong its other advantages, drone taxi in Karachi online booking could provide a economic boom by rising the number of people heading for recreation and tourism places that are not near big airports.\n\n<!-- \/wp:paragraph -->\n\n<!-- wp:heading {\"level\":3} -->\n<h3>Would air taxi&nbsp;in&nbsp;Karachi online booking app be used to book a electric air taxi flight?<\/h3>\n<!-- \/wp:heading -->\n\n<!-- wp:paragraph -->\n\nYes, customers can seamlessly use online electric Karachi air taxi booking app to find the best route and book a flying taxi in Karachi flight anytime and anywhere.","protected":false},"excerpt":{"rendered":"<p>Electric Karachi air taxi booking app Electric air taxi in Karachi online booking app service enable users to book electric flying taxi in Karachi. Autonomous air taxis in Karachi makes possible to travel cheap and fast in Sindh. Karachi, the Sindh capital and the biggest metropolitan city of Pakistan is famous for its diverse culture, [&hellip;]<\/p>\n","protected":false},"author":1,"featured_media":28596,"parent":25621,"menu_order":0,"comment_status":"open","ping_status":"closed","template":"template-home-modern.php","meta":{"footnotes":""},"class_list":["post-10538","page","type-page","status-publish","has-post-thumbnail","hentry"],"yoast_head":"<!-- This site is optimized with the Yoast SEO plugin v27.2 - https:\/\/yoast.com\/product\/yoast-seo-wordpress\/ -->\n<title>Air Taxi in Karachi Online Booking App - Electric Flying Taxis<\/title>\n<meta name=\"description\" content=\"Looking for drone air taxi in Karachi online booking app, routes, schedule &amp; fares? Compare air taxis and book your cheap flying taxi in Karachi\" \/>\n<meta name=\"robots\" content=\"index, follow, max-snippet:-1, max-image-preview:large, max-video-preview:-1\" \/>\n<link rel=\"canonical\" href=\"https:\/\/tiketi.com\/fr-fr\/volants\/taxi-aerien\/karachi\/\" \/>\n<meta property=\"og:locale\" content=\"fr_FR\" \/>\n<meta property=\"og:type\" content=\"article\" \/>\n<meta property=\"og:title\" content=\"Air Taxi in Karachi Online Booking App - Electric Flying Taxis\" \/>\n<meta property=\"og:description\" content=\"Looking for drone air taxi in Karachi online booking app, routes, schedule &amp; fares? Compare air taxis and book your cheap flying taxi in Karachi\" \/>\n<meta property=\"og:url\" content=\"https:\/\/tiketi.com\/fr-fr\/volants\/taxi-aerien\/karachi\/\" \/>\n<meta property=\"og:site_name\" content=\"Tiketi.com\" \/>\n<meta property=\"article:publisher\" content=\"https:\/\/www.facebook.com\/TiketiCom\/\" \/>\n<meta property=\"article:modified_time\" content=\"2023-07-06T17:51:05+00:00\" \/>\n<meta property=\"og:image\" content=\"https:\/\/tiketi.com\/wp-content\/uploads\/2023\/07\/karachi-muhammad-jawaid-shamshad-24W9b5WZuS4-unsplash.jpg\" \/>\n\t<meta property=\"og:image:width\" content=\"1200\" \/>\n\t<meta property=\"og:image:height\" content=\"374\" \/>\n\t<meta property=\"og:image:type\" content=\"image\/jpeg\" \/>\n<meta name=\"twitter:card\" content=\"summary_large_image\" \/>\n<meta name=\"twitter:label1\" content=\"Dur\u00e9e de lecture estim\u00e9e\" \/>\n\t<meta name=\"twitter:data1\" content=\"2 minutes\" \/>\n<script type=\"application\/ld+json\" class=\"yoast-schema-graph\">{\"@context\":\"https:\/\/schema.org\",\"@graph\":[{\"@type\":\"WebPage\",\"@id\":\"https:\/\/tiketi.com\/flying\/air-taxi\/karachi\/\",\"url\":\"https:\/\/tiketi.com\/flying\/air-taxi\/karachi\/\",\"name\":\"Air Taxi in Karachi Online Booking App - Electric Flying Taxis\",\"isPartOf\":{\"@id\":\"https:\/\/tiketi.com\/#website\"},\"primaryImageOfPage\":{\"@id\":\"https:\/\/tiketi.com\/flying\/air-taxi\/karachi\/#primaryimage\"},\"image\":{\"@id\":\"https:\/\/tiketi.com\/flying\/air-taxi\/karachi\/#primaryimage\"},\"thumbnailUrl\":\"https:\/\/tiketi.com\/wp-content\/uploads\/2023\/07\/karachi-muhammad-jawaid-shamshad-24W9b5WZuS4-unsplash.jpg\",\"datePublished\":\"2022-01-19T11:53:29+00:00\",\"dateModified\":\"2023-07-06T17:51:05+00:00\",\"description\":\"Looking for drone air taxi in Karachi online booking app, routes, schedule & fares? Compare air taxis and book your cheap flying taxi in Karachi\",\"breadcrumb\":{\"@id\":\"https:\/\/tiketi.com\/flying\/air-taxi\/karachi\/#breadcrumb\"},\"inLanguage\":\"fr-FR\",\"potentialAction\":[{\"@type\":\"ReadAction\",\"target\":[\"https:\/\/tiketi.com\/flying\/air-taxi\/karachi\/\"]}]},{\"@type\":\"ImageObject\",\"inLanguage\":\"fr-FR\",\"@id\":\"https:\/\/tiketi.com\/flying\/air-taxi\/karachi\/#primaryimage\",\"url\":\"https:\/\/tiketi.com\/wp-content\/uploads\/2023\/07\/karachi-muhammad-jawaid-shamshad-24W9b5WZuS4-unsplash.jpg\",\"contentUrl\":\"https:\/\/tiketi.com\/wp-content\/uploads\/2023\/07\/karachi-muhammad-jawaid-shamshad-24W9b5WZuS4-unsplash.jpg\",\"width\":1200,\"height\":374,\"caption\":\"Air taxi in Karachi\"},{\"@type\":\"BreadcrumbList\",\"@id\":\"https:\/\/tiketi.com\/flying\/air-taxi\/karachi\/#breadcrumb\",\"itemListElement\":[{\"@type\":\"ListItem\",\"position\":1,\"name\":\"Home\",\"item\":\"https:\/\/tiketi.com\/\"},{\"@type\":\"ListItem\",\"position\":2,\"name\":\"Flying\",\"item\":\"https:\/\/tiketi.com\/fr-fr\/volants\/\"},{\"@type\":\"ListItem\",\"position\":3,\"name\":\"Air Taxi\",\"item\":\"https:\/\/tiketi.com\/flying\/air-taxi\/\"},{\"@type\":\"ListItem\",\"position\":4,\"name\":\"Air Taxi in Karachi Online Booking App &#8211; Electric Flying Taxis\"}]},{\"@type\":\"WebSite\",\"@id\":\"https:\/\/tiketi.com\/#website\",\"url\":\"https:\/\/tiketi.com\/\",\"name\":\"Flight & Bus Tickets, Tour Packages & Activitites - Tiketi.com\",\"description\":\"Flight &amp; Bus Tickets, Tours, Activitites\",\"publisher\":{\"@id\":\"https:\/\/tiketi.com\/#organization\"},\"potentialAction\":[{\"@type\":\"SearchAction\",\"target\":{\"@type\":\"EntryPoint\",\"urlTemplate\":\"https:\/\/tiketi.com\/?s={search_term_string}\"},\"query-input\":{\"@type\":\"PropertyValueSpecification\",\"valueRequired\":true,\"valueName\":\"search_term_string\"}}],\"inLanguage\":\"fr-FR\"},{\"@type\":\"Organization\",\"@id\":\"https:\/\/tiketi.com\/#organization\",\"name\":\"Tiketi.com\",\"alternateName\":\"Tiketi\",\"url\":\"https:\/\/tiketi.com\/\",\"logo\":{\"@type\":\"ImageObject\",\"inLanguage\":\"fr-FR\",\"@id\":\"https:\/\/tiketi.com\/#\/schema\/logo\/image\/\",\"url\":\"https:\/\/tiketi.com\/wp-content\/uploads\/2019\/05\/tiketi-logo-696.png\",\"contentUrl\":\"https:\/\/tiketi.com\/wp-content\/uploads\/2019\/05\/tiketi-logo-696.png\",\"width\":696,\"height\":696,\"caption\":\"Tiketi.com\"},\"image\":{\"@id\":\"https:\/\/tiketi.com\/#\/schema\/logo\/image\/\"},\"sameAs\":[\"https:\/\/www.facebook.com\/TiketiCom\/\"]}]}<\/script>\n<!-- \/ Yoast SEO plugin. -->","yoast_head_json":{"title":"Air Taxi in Karachi Online Booking App - Electric Flying Taxis","description":"Looking for drone air taxi in Karachi online booking app, routes, schedule & fares? Compare air taxis and book your cheap flying taxi in Karachi","robots":{"index":"index","follow":"follow","max-snippet":"max-snippet:-1","max-image-preview":"max-image-preview:large","max-video-preview":"max-video-preview:-1"},"canonical":"https:\/\/tiketi.com\/fr-fr\/volants\/taxi-aerien\/karachi\/","og_locale":"fr_FR","og_type":"article","og_title":"Air Taxi in Karachi Online Booking App - Electric Flying Taxis","og_description":"Looking for drone air taxi in Karachi online booking app, routes, schedule & fares? Compare air taxis and book your cheap flying taxi in Karachi","og_url":"https:\/\/tiketi.com\/fr-fr\/volants\/taxi-aerien\/karachi\/","og_site_name":"Tiketi.com","article_publisher":"https:\/\/www.facebook.com\/TiketiCom\/","article_modified_time":"2023-07-06T17:51:05+00:00","og_image":[{"width":1200,"height":374,"url":"https:\/\/tiketi.com\/wp-content\/uploads\/2023\/07\/karachi-muhammad-jawaid-shamshad-24W9b5WZuS4-unsplash.jpg","type":"image\/jpeg"}],"twitter_card":"summary_large_image","twitter_misc":{"Dur\u00e9e de lecture estim\u00e9e":"2 minutes"},"schema":{"@context":"https:\/\/schema.org","@graph":[{"@type":"WebPage","@id":"https:\/\/tiketi.com\/flying\/air-taxi\/karachi\/","url":"https:\/\/tiketi.com\/flying\/air-taxi\/karachi\/","name":"Air Taxi in Karachi Online Booking App - Electric Flying Taxis","isPartOf":{"@id":"https:\/\/tiketi.com\/#website"},"primaryImageOfPage":{"@id":"https:\/\/tiketi.com\/flying\/air-taxi\/karachi\/#primaryimage"},"image":{"@id":"https:\/\/tiketi.com\/flying\/air-taxi\/karachi\/#primaryimage"},"thumbnailUrl":"https:\/\/tiketi.com\/wp-content\/uploads\/2023\/07\/karachi-muhammad-jawaid-shamshad-24W9b5WZuS4-unsplash.jpg","datePublished":"2022-01-19T11:53:29+00:00","dateModified":"2023-07-06T17:51:05+00:00","description":"Looking for drone air taxi in Karachi online booking app, routes, schedule & fares? Compare air taxis and book your cheap flying taxi in Karachi","breadcrumb":{"@id":"https:\/\/tiketi.com\/flying\/air-taxi\/karachi\/#breadcrumb"},"inLanguage":"fr-FR","potentialAction":[{"@type":"ReadAction","target":["https:\/\/tiketi.com\/flying\/air-taxi\/karachi\/"]}]},{"@type":"ImageObject","inLanguage":"fr-FR","@id":"https:\/\/tiketi.com\/flying\/air-taxi\/karachi\/#primaryimage","url":"https:\/\/tiketi.com\/wp-content\/uploads\/2023\/07\/karachi-muhammad-jawaid-shamshad-24W9b5WZuS4-unsplash.jpg","contentUrl":"https:\/\/tiketi.com\/wp-content\/uploads\/2023\/07\/karachi-muhammad-jawaid-shamshad-24W9b5WZuS4-unsplash.jpg","width":1200,"height":374,"caption":"Air taxi in Karachi"},{"@type":"BreadcrumbList","@id":"https:\/\/tiketi.com\/flying\/air-taxi\/karachi\/#breadcrumb","itemListElement":[{"@type":"ListItem","position":1,"name":"Home","item":"https:\/\/tiketi.com\/"},{"@type":"ListItem","position":2,"name":"Flying","item":"https:\/\/tiketi.com\/fr-fr\/volants\/"},{"@type":"ListItem","position":3,"name":"Air Taxi","item":"https:\/\/tiketi.com\/flying\/air-taxi\/"},{"@type":"ListItem","position":4,"name":"Air Taxi in Karachi Online Booking App &#8211; Electric Flying Taxis"}]},{"@type":"WebSite","@id":"https:\/\/tiketi.com\/#website","url":"https:\/\/tiketi.com\/","name":"Billets d&#039;avion et de bus, forfaits touristiques et activit\u00e9s - Tiketi.com","description":"Billets d&#039;avion et de bus, Tours, Activit\u00e9s","publisher":{"@id":"https:\/\/tiketi.com\/#organization"},"potentialAction":[{"@type":"SearchAction","target":{"@type":"EntryPoint","urlTemplate":"https:\/\/tiketi.com\/?s={search_term_string}"},"query-input":{"@type":"PropertyValueSpecification","valueRequired":true,"valueName":"search_term_string"}}],"inLanguage":"fr-FR"},{"@type":"Organization","@id":"https:\/\/tiketi.com\/#organization","name":"Tiketi.com","alternateName":"Tiketi","url":"https:\/\/tiketi.com\/","logo":{"@type":"ImageObject","inLanguage":"fr-FR","@id":"https:\/\/tiketi.com\/#\/schema\/logo\/image\/","url":"https:\/\/tiketi.com\/wp-content\/uploads\/2019\/05\/tiketi-logo-696.png","contentUrl":"https:\/\/tiketi.com\/wp-content\/uploads\/2019\/05\/tiketi-logo-696.png","width":696,"height":696,"caption":"Tiketi.com"},"image":{"@id":"https:\/\/tiketi.com\/#\/schema\/logo\/image\/"},"sameAs":["https:\/\/www.facebook.com\/TiketiCom\/"]}]}},"_links":{"self":[{"href":"https:\/\/tiketi.com\/fr-fr\/wp-json\/wp\/v2\/pages\/10538","targetHints":{"allow":["GET"]}}],"collection":[{"href":"https:\/\/tiketi.com\/fr-fr\/wp-json\/wp\/v2\/pages"}],"about":[{"href":"https:\/\/tiketi.com\/fr-fr\/wp-json\/wp\/v2\/types\/page"}],"author":[{"embeddable":true,"href":"https:\/\/tiketi.com\/fr-fr\/wp-json\/wp\/v2\/users\/1"}],"replies":[{"embeddable":true,"href":"https:\/\/tiketi.com\/fr-fr\/wp-json\/wp\/v2\/comments?post=10538"}],"version-history":[{"count":0,"href":"https:\/\/tiketi.com\/fr-fr\/wp-json\/wp\/v2\/pages\/10538\/revisions"}],"up":[{"embeddable":true,"href":"https:\/\/tiketi.com\/fr-fr\/wp-json\/wp\/v2\/pages\/25621"}],"wp:featuredmedia":[{"embeddable":true,"href":"https:\/\/tiketi.com\/fr-fr\/wp-json\/wp\/v2\/media\/28596"}],"wp:attachment":[{"href":"https:\/\/tiketi.com\/fr-fr\/wp-json\/wp\/v2\/media?parent=10538"}],"curies":[{"name":"wp","href":"https:\/\/api.w.org\/{rel}","templated":true}]}}