{"id":10540,"date":"2022-01-19T12:53:29","date_gmt":"2022-01-19T11:53:29","guid":{"rendered":"https:\/\/new.tiketi.com\/tehran-air-taxi-booking-app-electric-flying-taxis\/"},"modified":"2022-02-22T09:09:23","modified_gmt":"2022-02-22T08:09:23","slug":"flying-tehran-air-taxi-booking","status":"publish","type":"page","link":"https:\/\/tiketi.com\/fr-fr\/flying-tehran-air-taxi-booking\/","title":{"rendered":"Taxi a\u00e9rien \u00e0 T\u00e9h\u00e9ran R\u00e9servation en ligne - Taxis volants \u00e9lectriques"},"content":{"rendered":"<h2>Application de r\u00e9servation de taxi a\u00e9rien \u00e9lectrique \u00e0 T\u00e9h\u00e9ran<\/h2>\n<!-- \/wp:post-content --><!-- wp:paragraph -->\n\nLe service d&#039;application de r\u00e9servation en ligne de taxi a\u00e9rien \u00e9lectrique \u00e0 T\u00e9h\u00e9ran permettra aux utilisateurs de r\u00e9server un taxi volant \u00e9lectrique \u00e0 T\u00e9h\u00e9ran, qui sera bient\u00f4t lanc\u00e9 dans les grandes villes et les zones m\u00e9tropolitaines de T\u00e9h\u00e9ran. Les taxis a\u00e9riens \u00e0 T\u00e9h\u00e9ran permettent de voyager pas cher et rapidement dans le Tamil Nadu. T\u00e9h\u00e9ran est la capitale de l&#039;Iran. Avec une population d&#039;environ 8,3 millions d&#039;habitants et d\u00e9passant les quatorze millions dans la zone m\u00e9tropolitaine \u00e9largie, T\u00e9h\u00e9ran, la plus grande ville et zone urbaine d&#039;Iran, et la plus grande ville d&#039;Asie occidentale. La ville abrite de nombreuses \u00e9glises, mosqu\u00e9es et temples du feu et synagogues zoroastriens. Quoi qu&#039;il en soit, de nouvelles structures, notamment la tour Milad et la tour Azadi, sont devenues le symbole de la ville. Il repr\u00e9sente le centre de production des articles lourds en Iran tels que les industries chimiques et \u00e9lectroniques. Sa partie culturelle est qu&#039;elle poss\u00e8de de nombreux lieux populaires qui attirent le regard de leurs visiteurs. Comme pour tant d&#039;autres choses, vous pourrez faire \u00e0 tout moment et n&#039;importe o\u00f9 la r\u00e9servation d&#039;un taxi a\u00e9rien par drone \u00e0 T\u00e9h\u00e9ran pour votre vol en taxi a\u00e9rien \u00e9lectrique.\n\n<!-- \/wp:paragraph --><!-- wp:heading -->\n<h2>Voici quelques-uns des meilleurs avantages du taxi volant \u00e9lectrique \u00e0 T\u00e9h\u00e9ran<\/h2>\n<h3>Que sont les taxis a\u00e9riens \u00e9lectriques e-VTOL dans les avions de T\u00e9h\u00e9ran\u00a0?<\/h3>\n<!-- \/wp:heading --><!-- wp:paragraph -->\n\nNormes E-VTOL pour l&#039;atterrissage et le d\u00e9collage verticaux \u00e9lectriques, et fait r\u00e9f\u00e9rence \u00e0 une nouvelle s\u00e9rie d&#039;avions l\u00e9gers. Ces lieux fra\u00eechement con\u00e7us seront \u00e9lectriques et suppos\u00e9s naviguer \u00e0 environ 150 mph et atteindre 2 000 pieds. Les taxis a\u00e9riens drones dans les avions de T\u00e9h\u00e9ran voleront \u00e0 une vitesse de soixante miles et fonctionneront sur une charge.\n\n<!-- \/wp:paragraph --><!-- wp:paragraph -->\n\n<!-- \/wp:paragraph --><!-- wp:heading {\"level\":3} -->\n<h3>Pourquoi voulons-nous des drones taxis a\u00e9riens \u00e0 T\u00e9h\u00e9ran ?<\/h3>\n<!-- \/wp:heading --><!-- wp:paragraph -->\n\nLes vols commerciaux avec les grandes compagnies a\u00e9riennes peuvent \u00eatre inefficaces. Ils doivent \u00eatre r\u00e9serv\u00e9s \u00e0 l&#039;avance et g\u00e9n\u00e9ralement sujets \u00e0 des retards. Les compagnies a\u00e9riennes sont \u00e9galement oblig\u00e9es de remplir ces vols, obligeant les visiteurs \u00e0 respecter leurs destinations et leurs horaires.\n<h3>Combien co\u00fbtera un taxi volant \u00e9lectrique \u00e0 T\u00e9h\u00e9ran ?<\/h3>\n<!-- \/wp:paragraph --><!-- wp:paragraph -->\n\nAu d\u00e9part, les drones taxis a\u00e9riens \u00e0 T\u00e9h\u00e9ran co\u00fbteront environ $5,73 par passager-mile. Le co\u00fbt chutera ensuite \u00e0 $1,85 par mile passager avant d&#039;atteindre finalement le taux incroyable du client de $0,44 par mile. Vous pouvez facilement r\u00e9server un taxi a\u00e9rien via des taxis volants \u00e9lectriques dans l&#039;application T\u00e9h\u00e9ran.\n<h2>Avantages de l&#039;application de r\u00e9servation de taxi a\u00e9rien \u00e9lectrique \u00e0 T\u00e9h\u00e9ran<\/h2>\n<!-- \/wp:paragraph --><!-- wp:paragraph -->\n\nParmi ses autres avantages, la r\u00e9servation en ligne de taxi drone \u00e0 T\u00e9h\u00e9ran pourrait fournir un boom \u00e9conomique en augmentant le nombre de personnes se dirigeant vers des lieux de loisirs et de tourisme qui ne sont pas \u00e0 proximit\u00e9 des grands a\u00e9roports.\n\n<!-- \/wp:paragraph --><!-- wp:heading {\"level\":3} -->\n<h3>L&#039;application de r\u00e9servation en ligne de drone a\u00e9rien \u00e0 T\u00e9h\u00e9ran serait-elle utilis\u00e9e pour r\u00e9server un vol en taxi a\u00e9rien \u00e9lectrique\u00a0?<\/h3>\n<!-- \/wp:heading --><!-- wp:paragraph -->\n\nOui, les clients peuvent utiliser de mani\u00e8re transparente l&#039;application de r\u00e9servation de taxi a\u00e9rien \u00e9lectrique \u00e0 T\u00e9h\u00e9ran en ligne pour trouver le meilleur itin\u00e9raire et r\u00e9server un taxi volant avec drone \u00e0 T\u00e9h\u00e9ran \u00e0 tout moment et n&#039;importe o\u00f9.","protected":false},"excerpt":{"rendered":"<p>Electric Tehran air taxi booking app Electric air taxi in Tehran online booking app service will enable users to book electric flying taxi in Tehran, launching in major cities and metropolitan areas in Tehran soon. Air taxis in Tehran makes possible to travel cheap and fast in Tamil Nadu. Tehran is the capital of Iran. [&hellip;]<\/p>\n","protected":false},"author":1,"featured_media":21297,"parent":0,"menu_order":0,"comment_status":"open","ping_status":"closed","template":"template-home-modern.php","meta":{"footnotes":""},"class_list":["post-10540","page","type-page","status-publish","has-post-thumbnail","hentry"],"yoast_head":"<!-- This site is optimized with the Yoast SEO plugin v27.3 - https:\/\/yoast.com\/product\/yoast-seo-wordpress\/ -->\n<title>Air Taxi in Tehran Online Booking - Electric Flying Taxis<\/title>\n<meta name=\"description\" content=\"Looking for drone air taxi in Tehran online booking app, route, schedule &amp; fare? Compare air taxis and book your cheap flying taxi in Tehran\" \/>\n<meta name=\"robots\" content=\"index, follow, max-snippet:-1, max-image-preview:large, max-video-preview:-1\" \/>\n<link rel=\"canonical\" href=\"https:\/\/tiketi.com\/fr-fr\/flying-tehran-air-taxi-booking\/\" \/>\n<meta property=\"og:locale\" content=\"fr_FR\" \/>\n<meta property=\"og:type\" content=\"article\" \/>\n<meta property=\"og:title\" content=\"Air Taxi in Tehran Online Booking - Electric Flying Taxis\" \/>\n<meta property=\"og:description\" content=\"Looking for drone air taxi in Tehran online booking app, route, schedule &amp; fare? Compare air taxis and book your cheap flying taxi in Tehran\" \/>\n<meta property=\"og:url\" content=\"https:\/\/tiketi.com\/fr-fr\/flying-tehran-air-taxi-booking\/\" \/>\n<meta property=\"og:site_name\" content=\"Tiketi.com\" \/>\n<meta property=\"article:publisher\" content=\"https:\/\/www.facebook.com\/TiketiCom\/\" \/>\n<meta property=\"article:modified_time\" content=\"2022-02-22T08:09:23+00:00\" \/>\n<meta property=\"og:image\" content=\"https:\/\/tiketi.com\/wp-content\/uploads\/2019\/05\/iran-arman-taherian-c4pe3HEhnig-unsp.jpg\" \/>\n\t<meta property=\"og:image:width\" content=\"1200\" \/>\n\t<meta property=\"og:image:height\" content=\"200\" \/>\n\t<meta property=\"og:image:type\" content=\"image\/jpeg\" \/>\n<meta name=\"twitter:card\" content=\"summary_large_image\" \/>\n<meta name=\"twitter:label1\" content=\"Dur\u00e9e de lecture estim\u00e9e\" \/>\n\t<meta name=\"twitter:data1\" content=\"2 minutes\" \/>\n<script type=\"application\/ld+json\" class=\"yoast-schema-graph\">{\"@context\":\"https:\\\/\\\/schema.org\",\"@graph\":[{\"@type\":\"WebPage\",\"@id\":\"https:\\\/\\\/tiketi.com\\\/flying-tehran-air-taxi-booking\\\/\",\"url\":\"https:\\\/\\\/tiketi.com\\\/flying-tehran-air-taxi-booking\\\/\",\"name\":\"Air Taxi in Tehran Online Booking - Electric Flying Taxis\",\"isPartOf\":{\"@id\":\"https:\\\/\\\/tiketi.com\\\/#website\"},\"primaryImageOfPage\":{\"@id\":\"https:\\\/\\\/tiketi.com\\\/flying-tehran-air-taxi-booking\\\/#primaryimage\"},\"image\":{\"@id\":\"https:\\\/\\\/tiketi.com\\\/flying-tehran-air-taxi-booking\\\/#primaryimage\"},\"thumbnailUrl\":\"https:\\\/\\\/tiketi.com\\\/wp-content\\\/uploads\\\/2019\\\/05\\\/iran-arman-taherian-c4pe3HEhnig-unsp.jpg\",\"datePublished\":\"2022-01-19T11:53:29+00:00\",\"dateModified\":\"2022-02-22T08:09:23+00:00\",\"description\":\"Looking for drone air taxi in Tehran online booking app, route, schedule & fare? Compare air taxis and book your cheap flying taxi in Tehran\",\"breadcrumb\":{\"@id\":\"https:\\\/\\\/tiketi.com\\\/flying-tehran-air-taxi-booking\\\/#breadcrumb\"},\"inLanguage\":\"fr-FR\",\"potentialAction\":[{\"@type\":\"ReadAction\",\"target\":[\"https:\\\/\\\/tiketi.com\\\/flying-tehran-air-taxi-booking\\\/\"]}]},{\"@type\":\"ImageObject\",\"inLanguage\":\"fr-FR\",\"@id\":\"https:\\\/\\\/tiketi.com\\\/flying-tehran-air-taxi-booking\\\/#primaryimage\",\"url\":\"https:\\\/\\\/tiketi.com\\\/wp-content\\\/uploads\\\/2019\\\/05\\\/iran-arman-taherian-c4pe3HEhnig-unsp.jpg\",\"contentUrl\":\"https:\\\/\\\/tiketi.com\\\/wp-content\\\/uploads\\\/2019\\\/05\\\/iran-arman-taherian-c4pe3HEhnig-unsp.jpg\",\"width\":1200,\"height\":200,\"caption\":\"Air Taxi in Tehran Online Booking\"},{\"@type\":\"BreadcrumbList\",\"@id\":\"https:\\\/\\\/tiketi.com\\\/flying-tehran-air-taxi-booking\\\/#breadcrumb\",\"itemListElement\":[{\"@type\":\"ListItem\",\"position\":1,\"name\":\"Home\",\"item\":\"https:\\\/\\\/tiketi.com\\\/\"},{\"@type\":\"ListItem\",\"position\":2,\"name\":\"Air Taxi in Tehran Online Booking &#8211; Electric Flying Taxis\"}]},{\"@type\":\"WebSite\",\"@id\":\"https:\\\/\\\/tiketi.com\\\/#website\",\"url\":\"https:\\\/\\\/tiketi.com\\\/\",\"name\":\"Flight & Bus Tickets, Tour Packages & Activitites - Tiketi.com\",\"description\":\"Flight &amp; Bus Tickets, Tours, Activitites\",\"publisher\":{\"@id\":\"https:\\\/\\\/tiketi.com\\\/#organization\"},\"potentialAction\":[{\"@type\":\"SearchAction\",\"target\":{\"@type\":\"EntryPoint\",\"urlTemplate\":\"https:\\\/\\\/tiketi.com\\\/?s={search_term_string}\"},\"query-input\":{\"@type\":\"PropertyValueSpecification\",\"valueRequired\":true,\"valueName\":\"search_term_string\"}}],\"inLanguage\":\"fr-FR\"},{\"@type\":\"Organization\",\"@id\":\"https:\\\/\\\/tiketi.com\\\/#organization\",\"name\":\"Tiketi.com\",\"alternateName\":\"Tiketi\",\"url\":\"https:\\\/\\\/tiketi.com\\\/\",\"logo\":{\"@type\":\"ImageObject\",\"inLanguage\":\"fr-FR\",\"@id\":\"https:\\\/\\\/tiketi.com\\\/#\\\/schema\\\/logo\\\/image\\\/\",\"url\":\"https:\\\/\\\/tiketi.com\\\/wp-content\\\/uploads\\\/2019\\\/05\\\/tiketi-logo-696.png\",\"contentUrl\":\"https:\\\/\\\/tiketi.com\\\/wp-content\\\/uploads\\\/2019\\\/05\\\/tiketi-logo-696.png\",\"width\":696,\"height\":696,\"caption\":\"Tiketi.com\"},\"image\":{\"@id\":\"https:\\\/\\\/tiketi.com\\\/#\\\/schema\\\/logo\\\/image\\\/\"},\"sameAs\":[\"https:\\\/\\\/www.facebook.com\\\/TiketiCom\\\/\"]}]}<\/script>\n<!-- \/ Yoast SEO plugin. -->","yoast_head_json":{"title":"Taxi a\u00e9rien \u00e0 T\u00e9h\u00e9ran R\u00e9servation en ligne - Taxis volants \u00e9lectriques","description":"Vous recherchez une application de r\u00e9servation en ligne de taxi a\u00e9rien drone \u00e0 T\u00e9h\u00e9ran, un itin\u00e9raire, un horaire et un tarif? Comparez les taxis a\u00e9riens et r\u00e9servez votre taxi volant pas cher \u00e0 T\u00e9h\u00e9ran","robots":{"index":"index","follow":"follow","max-snippet":"max-snippet:-1","max-image-preview":"max-image-preview:large","max-video-preview":"max-video-preview:-1"},"canonical":"https:\/\/tiketi.com\/fr-fr\/flying-tehran-air-taxi-booking\/","og_locale":"fr_FR","og_type":"article","og_title":"Air Taxi in Tehran Online Booking - Electric Flying Taxis","og_description":"Looking for drone air taxi in Tehran online booking app, route, schedule & fare? Compare air taxis and book your cheap flying taxi in Tehran","og_url":"https:\/\/tiketi.com\/fr-fr\/flying-tehran-air-taxi-booking\/","og_site_name":"Tiketi.com","article_publisher":"https:\/\/www.facebook.com\/TiketiCom\/","article_modified_time":"2022-02-22T08:09:23+00:00","og_image":[{"width":1200,"height":200,"url":"https:\/\/tiketi.com\/wp-content\/uploads\/2019\/05\/iran-arman-taherian-c4pe3HEhnig-unsp.jpg","type":"image\/jpeg"}],"twitter_card":"summary_large_image","twitter_misc":{"Dur\u00e9e de lecture estim\u00e9e":"2 minutes"},"schema":{"@context":"https:\/\/schema.org","@graph":[{"@type":"WebPage","@id":"https:\/\/tiketi.com\/flying-tehran-air-taxi-booking\/","url":"https:\/\/tiketi.com\/flying-tehran-air-taxi-booking\/","name":"Taxi a\u00e9rien \u00e0 T\u00e9h\u00e9ran R\u00e9servation en ligne - Taxis volants \u00e9lectriques","isPartOf":{"@id":"https:\/\/tiketi.com\/#website"},"primaryImageOfPage":{"@id":"https:\/\/tiketi.com\/flying-tehran-air-taxi-booking\/#primaryimage"},"image":{"@id":"https:\/\/tiketi.com\/flying-tehran-air-taxi-booking\/#primaryimage"},"thumbnailUrl":"https:\/\/tiketi.com\/wp-content\/uploads\/2019\/05\/iran-arman-taherian-c4pe3HEhnig-unsp.jpg","datePublished":"2022-01-19T11:53:29+00:00","dateModified":"2022-02-22T08:09:23+00:00","description":"Vous recherchez une application de r\u00e9servation en ligne de taxi a\u00e9rien drone \u00e0 T\u00e9h\u00e9ran, un itin\u00e9raire, un horaire et un tarif? Comparez les taxis a\u00e9riens et r\u00e9servez votre taxi volant pas cher \u00e0 T\u00e9h\u00e9ran","breadcrumb":{"@id":"https:\/\/tiketi.com\/flying-tehran-air-taxi-booking\/#breadcrumb"},"inLanguage":"fr-FR","potentialAction":[{"@type":"ReadAction","target":["https:\/\/tiketi.com\/flying-tehran-air-taxi-booking\/"]}]},{"@type":"ImageObject","inLanguage":"fr-FR","@id":"https:\/\/tiketi.com\/flying-tehran-air-taxi-booking\/#primaryimage","url":"https:\/\/tiketi.com\/wp-content\/uploads\/2019\/05\/iran-arman-taherian-c4pe3HEhnig-unsp.jpg","contentUrl":"https:\/\/tiketi.com\/wp-content\/uploads\/2019\/05\/iran-arman-taherian-c4pe3HEhnig-unsp.jpg","width":1200,"height":200,"caption":"Air Taxi in Tehran Online Booking"},{"@type":"BreadcrumbList","@id":"https:\/\/tiketi.com\/flying-tehran-air-taxi-booking\/#breadcrumb","itemListElement":[{"@type":"ListItem","position":1,"name":"Home","item":"https:\/\/tiketi.com\/"},{"@type":"ListItem","position":2,"name":"Air Taxi in Tehran Online Booking &#8211; Electric Flying Taxis"}]},{"@type":"WebSite","@id":"https:\/\/tiketi.com\/#website","url":"https:\/\/tiketi.com\/","name":"Billets d&#039;avion et de bus, forfaits touristiques et activit\u00e9s - Tiketi.com","description":"Billets d&#039;avion et de bus, Tours, Activit\u00e9s","publisher":{"@id":"https:\/\/tiketi.com\/#organization"},"potentialAction":[{"@type":"SearchAction","target":{"@type":"EntryPoint","urlTemplate":"https:\/\/tiketi.com\/?s={search_term_string}"},"query-input":{"@type":"PropertyValueSpecification","valueRequired":true,"valueName":"search_term_string"}}],"inLanguage":"fr-FR"},{"@type":"Organization","@id":"https:\/\/tiketi.com\/#organization","name":"Tiketi.com","alternateName":"Tiketi","url":"https:\/\/tiketi.com\/","logo":{"@type":"ImageObject","inLanguage":"fr-FR","@id":"https:\/\/tiketi.com\/#\/schema\/logo\/image\/","url":"https:\/\/tiketi.com\/wp-content\/uploads\/2019\/05\/tiketi-logo-696.png","contentUrl":"https:\/\/tiketi.com\/wp-content\/uploads\/2019\/05\/tiketi-logo-696.png","width":696,"height":696,"caption":"Tiketi.com"},"image":{"@id":"https:\/\/tiketi.com\/#\/schema\/logo\/image\/"},"sameAs":["https:\/\/www.facebook.com\/TiketiCom\/"]}]}},"_links":{"self":[{"href":"https:\/\/tiketi.com\/fr-fr\/wp-json\/wp\/v2\/pages\/10540","targetHints":{"allow":["GET"]}}],"collection":[{"href":"https:\/\/tiketi.com\/fr-fr\/wp-json\/wp\/v2\/pages"}],"about":[{"href":"https:\/\/tiketi.com\/fr-fr\/wp-json\/wp\/v2\/types\/page"}],"author":[{"embeddable":true,"href":"https:\/\/tiketi.com\/fr-fr\/wp-json\/wp\/v2\/users\/1"}],"replies":[{"embeddable":true,"href":"https:\/\/tiketi.com\/fr-fr\/wp-json\/wp\/v2\/comments?post=10540"}],"version-history":[{"count":0,"href":"https:\/\/tiketi.com\/fr-fr\/wp-json\/wp\/v2\/pages\/10540\/revisions"}],"wp:featuredmedia":[{"embeddable":true,"href":"https:\/\/tiketi.com\/fr-fr\/wp-json\/wp\/v2\/media\/21297"}],"wp:attachment":[{"href":"https:\/\/tiketi.com\/fr-fr\/wp-json\/wp\/v2\/media?parent=10540"}],"curies":[{"name":"wp","href":"https:\/\/api.w.org\/{rel}","templated":true}]}}