{"id":10542,"date":"2022-01-19T12:53:29","date_gmt":"2022-01-19T11:53:29","guid":{"rendered":"https:\/\/new.tiketi.com\/tianjin-air-taxi-booking-app-electric-flying-taxis\/"},"modified":"2022-10-14T13:26:21","modified_gmt":"2022-10-14T12:26:21","slug":"tianjin","status":"publish","type":"page","link":"https:\/\/tiketi.com\/fr-fr\/volants\/taxi-aerien\/tianjin\/","title":{"rendered":"R\u00e9servation en ligne de taxis a\u00e9riens \u00e0 Tianjin \u2013 Itin\u00e9raires, horaires et tarifs"},"content":{"rendered":"<h2>application de r\u00e9servation de taxi a\u00e9rien \u00e9lectrique de Tianjin<\/h2>\r\n<!-- \/wp:post-content -->\r\n\r\n<!-- wp:paragraph -->\r\n<p>Le service de r\u00e9servation en ligne de taxis a\u00e9riens \u00e9lectriques \u00e0 Tianjin permettra bient\u00f4t aux utilisateurs de r\u00e9server leurs billets. Ce service sera \u00e9galement disponible dans les principales villes et zones m\u00e9tropolitaines de Tianjin. Les taxis a\u00e9riens \u00e0 Tianjin permettent de voyager rapidement et \u00e0 moindre co\u00fbt dans le Tamil Nadu. Tianjin, l&#039;une des neuf villes centrales de Chine, est une m\u00e9tropole dynamique et prosp\u00e8re, \u00e0 l&#039;atmosph\u00e8re d\u00e9contract\u00e9e. C&#039;est l&#039;une des plus grandes villes c\u00f4ti\u00e8res du nord de la Chine et la porte d&#039;entr\u00e9e de P\u00e9kin vers la mer. Avec sa brise marine fra\u00eeche et agr\u00e9able, Tianjin offre de charmantes promenades fluviales, des gratte-ciel modernes et de nombreux quartiers d&#039;inspiration occidentale. Tianjin poss\u00e8de \u00e9galement des vestiges historiques, des paysages naturels enchanteurs, une architecture remarquable et des lieux de culte tr\u00e8s anciens, autant d&#039;\u00e9l\u00e9ments qui t\u00e9moignent du pr\u00e9sent, du pass\u00e9 et de l&#039;avenir de la ville. Riche d&#039;un patrimoine culturel, architectural et culinaire exceptionnel, la ville est aujourd&#039;hui un p\u00f4le de d\u00e9veloppement majeur et l&#039;un des principaux centres financiers de Chine. Comme pour de nombreux autres services, vous pourrez r\u00e9server votre vol en taxi a\u00e9rien \u00e9lectrique \u00e0 Tianjin \u00e0 tout moment et o\u00f9 que vous soyez.<\/p>\r\n<!-- \/wp:paragraph -->\r\n\r\n<!-- wp:heading -->\r\n<h2>Voici quelques-uns des principaux avantages des taxis volants \u00e9lectriques \u00e0 Tianjin<\/h2>\r\n<h3>Que sont les taxis a\u00e9riens \u00e9lectriques e-VTOL \u00e0 Tianjin Aircraft ?<\/h3>\r\n<!-- \/wp:heading -->\r\n\r\n<!-- wp:paragraph -->\r\n<p>L&#039;acronyme E-VTOL d\u00e9signe les appareils \u00e0 d\u00e9collage et atterrissage verticaux \u00e9lectriques, et fait r\u00e9f\u00e9rence \u00e0 une nouvelle g\u00e9n\u00e9ration d&#039;a\u00e9ronefs l\u00e9gers. Ces appareils de conception r\u00e9cente seront \u00e9lectriques et devraient atteindre une vitesse de croisi\u00e8re d&#039;environ 240 km\/h et une altitude de 600 m\u00e8tres. Les taxis a\u00e9riens bas\u00e9s \u00e0 Tianjin voleront \u00e0 une vitesse de 96 km\/h et fonctionneront sur batterie.<\/p>\r\n<!-- \/wp:paragraph -->\r\n\r\n<!-- wp:paragraph \/-->\r\n\r\n<!-- wp:heading {\"level\":3} -->\r\n<h3>Pourquoi souhaitons-nous des taxis a\u00e9riens \u00e9lectriques \u00e0 Tianjin\u00a0?<\/h3>\r\n<!-- \/wp:heading -->\r\n\r\n<!-- wp:paragraph -->\r\n<p>Les vols commerciaux avec les grandes compagnies a\u00e9riennes peuvent \u00eatre inefficaces. Ils doivent \u00eatre r\u00e9serv\u00e9s \u00e0 l&#039;avance et g\u00e9n\u00e9ralement sujets \u00e0 des retards. Les compagnies a\u00e9riennes sont \u00e9galement oblig\u00e9es de remplir ces vols, obligeant les visiteurs \u00e0 respecter leurs destinations et leurs horaires.<\/p>\r\n<h3>Combien co\u00fbte un taxi volant \u00e9lectrique \u00e0 Tianjin ?<\/h3>\r\n<!-- \/wp:paragraph -->\r\n\r\n<!-- wp:paragraph -->\r\n<p>Dans un premier temps, les taxis volants \u00e0 Tianjin co\u00fbteront environ $5,73 par passager-mile. Le prix baissera ensuite \u00e0 $1,85 par passager-mile avant d&#039;atteindre le tarif exceptionnel de $0,44 par mile. Vous pouvez facilement r\u00e9server un taxi volant via l&#039;application d\u00e9di\u00e9e aux taxis volants \u00e9lectriques \u00e0 Tianjin.<\/p>\r\n<h2>Avantages de l&#039;application de r\u00e9servation de taxis a\u00e9riens \u00e9lectriques de Tianjin<\/h2>\r\n<!-- \/wp:paragraph -->\r\n\r\n<!-- wp:paragraph -->\r\n<p>Parmi ses autres avantages, la r\u00e9servation en ligne de taxis drones \u00e0 Tianjin pourrait engendrer un essor \u00e9conomique en augmentant le nombre de personnes se rendant dans des lieux de loisirs et de tourisme \u00e9loign\u00e9s des grands a\u00e9roports.<\/p>\r\n<!-- \/wp:paragraph -->\r\n\r\n<!-- wp:heading {\"level\":3} -->\r\n<h3>L&#039;application de r\u00e9servation en ligne de taxi a\u00e9rien \u00e0 Tianjin permet-elle de r\u00e9server des billets de vol pour un taxi a\u00e9rien \u00e9lectrique\u00a0?<\/h3>\r\n<!-- \/wp:heading -->\r\n\r\n<!-- wp:paragraph -->\r\n<p>Oui, les clients peuvent utiliser en toute simplicit\u00e9 l&#039;application de r\u00e9servation de taxis a\u00e9riens \u00e9lectriques en ligne de Tianjin pour trouver le meilleur itin\u00e9raire et r\u00e9server un taxi a\u00e9rien \u00e0 Tianjin \u00e0 tout moment et n&#039;importe o\u00f9.<\/p>","protected":false},"excerpt":{"rendered":"<p>Electric Tianjin air taxi booking app Electric air taxi in Tianjin online booking app service will enable users to book electric flying taxi in Tianjin flight tickets, launching in major cities and metropolitan areas in Tianjin soon. Air taxis in Tianjin makes possible to travel cheap and fast in Tamil Nadu. Tianjin as one of [&hellip;]<\/p>\n","protected":false},"author":1,"featured_media":21396,"parent":25621,"menu_order":0,"comment_status":"open","ping_status":"closed","template":"template-home-modern.php","meta":{"footnotes":""},"class_list":["post-10542","page","type-page","status-publish","has-post-thumbnail","hentry"],"yoast_head":"<!-- This site is optimized with the Yoast SEO plugin v27.5 - https:\/\/yoast.com\/product\/yoast-seo-wordpress\/ -->\n<title>Air Taxi in Tianjin Booking - Flying Routes, Schedule &amp; Fares<\/title>\n<meta name=\"description\" content=\"Looking for drone air taxi in Tianjin online booking app, routes, schedule &amp; fares? Compare air taxis flight tickets and book cheap flying taxi in Tianjin\" \/>\n<meta name=\"robots\" content=\"index, follow, max-snippet:-1, max-image-preview:large, max-video-preview:-1\" \/>\n<link rel=\"canonical\" href=\"https:\/\/tiketi.com\/fr-fr\/volants\/taxi-aerien\/tianjin\/\" \/>\n<meta property=\"og:locale\" content=\"fr_FR\" \/>\n<meta property=\"og:type\" content=\"article\" \/>\n<meta property=\"og:title\" content=\"Air Taxi in Tianjin Booking - Flying Routes, Schedule &amp; Fares\" \/>\n<meta property=\"og:description\" content=\"Looking for drone air taxi in Tianjin online booking app, routes, schedule &amp; fares? Compare air taxis flight tickets and book cheap flying taxi in Tianjin\" \/>\n<meta property=\"og:url\" content=\"https:\/\/tiketi.com\/fr-fr\/volants\/taxi-aerien\/tianjin\/\" \/>\n<meta property=\"og:site_name\" content=\"Tiketi.com\" \/>\n<meta property=\"article:publisher\" content=\"https:\/\/www.facebook.com\/TiketiCom\/\" \/>\n<meta property=\"article:modified_time\" content=\"2022-10-14T12:26:21+00:00\" \/>\n<meta property=\"og:image\" content=\"https:\/\/tiketi.com\/wp-content\/uploads\/2019\/05\/tianjin-eye-614538_1280.jpg\" \/>\n\t<meta property=\"og:image:width\" content=\"1200\" \/>\n\t<meta property=\"og:image:height\" content=\"200\" \/>\n\t<meta property=\"og:image:type\" content=\"image\/jpeg\" \/>\n<meta name=\"twitter:card\" content=\"summary_large_image\" \/>\n<meta name=\"twitter:label1\" content=\"Dur\u00e9e de lecture estim\u00e9e\" \/>\n\t<meta name=\"twitter:data1\" content=\"2 minutes\" \/>\n<script type=\"application\/ld+json\" class=\"yoast-schema-graph\">{\"@context\":\"https:\\\/\\\/schema.org\",\"@graph\":[{\"@type\":\"WebPage\",\"@id\":\"https:\\\/\\\/tiketi.com\\\/flying\\\/air-taxi\\\/tianjin\\\/\",\"url\":\"https:\\\/\\\/tiketi.com\\\/flying\\\/air-taxi\\\/tianjin\\\/\",\"name\":\"Air Taxi in Tianjin Booking - Flying Routes, Schedule & Fares\",\"isPartOf\":{\"@id\":\"https:\\\/\\\/tiketi.com\\\/#website\"},\"primaryImageOfPage\":{\"@id\":\"https:\\\/\\\/tiketi.com\\\/flying\\\/air-taxi\\\/tianjin\\\/#primaryimage\"},\"image\":{\"@id\":\"https:\\\/\\\/tiketi.com\\\/flying\\\/air-taxi\\\/tianjin\\\/#primaryimage\"},\"thumbnailUrl\":\"https:\\\/\\\/tiketi.com\\\/wp-content\\\/uploads\\\/2019\\\/05\\\/tianjin-eye-614538_1280.jpg\",\"datePublished\":\"2022-01-19T11:53:29+00:00\",\"dateModified\":\"2022-10-14T12:26:21+00:00\",\"description\":\"Looking for drone air taxi in Tianjin online booking app, routes, schedule & fares? Compare air taxis flight tickets and book cheap flying taxi in Tianjin\",\"breadcrumb\":{\"@id\":\"https:\\\/\\\/tiketi.com\\\/flying\\\/air-taxi\\\/tianjin\\\/#breadcrumb\"},\"inLanguage\":\"fr-FR\",\"potentialAction\":[{\"@type\":\"ReadAction\",\"target\":[\"https:\\\/\\\/tiketi.com\\\/flying\\\/air-taxi\\\/tianjin\\\/\"]}]},{\"@type\":\"ImageObject\",\"inLanguage\":\"fr-FR\",\"@id\":\"https:\\\/\\\/tiketi.com\\\/flying\\\/air-taxi\\\/tianjin\\\/#primaryimage\",\"url\":\"https:\\\/\\\/tiketi.com\\\/wp-content\\\/uploads\\\/2019\\\/05\\\/tianjin-eye-614538_1280.jpg\",\"contentUrl\":\"https:\\\/\\\/tiketi.com\\\/wp-content\\\/uploads\\\/2019\\\/05\\\/tianjin-eye-614538_1280.jpg\",\"width\":1200,\"height\":200,\"caption\":\"Air Taxi in Tianjin\"},{\"@type\":\"BreadcrumbList\",\"@id\":\"https:\\\/\\\/tiketi.com\\\/flying\\\/air-taxi\\\/tianjin\\\/#breadcrumb\",\"itemListElement\":[{\"@type\":\"ListItem\",\"position\":1,\"name\":\"Home\",\"item\":\"https:\\\/\\\/tiketi.com\\\/\"},{\"@type\":\"ListItem\",\"position\":2,\"name\":\"Flying\",\"item\":\"https:\\\/\\\/tiketi.com\\\/fr-fr\\\/volants\\\/\"},{\"@type\":\"ListItem\",\"position\":3,\"name\":\"Air Taxi\",\"item\":\"https:\\\/\\\/tiketi.com\\\/flying\\\/air-taxi\\\/\"},{\"@type\":\"ListItem\",\"position\":4,\"name\":\"Air Taxi in Tianjin Online Booking &#8211; Flying Routes, Schedule &#038; Fares\"}]},{\"@type\":\"WebSite\",\"@id\":\"https:\\\/\\\/tiketi.com\\\/#website\",\"url\":\"https:\\\/\\\/tiketi.com\\\/\",\"name\":\"Flight & Bus Tickets, Tour Packages & Activitites - Tiketi.com\",\"description\":\"Flight &amp; Bus Tickets, Tours, Activitites\",\"publisher\":{\"@id\":\"https:\\\/\\\/tiketi.com\\\/#organization\"},\"potentialAction\":[{\"@type\":\"SearchAction\",\"target\":{\"@type\":\"EntryPoint\",\"urlTemplate\":\"https:\\\/\\\/tiketi.com\\\/?s={search_term_string}\"},\"query-input\":{\"@type\":\"PropertyValueSpecification\",\"valueRequired\":true,\"valueName\":\"search_term_string\"}}],\"inLanguage\":\"fr-FR\"},{\"@type\":\"Organization\",\"@id\":\"https:\\\/\\\/tiketi.com\\\/#organization\",\"name\":\"Tiketi.com\",\"alternateName\":\"Tiketi\",\"url\":\"https:\\\/\\\/tiketi.com\\\/\",\"logo\":{\"@type\":\"ImageObject\",\"inLanguage\":\"fr-FR\",\"@id\":\"https:\\\/\\\/tiketi.com\\\/#\\\/schema\\\/logo\\\/image\\\/\",\"url\":\"https:\\\/\\\/tiketi.com\\\/wp-content\\\/uploads\\\/2019\\\/05\\\/tiketi-logo-696.png\",\"contentUrl\":\"https:\\\/\\\/tiketi.com\\\/wp-content\\\/uploads\\\/2019\\\/05\\\/tiketi-logo-696.png\",\"width\":696,\"height\":696,\"caption\":\"Tiketi.com\"},\"image\":{\"@id\":\"https:\\\/\\\/tiketi.com\\\/#\\\/schema\\\/logo\\\/image\\\/\"},\"sameAs\":[\"https:\\\/\\\/www.facebook.com\\\/TiketiCom\\\/\"]}]}<\/script>\n<!-- \/ Yoast SEO plugin. -->","yoast_head_json":{"title":"R\u00e9servation de taxi a\u00e9rien \u00e0 Tianjin\u00a0: itin\u00e9raires, horaires et tarifs","description":"Vous cherchez une application de r\u00e9servation en ligne pour un taxi a\u00e9rien drone \u00e0 Tianjin\u00a0? Consultez les itin\u00e9raires, les horaires et les tarifs. Comparez les billets d&#039;avion et r\u00e9servez un taxi a\u00e9rien pas cher \u00e0 Tianjin.","robots":{"index":"index","follow":"follow","max-snippet":"max-snippet:-1","max-image-preview":"max-image-preview:large","max-video-preview":"max-video-preview:-1"},"canonical":"https:\/\/tiketi.com\/fr-fr\/volants\/taxi-aerien\/tianjin\/","og_locale":"fr_FR","og_type":"article","og_title":"Air Taxi in Tianjin Booking - Flying Routes, Schedule & Fares","og_description":"Looking for drone air taxi in Tianjin online booking app, routes, schedule & fares? Compare air taxis flight tickets and book cheap flying taxi in Tianjin","og_url":"https:\/\/tiketi.com\/fr-fr\/volants\/taxi-aerien\/tianjin\/","og_site_name":"Tiketi.com","article_publisher":"https:\/\/www.facebook.com\/TiketiCom\/","article_modified_time":"2022-10-14T12:26:21+00:00","og_image":[{"width":1200,"height":200,"url":"https:\/\/tiketi.com\/wp-content\/uploads\/2019\/05\/tianjin-eye-614538_1280.jpg","type":"image\/jpeg"}],"twitter_card":"summary_large_image","twitter_misc":{"Dur\u00e9e de lecture estim\u00e9e":"2 minutes"},"schema":{"@context":"https:\/\/schema.org","@graph":[{"@type":"WebPage","@id":"https:\/\/tiketi.com\/flying\/air-taxi\/tianjin\/","url":"https:\/\/tiketi.com\/flying\/air-taxi\/tianjin\/","name":"R\u00e9servation de taxi a\u00e9rien \u00e0 Tianjin\u00a0: itin\u00e9raires, horaires et tarifs","isPartOf":{"@id":"https:\/\/tiketi.com\/#website"},"primaryImageOfPage":{"@id":"https:\/\/tiketi.com\/flying\/air-taxi\/tianjin\/#primaryimage"},"image":{"@id":"https:\/\/tiketi.com\/flying\/air-taxi\/tianjin\/#primaryimage"},"thumbnailUrl":"https:\/\/tiketi.com\/wp-content\/uploads\/2019\/05\/tianjin-eye-614538_1280.jpg","datePublished":"2022-01-19T11:53:29+00:00","dateModified":"2022-10-14T12:26:21+00:00","description":"Vous cherchez une application de r\u00e9servation en ligne pour un taxi a\u00e9rien drone \u00e0 Tianjin\u00a0? Consultez les itin\u00e9raires, les horaires et les tarifs. Comparez les billets d&#039;avion et r\u00e9servez un taxi a\u00e9rien pas cher \u00e0 Tianjin.","breadcrumb":{"@id":"https:\/\/tiketi.com\/flying\/air-taxi\/tianjin\/#breadcrumb"},"inLanguage":"fr-FR","potentialAction":[{"@type":"ReadAction","target":["https:\/\/tiketi.com\/flying\/air-taxi\/tianjin\/"]}]},{"@type":"ImageObject","inLanguage":"fr-FR","@id":"https:\/\/tiketi.com\/flying\/air-taxi\/tianjin\/#primaryimage","url":"https:\/\/tiketi.com\/wp-content\/uploads\/2019\/05\/tianjin-eye-614538_1280.jpg","contentUrl":"https:\/\/tiketi.com\/wp-content\/uploads\/2019\/05\/tianjin-eye-614538_1280.jpg","width":1200,"height":200,"caption":"Air Taxi in Tianjin"},{"@type":"BreadcrumbList","@id":"https:\/\/tiketi.com\/flying\/air-taxi\/tianjin\/#breadcrumb","itemListElement":[{"@type":"ListItem","position":1,"name":"Home","item":"https:\/\/tiketi.com\/"},{"@type":"ListItem","position":2,"name":"Flying","item":"https:\/\/tiketi.com\/fr-fr\/volants\/"},{"@type":"ListItem","position":3,"name":"Air Taxi","item":"https:\/\/tiketi.com\/flying\/air-taxi\/"},{"@type":"ListItem","position":4,"name":"Air Taxi in Tianjin Online Booking &#8211; Flying Routes, Schedule &#038; Fares"}]},{"@type":"WebSite","@id":"https:\/\/tiketi.com\/#website","url":"https:\/\/tiketi.com\/","name":"Billets d&#039;avion et de bus, forfaits touristiques et activit\u00e9s - Tiketi.com","description":"Billets d&#039;avion et de bus, Tours, Activit\u00e9s","publisher":{"@id":"https:\/\/tiketi.com\/#organization"},"potentialAction":[{"@type":"SearchAction","target":{"@type":"EntryPoint","urlTemplate":"https:\/\/tiketi.com\/?s={search_term_string}"},"query-input":{"@type":"PropertyValueSpecification","valueRequired":true,"valueName":"search_term_string"}}],"inLanguage":"fr-FR"},{"@type":"Organization","@id":"https:\/\/tiketi.com\/#organization","name":"Tiketi.com","alternateName":"Tiketi","url":"https:\/\/tiketi.com\/","logo":{"@type":"ImageObject","inLanguage":"fr-FR","@id":"https:\/\/tiketi.com\/#\/schema\/logo\/image\/","url":"https:\/\/tiketi.com\/wp-content\/uploads\/2019\/05\/tiketi-logo-696.png","contentUrl":"https:\/\/tiketi.com\/wp-content\/uploads\/2019\/05\/tiketi-logo-696.png","width":696,"height":696,"caption":"Tiketi.com"},"image":{"@id":"https:\/\/tiketi.com\/#\/schema\/logo\/image\/"},"sameAs":["https:\/\/www.facebook.com\/TiketiCom\/"]}]}},"_links":{"self":[{"href":"https:\/\/tiketi.com\/fr-fr\/wp-json\/wp\/v2\/pages\/10542","targetHints":{"allow":["GET"]}}],"collection":[{"href":"https:\/\/tiketi.com\/fr-fr\/wp-json\/wp\/v2\/pages"}],"about":[{"href":"https:\/\/tiketi.com\/fr-fr\/wp-json\/wp\/v2\/types\/page"}],"author":[{"embeddable":true,"href":"https:\/\/tiketi.com\/fr-fr\/wp-json\/wp\/v2\/users\/1"}],"replies":[{"embeddable":true,"href":"https:\/\/tiketi.com\/fr-fr\/wp-json\/wp\/v2\/comments?post=10542"}],"version-history":[{"count":0,"href":"https:\/\/tiketi.com\/fr-fr\/wp-json\/wp\/v2\/pages\/10542\/revisions"}],"up":[{"embeddable":true,"href":"https:\/\/tiketi.com\/fr-fr\/wp-json\/wp\/v2\/pages\/25621"}],"wp:featuredmedia":[{"embeddable":true,"href":"https:\/\/tiketi.com\/fr-fr\/wp-json\/wp\/v2\/media\/21396"}],"wp:attachment":[{"href":"https:\/\/tiketi.com\/fr-fr\/wp-json\/wp\/v2\/media?parent=10542"}],"curies":[{"name":"wp","href":"https:\/\/api.w.org\/{rel}","templated":true}]}}