{"id":10544,"date":"2022-01-19T12:53:29","date_gmt":"2022-01-19T11:53:29","guid":{"rendered":"https:\/\/new.tiketi.com\/buenos-aires-air-taxi-booking-app-electric-flying-taxis\/"},"modified":"2022-02-02T14:37:30","modified_gmt":"2022-02-02T13:37:30","slug":"buenos-aires-air-taxi-booking-app-electric-flying-taxis","status":"publish","type":"page","link":"https:\/\/tiketi.com\/fr-fr\/buenos-aires-air-taxi-booking-app-electric-flying-taxis\/","title":{"rendered":"Taxi a\u00e9rien \u00e0 Buenos Aires R\u00e9servation en ligne \u2013 Taxis volants \u00e9lectriques"},"content":{"rendered":"<h2>Application de r\u00e9servation de taxi a\u00e9rien \u00e9lectrique de Buenos Aires<\/h2>\nLe service d&#039;application de r\u00e9servation en ligne de taxi a\u00e9rien \u00e9lectrique \u00e0 Buenos Aires permet aux utilisateurs de r\u00e9server un taxi volant par drone \u00e0 Buenos Aires \u00e0 tout moment - nous rendons la r\u00e9servation de taxi a\u00e9rien \u00e0 Buenos Aires simple, abordable et accessible \u00e0 tous. <span style=\"font-size: revert; color: initial;\">Autonome <\/span>Les taxis a\u00e9riens \u00e0 Buenos Aires permettent de voyager rapidement et \u00e0 bas prix au Tamil Nadu. Buenos Aires est la plus grande ville et capitale de l&#039;Argentine. La ville est situ\u00e9e sur la rive ouest de l&#039;estuaire du Rio de la Plata, sur la c\u00f4te sud-est du continent sud-am\u00e9ricain. \u00ab Buenos Aires \u00bb peut \u00eatre traduit par \u00ab bons airs \u00bb ou \u00ab beaux airs \u00bb, mais le premier \u00e9tait le sens voulu par les fondateurs au XVIe si\u00e8cle, par l&#039;utilisation du vrai nom \u00ab Real de Nuestra Se\u00f1ora Santa Mar\u00eda del Buen Ayre \u00bb. \u00bb. L&#039;agglom\u00e9ration de Buenos Aires, plus grande ville, qui comprend \u00e9galement de nombreuses zones de la province de Buenos Aires, constitue la quatri\u00e8me r\u00e9gion m\u00e9tropolitaine la plus peupl\u00e9e des Am\u00e9riques, avec une population d&#039;environ 15,6 millions d&#039;habitants. Comme pour bien d&#039;autres choses, vous pourrez effectuer \u00e0 tout moment et n&#039;importe o\u00f9 une r\u00e9servation en ligne de taxi drone \u00e0 Buenos Aires pour votre vol de taxi a\u00e9rien \u00e9lectrique.\n\n<!-- \/wp:post-content --><!-- wp:heading -->\n<h2>Voici quelques-uns des meilleurs avantages du taxi volant \u00e9lectrique \u00e0 Buenos Aires<\/h2>\n<h3>Que sont les taxis volants \u00e9lectriques e-VTOL dans les avions de Buenos Aires ?<\/h3>\n<!-- \/wp:heading --><!-- wp:paragraph -->\n\nNormes E-VTOL pour l&#039;atterrissage et le d\u00e9collage verticaux \u00e9lectriques, et fait r\u00e9f\u00e9rence \u00e0 une nouvelle s\u00e9rie d&#039;avions l\u00e9gers. Ces lieux fra\u00eechement con\u00e7us seront \u00e9lectriques et devraient naviguer \u00e0 environ 150 mph et atteindre 2 000 pieds. Les avions-taxis de Buenos Aires voleront \u00e0 une vitesse de soixante milles et fonctionneront moyennant un suppl\u00e9ment.\n\n<!-- \/wp:paragraph --><!-- wp:paragraph -->\n\n<!-- \/wp:paragraph --><!-- wp:heading {\"level\":3} -->\n<h3>Pourquoi voulons-nous des taxis a\u00e9riens \u00e9lectriques \u00e0 Buenos Aires ?<\/h3>\n<!-- \/wp:heading --><!-- wp:paragraph -->\n\nLes vols commerciaux avec les grandes compagnies a\u00e9riennes peuvent \u00eatre inefficaces. Ils doivent \u00eatre r\u00e9serv\u00e9s \u00e0 l&#039;avance et g\u00e9n\u00e9ralement sujets \u00e0 des retards. Les compagnies a\u00e9riennes sont \u00e9galement oblig\u00e9es de remplir ces vols, obligeant les visiteurs \u00e0 respecter leurs destinations et leurs horaires.\n<h3>Combien co\u00fbtera un taxi volant \u00e9lectrique \u00e0 Buenos Aires ?<\/h3>\n<!-- \/wp:paragraph --><!-- wp:paragraph -->\n\nInitialement, les taxis a\u00e9riens par drones \u00e0 Buenos Aires co\u00fbteront environ $5,73 par passager-mile. Vous pouvez facilement r\u00e9server un taxi a\u00e9rien gr\u00e2ce aux taxis volants \u00e9lectriques dans l&#039;application Buenos Aires. Le tarif chutera ensuite \u00e0 $1,85 par passager-mile avant de finalement atteindre le tarif incroyable de $0,44 par mile pour le client. Vous pouvez facilement r\u00e9server un taxi a\u00e9rien par drone gr\u00e2ce aux taxis volants \u00e9lectriques dans l&#039;application Buenos Aires.\n<h2>Avantages de l&#039;application de r\u00e9servation de taxi a\u00e9rien \u00e9lectrique de Buenos Aires<\/h2>\n<!-- \/wp:paragraph --><!-- wp:paragraph -->\n\nParmi ses autres avantages, la r\u00e9servation en ligne de taxis drones \u00e0 Buenos Aires pourrait g\u00e9n\u00e9rer un boom \u00e9conomique en augmentant le nombre de personnes se dirigeant vers des lieux de loisirs et de tourisme \u00e9loign\u00e9s des grands a\u00e9roports.\n\n<!-- \/wp:paragraph --><!-- wp:heading {\"level\":3} -->\n<h3>L&#039;application de r\u00e9servation en ligne de taxi a\u00e9rien par drone \u00e0 Buenos Aires serait-elle utilis\u00e9e pour r\u00e9server un vol de taxi a\u00e9rien \u00e9lectrique\u00a0?<\/h3>\n<!-- \/wp:heading --><!-- wp:paragraph -->\n\nOui, les clients peuvent utiliser en toute transparence l&#039;application de r\u00e9servation de taxi drone \u00e9lectrique en ligne \u00e0 Buenos Aires pour trouver le meilleur itin\u00e9raire et r\u00e9server un vol de taxi volant par drone \u00e0 Buenos Aires \u00e0 tout moment et n&#039;importe o\u00f9.","protected":false},"excerpt":{"rendered":"<p>Electric Buenos Aires Air Taxi Booking App Electric air taxi in Buenos Aires online booking app service enable users to book drone flying taxi in Buenos Aires anytime &#8211; we are making Buenos Aires air taxi booking simple, affordable and accessible for everyone. Autonomous air taxis in Buenos Aires makes possible to travel cheap and [&hellip;]<\/p>\n","protected":false},"author":1,"featured_media":14798,"parent":0,"menu_order":0,"comment_status":"open","ping_status":"closed","template":"template-home-modern.php","meta":{"footnotes":""},"class_list":["post-10544","page","type-page","status-publish","has-post-thumbnail","hentry"],"yoast_head":"<!-- This site is optimized with the Yoast SEO plugin v27.3 - https:\/\/yoast.com\/product\/yoast-seo-wordpress\/ -->\n<title>Air Taxi in Buenos Aires Online Booking - Electric Flying Taxis<\/title>\n<meta name=\"description\" content=\"Looking for drone air taxi in Buenos Aires online booking app, route, schedule and fare? Compare Buenos Aires air taxis and book your cheap flying taxi in Buenos Aires\" \/>\n<meta name=\"robots\" content=\"index, follow, max-snippet:-1, max-image-preview:large, max-video-preview:-1\" \/>\n<link rel=\"canonical\" href=\"https:\/\/tiketi.com\/fr-fr\/buenos-aires-air-taxi-booking-app-electric-flying-taxis\/\" \/>\n<meta property=\"og:locale\" content=\"fr_FR\" \/>\n<meta property=\"og:type\" content=\"article\" \/>\n<meta property=\"og:title\" content=\"Air Taxi in Buenos Aires Online Booking - Electric Flying Taxis\" \/>\n<meta property=\"og:description\" content=\"Looking for drone air taxi in Buenos Aires online booking app, route, schedule and fare? Compare Buenos Aires air taxis and book your cheap flying taxi in Buenos Aires\" \/>\n<meta property=\"og:url\" content=\"https:\/\/tiketi.com\/fr-fr\/buenos-aires-air-taxi-booking-app-electric-flying-taxis\/\" \/>\n<meta property=\"og:site_name\" content=\"Tiketi.com\" \/>\n<meta property=\"article:publisher\" content=\"https:\/\/www.facebook.com\/TiketiCom\/\" \/>\n<meta property=\"article:modified_time\" content=\"2022-02-02T13:37:30+00:00\" \/>\n<meta property=\"og:image\" content=\"https:\/\/tiketi.com\/wp-content\/uploads\/2022\/01\/buenos-aires-madero-port-58.jpg\" \/>\n\t<meta property=\"og:image:width\" content=\"1200\" \/>\n\t<meta property=\"og:image:height\" content=\"214\" \/>\n\t<meta property=\"og:image:type\" content=\"image\/jpeg\" \/>\n<meta name=\"twitter:card\" content=\"summary_large_image\" \/>\n<meta name=\"twitter:label1\" content=\"Dur\u00e9e de lecture estim\u00e9e\" \/>\n\t<meta name=\"twitter:data1\" content=\"3 minutes\" \/>\n<script type=\"application\/ld+json\" class=\"yoast-schema-graph\">{\"@context\":\"https:\\\/\\\/schema.org\",\"@graph\":[{\"@type\":\"WebPage\",\"@id\":\"https:\\\/\\\/tiketi.com\\\/buenos-aires-air-taxi-booking-app-electric-flying-taxis\\\/\",\"url\":\"https:\\\/\\\/tiketi.com\\\/buenos-aires-air-taxi-booking-app-electric-flying-taxis\\\/\",\"name\":\"Air Taxi in Buenos Aires Online Booking - Electric Flying Taxis\",\"isPartOf\":{\"@id\":\"https:\\\/\\\/tiketi.com\\\/#website\"},\"primaryImageOfPage\":{\"@id\":\"https:\\\/\\\/tiketi.com\\\/buenos-aires-air-taxi-booking-app-electric-flying-taxis\\\/#primaryimage\"},\"image\":{\"@id\":\"https:\\\/\\\/tiketi.com\\\/buenos-aires-air-taxi-booking-app-electric-flying-taxis\\\/#primaryimage\"},\"thumbnailUrl\":\"https:\\\/\\\/tiketi.com\\\/wp-content\\\/uploads\\\/2022\\\/01\\\/buenos-aires-madero-port-58.jpg\",\"datePublished\":\"2022-01-19T11:53:29+00:00\",\"dateModified\":\"2022-02-02T13:37:30+00:00\",\"description\":\"Looking for drone air taxi in Buenos Aires online booking app, route, schedule and fare? Compare Buenos Aires air taxis and book your cheap flying taxi in Buenos Aires\",\"breadcrumb\":{\"@id\":\"https:\\\/\\\/tiketi.com\\\/buenos-aires-air-taxi-booking-app-electric-flying-taxis\\\/#breadcrumb\"},\"inLanguage\":\"fr-FR\",\"potentialAction\":[{\"@type\":\"ReadAction\",\"target\":[\"https:\\\/\\\/tiketi.com\\\/buenos-aires-air-taxi-booking-app-electric-flying-taxis\\\/\"]}]},{\"@type\":\"ImageObject\",\"inLanguage\":\"fr-FR\",\"@id\":\"https:\\\/\\\/tiketi.com\\\/buenos-aires-air-taxi-booking-app-electric-flying-taxis\\\/#primaryimage\",\"url\":\"https:\\\/\\\/tiketi.com\\\/wp-content\\\/uploads\\\/2022\\\/01\\\/buenos-aires-madero-port-58.jpg\",\"contentUrl\":\"https:\\\/\\\/tiketi.com\\\/wp-content\\\/uploads\\\/2022\\\/01\\\/buenos-aires-madero-port-58.jpg\",\"width\":1200,\"height\":214,\"caption\":\"Buenos Aires Air Taxi\"},{\"@type\":\"BreadcrumbList\",\"@id\":\"https:\\\/\\\/tiketi.com\\\/buenos-aires-air-taxi-booking-app-electric-flying-taxis\\\/#breadcrumb\",\"itemListElement\":[{\"@type\":\"ListItem\",\"position\":1,\"name\":\"Home\",\"item\":\"https:\\\/\\\/tiketi.com\\\/\"},{\"@type\":\"ListItem\",\"position\":2,\"name\":\"Air Taxi in Buenos Aires Online Booking &#8211; Electric Flying Taxis\"}]},{\"@type\":\"WebSite\",\"@id\":\"https:\\\/\\\/tiketi.com\\\/#website\",\"url\":\"https:\\\/\\\/tiketi.com\\\/\",\"name\":\"Flight & Bus Tickets, Tour Packages & Activitites - Tiketi.com\",\"description\":\"Flight &amp; Bus Tickets, Tours, Activitites\",\"publisher\":{\"@id\":\"https:\\\/\\\/tiketi.com\\\/#organization\"},\"potentialAction\":[{\"@type\":\"SearchAction\",\"target\":{\"@type\":\"EntryPoint\",\"urlTemplate\":\"https:\\\/\\\/tiketi.com\\\/?s={search_term_string}\"},\"query-input\":{\"@type\":\"PropertyValueSpecification\",\"valueRequired\":true,\"valueName\":\"search_term_string\"}}],\"inLanguage\":\"fr-FR\"},{\"@type\":\"Organization\",\"@id\":\"https:\\\/\\\/tiketi.com\\\/#organization\",\"name\":\"Tiketi.com\",\"alternateName\":\"Tiketi\",\"url\":\"https:\\\/\\\/tiketi.com\\\/\",\"logo\":{\"@type\":\"ImageObject\",\"inLanguage\":\"fr-FR\",\"@id\":\"https:\\\/\\\/tiketi.com\\\/#\\\/schema\\\/logo\\\/image\\\/\",\"url\":\"https:\\\/\\\/tiketi.com\\\/wp-content\\\/uploads\\\/2019\\\/05\\\/tiketi-logo-696.png\",\"contentUrl\":\"https:\\\/\\\/tiketi.com\\\/wp-content\\\/uploads\\\/2019\\\/05\\\/tiketi-logo-696.png\",\"width\":696,\"height\":696,\"caption\":\"Tiketi.com\"},\"image\":{\"@id\":\"https:\\\/\\\/tiketi.com\\\/#\\\/schema\\\/logo\\\/image\\\/\"},\"sameAs\":[\"https:\\\/\\\/www.facebook.com\\\/TiketiCom\\\/\"]}]}<\/script>\n<!-- \/ Yoast SEO plugin. -->","yoast_head_json":{"title":"Taxi a\u00e9rien \u00e0 Buenos Aires R\u00e9servation en ligne - Taxis volants \u00e9lectriques","description":"Vous recherchez un taxi a\u00e9rien par drone \u00e0 Buenos Aires, une application de r\u00e9servation en ligne, un itin\u00e9raire, un horaire et un tarif\u00a0? Comparez les taxis a\u00e9riens de Buenos Aires et r\u00e9servez votre taxi volant pas cher \u00e0 Buenos Aires","robots":{"index":"index","follow":"follow","max-snippet":"max-snippet:-1","max-image-preview":"max-image-preview:large","max-video-preview":"max-video-preview:-1"},"canonical":"https:\/\/tiketi.com\/fr-fr\/buenos-aires-air-taxi-booking-app-electric-flying-taxis\/","og_locale":"fr_FR","og_type":"article","og_title":"Air Taxi in Buenos Aires Online Booking - Electric Flying Taxis","og_description":"Looking for drone air taxi in Buenos Aires online booking app, route, schedule and fare? Compare Buenos Aires air taxis and book your cheap flying taxi in Buenos Aires","og_url":"https:\/\/tiketi.com\/fr-fr\/buenos-aires-air-taxi-booking-app-electric-flying-taxis\/","og_site_name":"Tiketi.com","article_publisher":"https:\/\/www.facebook.com\/TiketiCom\/","article_modified_time":"2022-02-02T13:37:30+00:00","og_image":[{"width":1200,"height":214,"url":"https:\/\/tiketi.com\/wp-content\/uploads\/2022\/01\/buenos-aires-madero-port-58.jpg","type":"image\/jpeg"}],"twitter_card":"summary_large_image","twitter_misc":{"Dur\u00e9e de lecture estim\u00e9e":"3 minutes"},"schema":{"@context":"https:\/\/schema.org","@graph":[{"@type":"WebPage","@id":"https:\/\/tiketi.com\/buenos-aires-air-taxi-booking-app-electric-flying-taxis\/","url":"https:\/\/tiketi.com\/buenos-aires-air-taxi-booking-app-electric-flying-taxis\/","name":"Taxi a\u00e9rien \u00e0 Buenos Aires R\u00e9servation en ligne - Taxis volants \u00e9lectriques","isPartOf":{"@id":"https:\/\/tiketi.com\/#website"},"primaryImageOfPage":{"@id":"https:\/\/tiketi.com\/buenos-aires-air-taxi-booking-app-electric-flying-taxis\/#primaryimage"},"image":{"@id":"https:\/\/tiketi.com\/buenos-aires-air-taxi-booking-app-electric-flying-taxis\/#primaryimage"},"thumbnailUrl":"https:\/\/tiketi.com\/wp-content\/uploads\/2022\/01\/buenos-aires-madero-port-58.jpg","datePublished":"2022-01-19T11:53:29+00:00","dateModified":"2022-02-02T13:37:30+00:00","description":"Vous recherchez un taxi a\u00e9rien par drone \u00e0 Buenos Aires, une application de r\u00e9servation en ligne, un itin\u00e9raire, un horaire et un tarif\u00a0? Comparez les taxis a\u00e9riens de Buenos Aires et r\u00e9servez votre taxi volant pas cher \u00e0 Buenos Aires","breadcrumb":{"@id":"https:\/\/tiketi.com\/buenos-aires-air-taxi-booking-app-electric-flying-taxis\/#breadcrumb"},"inLanguage":"fr-FR","potentialAction":[{"@type":"ReadAction","target":["https:\/\/tiketi.com\/buenos-aires-air-taxi-booking-app-electric-flying-taxis\/"]}]},{"@type":"ImageObject","inLanguage":"fr-FR","@id":"https:\/\/tiketi.com\/buenos-aires-air-taxi-booking-app-electric-flying-taxis\/#primaryimage","url":"https:\/\/tiketi.com\/wp-content\/uploads\/2022\/01\/buenos-aires-madero-port-58.jpg","contentUrl":"https:\/\/tiketi.com\/wp-content\/uploads\/2022\/01\/buenos-aires-madero-port-58.jpg","width":1200,"height":214,"caption":"Buenos Aires Air Taxi"},{"@type":"BreadcrumbList","@id":"https:\/\/tiketi.com\/buenos-aires-air-taxi-booking-app-electric-flying-taxis\/#breadcrumb","itemListElement":[{"@type":"ListItem","position":1,"name":"Home","item":"https:\/\/tiketi.com\/"},{"@type":"ListItem","position":2,"name":"Air Taxi in Buenos Aires Online Booking &#8211; Electric Flying Taxis"}]},{"@type":"WebSite","@id":"https:\/\/tiketi.com\/#website","url":"https:\/\/tiketi.com\/","name":"Billets d&#039;avion et de bus, forfaits touristiques et activit\u00e9s - Tiketi.com","description":"Billets d&#039;avion et de bus, Tours, Activit\u00e9s","publisher":{"@id":"https:\/\/tiketi.com\/#organization"},"potentialAction":[{"@type":"SearchAction","target":{"@type":"EntryPoint","urlTemplate":"https:\/\/tiketi.com\/?s={search_term_string}"},"query-input":{"@type":"PropertyValueSpecification","valueRequired":true,"valueName":"search_term_string"}}],"inLanguage":"fr-FR"},{"@type":"Organization","@id":"https:\/\/tiketi.com\/#organization","name":"Tiketi.com","alternateName":"Tiketi","url":"https:\/\/tiketi.com\/","logo":{"@type":"ImageObject","inLanguage":"fr-FR","@id":"https:\/\/tiketi.com\/#\/schema\/logo\/image\/","url":"https:\/\/tiketi.com\/wp-content\/uploads\/2019\/05\/tiketi-logo-696.png","contentUrl":"https:\/\/tiketi.com\/wp-content\/uploads\/2019\/05\/tiketi-logo-696.png","width":696,"height":696,"caption":"Tiketi.com"},"image":{"@id":"https:\/\/tiketi.com\/#\/schema\/logo\/image\/"},"sameAs":["https:\/\/www.facebook.com\/TiketiCom\/"]}]}},"_links":{"self":[{"href":"https:\/\/tiketi.com\/fr-fr\/wp-json\/wp\/v2\/pages\/10544","targetHints":{"allow":["GET"]}}],"collection":[{"href":"https:\/\/tiketi.com\/fr-fr\/wp-json\/wp\/v2\/pages"}],"about":[{"href":"https:\/\/tiketi.com\/fr-fr\/wp-json\/wp\/v2\/types\/page"}],"author":[{"embeddable":true,"href":"https:\/\/tiketi.com\/fr-fr\/wp-json\/wp\/v2\/users\/1"}],"replies":[{"embeddable":true,"href":"https:\/\/tiketi.com\/fr-fr\/wp-json\/wp\/v2\/comments?post=10544"}],"version-history":[{"count":0,"href":"https:\/\/tiketi.com\/fr-fr\/wp-json\/wp\/v2\/pages\/10544\/revisions"}],"wp:featuredmedia":[{"embeddable":true,"href":"https:\/\/tiketi.com\/fr-fr\/wp-json\/wp\/v2\/media\/14798"}],"wp:attachment":[{"href":"https:\/\/tiketi.com\/fr-fr\/wp-json\/wp\/v2\/media?parent=10544"}],"curies":[{"name":"wp","href":"https:\/\/api.w.org\/{rel}","templated":true}]}}