{"id":10549,"date":"2022-01-19T12:53:31","date_gmt":"2022-01-19T11:53:31","guid":{"rendered":"https:\/\/new.tiketi.com\/philippines-air-taxi-booking-app-electric-flying-taxis\/"},"modified":"2023-09-30T11:55:00","modified_gmt":"2023-09-30T10:55:00","slug":"philippines","status":"publish","type":"page","link":"https:\/\/tiketi.com\/fr-fr\/volants\/taxi-aerien\/philippines\/","title":{"rendered":"R\u00e9servation de taxi a\u00e9rien aux Philippines \u2013 itin\u00e9raires de vol, horaires et tarifs"},"content":{"rendered":"<h2>Application de r\u00e9servation de taxi a\u00e9rien aux Philippines<\/h2>\n<!-- \/wp:post-content -->\n\n<!-- wp:paragraph -->\n\nLe service d&#039;application de r\u00e9servation en ligne de taxi a\u00e9rien par drone aux Philippines permettra aux utilisateurs de r\u00e9server un taxi volant \u00e9lectrique aux Philippines, qui sera bient\u00f4t lanc\u00e9 dans les grandes villes et les zones m\u00e9tropolitaines des Philippines. Les taxis a\u00e9riens aux Philippines permettent de voyager rapidement et \u00e0 bas prix aux Philippines. Explorer la magnificence des Philippines est toujours un plaisir. Cette nation d\u2019Asie du Sud-Est a fait des vagues dans l\u2019industrie du tourisme avec son grand choix de sites pittoresques, d\u2019\u00e9tonnants \u00e9v\u00e9nements festifs artificiels et d\u2019attractions naturelles. Couvrant une superficie de 943,7 m\u00e8tres carr\u00e9s, Davao est le meilleur endroit pour les visiteurs souhaitant d\u00e9couvrir un cadre urbain idyllique dans le confort d&#039;une nouvelle m\u00e9tropole. La ville, qui est 3 fois plus grande que la totalit\u00e9 de la r\u00e9gion m\u00e9tropolitaine de Manille, a beaucoup \u00e0 offrir. La \u00ab Terre des promesses \u00bb abrite, entre autres, de belles plages, des sites historiques, de charmants sites de plong\u00e9e et des h\u00f4tels et complexes de luxe. Comme pour tant d&#039;autres choses, vous pourrez effectuer \u00e0 tout moment et n&#039;importe o\u00f9 une r\u00e9servation de taxi a\u00e9rien aux Philippines par drone pour votre vol de taxi a\u00e9rien \u00e9lectrique.\n\n<!-- \/wp:paragraph -->\n\n<!-- wp:heading -->\n<h2>Voici quelques-uns des meilleurs avantages du taxi volant \u00e9lectrique aux Philippines<\/h2>\n<h3>Les taxis a\u00e9riens \u00e9lectriques aux Philippines et les h\u00e9licopt\u00e8res sont-ils les m\u00eames ?<\/h3>\n<!-- \/wp:heading -->\n\n<!-- wp:paragraph -->\n\nBien que les taxis volants \u00e9lectriques aux Philippines et les h\u00e9licopt\u00e8res soient assez diff\u00e9rents en ce qui concerne la vitesse de d\u00e9placement et la port\u00e9e de vol, ils sont extr\u00eamement similaires en termes de d\u00e9collage et d&#039;atterrissage verticaux, de programmation, d&#039;op\u00e9rations et de besoins en infrastructure, comme la pr\u00e9sence d&#039;h\u00e9liports pour les proc\u00e9dures VTOL. .\n<h3>Quelle est la vitesse des taxis volants \u00e9lectriques aux Philippines ?<\/h3>\n<!-- \/wp:paragraph -->\n\n<!-- wp:paragraph -->\n\nLes taxis a\u00e9riens aux Philippines auront 5 places et une vitesse de croisi\u00e8re de 290 km\/h, et pourront voler \u00e0 une altitude de 1 000 \u00e0 2 000. Il est petit, ses rotors \u00e9lectriques le rendent moins bruyant qu&#039;un h\u00e9licopt\u00e8re \u00e0 moteur thermique, ce qui lui permettra de survoler sans probl\u00e8me des villes peu tol\u00e9rantes aux nuisances sonores.\n\n<!-- \/wp:paragraph -->\n\n<!-- wp:heading {\"level\":3} -->\n<h3>Les taxis a\u00e9riens \u00e9lectriques aux Philippines sont-ils s\u00fbrs ?<\/h3>\n<!-- \/wp:heading -->\n\n<!-- wp:paragraph -->\n\nAlors, est-il plus s\u00fbr de piloter un avion certifi\u00e9 air-taxi ? La petite r\u00e9ponse est oui. Des mesures de s\u00e9curit\u00e9 suppl\u00e9mentaires sont appliqu\u00e9es par les taxis volants aux Philippines. Les op\u00e9rateurs r\u00e9glement\u00e9s en vertu de la partie 135 offrent aux clients un moyen plus fiable de louer un avion priv\u00e9.\n<h3>Combien co\u00fbtera un taxi volant \u00e9lectrique aux Philippines ?<\/h3>\n<!-- \/wp:paragraph -->\n\n<!-- wp:paragraph -->\n\nInitialement, les taxis a\u00e9riens aux Philippines co\u00fbteront environ $5,73 par passager-mile. Le prix du taxi a\u00e9rien aux Philippines chutera ensuite \u00e0 $1,85 par passager-mile avant de finalement atteindre le tarif incroyable du client de $0,44 par mile. Vous pouvez facilement r\u00e9server un taxi a\u00e9rien via l&#039;application des taxis volants \u00e9lectriques aux Philippines.\n<h2>Avantages de la r\u00e9servation en ligne de taxi a\u00e9rien \u00e9lectrique aux Philippines<\/h2>\n<!-- \/wp:paragraph -->\n\n<!-- wp:paragraph -->\n\nParmi ses autres avantages, la r\u00e9servation en ligne de taxi drone aux Philippines pourrait fournir un boom \u00e9conomique en augmentant le nombre de personnes se dirigeant vers des lieux de loisirs et de tourisme qui ne sont pas \u00e0 proximit\u00e9 des grands a\u00e9roports.\n\n<!-- \/wp:paragraph -->\n\n<!-- wp:heading {\"level\":3} -->\n<h3>L&#039;application de r\u00e9servation en ligne de taxi a\u00e9rien des Philippines serait-elle utilis\u00e9e pour r\u00e9server des billets d&#039;avion de taxi a\u00e9rien \u00e9lectrique\u00a0?<\/h3>\n<!-- \/wp:heading -->\n\n<!-- wp:paragraph -->\n\nOui, les clients peuvent utiliser en toute transparence l&#039;application de r\u00e9servation de taxi a\u00e9rien \u00e9lectrique aux Philippines en ligne pour trouver le meilleur itin\u00e9raire et r\u00e9server des billets d&#039;avion en taxi volant aux Philippines \u00e0 tout moment et n&#039;importe o\u00f9.","protected":false},"excerpt":{"rendered":"<p>Philippines Air Taxi Booking App Drone air taxi in Philippines online booking app service will enable users to book electric flying taxi in Philippines, launching in major cities and metropolitan areas in Philippines soon. Air taxis in Philippines makes possible to travel cheap and fast in Philippines. Exploring the magnificence of the Philippines is forever [&hellip;]<\/p>\n","protected":false},"author":1,"featured_media":20428,"parent":25621,"menu_order":0,"comment_status":"open","ping_status":"closed","template":"template-home-modern.php","meta":{"footnotes":""},"class_list":["post-10549","page","type-page","status-publish","has-post-thumbnail","hentry"],"yoast_head":"<!-- This site is optimized with the Yoast SEO plugin v27.2 - https:\/\/yoast.com\/product\/yoast-seo-wordpress\/ -->\n<title>Air Taxi in Philippines Booking - Flying Routes, Schedule &amp; Fares<\/title>\n<meta name=\"description\" content=\"Looking for drone air taxi in Philippines online booking app, route, schedule &amp; fare? Compare air taxis flight tickets and book your cheap flying taxi in Philippines\" \/>\n<meta name=\"robots\" content=\"index, follow, max-snippet:-1, max-image-preview:large, max-video-preview:-1\" \/>\n<link rel=\"canonical\" href=\"https:\/\/tiketi.com\/fr-fr\/volants\/taxi-aerien\/philippines\/\" \/>\n<meta property=\"og:locale\" content=\"fr_FR\" \/>\n<meta property=\"og:type\" content=\"article\" \/>\n<meta property=\"og:title\" content=\"Air Taxi in Philippines Booking - Flying Routes, Schedule &amp; Fares\" \/>\n<meta property=\"og:description\" content=\"Looking for drone air taxi in Philippines online booking app, route, schedule &amp; fare? Compare air taxis flight tickets and book your cheap flying taxi in Philippines\" \/>\n<meta property=\"og:url\" content=\"https:\/\/tiketi.com\/fr-fr\/volants\/taxi-aerien\/philippines\/\" \/>\n<meta property=\"og:site_name\" content=\"Tiketi.com\" \/>\n<meta property=\"article:publisher\" content=\"https:\/\/www.facebook.com\/TiketiCom\/\" \/>\n<meta property=\"article:modified_time\" content=\"2023-09-30T10:55:00+00:00\" \/>\n<meta property=\"og:image\" content=\"https:\/\/tiketi.com\/wp-content\/uploads\/2022\/02\/manila-4503501_1280.jpg\" \/>\n\t<meta property=\"og:image:width\" content=\"1200\" \/>\n\t<meta property=\"og:image:height\" content=\"200\" \/>\n\t<meta property=\"og:image:type\" content=\"image\/jpeg\" \/>\n<meta name=\"twitter:card\" content=\"summary_large_image\" \/>\n<meta name=\"twitter:label1\" content=\"Dur\u00e9e de lecture estim\u00e9e\" \/>\n\t<meta name=\"twitter:data1\" content=\"3 minutes\" \/>\n<script type=\"application\/ld+json\" class=\"yoast-schema-graph\">{\"@context\":\"https:\/\/schema.org\",\"@graph\":[{\"@type\":\"WebPage\",\"@id\":\"https:\/\/tiketi.com\/flying\/air-taxi\/philippines\/\",\"url\":\"https:\/\/tiketi.com\/flying\/air-taxi\/philippines\/\",\"name\":\"Air Taxi in Philippines Booking - Flying Routes, Schedule & Fares\",\"isPartOf\":{\"@id\":\"https:\/\/tiketi.com\/#website\"},\"primaryImageOfPage\":{\"@id\":\"https:\/\/tiketi.com\/flying\/air-taxi\/philippines\/#primaryimage\"},\"image\":{\"@id\":\"https:\/\/tiketi.com\/flying\/air-taxi\/philippines\/#primaryimage\"},\"thumbnailUrl\":\"https:\/\/tiketi.com\/wp-content\/uploads\/2022\/02\/manila-4503501_1280.jpg\",\"datePublished\":\"2022-01-19T11:53:31+00:00\",\"dateModified\":\"2023-09-30T10:55:00+00:00\",\"description\":\"Looking for drone air taxi in Philippines online booking app, route, schedule & fare? Compare air taxis flight tickets and book your cheap flying taxi in Philippines\",\"breadcrumb\":{\"@id\":\"https:\/\/tiketi.com\/flying\/air-taxi\/philippines\/#breadcrumb\"},\"inLanguage\":\"fr-FR\",\"potentialAction\":[{\"@type\":\"ReadAction\",\"target\":[\"https:\/\/tiketi.com\/flying\/air-taxi\/philippines\/\"]}]},{\"@type\":\"ImageObject\",\"inLanguage\":\"fr-FR\",\"@id\":\"https:\/\/tiketi.com\/flying\/air-taxi\/philippines\/#primaryimage\",\"url\":\"https:\/\/tiketi.com\/wp-content\/uploads\/2022\/02\/manila-4503501_1280.jpg\",\"contentUrl\":\"https:\/\/tiketi.com\/wp-content\/uploads\/2022\/02\/manila-4503501_1280.jpg\",\"width\":1200,\"height\":200,\"caption\":\"Air Taxi in Manila\"},{\"@type\":\"BreadcrumbList\",\"@id\":\"https:\/\/tiketi.com\/flying\/air-taxi\/philippines\/#breadcrumb\",\"itemListElement\":[{\"@type\":\"ListItem\",\"position\":1,\"name\":\"Home\",\"item\":\"https:\/\/tiketi.com\/\"},{\"@type\":\"ListItem\",\"position\":2,\"name\":\"Flying\",\"item\":\"https:\/\/tiketi.com\/fr-fr\/volants\/\"},{\"@type\":\"ListItem\",\"position\":3,\"name\":\"Air Taxi\",\"item\":\"https:\/\/tiketi.com\/flying\/air-taxi\/\"},{\"@type\":\"ListItem\",\"position\":4,\"name\":\"Air Taxi in Philippines Booking &#8211; Flying Routes, Schedule &#038; Fares\"}]},{\"@type\":\"WebSite\",\"@id\":\"https:\/\/tiketi.com\/#website\",\"url\":\"https:\/\/tiketi.com\/\",\"name\":\"Flight & Bus Tickets, Tour Packages & Activitites - Tiketi.com\",\"description\":\"Flight &amp; Bus Tickets, Tours, Activitites\",\"publisher\":{\"@id\":\"https:\/\/tiketi.com\/#organization\"},\"potentialAction\":[{\"@type\":\"SearchAction\",\"target\":{\"@type\":\"EntryPoint\",\"urlTemplate\":\"https:\/\/tiketi.com\/?s={search_term_string}\"},\"query-input\":{\"@type\":\"PropertyValueSpecification\",\"valueRequired\":true,\"valueName\":\"search_term_string\"}}],\"inLanguage\":\"fr-FR\"},{\"@type\":\"Organization\",\"@id\":\"https:\/\/tiketi.com\/#organization\",\"name\":\"Tiketi.com\",\"alternateName\":\"Tiketi\",\"url\":\"https:\/\/tiketi.com\/\",\"logo\":{\"@type\":\"ImageObject\",\"inLanguage\":\"fr-FR\",\"@id\":\"https:\/\/tiketi.com\/#\/schema\/logo\/image\/\",\"url\":\"https:\/\/tiketi.com\/wp-content\/uploads\/2019\/05\/tiketi-logo-696.png\",\"contentUrl\":\"https:\/\/tiketi.com\/wp-content\/uploads\/2019\/05\/tiketi-logo-696.png\",\"width\":696,\"height\":696,\"caption\":\"Tiketi.com\"},\"image\":{\"@id\":\"https:\/\/tiketi.com\/#\/schema\/logo\/image\/\"},\"sameAs\":[\"https:\/\/www.facebook.com\/TiketiCom\/\"]}]}<\/script>\n<!-- \/ Yoast SEO plugin. -->","yoast_head_json":{"title":"R\u00e9servation de taxi a\u00e9rien aux Philippines - Itin\u00e9raires de vol, horaires et tarifs","description":"Vous recherchez un taxi a\u00e9rien par drone aux Philippines, une application de r\u00e9servation en ligne, un itin\u00e9raire, un horaire et un tarif\u00a0? Comparez les billets d&#039;avion des taxis a\u00e9riens et r\u00e9servez votre taxi volant pas cher aux Philippines","robots":{"index":"index","follow":"follow","max-snippet":"max-snippet:-1","max-image-preview":"max-image-preview:large","max-video-preview":"max-video-preview:-1"},"canonical":"https:\/\/tiketi.com\/fr-fr\/volants\/taxi-aerien\/philippines\/","og_locale":"fr_FR","og_type":"article","og_title":"Air Taxi in Philippines Booking - Flying Routes, Schedule & Fares","og_description":"Looking for drone air taxi in Philippines online booking app, route, schedule & fare? Compare air taxis flight tickets and book your cheap flying taxi in Philippines","og_url":"https:\/\/tiketi.com\/fr-fr\/volants\/taxi-aerien\/philippines\/","og_site_name":"Tiketi.com","article_publisher":"https:\/\/www.facebook.com\/TiketiCom\/","article_modified_time":"2023-09-30T10:55:00+00:00","og_image":[{"width":1200,"height":200,"url":"https:\/\/tiketi.com\/wp-content\/uploads\/2022\/02\/manila-4503501_1280.jpg","type":"image\/jpeg"}],"twitter_card":"summary_large_image","twitter_misc":{"Dur\u00e9e de lecture estim\u00e9e":"3 minutes"},"schema":{"@context":"https:\/\/schema.org","@graph":[{"@type":"WebPage","@id":"https:\/\/tiketi.com\/flying\/air-taxi\/philippines\/","url":"https:\/\/tiketi.com\/flying\/air-taxi\/philippines\/","name":"R\u00e9servation de taxi a\u00e9rien aux Philippines - Itin\u00e9raires de vol, horaires et tarifs","isPartOf":{"@id":"https:\/\/tiketi.com\/#website"},"primaryImageOfPage":{"@id":"https:\/\/tiketi.com\/flying\/air-taxi\/philippines\/#primaryimage"},"image":{"@id":"https:\/\/tiketi.com\/flying\/air-taxi\/philippines\/#primaryimage"},"thumbnailUrl":"https:\/\/tiketi.com\/wp-content\/uploads\/2022\/02\/manila-4503501_1280.jpg","datePublished":"2022-01-19T11:53:31+00:00","dateModified":"2023-09-30T10:55:00+00:00","description":"Vous recherchez un taxi a\u00e9rien par drone aux Philippines, une application de r\u00e9servation en ligne, un itin\u00e9raire, un horaire et un tarif\u00a0? Comparez les billets d&#039;avion des taxis a\u00e9riens et r\u00e9servez votre taxi volant pas cher aux Philippines","breadcrumb":{"@id":"https:\/\/tiketi.com\/flying\/air-taxi\/philippines\/#breadcrumb"},"inLanguage":"fr-FR","potentialAction":[{"@type":"ReadAction","target":["https:\/\/tiketi.com\/flying\/air-taxi\/philippines\/"]}]},{"@type":"ImageObject","inLanguage":"fr-FR","@id":"https:\/\/tiketi.com\/flying\/air-taxi\/philippines\/#primaryimage","url":"https:\/\/tiketi.com\/wp-content\/uploads\/2022\/02\/manila-4503501_1280.jpg","contentUrl":"https:\/\/tiketi.com\/wp-content\/uploads\/2022\/02\/manila-4503501_1280.jpg","width":1200,"height":200,"caption":"Air Taxi in Manila"},{"@type":"BreadcrumbList","@id":"https:\/\/tiketi.com\/flying\/air-taxi\/philippines\/#breadcrumb","itemListElement":[{"@type":"ListItem","position":1,"name":"Home","item":"https:\/\/tiketi.com\/"},{"@type":"ListItem","position":2,"name":"Flying","item":"https:\/\/tiketi.com\/fr-fr\/volants\/"},{"@type":"ListItem","position":3,"name":"Air Taxi","item":"https:\/\/tiketi.com\/flying\/air-taxi\/"},{"@type":"ListItem","position":4,"name":"Air Taxi in Philippines Booking &#8211; Flying Routes, Schedule &#038; Fares"}]},{"@type":"WebSite","@id":"https:\/\/tiketi.com\/#website","url":"https:\/\/tiketi.com\/","name":"Billets d&#039;avion et de bus, forfaits touristiques et activit\u00e9s - Tiketi.com","description":"Billets d&#039;avion et de bus, Tours, Activit\u00e9s","publisher":{"@id":"https:\/\/tiketi.com\/#organization"},"potentialAction":[{"@type":"SearchAction","target":{"@type":"EntryPoint","urlTemplate":"https:\/\/tiketi.com\/?s={search_term_string}"},"query-input":{"@type":"PropertyValueSpecification","valueRequired":true,"valueName":"search_term_string"}}],"inLanguage":"fr-FR"},{"@type":"Organization","@id":"https:\/\/tiketi.com\/#organization","name":"Tiketi.com","alternateName":"Tiketi","url":"https:\/\/tiketi.com\/","logo":{"@type":"ImageObject","inLanguage":"fr-FR","@id":"https:\/\/tiketi.com\/#\/schema\/logo\/image\/","url":"https:\/\/tiketi.com\/wp-content\/uploads\/2019\/05\/tiketi-logo-696.png","contentUrl":"https:\/\/tiketi.com\/wp-content\/uploads\/2019\/05\/tiketi-logo-696.png","width":696,"height":696,"caption":"Tiketi.com"},"image":{"@id":"https:\/\/tiketi.com\/#\/schema\/logo\/image\/"},"sameAs":["https:\/\/www.facebook.com\/TiketiCom\/"]}]}},"_links":{"self":[{"href":"https:\/\/tiketi.com\/fr-fr\/wp-json\/wp\/v2\/pages\/10549","targetHints":{"allow":["GET"]}}],"collection":[{"href":"https:\/\/tiketi.com\/fr-fr\/wp-json\/wp\/v2\/pages"}],"about":[{"href":"https:\/\/tiketi.com\/fr-fr\/wp-json\/wp\/v2\/types\/page"}],"author":[{"embeddable":true,"href":"https:\/\/tiketi.com\/fr-fr\/wp-json\/wp\/v2\/users\/1"}],"replies":[{"embeddable":true,"href":"https:\/\/tiketi.com\/fr-fr\/wp-json\/wp\/v2\/comments?post=10549"}],"version-history":[{"count":0,"href":"https:\/\/tiketi.com\/fr-fr\/wp-json\/wp\/v2\/pages\/10549\/revisions"}],"up":[{"embeddable":true,"href":"https:\/\/tiketi.com\/fr-fr\/wp-json\/wp\/v2\/pages\/25621"}],"wp:featuredmedia":[{"embeddable":true,"href":"https:\/\/tiketi.com\/fr-fr\/wp-json\/wp\/v2\/media\/20428"}],"wp:attachment":[{"href":"https:\/\/tiketi.com\/fr-fr\/wp-json\/wp\/v2\/media?parent=10549"}],"curies":[{"name":"wp","href":"https:\/\/api.w.org\/{rel}","templated":true}]}}