{"id":10550,"date":"2022-01-19T12:53:31","date_gmt":"2022-01-19T11:53:31","guid":{"rendered":"https:\/\/new.tiketi.com\/kigali-air-taxi-booking-app-electric-flying-taxis\/"},"modified":"2022-02-16T13:10:18","modified_gmt":"2022-02-16T12:10:18","slug":"flying-kigali-air-taxi-booking","status":"publish","type":"page","link":"https:\/\/tiketi.com\/fr-fr\/flying-kigali-air-taxi-booking\/","title":{"rendered":"Air Taxi in Kigali Online Booking &#8211; Electric Flying Taxis"},"content":{"rendered":"<h2>Electric Kigali air taxi booking app<\/h2>\n<!-- \/wp:post-content --><!-- wp:paragraph -->\n\nElectric air taxi in Kigali online booking app service enable users to book electric flying taxi in Kigali. Autonomous air taxis in Kigali makes possible to travel cheap and fast in Rwanda. Established as the Rwanda capital got independence from Belgium in 1962, Kigali is placed roughly at the country\u2019s geographical center. It is a natural gateway for visitors and an amazing base for exploring Rwanda top attractions. If you have time, plan to spend few days in the city rather than just passing through. In the quarter-century since city was devastated by the Rwanda Genocide, it has been reborn as one of the safest and cleanest capitals in Africa. Skyscrapers and start-up firms offer a stunning contrast to the lush greenery of the neighboring hills while contemporary coffeehouses, art galleries, and restaurants add to its cosmopolitan charm. As with so many other things you will be able to make anytime and anywhere drone Kigali air taxi booking for your electric air taxi flight.\n\n<!-- \/wp:paragraph --><!-- wp:heading -->\n<h2>Here are some of the best advantages of electric flying\u00a0taxi in Kigali, Rwanda<\/h2>\n<h3>What are e-VTOL electric air taxis in Kigali aircraft?<\/h3>\n<!-- \/wp:heading --><!-- wp:paragraph -->\n\nE-VTOL standards for electric vertical landing and takeoff, and refers to a new series of lightweight aircraft. These freshly designed places will be electric and guessed to cruise at about 150 mph and reach 2,000 feet. The drone air taxis in Kigali planes will fly at a speed of sixty miles and operate on a charge.\n\n<!-- \/wp:paragraph --><!-- wp:paragraph -->\n\n<!-- \/wp:paragraph --><!-- wp:heading {\"level\":3} -->\n<h3>Why do we want electric air taxis in Kigali?<\/h3>\n<!-- \/wp:heading --><!-- wp:paragraph -->\n\nLes vols commerciaux avec les grandes compagnies a\u00e9riennes peuvent \u00eatre inefficaces. Ils doivent \u00eatre r\u00e9serv\u00e9s \u00e0 l&#039;avance et g\u00e9n\u00e9ralement sujets \u00e0 des retards. Les compagnies a\u00e9riennes sont \u00e9galement oblig\u00e9es de remplir ces vols, obligeant les visiteurs \u00e0 respecter leurs destinations et leurs horaires.\n<h3>How much will an electric flying\u00a0taxi\u00a0in Kigali cost?<\/h3>\n<!-- \/wp:paragraph --><!-- wp:paragraph -->\n\nInitially, drone air taxis in Kigali will cost approximately $5.73 per passenger mile. You can easily book air taxi through electric flying taxis in Kigali app. The cost will then plummet to $1.85 per passenger mile before finally hitting the customer amazing rate of $0.44 per mile.\n<h2>Advantages of electric Kigali air taxi booking app<\/h2>\n<!-- \/wp:paragraph --><!-- wp:paragraph -->\n\nAmong its other advantages, edrone taxi in Kigali online booking could provide a economic boom by rising the number of people heading for recreation and tourism places that are not near big airports.\n\n<!-- \/wp:paragraph --><!-- wp:heading {\"level\":3} -->\n<h3>Would drone air taxi in Kigali online booking app be used to book a electric air taxi flight?<\/h3>\n<!-- \/wp:heading --><!-- wp:paragraph -->\n\nYes, customers can seamlessly use online electric Kigali air taxi booking app to find the best route and book a drone flying taxi in Kigali flight anytime and anywhere.","protected":false},"excerpt":{"rendered":"<p>Electric Kigali air taxi booking app Electric air taxi in Kigali online booking app service enable users to book electric flying taxi in Kigali. Autonomous air taxis in Kigali makes possible to travel cheap and fast in Rwanda. Established as the Rwanda capital got independence from Belgium in 1962, Kigali is placed roughly at the [&hellip;]<\/p>\n","protected":false},"author":1,"featured_media":20243,"parent":0,"menu_order":0,"comment_status":"open","ping_status":"closed","template":"template-home-modern.php","meta":{"footnotes":""},"class_list":["post-10550","page","type-page","status-publish","has-post-thumbnail","hentry"],"yoast_head":"<!-- This site is optimized with the Yoast SEO plugin v27.3 - https:\/\/yoast.com\/product\/yoast-seo-wordpress\/ -->\n<title>Air Taxi in Kigali Online Booking App - Electric Flying Taxis<\/title>\n<meta name=\"description\" content=\"Looking for drone air taxi in Kigali online booking app, route, schedule &amp; fare? Compare air taxis and book your cheap flying taxi in Kigali\" \/>\n<meta name=\"robots\" content=\"index, follow, max-snippet:-1, max-image-preview:large, max-video-preview:-1\" \/>\n<link rel=\"canonical\" href=\"https:\/\/tiketi.com\/fr-fr\/flying-kigali-air-taxi-booking\/\" \/>\n<meta property=\"og:locale\" content=\"fr_FR\" \/>\n<meta property=\"og:type\" content=\"article\" \/>\n<meta property=\"og:title\" content=\"Air Taxi in Kigali Online Booking App - Electric Flying Taxis\" \/>\n<meta property=\"og:description\" content=\"Looking for drone air taxi in Kigali online booking app, route, schedule &amp; fare? Compare air taxis and book your cheap flying taxi in Kigali\" \/>\n<meta property=\"og:url\" content=\"https:\/\/tiketi.com\/fr-fr\/flying-kigali-air-taxi-booking\/\" \/>\n<meta property=\"og:site_name\" content=\"Tiketi.com\" \/>\n<meta property=\"article:publisher\" content=\"https:\/\/www.facebook.com\/TiketiCom\/\" \/>\n<meta property=\"article:modified_time\" content=\"2022-02-16T12:10:18+00:00\" \/>\n<meta property=\"og:image\" content=\"https:\/\/tiketi.com\/wp-content\/uploads\/2019\/05\/kigali-5327838_1280.jpg\" \/>\n\t<meta property=\"og:image:width\" content=\"1200\" \/>\n\t<meta property=\"og:image:height\" content=\"200\" \/>\n\t<meta property=\"og:image:type\" content=\"image\/jpeg\" \/>\n<meta name=\"twitter:card\" content=\"summary_large_image\" \/>\n<meta name=\"twitter:label1\" content=\"Dur\u00e9e de lecture estim\u00e9e\" \/>\n\t<meta name=\"twitter:data1\" content=\"2 minutes\" \/>\n<script type=\"application\/ld+json\" class=\"yoast-schema-graph\">{\"@context\":\"https:\\\/\\\/schema.org\",\"@graph\":[{\"@type\":\"WebPage\",\"@id\":\"https:\\\/\\\/tiketi.com\\\/flying-kigali-air-taxi-booking\\\/\",\"url\":\"https:\\\/\\\/tiketi.com\\\/flying-kigali-air-taxi-booking\\\/\",\"name\":\"Air Taxi in Kigali Online Booking App - Electric Flying Taxis\",\"isPartOf\":{\"@id\":\"https:\\\/\\\/tiketi.com\\\/#website\"},\"primaryImageOfPage\":{\"@id\":\"https:\\\/\\\/tiketi.com\\\/flying-kigali-air-taxi-booking\\\/#primaryimage\"},\"image\":{\"@id\":\"https:\\\/\\\/tiketi.com\\\/flying-kigali-air-taxi-booking\\\/#primaryimage\"},\"thumbnailUrl\":\"https:\\\/\\\/tiketi.com\\\/wp-content\\\/uploads\\\/2019\\\/05\\\/kigali-5327838_1280.jpg\",\"datePublished\":\"2022-01-19T11:53:31+00:00\",\"dateModified\":\"2022-02-16T12:10:18+00:00\",\"description\":\"Looking for drone air taxi in Kigali online booking app, route, schedule & fare? Compare air taxis and book your cheap flying taxi in Kigali\",\"breadcrumb\":{\"@id\":\"https:\\\/\\\/tiketi.com\\\/flying-kigali-air-taxi-booking\\\/#breadcrumb\"},\"inLanguage\":\"fr-FR\",\"potentialAction\":[{\"@type\":\"ReadAction\",\"target\":[\"https:\\\/\\\/tiketi.com\\\/flying-kigali-air-taxi-booking\\\/\"]}]},{\"@type\":\"ImageObject\",\"inLanguage\":\"fr-FR\",\"@id\":\"https:\\\/\\\/tiketi.com\\\/flying-kigali-air-taxi-booking\\\/#primaryimage\",\"url\":\"https:\\\/\\\/tiketi.com\\\/wp-content\\\/uploads\\\/2019\\\/05\\\/kigali-5327838_1280.jpg\",\"contentUrl\":\"https:\\\/\\\/tiketi.com\\\/wp-content\\\/uploads\\\/2019\\\/05\\\/kigali-5327838_1280.jpg\",\"width\":1200,\"height\":200,\"caption\":\"Air Taxi in Kigali\"},{\"@type\":\"BreadcrumbList\",\"@id\":\"https:\\\/\\\/tiketi.com\\\/flying-kigali-air-taxi-booking\\\/#breadcrumb\",\"itemListElement\":[{\"@type\":\"ListItem\",\"position\":1,\"name\":\"Home\",\"item\":\"https:\\\/\\\/tiketi.com\\\/\"},{\"@type\":\"ListItem\",\"position\":2,\"name\":\"Air Taxi in Kigali Online Booking &#8211; Electric Flying Taxis\"}]},{\"@type\":\"WebSite\",\"@id\":\"https:\\\/\\\/tiketi.com\\\/#website\",\"url\":\"https:\\\/\\\/tiketi.com\\\/\",\"name\":\"Flight & Bus Tickets, Tour Packages & Activitites - Tiketi.com\",\"description\":\"Flight &amp; Bus Tickets, Tours, Activitites\",\"publisher\":{\"@id\":\"https:\\\/\\\/tiketi.com\\\/#organization\"},\"potentialAction\":[{\"@type\":\"SearchAction\",\"target\":{\"@type\":\"EntryPoint\",\"urlTemplate\":\"https:\\\/\\\/tiketi.com\\\/?s={search_term_string}\"},\"query-input\":{\"@type\":\"PropertyValueSpecification\",\"valueRequired\":true,\"valueName\":\"search_term_string\"}}],\"inLanguage\":\"fr-FR\"},{\"@type\":\"Organization\",\"@id\":\"https:\\\/\\\/tiketi.com\\\/#organization\",\"name\":\"Tiketi.com\",\"alternateName\":\"Tiketi\",\"url\":\"https:\\\/\\\/tiketi.com\\\/\",\"logo\":{\"@type\":\"ImageObject\",\"inLanguage\":\"fr-FR\",\"@id\":\"https:\\\/\\\/tiketi.com\\\/#\\\/schema\\\/logo\\\/image\\\/\",\"url\":\"https:\\\/\\\/tiketi.com\\\/wp-content\\\/uploads\\\/2019\\\/05\\\/tiketi-logo-696.png\",\"contentUrl\":\"https:\\\/\\\/tiketi.com\\\/wp-content\\\/uploads\\\/2019\\\/05\\\/tiketi-logo-696.png\",\"width\":696,\"height\":696,\"caption\":\"Tiketi.com\"},\"image\":{\"@id\":\"https:\\\/\\\/tiketi.com\\\/#\\\/schema\\\/logo\\\/image\\\/\"},\"sameAs\":[\"https:\\\/\\\/www.facebook.com\\\/TiketiCom\\\/\"]}]}<\/script>\n<!-- \/ Yoast SEO plugin. -->","yoast_head_json":{"title":"Application de r\u00e9servation en ligne de taxi a\u00e9rien \u00e0 Kigali - Taxis volants \u00e9lectriques","description":"Looking for drone air taxi in Kigali online booking app, route, schedule & fare? Compare air taxis and book your cheap flying taxi in Kigali","robots":{"index":"index","follow":"follow","max-snippet":"max-snippet:-1","max-image-preview":"max-image-preview:large","max-video-preview":"max-video-preview:-1"},"canonical":"https:\/\/tiketi.com\/fr-fr\/flying-kigali-air-taxi-booking\/","og_locale":"fr_FR","og_type":"article","og_title":"Air Taxi in Kigali Online Booking App - Electric Flying Taxis","og_description":"Looking for drone air taxi in Kigali online booking app, route, schedule & fare? Compare air taxis and book your cheap flying taxi in Kigali","og_url":"https:\/\/tiketi.com\/fr-fr\/flying-kigali-air-taxi-booking\/","og_site_name":"Tiketi.com","article_publisher":"https:\/\/www.facebook.com\/TiketiCom\/","article_modified_time":"2022-02-16T12:10:18+00:00","og_image":[{"width":1200,"height":200,"url":"https:\/\/tiketi.com\/wp-content\/uploads\/2019\/05\/kigali-5327838_1280.jpg","type":"image\/jpeg"}],"twitter_card":"summary_large_image","twitter_misc":{"Dur\u00e9e de lecture estim\u00e9e":"2 minutes"},"schema":{"@context":"https:\/\/schema.org","@graph":[{"@type":"WebPage","@id":"https:\/\/tiketi.com\/flying-kigali-air-taxi-booking\/","url":"https:\/\/tiketi.com\/flying-kigali-air-taxi-booking\/","name":"Application de r\u00e9servation en ligne de taxi a\u00e9rien \u00e0 Kigali - Taxis volants \u00e9lectriques","isPartOf":{"@id":"https:\/\/tiketi.com\/#website"},"primaryImageOfPage":{"@id":"https:\/\/tiketi.com\/flying-kigali-air-taxi-booking\/#primaryimage"},"image":{"@id":"https:\/\/tiketi.com\/flying-kigali-air-taxi-booking\/#primaryimage"},"thumbnailUrl":"https:\/\/tiketi.com\/wp-content\/uploads\/2019\/05\/kigali-5327838_1280.jpg","datePublished":"2022-01-19T11:53:31+00:00","dateModified":"2022-02-16T12:10:18+00:00","description":"Looking for drone air taxi in Kigali online booking app, route, schedule & fare? Compare air taxis and book your cheap flying taxi in Kigali","breadcrumb":{"@id":"https:\/\/tiketi.com\/flying-kigali-air-taxi-booking\/#breadcrumb"},"inLanguage":"fr-FR","potentialAction":[{"@type":"ReadAction","target":["https:\/\/tiketi.com\/flying-kigali-air-taxi-booking\/"]}]},{"@type":"ImageObject","inLanguage":"fr-FR","@id":"https:\/\/tiketi.com\/flying-kigali-air-taxi-booking\/#primaryimage","url":"https:\/\/tiketi.com\/wp-content\/uploads\/2019\/05\/kigali-5327838_1280.jpg","contentUrl":"https:\/\/tiketi.com\/wp-content\/uploads\/2019\/05\/kigali-5327838_1280.jpg","width":1200,"height":200,"caption":"Air Taxi in Kigali"},{"@type":"BreadcrumbList","@id":"https:\/\/tiketi.com\/flying-kigali-air-taxi-booking\/#breadcrumb","itemListElement":[{"@type":"ListItem","position":1,"name":"Home","item":"https:\/\/tiketi.com\/"},{"@type":"ListItem","position":2,"name":"Air Taxi in Kigali Online Booking &#8211; Electric Flying Taxis"}]},{"@type":"WebSite","@id":"https:\/\/tiketi.com\/#website","url":"https:\/\/tiketi.com\/","name":"Billets d&#039;avion et de bus, forfaits touristiques et activit\u00e9s - Tiketi.com","description":"Billets d&#039;avion et de bus, Tours, Activit\u00e9s","publisher":{"@id":"https:\/\/tiketi.com\/#organization"},"potentialAction":[{"@type":"SearchAction","target":{"@type":"EntryPoint","urlTemplate":"https:\/\/tiketi.com\/?s={search_term_string}"},"query-input":{"@type":"PropertyValueSpecification","valueRequired":true,"valueName":"search_term_string"}}],"inLanguage":"fr-FR"},{"@type":"Organization","@id":"https:\/\/tiketi.com\/#organization","name":"Tiketi.com","alternateName":"Tiketi","url":"https:\/\/tiketi.com\/","logo":{"@type":"ImageObject","inLanguage":"fr-FR","@id":"https:\/\/tiketi.com\/#\/schema\/logo\/image\/","url":"https:\/\/tiketi.com\/wp-content\/uploads\/2019\/05\/tiketi-logo-696.png","contentUrl":"https:\/\/tiketi.com\/wp-content\/uploads\/2019\/05\/tiketi-logo-696.png","width":696,"height":696,"caption":"Tiketi.com"},"image":{"@id":"https:\/\/tiketi.com\/#\/schema\/logo\/image\/"},"sameAs":["https:\/\/www.facebook.com\/TiketiCom\/"]}]}},"_links":{"self":[{"href":"https:\/\/tiketi.com\/fr-fr\/wp-json\/wp\/v2\/pages\/10550","targetHints":{"allow":["GET"]}}],"collection":[{"href":"https:\/\/tiketi.com\/fr-fr\/wp-json\/wp\/v2\/pages"}],"about":[{"href":"https:\/\/tiketi.com\/fr-fr\/wp-json\/wp\/v2\/types\/page"}],"author":[{"embeddable":true,"href":"https:\/\/tiketi.com\/fr-fr\/wp-json\/wp\/v2\/users\/1"}],"replies":[{"embeddable":true,"href":"https:\/\/tiketi.com\/fr-fr\/wp-json\/wp\/v2\/comments?post=10550"}],"version-history":[{"count":0,"href":"https:\/\/tiketi.com\/fr-fr\/wp-json\/wp\/v2\/pages\/10550\/revisions"}],"wp:featuredmedia":[{"embeddable":true,"href":"https:\/\/tiketi.com\/fr-fr\/wp-json\/wp\/v2\/media\/20243"}],"wp:attachment":[{"href":"https:\/\/tiketi.com\/fr-fr\/wp-json\/wp\/v2\/media?parent=10550"}],"curies":[{"name":"wp","href":"https:\/\/api.w.org\/{rel}","templated":true}]}}