{"id":10555,"date":"2022-01-19T12:53:31","date_gmt":"2022-01-19T11:53:31","guid":{"rendered":"https:\/\/new.tiketi.com\/brasilia-air-taxi-booking-app-electric-flying-taxis\/"},"modified":"2022-02-02T13:42:07","modified_gmt":"2022-02-02T12:42:07","slug":"flying-braslia-air-taxi-booking","status":"publish","type":"page","link":"https:\/\/tiketi.com\/fr-fr\/flying-braslia-air-taxi-booking\/","title":{"rendered":"Taxi a\u00e9rien \u00e0 Brasilia R\u00e9servation en ligne \u2013 Taxis volants \u00e9lectriques"},"content":{"rendered":"<h2>Application de r\u00e9servation de taxi a\u00e9rien \u00e9lectrique \u00e0 Brasilia<\/h2>\nLe service de r\u00e9servation en ligne de taxi a\u00e9rien \u00e9lectrique \u00e0 Brasilia permet aux utilisateurs de r\u00e9server un taxi volant avec drone \u00e0 Brasilia \u00e0 tout moment - nous rendons la r\u00e9servation de taxi a\u00e9rien \u00e0 Brasilia simple, abordable et accessible \u00e0 tous. Les taxis a\u00e9riens \u00e0 Brasilia permettent de voyager pas cher et rapidement dans le District F\u00e9d\u00e9ral. La ville peut \u00eatre simplement appel\u00e9e l&#039;exemple de la nouvelle architecture. Brasilia a \u00e9t\u00e9 construite il y a moins de quarante ans. L&#039;architecte populaire Lucio Costa a beaucoup contribu\u00e9 au nouveau look de cet endroit. Si vous regardez Brasilia d&#039;en haut, vous verrez que la forme de la ville rappelle celle d&#039;un avion. Certaines personnes disent que cela ressemble \u00e0 un arc avec une forte plume. Les parties de cette ville sont divis\u00e9es en plusieurs zones. Les ailes des avions sont des quartiers d&#039;habitation, o\u00f9 vous trouverez des restaurants, des centres commerciaux et l&#039;\u00e9glise cl\u00e9 de la ville. Comme pour tant d&#039;autres choses, vous pourrez r\u00e9server en ligne \u00e0 tout moment et n&#039;importe o\u00f9 un taxi drone \u00e0 Brasilia pour votre vol en taxi a\u00e9rien \u00e9lectrique.\n\n<!-- \/wp:post-content --><!-- wp:heading -->\n<h2>Voici quelques-uns des meilleurs avantages du taxi volant \u00e9lectrique \u00e0 Brasilia<\/h2>\n<h3>Les taxis a\u00e9riens \u00e9lectriques \u00e0 Brasilia et les h\u00e9licopt\u00e8res sont-ils les m\u00eames ?<\/h3>\n<!-- \/wp:heading --><!-- wp:paragraph -->\n\nBien que les taxis volants \u00e9lectriques \u00e0 Brasilia et les h\u00e9licopt\u00e8res soient assez diff\u00e9rents en ce qui concerne la vitesse de d\u00e9placement et la port\u00e9e de vol, ils sont extr\u00eamement similaires en termes de d\u00e9collage et d&#039;atterrissage verticaux, d&#039;horaires, d&#039;op\u00e9rations et de besoins en infrastructure, comme la pr\u00e9sence d&#039;h\u00e9liports pour les proc\u00e9dures VTOL. .\n<h3>Quelle est la vitesse des taxis volants \u00e9lectriques \u00e0 Brasilia ?<\/h3>\n<!-- \/wp:paragraph --><!-- wp:paragraph -->\n\nLes taxis a\u00e9riens drones de Brasilia auront 5 si\u00e8ges et une vitesse de croisi\u00e8re de 290 km\/h, et pourront voler \u00e0 une altitude de 1 000 \u00e0 2 000. Il est petit, ses rotors \u00e9lectriques le rendent moins bruyant qu&#039;un h\u00e9licopt\u00e8re \u00e0 moteur thermique, ce qui lui permettra de survoler sans probl\u00e8me des villes peu tol\u00e9rantes aux nuisances sonores.\n\n<!-- \/wp:paragraph --><!-- wp:heading {\"level\":3} -->\n<h3>Les taxis volants \u00e9lectriques \u00e0 Brasilia sont-ils s\u00fbrs ?<\/h3>\n<!-- \/wp:heading --><!-- wp:paragraph -->\n\nAlors, est-il plus s\u00fbr de piloter un avion certifi\u00e9 air-taxi ? La petite r\u00e9ponse est oui. Des mesures de s\u00e9curit\u00e9 suppl\u00e9mentaires sont appliqu\u00e9es par les taxis volants \u00e0 Brasilia, les op\u00e9rateurs r\u00e9glement\u00e9s en vertu de la partie 135 offrent aux clients un moyen plus fiable de louer un avion priv\u00e9.\n<h3>Combien co\u00fbte un taxi volant \u00e9lectrique \u00e0 Brasilia ?<\/h3>\n<!-- \/wp:paragraph --><!-- wp:paragraph -->\n\nAu d\u00e9part, les drones taxis a\u00e9riens \u00e0 Brasilia co\u00fbteront environ $5,73 par passager-mile. Vous pouvez facilement r\u00e9server un taxi a\u00e9rien via des taxis volants \u00e9lectriques dans l&#039;application Brasilia. Le co\u00fbt chutera ensuite \u00e0 $1,85 par mile passager avant d&#039;atteindre finalement le taux incroyable du client de $0,44 par mile.\n<h2>Avantages de l&#039;application de r\u00e9servation de taxi a\u00e9rien \u00e9lectrique Brasilia<\/h2>\n<!-- \/wp:paragraph --><!-- wp:paragraph -->\n\nParmi ses autres avantages, la r\u00e9servation en ligne de taxi drone \u00e0 Brasilia pourrait fournir un boom \u00e9conomique en augmentant le nombre de personnes se dirigeant vers des lieux de loisirs et de tourisme qui ne sont pas \u00e0 proximit\u00e9 des grands a\u00e9roports.\n\n<!-- \/wp:paragraph --><!-- wp:heading {\"level\":3} -->\n<h3>L&#039;application de r\u00e9servation en ligne de drone a\u00e9rien \u00e0 Brasilia serait-elle utilis\u00e9e pour r\u00e9server un vol en taxi a\u00e9rien \u00e9lectrique\u00a0?<\/h3>\n<!-- \/wp:heading --><!-- wp:paragraph -->\n\nOui, les clients peuvent utiliser de mani\u00e8re transparente l&#039;application de r\u00e9servation en ligne de taxi a\u00e9rien drone Brasilia pour trouver le meilleur itin\u00e9raire et r\u00e9server un taxi volant drone \u00e0 Brasilia \u00e0 tout moment et n&#039;importe o\u00f9.","protected":false},"excerpt":{"rendered":"<p>Electric Brasilia Air Taxi Booking App Electric air taxi in Brasilia online booking app service enable users to book drone flying taxi in Brasilia anytime &#8211; we are making Brasilia air taxi booking simple, affordable and accessible for everyone. Air taxis in Brasilia makes possible to travel cheap and fast in Federal District. The city [&hellip;]<\/p>\n","protected":false},"author":1,"featured_media":14648,"parent":0,"menu_order":0,"comment_status":"open","ping_status":"closed","template":"template-home-modern.php","meta":{"footnotes":""},"class_list":["post-10555","page","type-page","status-publish","has-post-thumbnail","hentry"],"yoast_head":"<!-- This site is optimized with the Yoast SEO plugin v27.2 - https:\/\/yoast.com\/product\/yoast-seo-wordpress\/ -->\n<title>Air Taxi in Brasilia Online Booking - Electric Flying Taxis<\/title>\n<meta name=\"description\" content=\"Looking for drone air taxi in Brasilia online booking app, route, schedule and fare? Compare Brasilia air taxis and book your cheap flying taxi in Brasilia\" \/>\n<meta name=\"robots\" content=\"index, follow, max-snippet:-1, max-image-preview:large, max-video-preview:-1\" \/>\n<link rel=\"canonical\" href=\"https:\/\/tiketi.com\/fr-fr\/flying-braslia-air-taxi-booking\/\" \/>\n<meta property=\"og:locale\" content=\"fr_FR\" \/>\n<meta property=\"og:type\" content=\"article\" \/>\n<meta property=\"og:title\" content=\"Air Taxi in Brasilia Online Booking - Electric Flying Taxis\" \/>\n<meta property=\"og:description\" content=\"Looking for drone air taxi in Brasilia online booking app, route, schedule and fare? Compare Brasilia air taxis and book your cheap flying taxi in Brasilia\" \/>\n<meta property=\"og:url\" content=\"https:\/\/tiketi.com\/fr-fr\/flying-braslia-air-taxi-booking\/\" \/>\n<meta property=\"og:site_name\" content=\"Tiketi.com\" \/>\n<meta property=\"article:publisher\" content=\"https:\/\/www.facebook.com\/TiketiCom\/\" \/>\n<meta property=\"article:modified_time\" content=\"2022-02-02T12:42:07+00:00\" \/>\n<meta property=\"og:image\" content=\"https:\/\/tiketi.com\/wp-content\/uploads\/2022\/01\/brasilia-2111416_1280.jpg\" \/>\n\t<meta property=\"og:image:width\" content=\"1200\" \/>\n\t<meta property=\"og:image:height\" content=\"204\" \/>\n\t<meta property=\"og:image:type\" content=\"image\/jpeg\" \/>\n<meta name=\"twitter:card\" content=\"summary_large_image\" \/>\n<meta name=\"twitter:label1\" content=\"Dur\u00e9e de lecture estim\u00e9e\" \/>\n\t<meta name=\"twitter:data1\" content=\"3 minutes\" \/>\n<script type=\"application\/ld+json\" class=\"yoast-schema-graph\">{\"@context\":\"https:\/\/schema.org\",\"@graph\":[{\"@type\":\"WebPage\",\"@id\":\"https:\/\/tiketi.com\/flying-braslia-air-taxi-booking\/\",\"url\":\"https:\/\/tiketi.com\/flying-braslia-air-taxi-booking\/\",\"name\":\"Air Taxi in Brasilia Online Booking - Electric Flying Taxis\",\"isPartOf\":{\"@id\":\"https:\/\/tiketi.com\/#website\"},\"primaryImageOfPage\":{\"@id\":\"https:\/\/tiketi.com\/flying-braslia-air-taxi-booking\/#primaryimage\"},\"image\":{\"@id\":\"https:\/\/tiketi.com\/flying-braslia-air-taxi-booking\/#primaryimage\"},\"thumbnailUrl\":\"https:\/\/tiketi.com\/wp-content\/uploads\/2022\/01\/brasilia-2111416_1280.jpg\",\"datePublished\":\"2022-01-19T11:53:31+00:00\",\"dateModified\":\"2022-02-02T12:42:07+00:00\",\"description\":\"Looking for drone air taxi in Brasilia online booking app, route, schedule and fare? Compare Brasilia air taxis and book your cheap flying taxi in Brasilia\",\"breadcrumb\":{\"@id\":\"https:\/\/tiketi.com\/flying-braslia-air-taxi-booking\/#breadcrumb\"},\"inLanguage\":\"fr-FR\",\"potentialAction\":[{\"@type\":\"ReadAction\",\"target\":[\"https:\/\/tiketi.com\/flying-braslia-air-taxi-booking\/\"]}]},{\"@type\":\"ImageObject\",\"inLanguage\":\"fr-FR\",\"@id\":\"https:\/\/tiketi.com\/flying-braslia-air-taxi-booking\/#primaryimage\",\"url\":\"https:\/\/tiketi.com\/wp-content\/uploads\/2022\/01\/brasilia-2111416_1280.jpg\",\"contentUrl\":\"https:\/\/tiketi.com\/wp-content\/uploads\/2022\/01\/brasilia-2111416_1280.jpg\",\"width\":1200,\"height\":204,\"caption\":\"Brasilia Air Taxi\"},{\"@type\":\"BreadcrumbList\",\"@id\":\"https:\/\/tiketi.com\/flying-braslia-air-taxi-booking\/#breadcrumb\",\"itemListElement\":[{\"@type\":\"ListItem\",\"position\":1,\"name\":\"Home\",\"item\":\"https:\/\/tiketi.com\/\"},{\"@type\":\"ListItem\",\"position\":2,\"name\":\"Air Taxi in Brasilia Online Booking &#8211; Electric Flying Taxis\"}]},{\"@type\":\"WebSite\",\"@id\":\"https:\/\/tiketi.com\/#website\",\"url\":\"https:\/\/tiketi.com\/\",\"name\":\"Flight & Bus Tickets, Tour Packages & Activitites - Tiketi.com\",\"description\":\"Flight &amp; Bus Tickets, Tours, Activitites\",\"publisher\":{\"@id\":\"https:\/\/tiketi.com\/#organization\"},\"potentialAction\":[{\"@type\":\"SearchAction\",\"target\":{\"@type\":\"EntryPoint\",\"urlTemplate\":\"https:\/\/tiketi.com\/?s={search_term_string}\"},\"query-input\":{\"@type\":\"PropertyValueSpecification\",\"valueRequired\":true,\"valueName\":\"search_term_string\"}}],\"inLanguage\":\"fr-FR\"},{\"@type\":\"Organization\",\"@id\":\"https:\/\/tiketi.com\/#organization\",\"name\":\"Tiketi.com\",\"alternateName\":\"Tiketi\",\"url\":\"https:\/\/tiketi.com\/\",\"logo\":{\"@type\":\"ImageObject\",\"inLanguage\":\"fr-FR\",\"@id\":\"https:\/\/tiketi.com\/#\/schema\/logo\/image\/\",\"url\":\"https:\/\/tiketi.com\/wp-content\/uploads\/2019\/05\/tiketi-logo-696.png\",\"contentUrl\":\"https:\/\/tiketi.com\/wp-content\/uploads\/2019\/05\/tiketi-logo-696.png\",\"width\":696,\"height\":696,\"caption\":\"Tiketi.com\"},\"image\":{\"@id\":\"https:\/\/tiketi.com\/#\/schema\/logo\/image\/\"},\"sameAs\":[\"https:\/\/www.facebook.com\/TiketiCom\/\"]}]}<\/script>\n<!-- \/ Yoast SEO plugin. -->","yoast_head_json":{"title":"Taxi a\u00e9rien \u00e0 Brasilia R\u00e9servation en ligne - Taxis volants \u00e9lectriques","description":"Vous recherchez une application de r\u00e9servation en ligne de taxi a\u00e9rien drone \u00e0 Brasilia, un itin\u00e9raire, un horaire et un tarif? Comparez les taxis a\u00e9riens de Brasilia et r\u00e9servez votre taxi volant pas cher \u00e0 Brasilia","robots":{"index":"index","follow":"follow","max-snippet":"max-snippet:-1","max-image-preview":"max-image-preview:large","max-video-preview":"max-video-preview:-1"},"canonical":"https:\/\/tiketi.com\/fr-fr\/flying-braslia-air-taxi-booking\/","og_locale":"fr_FR","og_type":"article","og_title":"Air Taxi in Brasilia Online Booking - Electric Flying Taxis","og_description":"Looking for drone air taxi in Brasilia online booking app, route, schedule and fare? Compare Brasilia air taxis and book your cheap flying taxi in Brasilia","og_url":"https:\/\/tiketi.com\/fr-fr\/flying-braslia-air-taxi-booking\/","og_site_name":"Tiketi.com","article_publisher":"https:\/\/www.facebook.com\/TiketiCom\/","article_modified_time":"2022-02-02T12:42:07+00:00","og_image":[{"width":1200,"height":204,"url":"https:\/\/tiketi.com\/wp-content\/uploads\/2022\/01\/brasilia-2111416_1280.jpg","type":"image\/jpeg"}],"twitter_card":"summary_large_image","twitter_misc":{"Dur\u00e9e de lecture estim\u00e9e":"3 minutes"},"schema":{"@context":"https:\/\/schema.org","@graph":[{"@type":"WebPage","@id":"https:\/\/tiketi.com\/flying-braslia-air-taxi-booking\/","url":"https:\/\/tiketi.com\/flying-braslia-air-taxi-booking\/","name":"Taxi a\u00e9rien \u00e0 Brasilia R\u00e9servation en ligne - Taxis volants \u00e9lectriques","isPartOf":{"@id":"https:\/\/tiketi.com\/#website"},"primaryImageOfPage":{"@id":"https:\/\/tiketi.com\/flying-braslia-air-taxi-booking\/#primaryimage"},"image":{"@id":"https:\/\/tiketi.com\/flying-braslia-air-taxi-booking\/#primaryimage"},"thumbnailUrl":"https:\/\/tiketi.com\/wp-content\/uploads\/2022\/01\/brasilia-2111416_1280.jpg","datePublished":"2022-01-19T11:53:31+00:00","dateModified":"2022-02-02T12:42:07+00:00","description":"Vous recherchez une application de r\u00e9servation en ligne de taxi a\u00e9rien drone \u00e0 Brasilia, un itin\u00e9raire, un horaire et un tarif? Comparez les taxis a\u00e9riens de Brasilia et r\u00e9servez votre taxi volant pas cher \u00e0 Brasilia","breadcrumb":{"@id":"https:\/\/tiketi.com\/flying-braslia-air-taxi-booking\/#breadcrumb"},"inLanguage":"fr-FR","potentialAction":[{"@type":"ReadAction","target":["https:\/\/tiketi.com\/flying-braslia-air-taxi-booking\/"]}]},{"@type":"ImageObject","inLanguage":"fr-FR","@id":"https:\/\/tiketi.com\/flying-braslia-air-taxi-booking\/#primaryimage","url":"https:\/\/tiketi.com\/wp-content\/uploads\/2022\/01\/brasilia-2111416_1280.jpg","contentUrl":"https:\/\/tiketi.com\/wp-content\/uploads\/2022\/01\/brasilia-2111416_1280.jpg","width":1200,"height":204,"caption":"Brasilia Air Taxi"},{"@type":"BreadcrumbList","@id":"https:\/\/tiketi.com\/flying-braslia-air-taxi-booking\/#breadcrumb","itemListElement":[{"@type":"ListItem","position":1,"name":"Home","item":"https:\/\/tiketi.com\/"},{"@type":"ListItem","position":2,"name":"Air Taxi in Brasilia Online Booking &#8211; Electric Flying Taxis"}]},{"@type":"WebSite","@id":"https:\/\/tiketi.com\/#website","url":"https:\/\/tiketi.com\/","name":"Billets d&#039;avion et de bus, forfaits touristiques et activit\u00e9s - Tiketi.com","description":"Billets d&#039;avion et de bus, Tours, Activit\u00e9s","publisher":{"@id":"https:\/\/tiketi.com\/#organization"},"potentialAction":[{"@type":"SearchAction","target":{"@type":"EntryPoint","urlTemplate":"https:\/\/tiketi.com\/?s={search_term_string}"},"query-input":{"@type":"PropertyValueSpecification","valueRequired":true,"valueName":"search_term_string"}}],"inLanguage":"fr-FR"},{"@type":"Organization","@id":"https:\/\/tiketi.com\/#organization","name":"Tiketi.com","alternateName":"Tiketi","url":"https:\/\/tiketi.com\/","logo":{"@type":"ImageObject","inLanguage":"fr-FR","@id":"https:\/\/tiketi.com\/#\/schema\/logo\/image\/","url":"https:\/\/tiketi.com\/wp-content\/uploads\/2019\/05\/tiketi-logo-696.png","contentUrl":"https:\/\/tiketi.com\/wp-content\/uploads\/2019\/05\/tiketi-logo-696.png","width":696,"height":696,"caption":"Tiketi.com"},"image":{"@id":"https:\/\/tiketi.com\/#\/schema\/logo\/image\/"},"sameAs":["https:\/\/www.facebook.com\/TiketiCom\/"]}]}},"_links":{"self":[{"href":"https:\/\/tiketi.com\/fr-fr\/wp-json\/wp\/v2\/pages\/10555","targetHints":{"allow":["GET"]}}],"collection":[{"href":"https:\/\/tiketi.com\/fr-fr\/wp-json\/wp\/v2\/pages"}],"about":[{"href":"https:\/\/tiketi.com\/fr-fr\/wp-json\/wp\/v2\/types\/page"}],"author":[{"embeddable":true,"href":"https:\/\/tiketi.com\/fr-fr\/wp-json\/wp\/v2\/users\/1"}],"replies":[{"embeddable":true,"href":"https:\/\/tiketi.com\/fr-fr\/wp-json\/wp\/v2\/comments?post=10555"}],"version-history":[{"count":0,"href":"https:\/\/tiketi.com\/fr-fr\/wp-json\/wp\/v2\/pages\/10555\/revisions"}],"wp:featuredmedia":[{"embeddable":true,"href":"https:\/\/tiketi.com\/fr-fr\/wp-json\/wp\/v2\/media\/14648"}],"wp:attachment":[{"href":"https:\/\/tiketi.com\/fr-fr\/wp-json\/wp\/v2\/media?parent=10555"}],"curies":[{"name":"wp","href":"https:\/\/api.w.org\/{rel}","templated":true}]}}