{"id":10558,"date":"2022-01-19T12:53:31","date_gmt":"2022-01-19T11:53:31","guid":{"rendered":"https:\/\/new.tiketi.com\/hyderabad-air-taxi-booking-app-electric-flying-taxis\/"},"modified":"2025-06-27T10:57:01","modified_gmt":"2025-06-27T09:57:01","slug":"hyderabad","status":"publish","type":"page","link":"https:\/\/tiketi.com\/fr-fr\/volants\/taxi-aerien\/hyderabad\/","title":{"rendered":"Air Taxi in Hyderabad Booking \u2013 Flying Taxis Routes, Schedule, Fares"},"content":{"rendered":"<h2>Electric Hyderabad Air Taxi Booking App<\/h2>\r\n<!-- \/wp:post-content -->\r\n\r\n<!-- wp:paragraph -->\r\n<p>Electric air taxi in Hyderabad online booking app service enable users to book electric flying taxi in Hyderabad, launching in major cities and metropolitan areas in Telangana. Autonomous air taxis in Hyderabad makes possible to travel cheap and fast in Telangana. Hyderabad is the biggest and capital city of the Indian state of Telangana and de Jure capital of Andhra Pradesh. Occupying 625 km along the Musi River banks, placed on the Deccan Plateau in the northern part of South Indian. At an average altitude of 540 m, much of Hyderabad is placed on hilly terrain around artificial lakes, adding Hussain Sagar Lake \u2013 north of the city centre. Hyderabad city has a population of about, with about in Hyderabad Metropolitan area, making it the 4th most populous city and 6th populous urban agglomeration in India. As with so many other things you will be able to make anytime and anywhere drone Hyderabad air taxi booking\u00a0for your electric air taxi flight.<\/p>\r\n<!-- \/wp:paragraph -->\r\n\r\n<!-- wp:heading -->\r\n<h2>Here are some of the best advantages of electric flying\u00a0taxi in Hyderabad<\/h2>\r\n<h3>What are e-VTOL electric air taxis in Hyderabad aircraft?<\/h3>\r\n<!-- \/wp:heading -->\r\n\r\n<!-- wp:paragraph -->\r\n<p>E-VTOL standards for electric vertical landing and takeoff, and refers to a new series of lightweight aircraft. These freshly designed places will be electric and guessed to cruise at about 150 mph and reach 2,000 feet. The drone flying taxis in Hyderabad planes will fly at a speed of sixty miles and operate on a charge.<\/p>\r\n<!-- \/wp:paragraph -->\r\n\r\n<!-- wp:paragraph \/-->\r\n\r\n<!-- wp:heading {\"level\":3} -->\r\n<h3>Why do we want electric flying taxis in Hyderabad?<\/h3>\r\n<!-- \/wp:heading -->\r\n\r\n<!-- wp:paragraph -->\r\n<p>Les vols commerciaux avec les grandes compagnies a\u00e9riennes peuvent \u00eatre inefficaces. Ils doivent \u00eatre r\u00e9serv\u00e9s \u00e0 l&#039;avance et g\u00e9n\u00e9ralement sujets \u00e0 des retards. Les compagnies a\u00e9riennes sont \u00e9galement oblig\u00e9es de remplir ces vols, obligeant les visiteurs \u00e0 respecter leurs destinations et leurs horaires.<\/p>\r\n<h3>How much will an electric flying\u00a0taxi\u00a0in Hyderabad cost?<\/h3>\r\n<!-- \/wp:paragraph -->\r\n\r\n<!-- wp:paragraph -->\r\n<p>Initially, air taxis in Hyderabad will cost approximately $5.73 per passenger mile. You can easily book air taxi through electric flying taxis in Hyderabad app. The air taxi in Hyderabad cost will then plummet to $1.85 per passenger mile before finally hitting the customer amazing drone taxi in Hyderabad fare rate of $0.44 per mile.<\/p>\r\n<h2>Advantages of electric air taxi in Hyderabad booking app<\/h2>\r\n<!-- \/wp:paragraph -->\r\n\r\n<!-- wp:paragraph -->\r\n<p>Among its other advantages, drone taxi in Hyderabad online booking could provide a economic boom by rising the number of people heading for recreation and tourism places that are not near big airports.<\/p>\r\n<!-- \/wp:paragraph -->\r\n\r\n<!-- wp:heading {\"level\":3} -->\r\n<h3>Would drone Hyderabad air taxi online booking app be used to book a electric air taxi flight?<\/h3>\r\n<!-- \/wp:heading -->\r\n\r\n<!-- wp:paragraph -->\r\n<p>Yes, customers can seamlessly use online electric Hyderabad air taxi booking app to find the best route and book a drone flying taxi in Hyderabad flight anytime and anywhere.<\/p>\r\n<h2>Autres vols populaires en taxi a\u00e9rien<\/h2>\r\n<table border=\"0\" cellspacing=\"1\" cellpadding=\"1\">\r\n<tbody>\r\n<tr>\r\n<td>Bon march\u00e9 <a href=\"https:\/\/tiketi.com\/fr-fr\/volants\/taxi-aerien\/mumbai\/\" target=\"_blank\" rel=\"noopener\">air taxi in Mumbai<\/a><\/td>\r\n<td style=\"width: 30px;\">\u00a0<\/td>\r\n<td>Bon march\u00e9 <a href=\"https:\/\/tiketi.com\/fr-fr\/volants\/taxi-aerien\/delhi\/\" target=\"_blank\" rel=\"noopener\">air taxi in Delhi<\/a><\/td>\r\n<td style=\"width: 30px;\">\u00a0<\/td>\r\n<td>Bon march\u00e9 <a href=\"https:\/\/tiketi.com\/fr-fr\/volants\/taxi-aerien\/india\/\" target=\"_blank\" rel=\"noopener\">air taxi in India<\/a><\/td>\r\n<\/tr>\r\n<tr>\r\n<td>Bon march\u00e9 <a href=\"https:\/\/tiketi.com\/fr-fr\/volants\/taxi-aerien\/new-york-nyc\/\" target=\"_blank\" rel=\"noopener\">taxi a\u00e9rien \u00e0 New York<\/a><\/td>\r\n<td style=\"width: 30px;\">\u00a0<\/td>\r\n<td>Bon march\u00e9 <a href=\"https:\/\/tiketi.com\/fr-fr\/volants\/taxi-aerien\/singapore\/\" target=\"_blank\" rel=\"noopener\">taxi a\u00e9rien \u00e0 Singapour<\/a><\/td>\r\n<td style=\"width: 30px;\">\u00a0<\/td>\r\n<td>Bon march\u00e9 <a href=\"https:\/\/tiketi.com\/fr-fr\/volants\/taxi-aerien\/paris\/\" target=\"_blank\" rel=\"noopener\">taxi a\u00e9rien \u00e0 Paris<\/a><\/td>\r\n<\/tr>\r\n<tr>\r\n<td>Bon march\u00e9 <a href=\"https:\/\/tiketi.com\/fr-fr\/volants\/taxi-aerien\/london\/\" target=\"_blank\" rel=\"noopener\">taxi a\u00e9rien \u00e0 Londres<\/a><\/td>\r\n<td style=\"width: 30px;\">\u00a0<\/td>\r\n<td>Bon march\u00e9 <a href=\"https:\/\/tiketi.com\/fr-fr\/volants\/taxi-aerien\/dubai\/\" target=\"_blank\" rel=\"noopener\">taxi a\u00e9rien \u00e0 Duba\u00ef<\/a><\/td>\r\n<td style=\"width: 30px;\">\u00a0<\/td>\r\n<td>Bon march\u00e9 <a href=\"https:\/\/tiketi.com\/fr-fr\/volants\/taxi-aerien\/hong-kong\/\" target=\"_blank\" rel=\"noopener\">taxi a\u00e9rien \u00e0 Hong Kong<\/a><\/td>\r\n<\/tr>\r\n<\/tbody>\r\n<\/table>\r\n<p>&nbsp;<\/p>","protected":false},"excerpt":{"rendered":"<p>Electric Hyderabad Air Taxi Booking App Electric air taxi in Hyderabad online booking app service enable users to book electric flying taxi in Hyderabad, launching in major cities and metropolitan areas in Telangana. Autonomous air taxis in Hyderabad makes possible to travel cheap and fast in Telangana. Hyderabad is the biggest and capital city of [&hellip;]<\/p>\n","protected":false},"author":1,"featured_media":19985,"parent":25621,"menu_order":0,"comment_status":"open","ping_status":"closed","template":"template-home-modern.php","meta":{"footnotes":""},"class_list":["post-10558","page","type-page","status-publish","has-post-thumbnail","hentry"],"yoast_head":"<!-- This site is optimized with the Yoast SEO plugin v27.4 - https:\/\/yoast.com\/product\/yoast-seo-wordpress\/ -->\n<title>Air Taxi in Hyderabad Booking \u2013 Flying Taxis Route, Schedule, Fare<\/title>\n<meta name=\"description\" content=\"Looking for drone air taxi in Hyderabad online booking app, routes, schedule &amp; fares? Compare Hyderabad air taxis flight tickets &amp; book cheap flying taxi in Hyderabad\" \/>\n<meta name=\"robots\" content=\"index, follow, max-snippet:-1, max-image-preview:large, max-video-preview:-1\" \/>\n<link rel=\"canonical\" href=\"https:\/\/tiketi.com\/fr-fr\/volants\/taxi-aerien\/hyderabad\/\" \/>\n<meta property=\"og:locale\" content=\"fr_FR\" \/>\n<meta property=\"og:type\" content=\"article\" \/>\n<meta property=\"og:title\" content=\"Air Taxi in Hyderabad Booking \u2013 Flying Taxis Route, Schedule, Fare\" \/>\n<meta property=\"og:description\" content=\"Looking for drone air taxi in Hyderabad online booking app, routes, schedule &amp; fares? Compare Hyderabad air taxis flight tickets &amp; book cheap flying taxi in Hyderabad\" \/>\n<meta property=\"og:url\" content=\"https:\/\/tiketi.com\/fr-fr\/volants\/taxi-aerien\/hyderabad\/\" \/>\n<meta property=\"og:site_name\" content=\"Tiketi.com\" \/>\n<meta property=\"article:publisher\" content=\"https:\/\/www.facebook.com\/TiketiCom\/\" \/>\n<meta property=\"article:modified_time\" content=\"2025-06-27T09:57:01+00:00\" \/>\n<meta property=\"og:image\" content=\"https:\/\/tiketi.com\/wp-content\/uploads\/2022\/02\/hyderabad-rishabh-modi-jy1QU9iypUA-unspla.jpg\" \/>\n\t<meta property=\"og:image:width\" content=\"1200\" \/>\n\t<meta property=\"og:image:height\" content=\"200\" \/>\n\t<meta property=\"og:image:type\" content=\"image\/jpeg\" \/>\n<meta name=\"twitter:card\" content=\"summary_large_image\" \/>\n<meta name=\"twitter:label1\" content=\"Dur\u00e9e de lecture estim\u00e9e\" \/>\n\t<meta name=\"twitter:data1\" content=\"3 minutes\" \/>\n<script type=\"application\/ld+json\" class=\"yoast-schema-graph\">{\"@context\":\"https:\\\/\\\/schema.org\",\"@graph\":[{\"@type\":\"WebPage\",\"@id\":\"https:\\\/\\\/tiketi.com\\\/flying\\\/air-taxi\\\/hyderabad\\\/\",\"url\":\"https:\\\/\\\/tiketi.com\\\/flying\\\/air-taxi\\\/hyderabad\\\/\",\"name\":\"Air Taxi in Hyderabad Booking \u2013 Flying Taxis Route, Schedule, Fare\",\"isPartOf\":{\"@id\":\"https:\\\/\\\/tiketi.com\\\/#website\"},\"primaryImageOfPage\":{\"@id\":\"https:\\\/\\\/tiketi.com\\\/flying\\\/air-taxi\\\/hyderabad\\\/#primaryimage\"},\"image\":{\"@id\":\"https:\\\/\\\/tiketi.com\\\/flying\\\/air-taxi\\\/hyderabad\\\/#primaryimage\"},\"thumbnailUrl\":\"https:\\\/\\\/tiketi.com\\\/wp-content\\\/uploads\\\/2022\\\/02\\\/hyderabad-rishabh-modi-jy1QU9iypUA-unspla.jpg\",\"datePublished\":\"2022-01-19T11:53:31+00:00\",\"dateModified\":\"2025-06-27T09:57:01+00:00\",\"description\":\"Looking for drone air taxi in Hyderabad online booking app, routes, schedule & fares? Compare Hyderabad air taxis flight tickets & book cheap flying taxi in Hyderabad\",\"breadcrumb\":{\"@id\":\"https:\\\/\\\/tiketi.com\\\/flying\\\/air-taxi\\\/hyderabad\\\/#breadcrumb\"},\"inLanguage\":\"fr-FR\",\"potentialAction\":[{\"@type\":\"ReadAction\",\"target\":[\"https:\\\/\\\/tiketi.com\\\/flying\\\/air-taxi\\\/hyderabad\\\/\"]}]},{\"@type\":\"ImageObject\",\"inLanguage\":\"fr-FR\",\"@id\":\"https:\\\/\\\/tiketi.com\\\/flying\\\/air-taxi\\\/hyderabad\\\/#primaryimage\",\"url\":\"https:\\\/\\\/tiketi.com\\\/wp-content\\\/uploads\\\/2022\\\/02\\\/hyderabad-rishabh-modi-jy1QU9iypUA-unspla.jpg\",\"contentUrl\":\"https:\\\/\\\/tiketi.com\\\/wp-content\\\/uploads\\\/2022\\\/02\\\/hyderabad-rishabh-modi-jy1QU9iypUA-unspla.jpg\",\"width\":1200,\"height\":200,\"caption\":\"Air Taxi in Hyderabad\"},{\"@type\":\"BreadcrumbList\",\"@id\":\"https:\\\/\\\/tiketi.com\\\/flying\\\/air-taxi\\\/hyderabad\\\/#breadcrumb\",\"itemListElement\":[{\"@type\":\"ListItem\",\"position\":1,\"name\":\"Home\",\"item\":\"https:\\\/\\\/tiketi.com\\\/\"},{\"@type\":\"ListItem\",\"position\":2,\"name\":\"Flying\",\"item\":\"https:\\\/\\\/tiketi.com\\\/fr-fr\\\/volants\\\/\"},{\"@type\":\"ListItem\",\"position\":3,\"name\":\"Air Taxi\",\"item\":\"https:\\\/\\\/tiketi.com\\\/flying\\\/air-taxi\\\/\"},{\"@type\":\"ListItem\",\"position\":4,\"name\":\"Air Taxi in Hyderabad Booking \u2013 Flying Taxis Routes, Schedule, Fares\"}]},{\"@type\":\"WebSite\",\"@id\":\"https:\\\/\\\/tiketi.com\\\/#website\",\"url\":\"https:\\\/\\\/tiketi.com\\\/\",\"name\":\"Flight & Bus Tickets, Tour Packages & Activitites - Tiketi.com\",\"description\":\"Flight &amp; Bus Tickets, Tours, Activitites\",\"publisher\":{\"@id\":\"https:\\\/\\\/tiketi.com\\\/#organization\"},\"potentialAction\":[{\"@type\":\"SearchAction\",\"target\":{\"@type\":\"EntryPoint\",\"urlTemplate\":\"https:\\\/\\\/tiketi.com\\\/?s={search_term_string}\"},\"query-input\":{\"@type\":\"PropertyValueSpecification\",\"valueRequired\":true,\"valueName\":\"search_term_string\"}}],\"inLanguage\":\"fr-FR\"},{\"@type\":\"Organization\",\"@id\":\"https:\\\/\\\/tiketi.com\\\/#organization\",\"name\":\"Tiketi.com\",\"alternateName\":\"Tiketi\",\"url\":\"https:\\\/\\\/tiketi.com\\\/\",\"logo\":{\"@type\":\"ImageObject\",\"inLanguage\":\"fr-FR\",\"@id\":\"https:\\\/\\\/tiketi.com\\\/#\\\/schema\\\/logo\\\/image\\\/\",\"url\":\"https:\\\/\\\/tiketi.com\\\/wp-content\\\/uploads\\\/2019\\\/05\\\/tiketi-logo-696.png\",\"contentUrl\":\"https:\\\/\\\/tiketi.com\\\/wp-content\\\/uploads\\\/2019\\\/05\\\/tiketi-logo-696.png\",\"width\":696,\"height\":696,\"caption\":\"Tiketi.com\"},\"image\":{\"@id\":\"https:\\\/\\\/tiketi.com\\\/#\\\/schema\\\/logo\\\/image\\\/\"},\"sameAs\":[\"https:\\\/\\\/www.facebook.com\\\/TiketiCom\\\/\"]}]}<\/script>\n<!-- \/ Yoast SEO plugin. -->","yoast_head_json":{"title":"Air Taxi in Hyderabad Booking \u2013 Flying Taxis Route, Schedule, Fare","description":"Looking for drone air taxi in Hyderabad online booking app, routes, schedule & fares? Compare Hyderabad air taxis flight tickets & book cheap flying taxi in Hyderabad","robots":{"index":"index","follow":"follow","max-snippet":"max-snippet:-1","max-image-preview":"max-image-preview:large","max-video-preview":"max-video-preview:-1"},"canonical":"https:\/\/tiketi.com\/fr-fr\/volants\/taxi-aerien\/hyderabad\/","og_locale":"fr_FR","og_type":"article","og_title":"Air Taxi in Hyderabad Booking \u2013 Flying Taxis Route, Schedule, Fare","og_description":"Looking for drone air taxi in Hyderabad online booking app, routes, schedule & fares? Compare Hyderabad air taxis flight tickets & book cheap flying taxi in Hyderabad","og_url":"https:\/\/tiketi.com\/fr-fr\/volants\/taxi-aerien\/hyderabad\/","og_site_name":"Tiketi.com","article_publisher":"https:\/\/www.facebook.com\/TiketiCom\/","article_modified_time":"2025-06-27T09:57:01+00:00","og_image":[{"width":1200,"height":200,"url":"https:\/\/tiketi.com\/wp-content\/uploads\/2022\/02\/hyderabad-rishabh-modi-jy1QU9iypUA-unspla.jpg","type":"image\/jpeg"}],"twitter_card":"summary_large_image","twitter_misc":{"Dur\u00e9e de lecture estim\u00e9e":"3 minutes"},"schema":{"@context":"https:\/\/schema.org","@graph":[{"@type":"WebPage","@id":"https:\/\/tiketi.com\/flying\/air-taxi\/hyderabad\/","url":"https:\/\/tiketi.com\/flying\/air-taxi\/hyderabad\/","name":"Air Taxi in Hyderabad Booking \u2013 Flying Taxis Route, Schedule, Fare","isPartOf":{"@id":"https:\/\/tiketi.com\/#website"},"primaryImageOfPage":{"@id":"https:\/\/tiketi.com\/flying\/air-taxi\/hyderabad\/#primaryimage"},"image":{"@id":"https:\/\/tiketi.com\/flying\/air-taxi\/hyderabad\/#primaryimage"},"thumbnailUrl":"https:\/\/tiketi.com\/wp-content\/uploads\/2022\/02\/hyderabad-rishabh-modi-jy1QU9iypUA-unspla.jpg","datePublished":"2022-01-19T11:53:31+00:00","dateModified":"2025-06-27T09:57:01+00:00","description":"Looking for drone air taxi in Hyderabad online booking app, routes, schedule & fares? Compare Hyderabad air taxis flight tickets & book cheap flying taxi in Hyderabad","breadcrumb":{"@id":"https:\/\/tiketi.com\/flying\/air-taxi\/hyderabad\/#breadcrumb"},"inLanguage":"fr-FR","potentialAction":[{"@type":"ReadAction","target":["https:\/\/tiketi.com\/flying\/air-taxi\/hyderabad\/"]}]},{"@type":"ImageObject","inLanguage":"fr-FR","@id":"https:\/\/tiketi.com\/flying\/air-taxi\/hyderabad\/#primaryimage","url":"https:\/\/tiketi.com\/wp-content\/uploads\/2022\/02\/hyderabad-rishabh-modi-jy1QU9iypUA-unspla.jpg","contentUrl":"https:\/\/tiketi.com\/wp-content\/uploads\/2022\/02\/hyderabad-rishabh-modi-jy1QU9iypUA-unspla.jpg","width":1200,"height":200,"caption":"Air Taxi in Hyderabad"},{"@type":"BreadcrumbList","@id":"https:\/\/tiketi.com\/flying\/air-taxi\/hyderabad\/#breadcrumb","itemListElement":[{"@type":"ListItem","position":1,"name":"Home","item":"https:\/\/tiketi.com\/"},{"@type":"ListItem","position":2,"name":"Flying","item":"https:\/\/tiketi.com\/fr-fr\/volants\/"},{"@type":"ListItem","position":3,"name":"Air Taxi","item":"https:\/\/tiketi.com\/flying\/air-taxi\/"},{"@type":"ListItem","position":4,"name":"Air Taxi in Hyderabad Booking \u2013 Flying Taxis Routes, Schedule, Fares"}]},{"@type":"WebSite","@id":"https:\/\/tiketi.com\/#website","url":"https:\/\/tiketi.com\/","name":"Billets d&#039;avion et de bus, forfaits touristiques et activit\u00e9s - Tiketi.com","description":"Billets d&#039;avion et de bus, Tours, Activit\u00e9s","publisher":{"@id":"https:\/\/tiketi.com\/#organization"},"potentialAction":[{"@type":"SearchAction","target":{"@type":"EntryPoint","urlTemplate":"https:\/\/tiketi.com\/?s={search_term_string}"},"query-input":{"@type":"PropertyValueSpecification","valueRequired":true,"valueName":"search_term_string"}}],"inLanguage":"fr-FR"},{"@type":"Organization","@id":"https:\/\/tiketi.com\/#organization","name":"Tiketi.com","alternateName":"Tiketi","url":"https:\/\/tiketi.com\/","logo":{"@type":"ImageObject","inLanguage":"fr-FR","@id":"https:\/\/tiketi.com\/#\/schema\/logo\/image\/","url":"https:\/\/tiketi.com\/wp-content\/uploads\/2019\/05\/tiketi-logo-696.png","contentUrl":"https:\/\/tiketi.com\/wp-content\/uploads\/2019\/05\/tiketi-logo-696.png","width":696,"height":696,"caption":"Tiketi.com"},"image":{"@id":"https:\/\/tiketi.com\/#\/schema\/logo\/image\/"},"sameAs":["https:\/\/www.facebook.com\/TiketiCom\/"]}]}},"_links":{"self":[{"href":"https:\/\/tiketi.com\/fr-fr\/wp-json\/wp\/v2\/pages\/10558","targetHints":{"allow":["GET"]}}],"collection":[{"href":"https:\/\/tiketi.com\/fr-fr\/wp-json\/wp\/v2\/pages"}],"about":[{"href":"https:\/\/tiketi.com\/fr-fr\/wp-json\/wp\/v2\/types\/page"}],"author":[{"embeddable":true,"href":"https:\/\/tiketi.com\/fr-fr\/wp-json\/wp\/v2\/users\/1"}],"replies":[{"embeddable":true,"href":"https:\/\/tiketi.com\/fr-fr\/wp-json\/wp\/v2\/comments?post=10558"}],"version-history":[{"count":1,"href":"https:\/\/tiketi.com\/fr-fr\/wp-json\/wp\/v2\/pages\/10558\/revisions"}],"predecessor-version":[{"id":31586,"href":"https:\/\/tiketi.com\/fr-fr\/wp-json\/wp\/v2\/pages\/10558\/revisions\/31586"}],"up":[{"embeddable":true,"href":"https:\/\/tiketi.com\/fr-fr\/wp-json\/wp\/v2\/pages\/25621"}],"wp:featuredmedia":[{"embeddable":true,"href":"https:\/\/tiketi.com\/fr-fr\/wp-json\/wp\/v2\/media\/19985"}],"wp:attachment":[{"href":"https:\/\/tiketi.com\/fr-fr\/wp-json\/wp\/v2\/media?parent=10558"}],"curies":[{"name":"wp","href":"https:\/\/api.w.org\/{rel}","templated":true}]}}