{"id":10561,"date":"2022-01-19T12:53:31","date_gmt":"2022-01-19T11:53:31","guid":{"rendered":"https:\/\/new.tiketi.com\/sofia-air-taxi-booking-app-electric-flying-taxis\/"},"modified":"2023-07-06T09:07:57","modified_gmt":"2023-07-06T08:07:57","slug":"sofia","status":"publish","type":"page","link":"https:\/\/tiketi.com\/fr-fr\/volants\/taxi-aerien\/sofia\/","title":{"rendered":"Taxi a\u00e9rien \u00e0 Sofia R\u00e9servation en ligne - Taxis volants \u00e9lectriques"},"content":{"rendered":"<h2>Application de r\u00e9servation de taxi a\u00e9rien \u00e9lectrique \u00e0 Sofia<\/h2>\r\n<!-- \/wp:post-content -->\r\n\r\n<!-- wp:paragraph -->\r\n<p>Le service d&#039;application de r\u00e9servation de taxi a\u00e9rien \u00e9lectrique \u00e0 Sofia permettra aux utilisateurs de r\u00e9server un taxi volant \u00e9lectrique \u00e0 Sofia. Les taxis a\u00e9riens autonomes \u00e0 Sofia permettent de voyager pas cher et rapidement en Bulgarie. La ville de Sofia est un plaisir pour les yeux pour toutes les aventures en tourn\u00e9e en Bulgarie et est un paradis pour ceux qui aiment prendre des images de structures magnifiques et de grands espaces. Si vous allez visiter cette charmante m\u00e9tropole, accordez-vous suffisamment de temps pour fl\u00e2ner dans ses rues, ses quartiers et ses places remarquables afin d&#039;admirer et d&#039;appr\u00e9cier la belle architecture de ses monuments les plus c\u00e9l\u00e8bres. Marchez le long du boulevard Vitosha et immergez-vous dans la culture \u00e9l\u00e9gante et changeante de la ville et admirez la vue sur la magnifique montagne Vitosha. La capitale bulgare est d\u00e9finitivement une \u00e9tape int\u00e9ressante pour tous les visiteurs. Comme pour tant d&#039;autres choses, vous pourrez faire \u00e0 tout moment et n&#039;importe o\u00f9 un taxi a\u00e9rien drone \u00e0 Sofia en r\u00e9servant en ligne votre vol en taxi a\u00e9rien \u00e9lectrique.<\/p>\r\n<!-- \/wp:paragraph -->\r\n\r\n<!-- wp:heading -->\r\n<h2>Voici quelques-uns des meilleurs avantages du taxi volant \u00e9lectrique \u00e0 Sofia, Bulgarie<\/h2>\r\n<h3>Les taxis a\u00e9riens \u00e9lectriques \u00e0 Sofia et les h\u00e9licopt\u00e8res sont-ils les m\u00eames ?<\/h3>\r\n<!-- \/wp:heading -->\r\n\r\n<!-- wp:paragraph -->\r\n<p>Bien que les taxis volants \u00e9lectriques \u00e0 Sofia et les h\u00e9licopt\u00e8res soient assez diff\u00e9rents en ce qui concerne la vitesse de d\u00e9placement et la port\u00e9e de vol, ils sont extr\u00eamement similaires en termes de d\u00e9collage et d&#039;atterrissage verticaux, de programmation, d&#039;op\u00e9rations et de besoins en infrastructure, tels que la pr\u00e9sence d&#039;h\u00e9liports pour les proc\u00e9dures VTOL. .<\/p>\r\n<h3>Quelle est la vitesse du taxi volant \u00e9lectrique \u00e0 Sofia ?<\/h3>\r\n<!-- \/wp:paragraph -->\r\n\r\n<!-- wp:paragraph -->\r\n<p>Les taxis drones de Sofia auront 5 si\u00e8ges et une vitesse de croisi\u00e8re de 290 km\/h et pourront voler \u00e0 une altitude de 1 000 \u00e0 2 000. C&#039;est peu, les rotors \u00e9lectriques le rendent moins bruyant qu&#039;un h\u00e9licopt\u00e8re \u00e0 moteur thermique, ce qui lui permettra de survoler sans probl\u00e8me des villes \u00e0 faible tol\u00e9rance aux nuisances sonores.<\/p>\r\n<!-- \/wp:paragraph -->\r\n\r\n<!-- wp:heading {\"level\":3} -->\r\n<h3>Les taxis a\u00e9riens \u00e9lectriques \u00e0 Sofia sont-ils s\u00fbrs ?<\/h3>\r\n<!-- \/wp:heading -->\r\n\r\n<!-- wp:paragraph -->\r\n<p>Alors, est-il plus s\u00fbr de piloter un avion certifi\u00e9 air-taxi ? La petite r\u00e9ponse est oui. Des mesures de s\u00e9curit\u00e9 suppl\u00e9mentaires sont appliqu\u00e9es par les taxis volants \u00e0 Sofia. Les op\u00e9rateurs r\u00e9glement\u00e9s en vertu de la partie 135 offrent aux clients un moyen plus fiable de louer un avion priv\u00e9.<\/p>\r\n<h3>Combien co\u00fbtera un taxi volant \u00e9lectrique \u00e0 Sofia ?<\/h3>\r\n<!-- \/wp:paragraph -->\r\n\r\n<!-- wp:paragraph -->\r\n<p>Initialement, les taxis a\u00e9riens \u00e0 Sofia co\u00fbteront environ $5,73 par passager-mile. Le prix des taxis volants \u00e0 Sofia chutera ensuite \u00e0 $1,85 par passager-mile avant de finalement atteindre le tarif incroyable de $0,44 par mile pour le client. Vous pouvez facilement r\u00e9server un taxi a\u00e9rien via des taxis drones \u00e9lectriques dans l&#039;application Sofia.<\/p>\r\n<h2>Avantages de l&#039;application de r\u00e9servation de taxi a\u00e9rien \u00e9lectrique Sofia<\/h2>\r\n<!-- \/wp:paragraph -->\r\n\r\n<!-- wp:paragraph -->\r\n<p>Parmi ses autres avantages, la r\u00e9servation en ligne de taxi drone \u00e0 Sofia pourrait fournir un boom \u00e9conomique en augmentant le nombre de personnes se dirigeant vers des lieux de loisirs et de tourisme qui ne sont pas \u00e0 proximit\u00e9 des grands a\u00e9roports.<\/p>\r\n<!-- \/wp:paragraph -->\r\n\r\n<!-- wp:heading {\"level\":3} -->\r\n<h3>L&#039;application de r\u00e9servation en ligne de taxi a\u00e9rien \u00e0 Sofia serait-elle utilis\u00e9e pour r\u00e9server un vol en taxi a\u00e9rien \u00e9lectrique\u00a0?<\/h3>\r\n<!-- \/wp:heading -->\r\n\r\n<!-- wp:paragraph -->\r\n<p>Oui, les clients peuvent utiliser de mani\u00e8re transparente l&#039;application de r\u00e9servation de taxi a\u00e9rien \u00e9lectrique Sofia en ligne pour trouver le meilleur itin\u00e9raire et r\u00e9server un taxi volant \u00e0 Sofia \u00e0 tout moment et n&#039;importe o\u00f9.<\/p>","protected":false},"excerpt":{"rendered":"<p>Electric Sofia air taxi booking app Electric Sofia air taxi booking app service will enable users to book electric flying taxi in Sofia. Autonomous air taxis in Sofia makes possible to travel cheap and fast in Bulgaria. The city of Sofia is a pleasure to the eyes for all adventures going on tours to Bulgaria [&hellip;]<\/p>\n","protected":false},"author":1,"featured_media":21260,"parent":25621,"menu_order":0,"comment_status":"open","ping_status":"closed","template":"template-home-modern.php","meta":{"footnotes":""},"class_list":["post-10561","page","type-page","status-publish","has-post-thumbnail","hentry"],"yoast_head":"<!-- This site is optimized with the Yoast SEO plugin v27.3 - https:\/\/yoast.com\/product\/yoast-seo-wordpress\/ -->\n<title>Air Taxi in Sofia Online Booking - Electric Flying Taxis<\/title>\n<meta name=\"description\" content=\"Looking for drone air taxi in Sofia online booking app, route, schedule &amp; fare? Compare air taxis and book your cheap flying taxi in Sofia\" \/>\n<meta name=\"robots\" content=\"index, follow, max-snippet:-1, max-image-preview:large, max-video-preview:-1\" \/>\n<link rel=\"canonical\" href=\"https:\/\/tiketi.com\/fr-fr\/volants\/taxi-aerien\/sofia\/\" \/>\n<meta property=\"og:locale\" content=\"fr_FR\" \/>\n<meta property=\"og:type\" content=\"article\" \/>\n<meta property=\"og:title\" content=\"Air Taxi in Sofia Online Booking - Electric Flying Taxis\" \/>\n<meta property=\"og:description\" content=\"Looking for drone air taxi in Sofia online booking app, route, schedule &amp; fare? Compare air taxis and book your cheap flying taxi in Sofia\" \/>\n<meta property=\"og:url\" content=\"https:\/\/tiketi.com\/fr-fr\/volants\/taxi-aerien\/sofia\/\" \/>\n<meta property=\"og:site_name\" content=\"Tiketi.com\" \/>\n<meta property=\"article:publisher\" content=\"https:\/\/www.facebook.com\/TiketiCom\/\" \/>\n<meta property=\"article:modified_time\" content=\"2023-07-06T08:07:57+00:00\" \/>\n<meta property=\"og:image\" content=\"https:\/\/tiketi.com\/wp-content\/uploads\/2019\/05\/alexandr-bormotin-UPoSvgmFKmo-unsplash.jpg\" \/>\n\t<meta property=\"og:image:width\" content=\"1200\" \/>\n\t<meta property=\"og:image:height\" content=\"200\" \/>\n\t<meta property=\"og:image:type\" content=\"image\/jpeg\" \/>\n<meta name=\"twitter:card\" content=\"summary_large_image\" \/>\n<meta name=\"twitter:label1\" content=\"Dur\u00e9e de lecture estim\u00e9e\" \/>\n\t<meta name=\"twitter:data1\" content=\"3 minutes\" \/>\n<script type=\"application\/ld+json\" class=\"yoast-schema-graph\">{\"@context\":\"https:\\\/\\\/schema.org\",\"@graph\":[{\"@type\":\"WebPage\",\"@id\":\"https:\\\/\\\/tiketi.com\\\/flying\\\/air-taxi\\\/sofia\\\/\",\"url\":\"https:\\\/\\\/tiketi.com\\\/flying\\\/air-taxi\\\/sofia\\\/\",\"name\":\"Air Taxi in Sofia Online Booking - Electric Flying Taxis\",\"isPartOf\":{\"@id\":\"https:\\\/\\\/tiketi.com\\\/#website\"},\"primaryImageOfPage\":{\"@id\":\"https:\\\/\\\/tiketi.com\\\/flying\\\/air-taxi\\\/sofia\\\/#primaryimage\"},\"image\":{\"@id\":\"https:\\\/\\\/tiketi.com\\\/flying\\\/air-taxi\\\/sofia\\\/#primaryimage\"},\"thumbnailUrl\":\"https:\\\/\\\/tiketi.com\\\/wp-content\\\/uploads\\\/2019\\\/05\\\/alexandr-bormotin-UPoSvgmFKmo-unsplash.jpg\",\"datePublished\":\"2022-01-19T11:53:31+00:00\",\"dateModified\":\"2023-07-06T08:07:57+00:00\",\"description\":\"Looking for drone air taxi in Sofia online booking app, route, schedule & fare? Compare air taxis and book your cheap flying taxi in Sofia\",\"breadcrumb\":{\"@id\":\"https:\\\/\\\/tiketi.com\\\/flying\\\/air-taxi\\\/sofia\\\/#breadcrumb\"},\"inLanguage\":\"fr-FR\",\"potentialAction\":[{\"@type\":\"ReadAction\",\"target\":[\"https:\\\/\\\/tiketi.com\\\/flying\\\/air-taxi\\\/sofia\\\/\"]}]},{\"@type\":\"ImageObject\",\"inLanguage\":\"fr-FR\",\"@id\":\"https:\\\/\\\/tiketi.com\\\/flying\\\/air-taxi\\\/sofia\\\/#primaryimage\",\"url\":\"https:\\\/\\\/tiketi.com\\\/wp-content\\\/uploads\\\/2019\\\/05\\\/alexandr-bormotin-UPoSvgmFKmo-unsplash.jpg\",\"contentUrl\":\"https:\\\/\\\/tiketi.com\\\/wp-content\\\/uploads\\\/2019\\\/05\\\/alexandr-bormotin-UPoSvgmFKmo-unsplash.jpg\",\"width\":1200,\"height\":200,\"caption\":\"Air Taxi in Sofia Booking\"},{\"@type\":\"BreadcrumbList\",\"@id\":\"https:\\\/\\\/tiketi.com\\\/flying\\\/air-taxi\\\/sofia\\\/#breadcrumb\",\"itemListElement\":[{\"@type\":\"ListItem\",\"position\":1,\"name\":\"Home\",\"item\":\"https:\\\/\\\/tiketi.com\\\/\"},{\"@type\":\"ListItem\",\"position\":2,\"name\":\"Flying\",\"item\":\"https:\\\/\\\/tiketi.com\\\/fr-fr\\\/volants\\\/\"},{\"@type\":\"ListItem\",\"position\":3,\"name\":\"Air Taxi\",\"item\":\"https:\\\/\\\/tiketi.com\\\/flying\\\/air-taxi\\\/\"},{\"@type\":\"ListItem\",\"position\":4,\"name\":\"Air Taxi in Sofia Online Booking &#8211; Electric Flying Taxis\"}]},{\"@type\":\"WebSite\",\"@id\":\"https:\\\/\\\/tiketi.com\\\/#website\",\"url\":\"https:\\\/\\\/tiketi.com\\\/\",\"name\":\"Flight & Bus Tickets, Tour Packages & Activitites - Tiketi.com\",\"description\":\"Flight &amp; Bus Tickets, Tours, Activitites\",\"publisher\":{\"@id\":\"https:\\\/\\\/tiketi.com\\\/#organization\"},\"potentialAction\":[{\"@type\":\"SearchAction\",\"target\":{\"@type\":\"EntryPoint\",\"urlTemplate\":\"https:\\\/\\\/tiketi.com\\\/?s={search_term_string}\"},\"query-input\":{\"@type\":\"PropertyValueSpecification\",\"valueRequired\":true,\"valueName\":\"search_term_string\"}}],\"inLanguage\":\"fr-FR\"},{\"@type\":\"Organization\",\"@id\":\"https:\\\/\\\/tiketi.com\\\/#organization\",\"name\":\"Tiketi.com\",\"alternateName\":\"Tiketi\",\"url\":\"https:\\\/\\\/tiketi.com\\\/\",\"logo\":{\"@type\":\"ImageObject\",\"inLanguage\":\"fr-FR\",\"@id\":\"https:\\\/\\\/tiketi.com\\\/#\\\/schema\\\/logo\\\/image\\\/\",\"url\":\"https:\\\/\\\/tiketi.com\\\/wp-content\\\/uploads\\\/2019\\\/05\\\/tiketi-logo-696.png\",\"contentUrl\":\"https:\\\/\\\/tiketi.com\\\/wp-content\\\/uploads\\\/2019\\\/05\\\/tiketi-logo-696.png\",\"width\":696,\"height\":696,\"caption\":\"Tiketi.com\"},\"image\":{\"@id\":\"https:\\\/\\\/tiketi.com\\\/#\\\/schema\\\/logo\\\/image\\\/\"},\"sameAs\":[\"https:\\\/\\\/www.facebook.com\\\/TiketiCom\\\/\"]}]}<\/script>\n<!-- \/ Yoast SEO plugin. -->","yoast_head_json":{"title":"Taxi a\u00e9rien \u00e0 Sofia R\u00e9servation en ligne - Taxis volants \u00e9lectriques","description":"Vous recherchez une application de r\u00e9servation en ligne de taxi a\u00e9rien drone \u00e0 Sofia, un itin\u00e9raire, un horaire et un tarif\u00a0? Comparez les taxis a\u00e9riens et r\u00e9servez votre taxi volant pas cher \u00e0 Sofia","robots":{"index":"index","follow":"follow","max-snippet":"max-snippet:-1","max-image-preview":"max-image-preview:large","max-video-preview":"max-video-preview:-1"},"canonical":"https:\/\/tiketi.com\/fr-fr\/volants\/taxi-aerien\/sofia\/","og_locale":"fr_FR","og_type":"article","og_title":"Air Taxi in Sofia Online Booking - Electric Flying Taxis","og_description":"Looking for drone air taxi in Sofia online booking app, route, schedule & fare? Compare air taxis and book your cheap flying taxi in Sofia","og_url":"https:\/\/tiketi.com\/fr-fr\/volants\/taxi-aerien\/sofia\/","og_site_name":"Tiketi.com","article_publisher":"https:\/\/www.facebook.com\/TiketiCom\/","article_modified_time":"2023-07-06T08:07:57+00:00","og_image":[{"width":1200,"height":200,"url":"https:\/\/tiketi.com\/wp-content\/uploads\/2019\/05\/alexandr-bormotin-UPoSvgmFKmo-unsplash.jpg","type":"image\/jpeg"}],"twitter_card":"summary_large_image","twitter_misc":{"Dur\u00e9e de lecture estim\u00e9e":"3 minutes"},"schema":{"@context":"https:\/\/schema.org","@graph":[{"@type":"WebPage","@id":"https:\/\/tiketi.com\/flying\/air-taxi\/sofia\/","url":"https:\/\/tiketi.com\/flying\/air-taxi\/sofia\/","name":"Taxi a\u00e9rien \u00e0 Sofia R\u00e9servation en ligne - Taxis volants \u00e9lectriques","isPartOf":{"@id":"https:\/\/tiketi.com\/#website"},"primaryImageOfPage":{"@id":"https:\/\/tiketi.com\/flying\/air-taxi\/sofia\/#primaryimage"},"image":{"@id":"https:\/\/tiketi.com\/flying\/air-taxi\/sofia\/#primaryimage"},"thumbnailUrl":"https:\/\/tiketi.com\/wp-content\/uploads\/2019\/05\/alexandr-bormotin-UPoSvgmFKmo-unsplash.jpg","datePublished":"2022-01-19T11:53:31+00:00","dateModified":"2023-07-06T08:07:57+00:00","description":"Vous recherchez une application de r\u00e9servation en ligne de taxi a\u00e9rien drone \u00e0 Sofia, un itin\u00e9raire, un horaire et un tarif\u00a0? Comparez les taxis a\u00e9riens et r\u00e9servez votre taxi volant pas cher \u00e0 Sofia","breadcrumb":{"@id":"https:\/\/tiketi.com\/flying\/air-taxi\/sofia\/#breadcrumb"},"inLanguage":"fr-FR","potentialAction":[{"@type":"ReadAction","target":["https:\/\/tiketi.com\/flying\/air-taxi\/sofia\/"]}]},{"@type":"ImageObject","inLanguage":"fr-FR","@id":"https:\/\/tiketi.com\/flying\/air-taxi\/sofia\/#primaryimage","url":"https:\/\/tiketi.com\/wp-content\/uploads\/2019\/05\/alexandr-bormotin-UPoSvgmFKmo-unsplash.jpg","contentUrl":"https:\/\/tiketi.com\/wp-content\/uploads\/2019\/05\/alexandr-bormotin-UPoSvgmFKmo-unsplash.jpg","width":1200,"height":200,"caption":"Air Taxi in Sofia Booking"},{"@type":"BreadcrumbList","@id":"https:\/\/tiketi.com\/flying\/air-taxi\/sofia\/#breadcrumb","itemListElement":[{"@type":"ListItem","position":1,"name":"Home","item":"https:\/\/tiketi.com\/"},{"@type":"ListItem","position":2,"name":"Flying","item":"https:\/\/tiketi.com\/fr-fr\/volants\/"},{"@type":"ListItem","position":3,"name":"Air Taxi","item":"https:\/\/tiketi.com\/flying\/air-taxi\/"},{"@type":"ListItem","position":4,"name":"Air Taxi in Sofia Online Booking &#8211; Electric Flying Taxis"}]},{"@type":"WebSite","@id":"https:\/\/tiketi.com\/#website","url":"https:\/\/tiketi.com\/","name":"Billets d&#039;avion et de bus, forfaits touristiques et activit\u00e9s - Tiketi.com","description":"Billets d&#039;avion et de bus, Tours, Activit\u00e9s","publisher":{"@id":"https:\/\/tiketi.com\/#organization"},"potentialAction":[{"@type":"SearchAction","target":{"@type":"EntryPoint","urlTemplate":"https:\/\/tiketi.com\/?s={search_term_string}"},"query-input":{"@type":"PropertyValueSpecification","valueRequired":true,"valueName":"search_term_string"}}],"inLanguage":"fr-FR"},{"@type":"Organization","@id":"https:\/\/tiketi.com\/#organization","name":"Tiketi.com","alternateName":"Tiketi","url":"https:\/\/tiketi.com\/","logo":{"@type":"ImageObject","inLanguage":"fr-FR","@id":"https:\/\/tiketi.com\/#\/schema\/logo\/image\/","url":"https:\/\/tiketi.com\/wp-content\/uploads\/2019\/05\/tiketi-logo-696.png","contentUrl":"https:\/\/tiketi.com\/wp-content\/uploads\/2019\/05\/tiketi-logo-696.png","width":696,"height":696,"caption":"Tiketi.com"},"image":{"@id":"https:\/\/tiketi.com\/#\/schema\/logo\/image\/"},"sameAs":["https:\/\/www.facebook.com\/TiketiCom\/"]}]}},"_links":{"self":[{"href":"https:\/\/tiketi.com\/fr-fr\/wp-json\/wp\/v2\/pages\/10561","targetHints":{"allow":["GET"]}}],"collection":[{"href":"https:\/\/tiketi.com\/fr-fr\/wp-json\/wp\/v2\/pages"}],"about":[{"href":"https:\/\/tiketi.com\/fr-fr\/wp-json\/wp\/v2\/types\/page"}],"author":[{"embeddable":true,"href":"https:\/\/tiketi.com\/fr-fr\/wp-json\/wp\/v2\/users\/1"}],"replies":[{"embeddable":true,"href":"https:\/\/tiketi.com\/fr-fr\/wp-json\/wp\/v2\/comments?post=10561"}],"version-history":[{"count":0,"href":"https:\/\/tiketi.com\/fr-fr\/wp-json\/wp\/v2\/pages\/10561\/revisions"}],"up":[{"embeddable":true,"href":"https:\/\/tiketi.com\/fr-fr\/wp-json\/wp\/v2\/pages\/25621"}],"wp:featuredmedia":[{"embeddable":true,"href":"https:\/\/tiketi.com\/fr-fr\/wp-json\/wp\/v2\/media\/21260"}],"wp:attachment":[{"href":"https:\/\/tiketi.com\/fr-fr\/wp-json\/wp\/v2\/media?parent=10561"}],"curies":[{"name":"wp","href":"https:\/\/api.w.org\/{rel}","templated":true}]}}