{"id":10563,"date":"2022-01-19T12:53:31","date_gmt":"2022-01-19T11:53:31","guid":{"rendered":"https:\/\/new.tiketi.com\/chennai-air-taxi-booking-app-electric-flying-taxis\/"},"modified":"2023-09-30T12:34:28","modified_gmt":"2023-09-30T11:34:28","slug":"chennai","status":"publish","type":"page","link":"https:\/\/tiketi.com\/fr-fr\/volants\/taxi-aerien\/chennai\/","title":{"rendered":"Air Taxi in Chennai Booking &#8211; Flying Routes, Schedule &amp; Fares"},"content":{"rendered":"<h2>Cheap Chennai Air Taxi Booking App<\/h2>\n<!-- \/wp:post-content -->\n\n<!-- wp:paragraph -->\n\nDrone air taxi in Chennai online booking app service enable users to book electric flying taxi in Chennai, launching in major cities and metropolitan areas in Tamil Nadu. Air taxis in Chennai makes possible to travel cheap and fast in Tamil Nadu. Chennai is not just the fourth biggest Indian city but it is the 36th metropolitan city the globe over. It is also one of the most visit locations in Tami Nadu. The tradition and rich heritage of the city are the reasons for it being referred to as the cultural capital of India. Chennai was established by the British during the seventeen century. Anyway, the city has a remarkable historical past that is evident from some of the popular constructions in the city that stand the test of time to prove the city is much more old than its accounted years. As with so many other things you will be able to make anytime and anywhere drone Chennai air taxi booking app for your electric air taxi flight.\n\n<!-- \/wp:paragraph -->\n\n<!-- wp:heading -->\n<h2>Voici quelques-uns des meilleurs avantages du taxi volant \u00e9lectrique \u00e0 Chennai, Tamil Nadu<\/h2>\n<h3>Les taxis a\u00e9riens \u00e9lectriques \u00e0 Chennai sont un nouveau type de mobilit\u00e9<\/h3>\n<!-- \/wp:heading -->\n\n<!-- wp:paragraph -->\n\nLes drones passagers offriront une nouvelle fa\u00e7on de parcourir de petites distances gr\u00e2ce aux taxis a\u00e9riens dans la r\u00e9servation en ligne de Chennai. Imaginez si nous pouvons voyager comme les Jetson. Bien que les capacit\u00e9s des drones passagers restent incertaines, cela r\u00e9duira certainement de moiti\u00e9 le temps de trajet et sera c\u00e9l\u00e8bre parmi les personnes qui veulent rejeter le trafic \u00e9lev\u00e9. Les taxis volants \u00e0 Chennai sont moins chers que les jets priv\u00e9s.\n\n<!-- \/wp:paragraph -->\n\n<!-- wp:paragraph -->\n\nIl n&#039;y a aucun moyen de le dire avec certitude au d\u00e9part, mais \u00e0 mesure que la technologie gagne du terrain, elle remplacera les jets priv\u00e9s.\n<h3>Drone flying taxi in Chennai are eco-friendly<\/h3>\n<!-- \/wp:paragraph -->\n\n<!-- wp:paragraph -->\n\nAlors que les h\u00e9licopt\u00e8res, les jets et les avions utilisent du carburant pour voler, presque tous les drones actuellement en cours de d\u00e9veloppement utilisent l&#039;\u00e9lectricit\u00e9, ce qui les rend sans \u00e9missions et respectueux de l&#039;environnement. C&#039;est un meilleur choix dans une soci\u00e9t\u00e9 qui se tourne vers les technologies vertes.\n\n<!-- \/wp:paragraph -->\n\n<!-- wp:paragraph -->\n\nQuoi qu&#039;il en soit, l&#039;id\u00e9e de navettes de drones amenant les visiteurs d&#039;un point A \u00e0 un point B n&#039;est plus le fruit de notre imagination gr\u00e2ce aux taxis volants dans l&#039;application Chennai.\n<h3>How quick are air taxis in Chennai?<\/h3>\n<!-- \/wp:paragraph -->\n\n<!-- wp:paragraph -->\n\nL&#039;avion Archers eVTOL, nomm\u00e9 Maker, sera capable de parcourir une distance allant jusqu&#039;\u00e0 soixante miles \u00e0 des vitesses proches de 150 mph. en plus de soulager les embouteillages au sol, l&#039;engin motoris\u00e9 ne g\u00e9n\u00e9rera aucune \u00e9mission et aura une empreinte sonore de seulement 45 dba, se fondant dans les sons des quartiers r\u00e9sidentiels.\n<h3>Combien co\u00fbtera un taxi volant \u00e9lectrique \u00e0 Chennai ?<\/h3>\n<!-- \/wp:paragraph -->\n\n<!-- wp:paragraph -->\n\nInitially, drone taxi in Chennai will cost approximately $5.73 per passenger mile. You can easily book air flight tickets through electric flying taxis in Chennai app. The air taxi in Chennai price will then plummet to $1.85 per passenger mile before finally hitting the customer amazing drone taxi in Chennai fare rate of $0.44 per mile.\n<h2>Advantages of electric air taxi in Chennai booking app<\/h2>\n<!-- \/wp:paragraph -->\n\n<!-- wp:paragraph -->\n\nParmi ses autres avantages, la r\u00e9servation en ligne de taxi drone \u00e9lectrique \u00e0 Chennai pourrait fournir un boom \u00e9conomique en augmentant le nombre de personnes se dirigeant vers des lieux de loisirs et de tourisme qui ne sont pas \u00e0 proximit\u00e9 des grands a\u00e9roports.\n\n<!-- \/wp:paragraph -->\n\n<!-- wp:heading {\"level\":3} -->\n<h3>Would Chennai air taxi online booking app be used to book a electric air taxi flight tickets?<\/h3>\n<!-- \/wp:heading -->\n\n<!-- wp:paragraph -->\n\nYes, customers can seamlessly use online electric Chennai air taxi booking app to find the best route and book flying taxi in Chennai flight tickets anytime and anywhere.","protected":false},"excerpt":{"rendered":"<p>Cheap Chennai Air Taxi Booking App Drone air taxi in Chennai online booking app service enable users to book electric flying taxi in Chennai, launching in major cities and metropolitan areas in Tamil Nadu. Air taxis in Chennai makes possible to travel cheap and fast in Tamil Nadu. Chennai is not just the fourth biggest [&hellip;]<\/p>\n","protected":false},"author":1,"featured_media":18901,"parent":25621,"menu_order":0,"comment_status":"open","ping_status":"closed","template":"template-home-modern.php","meta":{"footnotes":""},"class_list":["post-10563","page","type-page","status-publish","has-post-thumbnail","hentry"],"yoast_head":"<!-- This site is optimized with the Yoast SEO plugin v27.4 - https:\/\/yoast.com\/product\/yoast-seo-wordpress\/ -->\n<title>Air Taxi in Chennai Booking - Flying Routes, Schedule &amp; Fares<\/title>\n<meta name=\"description\" content=\"Looking for drone air taxi in Chennai online booking app, routes, schedule &amp; fares? Compare Chennai air taxis flights tickets &amp; book your cheap flying taxi in Chennai\" \/>\n<meta name=\"robots\" content=\"index, follow, max-snippet:-1, max-image-preview:large, max-video-preview:-1\" \/>\n<link rel=\"canonical\" href=\"https:\/\/tiketi.com\/fr-fr\/volants\/taxi-aerien\/chennai\/\" \/>\n<meta property=\"og:locale\" content=\"fr_FR\" \/>\n<meta property=\"og:type\" content=\"article\" \/>\n<meta property=\"og:title\" content=\"Air Taxi in Chennai Booking - Flying Routes, Schedule &amp; Fares\" \/>\n<meta property=\"og:description\" content=\"Looking for drone air taxi in Chennai online booking app, routes, schedule &amp; fares? Compare Chennai air taxis flights tickets &amp; book your cheap flying taxi in Chennai\" \/>\n<meta property=\"og:url\" content=\"https:\/\/tiketi.com\/fr-fr\/volants\/taxi-aerien\/chennai\/\" \/>\n<meta property=\"og:site_name\" content=\"Tiketi.com\" \/>\n<meta property=\"article:publisher\" content=\"https:\/\/www.facebook.com\/TiketiCom\/\" \/>\n<meta property=\"article:modified_time\" content=\"2023-09-30T11:34:28+00:00\" \/>\n<meta property=\"og:image\" content=\"https:\/\/tiketi.com\/wp-content\/uploads\/2019\/05\/chennai-reflection-3239899_1280.jpg\" \/>\n\t<meta property=\"og:image:width\" content=\"1200\" \/>\n\t<meta property=\"og:image:height\" content=\"201\" \/>\n\t<meta property=\"og:image:type\" content=\"image\/jpeg\" \/>\n<meta name=\"twitter:card\" content=\"summary_large_image\" \/>\n<meta name=\"twitter:label1\" content=\"Dur\u00e9e de lecture estim\u00e9e\" \/>\n\t<meta name=\"twitter:data1\" content=\"3 minutes\" \/>\n<script type=\"application\/ld+json\" class=\"yoast-schema-graph\">{\"@context\":\"https:\\\/\\\/schema.org\",\"@graph\":[{\"@type\":\"WebPage\",\"@id\":\"https:\\\/\\\/tiketi.com\\\/flying\\\/air-taxi\\\/chennai\\\/\",\"url\":\"https:\\\/\\\/tiketi.com\\\/flying\\\/air-taxi\\\/chennai\\\/\",\"name\":\"Air Taxi in Chennai Booking - Flying Routes, Schedule & Fares\",\"isPartOf\":{\"@id\":\"https:\\\/\\\/tiketi.com\\\/#website\"},\"primaryImageOfPage\":{\"@id\":\"https:\\\/\\\/tiketi.com\\\/flying\\\/air-taxi\\\/chennai\\\/#primaryimage\"},\"image\":{\"@id\":\"https:\\\/\\\/tiketi.com\\\/flying\\\/air-taxi\\\/chennai\\\/#primaryimage\"},\"thumbnailUrl\":\"https:\\\/\\\/tiketi.com\\\/wp-content\\\/uploads\\\/2019\\\/05\\\/chennai-reflection-3239899_1280.jpg\",\"datePublished\":\"2022-01-19T11:53:31+00:00\",\"dateModified\":\"2023-09-30T11:34:28+00:00\",\"description\":\"Looking for drone air taxi in Chennai online booking app, routes, schedule & fares? Compare Chennai air taxis flights tickets & book your cheap flying taxi in Chennai\",\"breadcrumb\":{\"@id\":\"https:\\\/\\\/tiketi.com\\\/flying\\\/air-taxi\\\/chennai\\\/#breadcrumb\"},\"inLanguage\":\"fr-FR\",\"potentialAction\":[{\"@type\":\"ReadAction\",\"target\":[\"https:\\\/\\\/tiketi.com\\\/flying\\\/air-taxi\\\/chennai\\\/\"]}]},{\"@type\":\"ImageObject\",\"inLanguage\":\"fr-FR\",\"@id\":\"https:\\\/\\\/tiketi.com\\\/flying\\\/air-taxi\\\/chennai\\\/#primaryimage\",\"url\":\"https:\\\/\\\/tiketi.com\\\/wp-content\\\/uploads\\\/2019\\\/05\\\/chennai-reflection-3239899_1280.jpg\",\"contentUrl\":\"https:\\\/\\\/tiketi.com\\\/wp-content\\\/uploads\\\/2019\\\/05\\\/chennai-reflection-3239899_1280.jpg\",\"width\":1200,\"height\":201,\"caption\":\"Chennai Air Taxi\"},{\"@type\":\"BreadcrumbList\",\"@id\":\"https:\\\/\\\/tiketi.com\\\/flying\\\/air-taxi\\\/chennai\\\/#breadcrumb\",\"itemListElement\":[{\"@type\":\"ListItem\",\"position\":1,\"name\":\"Home\",\"item\":\"https:\\\/\\\/tiketi.com\\\/\"},{\"@type\":\"ListItem\",\"position\":2,\"name\":\"Flying\",\"item\":\"https:\\\/\\\/tiketi.com\\\/fr-fr\\\/volants\\\/\"},{\"@type\":\"ListItem\",\"position\":3,\"name\":\"Air Taxi\",\"item\":\"https:\\\/\\\/tiketi.com\\\/flying\\\/air-taxi\\\/\"},{\"@type\":\"ListItem\",\"position\":4,\"name\":\"Air Taxi in Chennai Booking &#8211; Flying Routes, Schedule &amp; Fares\"}]},{\"@type\":\"WebSite\",\"@id\":\"https:\\\/\\\/tiketi.com\\\/#website\",\"url\":\"https:\\\/\\\/tiketi.com\\\/\",\"name\":\"Flight & Bus Tickets, Tour Packages & Activitites - Tiketi.com\",\"description\":\"Flight &amp; Bus Tickets, Tours, Activitites\",\"publisher\":{\"@id\":\"https:\\\/\\\/tiketi.com\\\/#organization\"},\"potentialAction\":[{\"@type\":\"SearchAction\",\"target\":{\"@type\":\"EntryPoint\",\"urlTemplate\":\"https:\\\/\\\/tiketi.com\\\/?s={search_term_string}\"},\"query-input\":{\"@type\":\"PropertyValueSpecification\",\"valueRequired\":true,\"valueName\":\"search_term_string\"}}],\"inLanguage\":\"fr-FR\"},{\"@type\":\"Organization\",\"@id\":\"https:\\\/\\\/tiketi.com\\\/#organization\",\"name\":\"Tiketi.com\",\"alternateName\":\"Tiketi\",\"url\":\"https:\\\/\\\/tiketi.com\\\/\",\"logo\":{\"@type\":\"ImageObject\",\"inLanguage\":\"fr-FR\",\"@id\":\"https:\\\/\\\/tiketi.com\\\/#\\\/schema\\\/logo\\\/image\\\/\",\"url\":\"https:\\\/\\\/tiketi.com\\\/wp-content\\\/uploads\\\/2019\\\/05\\\/tiketi-logo-696.png\",\"contentUrl\":\"https:\\\/\\\/tiketi.com\\\/wp-content\\\/uploads\\\/2019\\\/05\\\/tiketi-logo-696.png\",\"width\":696,\"height\":696,\"caption\":\"Tiketi.com\"},\"image\":{\"@id\":\"https:\\\/\\\/tiketi.com\\\/#\\\/schema\\\/logo\\\/image\\\/\"},\"sameAs\":[\"https:\\\/\\\/www.facebook.com\\\/TiketiCom\\\/\"]}]}<\/script>\n<!-- \/ Yoast SEO plugin. -->","yoast_head_json":{"title":"Air Taxi in Chennai Booking - Flying Routes, Schedule & Fares","description":"Looking for drone air taxi in Chennai online booking app, routes, schedule & fares? Compare Chennai air taxis flights tickets & book your cheap flying taxi in Chennai","robots":{"index":"index","follow":"follow","max-snippet":"max-snippet:-1","max-image-preview":"max-image-preview:large","max-video-preview":"max-video-preview:-1"},"canonical":"https:\/\/tiketi.com\/fr-fr\/volants\/taxi-aerien\/chennai\/","og_locale":"fr_FR","og_type":"article","og_title":"Air Taxi in Chennai Booking - Flying Routes, Schedule & Fares","og_description":"Looking for drone air taxi in Chennai online booking app, routes, schedule & fares? Compare Chennai air taxis flights tickets & book your cheap flying taxi in Chennai","og_url":"https:\/\/tiketi.com\/fr-fr\/volants\/taxi-aerien\/chennai\/","og_site_name":"Tiketi.com","article_publisher":"https:\/\/www.facebook.com\/TiketiCom\/","article_modified_time":"2023-09-30T11:34:28+00:00","og_image":[{"width":1200,"height":201,"url":"https:\/\/tiketi.com\/wp-content\/uploads\/2019\/05\/chennai-reflection-3239899_1280.jpg","type":"image\/jpeg"}],"twitter_card":"summary_large_image","twitter_misc":{"Dur\u00e9e de lecture estim\u00e9e":"3 minutes"},"schema":{"@context":"https:\/\/schema.org","@graph":[{"@type":"WebPage","@id":"https:\/\/tiketi.com\/flying\/air-taxi\/chennai\/","url":"https:\/\/tiketi.com\/flying\/air-taxi\/chennai\/","name":"Air Taxi in Chennai Booking - Flying Routes, Schedule & Fares","isPartOf":{"@id":"https:\/\/tiketi.com\/#website"},"primaryImageOfPage":{"@id":"https:\/\/tiketi.com\/flying\/air-taxi\/chennai\/#primaryimage"},"image":{"@id":"https:\/\/tiketi.com\/flying\/air-taxi\/chennai\/#primaryimage"},"thumbnailUrl":"https:\/\/tiketi.com\/wp-content\/uploads\/2019\/05\/chennai-reflection-3239899_1280.jpg","datePublished":"2022-01-19T11:53:31+00:00","dateModified":"2023-09-30T11:34:28+00:00","description":"Looking for drone air taxi in Chennai online booking app, routes, schedule & fares? Compare Chennai air taxis flights tickets & book your cheap flying taxi in Chennai","breadcrumb":{"@id":"https:\/\/tiketi.com\/flying\/air-taxi\/chennai\/#breadcrumb"},"inLanguage":"fr-FR","potentialAction":[{"@type":"ReadAction","target":["https:\/\/tiketi.com\/flying\/air-taxi\/chennai\/"]}]},{"@type":"ImageObject","inLanguage":"fr-FR","@id":"https:\/\/tiketi.com\/flying\/air-taxi\/chennai\/#primaryimage","url":"https:\/\/tiketi.com\/wp-content\/uploads\/2019\/05\/chennai-reflection-3239899_1280.jpg","contentUrl":"https:\/\/tiketi.com\/wp-content\/uploads\/2019\/05\/chennai-reflection-3239899_1280.jpg","width":1200,"height":201,"caption":"Chennai Air Taxi"},{"@type":"BreadcrumbList","@id":"https:\/\/tiketi.com\/flying\/air-taxi\/chennai\/#breadcrumb","itemListElement":[{"@type":"ListItem","position":1,"name":"Home","item":"https:\/\/tiketi.com\/"},{"@type":"ListItem","position":2,"name":"Flying","item":"https:\/\/tiketi.com\/fr-fr\/volants\/"},{"@type":"ListItem","position":3,"name":"Air Taxi","item":"https:\/\/tiketi.com\/flying\/air-taxi\/"},{"@type":"ListItem","position":4,"name":"Air Taxi in Chennai Booking &#8211; Flying Routes, Schedule &amp; Fares"}]},{"@type":"WebSite","@id":"https:\/\/tiketi.com\/#website","url":"https:\/\/tiketi.com\/","name":"Billets d&#039;avion et de bus, forfaits touristiques et activit\u00e9s - Tiketi.com","description":"Billets d&#039;avion et de bus, Tours, Activit\u00e9s","publisher":{"@id":"https:\/\/tiketi.com\/#organization"},"potentialAction":[{"@type":"SearchAction","target":{"@type":"EntryPoint","urlTemplate":"https:\/\/tiketi.com\/?s={search_term_string}"},"query-input":{"@type":"PropertyValueSpecification","valueRequired":true,"valueName":"search_term_string"}}],"inLanguage":"fr-FR"},{"@type":"Organization","@id":"https:\/\/tiketi.com\/#organization","name":"Tiketi.com","alternateName":"Tiketi","url":"https:\/\/tiketi.com\/","logo":{"@type":"ImageObject","inLanguage":"fr-FR","@id":"https:\/\/tiketi.com\/#\/schema\/logo\/image\/","url":"https:\/\/tiketi.com\/wp-content\/uploads\/2019\/05\/tiketi-logo-696.png","contentUrl":"https:\/\/tiketi.com\/wp-content\/uploads\/2019\/05\/tiketi-logo-696.png","width":696,"height":696,"caption":"Tiketi.com"},"image":{"@id":"https:\/\/tiketi.com\/#\/schema\/logo\/image\/"},"sameAs":["https:\/\/www.facebook.com\/TiketiCom\/"]}]}},"_links":{"self":[{"href":"https:\/\/tiketi.com\/fr-fr\/wp-json\/wp\/v2\/pages\/10563","targetHints":{"allow":["GET"]}}],"collection":[{"href":"https:\/\/tiketi.com\/fr-fr\/wp-json\/wp\/v2\/pages"}],"about":[{"href":"https:\/\/tiketi.com\/fr-fr\/wp-json\/wp\/v2\/types\/page"}],"author":[{"embeddable":true,"href":"https:\/\/tiketi.com\/fr-fr\/wp-json\/wp\/v2\/users\/1"}],"replies":[{"embeddable":true,"href":"https:\/\/tiketi.com\/fr-fr\/wp-json\/wp\/v2\/comments?post=10563"}],"version-history":[{"count":0,"href":"https:\/\/tiketi.com\/fr-fr\/wp-json\/wp\/v2\/pages\/10563\/revisions"}],"up":[{"embeddable":true,"href":"https:\/\/tiketi.com\/fr-fr\/wp-json\/wp\/v2\/pages\/25621"}],"wp:featuredmedia":[{"embeddable":true,"href":"https:\/\/tiketi.com\/fr-fr\/wp-json\/wp\/v2\/media\/18901"}],"wp:attachment":[{"href":"https:\/\/tiketi.com\/fr-fr\/wp-json\/wp\/v2\/media?parent=10563"}],"curies":[{"name":"wp","href":"https:\/\/api.w.org\/{rel}","templated":true}]}}