{"id":10564,"date":"2022-01-19T12:53:31","date_gmt":"2022-01-19T11:53:31","guid":{"rendered":"https:\/\/new.tiketi.com\/adelaide-air-taxi-booking-app-electric-flying-taxis\/"},"modified":"2022-10-14T12:19:38","modified_gmt":"2022-10-14T11:19:38","slug":"adelaide","status":"publish","type":"page","link":"https:\/\/tiketi.com\/fr-fr\/volants\/taxi-aerien\/adelaide\/","title":{"rendered":"Air Taxi in Adelaide Online Booking &#8211; Flying Routes, Schedule &#038; Fares"},"content":{"rendered":"<h2>Electric Adelaide Air Taxi Booking App<\/h2>\n<p>Electric air taxi in Adelaide online booking app service enable users to book drone electric flying taxi in Adelaide flight tickets anytime. We are making Adelaide air taxi booking simple, affordable and accessible for everyone. Air taxis in Adelaide makes possible to travel cheap and fast in South Australia. Adelaide is definitely rich when it comes to visitor attractions. From historical monuments, beaches to national parks and casinos, Adelaide has all this. The top visitor places you will definitely enjoy include the following. If you are looking for some thrill at the beach, head down to the famous Glenelg or Henley beaches or drive up to the summit of Mount Lofty and enjoy amazing views of Adelaide city. Climb abroad a complete scale model of a sailing ketch at the Southern Australian Maritime Museum or check out the remarkable collection of animals in the Adelaide Zoo. Nevertheless, whatever you do, Adelaide is charming, vibrant, bright and clean city for you to explore. As with so many other things you will be able to make anytime and anywhere drone taxi in Adelaide online booking for your electric air taxi flight.<\/p>\n<h2>Here are some of the best advantages of electric flying taxi in Adelaide<\/h2>\n<h3>How quick are these electric air taxis in Adelaide?<\/h3>\n<p>Yes, the drone taxis in Adelaide would definitely decrease the travel duration. It is guessed that the speed of hundred miles per hour could be achieved by air cars through flying taxis in Adelaid. Also, not to forget that the distance would also decrease substantially as there would be not roads limitations.<\/p>\n<h3>How simple is electric flying\u00a0taxi in Adelaide?<\/h3>\n<p>On devine que les voitures a\u00e9riennes sont beaucoup plus simples que la conduite. C&#039;est parce que le conducteur aura plus d&#039;espace dans les airs. Aussi, le lecteur disposera d&#039;une zone 3D pour d\u00e9placer son v\u00e9hicule plut\u00f4t qu&#039;en 2D dans le cas des routes.<\/p>\n<h3>Electric air taxis in Adelaide multiple use-cases with public advantage<\/h3>\n<p>When thinking about flying taxis in Adelaide online booking, private ownership is far from the only use case out there. There are many ways in which drone taxis in Adelaide can advantage an important portion of the population.<\/p>\n<h3>How much will an electric flying\u00a0taxis in Adelaide cost?<\/h3>\n<p>Initially, drone taxis in Adelaide will cost approximately $5.73 per passenger mile. You can easily book air taxi flight tickets through electric flying taxis in Adelaide\u00a0 app. The air taxis in Adelaide\u00a0price will then plummet to $1.85 per passenger mile before finally hitting the customer amazing fare rate of $0.44 per mile.<\/p>\n<h2>Advantages of electric Adelaide air taxi booking app<\/h2>\n<p>Among its other advantages, flying taxis in Adelaide online booking could provide a economic boom by rising the number of people heading for recreation and tourism places that are not near big airports.<\/p>\n<h3>Would drone air taxi in Adelaide online booking app be used to book a electric air taxi flight tickets?<\/h3>\n<p>Yes, customers can seamlessly use online electric drone taxi Adelaide booking app to find the best route and book a drone flying taxi in Adelaide flight tickets anytime and anywhere.<\/p>","protected":false},"excerpt":{"rendered":"<p>Electric Adelaide Air Taxi Booking App Electric air taxi in Adelaide online booking app service enable users to book drone electric flying taxi in Adelaide flight tickets anytime. We are making Adelaide air taxi booking simple, affordable and accessible for everyone. Air taxis in Adelaide makes possible to travel cheap and fast in South Australia. [&hellip;]<\/p>\n","protected":false},"author":1,"featured_media":14698,"parent":25621,"menu_order":0,"comment_status":"open","ping_status":"closed","template":"template-home-modern.php","meta":{"footnotes":""},"class_list":["post-10564","page","type-page","status-publish","has-post-thumbnail","hentry"],"yoast_head":"<!-- This site is optimized with the Yoast SEO plugin v27.2 - https:\/\/yoast.com\/product\/yoast-seo-wordpress\/ -->\n<title>Air Taxi in Adelaide Online Booking - Electric Flying Taxis<\/title>\n<meta name=\"description\" content=\"Looking for drone air taxi in Adelaide online booking app, routes, schedule &amp; fares? Compare Adelaide air taxis flight tickets and book cheap flying taxi in Adelaide\" \/>\n<meta name=\"robots\" content=\"index, follow, max-snippet:-1, max-image-preview:large, max-video-preview:-1\" \/>\n<link rel=\"canonical\" href=\"https:\/\/tiketi.com\/fr-fr\/volants\/taxi-aerien\/adelaide\/\" \/>\n<meta property=\"og:locale\" content=\"fr_FR\" \/>\n<meta property=\"og:type\" content=\"article\" \/>\n<meta property=\"og:title\" content=\"Air Taxi in Adelaide Online Booking - Electric Flying Taxis\" \/>\n<meta property=\"og:description\" content=\"Looking for drone air taxi in Adelaide online booking app, routes, schedule &amp; fares? Compare Adelaide air taxis flight tickets and book cheap flying taxi in Adelaide\" \/>\n<meta property=\"og:url\" content=\"https:\/\/tiketi.com\/fr-fr\/volants\/taxi-aerien\/adelaide\/\" \/>\n<meta property=\"og:site_name\" content=\"Tiketi.com\" \/>\n<meta property=\"article:publisher\" content=\"https:\/\/www.facebook.com\/TiketiCom\/\" \/>\n<meta property=\"article:modified_time\" content=\"2022-10-14T11:19:38+00:00\" \/>\n<meta property=\"og:image\" content=\"https:\/\/tiketi.com\/wp-content\/uploads\/2022\/01\/adelaide-finn-XfInXsup0Zc-unsplash.jpg\" \/>\n\t<meta property=\"og:image:width\" content=\"1200\" \/>\n\t<meta property=\"og:image:height\" content=\"240\" \/>\n\t<meta property=\"og:image:type\" content=\"image\/jpeg\" \/>\n<meta name=\"twitter:card\" content=\"summary_large_image\" \/>\n<meta name=\"twitter:label1\" content=\"Dur\u00e9e de lecture estim\u00e9e\" \/>\n\t<meta name=\"twitter:data1\" content=\"3 minutes\" \/>\n<script type=\"application\/ld+json\" class=\"yoast-schema-graph\">{\"@context\":\"https:\/\/schema.org\",\"@graph\":[{\"@type\":\"WebPage\",\"@id\":\"https:\/\/tiketi.com\/flying\/air-taxi\/adelaide\/\",\"url\":\"https:\/\/tiketi.com\/flying\/air-taxi\/adelaide\/\",\"name\":\"Air Taxi in Adelaide Online Booking - Electric Flying Taxis\",\"isPartOf\":{\"@id\":\"https:\/\/tiketi.com\/#website\"},\"primaryImageOfPage\":{\"@id\":\"https:\/\/tiketi.com\/flying\/air-taxi\/adelaide\/#primaryimage\"},\"image\":{\"@id\":\"https:\/\/tiketi.com\/flying\/air-taxi\/adelaide\/#primaryimage\"},\"thumbnailUrl\":\"https:\/\/tiketi.com\/wp-content\/uploads\/2022\/01\/adelaide-finn-XfInXsup0Zc-unsplash.jpg\",\"datePublished\":\"2022-01-19T11:53:31+00:00\",\"dateModified\":\"2022-10-14T11:19:38+00:00\",\"description\":\"Looking for drone air taxi in Adelaide online booking app, routes, schedule & fares? Compare Adelaide air taxis flight tickets and book cheap flying taxi in Adelaide\",\"breadcrumb\":{\"@id\":\"https:\/\/tiketi.com\/flying\/air-taxi\/adelaide\/#breadcrumb\"},\"inLanguage\":\"fr-FR\",\"potentialAction\":[{\"@type\":\"ReadAction\",\"target\":[\"https:\/\/tiketi.com\/flying\/air-taxi\/adelaide\/\"]}]},{\"@type\":\"ImageObject\",\"inLanguage\":\"fr-FR\",\"@id\":\"https:\/\/tiketi.com\/flying\/air-taxi\/adelaide\/#primaryimage\",\"url\":\"https:\/\/tiketi.com\/wp-content\/uploads\/2022\/01\/adelaide-finn-XfInXsup0Zc-unsplash.jpg\",\"contentUrl\":\"https:\/\/tiketi.com\/wp-content\/uploads\/2022\/01\/adelaide-finn-XfInXsup0Zc-unsplash.jpg\",\"width\":1200,\"height\":240,\"caption\":\"Adelaide Air Taxi\"},{\"@type\":\"BreadcrumbList\",\"@id\":\"https:\/\/tiketi.com\/flying\/air-taxi\/adelaide\/#breadcrumb\",\"itemListElement\":[{\"@type\":\"ListItem\",\"position\":1,\"name\":\"Home\",\"item\":\"https:\/\/tiketi.com\/\"},{\"@type\":\"ListItem\",\"position\":2,\"name\":\"Flying\",\"item\":\"https:\/\/tiketi.com\/fr-fr\/volants\/\"},{\"@type\":\"ListItem\",\"position\":3,\"name\":\"Air Taxi\",\"item\":\"https:\/\/tiketi.com\/flying\/air-taxi\/\"},{\"@type\":\"ListItem\",\"position\":4,\"name\":\"Air Taxi in Adelaide Online Booking &#8211; Flying Routes, Schedule &#038; Fares\"}]},{\"@type\":\"WebSite\",\"@id\":\"https:\/\/tiketi.com\/#website\",\"url\":\"https:\/\/tiketi.com\/\",\"name\":\"Flight & Bus Tickets, Tour Packages & Activitites - Tiketi.com\",\"description\":\"Flight &amp; Bus Tickets, Tours, Activitites\",\"publisher\":{\"@id\":\"https:\/\/tiketi.com\/#organization\"},\"potentialAction\":[{\"@type\":\"SearchAction\",\"target\":{\"@type\":\"EntryPoint\",\"urlTemplate\":\"https:\/\/tiketi.com\/?s={search_term_string}\"},\"query-input\":{\"@type\":\"PropertyValueSpecification\",\"valueRequired\":true,\"valueName\":\"search_term_string\"}}],\"inLanguage\":\"fr-FR\"},{\"@type\":\"Organization\",\"@id\":\"https:\/\/tiketi.com\/#organization\",\"name\":\"Tiketi.com\",\"alternateName\":\"Tiketi\",\"url\":\"https:\/\/tiketi.com\/\",\"logo\":{\"@type\":\"ImageObject\",\"inLanguage\":\"fr-FR\",\"@id\":\"https:\/\/tiketi.com\/#\/schema\/logo\/image\/\",\"url\":\"https:\/\/tiketi.com\/wp-content\/uploads\/2019\/05\/tiketi-logo-696.png\",\"contentUrl\":\"https:\/\/tiketi.com\/wp-content\/uploads\/2019\/05\/tiketi-logo-696.png\",\"width\":696,\"height\":696,\"caption\":\"Tiketi.com\"},\"image\":{\"@id\":\"https:\/\/tiketi.com\/#\/schema\/logo\/image\/\"},\"sameAs\":[\"https:\/\/www.facebook.com\/TiketiCom\/\"]}]}<\/script>\n<!-- \/ Yoast SEO plugin. -->","yoast_head_json":{"title":"R\u00e9servation en ligne de taxis a\u00e9riens \u00e0 Ad\u00e9la\u00efde - Taxis volants \u00e9lectriques","description":"Looking for drone air taxi in Adelaide online booking app, routes, schedule & fares? Compare Adelaide air taxis flight tickets and book cheap flying taxi in Adelaide","robots":{"index":"index","follow":"follow","max-snippet":"max-snippet:-1","max-image-preview":"max-image-preview:large","max-video-preview":"max-video-preview:-1"},"canonical":"https:\/\/tiketi.com\/fr-fr\/volants\/taxi-aerien\/adelaide\/","og_locale":"fr_FR","og_type":"article","og_title":"Air Taxi in Adelaide Online Booking - Electric Flying Taxis","og_description":"Looking for drone air taxi in Adelaide online booking app, routes, schedule & fares? Compare Adelaide air taxis flight tickets and book cheap flying taxi in Adelaide","og_url":"https:\/\/tiketi.com\/fr-fr\/volants\/taxi-aerien\/adelaide\/","og_site_name":"Tiketi.com","article_publisher":"https:\/\/www.facebook.com\/TiketiCom\/","article_modified_time":"2022-10-14T11:19:38+00:00","og_image":[{"width":1200,"height":240,"url":"https:\/\/tiketi.com\/wp-content\/uploads\/2022\/01\/adelaide-finn-XfInXsup0Zc-unsplash.jpg","type":"image\/jpeg"}],"twitter_card":"summary_large_image","twitter_misc":{"Dur\u00e9e de lecture estim\u00e9e":"3 minutes"},"schema":{"@context":"https:\/\/schema.org","@graph":[{"@type":"WebPage","@id":"https:\/\/tiketi.com\/flying\/air-taxi\/adelaide\/","url":"https:\/\/tiketi.com\/flying\/air-taxi\/adelaide\/","name":"R\u00e9servation en ligne de taxis a\u00e9riens \u00e0 Ad\u00e9la\u00efde - Taxis volants \u00e9lectriques","isPartOf":{"@id":"https:\/\/tiketi.com\/#website"},"primaryImageOfPage":{"@id":"https:\/\/tiketi.com\/flying\/air-taxi\/adelaide\/#primaryimage"},"image":{"@id":"https:\/\/tiketi.com\/flying\/air-taxi\/adelaide\/#primaryimage"},"thumbnailUrl":"https:\/\/tiketi.com\/wp-content\/uploads\/2022\/01\/adelaide-finn-XfInXsup0Zc-unsplash.jpg","datePublished":"2022-01-19T11:53:31+00:00","dateModified":"2022-10-14T11:19:38+00:00","description":"Looking for drone air taxi in Adelaide online booking app, routes, schedule & fares? Compare Adelaide air taxis flight tickets and book cheap flying taxi in Adelaide","breadcrumb":{"@id":"https:\/\/tiketi.com\/flying\/air-taxi\/adelaide\/#breadcrumb"},"inLanguage":"fr-FR","potentialAction":[{"@type":"ReadAction","target":["https:\/\/tiketi.com\/flying\/air-taxi\/adelaide\/"]}]},{"@type":"ImageObject","inLanguage":"fr-FR","@id":"https:\/\/tiketi.com\/flying\/air-taxi\/adelaide\/#primaryimage","url":"https:\/\/tiketi.com\/wp-content\/uploads\/2022\/01\/adelaide-finn-XfInXsup0Zc-unsplash.jpg","contentUrl":"https:\/\/tiketi.com\/wp-content\/uploads\/2022\/01\/adelaide-finn-XfInXsup0Zc-unsplash.jpg","width":1200,"height":240,"caption":"Adelaide Air Taxi"},{"@type":"BreadcrumbList","@id":"https:\/\/tiketi.com\/flying\/air-taxi\/adelaide\/#breadcrumb","itemListElement":[{"@type":"ListItem","position":1,"name":"Home","item":"https:\/\/tiketi.com\/"},{"@type":"ListItem","position":2,"name":"Flying","item":"https:\/\/tiketi.com\/fr-fr\/volants\/"},{"@type":"ListItem","position":3,"name":"Air Taxi","item":"https:\/\/tiketi.com\/flying\/air-taxi\/"},{"@type":"ListItem","position":4,"name":"Air Taxi in Adelaide Online Booking &#8211; Flying Routes, Schedule &#038; Fares"}]},{"@type":"WebSite","@id":"https:\/\/tiketi.com\/#website","url":"https:\/\/tiketi.com\/","name":"Billets d&#039;avion et de bus, forfaits touristiques et activit\u00e9s - Tiketi.com","description":"Billets d&#039;avion et de bus, Tours, Activit\u00e9s","publisher":{"@id":"https:\/\/tiketi.com\/#organization"},"potentialAction":[{"@type":"SearchAction","target":{"@type":"EntryPoint","urlTemplate":"https:\/\/tiketi.com\/?s={search_term_string}"},"query-input":{"@type":"PropertyValueSpecification","valueRequired":true,"valueName":"search_term_string"}}],"inLanguage":"fr-FR"},{"@type":"Organization","@id":"https:\/\/tiketi.com\/#organization","name":"Tiketi.com","alternateName":"Tiketi","url":"https:\/\/tiketi.com\/","logo":{"@type":"ImageObject","inLanguage":"fr-FR","@id":"https:\/\/tiketi.com\/#\/schema\/logo\/image\/","url":"https:\/\/tiketi.com\/wp-content\/uploads\/2019\/05\/tiketi-logo-696.png","contentUrl":"https:\/\/tiketi.com\/wp-content\/uploads\/2019\/05\/tiketi-logo-696.png","width":696,"height":696,"caption":"Tiketi.com"},"image":{"@id":"https:\/\/tiketi.com\/#\/schema\/logo\/image\/"},"sameAs":["https:\/\/www.facebook.com\/TiketiCom\/"]}]}},"_links":{"self":[{"href":"https:\/\/tiketi.com\/fr-fr\/wp-json\/wp\/v2\/pages\/10564","targetHints":{"allow":["GET"]}}],"collection":[{"href":"https:\/\/tiketi.com\/fr-fr\/wp-json\/wp\/v2\/pages"}],"about":[{"href":"https:\/\/tiketi.com\/fr-fr\/wp-json\/wp\/v2\/types\/page"}],"author":[{"embeddable":true,"href":"https:\/\/tiketi.com\/fr-fr\/wp-json\/wp\/v2\/users\/1"}],"replies":[{"embeddable":true,"href":"https:\/\/tiketi.com\/fr-fr\/wp-json\/wp\/v2\/comments?post=10564"}],"version-history":[{"count":0,"href":"https:\/\/tiketi.com\/fr-fr\/wp-json\/wp\/v2\/pages\/10564\/revisions"}],"up":[{"embeddable":true,"href":"https:\/\/tiketi.com\/fr-fr\/wp-json\/wp\/v2\/pages\/25621"}],"wp:featuredmedia":[{"embeddable":true,"href":"https:\/\/tiketi.com\/fr-fr\/wp-json\/wp\/v2\/media\/14698"}],"wp:attachment":[{"href":"https:\/\/tiketi.com\/fr-fr\/wp-json\/wp\/v2\/media?parent=10564"}],"curies":[{"name":"wp","href":"https:\/\/api.w.org\/{rel}","templated":true}]}}