{"id":10565,"date":"2022-01-19T12:53:31","date_gmt":"2022-01-19T11:53:31","guid":{"rendered":"https:\/\/new.tiketi.com\/bangalore-air-taxi-booking-app-electric-flying-taxis\/"},"modified":"2025-08-06T16:53:01","modified_gmt":"2025-08-06T15:53:01","slug":"bangalore","status":"publish","type":"page","link":"https:\/\/tiketi.com\/fr-fr\/volants\/taxi-aerien\/bangalore\/","title":{"rendered":"Fly Over Bangalore\u2019s Roads \u2013 Easy Air Taxi Bangalore Online Bookings"},"content":{"rendered":"<h2 id=\"electric-india-air-taxi-booking-app\" class=\"wp-block-heading\">Book a Flying Taxi in Bangalore \u2013 Fast, Green, and Affordable Urban Travel<\/h2>\r\n<p><span style=\"font-size: revert; color: initial;\">The Cheap air taxi in Bangalore online booking app allows users to easily reserve helicopter and flying taxi flight tickets. Air taxis in Bangalore make it possible to travel quickly and affordably across the city. Bengaluru, formerly Bangalore, is the Karnataka capital city in South India. The city has earned many names such as Silicon Valley of India, Air conditioned city, Pub capital of India and City of Gardens. Anyway, prior to the IT revolution, Bengaluru was called as Pensioners Paradise. Now, it is a remarkable blend of present and past. Although Bengaluru may not have as many remarkable attractions as other big cities in India, it does have a best mix of architecture, history, spirituality, culture and nature. Just like many other services, you&#8217;ll be able to make a Bangalore air taxi booking anytime, anywhere, through the app for your electric air taxi flight.<\/span><\/p>\r\n<h2>Why Choose a Flying Taxi in Bangalore?<\/h2>\r\n<ul>\r\n<li><strong>Gagnez du temps<\/strong> \u2013 Ce qui prenait 30 \u00e0 60 minutes en voiture peut d\u00e9sormais se faire en moins de 10 minutes par avion.<\/li>\r\n<li><strong>\u00c9cologique et silencieux<\/strong> \u2013 Nos avions \u00e9lectriques sont jusqu&#039;\u00e0 100 fois plus silencieux que les h\u00e9licopt\u00e8res traditionnels et ne produisent aucune \u00e9mission.<\/li>\r\n<li><strong>S\u00e9curit\u00e9 certifi\u00e9e<\/strong> \u2013 Nos avions sont pilot\u00e9s par des pilotes agr\u00e9\u00e9s et sont \u00e9quip\u00e9s de multiples syst\u00e8mes de s\u00e9curit\u00e9 redondants afin de garantir un voyage en toute s\u00e9curit\u00e9.<\/li>\r\n<li><strong>Comfortable Experience<\/strong> \u2013 D&#039;un simple clic, vous \u00eates parti \u2013 sans tracas, sans stress.<\/li>\r\n<li><strong>Effortless Booking<\/strong> \u2013 Book Your Flight in Just a Few Clicks \u2013 Anytime, Anywhere<\/li>\r\n<\/ul>\r\n<h2>How Our Bangalore Air Taxi Booking Service Works<\/h2>\r\n<p>R\u00e9server votre taxi a\u00e9rien est aussi simple que de r\u00e9server une course\u00a0:<\/p>\r\n<ol>\r\n<li><strong>Ouvrez le <a href=\"https:\/\/tiketi.com\/fr-fr\/download-tiketi-app\/\" target=\"_blank\" rel=\"noopener\">Application Tiketi<\/a> ou site Web<\/strong><\/li>\r\n<li><strong>Choisissez votre d\u00e9part<\/strong> from one of Bangalore\u2019s many helipads or upcoming vertiports (e.g., Electronic City, Kempegowda International Airport, Whitefield)<\/li>\r\n<li><strong>Choisissez votre avion<\/strong> \u2013 Choisissez un \u00e9l\u00e9gant taxi a\u00e9rien tout \u00e9lectrique \u00e0 2 ou 4 places<\/li>\r\n<li><strong>Confirmer et partir<\/strong> \u2013 Votre vol est r\u00e9serv\u00e9 en temps r\u00e9el et votre point d&#039;embarquement est pr\u00eat quand vous l&#039;\u00eates.<\/li>\r\n<\/ol>\r\n<p>In just a few minutes, you&#8217;re airborne\u2014gliding over Bangalore\u2019s iconic skyline and avoiding the gridlock below.<\/p>\r\n<h2>Flying Taxi Routes in Bangalore \u2013 Sky High in Minutes<\/h2>\r\n<p>Bangalore&#8217;s aerial transport network is rapidly taking shape, with several high-demand routes already under development:<\/p>\r\n<ul>\r\n<li><strong>Kempegowda International Airport \u2192 Whitefield<\/strong> \u2013 ~12 minutes (vs. 45\u201360 minutes by road)<\/li>\r\n<li><strong>Electronic City \u2192 Koramangala<\/strong> \u2013 7\u201310 minutes<\/li>\r\n<\/ul>\r\n<p><strong>Les itin\u00e9raires futurs comprennent\u00a0:<\/strong><\/p>\r\n<ul>\r\n<li><strong>Bangalore \u2192 Mysuru<\/strong> (~40 minutes)<\/li>\r\n<li><strong>Bangalore \u2192 Chennai<\/strong> (~60 minutes)<\/li>\r\n<\/ul>\r\n<p>With strong support from Indian aviation authorities, these air taxi routes are set to take off in the near future, making Bangalore\u2019s airspace an efficient travel option.<\/p>\r\n<h2>Options de tarification et de r\u00e9servation des taxis volants<\/h2>\r\n<p>Our pricing is competitive and designed to offer maximum value, so you can skip the traffic and enjoy the skies:<\/p>\r\n<ul>\r\n<li><strong>Tarifs actuels\u00a0:<\/strong> \u20b9300\u2013\u20b9500 per passenger-km (prices are expected to decrease as demand rises)<\/li>\r\n<li><strong>Example: Kempegowda Airport to Whitefield<\/strong> (~30 km) = \u20b9900\u2013\u20b91500, which is comparable to premium taxi services but much faster.<\/li>\r\n<\/ul>\r\n<p>\u00c0 venir:<\/p>\r\n<ul>\r\n<li><strong>Commuter plans for regular passengers<\/strong><\/li>\r\n<li><strong>Corporate and group travel packages<\/strong><\/li>\r\n<li><strong>Volume discounts for business and private clients<\/strong><\/li>\r\n<\/ul>\r\n<p>Book your flight easily through the app, website, or with our concierge service. Need ground transport or extra services? We\u2019ve got you covered.<\/p>\r\n<h2>Who&#8217;s Leading the Charge in Bangalore?<\/h2>\r\n<p>Meet the pioneers bringing urban air mobility to Bangalore:<\/p>\r\n<ul>\r\n<li><strong>Joby Aviation + IndiGo:<\/strong> Offering high-speed, electric air taxi services, aimed at delivering urban air mobility in Bangalore\u2019s airspace, with plans to offer services from Kempegowda Airport.<\/li>\r\n<li><strong>Urban Aeronautics:<\/strong> In partnership with Skyports, launching eVTOL air taxis to streamline city transport, with routes connecting key hubs like ITPL and Electronic City.<\/li>\r\n<li><strong>Bangalore International Airport (BIAL):<\/strong> Partnering with the government to expand aerial infrastructure, including skyports and charging hubs.<\/li>\r\n<li><strong>Government of Karnataka:<\/strong> Actively investing in advanced transportation networks, including urban air mobility, to alleviate Bangalore\u2019s growing traffic congestion.<\/li>\r\n<\/ul>\r\n<h2>Foire aux questions<\/h2>\r\n<h3>Is it safe to fly in an air taxi?<\/h3>\r\n<p>Yes. All flights are piloted by certified professionals and follow stringent safety standards, with multiple safety redundancies to ensure a smooth, secure flight.<\/p>\r\n<h3>Les vols peuvent-ils \u00eatre assur\u00e9s par mauvais temps\u00a0?<\/h3>\r\n<p>Your safety is our priority. In case of adverse weather conditions, we will notify you immediately and assist with rescheduling or a full refund if needed.<\/p>\r\n<h3>Puis-je apporter des bagages ?<\/h3>\r\n<p>Yes, carry-on luggage is welcome. For larger items, we\u2019ll arrange for ground transport to deliver them to your destination.<\/p>\r\n<!-- \/wp:post-content -->\r\n\r\n<!-- wp:heading -->\r\n<h2>Voici quelques-uns des meilleurs avantages du taxi volant \u00e9lectrique \u00e0 Bangalore, Karnataka<\/h2>\r\n<h3>Are electric air taxis in Bangalore a new type of mobility?<\/h3>\r\n<!-- \/wp:heading -->\r\n\r\n<!-- wp:paragraph -->\r\n<p>Les drones passagers offriront une nouvelle fa\u00e7on de parcourir de petites distances gr\u00e2ce \u00e0 la r\u00e9servation en ligne de taxis volants \u00e0 Bangalore. Imaginez si nous pouvons voyager comme les Jetson. Bien que les capacit\u00e9s des drones passagers restent incertaines, cela r\u00e9duira certainement de moiti\u00e9 le temps de trajet et sera c\u00e9l\u00e8bre parmi les personnes qui veulent rejeter le trafic \u00e9lev\u00e9. Les taxis volants \u00e0 Bangalore sont moins chers que les jets priv\u00e9s.<\/p>\r\n<!-- \/wp:paragraph -->\r\n\r\n<!-- wp:paragraph -->\r\n<p>Il n&#039;y a aucun moyen de le dire avec certitude au d\u00e9part, mais \u00e0 mesure que la technologie gagne du terrain, elle remplacera les jets priv\u00e9s.<\/p>\r\n<h3>Are drone flying taxi in Bangalore eco-friendly?<\/h3>\r\n<!-- \/wp:paragraph -->\r\n\r\n<!-- wp:paragraph -->\r\n<p>Alors que les h\u00e9licopt\u00e8res, les jets et les avions utilisent du carburant pour voler, presque tous les drones actuellement en cours de d\u00e9veloppement utilisent l&#039;\u00e9lectricit\u00e9, ce qui les rend sans \u00e9missions et respectueux de l&#039;environnement. C&#039;est un meilleur choix dans une soci\u00e9t\u00e9 qui se tourne vers les technologies vertes.<\/p>\r\n<!-- \/wp:paragraph -->\r\n\r\n<!-- wp:paragraph -->\r\n<p>Quoi qu&#039;il en soit, l&#039;id\u00e9e de navettes de drones amenant les visiteurs d&#039;un point A \u00e0 un point B n&#039;est plus le fruit de notre imagination gr\u00e2ce au taxi drone dans l&#039;application Bangalore.<\/p>\r\n<h3>How quick are air taxis in Bangalore?<\/h3>\r\n<!-- \/wp:paragraph -->\r\n\r\n<!-- wp:paragraph -->\r\n<p>L&#039;avion Archers eVTOL, nomm\u00e9 Maker, sera capable de parcourir une distance allant jusqu&#039;\u00e0 soixante miles \u00e0 des vitesses proches de 150 mph. en plus de soulager les embouteillages au sol, l&#039;engin motoris\u00e9 ne g\u00e9n\u00e9rera aucune \u00e9mission et aura une empreinte sonore de seulement 45 dba, se fondant dans les sons des quartiers r\u00e9sidentiels.<\/p>\r\n<h3>Combien co\u00fbtera un taxi volant \u00e9lectrique \u00e0 Bangalore ?<\/h3>\r\n<!-- \/wp:paragraph -->\r\n\r\n<!-- wp:paragraph -->\r\n<p>Initially, drone air taxis in Bangalore will cost approximately $5.73 per passenger mile. You can easily book air taxi through electric flying taxis in Bangalore app. The air taxi in Bangalore price will then plummet to $1.85 per passenger mile before finally hitting the customer amazing fare rate of $0.44 per mile.<\/p>\r\n<h2>Advantages of electric air taxi in Bangalore booking app<\/h2>\r\n<!-- \/wp:paragraph -->\r\n\r\n<!-- wp:paragraph -->\r\n<p>Among its other advantages, Bangalore air taxi online booking could provide a economic boom by rising the number of people heading for recreation and tourism places that are not near big airports.<\/p>\r\n<!-- \/wp:paragraph -->\r\n\r\n<!-- wp:heading {\"level\":3} -->\r\n<h3 id=\"would-drone-air-taxi-in-dubai-online-booking-app-be-used-to-book-a-electric-air-taxi-flight\" class=\"wp-block-heading\">Can the air taxis in Bangalore online booking app be used to reserve electric air taxi flight tickets?<\/h3>\r\n<!-- \/wp:heading -->\r\n\r\n<!-- wp:paragraph -->\r\n<p>Oui, les clients peuvent utiliser de mani\u00e8re transparente l&#039;application de r\u00e9servation de taxi a\u00e9rien \u00e9lectrique Bangalore en ligne pour trouver le meilleur itin\u00e9raire et r\u00e9server un taxi volant avec drone \u00e0 Bangalore \u00e0 tout moment et n&#039;importe o\u00f9.<\/p>\r\n<h2>Autres vols populaires en taxi a\u00e9rien<\/h2>\r\n<table border=\"0\" cellspacing=\"1\" cellpadding=\"1\">\r\n<tbody>\r\n<tr>\r\n<td>Bon march\u00e9 <a href=\"https:\/\/tiketi.com\/fr-fr\/volants\/taxi-aerien\/mumbai\/\" target=\"_blank\" rel=\"noopener\">air taxi in Mumbai<\/a>\u00a0<\/td>\r\n<td style=\"width: 30px;\">\u00a0<\/td>\r\n<td>Bon march\u00e9 <a href=\"https:\/\/tiketi.com\/fr-fr\/volants\/taxi-aerien\/india\/\" target=\"_blank\" rel=\"noopener\">air taxi in India<\/a><\/td>\r\n<td style=\"width: 30px;\">\u00a0<\/td>\r\n<td>Bon march\u00e9 <a href=\"https:\/\/tiketi.com\/fr-fr\/volants\/taxi-aerien\/delhi\/\" target=\"_blank\" rel=\"noopener\">air taxi in Delhi<\/a><\/td>\r\n<\/tr>\r\n<tr>\r\n<td>Bon march\u00e9 <a href=\"https:\/\/tiketi.com\/fr-fr\/volants\/taxi-aerien\/hyderabad\/\" target=\"_blank\" rel=\"noopener\">air taxi in Hyderabad<\/a><\/td>\r\n<td style=\"width: 30px;\">\u00a0<\/td>\r\n<td>Bon march\u00e9 <a href=\"https:\/\/tiketi.com\/fr-fr\/volants\/taxi-aerien\/chennai\/\" target=\"_blank\" rel=\"noopener\">air taxi in Chennai<\/a><\/td>\r\n<td style=\"width: 30px;\">\u00a0<\/td>\r\n<td>Bon march\u00e9 <a href=\"https:\/\/tiketi.com\/fr-fr\/volants\/taxi-aerien\/kolkata\/\" target=\"_blank\" rel=\"noopener\">air taxi in Kolkata<\/a><\/td>\r\n<\/tr>\r\n<tr>\r\n<td>Bon march\u00e9 <a href=\"https:\/\/tiketi.com\/fr-fr\/volants\/taxi-aerien\/singapore\/\" target=\"_blank\" rel=\"noopener\">taxi a\u00e9rien \u00e0 Singapour<\/a><\/td>\r\n<td style=\"width: 30px;\">\u00a0<\/td>\r\n<td>Bon march\u00e9 <a href=\"https:\/\/tiketi.com\/fr-fr\/volants\/taxi-aerien\/dubai\/\" target=\"_blank\" rel=\"noopener\">taxi a\u00e9rien \u00e0 Duba\u00ef<\/a><\/td>\r\n<td style=\"width: 30px;\">\u00a0<\/td>\r\n<td>Bon march\u00e9 <a href=\"https:\/\/tiketi.com\/fr-fr\/volants\/taxi-aerien\/new-york-nyc\/\" target=\"_blank\" rel=\"noopener\">taxi a\u00e9rien \u00e0 New York<\/a><\/td>\r\n<\/tr>\r\n<\/tbody>\r\n<\/table>\r\n<p>&nbsp;<\/p>\r\n<p>&nbsp;<\/p>","protected":false},"excerpt":{"rendered":"<p>Book a Flying Taxi in Bangalore \u2013 Fast, Green, and Affordable Urban Travel The Cheap air taxi in Bangalore online booking app allows users to easily reserve helicopter and flying taxi flight tickets. Air taxis in Bangalore make it possible to travel quickly and affordably across the city. Bengaluru, formerly Bangalore, is the Karnataka capital [&hellip;]<\/p>\n","protected":false},"author":1,"featured_media":14471,"parent":25621,"menu_order":0,"comment_status":"open","ping_status":"closed","template":"template-home-modern.php","meta":{"footnotes":""},"class_list":["post-10565","page","type-page","status-publish","has-post-thumbnail","hentry"],"yoast_head":"<!-- This site is optimized with the Yoast SEO plugin v27.2 - https:\/\/yoast.com\/product\/yoast-seo-wordpress\/ -->\n<title>Book an Air Taxi in Bangalore Online | Cheap Flying Taxi Fares<\/title>\n<meta name=\"description\" content=\"Book an air taxi in Bangalore online with our app. Compare routes, fares, &amp; flight tickets for air taxis, &amp; find affordable flying taxi options\" \/>\n<meta name=\"robots\" content=\"index, follow, max-snippet:-1, max-image-preview:large, max-video-preview:-1\" \/>\n<link rel=\"canonical\" href=\"https:\/\/tiketi.com\/fr-fr\/volants\/taxi-aerien\/bangalore\/\" \/>\n<meta property=\"og:locale\" content=\"fr_FR\" \/>\n<meta property=\"og:type\" content=\"article\" \/>\n<meta property=\"og:title\" content=\"Book an Air Taxi in Bangalore Online | Cheap Flying Taxi Fares\" \/>\n<meta property=\"og:description\" content=\"Book an air taxi in Bangalore online with our app. Compare routes, fares, &amp; flight tickets for air taxis, &amp; find affordable flying taxi options\" \/>\n<meta property=\"og:url\" content=\"https:\/\/tiketi.com\/fr-fr\/volants\/taxi-aerien\/bangalore\/\" \/>\n<meta property=\"og:site_name\" content=\"Tiketi.com\" \/>\n<meta property=\"article:publisher\" content=\"https:\/\/www.facebook.com\/TiketiCom\/\" \/>\n<meta property=\"article:modified_time\" content=\"2025-08-06T15:53:01+00:00\" \/>\n<meta property=\"og:image\" content=\"https:\/\/tiketi.com\/wp-content\/uploads\/2022\/01\/bangalore-architecture-3024.jpg\" \/>\n\t<meta property=\"og:image:width\" content=\"1280\" \/>\n\t<meta property=\"og:image:height\" content=\"257\" \/>\n\t<meta property=\"og:image:type\" content=\"image\/jpeg\" \/>\n<meta name=\"twitter:card\" content=\"summary_large_image\" \/>\n<meta name=\"twitter:label1\" content=\"Dur\u00e9e de lecture estim\u00e9e\" \/>\n\t<meta name=\"twitter:data1\" content=\"6 minutes\" \/>\n<script type=\"application\/ld+json\" class=\"yoast-schema-graph\">{\"@context\":\"https:\/\/schema.org\",\"@graph\":[{\"@type\":\"WebPage\",\"@id\":\"https:\/\/tiketi.com\/flying\/air-taxi\/bangalore\/\",\"url\":\"https:\/\/tiketi.com\/flying\/air-taxi\/bangalore\/\",\"name\":\"Book an Air Taxi in Bangalore Online | Cheap Flying Taxi Fares\",\"isPartOf\":{\"@id\":\"https:\/\/tiketi.com\/#website\"},\"primaryImageOfPage\":{\"@id\":\"https:\/\/tiketi.com\/flying\/air-taxi\/bangalore\/#primaryimage\"},\"image\":{\"@id\":\"https:\/\/tiketi.com\/flying\/air-taxi\/bangalore\/#primaryimage\"},\"thumbnailUrl\":\"https:\/\/tiketi.com\/wp-content\/uploads\/2022\/01\/bangalore-architecture-3024.jpg\",\"datePublished\":\"2022-01-19T11:53:31+00:00\",\"dateModified\":\"2025-08-06T15:53:01+00:00\",\"description\":\"Book an air taxi in Bangalore online with our app. Compare routes, fares, & flight tickets for air taxis, & find affordable flying taxi options\",\"breadcrumb\":{\"@id\":\"https:\/\/tiketi.com\/flying\/air-taxi\/bangalore\/#breadcrumb\"},\"inLanguage\":\"fr-FR\",\"potentialAction\":[{\"@type\":\"ReadAction\",\"target\":[\"https:\/\/tiketi.com\/flying\/air-taxi\/bangalore\/\"]}]},{\"@type\":\"ImageObject\",\"inLanguage\":\"fr-FR\",\"@id\":\"https:\/\/tiketi.com\/flying\/air-taxi\/bangalore\/#primaryimage\",\"url\":\"https:\/\/tiketi.com\/wp-content\/uploads\/2022\/01\/bangalore-architecture-3024.jpg\",\"contentUrl\":\"https:\/\/tiketi.com\/wp-content\/uploads\/2022\/01\/bangalore-architecture-3024.jpg\",\"width\":1280,\"height\":257,\"caption\":\"Bangalore Air Taxi\"},{\"@type\":\"BreadcrumbList\",\"@id\":\"https:\/\/tiketi.com\/flying\/air-taxi\/bangalore\/#breadcrumb\",\"itemListElement\":[{\"@type\":\"ListItem\",\"position\":1,\"name\":\"Home\",\"item\":\"https:\/\/tiketi.com\/\"},{\"@type\":\"ListItem\",\"position\":2,\"name\":\"Flying\",\"item\":\"https:\/\/tiketi.com\/fr-fr\/volants\/\"},{\"@type\":\"ListItem\",\"position\":3,\"name\":\"Air Taxi\",\"item\":\"https:\/\/tiketi.com\/flying\/air-taxi\/\"},{\"@type\":\"ListItem\",\"position\":4,\"name\":\"Fly Over Bangalore\u2019s Roads \u2013 Easy Air Taxi Bangalore Online Bookings\"}]},{\"@type\":\"WebSite\",\"@id\":\"https:\/\/tiketi.com\/#website\",\"url\":\"https:\/\/tiketi.com\/\",\"name\":\"Flight & Bus Tickets, Tour Packages & Activitites - Tiketi.com\",\"description\":\"Flight &amp; Bus Tickets, Tours, Activitites\",\"publisher\":{\"@id\":\"https:\/\/tiketi.com\/#organization\"},\"potentialAction\":[{\"@type\":\"SearchAction\",\"target\":{\"@type\":\"EntryPoint\",\"urlTemplate\":\"https:\/\/tiketi.com\/?s={search_term_string}\"},\"query-input\":{\"@type\":\"PropertyValueSpecification\",\"valueRequired\":true,\"valueName\":\"search_term_string\"}}],\"inLanguage\":\"fr-FR\"},{\"@type\":\"Organization\",\"@id\":\"https:\/\/tiketi.com\/#organization\",\"name\":\"Tiketi.com\",\"alternateName\":\"Tiketi\",\"url\":\"https:\/\/tiketi.com\/\",\"logo\":{\"@type\":\"ImageObject\",\"inLanguage\":\"fr-FR\",\"@id\":\"https:\/\/tiketi.com\/#\/schema\/logo\/image\/\",\"url\":\"https:\/\/tiketi.com\/wp-content\/uploads\/2019\/05\/tiketi-logo-696.png\",\"contentUrl\":\"https:\/\/tiketi.com\/wp-content\/uploads\/2019\/05\/tiketi-logo-696.png\",\"width\":696,\"height\":696,\"caption\":\"Tiketi.com\"},\"image\":{\"@id\":\"https:\/\/tiketi.com\/#\/schema\/logo\/image\/\"},\"sameAs\":[\"https:\/\/www.facebook.com\/TiketiCom\/\"]}]}<\/script>\n<!-- \/ Yoast SEO plugin. -->","yoast_head_json":{"title":"Book an Air Taxi in Bangalore Online | Cheap Flying Taxi Fares","description":"Book an air taxi in Bangalore online with our app. Compare routes, fares, & flight tickets for air taxis, & find affordable flying taxi options","robots":{"index":"index","follow":"follow","max-snippet":"max-snippet:-1","max-image-preview":"max-image-preview:large","max-video-preview":"max-video-preview:-1"},"canonical":"https:\/\/tiketi.com\/fr-fr\/volants\/taxi-aerien\/bangalore\/","og_locale":"fr_FR","og_type":"article","og_title":"Book an Air Taxi in Bangalore Online | Cheap Flying Taxi Fares","og_description":"Book an air taxi in Bangalore online with our app. Compare routes, fares, & flight tickets for air taxis, & find affordable flying taxi options","og_url":"https:\/\/tiketi.com\/fr-fr\/volants\/taxi-aerien\/bangalore\/","og_site_name":"Tiketi.com","article_publisher":"https:\/\/www.facebook.com\/TiketiCom\/","article_modified_time":"2025-08-06T15:53:01+00:00","og_image":[{"width":1280,"height":257,"url":"https:\/\/tiketi.com\/wp-content\/uploads\/2022\/01\/bangalore-architecture-3024.jpg","type":"image\/jpeg"}],"twitter_card":"summary_large_image","twitter_misc":{"Dur\u00e9e de lecture estim\u00e9e":"6 minutes"},"schema":{"@context":"https:\/\/schema.org","@graph":[{"@type":"WebPage","@id":"https:\/\/tiketi.com\/flying\/air-taxi\/bangalore\/","url":"https:\/\/tiketi.com\/flying\/air-taxi\/bangalore\/","name":"Book an Air Taxi in Bangalore Online | Cheap Flying Taxi Fares","isPartOf":{"@id":"https:\/\/tiketi.com\/#website"},"primaryImageOfPage":{"@id":"https:\/\/tiketi.com\/flying\/air-taxi\/bangalore\/#primaryimage"},"image":{"@id":"https:\/\/tiketi.com\/flying\/air-taxi\/bangalore\/#primaryimage"},"thumbnailUrl":"https:\/\/tiketi.com\/wp-content\/uploads\/2022\/01\/bangalore-architecture-3024.jpg","datePublished":"2022-01-19T11:53:31+00:00","dateModified":"2025-08-06T15:53:01+00:00","description":"Book an air taxi in Bangalore online with our app. Compare routes, fares, & flight tickets for air taxis, & find affordable flying taxi options","breadcrumb":{"@id":"https:\/\/tiketi.com\/flying\/air-taxi\/bangalore\/#breadcrumb"},"inLanguage":"fr-FR","potentialAction":[{"@type":"ReadAction","target":["https:\/\/tiketi.com\/flying\/air-taxi\/bangalore\/"]}]},{"@type":"ImageObject","inLanguage":"fr-FR","@id":"https:\/\/tiketi.com\/flying\/air-taxi\/bangalore\/#primaryimage","url":"https:\/\/tiketi.com\/wp-content\/uploads\/2022\/01\/bangalore-architecture-3024.jpg","contentUrl":"https:\/\/tiketi.com\/wp-content\/uploads\/2022\/01\/bangalore-architecture-3024.jpg","width":1280,"height":257,"caption":"Bangalore Air Taxi"},{"@type":"BreadcrumbList","@id":"https:\/\/tiketi.com\/flying\/air-taxi\/bangalore\/#breadcrumb","itemListElement":[{"@type":"ListItem","position":1,"name":"Home","item":"https:\/\/tiketi.com\/"},{"@type":"ListItem","position":2,"name":"Flying","item":"https:\/\/tiketi.com\/fr-fr\/volants\/"},{"@type":"ListItem","position":3,"name":"Air Taxi","item":"https:\/\/tiketi.com\/flying\/air-taxi\/"},{"@type":"ListItem","position":4,"name":"Fly Over Bangalore\u2019s Roads \u2013 Easy Air Taxi Bangalore Online Bookings"}]},{"@type":"WebSite","@id":"https:\/\/tiketi.com\/#website","url":"https:\/\/tiketi.com\/","name":"Billets d&#039;avion et de bus, forfaits touristiques et activit\u00e9s - Tiketi.com","description":"Billets d&#039;avion et de bus, Tours, Activit\u00e9s","publisher":{"@id":"https:\/\/tiketi.com\/#organization"},"potentialAction":[{"@type":"SearchAction","target":{"@type":"EntryPoint","urlTemplate":"https:\/\/tiketi.com\/?s={search_term_string}"},"query-input":{"@type":"PropertyValueSpecification","valueRequired":true,"valueName":"search_term_string"}}],"inLanguage":"fr-FR"},{"@type":"Organization","@id":"https:\/\/tiketi.com\/#organization","name":"Tiketi.com","alternateName":"Tiketi","url":"https:\/\/tiketi.com\/","logo":{"@type":"ImageObject","inLanguage":"fr-FR","@id":"https:\/\/tiketi.com\/#\/schema\/logo\/image\/","url":"https:\/\/tiketi.com\/wp-content\/uploads\/2019\/05\/tiketi-logo-696.png","contentUrl":"https:\/\/tiketi.com\/wp-content\/uploads\/2019\/05\/tiketi-logo-696.png","width":696,"height":696,"caption":"Tiketi.com"},"image":{"@id":"https:\/\/tiketi.com\/#\/schema\/logo\/image\/"},"sameAs":["https:\/\/www.facebook.com\/TiketiCom\/"]}]}},"_links":{"self":[{"href":"https:\/\/tiketi.com\/fr-fr\/wp-json\/wp\/v2\/pages\/10565","targetHints":{"allow":["GET"]}}],"collection":[{"href":"https:\/\/tiketi.com\/fr-fr\/wp-json\/wp\/v2\/pages"}],"about":[{"href":"https:\/\/tiketi.com\/fr-fr\/wp-json\/wp\/v2\/types\/page"}],"author":[{"embeddable":true,"href":"https:\/\/tiketi.com\/fr-fr\/wp-json\/wp\/v2\/users\/1"}],"replies":[{"embeddable":true,"href":"https:\/\/tiketi.com\/fr-fr\/wp-json\/wp\/v2\/comments?post=10565"}],"version-history":[{"count":10,"href":"https:\/\/tiketi.com\/fr-fr\/wp-json\/wp\/v2\/pages\/10565\/revisions"}],"predecessor-version":[{"id":32408,"href":"https:\/\/tiketi.com\/fr-fr\/wp-json\/wp\/v2\/pages\/10565\/revisions\/32408"}],"up":[{"embeddable":true,"href":"https:\/\/tiketi.com\/fr-fr\/wp-json\/wp\/v2\/pages\/25621"}],"wp:featuredmedia":[{"embeddable":true,"href":"https:\/\/tiketi.com\/fr-fr\/wp-json\/wp\/v2\/media\/14471"}],"wp:attachment":[{"href":"https:\/\/tiketi.com\/fr-fr\/wp-json\/wp\/v2\/media?parent=10565"}],"curies":[{"name":"wp","href":"https:\/\/api.w.org\/{rel}","templated":true}]}}