{"id":10566,"date":"2022-01-19T12:53:31","date_gmt":"2022-01-19T11:53:31","guid":{"rendered":"https:\/\/new.tiketi.com\/perth-air-taxi-booking-app-electric-flying-taxis\/"},"modified":"2023-10-06T17:40:22","modified_gmt":"2023-10-06T16:40:22","slug":"perth","status":"publish","type":"page","link":"https:\/\/tiketi.com\/fr-fr\/volants\/taxi-aerien\/perth\/","title":{"rendered":"Taxi a\u00e9rien \u00e0 Perth R\u00e9servation en ligne - Itin\u00e9raires de vol, horaires et tarifs"},"content":{"rendered":"<h2>Application de r\u00e9servation de taxi a\u00e9rien \u00e9lectrique \u00e0 Perth<\/h2>\n<!-- \/wp:post-content -->\n\n<!-- wp:paragraph -->\n\nLe service d&#039;application de r\u00e9servation en ligne de taxi a\u00e9rien \u00e9lectrique \u00e0 Perth permettra aux utilisateurs de r\u00e9server des billets d&#039;avion en taxi volant par drone \u00e0 Perth. Les taxis a\u00e9riens autonomes \u00e0 Perth permettent de voyager rapidement et \u00e0 moindre co\u00fbt \u00e0 Perth. Il existe un grand nombre d&#039;attractions \u00e0 Perth que presque tous les visiteurs feront. Le premier est Kings Park, puis Fremantle, puis un peu de brousse d&#039;Australie occidentale, puis apr\u00e8s l&#039;\u00eele Rottnest et de nombreux autres endroits. L&#039;\u00eele Rottnest est une grande \u00eele situ\u00e9e \u00e0 12 km au large de Fremantle, qui a \u00e9t\u00e9 cr\u00e9\u00e9e pour devenir un lieu id\u00e9al pour les visiteurs. Il existe une grande vari\u00e9t\u00e9 d&#039;endroits o\u00f9 s\u00e9journer, et \u00e9tant une \u00eele, il y a toujours un endroit parfait o\u00f9 \u00eatre. L&#039;\u00eele Rottnest poss\u00e8de un grand nombre de baies, toutes id\u00e9ales pour la plong\u00e9e en apn\u00e9e et le surf. Le meilleur de l&#039;\u00eele est que, quelle que soit la provenance du vent, vous trouverez toujours une baie prot\u00e9g\u00e9e et plate. Comme pour bien d&#039;autres choses, vous pourrez effectuer \u00e0 tout moment et en tout lieu une r\u00e9servation de taxi a\u00e9rien par drone \u00e0 Perth pour votre vol de taxi a\u00e9rien \u00e9lectrique.\n\n<!-- \/wp:paragraph -->\n\n<!-- wp:heading -->\n<h2>Voici quelques-uns des meilleurs avantages du taxi volant \u00e9lectrique \u00e0 Perth<\/h2>\n<h3>Quelle est la rapidit\u00e9 de ces taxis a\u00e9riens \u00e9lectriques \u00e0 Perth\u00a0?<\/h3>\n<!-- \/wp:heading -->\n\n<!-- wp:paragraph -->\n\nOui, les taxis drones \u00e0 Perth r\u00e9duiraient certainement la dur\u00e9e du voyage. On suppose que la vitesse de cent milles par heure pourrait \u00eatre atteinte par des voitures a\u00e9riennes gr\u00e2ce \u00e0 des taxis volants \u00e0 Perth. Il ne faut pas non plus oublier que la distance diminuerait \u00e9galement consid\u00e9rablement car il n\u2019y aurait pas de limitations routi\u00e8res.\n\n<!-- \/wp:paragraph -->\n\n<!-- wp:heading {\"level\":3} -->\n<h3>\u00c0 quel point le taxi volant \u00e9lectrique est-il simple \u00e0 Perth\u00a0?<\/h3>\n<!-- \/wp:heading -->\n\n<!-- wp:paragraph -->\n\nOn devine que les voitures a\u00e9riennes sont beaucoup plus simples que la conduite. C&#039;est parce que le conducteur aura plus d&#039;espace dans les airs. Aussi, le lecteur disposera d&#039;une zone 3D pour d\u00e9placer son v\u00e9hicule plut\u00f4t qu&#039;en 2D dans le cas des routes.\n<h3>Les taxis a\u00e9riens \u00e9lectriques \u00e0 Perth : de multiples cas d&#039;utilisation b\u00e9n\u00e9ficiant au public<\/h3>\n<!-- \/wp:paragraph -->\n\n<!-- wp:paragraph -->\n\nLorsque l\u2019on pense \u00e0 la r\u00e9servation en ligne de taxis volants par drone \u00e0 Perth, la propri\u00e9t\u00e9 priv\u00e9e est loin d\u2019\u00eatre le seul cas d\u2019utilisation. Il existe de nombreuses fa\u00e7ons dont les taxis drones \u00e0 Perth peuvent profiter \u00e0 une partie importante de la population.\n<h3>Combien co\u00fbtera un taxi volant \u00e9lectrique \u00e0 Perth ?<\/h3>\n<!-- \/wp:paragraph -->\n\n<!-- wp:paragraph -->\n\nInitialement, les taxis a\u00e9riens \u00e0 Perth co\u00fbteront environ $5,73 par passager-mile. Le prix du taxi a\u00e9rien \u00e0 Perth chutera ensuite \u00e0 $1,85 par passager-mile avant de finalement atteindre le tarif incroyable du client de $0,44 par mile. Vous pouvez facilement r\u00e9server des billets d&#039;avion en taxi a\u00e9rien via des taxis volants \u00e9lectriques dans l&#039;application Perth.\n<h2>Avantages du taxi a\u00e9rien \u00e9lectrique dans l&#039;application de r\u00e9servation en ligne de Perth<\/h2>\n<!-- \/wp:paragraph -->\n\n<!-- wp:paragraph -->\n\nParmi ses autres avantages, la r\u00e9servation en ligne de taxi drone \u00e0 Perth pourrait g\u00e9n\u00e9rer un boom \u00e9conomique en augmentant le nombre de personnes se dirigeant vers des lieux de loisirs et de tourisme \u00e9loign\u00e9s des grands a\u00e9roports.\n\n<!-- \/wp:paragraph -->\n\n<!-- wp:heading {\"level\":3} -->\n<h3>L&#039;application de r\u00e9servation en ligne de taxi a\u00e9rien de Perth par drone serait-elle utilis\u00e9e pour r\u00e9server des billets d&#039;avion de taxi a\u00e9rien \u00e9lectrique\u00a0?<\/h3>\n<!-- \/wp:heading -->\n\n<!-- wp:paragraph -->\n\nOui, les clients peuvent utiliser de mani\u00e8re transparente l&#039;application de r\u00e9servation de taxi a\u00e9rien \u00e9lectrique de Perth en ligne pour trouver le meilleur itin\u00e9raire et r\u00e9server un taxi volant par drone \u00e0 Perth \u00e0 tout moment et n&#039;importe o\u00f9.","protected":false},"excerpt":{"rendered":"<p>Electric Perth air taxi booking app Electric air taxi in Perth online booking app service will enable users to book drone flying taxi in Perth flight tickets. Autonomous air taxis in Perth makes possible to travel cheap and fast in Perth. There is big number of Perth attractions which almost every visitor will do. The [&hellip;]<\/p>\n","protected":false},"author":1,"featured_media":20988,"parent":25621,"menu_order":0,"comment_status":"open","ping_status":"closed","template":"template-home-modern.php","meta":{"footnotes":""},"class_list":["post-10566","page","type-page","status-publish","has-post-thumbnail","hentry"],"yoast_head":"<!-- This site is optimized with the Yoast SEO plugin v27.2 - https:\/\/yoast.com\/product\/yoast-seo-wordpress\/ -->\n<title>Air Taxi in Perth Online Booking - Electric Flying Taxis<\/title>\n<meta name=\"description\" content=\"Looking for drone air taxi in Perth online booking app, routes, schedule &amp; fares? Compare air taxis flight tickets and book cheap flying taxi in Perth\" \/>\n<meta name=\"robots\" content=\"index, follow, max-snippet:-1, max-image-preview:large, max-video-preview:-1\" \/>\n<link rel=\"canonical\" href=\"https:\/\/tiketi.com\/fr-fr\/volants\/taxi-aerien\/perth\/\" \/>\n<meta property=\"og:locale\" content=\"fr_FR\" \/>\n<meta property=\"og:type\" content=\"article\" \/>\n<meta property=\"og:title\" content=\"Air Taxi in Perth Online Booking - Electric Flying Taxis\" \/>\n<meta property=\"og:description\" content=\"Looking for drone air taxi in Perth online booking app, routes, schedule &amp; fares? Compare air taxis flight tickets and book cheap flying taxi in Perth\" \/>\n<meta property=\"og:url\" content=\"https:\/\/tiketi.com\/fr-fr\/volants\/taxi-aerien\/perth\/\" \/>\n<meta property=\"og:site_name\" content=\"Tiketi.com\" \/>\n<meta property=\"article:publisher\" content=\"https:\/\/www.facebook.com\/TiketiCom\/\" \/>\n<meta property=\"article:modified_time\" content=\"2023-10-06T16:40:22+00:00\" \/>\n<meta property=\"og:image\" content=\"https:\/\/tiketi.com\/wp-content\/uploads\/2019\/05\/perth-2986358_1280.jpg\" \/>\n\t<meta property=\"og:image:width\" content=\"1200\" \/>\n\t<meta property=\"og:image:height\" content=\"200\" \/>\n\t<meta property=\"og:image:type\" content=\"image\/jpeg\" \/>\n<meta name=\"twitter:card\" content=\"summary_large_image\" \/>\n<meta name=\"twitter:label1\" content=\"Dur\u00e9e de lecture estim\u00e9e\" \/>\n\t<meta name=\"twitter:data1\" content=\"3 minutes\" \/>\n<script type=\"application\/ld+json\" class=\"yoast-schema-graph\">{\"@context\":\"https:\/\/schema.org\",\"@graph\":[{\"@type\":\"WebPage\",\"@id\":\"https:\/\/tiketi.com\/flying\/air-taxi\/perth\/\",\"url\":\"https:\/\/tiketi.com\/flying\/air-taxi\/perth\/\",\"name\":\"Air Taxi in Perth Online Booking - Electric Flying Taxis\",\"isPartOf\":{\"@id\":\"https:\/\/tiketi.com\/#website\"},\"primaryImageOfPage\":{\"@id\":\"https:\/\/tiketi.com\/flying\/air-taxi\/perth\/#primaryimage\"},\"image\":{\"@id\":\"https:\/\/tiketi.com\/flying\/air-taxi\/perth\/#primaryimage\"},\"thumbnailUrl\":\"https:\/\/tiketi.com\/wp-content\/uploads\/2019\/05\/perth-2986358_1280.jpg\",\"datePublished\":\"2022-01-19T11:53:31+00:00\",\"dateModified\":\"2023-10-06T16:40:22+00:00\",\"description\":\"Looking for drone air taxi in Perth online booking app, routes, schedule & fares? Compare air taxis flight tickets and book cheap flying taxi in Perth\",\"breadcrumb\":{\"@id\":\"https:\/\/tiketi.com\/flying\/air-taxi\/perth\/#breadcrumb\"},\"inLanguage\":\"fr-FR\",\"potentialAction\":[{\"@type\":\"ReadAction\",\"target\":[\"https:\/\/tiketi.com\/flying\/air-taxi\/perth\/\"]}]},{\"@type\":\"ImageObject\",\"inLanguage\":\"fr-FR\",\"@id\":\"https:\/\/tiketi.com\/flying\/air-taxi\/perth\/#primaryimage\",\"url\":\"https:\/\/tiketi.com\/wp-content\/uploads\/2019\/05\/perth-2986358_1280.jpg\",\"contentUrl\":\"https:\/\/tiketi.com\/wp-content\/uploads\/2019\/05\/perth-2986358_1280.jpg\",\"width\":1200,\"height\":200,\"caption\":\"Air Taxi in Perth\"},{\"@type\":\"BreadcrumbList\",\"@id\":\"https:\/\/tiketi.com\/flying\/air-taxi\/perth\/#breadcrumb\",\"itemListElement\":[{\"@type\":\"ListItem\",\"position\":1,\"name\":\"Home\",\"item\":\"https:\/\/tiketi.com\/\"},{\"@type\":\"ListItem\",\"position\":2,\"name\":\"Flying\",\"item\":\"https:\/\/tiketi.com\/fr-fr\/volants\/\"},{\"@type\":\"ListItem\",\"position\":3,\"name\":\"Air Taxi\",\"item\":\"https:\/\/tiketi.com\/flying\/air-taxi\/\"},{\"@type\":\"ListItem\",\"position\":4,\"name\":\"Air Taxi in Perth Online Booking &#8211; Flying Routes, Schedule &#038; Fares\"}]},{\"@type\":\"WebSite\",\"@id\":\"https:\/\/tiketi.com\/#website\",\"url\":\"https:\/\/tiketi.com\/\",\"name\":\"Flight & Bus Tickets, Tour Packages & Activitites - Tiketi.com\",\"description\":\"Flight &amp; Bus Tickets, Tours, Activitites\",\"publisher\":{\"@id\":\"https:\/\/tiketi.com\/#organization\"},\"potentialAction\":[{\"@type\":\"SearchAction\",\"target\":{\"@type\":\"EntryPoint\",\"urlTemplate\":\"https:\/\/tiketi.com\/?s={search_term_string}\"},\"query-input\":{\"@type\":\"PropertyValueSpecification\",\"valueRequired\":true,\"valueName\":\"search_term_string\"}}],\"inLanguage\":\"fr-FR\"},{\"@type\":\"Organization\",\"@id\":\"https:\/\/tiketi.com\/#organization\",\"name\":\"Tiketi.com\",\"alternateName\":\"Tiketi\",\"url\":\"https:\/\/tiketi.com\/\",\"logo\":{\"@type\":\"ImageObject\",\"inLanguage\":\"fr-FR\",\"@id\":\"https:\/\/tiketi.com\/#\/schema\/logo\/image\/\",\"url\":\"https:\/\/tiketi.com\/wp-content\/uploads\/2019\/05\/tiketi-logo-696.png\",\"contentUrl\":\"https:\/\/tiketi.com\/wp-content\/uploads\/2019\/05\/tiketi-logo-696.png\",\"width\":696,\"height\":696,\"caption\":\"Tiketi.com\"},\"image\":{\"@id\":\"https:\/\/tiketi.com\/#\/schema\/logo\/image\/\"},\"sameAs\":[\"https:\/\/www.facebook.com\/TiketiCom\/\"]}]}<\/script>\n<!-- \/ Yoast SEO plugin. -->","yoast_head_json":{"title":"Taxi a\u00e9rien \u00e0 Perth R\u00e9servation en ligne - Taxis volants \u00e9lectriques","description":"Vous recherchez un taxi a\u00e9rien par drone \u00e0 Perth, une application de r\u00e9servation en ligne, des itin\u00e9raires, des horaires et des tarifs\u00a0? Comparez les billets d&#039;avion des taxis a\u00e9riens et r\u00e9servez un taxi volant pas cher \u00e0 Perth","robots":{"index":"index","follow":"follow","max-snippet":"max-snippet:-1","max-image-preview":"max-image-preview:large","max-video-preview":"max-video-preview:-1"},"canonical":"https:\/\/tiketi.com\/fr-fr\/volants\/taxi-aerien\/perth\/","og_locale":"fr_FR","og_type":"article","og_title":"Air Taxi in Perth Online Booking - Electric Flying Taxis","og_description":"Looking for drone air taxi in Perth online booking app, routes, schedule & fares? Compare air taxis flight tickets and book cheap flying taxi in Perth","og_url":"https:\/\/tiketi.com\/fr-fr\/volants\/taxi-aerien\/perth\/","og_site_name":"Tiketi.com","article_publisher":"https:\/\/www.facebook.com\/TiketiCom\/","article_modified_time":"2023-10-06T16:40:22+00:00","og_image":[{"width":1200,"height":200,"url":"https:\/\/tiketi.com\/wp-content\/uploads\/2019\/05\/perth-2986358_1280.jpg","type":"image\/jpeg"}],"twitter_card":"summary_large_image","twitter_misc":{"Dur\u00e9e de lecture estim\u00e9e":"3 minutes"},"schema":{"@context":"https:\/\/schema.org","@graph":[{"@type":"WebPage","@id":"https:\/\/tiketi.com\/flying\/air-taxi\/perth\/","url":"https:\/\/tiketi.com\/flying\/air-taxi\/perth\/","name":"Taxi a\u00e9rien \u00e0 Perth R\u00e9servation en ligne - Taxis volants \u00e9lectriques","isPartOf":{"@id":"https:\/\/tiketi.com\/#website"},"primaryImageOfPage":{"@id":"https:\/\/tiketi.com\/flying\/air-taxi\/perth\/#primaryimage"},"image":{"@id":"https:\/\/tiketi.com\/flying\/air-taxi\/perth\/#primaryimage"},"thumbnailUrl":"https:\/\/tiketi.com\/wp-content\/uploads\/2019\/05\/perth-2986358_1280.jpg","datePublished":"2022-01-19T11:53:31+00:00","dateModified":"2023-10-06T16:40:22+00:00","description":"Vous recherchez un taxi a\u00e9rien par drone \u00e0 Perth, une application de r\u00e9servation en ligne, des itin\u00e9raires, des horaires et des tarifs\u00a0? Comparez les billets d&#039;avion des taxis a\u00e9riens et r\u00e9servez un taxi volant pas cher \u00e0 Perth","breadcrumb":{"@id":"https:\/\/tiketi.com\/flying\/air-taxi\/perth\/#breadcrumb"},"inLanguage":"fr-FR","potentialAction":[{"@type":"ReadAction","target":["https:\/\/tiketi.com\/flying\/air-taxi\/perth\/"]}]},{"@type":"ImageObject","inLanguage":"fr-FR","@id":"https:\/\/tiketi.com\/flying\/air-taxi\/perth\/#primaryimage","url":"https:\/\/tiketi.com\/wp-content\/uploads\/2019\/05\/perth-2986358_1280.jpg","contentUrl":"https:\/\/tiketi.com\/wp-content\/uploads\/2019\/05\/perth-2986358_1280.jpg","width":1200,"height":200,"caption":"Air Taxi in Perth"},{"@type":"BreadcrumbList","@id":"https:\/\/tiketi.com\/flying\/air-taxi\/perth\/#breadcrumb","itemListElement":[{"@type":"ListItem","position":1,"name":"Home","item":"https:\/\/tiketi.com\/"},{"@type":"ListItem","position":2,"name":"Flying","item":"https:\/\/tiketi.com\/fr-fr\/volants\/"},{"@type":"ListItem","position":3,"name":"Air Taxi","item":"https:\/\/tiketi.com\/flying\/air-taxi\/"},{"@type":"ListItem","position":4,"name":"Air Taxi in Perth Online Booking &#8211; Flying Routes, Schedule &#038; Fares"}]},{"@type":"WebSite","@id":"https:\/\/tiketi.com\/#website","url":"https:\/\/tiketi.com\/","name":"Billets d&#039;avion et de bus, forfaits touristiques et activit\u00e9s - Tiketi.com","description":"Billets d&#039;avion et de bus, Tours, Activit\u00e9s","publisher":{"@id":"https:\/\/tiketi.com\/#organization"},"potentialAction":[{"@type":"SearchAction","target":{"@type":"EntryPoint","urlTemplate":"https:\/\/tiketi.com\/?s={search_term_string}"},"query-input":{"@type":"PropertyValueSpecification","valueRequired":true,"valueName":"search_term_string"}}],"inLanguage":"fr-FR"},{"@type":"Organization","@id":"https:\/\/tiketi.com\/#organization","name":"Tiketi.com","alternateName":"Tiketi","url":"https:\/\/tiketi.com\/","logo":{"@type":"ImageObject","inLanguage":"fr-FR","@id":"https:\/\/tiketi.com\/#\/schema\/logo\/image\/","url":"https:\/\/tiketi.com\/wp-content\/uploads\/2019\/05\/tiketi-logo-696.png","contentUrl":"https:\/\/tiketi.com\/wp-content\/uploads\/2019\/05\/tiketi-logo-696.png","width":696,"height":696,"caption":"Tiketi.com"},"image":{"@id":"https:\/\/tiketi.com\/#\/schema\/logo\/image\/"},"sameAs":["https:\/\/www.facebook.com\/TiketiCom\/"]}]}},"_links":{"self":[{"href":"https:\/\/tiketi.com\/fr-fr\/wp-json\/wp\/v2\/pages\/10566","targetHints":{"allow":["GET"]}}],"collection":[{"href":"https:\/\/tiketi.com\/fr-fr\/wp-json\/wp\/v2\/pages"}],"about":[{"href":"https:\/\/tiketi.com\/fr-fr\/wp-json\/wp\/v2\/types\/page"}],"author":[{"embeddable":true,"href":"https:\/\/tiketi.com\/fr-fr\/wp-json\/wp\/v2\/users\/1"}],"replies":[{"embeddable":true,"href":"https:\/\/tiketi.com\/fr-fr\/wp-json\/wp\/v2\/comments?post=10566"}],"version-history":[{"count":0,"href":"https:\/\/tiketi.com\/fr-fr\/wp-json\/wp\/v2\/pages\/10566\/revisions"}],"up":[{"embeddable":true,"href":"https:\/\/tiketi.com\/fr-fr\/wp-json\/wp\/v2\/pages\/25621"}],"wp:featuredmedia":[{"embeddable":true,"href":"https:\/\/tiketi.com\/fr-fr\/wp-json\/wp\/v2\/media\/20988"}],"wp:attachment":[{"href":"https:\/\/tiketi.com\/fr-fr\/wp-json\/wp\/v2\/media?parent=10566"}],"curies":[{"name":"wp","href":"https:\/\/api.w.org\/{rel}","templated":true}]}}