{"id":10567,"date":"2022-01-19T12:53:31","date_gmt":"2022-01-19T11:53:31","guid":{"rendered":"https:\/\/new.tiketi.com\/brisbane-air-taxi-booking-app-electric-flying-taxis\/"},"modified":"2022-10-14T12:18:10","modified_gmt":"2022-10-14T11:18:10","slug":"brisbane","status":"publish","type":"page","link":"https:\/\/tiketi.com\/fr-fr\/volants\/taxi-aerien\/brisbane\/","title":{"rendered":"Air Taxi in Brisbane Online Booking &#8211; Flying Routes, Schedule &#038; Fares"},"content":{"rendered":"<h2>Electric Brisbane Air Taxi Booking App<\/h2>\nElectric air taxi in Brisbane online booking app service enable users to book drone flying taxi in Brisbane flight tickets anytime . We are making Brisbane air taxi booking simple, affordable and accessible for everyone. <span style=\"font-size: revert; color: initial;\">Autonome un<\/span><span style=\"font-size: 16px;\">ir taxis in Brisbane makes possible to travel cheap and fast in Queensland. Brisbane is strategically placed in the heart of Queensland and functions as the gateway to lots of attractions in the domestic area and surrounding places. Fondly called as the fun city of Australia, Brisbane has lots of hotspots for visitors and residents alike. It is a city which has an amazing art scene is dotted with concert halls, galleries, museums, as well as auditoriums and more than a dozen theatres. Brisbane accommodation is as big as it is varied and you can pick hotels, apartments or resorts. As a wonderful city it is a mixture of both new and old architecture that mingles charmingly to create a special skyline. It is considered the arts capital of Queensland and not just is there a focus on culture and art but it also evolved as an area that pays homage to best cuisine. As with so many other things you will be able to make anytime and anywhere drone taxi in Brisbane online booking for your electric air taxi flight.<\/span>\n\n<!-- \/wp:post-content --><!-- wp:heading -->\n<h2>Here are some of the best advantages of electric flying\u00a0taxi in Brisbane,\u00a0Queensland<\/h2>\n<h3>Electric air taxis in Brisbane is new type of mobility<\/h3>\n<!-- \/wp:heading --><!-- wp:paragraph -->\n\nPassengers drones will provide a new way to travel little distances through drone taxis in Brisbane online booking. Imagine if we can travel just like the Jetsons. While the capabilities of passenger drones remain uncertain, it will definitely cut the travel time in half and will be famous among people who want to reject the high traffic. Flying taxis in Brisbane are less expensive than private jets.\n\n<!-- \/wp:paragraph --><!-- wp:paragraph -->\n\nIl n&#039;y a aucun moyen de le dire avec certitude au d\u00e9part, mais \u00e0 mesure que la technologie gagne du terrain, elle remplacera les jets priv\u00e9s.\n<h3>Electric flying\u00a0taxi in Brisbane are eco-friendly<\/h3>\n<!-- \/wp:paragraph --><!-- wp:paragraph -->\n\nAlors que les h\u00e9licopt\u00e8res, les jets et les avions utilisent du carburant pour voler, presque tous les drones actuellement en cours de d\u00e9veloppement utilisent l&#039;\u00e9lectricit\u00e9, ce qui les rend sans \u00e9missions et respectueux de l&#039;environnement. C&#039;est un meilleur choix dans une soci\u00e9t\u00e9 qui se tourne vers les technologies vertes.\n\n<!-- \/wp:paragraph --><!-- wp:paragraph -->\n\nAnyway, the idea of drone shuttles bringing visitors from A to point B is no longer a figment of our imagination through drone flying taxis in Brisbane app.\n<h3>How quick is electric air taxis in Brisbane, Queensland?<\/h3>\n<!-- \/wp:paragraph --><!-- wp:paragraph -->\n\nL&#039;avion Archers eVTOL, nomm\u00e9 Maker, sera capable de parcourir une distance allant jusqu&#039;\u00e0 soixante miles \u00e0 des vitesses proches de 150 mph. en plus de soulager les embouteillages au sol, l&#039;engin motoris\u00e9 ne g\u00e9n\u00e9rera aucune \u00e9mission et aura une empreinte sonore de seulement 45 dba, se fondant dans les sons des quartiers r\u00e9sidentiels.\n<h3>How much will an electric flying\u00a0taxis in Brisbane cost?<\/h3>\n<!-- \/wp:paragraph --><!-- wp:paragraph -->\n\nInitially, drone taxis in Brisbane will cost approximately $5.73 per passenger mile. You can easily book air taxi flight tickets through electric flying taxis in Brisbane app. \u00a0The air taxis in Brisbane\u00a0price will then plummet to $1.85 per passenger mile before finally hitting the customer amazing fare rate of $0.44 per mile.\n<h2>Advantages of electric Brisbane air taxi booking app<\/h2>\n<!-- \/wp:paragraph --><!-- wp:paragraph -->\n\nAmong its other advantages, drone taxis in Brisbane could provide a economic boom by rising the number of people heading for recreation and tourism places that are not near big airports.\n\n<!-- \/wp:paragraph --><!-- wp:heading {\"level\":3} -->\n<h3>Would drone air taxi in Brisbane online booking app be used to book a electric air taxi flight tickets?<\/h3>\n<!-- \/wp:heading --><!-- wp:paragraph -->\n\nYes, customers can seamlessly use online drone Brisbane air taxi booking app to find the best route and book a electric flying taxi in Brisbane flight tickets anytime and anywhere.","protected":false},"excerpt":{"rendered":"<p>Electric Brisbane Air Taxi Booking App Electric air taxi in Brisbane online booking app service enable users to book drone flying taxi in Brisbane flight tickets anytime . We are making Brisbane air taxi booking simple, affordable and accessible for everyone. Autonomous air taxis in Brisbane makes possible to travel cheap and fast in Queensland. [&hellip;]<\/p>\n","protected":false},"author":1,"featured_media":16303,"parent":25621,"menu_order":0,"comment_status":"open","ping_status":"closed","template":"template-home-modern.php","meta":{"footnotes":""},"class_list":["post-10567","page","type-page","status-publish","has-post-thumbnail","hentry"],"yoast_head":"<!-- This site is optimized with the Yoast SEO plugin v27.2 - https:\/\/yoast.com\/product\/yoast-seo-wordpress\/ -->\n<title>Air Taxi in Brisbane Online Booking - Electric Flying Taxis<\/title>\n<meta name=\"description\" content=\"Looking for drone air taxi in Brisbane online booking app, routes, schedule and fares? Compare Brisbane air taxis flight tickets and book cheap flying taxi in Brisbane\" \/>\n<meta name=\"robots\" content=\"index, follow, max-snippet:-1, max-image-preview:large, max-video-preview:-1\" \/>\n<link rel=\"canonical\" href=\"https:\/\/tiketi.com\/fr-fr\/volants\/taxi-aerien\/brisbane\/\" \/>\n<meta property=\"og:locale\" content=\"fr_FR\" \/>\n<meta property=\"og:type\" content=\"article\" \/>\n<meta property=\"og:title\" content=\"Air Taxi in Brisbane Online Booking - Electric Flying Taxis\" \/>\n<meta property=\"og:description\" content=\"Looking for drone air taxi in Brisbane online booking app, routes, schedule and fares? Compare Brisbane air taxis flight tickets and book cheap flying taxi in Brisbane\" \/>\n<meta property=\"og:url\" content=\"https:\/\/tiketi.com\/fr-fr\/volants\/taxi-aerien\/brisbane\/\" \/>\n<meta property=\"og:site_name\" content=\"Tiketi.com\" \/>\n<meta property=\"article:publisher\" content=\"https:\/\/www.facebook.com\/TiketiCom\/\" \/>\n<meta property=\"article:modified_time\" content=\"2022-10-14T11:18:10+00:00\" \/>\n<meta property=\"og:image\" content=\"https:\/\/tiketi.com\/wp-content\/uploads\/2022\/02\/brisbane-landscape-1780849_.jpg\" \/>\n\t<meta property=\"og:image:width\" content=\"1200\" \/>\n\t<meta property=\"og:image:height\" content=\"205\" \/>\n\t<meta property=\"og:image:type\" content=\"image\/jpeg\" \/>\n<meta name=\"twitter:card\" content=\"summary_large_image\" \/>\n<meta name=\"twitter:label1\" content=\"Dur\u00e9e de lecture estim\u00e9e\" \/>\n\t<meta name=\"twitter:data1\" content=\"3 minutes\" \/>\n<script type=\"application\/ld+json\" class=\"yoast-schema-graph\">{\"@context\":\"https:\/\/schema.org\",\"@graph\":[{\"@type\":\"WebPage\",\"@id\":\"https:\/\/tiketi.com\/flying\/air-taxi\/brisbane\/\",\"url\":\"https:\/\/tiketi.com\/flying\/air-taxi\/brisbane\/\",\"name\":\"Air Taxi in Brisbane Online Booking - Electric Flying Taxis\",\"isPartOf\":{\"@id\":\"https:\/\/tiketi.com\/#website\"},\"primaryImageOfPage\":{\"@id\":\"https:\/\/tiketi.com\/flying\/air-taxi\/brisbane\/#primaryimage\"},\"image\":{\"@id\":\"https:\/\/tiketi.com\/flying\/air-taxi\/brisbane\/#primaryimage\"},\"thumbnailUrl\":\"https:\/\/tiketi.com\/wp-content\/uploads\/2022\/02\/brisbane-landscape-1780849_.jpg\",\"datePublished\":\"2022-01-19T11:53:31+00:00\",\"dateModified\":\"2022-10-14T11:18:10+00:00\",\"description\":\"Looking for drone air taxi in Brisbane online booking app, routes, schedule and fares? Compare Brisbane air taxis flight tickets and book cheap flying taxi in Brisbane\",\"breadcrumb\":{\"@id\":\"https:\/\/tiketi.com\/flying\/air-taxi\/brisbane\/#breadcrumb\"},\"inLanguage\":\"fr-FR\",\"potentialAction\":[{\"@type\":\"ReadAction\",\"target\":[\"https:\/\/tiketi.com\/flying\/air-taxi\/brisbane\/\"]}]},{\"@type\":\"ImageObject\",\"inLanguage\":\"fr-FR\",\"@id\":\"https:\/\/tiketi.com\/flying\/air-taxi\/brisbane\/#primaryimage\",\"url\":\"https:\/\/tiketi.com\/wp-content\/uploads\/2022\/02\/brisbane-landscape-1780849_.jpg\",\"contentUrl\":\"https:\/\/tiketi.com\/wp-content\/uploads\/2022\/02\/brisbane-landscape-1780849_.jpg\",\"width\":1200,\"height\":205,\"caption\":\"Brisbane Air Taxi Booking App\"},{\"@type\":\"BreadcrumbList\",\"@id\":\"https:\/\/tiketi.com\/flying\/air-taxi\/brisbane\/#breadcrumb\",\"itemListElement\":[{\"@type\":\"ListItem\",\"position\":1,\"name\":\"Home\",\"item\":\"https:\/\/tiketi.com\/\"},{\"@type\":\"ListItem\",\"position\":2,\"name\":\"Flying\",\"item\":\"https:\/\/tiketi.com\/fr-fr\/volants\/\"},{\"@type\":\"ListItem\",\"position\":3,\"name\":\"Air Taxi\",\"item\":\"https:\/\/tiketi.com\/flying\/air-taxi\/\"},{\"@type\":\"ListItem\",\"position\":4,\"name\":\"Air Taxi in Brisbane Online Booking &#8211; Flying Routes, Schedule &#038; Fares\"}]},{\"@type\":\"WebSite\",\"@id\":\"https:\/\/tiketi.com\/#website\",\"url\":\"https:\/\/tiketi.com\/\",\"name\":\"Flight & Bus Tickets, Tour Packages & Activitites - Tiketi.com\",\"description\":\"Flight &amp; Bus Tickets, Tours, Activitites\",\"publisher\":{\"@id\":\"https:\/\/tiketi.com\/#organization\"},\"potentialAction\":[{\"@type\":\"SearchAction\",\"target\":{\"@type\":\"EntryPoint\",\"urlTemplate\":\"https:\/\/tiketi.com\/?s={search_term_string}\"},\"query-input\":{\"@type\":\"PropertyValueSpecification\",\"valueRequired\":true,\"valueName\":\"search_term_string\"}}],\"inLanguage\":\"fr-FR\"},{\"@type\":\"Organization\",\"@id\":\"https:\/\/tiketi.com\/#organization\",\"name\":\"Tiketi.com\",\"alternateName\":\"Tiketi\",\"url\":\"https:\/\/tiketi.com\/\",\"logo\":{\"@type\":\"ImageObject\",\"inLanguage\":\"fr-FR\",\"@id\":\"https:\/\/tiketi.com\/#\/schema\/logo\/image\/\",\"url\":\"https:\/\/tiketi.com\/wp-content\/uploads\/2019\/05\/tiketi-logo-696.png\",\"contentUrl\":\"https:\/\/tiketi.com\/wp-content\/uploads\/2019\/05\/tiketi-logo-696.png\",\"width\":696,\"height\":696,\"caption\":\"Tiketi.com\"},\"image\":{\"@id\":\"https:\/\/tiketi.com\/#\/schema\/logo\/image\/\"},\"sameAs\":[\"https:\/\/www.facebook.com\/TiketiCom\/\"]}]}<\/script>\n<!-- \/ Yoast SEO plugin. -->","yoast_head_json":{"title":"Air Taxi in Brisbane Online Booking - Electric Flying Taxis","description":"Looking for drone air taxi in Brisbane online booking app, routes, schedule and fares? Compare Brisbane air taxis flight tickets and book cheap flying taxi in Brisbane","robots":{"index":"index","follow":"follow","max-snippet":"max-snippet:-1","max-image-preview":"max-image-preview:large","max-video-preview":"max-video-preview:-1"},"canonical":"https:\/\/tiketi.com\/fr-fr\/volants\/taxi-aerien\/brisbane\/","og_locale":"fr_FR","og_type":"article","og_title":"Air Taxi in Brisbane Online Booking - Electric Flying Taxis","og_description":"Looking for drone air taxi in Brisbane online booking app, routes, schedule and fares? Compare Brisbane air taxis flight tickets and book cheap flying taxi in Brisbane","og_url":"https:\/\/tiketi.com\/fr-fr\/volants\/taxi-aerien\/brisbane\/","og_site_name":"Tiketi.com","article_publisher":"https:\/\/www.facebook.com\/TiketiCom\/","article_modified_time":"2022-10-14T11:18:10+00:00","og_image":[{"width":1200,"height":205,"url":"https:\/\/tiketi.com\/wp-content\/uploads\/2022\/02\/brisbane-landscape-1780849_.jpg","type":"image\/jpeg"}],"twitter_card":"summary_large_image","twitter_misc":{"Dur\u00e9e de lecture estim\u00e9e":"3 minutes"},"schema":{"@context":"https:\/\/schema.org","@graph":[{"@type":"WebPage","@id":"https:\/\/tiketi.com\/flying\/air-taxi\/brisbane\/","url":"https:\/\/tiketi.com\/flying\/air-taxi\/brisbane\/","name":"Air Taxi in Brisbane Online Booking - Electric Flying Taxis","isPartOf":{"@id":"https:\/\/tiketi.com\/#website"},"primaryImageOfPage":{"@id":"https:\/\/tiketi.com\/flying\/air-taxi\/brisbane\/#primaryimage"},"image":{"@id":"https:\/\/tiketi.com\/flying\/air-taxi\/brisbane\/#primaryimage"},"thumbnailUrl":"https:\/\/tiketi.com\/wp-content\/uploads\/2022\/02\/brisbane-landscape-1780849_.jpg","datePublished":"2022-01-19T11:53:31+00:00","dateModified":"2022-10-14T11:18:10+00:00","description":"Looking for drone air taxi in Brisbane online booking app, routes, schedule and fares? Compare Brisbane air taxis flight tickets and book cheap flying taxi in Brisbane","breadcrumb":{"@id":"https:\/\/tiketi.com\/flying\/air-taxi\/brisbane\/#breadcrumb"},"inLanguage":"fr-FR","potentialAction":[{"@type":"ReadAction","target":["https:\/\/tiketi.com\/flying\/air-taxi\/brisbane\/"]}]},{"@type":"ImageObject","inLanguage":"fr-FR","@id":"https:\/\/tiketi.com\/flying\/air-taxi\/brisbane\/#primaryimage","url":"https:\/\/tiketi.com\/wp-content\/uploads\/2022\/02\/brisbane-landscape-1780849_.jpg","contentUrl":"https:\/\/tiketi.com\/wp-content\/uploads\/2022\/02\/brisbane-landscape-1780849_.jpg","width":1200,"height":205,"caption":"Brisbane Air Taxi Booking App"},{"@type":"BreadcrumbList","@id":"https:\/\/tiketi.com\/flying\/air-taxi\/brisbane\/#breadcrumb","itemListElement":[{"@type":"ListItem","position":1,"name":"Home","item":"https:\/\/tiketi.com\/"},{"@type":"ListItem","position":2,"name":"Flying","item":"https:\/\/tiketi.com\/fr-fr\/volants\/"},{"@type":"ListItem","position":3,"name":"Air Taxi","item":"https:\/\/tiketi.com\/flying\/air-taxi\/"},{"@type":"ListItem","position":4,"name":"Air Taxi in Brisbane Online Booking &#8211; Flying Routes, Schedule &#038; Fares"}]},{"@type":"WebSite","@id":"https:\/\/tiketi.com\/#website","url":"https:\/\/tiketi.com\/","name":"Billets d&#039;avion et de bus, forfaits touristiques et activit\u00e9s - Tiketi.com","description":"Billets d&#039;avion et de bus, Tours, Activit\u00e9s","publisher":{"@id":"https:\/\/tiketi.com\/#organization"},"potentialAction":[{"@type":"SearchAction","target":{"@type":"EntryPoint","urlTemplate":"https:\/\/tiketi.com\/?s={search_term_string}"},"query-input":{"@type":"PropertyValueSpecification","valueRequired":true,"valueName":"search_term_string"}}],"inLanguage":"fr-FR"},{"@type":"Organization","@id":"https:\/\/tiketi.com\/#organization","name":"Tiketi.com","alternateName":"Tiketi","url":"https:\/\/tiketi.com\/","logo":{"@type":"ImageObject","inLanguage":"fr-FR","@id":"https:\/\/tiketi.com\/#\/schema\/logo\/image\/","url":"https:\/\/tiketi.com\/wp-content\/uploads\/2019\/05\/tiketi-logo-696.png","contentUrl":"https:\/\/tiketi.com\/wp-content\/uploads\/2019\/05\/tiketi-logo-696.png","width":696,"height":696,"caption":"Tiketi.com"},"image":{"@id":"https:\/\/tiketi.com\/#\/schema\/logo\/image\/"},"sameAs":["https:\/\/www.facebook.com\/TiketiCom\/"]}]}},"_links":{"self":[{"href":"https:\/\/tiketi.com\/fr-fr\/wp-json\/wp\/v2\/pages\/10567","targetHints":{"allow":["GET"]}}],"collection":[{"href":"https:\/\/tiketi.com\/fr-fr\/wp-json\/wp\/v2\/pages"}],"about":[{"href":"https:\/\/tiketi.com\/fr-fr\/wp-json\/wp\/v2\/types\/page"}],"author":[{"embeddable":true,"href":"https:\/\/tiketi.com\/fr-fr\/wp-json\/wp\/v2\/users\/1"}],"replies":[{"embeddable":true,"href":"https:\/\/tiketi.com\/fr-fr\/wp-json\/wp\/v2\/comments?post=10567"}],"version-history":[{"count":0,"href":"https:\/\/tiketi.com\/fr-fr\/wp-json\/wp\/v2\/pages\/10567\/revisions"}],"up":[{"embeddable":true,"href":"https:\/\/tiketi.com\/fr-fr\/wp-json\/wp\/v2\/pages\/25621"}],"wp:featuredmedia":[{"embeddable":true,"href":"https:\/\/tiketi.com\/fr-fr\/wp-json\/wp\/v2\/media\/16303"}],"wp:attachment":[{"href":"https:\/\/tiketi.com\/fr-fr\/wp-json\/wp\/v2\/media?parent=10567"}],"curies":[{"name":"wp","href":"https:\/\/api.w.org\/{rel}","templated":true}]}}