{"id":10568,"date":"2022-01-19T12:53:31","date_gmt":"2022-01-19T11:53:31","guid":{"rendered":"https:\/\/new.tiketi.com\/stockholm-air-taxi-booking-app-electric-flying-taxis\/"},"modified":"2022-11-21T13:27:09","modified_gmt":"2022-11-21T12:27:09","slug":"stockholm","status":"publish","type":"page","link":"https:\/\/tiketi.com\/fr-fr\/volants\/taxi-aerien\/stockholm\/","title":{"rendered":"Taxi a\u00e9rien \u00e0 Stockholm R\u00e9servation - Itin\u00e9raires de vol, horaires et tarifs"},"content":{"rendered":"<h2>Vous recherchez une application de r\u00e9servation de taxi a\u00e9rien pas cher \u00e0 Stockholm?<\/h2>\n<p>Le service d&#039;application de r\u00e9servation en ligne de taxi a\u00e9rien \u00e9lectrique \u00e0 Stockholm permet aux utilisateurs de r\u00e9server un taxi volant \u00e9lectrique \u00e0 Stockholm. Les taxis a\u00e9riens autonomes \u00e0 Stockholm permettent de voyager rapidement et \u00e0 bas prix \u00e0 Stockholm. Stockholm prend le g\u00e2teau quand il s&#039;agit de villes charmantes. Pos\u00e9e sur quatorze \u00eeles, la capitale su\u00e9doise regorge de b\u00e2timents \u00e0 la fois cr\u00e9atifs et m\u00e9di\u00e9vaux \u00e0 l&#039;architecture contemporaine. Un tiers de la superficie \u00e0 l&#039;int\u00e9rieur des limites de la ville est constitu\u00e9 d&#039;eau, tandis qu&#039;un autre tiers comprend des bois et des parcs. En cons\u00e9quence, Stockholm est l&#039;une des villes europ\u00e9ennes en forme et un endroit remarquable o\u00f9 passer du temps. La capitale est \u00e9galement id\u00e9ale pour ceux qui ont un penchant pour la culture, abritant une abondance de galeries et de mus\u00e9es, dont le premier mus\u00e9e en plein air au monde, Skansen, et l&#039;un des plus grands lieux de rencontre de la photographie contemporaine de la plan\u00e8te, Fotografiska. Comme pour tant d&#039;autres choses, vous pourrez faire \u00e0 tout moment et n&#039;importe o\u00f9 la r\u00e9servation d&#039;un taxi a\u00e9rien par drone \u00e0 Stockholm pour votre vol en taxi a\u00e9rien \u00e9lectrique.<\/p>\n<h2>Voici quelques-uns des meilleurs avantages du taxi volant \u00e9lectrique \u00e0 Stockholm<\/h2>\n<h3>Quelle est la vitesse de ces taxis a\u00e9riens \u00e9lectriques \u00e0 Stockholm\u00a0?<\/h3>\n<p>Oui, les drones taxis a\u00e9riens \u00e0 Stockholm r\u00e9duiraient certainement la dur\u00e9e du voyage. On suppose que la vitesse de cent milles \u00e0 l&#039;heure pourrait \u00eatre atteinte par des voitures a\u00e9riennes gr\u00e2ce \u00e0 des taxis volants de drones \u00e0 Stockholm. De plus, n&#039;oubliez pas que la distance diminuerait \u00e9galement consid\u00e9rablement car il n&#039;y aurait pas de limitations de routes.<\/p>\n<h3>\u00c0 quel point le taxi volant \u00e9lectrique est-il simple \u00e0 Stockholm\u00a0?<\/h3>\n<p>On devine que les voitures a\u00e9riennes sont beaucoup plus simples que la conduite. C&#039;est parce que le conducteur aura plus d&#039;espace dans les airs. Aussi, le lecteur disposera d&#039;une zone 3D pour d\u00e9placer son v\u00e9hicule plut\u00f4t qu&#039;en 2D dans le cas des routes.<\/p>\n<h3>Drone taxis a\u00e9riens \u00e0 Stockholm multiples cas d&#039;utilisation avec avantage public<\/h3>\n<p>Lorsque l&#039;on pense \u00e0 la r\u00e9servation en ligne de taxis volants par drone \u00e0 Stockholm, la propri\u00e9t\u00e9 priv\u00e9e est loin d&#039;\u00eatre le seul cas d&#039;utilisation. Il existe de nombreuses fa\u00e7ons dont les taxis a\u00e9riens \u00e0 Stockholm peuvent profiter \u00e0 une partie importante de la population.<\/p>\n<h3>Combien co\u00fbtera un taxi volant \u00e9lectrique \u00e0 Stockholm ?<\/h3>\n<p>Au d\u00e9part, les drones taxis a\u00e9riens \u00e0 Stockholm co\u00fbteront environ $5,73 par passager-mile. Le prix du taxi drone \u00e0 Stockholm chutera ensuite \u00e0 $1,85 par mile passager avant d&#039;atteindre finalement le tarif incroyable du client de $0,44 par mile. Vous pouvez facilement r\u00e9server un taxi a\u00e9rien via des taxis volants \u00e9lectriques dans l&#039;application Stockholm.<\/p>\n<h2>Avantages de l&#039;application de r\u00e9servation de taxi a\u00e9rien \u00e9lectrique Stockholm<\/h2>\n<p>Parmi ses autres avantages, la r\u00e9servation en ligne de taxi drone \u00e0 Stockholm pourrait fournir un boom \u00e9conomique en augmentant le nombre de personnes se dirigeant vers des lieux de loisirs et de tourisme qui ne sont pas \u00e0 proximit\u00e9 des grands a\u00e9roports.<\/p>\n<h3>L&#039;application de r\u00e9servation en ligne de taxi a\u00e9rien drone \u00e0 Stockholm serait-elle utilis\u00e9e pour r\u00e9server un vol en taxi a\u00e9rien \u00e9lectrique\u00a0?<\/h3>\n<p>Oui, les clients peuvent utiliser de mani\u00e8re transparente l&#039;application de r\u00e9servation de taxi a\u00e9rien \u00e9lectrique Stockholm en ligne pour trouver le meilleur itin\u00e9raire et r\u00e9server un taxi volant \u00e0 Stockholm \u00e0 tout moment et n&#039;importe o\u00f9.<\/p>","protected":false},"excerpt":{"rendered":"<p>Looking for cheap Stockholm air taxi booking app? Electric air taxi in Stockholm online booking app service enable users to book electric flying taxi in Stockholm. Autonomous air taxis in Stockholm makes possible to travel cheap and fast in Stockholm. Stockholm takes the cake when it comes to charming cities. Placed on fourteen islands, the [&hellip;]<\/p>\n","protected":false},"author":1,"featured_media":13927,"parent":25621,"menu_order":0,"comment_status":"open","ping_status":"closed","template":"template-home-modern.php","meta":{"footnotes":""},"class_list":["post-10568","page","type-page","status-publish","has-post-thumbnail","hentry"],"yoast_head":"<!-- This site is optimized with the Yoast SEO plugin v27.3 - https:\/\/yoast.com\/product\/yoast-seo-wordpress\/ -->\n<title>Air Taxi in Stockholm Booking \u2013 Flying Routes, Schedule &amp; Fares<\/title>\n<meta name=\"description\" content=\"Looking for drone air taxi in Stockholm online booking app, routes, schedule &amp; fares? Compare air taxis and book your cheap flying taxi in Stockholm\" \/>\n<meta name=\"robots\" content=\"index, follow, max-snippet:-1, max-image-preview:large, max-video-preview:-1\" \/>\n<link rel=\"canonical\" href=\"https:\/\/tiketi.com\/fr-fr\/volants\/taxi-aerien\/stockholm\/\" \/>\n<meta property=\"og:locale\" content=\"fr_FR\" \/>\n<meta property=\"og:type\" content=\"article\" \/>\n<meta property=\"og:title\" content=\"Air Taxi in Stockholm Booking \u2013 Flying Routes, Schedule &amp; Fares\" \/>\n<meta property=\"og:description\" content=\"Looking for drone air taxi in Stockholm online booking app, routes, schedule &amp; fares? Compare air taxis and book your cheap flying taxi in Stockholm\" \/>\n<meta property=\"og:url\" content=\"https:\/\/tiketi.com\/fr-fr\/volants\/taxi-aerien\/stockholm\/\" \/>\n<meta property=\"og:site_name\" content=\"Tiketi.com\" \/>\n<meta property=\"article:publisher\" content=\"https:\/\/www.facebook.com\/TiketiCom\/\" \/>\n<meta property=\"article:modified_time\" content=\"2022-11-21T12:27:09+00:00\" \/>\n<meta property=\"og:image\" content=\"https:\/\/tiketi.com\/wp-content\/uploads\/2022\/01\/stockholm.jpg\" \/>\n\t<meta property=\"og:image:width\" content=\"1200\" \/>\n\t<meta property=\"og:image:height\" content=\"223\" \/>\n\t<meta property=\"og:image:type\" content=\"image\/jpeg\" \/>\n<meta name=\"twitter:card\" content=\"summary_large_image\" \/>\n<meta name=\"twitter:label1\" content=\"Dur\u00e9e de lecture estim\u00e9e\" \/>\n\t<meta name=\"twitter:data1\" content=\"3 minutes\" \/>\n<script type=\"application\/ld+json\" class=\"yoast-schema-graph\">{\"@context\":\"https:\\\/\\\/schema.org\",\"@graph\":[{\"@type\":\"WebPage\",\"@id\":\"https:\\\/\\\/tiketi.com\\\/flying\\\/air-taxi\\\/stockholm\\\/\",\"url\":\"https:\\\/\\\/tiketi.com\\\/flying\\\/air-taxi\\\/stockholm\\\/\",\"name\":\"Air Taxi in Stockholm Booking \u2013 Flying Routes, Schedule & Fares\",\"isPartOf\":{\"@id\":\"https:\\\/\\\/tiketi.com\\\/#website\"},\"primaryImageOfPage\":{\"@id\":\"https:\\\/\\\/tiketi.com\\\/flying\\\/air-taxi\\\/stockholm\\\/#primaryimage\"},\"image\":{\"@id\":\"https:\\\/\\\/tiketi.com\\\/flying\\\/air-taxi\\\/stockholm\\\/#primaryimage\"},\"thumbnailUrl\":\"https:\\\/\\\/tiketi.com\\\/wp-content\\\/uploads\\\/2022\\\/01\\\/stockholm.jpg\",\"datePublished\":\"2022-01-19T11:53:31+00:00\",\"dateModified\":\"2022-11-21T12:27:09+00:00\",\"description\":\"Looking for drone air taxi in Stockholm online booking app, routes, schedule & fares? Compare air taxis and book your cheap flying taxi in Stockholm\",\"breadcrumb\":{\"@id\":\"https:\\\/\\\/tiketi.com\\\/flying\\\/air-taxi\\\/stockholm\\\/#breadcrumb\"},\"inLanguage\":\"fr-FR\",\"potentialAction\":[{\"@type\":\"ReadAction\",\"target\":[\"https:\\\/\\\/tiketi.com\\\/flying\\\/air-taxi\\\/stockholm\\\/\"]}]},{\"@type\":\"ImageObject\",\"inLanguage\":\"fr-FR\",\"@id\":\"https:\\\/\\\/tiketi.com\\\/flying\\\/air-taxi\\\/stockholm\\\/#primaryimage\",\"url\":\"https:\\\/\\\/tiketi.com\\\/wp-content\\\/uploads\\\/2022\\\/01\\\/stockholm.jpg\",\"contentUrl\":\"https:\\\/\\\/tiketi.com\\\/wp-content\\\/uploads\\\/2022\\\/01\\\/stockholm.jpg\",\"width\":1200,\"height\":223,\"caption\":\"Air Taxi in Stockholm\"},{\"@type\":\"BreadcrumbList\",\"@id\":\"https:\\\/\\\/tiketi.com\\\/flying\\\/air-taxi\\\/stockholm\\\/#breadcrumb\",\"itemListElement\":[{\"@type\":\"ListItem\",\"position\":1,\"name\":\"Home\",\"item\":\"https:\\\/\\\/tiketi.com\\\/\"},{\"@type\":\"ListItem\",\"position\":2,\"name\":\"Flying\",\"item\":\"https:\\\/\\\/tiketi.com\\\/fr-fr\\\/volants\\\/\"},{\"@type\":\"ListItem\",\"position\":3,\"name\":\"Air Taxi\",\"item\":\"https:\\\/\\\/tiketi.com\\\/flying\\\/air-taxi\\\/\"},{\"@type\":\"ListItem\",\"position\":4,\"name\":\"Air Taxi in Stockholm\u00a0Booking \u2013 Flying Routes, Schedule &amp; Fares\"}]},{\"@type\":\"WebSite\",\"@id\":\"https:\\\/\\\/tiketi.com\\\/#website\",\"url\":\"https:\\\/\\\/tiketi.com\\\/\",\"name\":\"Flight & Bus Tickets, Tour Packages & Activitites - Tiketi.com\",\"description\":\"Flight &amp; Bus Tickets, Tours, Activitites\",\"publisher\":{\"@id\":\"https:\\\/\\\/tiketi.com\\\/#organization\"},\"potentialAction\":[{\"@type\":\"SearchAction\",\"target\":{\"@type\":\"EntryPoint\",\"urlTemplate\":\"https:\\\/\\\/tiketi.com\\\/?s={search_term_string}\"},\"query-input\":{\"@type\":\"PropertyValueSpecification\",\"valueRequired\":true,\"valueName\":\"search_term_string\"}}],\"inLanguage\":\"fr-FR\"},{\"@type\":\"Organization\",\"@id\":\"https:\\\/\\\/tiketi.com\\\/#organization\",\"name\":\"Tiketi.com\",\"alternateName\":\"Tiketi\",\"url\":\"https:\\\/\\\/tiketi.com\\\/\",\"logo\":{\"@type\":\"ImageObject\",\"inLanguage\":\"fr-FR\",\"@id\":\"https:\\\/\\\/tiketi.com\\\/#\\\/schema\\\/logo\\\/image\\\/\",\"url\":\"https:\\\/\\\/tiketi.com\\\/wp-content\\\/uploads\\\/2019\\\/05\\\/tiketi-logo-696.png\",\"contentUrl\":\"https:\\\/\\\/tiketi.com\\\/wp-content\\\/uploads\\\/2019\\\/05\\\/tiketi-logo-696.png\",\"width\":696,\"height\":696,\"caption\":\"Tiketi.com\"},\"image\":{\"@id\":\"https:\\\/\\\/tiketi.com\\\/#\\\/schema\\\/logo\\\/image\\\/\"},\"sameAs\":[\"https:\\\/\\\/www.facebook.com\\\/TiketiCom\\\/\"]}]}<\/script>\n<!-- \/ Yoast SEO plugin. -->","yoast_head_json":{"title":"Taxi a\u00e9rien \u00e0 Stockholm R\u00e9servation - Itin\u00e9raires de vol, horaires et tarifs","description":"Vous recherchez une application de r\u00e9servation en ligne de taxi a\u00e9rien drone \u00e0 Stockholm, des itin\u00e9raires, des horaires et des tarifs\u00a0? Comparez les taxis a\u00e9riens et r\u00e9servez votre taxi volant pas cher \u00e0 Stockholm","robots":{"index":"index","follow":"follow","max-snippet":"max-snippet:-1","max-image-preview":"max-image-preview:large","max-video-preview":"max-video-preview:-1"},"canonical":"https:\/\/tiketi.com\/fr-fr\/volants\/taxi-aerien\/stockholm\/","og_locale":"fr_FR","og_type":"article","og_title":"Air Taxi in Stockholm Booking \u2013 Flying Routes, Schedule & Fares","og_description":"Looking for drone air taxi in Stockholm online booking app, routes, schedule & fares? Compare air taxis and book your cheap flying taxi in Stockholm","og_url":"https:\/\/tiketi.com\/fr-fr\/volants\/taxi-aerien\/stockholm\/","og_site_name":"Tiketi.com","article_publisher":"https:\/\/www.facebook.com\/TiketiCom\/","article_modified_time":"2022-11-21T12:27:09+00:00","og_image":[{"width":1200,"height":223,"url":"https:\/\/tiketi.com\/wp-content\/uploads\/2022\/01\/stockholm.jpg","type":"image\/jpeg"}],"twitter_card":"summary_large_image","twitter_misc":{"Dur\u00e9e de lecture estim\u00e9e":"3 minutes"},"schema":{"@context":"https:\/\/schema.org","@graph":[{"@type":"WebPage","@id":"https:\/\/tiketi.com\/flying\/air-taxi\/stockholm\/","url":"https:\/\/tiketi.com\/flying\/air-taxi\/stockholm\/","name":"Taxi a\u00e9rien \u00e0 Stockholm R\u00e9servation - Itin\u00e9raires de vol, horaires et tarifs","isPartOf":{"@id":"https:\/\/tiketi.com\/#website"},"primaryImageOfPage":{"@id":"https:\/\/tiketi.com\/flying\/air-taxi\/stockholm\/#primaryimage"},"image":{"@id":"https:\/\/tiketi.com\/flying\/air-taxi\/stockholm\/#primaryimage"},"thumbnailUrl":"https:\/\/tiketi.com\/wp-content\/uploads\/2022\/01\/stockholm.jpg","datePublished":"2022-01-19T11:53:31+00:00","dateModified":"2022-11-21T12:27:09+00:00","description":"Vous recherchez une application de r\u00e9servation en ligne de taxi a\u00e9rien drone \u00e0 Stockholm, des itin\u00e9raires, des horaires et des tarifs\u00a0? Comparez les taxis a\u00e9riens et r\u00e9servez votre taxi volant pas cher \u00e0 Stockholm","breadcrumb":{"@id":"https:\/\/tiketi.com\/flying\/air-taxi\/stockholm\/#breadcrumb"},"inLanguage":"fr-FR","potentialAction":[{"@type":"ReadAction","target":["https:\/\/tiketi.com\/flying\/air-taxi\/stockholm\/"]}]},{"@type":"ImageObject","inLanguage":"fr-FR","@id":"https:\/\/tiketi.com\/flying\/air-taxi\/stockholm\/#primaryimage","url":"https:\/\/tiketi.com\/wp-content\/uploads\/2022\/01\/stockholm.jpg","contentUrl":"https:\/\/tiketi.com\/wp-content\/uploads\/2022\/01\/stockholm.jpg","width":1200,"height":223,"caption":"Air Taxi in Stockholm"},{"@type":"BreadcrumbList","@id":"https:\/\/tiketi.com\/flying\/air-taxi\/stockholm\/#breadcrumb","itemListElement":[{"@type":"ListItem","position":1,"name":"Home","item":"https:\/\/tiketi.com\/"},{"@type":"ListItem","position":2,"name":"Flying","item":"https:\/\/tiketi.com\/fr-fr\/volants\/"},{"@type":"ListItem","position":3,"name":"Air Taxi","item":"https:\/\/tiketi.com\/flying\/air-taxi\/"},{"@type":"ListItem","position":4,"name":"Air Taxi in Stockholm\u00a0Booking \u2013 Flying Routes, Schedule &amp; Fares"}]},{"@type":"WebSite","@id":"https:\/\/tiketi.com\/#website","url":"https:\/\/tiketi.com\/","name":"Billets d&#039;avion et de bus, forfaits touristiques et activit\u00e9s - Tiketi.com","description":"Billets d&#039;avion et de bus, Tours, Activit\u00e9s","publisher":{"@id":"https:\/\/tiketi.com\/#organization"},"potentialAction":[{"@type":"SearchAction","target":{"@type":"EntryPoint","urlTemplate":"https:\/\/tiketi.com\/?s={search_term_string}"},"query-input":{"@type":"PropertyValueSpecification","valueRequired":true,"valueName":"search_term_string"}}],"inLanguage":"fr-FR"},{"@type":"Organization","@id":"https:\/\/tiketi.com\/#organization","name":"Tiketi.com","alternateName":"Tiketi","url":"https:\/\/tiketi.com\/","logo":{"@type":"ImageObject","inLanguage":"fr-FR","@id":"https:\/\/tiketi.com\/#\/schema\/logo\/image\/","url":"https:\/\/tiketi.com\/wp-content\/uploads\/2019\/05\/tiketi-logo-696.png","contentUrl":"https:\/\/tiketi.com\/wp-content\/uploads\/2019\/05\/tiketi-logo-696.png","width":696,"height":696,"caption":"Tiketi.com"},"image":{"@id":"https:\/\/tiketi.com\/#\/schema\/logo\/image\/"},"sameAs":["https:\/\/www.facebook.com\/TiketiCom\/"]}]}},"_links":{"self":[{"href":"https:\/\/tiketi.com\/fr-fr\/wp-json\/wp\/v2\/pages\/10568","targetHints":{"allow":["GET"]}}],"collection":[{"href":"https:\/\/tiketi.com\/fr-fr\/wp-json\/wp\/v2\/pages"}],"about":[{"href":"https:\/\/tiketi.com\/fr-fr\/wp-json\/wp\/v2\/types\/page"}],"author":[{"embeddable":true,"href":"https:\/\/tiketi.com\/fr-fr\/wp-json\/wp\/v2\/users\/1"}],"replies":[{"embeddable":true,"href":"https:\/\/tiketi.com\/fr-fr\/wp-json\/wp\/v2\/comments?post=10568"}],"version-history":[{"count":0,"href":"https:\/\/tiketi.com\/fr-fr\/wp-json\/wp\/v2\/pages\/10568\/revisions"}],"up":[{"embeddable":true,"href":"https:\/\/tiketi.com\/fr-fr\/wp-json\/wp\/v2\/pages\/25621"}],"wp:featuredmedia":[{"embeddable":true,"href":"https:\/\/tiketi.com\/fr-fr\/wp-json\/wp\/v2\/media\/13927"}],"wp:attachment":[{"href":"https:\/\/tiketi.com\/fr-fr\/wp-json\/wp\/v2\/media?parent=10568"}],"curies":[{"name":"wp","href":"https:\/\/api.w.org\/{rel}","templated":true}]}}