{"id":10572,"date":"2022-01-19T12:53:32","date_gmt":"2022-01-19T11:53:32","guid":{"rendered":"https:\/\/new.tiketi.com\/taipei-air-taxi-booking-app-electric-flying-taxis\/"},"modified":"2022-02-22T09:27:09","modified_gmt":"2022-02-22T08:27:09","slug":"flying-taipei-air-taxi-booking","status":"publish","type":"page","link":"https:\/\/tiketi.com\/fr-fr\/flying-taipei-air-taxi-booking\/","title":{"rendered":"Air Taxi in Taipei Online Booking &#8211; Electric Flying Taxis"},"content":{"rendered":"<h2>Electric Taipei air taxi booking app<\/h2>\n<!-- \/wp:post-content --><!-- wp:paragraph -->\n\nElectric air taxi in Taipei online booking app service will enable users to book electric flying taxi in Taipei. Air taxis in Taipei makes possible to travel cheap and fast in Taipei. Taipei is the new capital of Taiwan. The diverse city has a remarkable infrastructure and it is simple to explore the important places of interest in Taipei as well as travel to close by towns and cities. From one of the tallest towers in the planet and an internationally famous zoo to places of natural interest and terrific shopping, Taipei provides plenty to every person. When visiting Taipei, you can stroll via cherry blossom-laden parks, soak up rich minerals in a milky natural warm spring, discover the pungent scent of stinky tofu, and shop until you drop into your relax bed. As with so many other things you will be able to make anytime and anywhere drone Taipei air taxi booking for your electric air taxi flight.\n\n<!-- \/wp:paragraph --><!-- wp:heading -->\n<h2>Here are some of the best advantages of electric flying\u00a0taxi in Taipei<\/h2>\n<h3>How quick are these electric air taxis in Taipei?<\/h3>\n<!-- \/wp:heading --><!-- wp:paragraph -->\n\nYes, the air taxis in Taipei would definitely decrease the travel duration. It is guessed that the speed of hundred miles per hour could be achieved by air cars through flying\u00a0taxis in Taipei. Also, not to forget that the distance would also decrease substantially as there would be not roads limitations.\n\n<!-- \/wp:paragraph --><!-- wp:heading {\"level\":3} -->\n<h3>How simple is electric flying\u00a0taxi in Taipei?<\/h3>\n<!-- \/wp:heading --><!-- wp:paragraph -->\n\nOn devine que les voitures a\u00e9riennes sont beaucoup plus simples que la conduite. C&#039;est parce que le conducteur aura plus d&#039;espace dans les airs. Aussi, le lecteur disposera d&#039;une zone 3D pour d\u00e9placer son v\u00e9hicule plut\u00f4t qu&#039;en 2D dans le cas des routes.\n<h3>Drone air taxis in Taipei multiple use-cases with public advantage<\/h3>\n<!-- \/wp:paragraph --><!-- wp:paragraph -->\n\nWhen thinking about flying\u00a0taxis in Taipei online booking, private ownership is far from the only use case out there. There are many ways in which air taxis in Taipei can advantage an important portion of the population.\n<h3>How much will an electric flying\u00a0taxis in Taipei cost?<\/h3>\n<!-- \/wp:paragraph --><!-- wp:paragraph -->\n\nInitially, drone air taxis in Taipei will cost approximately $5.73 per passenger mile. The cost will then plummet to $1.85 per passenger mile before finally hitting the customer amazing rate of $0.44 per mile. You can easily book air taxi through electric flying taxis in Taipei app.\n<h2>Advantages of electric Taipei air taxi booking app<\/h2>\n<!-- \/wp:paragraph --><!-- wp:paragraph -->\n\nAmong its other advantages, drone taxi in Taipei online booking could provide a economic boom by rising the number of people heading for recreation and tourism places that are not near big airports.\n\n<!-- \/wp:paragraph --><!-- wp:heading {\"level\":3} -->\n<h3>Would drone air taxi in Taipei online booking app be used to book a electric air taxi flight?<\/h3>\n<!-- \/wp:heading --><!-- wp:paragraph -->\n\nYes, customers can seamlessly use online electric Taipei air taxi booking app to find the best route and book a drone flying taxi in Taipei flight anytime and anywhere.","protected":false},"excerpt":{"rendered":"<p>Electric Taipei air taxi booking app Electric air taxi in Taipei online booking app service will enable users to book electric flying taxi in Taipei. Air taxis in Taipei makes possible to travel cheap and fast in Taipei. Taipei is the new capital of Taiwan. The diverse city has a remarkable infrastructure and it is [&hellip;]<\/p>\n","protected":false},"author":1,"featured_media":21296,"parent":0,"menu_order":0,"comment_status":"open","ping_status":"closed","template":"template-home-modern.php","meta":{"footnotes":""},"class_list":["post-10572","page","type-page","status-publish","has-post-thumbnail","hentry"],"yoast_head":"<!-- This site is optimized with the Yoast SEO plugin v27.3 - https:\/\/yoast.com\/product\/yoast-seo-wordpress\/ -->\n<title>Air Taxi in Taipei Online Booking - Electric Flying Taxis<\/title>\n<meta name=\"description\" content=\"Looking for drone air taxi in Taipei online booking app, route, schedule &amp; fare? Compare air taxis and book your cheap flying taxi in Taipei\" \/>\n<meta name=\"robots\" content=\"index, follow, max-snippet:-1, max-image-preview:large, max-video-preview:-1\" \/>\n<link rel=\"canonical\" href=\"https:\/\/tiketi.com\/fr-fr\/flying-taipei-air-taxi-booking\/\" \/>\n<meta property=\"og:locale\" content=\"fr_FR\" \/>\n<meta property=\"og:type\" content=\"article\" \/>\n<meta property=\"og:title\" content=\"Air Taxi in Taipei Online Booking - Electric Flying Taxis\" \/>\n<meta property=\"og:description\" content=\"Looking for drone air taxi in Taipei online booking app, route, schedule &amp; fare? Compare air taxis and book your cheap flying taxi in Taipei\" \/>\n<meta property=\"og:url\" content=\"https:\/\/tiketi.com\/fr-fr\/flying-taipei-air-taxi-booking\/\" \/>\n<meta property=\"og:site_name\" content=\"Tiketi.com\" \/>\n<meta property=\"article:publisher\" content=\"https:\/\/www.facebook.com\/TiketiCom\/\" \/>\n<meta property=\"article:modified_time\" content=\"2022-02-22T08:27:09+00:00\" \/>\n<meta property=\"og:image\" content=\"https:\/\/tiketi.com\/wp-content\/uploads\/2019\/05\/taipei-taiwan-2057818_1280.jpg\" \/>\n\t<meta property=\"og:image:width\" content=\"1200\" \/>\n\t<meta property=\"og:image:height\" content=\"200\" \/>\n\t<meta property=\"og:image:type\" content=\"image\/jpeg\" \/>\n<meta name=\"twitter:card\" content=\"summary_large_image\" \/>\n<meta name=\"twitter:label1\" content=\"Dur\u00e9e de lecture estim\u00e9e\" \/>\n\t<meta name=\"twitter:data1\" content=\"3 minutes\" \/>\n<script type=\"application\/ld+json\" class=\"yoast-schema-graph\">{\"@context\":\"https:\\\/\\\/schema.org\",\"@graph\":[{\"@type\":\"WebPage\",\"@id\":\"https:\\\/\\\/tiketi.com\\\/flying-taipei-air-taxi-booking\\\/\",\"url\":\"https:\\\/\\\/tiketi.com\\\/flying-taipei-air-taxi-booking\\\/\",\"name\":\"Air Taxi in Taipei Online Booking - Electric Flying Taxis\",\"isPartOf\":{\"@id\":\"https:\\\/\\\/tiketi.com\\\/#website\"},\"primaryImageOfPage\":{\"@id\":\"https:\\\/\\\/tiketi.com\\\/flying-taipei-air-taxi-booking\\\/#primaryimage\"},\"image\":{\"@id\":\"https:\\\/\\\/tiketi.com\\\/flying-taipei-air-taxi-booking\\\/#primaryimage\"},\"thumbnailUrl\":\"https:\\\/\\\/tiketi.com\\\/wp-content\\\/uploads\\\/2019\\\/05\\\/taipei-taiwan-2057818_1280.jpg\",\"datePublished\":\"2022-01-19T11:53:32+00:00\",\"dateModified\":\"2022-02-22T08:27:09+00:00\",\"description\":\"Looking for drone air taxi in Taipei online booking app, route, schedule & fare? Compare air taxis and book your cheap flying taxi in Taipei\",\"breadcrumb\":{\"@id\":\"https:\\\/\\\/tiketi.com\\\/flying-taipei-air-taxi-booking\\\/#breadcrumb\"},\"inLanguage\":\"fr-FR\",\"potentialAction\":[{\"@type\":\"ReadAction\",\"target\":[\"https:\\\/\\\/tiketi.com\\\/flying-taipei-air-taxi-booking\\\/\"]}]},{\"@type\":\"ImageObject\",\"inLanguage\":\"fr-FR\",\"@id\":\"https:\\\/\\\/tiketi.com\\\/flying-taipei-air-taxi-booking\\\/#primaryimage\",\"url\":\"https:\\\/\\\/tiketi.com\\\/wp-content\\\/uploads\\\/2019\\\/05\\\/taipei-taiwan-2057818_1280.jpg\",\"contentUrl\":\"https:\\\/\\\/tiketi.com\\\/wp-content\\\/uploads\\\/2019\\\/05\\\/taipei-taiwan-2057818_1280.jpg\",\"width\":1200,\"height\":200,\"caption\":\"Air Taxi in Taipei Booking\"},{\"@type\":\"BreadcrumbList\",\"@id\":\"https:\\\/\\\/tiketi.com\\\/flying-taipei-air-taxi-booking\\\/#breadcrumb\",\"itemListElement\":[{\"@type\":\"ListItem\",\"position\":1,\"name\":\"Home\",\"item\":\"https:\\\/\\\/tiketi.com\\\/\"},{\"@type\":\"ListItem\",\"position\":2,\"name\":\"Air Taxi in Taipei Online Booking &#8211; Electric Flying Taxis\"}]},{\"@type\":\"WebSite\",\"@id\":\"https:\\\/\\\/tiketi.com\\\/#website\",\"url\":\"https:\\\/\\\/tiketi.com\\\/\",\"name\":\"Flight & Bus Tickets, Tour Packages & Activitites - Tiketi.com\",\"description\":\"Flight &amp; Bus Tickets, Tours, Activitites\",\"publisher\":{\"@id\":\"https:\\\/\\\/tiketi.com\\\/#organization\"},\"potentialAction\":[{\"@type\":\"SearchAction\",\"target\":{\"@type\":\"EntryPoint\",\"urlTemplate\":\"https:\\\/\\\/tiketi.com\\\/?s={search_term_string}\"},\"query-input\":{\"@type\":\"PropertyValueSpecification\",\"valueRequired\":true,\"valueName\":\"search_term_string\"}}],\"inLanguage\":\"fr-FR\"},{\"@type\":\"Organization\",\"@id\":\"https:\\\/\\\/tiketi.com\\\/#organization\",\"name\":\"Tiketi.com\",\"alternateName\":\"Tiketi\",\"url\":\"https:\\\/\\\/tiketi.com\\\/\",\"logo\":{\"@type\":\"ImageObject\",\"inLanguage\":\"fr-FR\",\"@id\":\"https:\\\/\\\/tiketi.com\\\/#\\\/schema\\\/logo\\\/image\\\/\",\"url\":\"https:\\\/\\\/tiketi.com\\\/wp-content\\\/uploads\\\/2019\\\/05\\\/tiketi-logo-696.png\",\"contentUrl\":\"https:\\\/\\\/tiketi.com\\\/wp-content\\\/uploads\\\/2019\\\/05\\\/tiketi-logo-696.png\",\"width\":696,\"height\":696,\"caption\":\"Tiketi.com\"},\"image\":{\"@id\":\"https:\\\/\\\/tiketi.com\\\/#\\\/schema\\\/logo\\\/image\\\/\"},\"sameAs\":[\"https:\\\/\\\/www.facebook.com\\\/TiketiCom\\\/\"]}]}<\/script>\n<!-- \/ Yoast SEO plugin. -->","yoast_head_json":{"title":"Air Taxi in Taipei Online Booking - Electric Flying Taxis","description":"Looking for drone air taxi in Taipei online booking app, route, schedule & fare? Compare air taxis and book your cheap flying taxi in Taipei","robots":{"index":"index","follow":"follow","max-snippet":"max-snippet:-1","max-image-preview":"max-image-preview:large","max-video-preview":"max-video-preview:-1"},"canonical":"https:\/\/tiketi.com\/fr-fr\/flying-taipei-air-taxi-booking\/","og_locale":"fr_FR","og_type":"article","og_title":"Air Taxi in Taipei Online Booking - Electric Flying Taxis","og_description":"Looking for drone air taxi in Taipei online booking app, route, schedule & fare? Compare air taxis and book your cheap flying taxi in Taipei","og_url":"https:\/\/tiketi.com\/fr-fr\/flying-taipei-air-taxi-booking\/","og_site_name":"Tiketi.com","article_publisher":"https:\/\/www.facebook.com\/TiketiCom\/","article_modified_time":"2022-02-22T08:27:09+00:00","og_image":[{"width":1200,"height":200,"url":"https:\/\/tiketi.com\/wp-content\/uploads\/2019\/05\/taipei-taiwan-2057818_1280.jpg","type":"image\/jpeg"}],"twitter_card":"summary_large_image","twitter_misc":{"Dur\u00e9e de lecture estim\u00e9e":"3 minutes"},"schema":{"@context":"https:\/\/schema.org","@graph":[{"@type":"WebPage","@id":"https:\/\/tiketi.com\/flying-taipei-air-taxi-booking\/","url":"https:\/\/tiketi.com\/flying-taipei-air-taxi-booking\/","name":"Air Taxi in Taipei Online Booking - Electric Flying Taxis","isPartOf":{"@id":"https:\/\/tiketi.com\/#website"},"primaryImageOfPage":{"@id":"https:\/\/tiketi.com\/flying-taipei-air-taxi-booking\/#primaryimage"},"image":{"@id":"https:\/\/tiketi.com\/flying-taipei-air-taxi-booking\/#primaryimage"},"thumbnailUrl":"https:\/\/tiketi.com\/wp-content\/uploads\/2019\/05\/taipei-taiwan-2057818_1280.jpg","datePublished":"2022-01-19T11:53:32+00:00","dateModified":"2022-02-22T08:27:09+00:00","description":"Looking for drone air taxi in Taipei online booking app, route, schedule & fare? Compare air taxis and book your cheap flying taxi in Taipei","breadcrumb":{"@id":"https:\/\/tiketi.com\/flying-taipei-air-taxi-booking\/#breadcrumb"},"inLanguage":"fr-FR","potentialAction":[{"@type":"ReadAction","target":["https:\/\/tiketi.com\/flying-taipei-air-taxi-booking\/"]}]},{"@type":"ImageObject","inLanguage":"fr-FR","@id":"https:\/\/tiketi.com\/flying-taipei-air-taxi-booking\/#primaryimage","url":"https:\/\/tiketi.com\/wp-content\/uploads\/2019\/05\/taipei-taiwan-2057818_1280.jpg","contentUrl":"https:\/\/tiketi.com\/wp-content\/uploads\/2019\/05\/taipei-taiwan-2057818_1280.jpg","width":1200,"height":200,"caption":"Air Taxi in Taipei Booking"},{"@type":"BreadcrumbList","@id":"https:\/\/tiketi.com\/flying-taipei-air-taxi-booking\/#breadcrumb","itemListElement":[{"@type":"ListItem","position":1,"name":"Home","item":"https:\/\/tiketi.com\/"},{"@type":"ListItem","position":2,"name":"Air Taxi in Taipei Online Booking &#8211; Electric Flying Taxis"}]},{"@type":"WebSite","@id":"https:\/\/tiketi.com\/#website","url":"https:\/\/tiketi.com\/","name":"Billets d&#039;avion et de bus, forfaits touristiques et activit\u00e9s - Tiketi.com","description":"Billets d&#039;avion et de bus, Tours, Activit\u00e9s","publisher":{"@id":"https:\/\/tiketi.com\/#organization"},"potentialAction":[{"@type":"SearchAction","target":{"@type":"EntryPoint","urlTemplate":"https:\/\/tiketi.com\/?s={search_term_string}"},"query-input":{"@type":"PropertyValueSpecification","valueRequired":true,"valueName":"search_term_string"}}],"inLanguage":"fr-FR"},{"@type":"Organization","@id":"https:\/\/tiketi.com\/#organization","name":"Tiketi.com","alternateName":"Tiketi","url":"https:\/\/tiketi.com\/","logo":{"@type":"ImageObject","inLanguage":"fr-FR","@id":"https:\/\/tiketi.com\/#\/schema\/logo\/image\/","url":"https:\/\/tiketi.com\/wp-content\/uploads\/2019\/05\/tiketi-logo-696.png","contentUrl":"https:\/\/tiketi.com\/wp-content\/uploads\/2019\/05\/tiketi-logo-696.png","width":696,"height":696,"caption":"Tiketi.com"},"image":{"@id":"https:\/\/tiketi.com\/#\/schema\/logo\/image\/"},"sameAs":["https:\/\/www.facebook.com\/TiketiCom\/"]}]}},"_links":{"self":[{"href":"https:\/\/tiketi.com\/fr-fr\/wp-json\/wp\/v2\/pages\/10572","targetHints":{"allow":["GET"]}}],"collection":[{"href":"https:\/\/tiketi.com\/fr-fr\/wp-json\/wp\/v2\/pages"}],"about":[{"href":"https:\/\/tiketi.com\/fr-fr\/wp-json\/wp\/v2\/types\/page"}],"author":[{"embeddable":true,"href":"https:\/\/tiketi.com\/fr-fr\/wp-json\/wp\/v2\/users\/1"}],"replies":[{"embeddable":true,"href":"https:\/\/tiketi.com\/fr-fr\/wp-json\/wp\/v2\/comments?post=10572"}],"version-history":[{"count":0,"href":"https:\/\/tiketi.com\/fr-fr\/wp-json\/wp\/v2\/pages\/10572\/revisions"}],"wp:featuredmedia":[{"embeddable":true,"href":"https:\/\/tiketi.com\/fr-fr\/wp-json\/wp\/v2\/media\/21296"}],"wp:attachment":[{"href":"https:\/\/tiketi.com\/fr-fr\/wp-json\/wp\/v2\/media?parent=10572"}],"curies":[{"name":"wp","href":"https:\/\/api.w.org\/{rel}","templated":true}]}}