{"id":10574,"date":"2022-01-19T12:53:32","date_gmt":"2022-01-19T11:53:32","guid":{"rendered":"https:\/\/new.tiketi.com\/shenzhen-air-taxi-booking-app-electric-flying-taxis\/"},"modified":"2025-07-18T06:51:24","modified_gmt":"2025-07-18T05:51:24","slug":"shenzhen","status":"publish","type":"page","link":"https:\/\/tiketi.com\/fr-fr\/volants\/taxi-aerien\/shenzhen\/","title":{"rendered":"Fly Over Shenzhen\u2019s Roads \u2013 Easy Air Taxi Shenzhen Online Bookings"},"content":{"rendered":"<h2 id=\"electric-india-air-taxi-booking-app\" class=\"wp-block-heading\">Book a Flying Taxi in Shenzhen \u2013 Fast, Green, and Affordable Urban Travel<\/h2>\r\n<!-- \/wp:post-content -->\r\n\r\n<!-- wp:paragraph -->\r\n<p>The Cheap air taxi in Shenzhen online booking app allows users to easily reserve helicopter and flying taxi flight tickets. Air taxis in Shenzhen make it possible to travel quickly and affordably across the city. Visitors are finding more and more things to do in Shenzhen, one of the most quickly-growing visitor areas in China. A mere fishing village known as Bao an County until 1979, Shenzhen was the primary city designed as a unique economic zone, a move that helped boost the area\u2019s economy as well as its number of residents. Shenzhen population has climbed from 3,120000 to more than 8.6 million people in less than 3 decades! While new attractions prevail, historic landmarks also can be found in Shenzhen. Spend a day on the famous attractions at Window of the World and then step back in time at Dapeng Ancient city. Just like many other services, you&#8217;ll be able to make a Shenzhen air taxi booking anytime, anywhere, through the app for your electric air taxi flight.<\/p>\r\n<h2>Why Choose a Flying Taxi in Shenzhen?<\/h2>\r\n<ul>\r\n<li><strong>Gagnez du temps<\/strong> \u2013 Ce qui prenait 30 \u00e0 60 minutes en voiture peut d\u00e9sormais se faire en moins de 10 minutes par avion.<\/li>\r\n<li><strong>\u00c9cologique et silencieux<\/strong> \u2013 Nos avions \u00e9lectriques sont jusqu&#039;\u00e0 100 fois plus silencieux que les h\u00e9licopt\u00e8res traditionnels et ne produisent aucune \u00e9mission.<\/li>\r\n<li><strong>S\u00e9curit\u00e9 certifi\u00e9e<\/strong> \u2013 Nos avions sont pilot\u00e9s par des pilotes agr\u00e9\u00e9s et sont \u00e9quip\u00e9s de multiples syst\u00e8mes de s\u00e9curit\u00e9 redondants afin de garantir un voyage en toute s\u00e9curit\u00e9.<\/li>\r\n<li><strong>Comfortable Experience<\/strong> \u2013 D&#039;un simple clic, vous \u00eates parti \u2013 sans tracas, sans stress.<\/li>\r\n<li><strong>Effortless Booking<\/strong> \u2013 Book Your Flight in Just a Few Clicks \u2013 Anytime, Anywhere<\/li>\r\n<\/ul>\r\n<h2>How Our Shenzhen Air Taxi Booking Service Works<\/h2>\r\n<p>R\u00e9server votre taxi a\u00e9rien est aussi simple que de r\u00e9server une course\u00a0:<\/p>\r\n<ol>\r\n<li><strong>Ouvrez le <a href=\"https:\/\/tiketi.com\/fr-fr\/download-tiketi-app\/\" target=\"_blank\" rel=\"noopener\">Application Tiketi<\/a> ou site Web<\/strong><\/li>\r\n<li><strong>Choisissez votre d\u00e9part<\/strong> from one of Shenzhen\u2019s many helipads or upcoming vertiports (e.g., Downtown Shenzhen, Shenzhen Baoan International Airport)<\/li>\r\n<li><strong>Choisissez votre avion<\/strong> \u2013 Choisissez un \u00e9l\u00e9gant taxi a\u00e9rien tout \u00e9lectrique \u00e0 2 ou 4 places<\/li>\r\n<li><strong>Confirmer et partir<\/strong> \u2013 Votre vol est r\u00e9serv\u00e9 en temps r\u00e9el et votre point d&#039;embarquement est pr\u00eat quand vous l&#039;\u00eates.<\/li>\r\n<\/ol>\r\n<p>In just a few minutes, you&#8217;re airborne\u2014gliding over Shenzhen\u2019s iconic skyline and avoiding the gridlock below.<\/p>\r\n<h2>Flying Taxi Routes in Shenzhen \u2013 High-Flying Connections<\/h2>\r\n<p>Shenzhen\u2019s air taxi network is being built to support both intra-city convenience and regional connections across the GBA.<\/p>\r\n<p>Intra-City Flights (Launching Soon):<\/p>\r\n<ul>\r\n<li><strong>Shenzhen Bao\u2019an Airport \u2192 Futian CBD<\/strong> \u2013 ~8 minutes (vs. 45\u201360 minutes by car)<\/li>\r\n<li><strong>Qianhai \u2192 Nanshan Science Park<\/strong> \u2013 ~5 minutes<\/li>\r\n<li><strong>Shekou Ferry Terminal \u2192 Futian Checkpoint<\/strong> \u2013 ~6 minutes<\/li>\r\n<li><strong>Luohu \u2192 OCT (Overseas Chinese Town)<\/strong> \u2013 ~7 minutes<\/li>\r\n<\/ul>\r\n<p>Regional GBA Connections:<\/p>\r\n<ul>\r\n<li><strong>Shenzhen \u2192 Hong Kong Central<\/strong> (~20 minutes)<\/li>\r\n<li><strong>Shenzhen \u2192 Macau<\/strong> (~25 minutes)<\/li>\r\n<li><strong>Shenzhen \u2192 Guangzhou<\/strong> (~30\u201335 minutes)<\/li>\r\n<li><strong>Shenzhen \u2192 Zhuhai<\/strong> (~20 minutes)<\/li>\r\n<\/ul>\r\n<p>Shenzhen is one of the first cities in China to pilot low-altitude economy corridors, supported by the Civil Aviation Administration of China (CAAC) and local governments.<\/p>\r\n<h2>Options de tarification et de r\u00e9servation des taxis volants<\/h2>\r\n<p>Designed for professionals, travelers, and high-efficiency businesses:<\/p>\r\n<ul>\r\n<li><strong>Current pilot rates:<\/strong> ~\u00a530\u2013\u00a550 per passenger-kilometer<\/li>\r\n<li><strong>Example: Bao\u2019an Airport to Futian<\/strong> (~25 km) = \u00a5750\u2013\u00a51,250<br \/>(similar to a luxury car service during rush hour\u2014but much faster)<\/li>\r\n<\/ul>\r\n<p>\u00c0 venir:<\/p>\r\n<ul>\r\n<li><strong>Commuter passes for daily city hops<\/strong><\/li>\r\n<li><strong>Enterprise &amp; government packages<\/strong><\/li>\r\n<li><strong>Cross-border bundles with e-customs clearance<\/strong><\/li>\r\n<\/ul>\r\n<p>Reserve via app or through our website.<\/p>\r\n<h2>Qui est \u00e0 l&#039;avant-garde ?<\/h2>\r\n<p>Meet the pioneers bringing aerial mobility to Shenzhen:<\/p>\r\n<ul>\r\n<li><strong>Joby Aviation + China Eastern Airlines:<\/strong> Launching 200 mph eVTOL flights from Shenzhen\u2019s airports, priced similarly to premium car services.<\/li>\r\n<li><strong>Vertical Aerospace (China):<\/strong> Certifying its VX4 aircraft for 2028 flights\u2014projected fares as low as CNY 700.<\/li>\r\n<li><strong>Skyports :<\/strong> Developing vertiports and charging hubs across Shenzhen and the surrounding region.<\/li>\r\n<li><strong>Chinese Government:<\/strong> Investing heavily in China\u2019s aerial mobility infrastructure, paving the way for sustainable, high-tech air travel.<\/li>\r\n<\/ul>\r\n<h2>Foire aux questions<\/h2>\r\n<h3>Pourquoi prendre un taxi a\u00e9rien ?\u00a0<\/h3>\r\n<p>Shenzhen is one of the world\u2019s most innovative cities. Home to global tech giants, a world-class port, and cutting-edge infrastructure, it\u2019s where China\u2019s future is being built. But even a smart city like Shenzhen can\u2019t escape one challenge: <strong>urban congestion<\/strong>.<br \/>From Futian\u2019s business hubs to the bustling streets of Nanshan and the growing Qianhai district, traffic delays are part of everyday life. That\u2019s where<strong> eVTOL (electric vertical takeoff and landing)<\/strong> air taxis come in.<\/p>\r\n<p>Forget gridlock. With our all-electric flying taxis, you can cross the city\u2014or connect across the Greater Bay Area\u2014in a matter of minutes, with zero emissions and maximum efficiency.<\/p>\r\n<h3>Est-ce s\u00fbr?<\/h3>\r\n<p>Oui. Tous les vols sont pilot\u00e9s par des professionnels certifi\u00e9s et respectent les normes de s\u00e9curit\u00e9 les plus strictes, avec de multiples syst\u00e8mes de s\u00e9curit\u00e9 redondants int\u00e9gr\u00e9s.<\/p>\r\n<h3>Les vols peuvent-ils \u00eatre assur\u00e9s par mauvais temps\u00a0?<\/h3>\r\n<p>Votre s\u00e9curit\u00e9 est notre priorit\u00e9 absolue. En cas d&#039;intemp\u00e9ries, nous vous en informerons imm\u00e9diatement et vous aiderons \u00e0 reporter votre r\u00e9servation ou \u00e0 obtenir un remboursement int\u00e9gral.<\/p>\r\n<h3>Puis-je apporter des bagages ?<\/h3>\r\n<p>Les bagages \u00e0 main sont les bienvenus. Pour les objets plus volumineux, nous organiserons leur transport terrestre jusqu&#039;\u00e0 votre destination.<\/p>\r\n<!-- \/wp:paragraph -->\r\n\r\n<!-- wp:heading -->\r\n<h2>Voici quelques-uns des meilleurs avantages du taxi volant \u00e9lectrique \u00e0 Shenzhen, Guangdong<\/h2>\r\n<h3>Quelle est la vitesse de ces taxis a\u00e9riens \u00e9lectriques \u00e0 Shenzhen\u00a0?<\/h3>\r\n<!-- \/wp:heading -->\r\n\r\n<!-- wp:paragraph -->\r\n<p>Oui, les taxis drones \u00e0 Shenzhen r\u00e9duiraient certainement la dur\u00e9e du voyage. On suppose que la vitesse de cent miles par heure pourrait \u00eatre atteinte par des voitures a\u00e9riennes gr\u00e2ce \u00e0 un taxi volant \u00e9lectrique \u00e0 Shenzhen. De plus, n&#039;oubliez pas que la distance diminuerait \u00e9galement consid\u00e9rablement car il n&#039;y aurait pas de limitations de routes.<\/p>\r\n<!-- \/wp:paragraph -->\r\n\r\n<!-- wp:heading {\"level\":3} -->\r\n<h3>\u00c0 quel point le taxi volant \u00e9lectrique est-il simple \u00e0 Shenzhen\u00a0?<\/h3>\r\n<!-- \/wp:heading -->\r\n\r\n<!-- wp:paragraph -->\r\n<p>On devine que les voitures a\u00e9riennes sont beaucoup plus simples que la conduite. C&#039;est parce que le conducteur aura plus d&#039;espace dans les airs. Aussi, le lecteur disposera d&#039;une zone 3D pour d\u00e9placer son v\u00e9hicule plut\u00f4t qu&#039;en 2D dans le cas des routes.<\/p>\r\n<h3>Drone taxis a\u00e9riens \u00e0 Shenzhen multiples cas d&#039;utilisation avec avantage public<\/h3>\r\n<!-- \/wp:paragraph -->\r\n\r\n<!-- wp:paragraph -->\r\n<p>Lorsque l&#039;on pense \u00e0 la r\u00e9servation en ligne de drones volants \u00e0 Shenzhen, la propri\u00e9t\u00e9 priv\u00e9e est loin d&#039;\u00eatre le seul cas d&#039;utilisation. Il existe de nombreuses fa\u00e7ons dont les drones taxis \u00e0 Shenzhen peuvent profiter \u00e0 une partie importante de la population.<\/p>\r\n<h3>Combien co\u00fbtera un taxi volant \u00e9lectrique \u00e0 Shenzhen ?<\/h3>\r\n<!-- \/wp:paragraph -->\r\n\r\n<!-- wp:paragraph -->\r\n<p>Au d\u00e9part, les drones taxis a\u00e9riens \u00e0 Shenzhen co\u00fbteront environ $5,73 par passager-mile. Vous pouvez facilement r\u00e9server des billets d&#039;avion en taxi a\u00e9rien via des taxis volants \u00e9lectriques dans l&#039;application Shenzhen. Le prix du taxi drone \u00e0 Shenzhen chutera ensuite \u00e0 $1,85 par mile passager avant d&#039;atteindre finalement le tarif incroyable du client de $0,44 par mile.<\/p>\r\n<h3>What are the advantages of electric Shenzhen air taxi booking app?<\/h3>\r\n<!-- \/wp:paragraph -->\r\n\r\n<!-- wp:paragraph -->\r\n<p>Parmi ses autres avantages, la r\u00e9servation en ligne de taxi drone \u00e0 Shenzhen pourrait fournir un boom \u00e9conomique en augmentant le nombre de personnes se dirigeant vers des lieux de loisirs et de tourisme qui ne sont pas \u00e0 proximit\u00e9 des grands a\u00e9roports.<\/p>\r\n<!-- \/wp:paragraph -->\r\n\r\n<!-- wp:heading {\"level\":3} -->\r\n<h3 id=\"would-drone-air-taxi-in-london-online-booking-app-be-used-to-book-a-electric-air-taxi-flight\" class=\"wp-block-heading\">Can the air taxis in Shenzhen online booking app be used to reserve electric air taxi flight tickets?<\/h3>\r\n<!-- \/wp:heading -->\r\n\r\n<!-- wp:paragraph -->\r\n<p>Oui, les clients peuvent utiliser de mani\u00e8re transparente l&#039;application de r\u00e9servation de taxi a\u00e9rien \u00e9lectrique en ligne de Shenzhen pour trouver le meilleur itin\u00e9raire et r\u00e9server un taxi volant avec drone dans les billets d&#039;avion de Shenzhen \u00e0 tout moment et n&#039;importe o\u00f9.<\/p>\r\n<h2>Autres vols populaires en taxi a\u00e9rien<\/h2>\r\n<table border=\"0\" cellspacing=\"1\" cellpadding=\"1\">\r\n<tbody>\r\n<tr>\r\n<td>Bon march\u00e9 <a href=\"https:\/\/tiketi.com\/fr-fr\/volants\/taxi-aerien\/hong-kong\/\" target=\"_blank\" rel=\"noopener\">taxi a\u00e9rien \u00e0 Hong Kong<\/a>\u00a0<\/td>\r\n<td style=\"width: 30px;\">\u00a0<\/td>\r\n<td>Bon march\u00e9 <a href=\"https:\/\/tiketi.com\/fr-fr\/volants\/taxi-aerien\/china\/\" target=\"_blank\" rel=\"noopener\">air taxi in China<\/a><\/td>\r\n<td style=\"width: 30px;\">\u00a0<\/td>\r\n<td>Bon march\u00e9 <a href=\"https:\/\/tiketi.com\/fr-fr\/volants\/taxi-aerien\/shanghai\/\" target=\"_blank\" rel=\"noopener\">air taxi in Shanghai<\/a><\/td>\r\n<\/tr>\r\n<tr>\r\n<td>Bon march\u00e9 <a href=\"https:\/\/tiketi.com\/fr-fr\/volants\/taxi-aerien\/chongqing\/\" target=\"_blank\" rel=\"noopener\">air taxi in Chongqing<\/a><\/td>\r\n<td style=\"width: 30px;\">\u00a0<\/td>\r\n<td>Bon march\u00e9 <a href=\"https:\/\/tiketi.com\/fr-fr\/volants\/taxi-aerien\/macau\/\" target=\"_blank\" rel=\"noopener\">air taxi in Macau<\/a><\/td>\r\n<td style=\"width: 30px;\">\u00a0<\/td>\r\n<td>Bon march\u00e9 <a href=\"https:\/\/tiketi.com\/fr-fr\/volants\/taxi-aerien\/beijing\/\" target=\"_blank\" rel=\"noopener\">air taxi in Beijing<\/a><\/td>\r\n<\/tr>\r\n<tr>\r\n<td>Bon march\u00e9 <a href=\"https:\/\/tiketi.com\/fr-fr\/volants\/taxi-aerien\/quanzhou\/\" target=\"_blank\" rel=\"noopener\">air taxi in Quanzhou<\/a><\/td>\r\n<td style=\"width: 30px;\">\u00a0<\/td>\r\n<td>Bon march\u00e9 <a href=\"https:\/\/tiketi.com\/fr-fr\/volants\/taxi-aerien\/guangzhou\/\" target=\"_blank\" rel=\"noopener\">air taxi in Guangzhou<\/a><\/td>\r\n<td style=\"width: 30px;\">\u00a0<\/td>\r\n<td>Bon march\u00e9 <a href=\"https:\/\/tiketi.com\/fr-fr\/volants\/taxi-aerien\/chengdu\/\" target=\"_blank\" rel=\"noopener\">air taxi in Chengdu<\/a><\/td>\r\n<\/tr>\r\n<\/tbody>\r\n<\/table>\r\n<p>&nbsp;<\/p>\r\n<p>&nbsp;<\/p>","protected":false},"excerpt":{"rendered":"<p>Book a Flying Taxi in Shenzhen \u2013 Fast, Green, and Affordable Urban Travel The Cheap air taxi in Shenzhen online booking app allows users to easily reserve helicopter and flying taxi flight tickets. Air taxis in Shenzhen make it possible to travel quickly and affordably across the city. Visitors are finding more and more things [&hellip;]<\/p>\n","protected":false},"author":1,"featured_media":21173,"parent":25621,"menu_order":0,"comment_status":"open","ping_status":"closed","template":"template-home-modern.php","meta":{"footnotes":""},"class_list":["post-10574","page","type-page","status-publish","has-post-thumbnail","hentry"],"yoast_head":"<!-- This site is optimized with the Yoast SEO plugin v27.2 - https:\/\/yoast.com\/product\/yoast-seo-wordpress\/ -->\n<title>Book an Air Taxi in Shenzhen Online | Cheap Flying Taxi Fares<\/title>\n<meta name=\"description\" content=\"Book an air taxi in Shenzhen online with our app. Compare routes, fares, &amp; flight tickets for air taxis, &amp; find affordable flying taxi options\" \/>\n<meta name=\"robots\" content=\"index, follow, max-snippet:-1, max-image-preview:large, max-video-preview:-1\" \/>\n<link rel=\"canonical\" href=\"https:\/\/tiketi.com\/fr-fr\/volants\/taxi-aerien\/shenzhen\/\" \/>\n<meta property=\"og:locale\" content=\"fr_FR\" \/>\n<meta property=\"og:type\" content=\"article\" \/>\n<meta property=\"og:title\" content=\"Book an Air Taxi in Shenzhen Online | Cheap Flying Taxi Fares\" \/>\n<meta property=\"og:description\" content=\"Book an air taxi in Shenzhen online with our app. Compare routes, fares, &amp; flight tickets for air taxis, &amp; find affordable flying taxi options\" \/>\n<meta property=\"og:url\" content=\"https:\/\/tiketi.com\/fr-fr\/volants\/taxi-aerien\/shenzhen\/\" \/>\n<meta property=\"og:site_name\" content=\"Tiketi.com\" \/>\n<meta property=\"article:publisher\" content=\"https:\/\/www.facebook.com\/TiketiCom\/\" \/>\n<meta property=\"article:modified_time\" content=\"2025-07-18T05:51:24+00:00\" \/>\n<meta property=\"og:image\" content=\"https:\/\/tiketi.com\/wp-content\/uploads\/2019\/05\/shenzhen-4682614_1280.jpg\" \/>\n\t<meta property=\"og:image:width\" content=\"1171\" \/>\n\t<meta property=\"og:image:height\" content=\"200\" \/>\n\t<meta property=\"og:image:type\" content=\"image\/jpeg\" \/>\n<meta name=\"twitter:card\" content=\"summary_large_image\" \/>\n<meta name=\"twitter:label1\" content=\"Dur\u00e9e de lecture estim\u00e9e\" \/>\n\t<meta name=\"twitter:data1\" content=\"6 minutes\" \/>\n<script type=\"application\/ld+json\" class=\"yoast-schema-graph\">{\"@context\":\"https:\/\/schema.org\",\"@graph\":[{\"@type\":\"WebPage\",\"@id\":\"https:\/\/tiketi.com\/flying\/air-taxi\/shenzhen\/\",\"url\":\"https:\/\/tiketi.com\/flying\/air-taxi\/shenzhen\/\",\"name\":\"Book an Air Taxi in Shenzhen Online | Cheap Flying Taxi Fares\",\"isPartOf\":{\"@id\":\"https:\/\/tiketi.com\/#website\"},\"primaryImageOfPage\":{\"@id\":\"https:\/\/tiketi.com\/flying\/air-taxi\/shenzhen\/#primaryimage\"},\"image\":{\"@id\":\"https:\/\/tiketi.com\/flying\/air-taxi\/shenzhen\/#primaryimage\"},\"thumbnailUrl\":\"https:\/\/tiketi.com\/wp-content\/uploads\/2019\/05\/shenzhen-4682614_1280.jpg\",\"datePublished\":\"2022-01-19T11:53:32+00:00\",\"dateModified\":\"2025-07-18T05:51:24+00:00\",\"description\":\"Book an air taxi in Shenzhen online with our app. Compare routes, fares, & flight tickets for air taxis, & find affordable flying taxi options\",\"breadcrumb\":{\"@id\":\"https:\/\/tiketi.com\/flying\/air-taxi\/shenzhen\/#breadcrumb\"},\"inLanguage\":\"fr-FR\",\"potentialAction\":[{\"@type\":\"ReadAction\",\"target\":[\"https:\/\/tiketi.com\/flying\/air-taxi\/shenzhen\/\"]}]},{\"@type\":\"ImageObject\",\"inLanguage\":\"fr-FR\",\"@id\":\"https:\/\/tiketi.com\/flying\/air-taxi\/shenzhen\/#primaryimage\",\"url\":\"https:\/\/tiketi.com\/wp-content\/uploads\/2019\/05\/shenzhen-4682614_1280.jpg\",\"contentUrl\":\"https:\/\/tiketi.com\/wp-content\/uploads\/2019\/05\/shenzhen-4682614_1280.jpg\",\"width\":1171,\"height\":200,\"caption\":\"Air Taxi in Shenzhen Online Booking\"},{\"@type\":\"BreadcrumbList\",\"@id\":\"https:\/\/tiketi.com\/flying\/air-taxi\/shenzhen\/#breadcrumb\",\"itemListElement\":[{\"@type\":\"ListItem\",\"position\":1,\"name\":\"Home\",\"item\":\"https:\/\/tiketi.com\/\"},{\"@type\":\"ListItem\",\"position\":2,\"name\":\"Flying\",\"item\":\"https:\/\/tiketi.com\/fr-fr\/volants\/\"},{\"@type\":\"ListItem\",\"position\":3,\"name\":\"Air Taxi\",\"item\":\"https:\/\/tiketi.com\/flying\/air-taxi\/\"},{\"@type\":\"ListItem\",\"position\":4,\"name\":\"Fly Over Shenzhen\u2019s Roads \u2013 Easy Air Taxi Shenzhen Online Bookings\"}]},{\"@type\":\"WebSite\",\"@id\":\"https:\/\/tiketi.com\/#website\",\"url\":\"https:\/\/tiketi.com\/\",\"name\":\"Flight & Bus Tickets, Tour Packages & Activitites - Tiketi.com\",\"description\":\"Flight &amp; Bus Tickets, Tours, Activitites\",\"publisher\":{\"@id\":\"https:\/\/tiketi.com\/#organization\"},\"potentialAction\":[{\"@type\":\"SearchAction\",\"target\":{\"@type\":\"EntryPoint\",\"urlTemplate\":\"https:\/\/tiketi.com\/?s={search_term_string}\"},\"query-input\":{\"@type\":\"PropertyValueSpecification\",\"valueRequired\":true,\"valueName\":\"search_term_string\"}}],\"inLanguage\":\"fr-FR\"},{\"@type\":\"Organization\",\"@id\":\"https:\/\/tiketi.com\/#organization\",\"name\":\"Tiketi.com\",\"alternateName\":\"Tiketi\",\"url\":\"https:\/\/tiketi.com\/\",\"logo\":{\"@type\":\"ImageObject\",\"inLanguage\":\"fr-FR\",\"@id\":\"https:\/\/tiketi.com\/#\/schema\/logo\/image\/\",\"url\":\"https:\/\/tiketi.com\/wp-content\/uploads\/2019\/05\/tiketi-logo-696.png\",\"contentUrl\":\"https:\/\/tiketi.com\/wp-content\/uploads\/2019\/05\/tiketi-logo-696.png\",\"width\":696,\"height\":696,\"caption\":\"Tiketi.com\"},\"image\":{\"@id\":\"https:\/\/tiketi.com\/#\/schema\/logo\/image\/\"},\"sameAs\":[\"https:\/\/www.facebook.com\/TiketiCom\/\"]}]}<\/script>\n<!-- \/ Yoast SEO plugin. -->","yoast_head_json":{"title":"Book an Air Taxi in Shenzhen Online | Cheap Flying Taxi Fares","description":"Book an air taxi in Shenzhen online with our app. Compare routes, fares, & flight tickets for air taxis, & find affordable flying taxi options","robots":{"index":"index","follow":"follow","max-snippet":"max-snippet:-1","max-image-preview":"max-image-preview:large","max-video-preview":"max-video-preview:-1"},"canonical":"https:\/\/tiketi.com\/fr-fr\/volants\/taxi-aerien\/shenzhen\/","og_locale":"fr_FR","og_type":"article","og_title":"Book an Air Taxi in Shenzhen Online | Cheap Flying Taxi Fares","og_description":"Book an air taxi in Shenzhen online with our app. Compare routes, fares, & flight tickets for air taxis, & find affordable flying taxi options","og_url":"https:\/\/tiketi.com\/fr-fr\/volants\/taxi-aerien\/shenzhen\/","og_site_name":"Tiketi.com","article_publisher":"https:\/\/www.facebook.com\/TiketiCom\/","article_modified_time":"2025-07-18T05:51:24+00:00","og_image":[{"width":1171,"height":200,"url":"https:\/\/tiketi.com\/wp-content\/uploads\/2019\/05\/shenzhen-4682614_1280.jpg","type":"image\/jpeg"}],"twitter_card":"summary_large_image","twitter_misc":{"Dur\u00e9e de lecture estim\u00e9e":"6 minutes"},"schema":{"@context":"https:\/\/schema.org","@graph":[{"@type":"WebPage","@id":"https:\/\/tiketi.com\/flying\/air-taxi\/shenzhen\/","url":"https:\/\/tiketi.com\/flying\/air-taxi\/shenzhen\/","name":"Book an Air Taxi in Shenzhen Online | Cheap Flying Taxi Fares","isPartOf":{"@id":"https:\/\/tiketi.com\/#website"},"primaryImageOfPage":{"@id":"https:\/\/tiketi.com\/flying\/air-taxi\/shenzhen\/#primaryimage"},"image":{"@id":"https:\/\/tiketi.com\/flying\/air-taxi\/shenzhen\/#primaryimage"},"thumbnailUrl":"https:\/\/tiketi.com\/wp-content\/uploads\/2019\/05\/shenzhen-4682614_1280.jpg","datePublished":"2022-01-19T11:53:32+00:00","dateModified":"2025-07-18T05:51:24+00:00","description":"Book an air taxi in Shenzhen online with our app. Compare routes, fares, & flight tickets for air taxis, & find affordable flying taxi options","breadcrumb":{"@id":"https:\/\/tiketi.com\/flying\/air-taxi\/shenzhen\/#breadcrumb"},"inLanguage":"fr-FR","potentialAction":[{"@type":"ReadAction","target":["https:\/\/tiketi.com\/flying\/air-taxi\/shenzhen\/"]}]},{"@type":"ImageObject","inLanguage":"fr-FR","@id":"https:\/\/tiketi.com\/flying\/air-taxi\/shenzhen\/#primaryimage","url":"https:\/\/tiketi.com\/wp-content\/uploads\/2019\/05\/shenzhen-4682614_1280.jpg","contentUrl":"https:\/\/tiketi.com\/wp-content\/uploads\/2019\/05\/shenzhen-4682614_1280.jpg","width":1171,"height":200,"caption":"Air Taxi in Shenzhen Online Booking"},{"@type":"BreadcrumbList","@id":"https:\/\/tiketi.com\/flying\/air-taxi\/shenzhen\/#breadcrumb","itemListElement":[{"@type":"ListItem","position":1,"name":"Home","item":"https:\/\/tiketi.com\/"},{"@type":"ListItem","position":2,"name":"Flying","item":"https:\/\/tiketi.com\/fr-fr\/volants\/"},{"@type":"ListItem","position":3,"name":"Air Taxi","item":"https:\/\/tiketi.com\/flying\/air-taxi\/"},{"@type":"ListItem","position":4,"name":"Fly Over Shenzhen\u2019s Roads \u2013 Easy Air Taxi Shenzhen Online Bookings"}]},{"@type":"WebSite","@id":"https:\/\/tiketi.com\/#website","url":"https:\/\/tiketi.com\/","name":"Billets d&#039;avion et de bus, forfaits touristiques et activit\u00e9s - Tiketi.com","description":"Billets d&#039;avion et de bus, Tours, Activit\u00e9s","publisher":{"@id":"https:\/\/tiketi.com\/#organization"},"potentialAction":[{"@type":"SearchAction","target":{"@type":"EntryPoint","urlTemplate":"https:\/\/tiketi.com\/?s={search_term_string}"},"query-input":{"@type":"PropertyValueSpecification","valueRequired":true,"valueName":"search_term_string"}}],"inLanguage":"fr-FR"},{"@type":"Organization","@id":"https:\/\/tiketi.com\/#organization","name":"Tiketi.com","alternateName":"Tiketi","url":"https:\/\/tiketi.com\/","logo":{"@type":"ImageObject","inLanguage":"fr-FR","@id":"https:\/\/tiketi.com\/#\/schema\/logo\/image\/","url":"https:\/\/tiketi.com\/wp-content\/uploads\/2019\/05\/tiketi-logo-696.png","contentUrl":"https:\/\/tiketi.com\/wp-content\/uploads\/2019\/05\/tiketi-logo-696.png","width":696,"height":696,"caption":"Tiketi.com"},"image":{"@id":"https:\/\/tiketi.com\/#\/schema\/logo\/image\/"},"sameAs":["https:\/\/www.facebook.com\/TiketiCom\/"]}]}},"_links":{"self":[{"href":"https:\/\/tiketi.com\/fr-fr\/wp-json\/wp\/v2\/pages\/10574","targetHints":{"allow":["GET"]}}],"collection":[{"href":"https:\/\/tiketi.com\/fr-fr\/wp-json\/wp\/v2\/pages"}],"about":[{"href":"https:\/\/tiketi.com\/fr-fr\/wp-json\/wp\/v2\/types\/page"}],"author":[{"embeddable":true,"href":"https:\/\/tiketi.com\/fr-fr\/wp-json\/wp\/v2\/users\/1"}],"replies":[{"embeddable":true,"href":"https:\/\/tiketi.com\/fr-fr\/wp-json\/wp\/v2\/comments?post=10574"}],"version-history":[{"count":10,"href":"https:\/\/tiketi.com\/fr-fr\/wp-json\/wp\/v2\/pages\/10574\/revisions"}],"predecessor-version":[{"id":31951,"href":"https:\/\/tiketi.com\/fr-fr\/wp-json\/wp\/v2\/pages\/10574\/revisions\/31951"}],"up":[{"embeddable":true,"href":"https:\/\/tiketi.com\/fr-fr\/wp-json\/wp\/v2\/pages\/25621"}],"wp:featuredmedia":[{"embeddable":true,"href":"https:\/\/tiketi.com\/fr-fr\/wp-json\/wp\/v2\/media\/21173"}],"wp:attachment":[{"href":"https:\/\/tiketi.com\/fr-fr\/wp-json\/wp\/v2\/media?parent=10574"}],"curies":[{"name":"wp","href":"https:\/\/api.w.org\/{rel}","templated":true}]}}