{"id":10575,"date":"2022-01-19T12:53:32","date_gmt":"2022-01-19T11:53:32","guid":{"rendered":"https:\/\/new.tiketi.com\/san-diego-air-taxi-booking-app-electric-flying-taxis\/"},"modified":"2022-02-21T11:56:34","modified_gmt":"2022-02-21T10:56:34","slug":"flying-san-diego-air-taxi-booking","status":"publish","type":"page","link":"https:\/\/tiketi.com\/fr-fr\/flying-san-diego-air-taxi-booking\/","title":{"rendered":"Air Taxi in San Diego Online Booking &#8211; Electric Flying Taxis"},"content":{"rendered":"<h2>Electric San Diego air taxi booking app<\/h2>\n<!-- \/wp:post-content --><!-- wp:paragraph -->\n\nElectric air taxi in San Diego online booking app service will enable users to book electric flying taxi in San Diego. Air taxis in San Diego makes possible to travel cheap and fast in San Diego. A dynamic place to visit and live, sun-kissed San Diego is generally known as American Finest City, and it is simple to view why. Besides boasting a big stretch of wonderful coastline, the city is blessed with natural beauty, a mild southern climate, and is famed for its laidback vibe and surfer culture. Set alongside the popular waters of the Pacific Ocean, there are a myriad of remarkable museums and historic visitor attractions in San Diego with many relating to its rich maritime heritage. Further, lots of great restaurants and shops are dotted about with remarkable nightlife and bar scenes on offer at both Pacific beach and mission. As with so many other things you will be able to make anytime and anywhere drone San Diego air taxi booking for your electric air taxi flight.\n\n<!-- \/wp:paragraph --><!-- wp:heading -->\n<h2>Here are some of the best advantages of electric flying&nbsp;taxi in San Diego<\/h2>\n<h3>Electric air taxis in San Diego is new type of mobility<\/h3>\n<!-- \/wp:heading --><!-- wp:paragraph -->\n\nPassengers drones will provide a new way to travel little distances through air taxis in San Diego online booking. Imagine if we can travel just like the Jetsons. While the capabilities of passenger drones remain uncertain, it will definitely cut the travel time in half and will be famous among people who want to reject the high traffic. Flying&nbsp;taxis in San Diego are less expensive than private jets.\n\n<!-- \/wp:paragraph --><!-- wp:paragraph -->\n\nIl n&#039;y a aucun moyen de le dire avec certitude au d\u00e9part, mais \u00e0 mesure que la technologie gagne du terrain, elle remplacera les jets priv\u00e9s.\n<h3>Drone flying taxi in San Diego are eco-friendly<\/h3>\n<!-- \/wp:paragraph --><!-- wp:paragraph -->\n\nAlors que les h\u00e9licopt\u00e8res, les jets et les avions utilisent du carburant pour voler, presque tous les drones actuellement en cours de d\u00e9veloppement utilisent l&#039;\u00e9lectricit\u00e9, ce qui les rend sans \u00e9missions et respectueux de l&#039;environnement. C&#039;est un meilleur choix dans une soci\u00e9t\u00e9 qui se tourne vers les technologies vertes.\n\n<!-- \/wp:paragraph --><!-- wp:paragraph -->\n\nAnyway, the idea of drone shuttles bringing visitors from A to point B is no longer a figment of our imagination through air taxis in San Diego app.\n<h3>How quick is drone air taxis in San Diego?<\/h3>\n<!-- \/wp:paragraph --><!-- wp:paragraph -->\n\nL&#039;avion Archers eVTOL, nomm\u00e9 Maker, sera capable de parcourir une distance allant jusqu&#039;\u00e0 soixante miles \u00e0 des vitesses proches de 150 mph. en plus de soulager les embouteillages au sol, l&#039;engin motoris\u00e9 ne g\u00e9n\u00e9rera aucune \u00e9mission et aura une empreinte sonore de seulement 45 dba, se fondant dans les sons des quartiers r\u00e9sidentiels.\n<h3>How much will an electric flying&nbsp;taxis in San Diego cost?<\/h3>\n<!-- \/wp:paragraph --><!-- wp:paragraph -->\n\nInitially, drone air taxis in San Diego will cost approximately $5.73 per passenger mile. &nbsp;The cost will then plummet to $1.85 per passenger mile before finally hitting the customer amazing rate of $0.44 per mile. You can easily book air taxi through electric flying taxis in San Diego app.\n<h2>Advantages of electric San Diego air taxi booking app<\/h2>\n<!-- \/wp:paragraph --><!-- wp:paragraph -->\n\nAmong its other advantages, drone taxi in San Diego online booking could provide a economic boom by rising the number of people heading for recreation and tourism places that are not near big airports.\n\n<!-- \/wp:paragraph --><!-- wp:heading {\"level\":3} -->\n<h3>Would drone air taxi in San Diego online booking app be used to book a electric air taxi flight?<\/h3>\n<!-- \/wp:heading --><!-- wp:paragraph -->\n\nYes, customers can seamlessly use online electric San Diego air taxi booking app to find the best route and book a drone flying taxi in San Diego flight anytime and anywhere.","protected":false},"excerpt":{"rendered":"<p>Electric San Diego air taxi booking app Electric air taxi in San Diego online booking app service will enable users to book electric flying taxi in San Diego. Air taxis in San Diego makes possible to travel cheap and fast in San Diego. A dynamic place to visit and live, sun-kissed San Diego is generally [&hellip;]<\/p>\n","protected":false},"author":1,"featured_media":21077,"parent":0,"menu_order":0,"comment_status":"open","ping_status":"closed","template":"template-home-modern.php","meta":{"footnotes":""},"class_list":["post-10575","page","type-page","status-publish","has-post-thumbnail","hentry"],"yoast_head":"<!-- This site is optimized with the Yoast SEO plugin v27.3 - https:\/\/yoast.com\/product\/yoast-seo-wordpress\/ -->\n<title>Air Taxi in San Diego Online Booking - Electric Flying Taxis<\/title>\n<meta name=\"description\" content=\"Looking for drone air taxi in San Diego online booking app, route, schedule &amp; fare? Compare air taxis and book your cheap flying taxi in San Diego\" \/>\n<meta name=\"robots\" content=\"index, follow, max-snippet:-1, max-image-preview:large, max-video-preview:-1\" \/>\n<link rel=\"canonical\" href=\"https:\/\/tiketi.com\/fr-fr\/flying-san-diego-air-taxi-booking\/\" \/>\n<meta property=\"og:locale\" content=\"fr_FR\" \/>\n<meta property=\"og:type\" content=\"article\" \/>\n<meta property=\"og:title\" content=\"Air Taxi in San Diego Online Booking - Electric Flying Taxis\" \/>\n<meta property=\"og:description\" content=\"Looking for drone air taxi in San Diego online booking app, route, schedule &amp; fare? Compare air taxis and book your cheap flying taxi in San Diego\" \/>\n<meta property=\"og:url\" content=\"https:\/\/tiketi.com\/fr-fr\/flying-san-diego-air-taxi-booking\/\" \/>\n<meta property=\"og:site_name\" content=\"Tiketi.com\" \/>\n<meta property=\"article:publisher\" content=\"https:\/\/www.facebook.com\/TiketiCom\/\" \/>\n<meta property=\"article:modified_time\" content=\"2022-02-21T10:56:34+00:00\" \/>\n<meta property=\"og:image\" content=\"https:\/\/tiketi.com\/wp-content\/uploads\/2019\/05\/san-diego-panorama-1537475_.jpg\" \/>\n\t<meta property=\"og:image:width\" content=\"1188\" \/>\n\t<meta property=\"og:image:height\" content=\"200\" \/>\n\t<meta property=\"og:image:type\" content=\"image\/jpeg\" \/>\n<meta name=\"twitter:card\" content=\"summary_large_image\" \/>\n<meta name=\"twitter:label1\" content=\"Dur\u00e9e de lecture estim\u00e9e\" \/>\n\t<meta name=\"twitter:data1\" content=\"3 minutes\" \/>\n<script type=\"application\/ld+json\" class=\"yoast-schema-graph\">{\"@context\":\"https:\\\/\\\/schema.org\",\"@graph\":[{\"@type\":\"WebPage\",\"@id\":\"https:\\\/\\\/tiketi.com\\\/flying-san-diego-air-taxi-booking\\\/\",\"url\":\"https:\\\/\\\/tiketi.com\\\/flying-san-diego-air-taxi-booking\\\/\",\"name\":\"Air Taxi in San Diego Online Booking - Electric Flying Taxis\",\"isPartOf\":{\"@id\":\"https:\\\/\\\/tiketi.com\\\/#website\"},\"primaryImageOfPage\":{\"@id\":\"https:\\\/\\\/tiketi.com\\\/flying-san-diego-air-taxi-booking\\\/#primaryimage\"},\"image\":{\"@id\":\"https:\\\/\\\/tiketi.com\\\/flying-san-diego-air-taxi-booking\\\/#primaryimage\"},\"thumbnailUrl\":\"https:\\\/\\\/tiketi.com\\\/wp-content\\\/uploads\\\/2019\\\/05\\\/san-diego-panorama-1537475_.jpg\",\"datePublished\":\"2022-01-19T11:53:32+00:00\",\"dateModified\":\"2022-02-21T10:56:34+00:00\",\"description\":\"Looking for drone air taxi in San Diego online booking app, route, schedule & fare? Compare air taxis and book your cheap flying taxi in San Diego\",\"breadcrumb\":{\"@id\":\"https:\\\/\\\/tiketi.com\\\/flying-san-diego-air-taxi-booking\\\/#breadcrumb\"},\"inLanguage\":\"fr-FR\",\"potentialAction\":[{\"@type\":\"ReadAction\",\"target\":[\"https:\\\/\\\/tiketi.com\\\/flying-san-diego-air-taxi-booking\\\/\"]}]},{\"@type\":\"ImageObject\",\"inLanguage\":\"fr-FR\",\"@id\":\"https:\\\/\\\/tiketi.com\\\/flying-san-diego-air-taxi-booking\\\/#primaryimage\",\"url\":\"https:\\\/\\\/tiketi.com\\\/wp-content\\\/uploads\\\/2019\\\/05\\\/san-diego-panorama-1537475_.jpg\",\"contentUrl\":\"https:\\\/\\\/tiketi.com\\\/wp-content\\\/uploads\\\/2019\\\/05\\\/san-diego-panorama-1537475_.jpg\",\"width\":1188,\"height\":200,\"caption\":\"Air Taxi in San Diego Booking\"},{\"@type\":\"BreadcrumbList\",\"@id\":\"https:\\\/\\\/tiketi.com\\\/flying-san-diego-air-taxi-booking\\\/#breadcrumb\",\"itemListElement\":[{\"@type\":\"ListItem\",\"position\":1,\"name\":\"Home\",\"item\":\"https:\\\/\\\/tiketi.com\\\/\"},{\"@type\":\"ListItem\",\"position\":2,\"name\":\"Air Taxi in San Diego Online Booking &#8211; Electric Flying Taxis\"}]},{\"@type\":\"WebSite\",\"@id\":\"https:\\\/\\\/tiketi.com\\\/#website\",\"url\":\"https:\\\/\\\/tiketi.com\\\/\",\"name\":\"Flight & Bus Tickets, Tour Packages & Activitites - Tiketi.com\",\"description\":\"Flight &amp; Bus Tickets, Tours, Activitites\",\"publisher\":{\"@id\":\"https:\\\/\\\/tiketi.com\\\/#organization\"},\"potentialAction\":[{\"@type\":\"SearchAction\",\"target\":{\"@type\":\"EntryPoint\",\"urlTemplate\":\"https:\\\/\\\/tiketi.com\\\/?s={search_term_string}\"},\"query-input\":{\"@type\":\"PropertyValueSpecification\",\"valueRequired\":true,\"valueName\":\"search_term_string\"}}],\"inLanguage\":\"fr-FR\"},{\"@type\":\"Organization\",\"@id\":\"https:\\\/\\\/tiketi.com\\\/#organization\",\"name\":\"Tiketi.com\",\"alternateName\":\"Tiketi\",\"url\":\"https:\\\/\\\/tiketi.com\\\/\",\"logo\":{\"@type\":\"ImageObject\",\"inLanguage\":\"fr-FR\",\"@id\":\"https:\\\/\\\/tiketi.com\\\/#\\\/schema\\\/logo\\\/image\\\/\",\"url\":\"https:\\\/\\\/tiketi.com\\\/wp-content\\\/uploads\\\/2019\\\/05\\\/tiketi-logo-696.png\",\"contentUrl\":\"https:\\\/\\\/tiketi.com\\\/wp-content\\\/uploads\\\/2019\\\/05\\\/tiketi-logo-696.png\",\"width\":696,\"height\":696,\"caption\":\"Tiketi.com\"},\"image\":{\"@id\":\"https:\\\/\\\/tiketi.com\\\/#\\\/schema\\\/logo\\\/image\\\/\"},\"sameAs\":[\"https:\\\/\\\/www.facebook.com\\\/TiketiCom\\\/\"]}]}<\/script>\n<!-- \/ Yoast SEO plugin. -->","yoast_head_json":{"title":"Air Taxi in San Diego Online Booking - Electric Flying Taxis","description":"Looking for drone air taxi in San Diego online booking app, route, schedule & fare? Compare air taxis and book your cheap flying taxi in San Diego","robots":{"index":"index","follow":"follow","max-snippet":"max-snippet:-1","max-image-preview":"max-image-preview:large","max-video-preview":"max-video-preview:-1"},"canonical":"https:\/\/tiketi.com\/fr-fr\/flying-san-diego-air-taxi-booking\/","og_locale":"fr_FR","og_type":"article","og_title":"Air Taxi in San Diego Online Booking - Electric Flying Taxis","og_description":"Looking for drone air taxi in San Diego online booking app, route, schedule & fare? Compare air taxis and book your cheap flying taxi in San Diego","og_url":"https:\/\/tiketi.com\/fr-fr\/flying-san-diego-air-taxi-booking\/","og_site_name":"Tiketi.com","article_publisher":"https:\/\/www.facebook.com\/TiketiCom\/","article_modified_time":"2022-02-21T10:56:34+00:00","og_image":[{"width":1188,"height":200,"url":"https:\/\/tiketi.com\/wp-content\/uploads\/2019\/05\/san-diego-panorama-1537475_.jpg","type":"image\/jpeg"}],"twitter_card":"summary_large_image","twitter_misc":{"Dur\u00e9e de lecture estim\u00e9e":"3 minutes"},"schema":{"@context":"https:\/\/schema.org","@graph":[{"@type":"WebPage","@id":"https:\/\/tiketi.com\/flying-san-diego-air-taxi-booking\/","url":"https:\/\/tiketi.com\/flying-san-diego-air-taxi-booking\/","name":"Air Taxi in San Diego Online Booking - Electric Flying Taxis","isPartOf":{"@id":"https:\/\/tiketi.com\/#website"},"primaryImageOfPage":{"@id":"https:\/\/tiketi.com\/flying-san-diego-air-taxi-booking\/#primaryimage"},"image":{"@id":"https:\/\/tiketi.com\/flying-san-diego-air-taxi-booking\/#primaryimage"},"thumbnailUrl":"https:\/\/tiketi.com\/wp-content\/uploads\/2019\/05\/san-diego-panorama-1537475_.jpg","datePublished":"2022-01-19T11:53:32+00:00","dateModified":"2022-02-21T10:56:34+00:00","description":"Looking for drone air taxi in San Diego online booking app, route, schedule & fare? Compare air taxis and book your cheap flying taxi in San Diego","breadcrumb":{"@id":"https:\/\/tiketi.com\/flying-san-diego-air-taxi-booking\/#breadcrumb"},"inLanguage":"fr-FR","potentialAction":[{"@type":"ReadAction","target":["https:\/\/tiketi.com\/flying-san-diego-air-taxi-booking\/"]}]},{"@type":"ImageObject","inLanguage":"fr-FR","@id":"https:\/\/tiketi.com\/flying-san-diego-air-taxi-booking\/#primaryimage","url":"https:\/\/tiketi.com\/wp-content\/uploads\/2019\/05\/san-diego-panorama-1537475_.jpg","contentUrl":"https:\/\/tiketi.com\/wp-content\/uploads\/2019\/05\/san-diego-panorama-1537475_.jpg","width":1188,"height":200,"caption":"Air Taxi in San Diego Booking"},{"@type":"BreadcrumbList","@id":"https:\/\/tiketi.com\/flying-san-diego-air-taxi-booking\/#breadcrumb","itemListElement":[{"@type":"ListItem","position":1,"name":"Home","item":"https:\/\/tiketi.com\/"},{"@type":"ListItem","position":2,"name":"Air Taxi in San Diego Online Booking &#8211; Electric Flying Taxis"}]},{"@type":"WebSite","@id":"https:\/\/tiketi.com\/#website","url":"https:\/\/tiketi.com\/","name":"Billets d&#039;avion et de bus, forfaits touristiques et activit\u00e9s - Tiketi.com","description":"Billets d&#039;avion et de bus, Tours, Activit\u00e9s","publisher":{"@id":"https:\/\/tiketi.com\/#organization"},"potentialAction":[{"@type":"SearchAction","target":{"@type":"EntryPoint","urlTemplate":"https:\/\/tiketi.com\/?s={search_term_string}"},"query-input":{"@type":"PropertyValueSpecification","valueRequired":true,"valueName":"search_term_string"}}],"inLanguage":"fr-FR"},{"@type":"Organization","@id":"https:\/\/tiketi.com\/#organization","name":"Tiketi.com","alternateName":"Tiketi","url":"https:\/\/tiketi.com\/","logo":{"@type":"ImageObject","inLanguage":"fr-FR","@id":"https:\/\/tiketi.com\/#\/schema\/logo\/image\/","url":"https:\/\/tiketi.com\/wp-content\/uploads\/2019\/05\/tiketi-logo-696.png","contentUrl":"https:\/\/tiketi.com\/wp-content\/uploads\/2019\/05\/tiketi-logo-696.png","width":696,"height":696,"caption":"Tiketi.com"},"image":{"@id":"https:\/\/tiketi.com\/#\/schema\/logo\/image\/"},"sameAs":["https:\/\/www.facebook.com\/TiketiCom\/"]}]}},"_links":{"self":[{"href":"https:\/\/tiketi.com\/fr-fr\/wp-json\/wp\/v2\/pages\/10575","targetHints":{"allow":["GET"]}}],"collection":[{"href":"https:\/\/tiketi.com\/fr-fr\/wp-json\/wp\/v2\/pages"}],"about":[{"href":"https:\/\/tiketi.com\/fr-fr\/wp-json\/wp\/v2\/types\/page"}],"author":[{"embeddable":true,"href":"https:\/\/tiketi.com\/fr-fr\/wp-json\/wp\/v2\/users\/1"}],"replies":[{"embeddable":true,"href":"https:\/\/tiketi.com\/fr-fr\/wp-json\/wp\/v2\/comments?post=10575"}],"version-history":[{"count":0,"href":"https:\/\/tiketi.com\/fr-fr\/wp-json\/wp\/v2\/pages\/10575\/revisions"}],"wp:featuredmedia":[{"embeddable":true,"href":"https:\/\/tiketi.com\/fr-fr\/wp-json\/wp\/v2\/media\/21077"}],"wp:attachment":[{"href":"https:\/\/tiketi.com\/fr-fr\/wp-json\/wp\/v2\/media?parent=10575"}],"curies":[{"name":"wp","href":"https:\/\/api.w.org\/{rel}","templated":true}]}}