{"id":10584,"date":"2022-01-19T12:53:32","date_gmt":"2022-01-19T11:53:32","guid":{"rendered":"https:\/\/new.tiketi.com\/hamburg-air-taxi-booking-app-electric-flying-taxis\/"},"modified":"2023-08-21T11:28:01","modified_gmt":"2023-08-21T10:28:01","slug":"hamburg","status":"publish","type":"page","link":"https:\/\/tiketi.com\/fr-fr\/volants\/taxi-aerien\/hamburg\/","title":{"rendered":"Taxi a\u00e9rien \u00e0 Hambourg R\u00e9servation - Itin\u00e9raires de vol, horaires et tarifs"},"content":{"rendered":"<h2>Application de r\u00e9servation de taxi a\u00e9rien \u00e9lectrique \u00e0 Hambourg<\/h2>\n<!-- \/wp:post-content -->\n\n<!-- wp:paragraph -->\n\nLe service d&#039;application de r\u00e9servation en ligne de taxi a\u00e9rien \u00e9lectrique \u00e0 Hambourg permettra aux utilisateurs de r\u00e9server un taxi volant \u00e9lectrique \u00e0 Hambourg, qui sera bient\u00f4t lanc\u00e9 dans les grandes villes et les zones m\u00e9tropolitaines de Hambourg. Les taxis a\u00e9riens \u00e0 Hambourg permettent de voyager pas cher et rapidement \u00e0 Hambourg. Hambourg est une ville portuaire active du nord de l&#039;Allemagne parsem\u00e9e de bateaux et de restaurants pittoresques et de caf\u00e9s. B\u00e9n\u00e9ficiant de l&#039;un des ports les plus grands et les plus actifs de l&#039;Ouest, Hambourg est historiquement et culturellement important depuis 100 ans, un centre dynamique d&#039;\u00e9conomie, de commerce et de commerce. La belle architecture, les parcs englobants et un large \u00e9ventail de mus\u00e9es sp\u00e9ciaux \u00e9l\u00e8vent ici un emplacement incroyable pour passer une journ\u00e9e \u00e0 explorer. Deuxi\u00e8me plus grand port de Hambourg, Hambourg regorge de quais, de chantiers navals, de canaux et de bateaux. Il y a 2 rivi\u00e8res qui traversent la ville, l&#039;Alster et l&#039;Elbe, ainsi que 2 lacs adjacents. Comme pour tant d&#039;autres choses, vous pourrez cr\u00e9er \u00e0 tout moment et n&#039;importe o\u00f9 l&#039;application de r\u00e9servation de taxi a\u00e9rien de Hambourg par drone pour votre vol en taxi a\u00e9rien \u00e9lectrique.\n\n<!-- \/wp:paragraph -->\n\n<!-- wp:heading -->\n<h2>Voici quelques-uns des meilleurs avantages du taxi volant \u00e9lectrique \u00e0 Hambourg<\/h2>\n<h3>Les taxis volants \u00e9lectriques \u00e0 Hambourg vont totalement changer l&#039;avenir<\/h3>\n<!-- \/wp:heading -->\n\n<!-- wp:paragraph -->\n\nPour ceux qui r\u00eavent de l&#039;avenir, des d\u00e9fis difficiles sont en route. Mais de nouveaux syst\u00e8mes et technologies sont \u00e9galement d\u00e9velopp\u00e9s pour les r\u00e9soudre, explorant des horizons qui sont nouveaux pour la plupart d&#039;entre nous, mais qui changeront notre fa\u00e7on de vivre \u00e0 l&#039;avenir. Le d\u00e9veloppement de l&#039;infrastructure qui permettra l&#039;exploitation s\u00fbre d&#039;un tel syst\u00e8me est aussi vital que le d\u00e9veloppement des taxis volants \u00e0 Hambourg.\n<h3>Quelle est la vitesse des taxis a\u00e9riens \u00e0 Hambourg\u00a0?<\/h3>\n<!-- \/wp:paragraph -->\n\n<!-- wp:paragraph -->\n\nL&#039;avion Archers eVTOL, nomm\u00e9 Maker, sera capable de parcourir une distance allant jusqu&#039;\u00e0 soixante miles \u00e0 des vitesses proches de 150 mph. En plus de soulager les embouteillages au sol, le drone-taxi de l&#039;engin \u00e0 moteur de Hambourg ne g\u00e9n\u00e9rera aucune \u00e9mission et aura une empreinte sonore de seulement 45 dba, se fondant dans les sons des quartiers r\u00e9sidentiels.\n\n<!-- \/wp:paragraph -->\n\n<!-- wp:heading {\"level\":3} -->\n<h3>Les taxis a\u00e9riens \u00e9lectriques \u00e0 Hambourg sont-ils l&#039;avenir ?<\/h3>\n<!-- \/wp:heading -->\n\n<!-- wp:paragraph -->\n\nPour ceux d&#039;entre nous qui ont grandi en regardant Retour vers le futur et Les Jetsons, le taxi drone \u00e0 Hambourg est dans nos r\u00eaves depuis longtemps comme un avenir possible un jour. Avec des rues aussi encombr\u00e9es que le sont les grandes villes, beaucoup esp\u00e8rent que drone Oui, les clients peuvent utiliser de mani\u00e8re transparente l&#039;application de r\u00e9servation de taxi a\u00e9rien \u00e9lectrique de Nuremberg en ligne pour trouver le meilleur itin\u00e9raire et r\u00e9server un taxi drone \u00e9lectrique \u00e0 Nuremberg vol \u00e0 tout moment et n&#039;importe o\u00f9.taxis \u00e0 Hambourg le solution au probl\u00e8me, mais beaucoup se demandent s&#039;il s&#039;agit d&#039;une solution r\u00e9aliste ou si cela augmenterait simplement les niveaux de pollution et de bruit dans les villes.\n<h3>Combien co\u00fbtera un taxi volant \u00e9lectrique \u00e0 Hambourg ?<\/h3>\n<!-- \/wp:paragraph -->\n\n<!-- wp:paragraph -->\n\nAu d\u00e9part, les taxis a\u00e9riens \u00e0 Hambourg co\u00fbteront environ $5,73 par passager-mile. Vous pouvez facilement r\u00e9server un taxi a\u00e9rien via un taxi volant \u00e9lectrique dans l&#039;application Hambourg. Le co\u00fbt des taxis volants \u00e0 Hambourg chutera alors \u00e0 $1,85 par mile passager avant de toucher finalement le tarif incroyable des clients taxis drones \u00e0 Hambourg de $0,44 par mile.\n<h2>Avantages de l&#039;application de r\u00e9servation de taxi a\u00e9rien \u00e9lectrique \u00e0 Hambourg<\/h2>\n<!-- \/wp:paragraph -->\n\n<!-- wp:paragraph -->\n\nParmi ses autres avantages, la r\u00e9servation en ligne de taxi drone \u00e0 Hambourg pourrait fournir un boom \u00e9conomique en augmentant le nombre de personnes se dirigeant vers des lieux de loisirs et de tourisme qui ne sont pas \u00e0 proximit\u00e9 des grands a\u00e9roports.\n\n<!-- \/wp:paragraph -->\n\n<!-- wp:heading {\"level\":3} -->\n<h3>L&#039;application de r\u00e9servation en ligne de taxi a\u00e9rien de Hambourg par drone serait-elle utilis\u00e9e pour r\u00e9server un vol de taxi a\u00e9rien \u00e9lectrique\u00a0?<\/h3>\n<!-- \/wp:heading -->\n\n<!-- wp:paragraph -->\n\nOui, les clients peuvent utiliser de mani\u00e8re transparente l&#039;application de r\u00e9servation de taxi a\u00e9rien \u00e9lectrique Hambourg en ligne pour trouver le meilleur itin\u00e9raire et r\u00e9server un drone taxi \u00e9lectrique \u00e0 Hambourg \u00e0 tout moment et n&#039;importe o\u00f9.","protected":false},"excerpt":{"rendered":"<p>Electric Hamburg air taxi booking app Electric air taxi in Hamburg online booking app service will enable users to book electric flying taxi in Hamburg, launching in major cities and metropolitan areas in Hamburg soon. Air taxis in Hamburg makes possible to travel cheap and fast in Hamburg. Hamburg an active port city in Northern [&hellip;]<\/p>\n","protected":false},"author":1,"featured_media":14255,"parent":25621,"menu_order":0,"comment_status":"open","ping_status":"closed","template":"template-home-modern.php","meta":{"footnotes":""},"class_list":["post-10584","page","type-page","status-publish","has-post-thumbnail","hentry"],"yoast_head":"<!-- This site is optimized with the Yoast SEO plugin v27.3 - https:\/\/yoast.com\/product\/yoast-seo-wordpress\/ -->\n<title>Air Taxi in Hamburg Booking - Flying Routes, Schedule &amp; Fares<\/title>\n<meta name=\"description\" content=\"Looking for drone air taxi in Hamburg online booking app, routes, schedule &amp; fares? Compare Hamburg air taxis flight tickets &amp; book cheap flying taxi in Hamburg\" \/>\n<meta name=\"robots\" content=\"index, follow, max-snippet:-1, max-image-preview:large, max-video-preview:-1\" \/>\n<link rel=\"canonical\" href=\"https:\/\/tiketi.com\/fr-fr\/volants\/taxi-aerien\/hamburg\/\" \/>\n<meta property=\"og:locale\" content=\"fr_FR\" \/>\n<meta property=\"og:type\" content=\"article\" \/>\n<meta property=\"og:title\" content=\"Air Taxi in Hamburg Booking - Flying Routes, Schedule &amp; Fares\" \/>\n<meta property=\"og:description\" content=\"Looking for drone air taxi in Hamburg online booking app, routes, schedule &amp; fares? Compare Hamburg air taxis flight tickets &amp; book cheap flying taxi in Hamburg\" \/>\n<meta property=\"og:url\" content=\"https:\/\/tiketi.com\/fr-fr\/volants\/taxi-aerien\/hamburg\/\" \/>\n<meta property=\"og:site_name\" content=\"Tiketi.com\" \/>\n<meta property=\"article:publisher\" content=\"https:\/\/www.facebook.com\/TiketiCom\/\" \/>\n<meta property=\"article:modified_time\" content=\"2023-08-21T10:28:01+00:00\" \/>\n<meta property=\"og:image\" content=\"https:\/\/tiketi.com\/wp-content\/uploads\/2022\/01\/hamburg-4667427_1280-1.jpg\" \/>\n\t<meta property=\"og:image:width\" content=\"1200\" \/>\n\t<meta property=\"og:image:height\" content=\"215\" \/>\n\t<meta property=\"og:image:type\" content=\"image\/jpeg\" \/>\n<meta name=\"twitter:card\" content=\"summary_large_image\" \/>\n<meta name=\"twitter:label1\" content=\"Dur\u00e9e de lecture estim\u00e9e\" \/>\n\t<meta name=\"twitter:data1\" content=\"3 minutes\" \/>\n<script type=\"application\/ld+json\" class=\"yoast-schema-graph\">{\"@context\":\"https:\\\/\\\/schema.org\",\"@graph\":[{\"@type\":\"WebPage\",\"@id\":\"https:\\\/\\\/tiketi.com\\\/flying\\\/air-taxi\\\/hamburg\\\/\",\"url\":\"https:\\\/\\\/tiketi.com\\\/flying\\\/air-taxi\\\/hamburg\\\/\",\"name\":\"Air Taxi in Hamburg Booking - Flying Routes, Schedule & Fares\",\"isPartOf\":{\"@id\":\"https:\\\/\\\/tiketi.com\\\/#website\"},\"primaryImageOfPage\":{\"@id\":\"https:\\\/\\\/tiketi.com\\\/flying\\\/air-taxi\\\/hamburg\\\/#primaryimage\"},\"image\":{\"@id\":\"https:\\\/\\\/tiketi.com\\\/flying\\\/air-taxi\\\/hamburg\\\/#primaryimage\"},\"thumbnailUrl\":\"https:\\\/\\\/tiketi.com\\\/wp-content\\\/uploads\\\/2022\\\/01\\\/hamburg-4667427_1280-1.jpg\",\"datePublished\":\"2022-01-19T11:53:32+00:00\",\"dateModified\":\"2023-08-21T10:28:01+00:00\",\"description\":\"Looking for drone air taxi in Hamburg online booking app, routes, schedule & fares? Compare Hamburg air taxis flight tickets & book cheap flying taxi in Hamburg\",\"breadcrumb\":{\"@id\":\"https:\\\/\\\/tiketi.com\\\/flying\\\/air-taxi\\\/hamburg\\\/#breadcrumb\"},\"inLanguage\":\"fr-FR\",\"potentialAction\":[{\"@type\":\"ReadAction\",\"target\":[\"https:\\\/\\\/tiketi.com\\\/flying\\\/air-taxi\\\/hamburg\\\/\"]}]},{\"@type\":\"ImageObject\",\"inLanguage\":\"fr-FR\",\"@id\":\"https:\\\/\\\/tiketi.com\\\/flying\\\/air-taxi\\\/hamburg\\\/#primaryimage\",\"url\":\"https:\\\/\\\/tiketi.com\\\/wp-content\\\/uploads\\\/2022\\\/01\\\/hamburg-4667427_1280-1.jpg\",\"contentUrl\":\"https:\\\/\\\/tiketi.com\\\/wp-content\\\/uploads\\\/2022\\\/01\\\/hamburg-4667427_1280-1.jpg\",\"width\":1200,\"height\":215,\"caption\":\"Air Taxi in Hamburg\"},{\"@type\":\"BreadcrumbList\",\"@id\":\"https:\\\/\\\/tiketi.com\\\/flying\\\/air-taxi\\\/hamburg\\\/#breadcrumb\",\"itemListElement\":[{\"@type\":\"ListItem\",\"position\":1,\"name\":\"Home\",\"item\":\"https:\\\/\\\/tiketi.com\\\/\"},{\"@type\":\"ListItem\",\"position\":2,\"name\":\"Flying\",\"item\":\"https:\\\/\\\/tiketi.com\\\/fr-fr\\\/volants\\\/\"},{\"@type\":\"ListItem\",\"position\":3,\"name\":\"Air Taxi\",\"item\":\"https:\\\/\\\/tiketi.com\\\/flying\\\/air-taxi\\\/\"},{\"@type\":\"ListItem\",\"position\":4,\"name\":\"Air Taxi in Hamburg Booking &#8211; Flying Routes, Schedule &#038; Fares\"}]},{\"@type\":\"WebSite\",\"@id\":\"https:\\\/\\\/tiketi.com\\\/#website\",\"url\":\"https:\\\/\\\/tiketi.com\\\/\",\"name\":\"Flight & Bus Tickets, Tour Packages & Activitites - Tiketi.com\",\"description\":\"Flight &amp; Bus Tickets, Tours, Activitites\",\"publisher\":{\"@id\":\"https:\\\/\\\/tiketi.com\\\/#organization\"},\"potentialAction\":[{\"@type\":\"SearchAction\",\"target\":{\"@type\":\"EntryPoint\",\"urlTemplate\":\"https:\\\/\\\/tiketi.com\\\/?s={search_term_string}\"},\"query-input\":{\"@type\":\"PropertyValueSpecification\",\"valueRequired\":true,\"valueName\":\"search_term_string\"}}],\"inLanguage\":\"fr-FR\"},{\"@type\":\"Organization\",\"@id\":\"https:\\\/\\\/tiketi.com\\\/#organization\",\"name\":\"Tiketi.com\",\"alternateName\":\"Tiketi\",\"url\":\"https:\\\/\\\/tiketi.com\\\/\",\"logo\":{\"@type\":\"ImageObject\",\"inLanguage\":\"fr-FR\",\"@id\":\"https:\\\/\\\/tiketi.com\\\/#\\\/schema\\\/logo\\\/image\\\/\",\"url\":\"https:\\\/\\\/tiketi.com\\\/wp-content\\\/uploads\\\/2019\\\/05\\\/tiketi-logo-696.png\",\"contentUrl\":\"https:\\\/\\\/tiketi.com\\\/wp-content\\\/uploads\\\/2019\\\/05\\\/tiketi-logo-696.png\",\"width\":696,\"height\":696,\"caption\":\"Tiketi.com\"},\"image\":{\"@id\":\"https:\\\/\\\/tiketi.com\\\/#\\\/schema\\\/logo\\\/image\\\/\"},\"sameAs\":[\"https:\\\/\\\/www.facebook.com\\\/TiketiCom\\\/\"]}]}<\/script>\n<!-- \/ Yoast SEO plugin. -->","yoast_head_json":{"title":"Taxi a\u00e9rien \u00e0 Hambourg R\u00e9servation - Itin\u00e9raires de vol, horaires et tarifs","description":"Vous recherchez une application de r\u00e9servation en ligne, des itin\u00e9raires, des horaires et des tarifs \u00e0 Hambourg ? Comparez les billets d&#039;avion des taxis a\u00e9riens de Hambourg et r\u00e9servez un taxi volant pas cher \u00e0 Hambourg","robots":{"index":"index","follow":"follow","max-snippet":"max-snippet:-1","max-image-preview":"max-image-preview:large","max-video-preview":"max-video-preview:-1"},"canonical":"https:\/\/tiketi.com\/fr-fr\/volants\/taxi-aerien\/hamburg\/","og_locale":"fr_FR","og_type":"article","og_title":"Air Taxi in Hamburg Booking - Flying Routes, Schedule & Fares","og_description":"Looking for drone air taxi in Hamburg online booking app, routes, schedule & fares? Compare Hamburg air taxis flight tickets & book cheap flying taxi in Hamburg","og_url":"https:\/\/tiketi.com\/fr-fr\/volants\/taxi-aerien\/hamburg\/","og_site_name":"Tiketi.com","article_publisher":"https:\/\/www.facebook.com\/TiketiCom\/","article_modified_time":"2023-08-21T10:28:01+00:00","og_image":[{"width":1200,"height":215,"url":"https:\/\/tiketi.com\/wp-content\/uploads\/2022\/01\/hamburg-4667427_1280-1.jpg","type":"image\/jpeg"}],"twitter_card":"summary_large_image","twitter_misc":{"Dur\u00e9e de lecture estim\u00e9e":"3 minutes"},"schema":{"@context":"https:\/\/schema.org","@graph":[{"@type":"WebPage","@id":"https:\/\/tiketi.com\/flying\/air-taxi\/hamburg\/","url":"https:\/\/tiketi.com\/flying\/air-taxi\/hamburg\/","name":"Taxi a\u00e9rien \u00e0 Hambourg R\u00e9servation - Itin\u00e9raires de vol, horaires et tarifs","isPartOf":{"@id":"https:\/\/tiketi.com\/#website"},"primaryImageOfPage":{"@id":"https:\/\/tiketi.com\/flying\/air-taxi\/hamburg\/#primaryimage"},"image":{"@id":"https:\/\/tiketi.com\/flying\/air-taxi\/hamburg\/#primaryimage"},"thumbnailUrl":"https:\/\/tiketi.com\/wp-content\/uploads\/2022\/01\/hamburg-4667427_1280-1.jpg","datePublished":"2022-01-19T11:53:32+00:00","dateModified":"2023-08-21T10:28:01+00:00","description":"Vous recherchez une application de r\u00e9servation en ligne, des itin\u00e9raires, des horaires et des tarifs \u00e0 Hambourg ? Comparez les billets d&#039;avion des taxis a\u00e9riens de Hambourg et r\u00e9servez un taxi volant pas cher \u00e0 Hambourg","breadcrumb":{"@id":"https:\/\/tiketi.com\/flying\/air-taxi\/hamburg\/#breadcrumb"},"inLanguage":"fr-FR","potentialAction":[{"@type":"ReadAction","target":["https:\/\/tiketi.com\/flying\/air-taxi\/hamburg\/"]}]},{"@type":"ImageObject","inLanguage":"fr-FR","@id":"https:\/\/tiketi.com\/flying\/air-taxi\/hamburg\/#primaryimage","url":"https:\/\/tiketi.com\/wp-content\/uploads\/2022\/01\/hamburg-4667427_1280-1.jpg","contentUrl":"https:\/\/tiketi.com\/wp-content\/uploads\/2022\/01\/hamburg-4667427_1280-1.jpg","width":1200,"height":215,"caption":"Air Taxi in Hamburg"},{"@type":"BreadcrumbList","@id":"https:\/\/tiketi.com\/flying\/air-taxi\/hamburg\/#breadcrumb","itemListElement":[{"@type":"ListItem","position":1,"name":"Home","item":"https:\/\/tiketi.com\/"},{"@type":"ListItem","position":2,"name":"Flying","item":"https:\/\/tiketi.com\/fr-fr\/volants\/"},{"@type":"ListItem","position":3,"name":"Air Taxi","item":"https:\/\/tiketi.com\/flying\/air-taxi\/"},{"@type":"ListItem","position":4,"name":"Air Taxi in Hamburg Booking &#8211; Flying Routes, Schedule &#038; Fares"}]},{"@type":"WebSite","@id":"https:\/\/tiketi.com\/#website","url":"https:\/\/tiketi.com\/","name":"Billets d&#039;avion et de bus, forfaits touristiques et activit\u00e9s - Tiketi.com","description":"Billets d&#039;avion et de bus, Tours, Activit\u00e9s","publisher":{"@id":"https:\/\/tiketi.com\/#organization"},"potentialAction":[{"@type":"SearchAction","target":{"@type":"EntryPoint","urlTemplate":"https:\/\/tiketi.com\/?s={search_term_string}"},"query-input":{"@type":"PropertyValueSpecification","valueRequired":true,"valueName":"search_term_string"}}],"inLanguage":"fr-FR"},{"@type":"Organization","@id":"https:\/\/tiketi.com\/#organization","name":"Tiketi.com","alternateName":"Tiketi","url":"https:\/\/tiketi.com\/","logo":{"@type":"ImageObject","inLanguage":"fr-FR","@id":"https:\/\/tiketi.com\/#\/schema\/logo\/image\/","url":"https:\/\/tiketi.com\/wp-content\/uploads\/2019\/05\/tiketi-logo-696.png","contentUrl":"https:\/\/tiketi.com\/wp-content\/uploads\/2019\/05\/tiketi-logo-696.png","width":696,"height":696,"caption":"Tiketi.com"},"image":{"@id":"https:\/\/tiketi.com\/#\/schema\/logo\/image\/"},"sameAs":["https:\/\/www.facebook.com\/TiketiCom\/"]}]}},"_links":{"self":[{"href":"https:\/\/tiketi.com\/fr-fr\/wp-json\/wp\/v2\/pages\/10584","targetHints":{"allow":["GET"]}}],"collection":[{"href":"https:\/\/tiketi.com\/fr-fr\/wp-json\/wp\/v2\/pages"}],"about":[{"href":"https:\/\/tiketi.com\/fr-fr\/wp-json\/wp\/v2\/types\/page"}],"author":[{"embeddable":true,"href":"https:\/\/tiketi.com\/fr-fr\/wp-json\/wp\/v2\/users\/1"}],"replies":[{"embeddable":true,"href":"https:\/\/tiketi.com\/fr-fr\/wp-json\/wp\/v2\/comments?post=10584"}],"version-history":[{"count":0,"href":"https:\/\/tiketi.com\/fr-fr\/wp-json\/wp\/v2\/pages\/10584\/revisions"}],"up":[{"embeddable":true,"href":"https:\/\/tiketi.com\/fr-fr\/wp-json\/wp\/v2\/pages\/25621"}],"wp:featuredmedia":[{"embeddable":true,"href":"https:\/\/tiketi.com\/fr-fr\/wp-json\/wp\/v2\/media\/14255"}],"wp:attachment":[{"href":"https:\/\/tiketi.com\/fr-fr\/wp-json\/wp\/v2\/media?parent=10584"}],"curies":[{"name":"wp","href":"https:\/\/api.w.org\/{rel}","templated":true}]}}