{"id":10586,"date":"2022-01-19T12:53:32","date_gmt":"2022-01-19T11:53:32","guid":{"rendered":"https:\/\/new.tiketi.com\/malaysia-air-taxi-booking-app-electric-flying-taxis\/"},"modified":"2022-10-19T11:59:40","modified_gmt":"2022-10-19T10:59:40","slug":"malaysia","status":"publish","type":"page","link":"https:\/\/tiketi.com\/fr-fr\/volants\/taxi-aerien\/malaysia\/","title":{"rendered":"Taxi a\u00e9rien en Malaisie R\u00e9servation en ligne - Itin\u00e9raires de vol, horaires et tarifs"},"content":{"rendered":"<h2>Application de r\u00e9servation de taxi a\u00e9rien Electric Malaysia<\/h2>\n<!-- \/wp:post-content -->\n\n<!-- wp:paragraph -->\n\nLe service d&#039;application de r\u00e9servation en ligne de taxi a\u00e9rien \u00e9lectrique en Malaisie permettra aux utilisateurs de r\u00e9server des billets d&#039;avion de taxi volant \u00e9lectrique en Malaisie, lanc\u00e9 dans les grandes villes et les zones m\u00e9tropolitaines de Malaisie. Les taxis a\u00e9riens autonomes en Malaisie permettent de voyager pas cher et rapidement en Malaisie. La Malaisie offre 2 exp\u00e9riences distinctes : Born\u00e9o et la p\u00e9ninsule (une \u00eele partag\u00e9e avec Brunei et l&#039;Indon\u00e9sie). La Malaisie occidentale ou p\u00e9ninsule est un m\u00e9lange de saveurs malaises, indiennes et chinoises avec une capitale efficace et nouvelle, Kuala Lumpur. Le Born\u00e9o malais poss\u00e8de certains des palais les plus \u00e9tonnants de Malaisie avec une jungle sauvage, des pics de granit, des orangs-outans et des tribus isol\u00e9es. Rassemblez-vous avec des \u00eeles charmantes, des villes coloniales et des stations baln\u00e9aires de luxe, la Malaisie pour la plupart des visiteurs. Pr\u00e8s de deux millions de visiteurs \u00e9trangers voyagent en Malaisie en 2019. La plupart d&#039;entre eux \u00e9taient des citoyens de pays voisins tels que l&#039;Indon\u00e9sie et Singapour, mais un nombre croissant d&#039;autres visiteurs \u00e9trangers d\u00e9couvrent \u00e9galement ce pays. Comme pour tant d&#039;autres choses, vous pourrez faire \u00e0 tout moment et n&#039;importe o\u00f9 la r\u00e9servation d&#039;un taxi a\u00e9rien par drone en Malaisie pour votre vol en taxi a\u00e9rien \u00e9lectrique.\n\n<!-- \/wp:paragraph -->\n\n<!-- wp:heading -->\n<h2>Voici quelques-uns des meilleurs avantages du taxi volant \u00e9lectrique en Malaisie<\/h2>\n<h3>Les taxis volants \u00e9lectriques en Malaisie vont totalement changer l&#039;avenir<\/h3>\n<!-- \/wp:heading -->\n\n<!-- wp:paragraph -->\n\nPour ceux qui r\u00eavent de l&#039;avenir, des d\u00e9fis difficiles sont en route. Mais de nouveaux syst\u00e8mes et technologies sont \u00e9galement d\u00e9velopp\u00e9s pour les r\u00e9soudre, explorant des horizons qui sont nouveaux pour la plupart d&#039;entre nous, mais qui changeront notre fa\u00e7on de vivre \u00e0 l&#039;avenir. Le d\u00e9veloppement de l&#039;infrastructure qui permettra l&#039;exploitation s\u00fbre d&#039;un tel syst\u00e8me est aussi vital que le d\u00e9veloppement des taxis volants en Malaisie.\n<h3>Quelle est la vitesse des taxis a\u00e9riens en Malaisie ?<\/h3>\n<!-- \/wp:paragraph -->\n\n<!-- wp:paragraph -->\n\nL&#039;avion Archers eVTOL, nomm\u00e9 Maker, sera capable de parcourir une distance allant jusqu&#039;\u00e0 soixante miles \u00e0 des vitesses proches de 150 mph. Au-del\u00e0 de la r\u00e9duction des embouteillages au sol, le taxi volant par drone de l&#039;engin motoris\u00e9 de Malaisie ne g\u00e9n\u00e9rera aucune \u00e9mission et aura une empreinte sonore de seulement 45 dba, se fondant dans les sons des quartiers r\u00e9sidentiels.\n\n<!-- \/wp:paragraph -->\n\n<!-- wp:heading {\"level\":3} -->\n<h3>Les taxis a\u00e9riens \u00e9lectriques en Malaisie sont-ils l&#039;avenir ?<\/h3>\n<!-- \/wp:heading -->\n\n<!-- wp:paragraph -->\n\nPour ceux d&#039;entre nous qui ont grandi en regardant Retour vers le futur et Les Jetsons, les drones taxis a\u00e9riens en Malaisie sont dans nos r\u00eaves depuis longtemps comme un avenir possible un jour. Avec des rues aussi encombr\u00e9es que les grandes villes, beaucoup esp\u00e8rent que les taxis a\u00e9riens en Malaisie sont la solution au probl\u00e8me, mais beaucoup se demandent s&#039;il s&#039;agit d&#039;une solution r\u00e9aliste ou si cela augmenterait simplement les niveaux de pollution et de bruit dans les villes.\n<h3>Combien co\u00fbtera un taxi volant \u00e9lectrique en Malaisie ?<\/h3>\n<!-- \/wp:paragraph -->\n\n<!-- wp:paragraph -->\n\nAu d\u00e9part, les taxis a\u00e9riens en Malaisie co\u00fbteront environ $5,73 par passager-mile. Vous pouvez facilement r\u00e9server un taxi a\u00e9rien via des taxis volants \u00e9lectriques dans l&#039;application Malaisie. Le prix du taxi a\u00e9rien en Malaisie chutera ensuite \u00e0 $1,85 par mile passager avant de finalement atteindre le tarif \u00e9tonnant du taxi drone en Malaisie de $0,44 par mile.\n<h2>Avantages de l&#039;application de r\u00e9servation de taxi a\u00e9rien \u00e9lectrique en Malaisie<\/h2>\n<!-- \/wp:paragraph -->\n\n<!-- wp:paragraph -->\n\nParmi ses autres avantages, la r\u00e9servation en ligne de taxi drone en Malaisie pourrait fournir un boom \u00e9conomique en augmentant le nombre de personnes se dirigeant vers des lieux de loisirs et de tourisme qui ne sont pas \u00e0 proximit\u00e9 des grands a\u00e9roports.\n\n<!-- \/wp:paragraph -->\n\n<!-- wp:heading {\"level\":3} -->\n<h3>L&#039;application de r\u00e9servation en ligne de taxi a\u00e9rien drone en Malaisie serait-elle utilis\u00e9e pour r\u00e9server des billets d&#039;avion de taxi a\u00e9rien \u00e9lectrique?<\/h3>\n<!-- \/wp:heading -->\n\n<!-- wp:paragraph -->\n\nOui, les clients peuvent utiliser de mani\u00e8re transparente l&#039;application de r\u00e9servation de taxi a\u00e9rien \u00e9lectrique Malaisie en ligne pour trouver le meilleur itin\u00e9raire et r\u00e9server un taxi \u00e9lectrique volant en Malaisie billets d&#039;avion \u00e0 tout moment et n&#039;importe o\u00f9.","protected":false},"excerpt":{"rendered":"<p>Electric Malaysia air taxi booking app Electric air taxi in Malaysia online booking app service will enable users to book electric flying taxi in Malaysia flight tickets, launching in major cities and metropolitan areas in Malaysia. Autonomous air taxis in Malaysia makes possible to travel cheap and fast in Malaysia. Malaysia provides 2 every distinct [&hellip;]<\/p>\n","protected":false},"author":1,"featured_media":16955,"parent":25621,"menu_order":0,"comment_status":"open","ping_status":"closed","template":"template-home-modern.php","meta":{"footnotes":""},"class_list":["post-10586","page","type-page","status-publish","has-post-thumbnail","hentry"],"yoast_head":"<!-- This site is optimized with the Yoast SEO plugin v27.2 - https:\/\/yoast.com\/product\/yoast-seo-wordpress\/ -->\n<title>Air Taxi in Malaysia Booking - Flying Routes, Schedule &amp; Fares<\/title>\n<meta name=\"description\" content=\"Looking for drone air taxi in Malaysia online booking app, routes, schedule &amp; fares? Compare air taxis and book cheap flying taxi in Malaysia\" \/>\n<meta name=\"robots\" content=\"index, follow, max-snippet:-1, max-image-preview:large, max-video-preview:-1\" \/>\n<link rel=\"canonical\" href=\"https:\/\/tiketi.com\/fr-fr\/volants\/taxi-aerien\/malaysia\/\" \/>\n<meta property=\"og:locale\" content=\"fr_FR\" \/>\n<meta property=\"og:type\" content=\"article\" \/>\n<meta property=\"og:title\" content=\"Air Taxi in Malaysia Booking - Flying Routes, Schedule &amp; Fares\" \/>\n<meta property=\"og:description\" content=\"Looking for drone air taxi in Malaysia online booking app, routes, schedule &amp; fares? Compare air taxis and book cheap flying taxi in Malaysia\" \/>\n<meta property=\"og:url\" content=\"https:\/\/tiketi.com\/fr-fr\/volants\/taxi-aerien\/malaysia\/\" \/>\n<meta property=\"og:site_name\" content=\"Tiketi.com\" \/>\n<meta property=\"article:publisher\" content=\"https:\/\/www.facebook.com\/TiketiCom\/\" \/>\n<meta property=\"article:modified_time\" content=\"2022-10-19T10:59:40+00:00\" \/>\n<meta property=\"og:image\" content=\"https:\/\/tiketi.com\/wp-content\/uploads\/2022\/02\/kuala-lumpur-1896797_1280.jpg\" \/>\n\t<meta property=\"og:image:width\" content=\"1200\" \/>\n\t<meta property=\"og:image:height\" content=\"200\" \/>\n\t<meta property=\"og:image:type\" content=\"image\/jpeg\" \/>\n<meta name=\"twitter:card\" content=\"summary_large_image\" \/>\n<meta name=\"twitter:label1\" content=\"Dur\u00e9e de lecture estim\u00e9e\" \/>\n\t<meta name=\"twitter:data1\" content=\"3 minutes\" \/>\n<script type=\"application\/ld+json\" class=\"yoast-schema-graph\">{\"@context\":\"https:\/\/schema.org\",\"@graph\":[{\"@type\":\"WebPage\",\"@id\":\"https:\/\/tiketi.com\/flying\/air-taxi\/malaysia\/\",\"url\":\"https:\/\/tiketi.com\/flying\/air-taxi\/malaysia\/\",\"name\":\"Air Taxi in Malaysia Booking - Flying Routes, Schedule & Fares\",\"isPartOf\":{\"@id\":\"https:\/\/tiketi.com\/#website\"},\"primaryImageOfPage\":{\"@id\":\"https:\/\/tiketi.com\/flying\/air-taxi\/malaysia\/#primaryimage\"},\"image\":{\"@id\":\"https:\/\/tiketi.com\/flying\/air-taxi\/malaysia\/#primaryimage\"},\"thumbnailUrl\":\"https:\/\/tiketi.com\/wp-content\/uploads\/2022\/02\/kuala-lumpur-1896797_1280.jpg\",\"datePublished\":\"2022-01-19T11:53:32+00:00\",\"dateModified\":\"2022-10-19T10:59:40+00:00\",\"description\":\"Looking for drone air taxi in Malaysia online booking app, routes, schedule & fares? Compare air taxis and book cheap flying taxi in Malaysia\",\"breadcrumb\":{\"@id\":\"https:\/\/tiketi.com\/flying\/air-taxi\/malaysia\/#breadcrumb\"},\"inLanguage\":\"fr-FR\",\"potentialAction\":[{\"@type\":\"ReadAction\",\"target\":[\"https:\/\/tiketi.com\/flying\/air-taxi\/malaysia\/\"]}]},{\"@type\":\"ImageObject\",\"inLanguage\":\"fr-FR\",\"@id\":\"https:\/\/tiketi.com\/flying\/air-taxi\/malaysia\/#primaryimage\",\"url\":\"https:\/\/tiketi.com\/wp-content\/uploads\/2022\/02\/kuala-lumpur-1896797_1280.jpg\",\"contentUrl\":\"https:\/\/tiketi.com\/wp-content\/uploads\/2022\/02\/kuala-lumpur-1896797_1280.jpg\",\"width\":1200,\"height\":200,\"caption\":\"Air Taxi in Kuala Lumpur\"},{\"@type\":\"BreadcrumbList\",\"@id\":\"https:\/\/tiketi.com\/flying\/air-taxi\/malaysia\/#breadcrumb\",\"itemListElement\":[{\"@type\":\"ListItem\",\"position\":1,\"name\":\"Home\",\"item\":\"https:\/\/tiketi.com\/\"},{\"@type\":\"ListItem\",\"position\":2,\"name\":\"Flying\",\"item\":\"https:\/\/tiketi.com\/fr-fr\/volants\/\"},{\"@type\":\"ListItem\",\"position\":3,\"name\":\"Air Taxi\",\"item\":\"https:\/\/tiketi.com\/flying\/air-taxi\/\"},{\"@type\":\"ListItem\",\"position\":4,\"name\":\"Air Taxi in Malaysia Online Booking &#8211; Flying Routes, Schedule &#038; Fares\"}]},{\"@type\":\"WebSite\",\"@id\":\"https:\/\/tiketi.com\/#website\",\"url\":\"https:\/\/tiketi.com\/\",\"name\":\"Flight & Bus Tickets, Tour Packages & Activitites - Tiketi.com\",\"description\":\"Flight &amp; Bus Tickets, Tours, Activitites\",\"publisher\":{\"@id\":\"https:\/\/tiketi.com\/#organization\"},\"potentialAction\":[{\"@type\":\"SearchAction\",\"target\":{\"@type\":\"EntryPoint\",\"urlTemplate\":\"https:\/\/tiketi.com\/?s={search_term_string}\"},\"query-input\":{\"@type\":\"PropertyValueSpecification\",\"valueRequired\":true,\"valueName\":\"search_term_string\"}}],\"inLanguage\":\"fr-FR\"},{\"@type\":\"Organization\",\"@id\":\"https:\/\/tiketi.com\/#organization\",\"name\":\"Tiketi.com\",\"alternateName\":\"Tiketi\",\"url\":\"https:\/\/tiketi.com\/\",\"logo\":{\"@type\":\"ImageObject\",\"inLanguage\":\"fr-FR\",\"@id\":\"https:\/\/tiketi.com\/#\/schema\/logo\/image\/\",\"url\":\"https:\/\/tiketi.com\/wp-content\/uploads\/2019\/05\/tiketi-logo-696.png\",\"contentUrl\":\"https:\/\/tiketi.com\/wp-content\/uploads\/2019\/05\/tiketi-logo-696.png\",\"width\":696,\"height\":696,\"caption\":\"Tiketi.com\"},\"image\":{\"@id\":\"https:\/\/tiketi.com\/#\/schema\/logo\/image\/\"},\"sameAs\":[\"https:\/\/www.facebook.com\/TiketiCom\/\"]}]}<\/script>\n<!-- \/ Yoast SEO plugin. -->","yoast_head_json":{"title":"Taxi a\u00e9rien en Malaisie R\u00e9servation - Itin\u00e9raires de vol, horaires et tarifs","description":"Vous recherchez une application de r\u00e9servation en ligne de taxi a\u00e9rien drone en Malaisie, des itin\u00e9raires, des horaires et des tarifs\u00a0? Comparez les taxis a\u00e9riens et r\u00e9servez un taxi volant pas cher en Malaisie","robots":{"index":"index","follow":"follow","max-snippet":"max-snippet:-1","max-image-preview":"max-image-preview:large","max-video-preview":"max-video-preview:-1"},"canonical":"https:\/\/tiketi.com\/fr-fr\/volants\/taxi-aerien\/malaysia\/","og_locale":"fr_FR","og_type":"article","og_title":"Air Taxi in Malaysia Booking - Flying Routes, Schedule & Fares","og_description":"Looking for drone air taxi in Malaysia online booking app, routes, schedule & fares? Compare air taxis and book cheap flying taxi in Malaysia","og_url":"https:\/\/tiketi.com\/fr-fr\/volants\/taxi-aerien\/malaysia\/","og_site_name":"Tiketi.com","article_publisher":"https:\/\/www.facebook.com\/TiketiCom\/","article_modified_time":"2022-10-19T10:59:40+00:00","og_image":[{"width":1200,"height":200,"url":"https:\/\/tiketi.com\/wp-content\/uploads\/2022\/02\/kuala-lumpur-1896797_1280.jpg","type":"image\/jpeg"}],"twitter_card":"summary_large_image","twitter_misc":{"Dur\u00e9e de lecture estim\u00e9e":"3 minutes"},"schema":{"@context":"https:\/\/schema.org","@graph":[{"@type":"WebPage","@id":"https:\/\/tiketi.com\/flying\/air-taxi\/malaysia\/","url":"https:\/\/tiketi.com\/flying\/air-taxi\/malaysia\/","name":"Taxi a\u00e9rien en Malaisie R\u00e9servation - Itin\u00e9raires de vol, horaires et tarifs","isPartOf":{"@id":"https:\/\/tiketi.com\/#website"},"primaryImageOfPage":{"@id":"https:\/\/tiketi.com\/flying\/air-taxi\/malaysia\/#primaryimage"},"image":{"@id":"https:\/\/tiketi.com\/flying\/air-taxi\/malaysia\/#primaryimage"},"thumbnailUrl":"https:\/\/tiketi.com\/wp-content\/uploads\/2022\/02\/kuala-lumpur-1896797_1280.jpg","datePublished":"2022-01-19T11:53:32+00:00","dateModified":"2022-10-19T10:59:40+00:00","description":"Vous recherchez une application de r\u00e9servation en ligne de taxi a\u00e9rien drone en Malaisie, des itin\u00e9raires, des horaires et des tarifs\u00a0? Comparez les taxis a\u00e9riens et r\u00e9servez un taxi volant pas cher en Malaisie","breadcrumb":{"@id":"https:\/\/tiketi.com\/flying\/air-taxi\/malaysia\/#breadcrumb"},"inLanguage":"fr-FR","potentialAction":[{"@type":"ReadAction","target":["https:\/\/tiketi.com\/flying\/air-taxi\/malaysia\/"]}]},{"@type":"ImageObject","inLanguage":"fr-FR","@id":"https:\/\/tiketi.com\/flying\/air-taxi\/malaysia\/#primaryimage","url":"https:\/\/tiketi.com\/wp-content\/uploads\/2022\/02\/kuala-lumpur-1896797_1280.jpg","contentUrl":"https:\/\/tiketi.com\/wp-content\/uploads\/2022\/02\/kuala-lumpur-1896797_1280.jpg","width":1200,"height":200,"caption":"Air Taxi in Kuala Lumpur"},{"@type":"BreadcrumbList","@id":"https:\/\/tiketi.com\/flying\/air-taxi\/malaysia\/#breadcrumb","itemListElement":[{"@type":"ListItem","position":1,"name":"Home","item":"https:\/\/tiketi.com\/"},{"@type":"ListItem","position":2,"name":"Flying","item":"https:\/\/tiketi.com\/fr-fr\/volants\/"},{"@type":"ListItem","position":3,"name":"Air Taxi","item":"https:\/\/tiketi.com\/flying\/air-taxi\/"},{"@type":"ListItem","position":4,"name":"Air Taxi in Malaysia Online Booking &#8211; Flying Routes, Schedule &#038; Fares"}]},{"@type":"WebSite","@id":"https:\/\/tiketi.com\/#website","url":"https:\/\/tiketi.com\/","name":"Billets d&#039;avion et de bus, forfaits touristiques et activit\u00e9s - Tiketi.com","description":"Billets d&#039;avion et de bus, Tours, Activit\u00e9s","publisher":{"@id":"https:\/\/tiketi.com\/#organization"},"potentialAction":[{"@type":"SearchAction","target":{"@type":"EntryPoint","urlTemplate":"https:\/\/tiketi.com\/?s={search_term_string}"},"query-input":{"@type":"PropertyValueSpecification","valueRequired":true,"valueName":"search_term_string"}}],"inLanguage":"fr-FR"},{"@type":"Organization","@id":"https:\/\/tiketi.com\/#organization","name":"Tiketi.com","alternateName":"Tiketi","url":"https:\/\/tiketi.com\/","logo":{"@type":"ImageObject","inLanguage":"fr-FR","@id":"https:\/\/tiketi.com\/#\/schema\/logo\/image\/","url":"https:\/\/tiketi.com\/wp-content\/uploads\/2019\/05\/tiketi-logo-696.png","contentUrl":"https:\/\/tiketi.com\/wp-content\/uploads\/2019\/05\/tiketi-logo-696.png","width":696,"height":696,"caption":"Tiketi.com"},"image":{"@id":"https:\/\/tiketi.com\/#\/schema\/logo\/image\/"},"sameAs":["https:\/\/www.facebook.com\/TiketiCom\/"]}]}},"_links":{"self":[{"href":"https:\/\/tiketi.com\/fr-fr\/wp-json\/wp\/v2\/pages\/10586","targetHints":{"allow":["GET"]}}],"collection":[{"href":"https:\/\/tiketi.com\/fr-fr\/wp-json\/wp\/v2\/pages"}],"about":[{"href":"https:\/\/tiketi.com\/fr-fr\/wp-json\/wp\/v2\/types\/page"}],"author":[{"embeddable":true,"href":"https:\/\/tiketi.com\/fr-fr\/wp-json\/wp\/v2\/users\/1"}],"replies":[{"embeddable":true,"href":"https:\/\/tiketi.com\/fr-fr\/wp-json\/wp\/v2\/comments?post=10586"}],"version-history":[{"count":0,"href":"https:\/\/tiketi.com\/fr-fr\/wp-json\/wp\/v2\/pages\/10586\/revisions"}],"up":[{"embeddable":true,"href":"https:\/\/tiketi.com\/fr-fr\/wp-json\/wp\/v2\/pages\/25621"}],"wp:featuredmedia":[{"embeddable":true,"href":"https:\/\/tiketi.com\/fr-fr\/wp-json\/wp\/v2\/media\/16955"}],"wp:attachment":[{"href":"https:\/\/tiketi.com\/fr-fr\/wp-json\/wp\/v2\/media?parent=10586"}],"curies":[{"name":"wp","href":"https:\/\/api.w.org\/{rel}","templated":true}]}}