{"id":10587,"date":"2022-01-19T12:53:32","date_gmt":"2022-01-19T11:53:32","guid":{"rendered":"https:\/\/new.tiketi.com\/copenhagen-air-taxi-booking-app-electric-flying-taxis\/"},"modified":"2022-11-21T13:27:32","modified_gmt":"2022-11-21T12:27:32","slug":"copenhagen","status":"publish","type":"page","link":"https:\/\/tiketi.com\/fr-fr\/volants\/taxi-aerien\/copenhagen\/","title":{"rendered":"Taxi a\u00e9rien \u00e0 Copenhague R\u00e9servation - Itin\u00e9raires de vol, horaires et tarifs"},"content":{"rendered":"<h2>Vous recherchez une application de r\u00e9servation de taxi a\u00e9rien pas cher \u00e0 Copenhague?<\/h2>\r\n<!-- \/wp:post-content -->\r\n\r\n<!-- wp:paragraph -->\r\n<p>Le service d&#039;application de r\u00e9servation en ligne de taxi a\u00e9rien \u00e9lectrique \u00e0 Copenhague permet aux utilisateurs de r\u00e9server un taxi volant \u00e9lectrique \u00e0 Copenhague et dans les zones m\u00e9tropolitaines de Hovedstaden. Les taxis a\u00e9riens autonomes \u00e0 Copenhague permettent de voyager rapidement et \u00e0 bas prix au Danemark. Copenhague est la merveilleuse capitale danoise et la ville la plus peupl\u00e9e du Danemark. C&#039;est la huiti\u00e8me ville la plus agr\u00e9able \u00e0 vivre de la plan\u00e8te en 2019 selon le classement Mercer du niveau de vie des villes et elle est connue comme la ville des contes de f\u00e9es. Des canaux, une architecture charmante, de la nourriture et plus encore font de Copenhague une belle ville \u00e0 visiter. Si vous \u00eates jeune, c&#039;est un v\u00e9ritable terrain de jeu, avec les parcs d&#039;attractions les plus anciens de la plan\u00e8te et certains des lieux de shopping et de nuit les plus branch\u00e9s du monde. Pour la culture, il y a des lieux historiques et des mus\u00e9es dans lesquels sont expos\u00e9s des tr\u00e9sors de l&#039;\u00e2ge du bronze et des Vikings. Comme pour tant d&#039;autres choses, vous pourrez cr\u00e9er \u00e0 tout moment et n&#039;importe o\u00f9 l&#039;application de r\u00e9servation de taxi a\u00e9rien Copenhague par drone pour votre vol en taxi a\u00e9rien \u00e9lectrique.<\/p>\r\n<!-- \/wp:paragraph -->\r\n\r\n<!-- wp:heading -->\r\n<h2>Voici quelques-uns des meilleurs avantages du taxi volant \u00e9lectrique \u00e0 Copenhague, Hovedstaden, Danemark<\/h2>\r\n<h3>Taxis volants \u00e9lectriques \u00e0 Copenhague gain de temps<\/h3>\r\n<!-- \/wp:heading -->\r\n\r\n<!-- wp:paragraph -->\r\n<p>Attendre un taxi \u00e0 l&#039;a\u00e9roport peut entra\u00eener de longues files d&#039;attente, principalement pendant les vacances. Mais avec les taxis volants \u00e0 Copenhague, vous n&#039;avez pas besoin de faire la queue longtemps pour obtenir votre propre v\u00e9hicule. Les taxis volants \u00e0 Copenhague peuvent \u00eatre r\u00e9serv\u00e9s en ligne via l&#039;application Flying Taxi Copenhagen, ce qui vous fait gagner plus de temps et vous permet d&#039;\u00e9viter les formalit\u00e9s administratives.<\/p>\r\n<!-- \/wp:paragraph -->\r\n\r\n<!-- wp:heading {\"level\":3} -->\r\n<h3>Les taxis a\u00e9riens \u00e0 Copenhague sont des transports publics \u00e0 grande vitesse<\/h3>\r\n<!-- \/wp:heading -->\r\n\r\n<!-- wp:paragraph -->\r\n<p>Le meilleur avantage des taxis a\u00e9riens \u00e0 Copenhague est sa grande vitesse. C&#039;est le mode de transport le plus rapide \u00e0 l&#039;avenir et c&#039;est donc le moyen le plus parfait o\u00f9 le temps est un facteur vital. Un v\u00e9hicule tout \u00e9lectrique avec une vitesse de croisi\u00e8re de 150 \u00e0 200 miles par heure, une altitude de croisi\u00e8re de 1 000 \u00e0 2 000 pieds et capable d&#039;effectuer des trajets allant jusqu&#039;\u00e0 soixante miles sur une seule charge.<\/p>\r\n<h3>Les taxis a\u00e9riens de Copenhague ont de tr\u00e8s faibles \u00e9missions de carbone<\/h3>\r\n<!-- \/wp:paragraph -->\r\n\r\n<!-- wp:paragraph -->\r\n<p>Pr\u00e8s de quatre millions d&#039;enfants souffrent d&#039;asthme chaque ann\u00e9e \u00e0 cause de la pollution des v\u00e9hicules. Et, tout le monde sait pertinemment que les gaz \u00e0 effet de serre \u00e9mis par les v\u00e9hicules qui utilisent des carburants fossiles aggravent l&#039;impact du changement climatique et du r\u00e9chauffement climatique. Par cons\u00e9quent, la pollution des v\u00e9hicules est une grande pr\u00e9occupation. Les producteurs de taxis drones utiliseront l&#039;\u00e9lectricit\u00e9 pour alimenter leurs v\u00e9hicules. Ainsi, les taxis drones n&#039;\u00e9mettront pas de gaz \u00e0 effet de serre. Par cons\u00e9quent, ces taxis peuvent contribuer \u00e0 r\u00e9duire l&#039;impact du changement climatique. Alors r\u00e9servez votre taxi avec l&#039;aide de taxi volant dans l&#039;application de Copenhague maintenant.<\/p>\r\n<h3>Combien co\u00fbtera un taxi volant \u00e9lectrique \u00e0 Copenhague ?<\/h3>\r\n<!-- \/wp:paragraph -->\r\n\r\n<!-- wp:paragraph -->\r\n<p>Au d\u00e9part, les drones taxis a\u00e9riens \u00e0 Copenhague co\u00fbteront environ $5,73 par passager-mile. Le prix du taxi drone \u00e0 Copenhague chutera ensuite \u00e0 $1,85 par mile passager avant d&#039;atteindre finalement le tarif incroyable du client de $0,44 par mile. Vous pouvez facilement r\u00e9server un taxi a\u00e9rien via des taxis volants \u00e9lectriques dans l&#039;application Copenhague.<\/p>\r\n<h2>Avantages de l&#039;application de r\u00e9servation de taxi a\u00e9rien \u00e9lectrique \u00e0 Copenhague<\/h2>\r\n<!-- \/wp:paragraph -->\r\n\r\n<!-- wp:paragraph -->\r\n<p>Parmi ses autres avantages, la r\u00e9servation en ligne de taxi drone \u00e9lectrique \u00e0 Copenhague pourrait fournir un boom \u00e9conomique en augmentant le nombre de personnes se dirigeant vers des lieux de loisirs et de tourisme qui ne sont pas \u00e0 proximit\u00e9 des grands a\u00e9roports.<\/p>\r\n<!-- \/wp:paragraph -->\r\n\r\n<!-- wp:heading {\"level\":3} -->\r\n<h3>L&#039;application de r\u00e9servation en ligne de taxi a\u00e9rien \u00e0 Copenhague serait-elle utilis\u00e9e pour r\u00e9server un vol de taxi a\u00e9rien \u00e9lectrique\u00a0?<\/h3>\r\n<!-- \/wp:heading -->\r\n\r\n<!-- wp:paragraph -->\r\n<p>Oui, les clients peuvent utiliser de mani\u00e8re transparente l&#039;application de r\u00e9servation en ligne de taxi drone \u00e9lectrique Copenhague pour trouver le meilleur itin\u00e9raire et r\u00e9server un taxi drone \u00e0 Copenhague \u00e0 tout moment et n&#039;importe o\u00f9.<\/p>","protected":false},"excerpt":{"rendered":"<p>Looking for cheap Copenhagen air taxi booking app? Electric air taxi in Copenhagen online booking app service enable users to book electric flying taxi in Copenhagen and metropolitan areas in Hovedstaden. Autonomous air taxis in Copenhagen makes possible to travel cheap and fast in Denmark. Copenhagen is the wonderful Danish capital and the most populous [&hellip;]<\/p>\n","protected":false},"author":1,"featured_media":18904,"parent":25621,"menu_order":0,"comment_status":"open","ping_status":"closed","template":"template-home-modern.php","meta":{"footnotes":""},"class_list":["post-10587","page","type-page","status-publish","has-post-thumbnail","hentry"],"yoast_head":"<!-- This site is optimized with the Yoast SEO plugin v27.2 - https:\/\/yoast.com\/product\/yoast-seo-wordpress\/ -->\n<title>Air Taxi in Copenhagen Booking \u2013 Flying Routes, Schedule &amp; Fares<\/title>\n<meta name=\"description\" content=\"Looking for drone air taxi in Copenhagen online booking app, route, schedule &amp; fare? Compare air taxis and book your cheap flying taxi in Copenhagen\" \/>\n<meta name=\"robots\" content=\"index, follow, max-snippet:-1, max-image-preview:large, max-video-preview:-1\" \/>\n<link rel=\"canonical\" href=\"https:\/\/tiketi.com\/fr-fr\/volants\/taxi-aerien\/copenhagen\/\" \/>\n<meta property=\"og:locale\" content=\"fr_FR\" \/>\n<meta property=\"og:type\" content=\"article\" \/>\n<meta property=\"og:title\" content=\"Air Taxi in Copenhagen Booking \u2013 Flying Routes, Schedule &amp; Fares\" \/>\n<meta property=\"og:description\" content=\"Looking for drone air taxi in Copenhagen online booking app, route, schedule &amp; fare? Compare air taxis and book your cheap flying taxi in Copenhagen\" \/>\n<meta property=\"og:url\" content=\"https:\/\/tiketi.com\/fr-fr\/volants\/taxi-aerien\/copenhagen\/\" \/>\n<meta property=\"og:site_name\" content=\"Tiketi.com\" \/>\n<meta property=\"article:publisher\" content=\"https:\/\/www.facebook.com\/TiketiCom\/\" \/>\n<meta property=\"article:modified_time\" content=\"2022-11-21T12:27:32+00:00\" \/>\n<meta property=\"og:image\" content=\"https:\/\/tiketi.com\/wp-content\/uploads\/2019\/05\/copenhagen-4878671_1280.jpg\" \/>\n\t<meta property=\"og:image:width\" content=\"1200\" \/>\n\t<meta property=\"og:image:height\" content=\"200\" \/>\n\t<meta property=\"og:image:type\" content=\"image\/jpeg\" \/>\n<meta name=\"twitter:card\" content=\"summary_large_image\" \/>\n<meta name=\"twitter:label1\" content=\"Dur\u00e9e de lecture estim\u00e9e\" \/>\n\t<meta name=\"twitter:data1\" content=\"3 minutes\" \/>\n<script type=\"application\/ld+json\" class=\"yoast-schema-graph\">{\"@context\":\"https:\/\/schema.org\",\"@graph\":[{\"@type\":\"WebPage\",\"@id\":\"https:\/\/tiketi.com\/flying\/air-taxi\/copenhagen\/\",\"url\":\"https:\/\/tiketi.com\/flying\/air-taxi\/copenhagen\/\",\"name\":\"Air Taxi in Copenhagen Booking \u2013 Flying Routes, Schedule & Fares\",\"isPartOf\":{\"@id\":\"https:\/\/tiketi.com\/#website\"},\"primaryImageOfPage\":{\"@id\":\"https:\/\/tiketi.com\/flying\/air-taxi\/copenhagen\/#primaryimage\"},\"image\":{\"@id\":\"https:\/\/tiketi.com\/flying\/air-taxi\/copenhagen\/#primaryimage\"},\"thumbnailUrl\":\"https:\/\/tiketi.com\/wp-content\/uploads\/2019\/05\/copenhagen-4878671_1280.jpg\",\"datePublished\":\"2022-01-19T11:53:32+00:00\",\"dateModified\":\"2022-11-21T12:27:32+00:00\",\"description\":\"Looking for drone air taxi in Copenhagen online booking app, route, schedule & fare? Compare air taxis and book your cheap flying taxi in Copenhagen\",\"breadcrumb\":{\"@id\":\"https:\/\/tiketi.com\/flying\/air-taxi\/copenhagen\/#breadcrumb\"},\"inLanguage\":\"fr-FR\",\"potentialAction\":[{\"@type\":\"ReadAction\",\"target\":[\"https:\/\/tiketi.com\/flying\/air-taxi\/copenhagen\/\"]}]},{\"@type\":\"ImageObject\",\"inLanguage\":\"fr-FR\",\"@id\":\"https:\/\/tiketi.com\/flying\/air-taxi\/copenhagen\/#primaryimage\",\"url\":\"https:\/\/tiketi.com\/wp-content\/uploads\/2019\/05\/copenhagen-4878671_1280.jpg\",\"contentUrl\":\"https:\/\/tiketi.com\/wp-content\/uploads\/2019\/05\/copenhagen-4878671_1280.jpg\",\"width\":1200,\"height\":200,\"caption\":\"Air Taxi Copenhagen\"},{\"@type\":\"BreadcrumbList\",\"@id\":\"https:\/\/tiketi.com\/flying\/air-taxi\/copenhagen\/#breadcrumb\",\"itemListElement\":[{\"@type\":\"ListItem\",\"position\":1,\"name\":\"Home\",\"item\":\"https:\/\/tiketi.com\/\"},{\"@type\":\"ListItem\",\"position\":2,\"name\":\"Flying\",\"item\":\"https:\/\/tiketi.com\/fr-fr\/volants\/\"},{\"@type\":\"ListItem\",\"position\":3,\"name\":\"Air Taxi\",\"item\":\"https:\/\/tiketi.com\/flying\/air-taxi\/\"},{\"@type\":\"ListItem\",\"position\":4,\"name\":\"Air Taxi in Copenhagen\u00a0Booking \u2013 Flying Routes, Schedule &amp; Fares\"}]},{\"@type\":\"WebSite\",\"@id\":\"https:\/\/tiketi.com\/#website\",\"url\":\"https:\/\/tiketi.com\/\",\"name\":\"Flight & Bus Tickets, Tour Packages & Activitites - Tiketi.com\",\"description\":\"Flight &amp; Bus Tickets, Tours, Activitites\",\"publisher\":{\"@id\":\"https:\/\/tiketi.com\/#organization\"},\"potentialAction\":[{\"@type\":\"SearchAction\",\"target\":{\"@type\":\"EntryPoint\",\"urlTemplate\":\"https:\/\/tiketi.com\/?s={search_term_string}\"},\"query-input\":{\"@type\":\"PropertyValueSpecification\",\"valueRequired\":true,\"valueName\":\"search_term_string\"}}],\"inLanguage\":\"fr-FR\"},{\"@type\":\"Organization\",\"@id\":\"https:\/\/tiketi.com\/#organization\",\"name\":\"Tiketi.com\",\"alternateName\":\"Tiketi\",\"url\":\"https:\/\/tiketi.com\/\",\"logo\":{\"@type\":\"ImageObject\",\"inLanguage\":\"fr-FR\",\"@id\":\"https:\/\/tiketi.com\/#\/schema\/logo\/image\/\",\"url\":\"https:\/\/tiketi.com\/wp-content\/uploads\/2019\/05\/tiketi-logo-696.png\",\"contentUrl\":\"https:\/\/tiketi.com\/wp-content\/uploads\/2019\/05\/tiketi-logo-696.png\",\"width\":696,\"height\":696,\"caption\":\"Tiketi.com\"},\"image\":{\"@id\":\"https:\/\/tiketi.com\/#\/schema\/logo\/image\/\"},\"sameAs\":[\"https:\/\/www.facebook.com\/TiketiCom\/\"]}]}<\/script>\n<!-- \/ Yoast SEO plugin. -->","yoast_head_json":{"title":"Taxi a\u00e9rien \u00e0 Copenhague R\u00e9servation - Itin\u00e9raires de vol, horaires et tarifs","description":"Vous recherchez une application de r\u00e9servation en ligne de taxi a\u00e9rien drone \u00e0 Copenhague, un itin\u00e9raire, un horaire et un tarif\u00a0? Comparez les taxis a\u00e9riens et r\u00e9servez votre taxi volant pas cher \u00e0 Copenhague","robots":{"index":"index","follow":"follow","max-snippet":"max-snippet:-1","max-image-preview":"max-image-preview:large","max-video-preview":"max-video-preview:-1"},"canonical":"https:\/\/tiketi.com\/fr-fr\/volants\/taxi-aerien\/copenhagen\/","og_locale":"fr_FR","og_type":"article","og_title":"Air Taxi in Copenhagen Booking \u2013 Flying Routes, Schedule & Fares","og_description":"Looking for drone air taxi in Copenhagen online booking app, route, schedule & fare? Compare air taxis and book your cheap flying taxi in Copenhagen","og_url":"https:\/\/tiketi.com\/fr-fr\/volants\/taxi-aerien\/copenhagen\/","og_site_name":"Tiketi.com","article_publisher":"https:\/\/www.facebook.com\/TiketiCom\/","article_modified_time":"2022-11-21T12:27:32+00:00","og_image":[{"width":1200,"height":200,"url":"https:\/\/tiketi.com\/wp-content\/uploads\/2019\/05\/copenhagen-4878671_1280.jpg","type":"image\/jpeg"}],"twitter_card":"summary_large_image","twitter_misc":{"Dur\u00e9e de lecture estim\u00e9e":"3 minutes"},"schema":{"@context":"https:\/\/schema.org","@graph":[{"@type":"WebPage","@id":"https:\/\/tiketi.com\/flying\/air-taxi\/copenhagen\/","url":"https:\/\/tiketi.com\/flying\/air-taxi\/copenhagen\/","name":"Taxi a\u00e9rien \u00e0 Copenhague R\u00e9servation - Itin\u00e9raires de vol, horaires et tarifs","isPartOf":{"@id":"https:\/\/tiketi.com\/#website"},"primaryImageOfPage":{"@id":"https:\/\/tiketi.com\/flying\/air-taxi\/copenhagen\/#primaryimage"},"image":{"@id":"https:\/\/tiketi.com\/flying\/air-taxi\/copenhagen\/#primaryimage"},"thumbnailUrl":"https:\/\/tiketi.com\/wp-content\/uploads\/2019\/05\/copenhagen-4878671_1280.jpg","datePublished":"2022-01-19T11:53:32+00:00","dateModified":"2022-11-21T12:27:32+00:00","description":"Vous recherchez une application de r\u00e9servation en ligne de taxi a\u00e9rien drone \u00e0 Copenhague, un itin\u00e9raire, un horaire et un tarif\u00a0? Comparez les taxis a\u00e9riens et r\u00e9servez votre taxi volant pas cher \u00e0 Copenhague","breadcrumb":{"@id":"https:\/\/tiketi.com\/flying\/air-taxi\/copenhagen\/#breadcrumb"},"inLanguage":"fr-FR","potentialAction":[{"@type":"ReadAction","target":["https:\/\/tiketi.com\/flying\/air-taxi\/copenhagen\/"]}]},{"@type":"ImageObject","inLanguage":"fr-FR","@id":"https:\/\/tiketi.com\/flying\/air-taxi\/copenhagen\/#primaryimage","url":"https:\/\/tiketi.com\/wp-content\/uploads\/2019\/05\/copenhagen-4878671_1280.jpg","contentUrl":"https:\/\/tiketi.com\/wp-content\/uploads\/2019\/05\/copenhagen-4878671_1280.jpg","width":1200,"height":200,"caption":"Air Taxi Copenhagen"},{"@type":"BreadcrumbList","@id":"https:\/\/tiketi.com\/flying\/air-taxi\/copenhagen\/#breadcrumb","itemListElement":[{"@type":"ListItem","position":1,"name":"Home","item":"https:\/\/tiketi.com\/"},{"@type":"ListItem","position":2,"name":"Flying","item":"https:\/\/tiketi.com\/fr-fr\/volants\/"},{"@type":"ListItem","position":3,"name":"Air Taxi","item":"https:\/\/tiketi.com\/flying\/air-taxi\/"},{"@type":"ListItem","position":4,"name":"Air Taxi in Copenhagen\u00a0Booking \u2013 Flying Routes, Schedule &amp; Fares"}]},{"@type":"WebSite","@id":"https:\/\/tiketi.com\/#website","url":"https:\/\/tiketi.com\/","name":"Billets d&#039;avion et de bus, forfaits touristiques et activit\u00e9s - Tiketi.com","description":"Billets d&#039;avion et de bus, Tours, Activit\u00e9s","publisher":{"@id":"https:\/\/tiketi.com\/#organization"},"potentialAction":[{"@type":"SearchAction","target":{"@type":"EntryPoint","urlTemplate":"https:\/\/tiketi.com\/?s={search_term_string}"},"query-input":{"@type":"PropertyValueSpecification","valueRequired":true,"valueName":"search_term_string"}}],"inLanguage":"fr-FR"},{"@type":"Organization","@id":"https:\/\/tiketi.com\/#organization","name":"Tiketi.com","alternateName":"Tiketi","url":"https:\/\/tiketi.com\/","logo":{"@type":"ImageObject","inLanguage":"fr-FR","@id":"https:\/\/tiketi.com\/#\/schema\/logo\/image\/","url":"https:\/\/tiketi.com\/wp-content\/uploads\/2019\/05\/tiketi-logo-696.png","contentUrl":"https:\/\/tiketi.com\/wp-content\/uploads\/2019\/05\/tiketi-logo-696.png","width":696,"height":696,"caption":"Tiketi.com"},"image":{"@id":"https:\/\/tiketi.com\/#\/schema\/logo\/image\/"},"sameAs":["https:\/\/www.facebook.com\/TiketiCom\/"]}]}},"_links":{"self":[{"href":"https:\/\/tiketi.com\/fr-fr\/wp-json\/wp\/v2\/pages\/10587","targetHints":{"allow":["GET"]}}],"collection":[{"href":"https:\/\/tiketi.com\/fr-fr\/wp-json\/wp\/v2\/pages"}],"about":[{"href":"https:\/\/tiketi.com\/fr-fr\/wp-json\/wp\/v2\/types\/page"}],"author":[{"embeddable":true,"href":"https:\/\/tiketi.com\/fr-fr\/wp-json\/wp\/v2\/users\/1"}],"replies":[{"embeddable":true,"href":"https:\/\/tiketi.com\/fr-fr\/wp-json\/wp\/v2\/comments?post=10587"}],"version-history":[{"count":0,"href":"https:\/\/tiketi.com\/fr-fr\/wp-json\/wp\/v2\/pages\/10587\/revisions"}],"up":[{"embeddable":true,"href":"https:\/\/tiketi.com\/fr-fr\/wp-json\/wp\/v2\/pages\/25621"}],"wp:featuredmedia":[{"embeddable":true,"href":"https:\/\/tiketi.com\/fr-fr\/wp-json\/wp\/v2\/media\/18904"}],"wp:attachment":[{"href":"https:\/\/tiketi.com\/fr-fr\/wp-json\/wp\/v2\/media?parent=10587"}],"curies":[{"name":"wp","href":"https:\/\/api.w.org\/{rel}","templated":true}]}}