{"id":10588,"date":"2022-01-19T12:53:32","date_gmt":"2022-01-19T11:53:32","guid":{"rendered":"https:\/\/new.tiketi.com\/dublin-air-taxi-booking-app-electric-flying-taxis\/"},"modified":"2024-03-06T10:20:20","modified_gmt":"2024-03-06T09:20:20","slug":"dublin","status":"publish","type":"page","link":"https:\/\/tiketi.com\/fr-fr\/volants\/taxi-aerien\/dublin\/","title":{"rendered":"Taxi a\u00e9rien \u00e0 Dublin Application de r\u00e9servation en ligne - Taxis volants \u00e9lectriques"},"content":{"rendered":"<h2>Cheap Dublin Air Taxi Booking App<\/h2>\n<!-- \/wp:post-content -->\n\n<!-- wp:paragraph -->\n\nLe service d&#039;application de r\u00e9servation en ligne de taxi a\u00e9rien \u00e9lectrique \u00e0 Dublin permettra aux utilisateurs de r\u00e9server un taxi volant \u00e9lectrique \u00e0 Dublin, qui sera bient\u00f4t lanc\u00e9 dans les grandes villes et les zones m\u00e9tropolitaines d&#039;Irlande. Les taxis a\u00e9riens \u00e0 Dublin permettent de voyager pas cher et rapidement dans le Leinster. La capitale irlandaise est synonyme de divertissement. Promenez-vous \u00e0 travers l&#039;histoire dans les rues pav\u00e9es, d\u00e9couvrez les nombreux caf\u00e9s et bars d\u00e9contract\u00e9s, visitez des sites culturels comme la galerie de la photographie et le centre des arts du projet ou impr\u00e9gnez-vous de la beaut\u00e9 de la nature \u00e0 St Stephen Green. D\u00e9couvrez le ch\u00e2teau le plus remarquable du pays, le ch\u00e2teau de Dublin, d\u00e9couvrez Dublin au vingti\u00e8me si\u00e8cle au petit mus\u00e9e de Dublin et admirez la vue magnifique sur la ville de Dublin. Au coucher du soleil, d\u00e9gustez du whisky irlandais et sirotez la meilleure pinte au Guinness Storehouse, avant de faire la f\u00eate toute la nuit au Temple Bar. Comme pour tant d&#039;autres choses, vous pourrez cr\u00e9er \u00e0 tout moment et n&#039;importe o\u00f9 une application de r\u00e9servation de taxi a\u00e9rien Dublin par drone pour votre vol en taxi a\u00e9rien \u00e9lectrique.\n\n<!-- \/wp:paragraph -->\n\n<!-- wp:heading -->\n<h2>Voici quelques-uns des meilleurs avantages du taxi volant \u00e9lectrique \u00e0 Dublin, Leinster, Irlande<\/h2>\n<h3>Les taxis volants \u00e9lectriques \u00e0 Dublin vont totalement changer l&#039;avenir<\/h3>\n<!-- \/wp:heading -->\n\n<!-- wp:paragraph -->\n\nPour ceux qui r\u00eavent de l&#039;avenir, des d\u00e9fis difficiles sont en route. Mais de nouveaux syst\u00e8mes et technologies sont \u00e9galement d\u00e9velopp\u00e9s pour les r\u00e9soudre, explorant des horizons qui sont nouveaux pour la plupart d&#039;entre nous, mais qui changeront notre fa\u00e7on de vivre \u00e0 l&#039;avenir. Le d\u00e9veloppement de l&#039;infrastructure qui permettra l&#039;exploitation s\u00fbre d&#039;un tel syst\u00e8me est aussi vital que le d\u00e9veloppement des taxis volants \u00e0 Dublin, en Irlande.\n<h3>Quelle est la vitesse des taxis a\u00e9riens \u00e0 Dublin, en Irlande\u00a0?<\/h3>\n<!-- \/wp:paragraph -->\n\n<!-- wp:paragraph -->\n\nL&#039;avion Archers eVTOL, nomm\u00e9 Maker, sera capable de parcourir une distance allant jusqu&#039;\u00e0 soixante miles \u00e0 des vitesses proches de 150 mph. En plus de soulager les embouteillages au sol, le drone-taxi de l&#039;engin \u00e0 moteur de Dublin ne g\u00e9n\u00e9rera aucune \u00e9mission et aura une empreinte sonore de seulement 45 dba, se fondant dans les sons des quartiers r\u00e9sidentiels.\n\n<!-- \/wp:paragraph -->\n\n<!-- wp:heading {\"level\":3} -->\n<h3>Les taxis a\u00e9riens \u00e9lectriques \u00e0 Dublin, en Irlande, sont-ils l&#039;avenir ?<\/h3>\n<!-- \/wp:heading -->\n\n<!-- wp:paragraph -->\n\nPour ceux d&#039;entre nous qui ont grandi en regardant Retour vers le futur et The Jetsons, les taxis volants \u00e0 Dublin sont dans nos r\u00eaves depuis longtemps comme un avenir possible un jour. Avec des rues aussi encombr\u00e9es que les grandes villes, beaucoup esp\u00e8rent que les taxis a\u00e9riens \u00e0 Dublin seront la solution au probl\u00e8me, mais beaucoup se demandent s&#039;il s&#039;agit d&#039;une solution r\u00e9aliste ou si cela augmenterait simplement les niveaux de pollution et de bruit dans les villes.\n<h3>Combien co\u00fbtera un taxi volant \u00e9lectrique \u00e0 Dublin ?<\/h3>\n<!-- \/wp:paragraph -->\n\n<!-- wp:paragraph -->\n\nInitially, drone air taxis in Dublin will cost approximately $5.73 per passenger mile. The cost will then plummet to $1.85 per passenger mile before finally hitting the customer amazing rate of $0.44 per mile. You can easily book drone air taxi service through electric flying taxis in Dublin app.\n<h2>Advantages of electric air taxi in Dublin online booking app<\/h2>\n<!-- \/wp:paragraph -->\n\n<!-- wp:paragraph -->\n\nParmi ses autres avantages, la r\u00e9servation en ligne de taxis drones \u00e9lectriques \u00e0 Dublin pourrait fournir un boom \u00e9conomique en augmentant le nombre de personnes se dirigeant vers des lieux de loisirs et de tourisme qui ne sont pas \u00e0 proximit\u00e9 des grands a\u00e9roports.\n\n<!-- \/wp:paragraph -->\n\n<!-- wp:heading {\"level\":3} -->\n<h3>Would drone electric Dublin air taxi booking app be used to book a electric air taxi flight?<\/h3>\n<!-- \/wp:heading -->\n\n<!-- wp:paragraph -->\n\nOui, les clients peuvent utiliser de mani\u00e8re transparente l&#039;application de r\u00e9servation en ligne de taxi a\u00e9rien \u00e9lectrique Dublin pour trouver le meilleur itin\u00e9raire et r\u00e9server un taxi volant \u00e9lectrique \u00e0 Dublin \u00e0 tout moment et n&#039;importe o\u00f9.","protected":false},"excerpt":{"rendered":"<p>Cheap Dublin Air Taxi Booking App Electric air taxi in Dublin online booking app service will enable users to book electric flying taxi in Dublin, launching in major cities and metropolitan areas in Ireland soon. Air taxis in Dublin makes possible to travel cheap and fast in Leinster\u200e. The Irish capital is synonymous with all [&hellip;]<\/p>\n","protected":false},"author":1,"featured_media":19070,"parent":25621,"menu_order":0,"comment_status":"open","ping_status":"closed","template":"template-home-modern.php","meta":{"footnotes":""},"class_list":["post-10588","page","type-page","status-publish","has-post-thumbnail","hentry"],"yoast_head":"<!-- This site is optimized with the Yoast SEO plugin v27.3 - https:\/\/yoast.com\/product\/yoast-seo-wordpress\/ -->\n<title>Air Taxi in Dublin Booking I Flying Taxis Routes &amp; Fares<\/title>\n<meta name=\"description\" content=\"Looking for air taxi in Dublin online booking app, routes, schedule &amp; fare? Compare air taxis service &amp; book your cheap flying taxi in Dublin\" \/>\n<meta name=\"robots\" content=\"index, follow, max-snippet:-1, max-image-preview:large, max-video-preview:-1\" \/>\n<link rel=\"canonical\" href=\"https:\/\/tiketi.com\/fr-fr\/volants\/taxi-aerien\/dublin\/\" \/>\n<meta property=\"og:locale\" content=\"fr_FR\" \/>\n<meta property=\"og:type\" content=\"article\" \/>\n<meta property=\"og:title\" content=\"Air Taxi in Dublin Booking I Flying Taxis Routes &amp; Fares\" \/>\n<meta property=\"og:description\" content=\"Looking for air taxi in Dublin online booking app, routes, schedule &amp; fare? Compare air taxis service &amp; book your cheap flying taxi in Dublin\" \/>\n<meta property=\"og:url\" content=\"https:\/\/tiketi.com\/fr-fr\/volants\/taxi-aerien\/dublin\/\" \/>\n<meta property=\"og:site_name\" content=\"Tiketi.com\" \/>\n<meta property=\"article:publisher\" content=\"https:\/\/www.facebook.com\/TiketiCom\/\" \/>\n<meta property=\"article:modified_time\" content=\"2024-03-06T09:20:20+00:00\" \/>\n<meta property=\"og:image\" content=\"https:\/\/tiketi.com\/wp-content\/uploads\/2019\/05\/dublin-2315013_1280.jpg\" \/>\n\t<meta property=\"og:image:width\" content=\"1200\" \/>\n\t<meta property=\"og:image:height\" content=\"201\" \/>\n\t<meta property=\"og:image:type\" content=\"image\/jpeg\" \/>\n<meta name=\"twitter:card\" content=\"summary_large_image\" \/>\n<meta name=\"twitter:label1\" content=\"Dur\u00e9e de lecture estim\u00e9e\" \/>\n\t<meta name=\"twitter:data1\" content=\"3 minutes\" \/>\n<script type=\"application\/ld+json\" class=\"yoast-schema-graph\">{\"@context\":\"https:\\\/\\\/schema.org\",\"@graph\":[{\"@type\":\"WebPage\",\"@id\":\"https:\\\/\\\/tiketi.com\\\/flying\\\/air-taxi\\\/dublin\\\/\",\"url\":\"https:\\\/\\\/tiketi.com\\\/flying\\\/air-taxi\\\/dublin\\\/\",\"name\":\"Air Taxi in Dublin Booking I Flying Taxis Routes & Fares\",\"isPartOf\":{\"@id\":\"https:\\\/\\\/tiketi.com\\\/#website\"},\"primaryImageOfPage\":{\"@id\":\"https:\\\/\\\/tiketi.com\\\/flying\\\/air-taxi\\\/dublin\\\/#primaryimage\"},\"image\":{\"@id\":\"https:\\\/\\\/tiketi.com\\\/flying\\\/air-taxi\\\/dublin\\\/#primaryimage\"},\"thumbnailUrl\":\"https:\\\/\\\/tiketi.com\\\/wp-content\\\/uploads\\\/2019\\\/05\\\/dublin-2315013_1280.jpg\",\"datePublished\":\"2022-01-19T11:53:32+00:00\",\"dateModified\":\"2024-03-06T09:20:20+00:00\",\"description\":\"Looking for air taxi in Dublin online booking app, routes, schedule & fare? Compare air taxis service & book your cheap flying taxi in Dublin\",\"breadcrumb\":{\"@id\":\"https:\\\/\\\/tiketi.com\\\/flying\\\/air-taxi\\\/dublin\\\/#breadcrumb\"},\"inLanguage\":\"fr-FR\",\"potentialAction\":[{\"@type\":\"ReadAction\",\"target\":[\"https:\\\/\\\/tiketi.com\\\/flying\\\/air-taxi\\\/dublin\\\/\"]}]},{\"@type\":\"ImageObject\",\"inLanguage\":\"fr-FR\",\"@id\":\"https:\\\/\\\/tiketi.com\\\/flying\\\/air-taxi\\\/dublin\\\/#primaryimage\",\"url\":\"https:\\\/\\\/tiketi.com\\\/wp-content\\\/uploads\\\/2019\\\/05\\\/dublin-2315013_1280.jpg\",\"contentUrl\":\"https:\\\/\\\/tiketi.com\\\/wp-content\\\/uploads\\\/2019\\\/05\\\/dublin-2315013_1280.jpg\",\"width\":1200,\"height\":201,\"caption\":\"Dublin Air Taxi\"},{\"@type\":\"BreadcrumbList\",\"@id\":\"https:\\\/\\\/tiketi.com\\\/flying\\\/air-taxi\\\/dublin\\\/#breadcrumb\",\"itemListElement\":[{\"@type\":\"ListItem\",\"position\":1,\"name\":\"Home\",\"item\":\"https:\\\/\\\/tiketi.com\\\/\"},{\"@type\":\"ListItem\",\"position\":2,\"name\":\"Flying\",\"item\":\"https:\\\/\\\/tiketi.com\\\/fr-fr\\\/volants\\\/\"},{\"@type\":\"ListItem\",\"position\":3,\"name\":\"Air Taxi\",\"item\":\"https:\\\/\\\/tiketi.com\\\/flying\\\/air-taxi\\\/\"},{\"@type\":\"ListItem\",\"position\":4,\"name\":\"Air Taxi in Dublin Online Booking App &#8211; Electric Flying Taxis\"}]},{\"@type\":\"WebSite\",\"@id\":\"https:\\\/\\\/tiketi.com\\\/#website\",\"url\":\"https:\\\/\\\/tiketi.com\\\/\",\"name\":\"Flight & Bus Tickets, Tour Packages & Activitites - Tiketi.com\",\"description\":\"Flight &amp; Bus Tickets, Tours, Activitites\",\"publisher\":{\"@id\":\"https:\\\/\\\/tiketi.com\\\/#organization\"},\"potentialAction\":[{\"@type\":\"SearchAction\",\"target\":{\"@type\":\"EntryPoint\",\"urlTemplate\":\"https:\\\/\\\/tiketi.com\\\/?s={search_term_string}\"},\"query-input\":{\"@type\":\"PropertyValueSpecification\",\"valueRequired\":true,\"valueName\":\"search_term_string\"}}],\"inLanguage\":\"fr-FR\"},{\"@type\":\"Organization\",\"@id\":\"https:\\\/\\\/tiketi.com\\\/#organization\",\"name\":\"Tiketi.com\",\"alternateName\":\"Tiketi\",\"url\":\"https:\\\/\\\/tiketi.com\\\/\",\"logo\":{\"@type\":\"ImageObject\",\"inLanguage\":\"fr-FR\",\"@id\":\"https:\\\/\\\/tiketi.com\\\/#\\\/schema\\\/logo\\\/image\\\/\",\"url\":\"https:\\\/\\\/tiketi.com\\\/wp-content\\\/uploads\\\/2019\\\/05\\\/tiketi-logo-696.png\",\"contentUrl\":\"https:\\\/\\\/tiketi.com\\\/wp-content\\\/uploads\\\/2019\\\/05\\\/tiketi-logo-696.png\",\"width\":696,\"height\":696,\"caption\":\"Tiketi.com\"},\"image\":{\"@id\":\"https:\\\/\\\/tiketi.com\\\/#\\\/schema\\\/logo\\\/image\\\/\"},\"sameAs\":[\"https:\\\/\\\/www.facebook.com\\\/TiketiCom\\\/\"]}]}<\/script>\n<!-- \/ Yoast SEO plugin. -->","yoast_head_json":{"title":"Air Taxi in Dublin Booking I Flying Taxis Routes & Fares","description":"Looking for air taxi in Dublin online booking app, routes, schedule & fare? Compare air taxis service & book your cheap flying taxi in Dublin","robots":{"index":"index","follow":"follow","max-snippet":"max-snippet:-1","max-image-preview":"max-image-preview:large","max-video-preview":"max-video-preview:-1"},"canonical":"https:\/\/tiketi.com\/fr-fr\/volants\/taxi-aerien\/dublin\/","og_locale":"fr_FR","og_type":"article","og_title":"Air Taxi in Dublin Booking I Flying Taxis Routes & Fares","og_description":"Looking for air taxi in Dublin online booking app, routes, schedule & fare? Compare air taxis service & book your cheap flying taxi in Dublin","og_url":"https:\/\/tiketi.com\/fr-fr\/volants\/taxi-aerien\/dublin\/","og_site_name":"Tiketi.com","article_publisher":"https:\/\/www.facebook.com\/TiketiCom\/","article_modified_time":"2024-03-06T09:20:20+00:00","og_image":[{"width":1200,"height":201,"url":"https:\/\/tiketi.com\/wp-content\/uploads\/2019\/05\/dublin-2315013_1280.jpg","type":"image\/jpeg"}],"twitter_card":"summary_large_image","twitter_misc":{"Dur\u00e9e de lecture estim\u00e9e":"3 minutes"},"schema":{"@context":"https:\/\/schema.org","@graph":[{"@type":"WebPage","@id":"https:\/\/tiketi.com\/flying\/air-taxi\/dublin\/","url":"https:\/\/tiketi.com\/flying\/air-taxi\/dublin\/","name":"Air Taxi in Dublin Booking I Flying Taxis Routes & Fares","isPartOf":{"@id":"https:\/\/tiketi.com\/#website"},"primaryImageOfPage":{"@id":"https:\/\/tiketi.com\/flying\/air-taxi\/dublin\/#primaryimage"},"image":{"@id":"https:\/\/tiketi.com\/flying\/air-taxi\/dublin\/#primaryimage"},"thumbnailUrl":"https:\/\/tiketi.com\/wp-content\/uploads\/2019\/05\/dublin-2315013_1280.jpg","datePublished":"2022-01-19T11:53:32+00:00","dateModified":"2024-03-06T09:20:20+00:00","description":"Looking for air taxi in Dublin online booking app, routes, schedule & fare? Compare air taxis service & book your cheap flying taxi in Dublin","breadcrumb":{"@id":"https:\/\/tiketi.com\/flying\/air-taxi\/dublin\/#breadcrumb"},"inLanguage":"fr-FR","potentialAction":[{"@type":"ReadAction","target":["https:\/\/tiketi.com\/flying\/air-taxi\/dublin\/"]}]},{"@type":"ImageObject","inLanguage":"fr-FR","@id":"https:\/\/tiketi.com\/flying\/air-taxi\/dublin\/#primaryimage","url":"https:\/\/tiketi.com\/wp-content\/uploads\/2019\/05\/dublin-2315013_1280.jpg","contentUrl":"https:\/\/tiketi.com\/wp-content\/uploads\/2019\/05\/dublin-2315013_1280.jpg","width":1200,"height":201,"caption":"Dublin Air Taxi"},{"@type":"BreadcrumbList","@id":"https:\/\/tiketi.com\/flying\/air-taxi\/dublin\/#breadcrumb","itemListElement":[{"@type":"ListItem","position":1,"name":"Home","item":"https:\/\/tiketi.com\/"},{"@type":"ListItem","position":2,"name":"Flying","item":"https:\/\/tiketi.com\/fr-fr\/volants\/"},{"@type":"ListItem","position":3,"name":"Air Taxi","item":"https:\/\/tiketi.com\/flying\/air-taxi\/"},{"@type":"ListItem","position":4,"name":"Air Taxi in Dublin Online Booking App &#8211; Electric Flying Taxis"}]},{"@type":"WebSite","@id":"https:\/\/tiketi.com\/#website","url":"https:\/\/tiketi.com\/","name":"Billets d&#039;avion et de bus, forfaits touristiques et activit\u00e9s - Tiketi.com","description":"Billets d&#039;avion et de bus, Tours, Activit\u00e9s","publisher":{"@id":"https:\/\/tiketi.com\/#organization"},"potentialAction":[{"@type":"SearchAction","target":{"@type":"EntryPoint","urlTemplate":"https:\/\/tiketi.com\/?s={search_term_string}"},"query-input":{"@type":"PropertyValueSpecification","valueRequired":true,"valueName":"search_term_string"}}],"inLanguage":"fr-FR"},{"@type":"Organization","@id":"https:\/\/tiketi.com\/#organization","name":"Tiketi.com","alternateName":"Tiketi","url":"https:\/\/tiketi.com\/","logo":{"@type":"ImageObject","inLanguage":"fr-FR","@id":"https:\/\/tiketi.com\/#\/schema\/logo\/image\/","url":"https:\/\/tiketi.com\/wp-content\/uploads\/2019\/05\/tiketi-logo-696.png","contentUrl":"https:\/\/tiketi.com\/wp-content\/uploads\/2019\/05\/tiketi-logo-696.png","width":696,"height":696,"caption":"Tiketi.com"},"image":{"@id":"https:\/\/tiketi.com\/#\/schema\/logo\/image\/"},"sameAs":["https:\/\/www.facebook.com\/TiketiCom\/"]}]}},"_links":{"self":[{"href":"https:\/\/tiketi.com\/fr-fr\/wp-json\/wp\/v2\/pages\/10588","targetHints":{"allow":["GET"]}}],"collection":[{"href":"https:\/\/tiketi.com\/fr-fr\/wp-json\/wp\/v2\/pages"}],"about":[{"href":"https:\/\/tiketi.com\/fr-fr\/wp-json\/wp\/v2\/types\/page"}],"author":[{"embeddable":true,"href":"https:\/\/tiketi.com\/fr-fr\/wp-json\/wp\/v2\/users\/1"}],"replies":[{"embeddable":true,"href":"https:\/\/tiketi.com\/fr-fr\/wp-json\/wp\/v2\/comments?post=10588"}],"version-history":[{"count":0,"href":"https:\/\/tiketi.com\/fr-fr\/wp-json\/wp\/v2\/pages\/10588\/revisions"}],"up":[{"embeddable":true,"href":"https:\/\/tiketi.com\/fr-fr\/wp-json\/wp\/v2\/pages\/25621"}],"wp:featuredmedia":[{"embeddable":true,"href":"https:\/\/tiketi.com\/fr-fr\/wp-json\/wp\/v2\/media\/19070"}],"wp:attachment":[{"href":"https:\/\/tiketi.com\/fr-fr\/wp-json\/wp\/v2\/media?parent=10588"}],"curies":[{"name":"wp","href":"https:\/\/api.w.org\/{rel}","templated":true}]}}