{"id":10589,"date":"2022-01-19T12:53:34","date_gmt":"2022-01-19T11:53:34","guid":{"rendered":"https:\/\/new.tiketi.com\/amsterdam-air-taxi-booking-app-electric-flying-taxis\/"},"modified":"2022-10-14T12:20:41","modified_gmt":"2022-10-14T11:20:41","slug":"amsterdam","status":"publish","type":"page","link":"https:\/\/tiketi.com\/fr-fr\/volants\/taxi-aerien\/amsterdam\/","title":{"rendered":"Taxi a\u00e9rien \u00e0 Amsterdam R\u00e9servation - Itin\u00e9raires de vol, horaires et tarifs"},"content":{"rendered":"<h2>Application de r\u00e9servation de taxi a\u00e9rien \u00e9lectrique \u00e0 Amsterdam<\/h2>\nLe service d&#039;application de r\u00e9servation en ligne de taxi a\u00e9rien \u00e9lectrique \u00e0 Amsterdam permet aux utilisateurs de r\u00e9server des billets d&#039;avion en taxi a\u00e9rien \u00e0 Amsterdam \u00e0 tout moment, n&#039;importe o\u00f9. Nous rendons la r\u00e9servation d&#039;un taxi a\u00e9rien \u00e0 Amsterdam simple, abordable et accessible \u00e0 tous.<span style=\"font-size: revert; color: initial;\"> Les taxis a\u00e9riens autonomes \u00e0 Amsterdam permettent de voyager pas cher et rapidement aux Pays-Bas. L&#039;un des lieux de voyage les plus c\u00e9l\u00e8bres d&#039;Amsterdam, Amsterdam est une ville charmante, compacte et cosmopolite qui invite \u00e0 l&#039;exploration. Appel\u00e9e la Venise du Nord \u00ab pour ses plus de cent canaux, la capitale des Pays-Bas propose des aventures touristiques faciles \u00e0 v\u00e9lo, \u00e0 pied et en bateau. L&#039;architecture bien connue et attrayante d&#039;Amsterdam du dix-septi\u00e8me si\u00e8cle offre une toile de fond pittoresque mais congrue pour une ville populaire pour ses nouvelles attitudes progressistes. Du mus\u00e9e des beaux-arts de la ville \u00e0 ses march\u00e9s aux fleurs color\u00e9s, des caf\u00e9s \u00e0 la vente de cannabis au quartier rouge. Comme pour tant d&#039;autres choses, vous pourrez r\u00e9server en ligne \u00e0 tout moment et n&#039;importe o\u00f9 un taxi \u00e9lectrique avec drone \u00e0 Amsterdam pour votre vol en taxi a\u00e9rien \u00e9lectrique.<\/span>\n\n<!-- \/wp:post-content --><!-- wp:heading -->\n<h2>Voici quelques-uns des meilleurs avantages du taxi volant \u00e9lectrique \u00e0 Amsterdam, Pays-Bas<\/h2>\n<h3>Les taxis a\u00e9riens \u00e9lectriques \u00e0 Amsterdam gagnent du temps<\/h3>\n<!-- \/wp:heading --><!-- wp:paragraph -->\n\nAttendre un taxi \u00e0 l&#039;a\u00e9roport peut signifier de longues files d&#039;attente, principalement pendant les vacances. Mais avec les taxis volants avec drone \u00e0 Amsterdam, aux Pays-Bas, vous n&#039;avez pas \u00e0 faire la queue longtemps juste pour avoir votre propre v\u00e9hicule. Les taxis volants \u00e9lectriques \u00e0 Amsterdam peuvent \u00eatre r\u00e9serv\u00e9s en ligne via l&#039;application de taxi volant \u00e9lectrique Amsterdam, ce qui vous fait gagner plus de temps et vous permet d&#039;\u00e9viter les formalit\u00e9s administratives.\n\n<!-- \/wp:paragraph --><!-- wp:heading {\"level\":3} -->\n<h3>Les taxis volants \u00e9lectriques \u00e0 Amsterdam sont des transports publics \u00e0 grande vitesse<\/h3>\n<!-- \/wp:heading --><!-- wp:paragraph -->\n\nLe meilleur avantage des taxis a\u00e9riens \u00e9lectriques \u00e0 Amsterdam est sa grande vitesse. C&#039;est le mode de transport le plus rapide \u00e0 l&#039;avenir et c&#039;est donc le moyen le plus parfait o\u00f9 le temps est un facteur vital. Un v\u00e9hicule tout \u00e9lectrique avec une vitesse de croisi\u00e8re de 150 \u00e0 200 miles par heure, une altitude de croisi\u00e8re de 1 000 \u00e0 2 000 pieds et capable d&#039;effectuer des trajets allant jusqu&#039;\u00e0 soixante miles sur une seule charge.\n<h3>Les taxis a\u00e9riens \u00e9lectriques \u00e0 Amsterdam ont de tr\u00e8s faibles \u00e9missions de carbone<\/h3>\n<!-- \/wp:paragraph --><!-- wp:paragraph -->\n\nPr\u00e8s de quatre millions d&#039;enfants souffrent d&#039;asthme chaque ann\u00e9e \u00e0 cause de la pollution des v\u00e9hicules. Et, tout le monde sait pertinemment que les gaz \u00e0 effet de serre \u00e9mis par les v\u00e9hicules qui utilisent des carburants fossiles aggravent l&#039;impact du changement climatique et du r\u00e9chauffement climatique. Par cons\u00e9quent, la pollution des v\u00e9hicules est une grande pr\u00e9occupation. Les producteurs de taxis drones utiliseront l&#039;\u00e9lectricit\u00e9 pour alimenter leurs v\u00e9hicules. Ainsi, les taxis drones n&#039;\u00e9mettront pas de gaz \u00e0 effet de serre. Par cons\u00e9quent, ces taxis peuvent contribuer \u00e0 r\u00e9duire l&#039;impact du changement climatique. Alors r\u00e9servez votre taxi avec l&#039;aide de taxis drones dans l&#039;application Amsterdam maintenant.\n<h3>Combien co\u00fbtera un taxi volant \u00e9lectrique \u00e0 Amsterdam ?<\/h3>\n<!-- \/wp:paragraph --><!-- wp:paragraph -->\n\nAu d\u00e9part, les taxis drones \u00e0 Amsterdam co\u00fbteront environ $5,73 par passager-mile. Le prix du taxi drone \u00e0 Amsterdam chutera ensuite \u00e0 $1,85 par mile passager avant d&#039;atteindre finalement le tarif incroyable du client de $0,44 par mile. Vous pouvez facilement r\u00e9server des billets d&#039;avion en taxi a\u00e9rien via des taxis volants \u00e9lectriques dans l&#039;application Amsterdam.\n<h2>Avantages de l&#039;application de r\u00e9servation de taxi a\u00e9rien \u00e9lectrique \u00e0 Amsterdam<\/h2>\n<!-- \/wp:paragraph --><!-- wp:paragraph -->\n\nParmi ses autres avantages, la r\u00e9servation en ligne de taxi drone \u00e0 Amsterdam pourrait fournir un boom \u00e9conomique en augmentant le nombre de personnes se dirigeant vers des lieux de loisirs et de tourisme qui ne sont pas \u00e0 proximit\u00e9 des grands a\u00e9roports.\n\n<!-- \/wp:paragraph --><!-- wp:heading {\"level\":3} -->\n<h3>L&#039;application de r\u00e9servation en ligne de drone a\u00e9rien \u00e0 Amsterdam serait-elle utilis\u00e9e pour r\u00e9server des billets d&#039;avion en taxi a\u00e9rien?<\/h3>\n<!-- \/wp:heading --><!-- wp:paragraph -->\n\nOui, les clients peuvent utiliser de mani\u00e8re transparente l&#039;application de r\u00e9servation en ligne de taxi a\u00e9rien \u00e9lectrique d&#039;Amsterdam pour trouver le meilleur itin\u00e9raire et r\u00e9server un taxi volant avec drone dans les billets d&#039;avion d&#039;Amsterdam \u00e0 tout moment et n&#039;importe o\u00f9.","protected":false},"excerpt":{"rendered":"<p>Electric Amsterdam Air Taxi Booking App Electric air taxi in Amsterdam online booking app service enable users to book drone flying taxi in Amsterdam flight tickets anytime, anywhere. We are making Amsterdam air taxi booking simple, affordable and accessible for everyone. Autonomous air taxis in Amsterdam makes possible to travel cheap and fast in Netherlands. [&hellip;]<\/p>\n","protected":false},"author":1,"featured_media":13939,"parent":25621,"menu_order":0,"comment_status":"open","ping_status":"closed","template":"template-home-modern.php","meta":{"footnotes":""},"class_list":["post-10589","page","type-page","status-publish","has-post-thumbnail","hentry"],"yoast_head":"<!-- This site is optimized with the Yoast SEO plugin v27.2 - https:\/\/yoast.com\/product\/yoast-seo-wordpress\/ -->\n<title>Air Taxi in Amsterdam Booking - Flying Routes, Schedule &amp; Fares<\/title>\n<meta name=\"description\" content=\"Looking for drone air taxi in Amsterdam online booking app, routes, schedule &amp; fares? Compare air taxis flight tickets and book cheap flying taxi in Amsterdam\" \/>\n<meta name=\"robots\" content=\"index, follow, max-snippet:-1, max-image-preview:large, max-video-preview:-1\" \/>\n<link rel=\"canonical\" href=\"https:\/\/tiketi.com\/fr-fr\/volants\/taxi-aerien\/amsterdam\/\" \/>\n<meta property=\"og:locale\" content=\"fr_FR\" \/>\n<meta property=\"og:type\" content=\"article\" \/>\n<meta property=\"og:title\" content=\"Air Taxi in Amsterdam Booking - Flying Routes, Schedule &amp; Fares\" \/>\n<meta property=\"og:description\" content=\"Looking for drone air taxi in Amsterdam online booking app, routes, schedule &amp; fares? Compare air taxis flight tickets and book cheap flying taxi in Amsterdam\" \/>\n<meta property=\"og:url\" content=\"https:\/\/tiketi.com\/fr-fr\/volants\/taxi-aerien\/amsterdam\/\" \/>\n<meta property=\"og:site_name\" content=\"Tiketi.com\" \/>\n<meta property=\"article:publisher\" content=\"https:\/\/www.facebook.com\/TiketiCom\/\" \/>\n<meta property=\"article:modified_time\" content=\"2022-10-14T11:20:41+00:00\" \/>\n<meta property=\"og:image\" content=\"https:\/\/tiketi.com\/wp-content\/uploads\/2022\/01\/amsterdam-canal-5488271_128.jpg\" \/>\n\t<meta property=\"og:image:width\" content=\"1280\" \/>\n\t<meta property=\"og:image:height\" content=\"244\" \/>\n\t<meta property=\"og:image:type\" content=\"image\/jpeg\" \/>\n<meta name=\"twitter:card\" content=\"summary_large_image\" \/>\n<meta name=\"twitter:label1\" content=\"Dur\u00e9e de lecture estim\u00e9e\" \/>\n\t<meta name=\"twitter:data1\" content=\"3 minutes\" \/>\n<script type=\"application\/ld+json\" class=\"yoast-schema-graph\">{\"@context\":\"https:\/\/schema.org\",\"@graph\":[{\"@type\":\"WebPage\",\"@id\":\"https:\/\/tiketi.com\/flying\/air-taxi\/amsterdam\/\",\"url\":\"https:\/\/tiketi.com\/flying\/air-taxi\/amsterdam\/\",\"name\":\"Air Taxi in Amsterdam Booking - Flying Routes, Schedule & Fares\",\"isPartOf\":{\"@id\":\"https:\/\/tiketi.com\/#website\"},\"primaryImageOfPage\":{\"@id\":\"https:\/\/tiketi.com\/flying\/air-taxi\/amsterdam\/#primaryimage\"},\"image\":{\"@id\":\"https:\/\/tiketi.com\/flying\/air-taxi\/amsterdam\/#primaryimage\"},\"thumbnailUrl\":\"https:\/\/tiketi.com\/wp-content\/uploads\/2022\/01\/amsterdam-canal-5488271_128.jpg\",\"datePublished\":\"2022-01-19T11:53:34+00:00\",\"dateModified\":\"2022-10-14T11:20:41+00:00\",\"description\":\"Looking for drone air taxi in Amsterdam online booking app, routes, schedule & fares? Compare air taxis flight tickets and book cheap flying taxi in Amsterdam\",\"breadcrumb\":{\"@id\":\"https:\/\/tiketi.com\/flying\/air-taxi\/amsterdam\/#breadcrumb\"},\"inLanguage\":\"fr-FR\",\"potentialAction\":[{\"@type\":\"ReadAction\",\"target\":[\"https:\/\/tiketi.com\/flying\/air-taxi\/amsterdam\/\"]}]},{\"@type\":\"ImageObject\",\"inLanguage\":\"fr-FR\",\"@id\":\"https:\/\/tiketi.com\/flying\/air-taxi\/amsterdam\/#primaryimage\",\"url\":\"https:\/\/tiketi.com\/wp-content\/uploads\/2022\/01\/amsterdam-canal-5488271_128.jpg\",\"contentUrl\":\"https:\/\/tiketi.com\/wp-content\/uploads\/2022\/01\/amsterdam-canal-5488271_128.jpg\",\"width\":1280,\"height\":244,\"caption\":\"Air Taxi in Amsterdam\"},{\"@type\":\"BreadcrumbList\",\"@id\":\"https:\/\/tiketi.com\/flying\/air-taxi\/amsterdam\/#breadcrumb\",\"itemListElement\":[{\"@type\":\"ListItem\",\"position\":1,\"name\":\"Home\",\"item\":\"https:\/\/tiketi.com\/\"},{\"@type\":\"ListItem\",\"position\":2,\"name\":\"Flying\",\"item\":\"https:\/\/tiketi.com\/fr-fr\/volants\/\"},{\"@type\":\"ListItem\",\"position\":3,\"name\":\"Air Taxi\",\"item\":\"https:\/\/tiketi.com\/flying\/air-taxi\/\"},{\"@type\":\"ListItem\",\"position\":4,\"name\":\"Air Taxi in Amsterdam Booking &#8211; Flying Routes, Schedule &#038; Fares\"}]},{\"@type\":\"WebSite\",\"@id\":\"https:\/\/tiketi.com\/#website\",\"url\":\"https:\/\/tiketi.com\/\",\"name\":\"Flight & Bus Tickets, Tour Packages & Activitites - Tiketi.com\",\"description\":\"Flight &amp; Bus Tickets, Tours, Activitites\",\"publisher\":{\"@id\":\"https:\/\/tiketi.com\/#organization\"},\"potentialAction\":[{\"@type\":\"SearchAction\",\"target\":{\"@type\":\"EntryPoint\",\"urlTemplate\":\"https:\/\/tiketi.com\/?s={search_term_string}\"},\"query-input\":{\"@type\":\"PropertyValueSpecification\",\"valueRequired\":true,\"valueName\":\"search_term_string\"}}],\"inLanguage\":\"fr-FR\"},{\"@type\":\"Organization\",\"@id\":\"https:\/\/tiketi.com\/#organization\",\"name\":\"Tiketi.com\",\"alternateName\":\"Tiketi\",\"url\":\"https:\/\/tiketi.com\/\",\"logo\":{\"@type\":\"ImageObject\",\"inLanguage\":\"fr-FR\",\"@id\":\"https:\/\/tiketi.com\/#\/schema\/logo\/image\/\",\"url\":\"https:\/\/tiketi.com\/wp-content\/uploads\/2019\/05\/tiketi-logo-696.png\",\"contentUrl\":\"https:\/\/tiketi.com\/wp-content\/uploads\/2019\/05\/tiketi-logo-696.png\",\"width\":696,\"height\":696,\"caption\":\"Tiketi.com\"},\"image\":{\"@id\":\"https:\/\/tiketi.com\/#\/schema\/logo\/image\/\"},\"sameAs\":[\"https:\/\/www.facebook.com\/TiketiCom\/\"]}]}<\/script>\n<!-- \/ Yoast SEO plugin. -->","yoast_head_json":{"title":"R\u00e9servation d&#039;un taxi a\u00e9rien \u00e0 Amsterdam - Itin\u00e9raires de vol, horaires et tarifs","description":"Vous recherchez une application de r\u00e9servation en ligne, des itin\u00e9raires, des horaires et des tarifs pour un taxi a\u00e9rien avec drone \u00e0 Amsterdam\u00a0? Comparez les billets d&#039;avion des taxis a\u00e9riens et r\u00e9servez un taxi volant pas cher \u00e0 Amsterdam","robots":{"index":"index","follow":"follow","max-snippet":"max-snippet:-1","max-image-preview":"max-image-preview:large","max-video-preview":"max-video-preview:-1"},"canonical":"https:\/\/tiketi.com\/fr-fr\/volants\/taxi-aerien\/amsterdam\/","og_locale":"fr_FR","og_type":"article","og_title":"Air Taxi in Amsterdam Booking - Flying Routes, Schedule & Fares","og_description":"Looking for drone air taxi in Amsterdam online booking app, routes, schedule & fares? Compare air taxis flight tickets and book cheap flying taxi in Amsterdam","og_url":"https:\/\/tiketi.com\/fr-fr\/volants\/taxi-aerien\/amsterdam\/","og_site_name":"Tiketi.com","article_publisher":"https:\/\/www.facebook.com\/TiketiCom\/","article_modified_time":"2022-10-14T11:20:41+00:00","og_image":[{"width":1280,"height":244,"url":"https:\/\/tiketi.com\/wp-content\/uploads\/2022\/01\/amsterdam-canal-5488271_128.jpg","type":"image\/jpeg"}],"twitter_card":"summary_large_image","twitter_misc":{"Dur\u00e9e de lecture estim\u00e9e":"3 minutes"},"schema":{"@context":"https:\/\/schema.org","@graph":[{"@type":"WebPage","@id":"https:\/\/tiketi.com\/flying\/air-taxi\/amsterdam\/","url":"https:\/\/tiketi.com\/flying\/air-taxi\/amsterdam\/","name":"R\u00e9servation d&#039;un taxi a\u00e9rien \u00e0 Amsterdam - Itin\u00e9raires de vol, horaires et tarifs","isPartOf":{"@id":"https:\/\/tiketi.com\/#website"},"primaryImageOfPage":{"@id":"https:\/\/tiketi.com\/flying\/air-taxi\/amsterdam\/#primaryimage"},"image":{"@id":"https:\/\/tiketi.com\/flying\/air-taxi\/amsterdam\/#primaryimage"},"thumbnailUrl":"https:\/\/tiketi.com\/wp-content\/uploads\/2022\/01\/amsterdam-canal-5488271_128.jpg","datePublished":"2022-01-19T11:53:34+00:00","dateModified":"2022-10-14T11:20:41+00:00","description":"Vous recherchez une application de r\u00e9servation en ligne, des itin\u00e9raires, des horaires et des tarifs pour un taxi a\u00e9rien avec drone \u00e0 Amsterdam\u00a0? Comparez les billets d&#039;avion des taxis a\u00e9riens et r\u00e9servez un taxi volant pas cher \u00e0 Amsterdam","breadcrumb":{"@id":"https:\/\/tiketi.com\/flying\/air-taxi\/amsterdam\/#breadcrumb"},"inLanguage":"fr-FR","potentialAction":[{"@type":"ReadAction","target":["https:\/\/tiketi.com\/flying\/air-taxi\/amsterdam\/"]}]},{"@type":"ImageObject","inLanguage":"fr-FR","@id":"https:\/\/tiketi.com\/flying\/air-taxi\/amsterdam\/#primaryimage","url":"https:\/\/tiketi.com\/wp-content\/uploads\/2022\/01\/amsterdam-canal-5488271_128.jpg","contentUrl":"https:\/\/tiketi.com\/wp-content\/uploads\/2022\/01\/amsterdam-canal-5488271_128.jpg","width":1280,"height":244,"caption":"Air Taxi in Amsterdam"},{"@type":"BreadcrumbList","@id":"https:\/\/tiketi.com\/flying\/air-taxi\/amsterdam\/#breadcrumb","itemListElement":[{"@type":"ListItem","position":1,"name":"Home","item":"https:\/\/tiketi.com\/"},{"@type":"ListItem","position":2,"name":"Flying","item":"https:\/\/tiketi.com\/fr-fr\/volants\/"},{"@type":"ListItem","position":3,"name":"Air Taxi","item":"https:\/\/tiketi.com\/flying\/air-taxi\/"},{"@type":"ListItem","position":4,"name":"Air Taxi in Amsterdam Booking &#8211; Flying Routes, Schedule &#038; Fares"}]},{"@type":"WebSite","@id":"https:\/\/tiketi.com\/#website","url":"https:\/\/tiketi.com\/","name":"Billets d&#039;avion et de bus, forfaits touristiques et activit\u00e9s - Tiketi.com","description":"Billets d&#039;avion et de bus, Tours, Activit\u00e9s","publisher":{"@id":"https:\/\/tiketi.com\/#organization"},"potentialAction":[{"@type":"SearchAction","target":{"@type":"EntryPoint","urlTemplate":"https:\/\/tiketi.com\/?s={search_term_string}"},"query-input":{"@type":"PropertyValueSpecification","valueRequired":true,"valueName":"search_term_string"}}],"inLanguage":"fr-FR"},{"@type":"Organization","@id":"https:\/\/tiketi.com\/#organization","name":"Tiketi.com","alternateName":"Tiketi","url":"https:\/\/tiketi.com\/","logo":{"@type":"ImageObject","inLanguage":"fr-FR","@id":"https:\/\/tiketi.com\/#\/schema\/logo\/image\/","url":"https:\/\/tiketi.com\/wp-content\/uploads\/2019\/05\/tiketi-logo-696.png","contentUrl":"https:\/\/tiketi.com\/wp-content\/uploads\/2019\/05\/tiketi-logo-696.png","width":696,"height":696,"caption":"Tiketi.com"},"image":{"@id":"https:\/\/tiketi.com\/#\/schema\/logo\/image\/"},"sameAs":["https:\/\/www.facebook.com\/TiketiCom\/"]}]}},"_links":{"self":[{"href":"https:\/\/tiketi.com\/fr-fr\/wp-json\/wp\/v2\/pages\/10589","targetHints":{"allow":["GET"]}}],"collection":[{"href":"https:\/\/tiketi.com\/fr-fr\/wp-json\/wp\/v2\/pages"}],"about":[{"href":"https:\/\/tiketi.com\/fr-fr\/wp-json\/wp\/v2\/types\/page"}],"author":[{"embeddable":true,"href":"https:\/\/tiketi.com\/fr-fr\/wp-json\/wp\/v2\/users\/1"}],"replies":[{"embeddable":true,"href":"https:\/\/tiketi.com\/fr-fr\/wp-json\/wp\/v2\/comments?post=10589"}],"version-history":[{"count":0,"href":"https:\/\/tiketi.com\/fr-fr\/wp-json\/wp\/v2\/pages\/10589\/revisions"}],"up":[{"embeddable":true,"href":"https:\/\/tiketi.com\/fr-fr\/wp-json\/wp\/v2\/pages\/25621"}],"wp:featuredmedia":[{"embeddable":true,"href":"https:\/\/tiketi.com\/fr-fr\/wp-json\/wp\/v2\/media\/13939"}],"wp:attachment":[{"href":"https:\/\/tiketi.com\/fr-fr\/wp-json\/wp\/v2\/media?parent=10589"}],"curies":[{"name":"wp","href":"https:\/\/api.w.org\/{rel}","templated":true}]}}