{"id":10593,"date":"2022-01-19T12:53:34","date_gmt":"2022-01-19T11:53:34","guid":{"rendered":"https:\/\/new.tiketi.com\/vancouver-air-taxi-booking-app-electric-flying-taxis\/"},"modified":"2022-10-14T13:10:26","modified_gmt":"2022-10-14T12:10:26","slug":"vancouver","status":"publish","type":"page","link":"https:\/\/tiketi.com\/fr-fr\/volants\/taxi-aerien\/vancouver\/","title":{"rendered":"Taxi a\u00e9rien \u00e0 Vancouver R\u00e9servation - Itin\u00e9raires de vol, horaires et tarifs"},"content":{"rendered":"<h2>Application de r\u00e9servation de taxi a\u00e9rien \u00e9lectrique \u00e0 Vancouver<\/h2>\r\n<!-- \/wp:post-content -->\r\n\r\n<!-- wp:paragraph -->\r\n<p>Le service d&#039;application de r\u00e9servation en ligne de taxi a\u00e9rien \u00e9lectrique \u00e0 Vancouver permettra aux utilisateurs de r\u00e9server des billets d&#039;avion de taxi volant \u00e9lectrique \u00e0 Vancouver, qui sera bient\u00f4t lanc\u00e9 dans les grandes villes et les r\u00e9gions m\u00e9tropolitaines de Vancouver. Les taxis a\u00e9riens \u00e0 Vancouver permettent de voyager rapidement et \u00e0 bas prix en Colombie-Britannique. Vancouver est une ville portuaire de l&#039;ouest du Canada, situ\u00e9e dans la r\u00e9gion du Lower Mainland de la Colombie-Britannique. En tant que ville la plus peupl\u00e9e de la province, le recensement de 2016 a enregistr\u00e9 631 485 personnes dans la ville, contre 603 510 en 2011. La r\u00e9gion du Grand Vancouver comptait 2 465 500 habitants en 2016, ce qui en fait la 3e plus grande r\u00e9gion m\u00e9tropolitaine du Canada. Vancouver a la plus grande densit\u00e9 de population au Canada, avec plus de 5 400 personnes au kilom\u00e8tre carr\u00e9, ce qui en fait l&#039;une des villes les plus dens\u00e9ment peupl\u00e9es avec plus de 250 000 habitants en Am\u00e9rique du Nord. Comme pour tant d&#039;autres choses, vous pourrez faire \u00e0 tout moment et n&#039;importe o\u00f9 la r\u00e9servation d&#039;un taxi a\u00e9rien par drone \u00e0 Vancouver pour votre vol en taxi a\u00e9rien \u00e9lectrique.<\/p>\r\n<!-- \/wp:paragraph -->\r\n\r\n<!-- wp:heading -->\r\n<h2>Voici quelques-uns des meilleurs avantages du taxi volant \u00e9lectrique \u00e0 Vancouver, en Colombie-Britannique<\/h2>\r\n<h3>Les taxis a\u00e9riens \u00e9lectriques \u00e0 Vancouver gagnent du temps<\/h3>\r\n<!-- \/wp:heading -->\r\n\r\n<!-- wp:paragraph -->\r\n<p>Attendre un taxi \u00e0 l&#039;a\u00e9roport peut signifier de longues files d&#039;attente, principalement pendant les vacances. Mais avec les taxis drones \u00e0 Vancouver, vous n&#039;avez pas \u00e0 faire la queue longtemps juste pour avoir votre propre v\u00e9hicule. Les taxis volants \u00e0 Vancouver peuvent \u00eatre r\u00e9serv\u00e9s en ligne via l&#039;application Flying Taxi Vancouver, ce qui vous fait gagner plus de temps et vous permet d&#039;\u00e9viter les formalit\u00e9s administratives.<\/p>\r\n<!-- \/wp:paragraph -->\r\n\r\n<!-- wp:heading {\"level\":3} -->\r\n<h3>Les taxis volants par drone \u00e0 Vancouver sont des transports publics \u00e0 grande vitesse<\/h3>\r\n<!-- \/wp:heading -->\r\n\r\n<!-- wp:paragraph -->\r\n<p>Le meilleur avantage des taxis drones \u00e0 Vancouver est sa grande vitesse. C&#039;est le mode de transport le plus rapide \u00e0 l&#039;avenir et c&#039;est donc le moyen le plus parfait o\u00f9 le temps est un facteur vital. Un v\u00e9hicule tout \u00e9lectrique avec une vitesse de croisi\u00e8re de 150 \u00e0 200 miles par heure, une altitude de croisi\u00e8re de 1 000 \u00e0 2 000 pieds et capable d&#039;effectuer des trajets allant jusqu&#039;\u00e0 soixante miles sur une seule charge.<\/p>\r\n<h3>Les taxis a\u00e9riens \u00e9lectriques \u00e0 Vancouver ont de tr\u00e8s faibles \u00e9missions de carbone<\/h3>\r\n<!-- \/wp:paragraph -->\r\n\r\n<!-- wp:paragraph -->\r\n<p>Pr\u00e8s de quatre millions d&#039;enfants souffrent d&#039;asthme chaque ann\u00e9e \u00e0 cause de la pollution des v\u00e9hicules. Et, tout le monde sait pertinemment que les gaz \u00e0 effet de serre \u00e9mis par les v\u00e9hicules qui utilisent des carburants fossiles aggravent l&#039;impact du changement climatique et du r\u00e9chauffement climatique. Par cons\u00e9quent, la pollution des v\u00e9hicules est une grande pr\u00e9occupation. Les producteurs de taxis drones utiliseront l&#039;\u00e9lectricit\u00e9 pour alimenter leurs v\u00e9hicules. Ainsi, les taxis drones n&#039;\u00e9mettront pas de gaz \u00e0 effet de serre. Par cons\u00e9quent, ces taxis peuvent contribuer \u00e0 r\u00e9duire l&#039;impact du changement climatique. Alors r\u00e9servez votre taxi avec l&#039;aide de taxi volant dans l&#039;application Vancouver maintenant.<\/p>\r\n<h3>Combien co\u00fbtera un taxi volant \u00e9lectrique \u00e0 Vancouver ?<\/h3>\r\n<!-- \/wp:paragraph -->\r\n\r\n<!-- wp:paragraph -->\r\n<p>Au d\u00e9part, les taxis a\u00e9riens \u00e0 Vancouver co\u00fbteront environ $5,73 par passager-mille. Le prix du taxi volant \u00e0 Vancouver chutera ensuite \u00e0 $1,85 par mile passager avant d&#039;atteindre finalement le tarif incroyable du client de $0,44 par mile. Vous pouvez facilement r\u00e9server des billets d&#039;avion en taxi a\u00e9rien via des taxis volants \u00e9lectriques dans l&#039;application Vancouver.<\/p>\r\n<h2>Avantages de l&#039;application de r\u00e9servation de taxi a\u00e9rien \u00e9lectrique \u00e0 Vancouver<\/h2>\r\n<!-- \/wp:paragraph -->\r\n\r\n<!-- wp:paragraph -->\r\n<p>Parmi ses autres avantages, la r\u00e9servation en ligne de taxi drone \u00e0 Vancouver pourrait fournir un boom \u00e9conomique en augmentant le nombre de personnes se dirigeant vers des lieux de loisirs et de tourisme qui ne sont pas \u00e0 proximit\u00e9 des grands a\u00e9roports.<\/p>\r\n<!-- \/wp:paragraph -->\r\n\r\n<!-- wp:heading {\"level\":3} -->\r\n<h3>L&#039;application de r\u00e9servation en ligne de taxi a\u00e9rien par drone \u00e0 Vancouver serait-elle utilis\u00e9e pour r\u00e9server un vol de taxi a\u00e9rien \u00e9lectrique\u00a0?<\/h3>\r\n<!-- \/wp:heading -->\r\n\r\n<!-- wp:paragraph -->\r\n<p>Oui, les clients peuvent utiliser de mani\u00e8re transparente l&#039;application de r\u00e9servation de taxi a\u00e9rien \u00e9lectrique de Vancouver en ligne pour trouver le meilleur itin\u00e9raire et r\u00e9server un taxi volant avec drone dans les billets d&#039;avion de Vancouver \u00e0 tout moment et n&#039;importe o\u00f9.<\/p>","protected":false},"excerpt":{"rendered":"<p>Electric Vancouver air taxi booking app Electric air taxi in Vancouver online booking app service will enable users to book electric flying taxi in Vancouver flight tickets, launching in major cities and metropolitan areas in Vancouver soon. Air taxis in Vancouver makes possible to travel cheap and fast in British Columbia. Vancouver is a seaport [&hellip;]<\/p>\n","protected":false},"author":1,"featured_media":16469,"parent":25621,"menu_order":0,"comment_status":"open","ping_status":"closed","template":"template-home-modern.php","meta":{"footnotes":""},"class_list":["post-10593","page","type-page","status-publish","has-post-thumbnail","hentry"],"yoast_head":"<!-- This site is optimized with the Yoast SEO plugin v27.3 - https:\/\/yoast.com\/product\/yoast-seo-wordpress\/ -->\n<title>Air Taxi in Vancouver Booking - Flying Routes, Schedule &amp; Fares<\/title>\n<meta name=\"description\" content=\"Looking for drone air taxi in Vancouver online booking app, routes, schedule &amp; fares? Compare air taxis flight tickets and book cheap flying taxi in Vancouver\" \/>\n<meta name=\"robots\" content=\"index, follow, max-snippet:-1, max-image-preview:large, max-video-preview:-1\" \/>\n<link rel=\"canonical\" href=\"https:\/\/tiketi.com\/fr-fr\/volants\/taxi-aerien\/vancouver\/\" \/>\n<meta property=\"og:locale\" content=\"fr_FR\" \/>\n<meta property=\"og:type\" content=\"article\" \/>\n<meta property=\"og:title\" content=\"Air Taxi in Vancouver Booking - Flying Routes, Schedule &amp; Fares\" \/>\n<meta property=\"og:description\" content=\"Looking for drone air taxi in Vancouver online booking app, routes, schedule &amp; fares? Compare air taxis flight tickets and book cheap flying taxi in Vancouver\" \/>\n<meta property=\"og:url\" content=\"https:\/\/tiketi.com\/fr-fr\/volants\/taxi-aerien\/vancouver\/\" \/>\n<meta property=\"og:site_name\" content=\"Tiketi.com\" \/>\n<meta property=\"article:publisher\" content=\"https:\/\/www.facebook.com\/TiketiCom\/\" \/>\n<meta property=\"article:modified_time\" content=\"2022-10-14T12:10:26+00:00\" \/>\n<meta property=\"og:image\" content=\"https:\/\/tiketi.com\/wp-content\/uploads\/2022\/02\/vancouver-bay-3009150_1280.jpg\" \/>\n\t<meta property=\"og:image:width\" content=\"1200\" \/>\n\t<meta property=\"og:image:height\" content=\"200\" \/>\n\t<meta property=\"og:image:type\" content=\"image\/jpeg\" \/>\n<meta name=\"twitter:card\" content=\"summary_large_image\" \/>\n<meta name=\"twitter:label1\" content=\"Dur\u00e9e de lecture estim\u00e9e\" \/>\n\t<meta name=\"twitter:data1\" content=\"3 minutes\" \/>\n<script type=\"application\/ld+json\" class=\"yoast-schema-graph\">{\"@context\":\"https:\\\/\\\/schema.org\",\"@graph\":[{\"@type\":\"WebPage\",\"@id\":\"https:\\\/\\\/tiketi.com\\\/flying\\\/air-taxi\\\/vancouver\\\/\",\"url\":\"https:\\\/\\\/tiketi.com\\\/flying\\\/air-taxi\\\/vancouver\\\/\",\"name\":\"Air Taxi in Vancouver Booking - Flying Routes, Schedule & Fares\",\"isPartOf\":{\"@id\":\"https:\\\/\\\/tiketi.com\\\/#website\"},\"primaryImageOfPage\":{\"@id\":\"https:\\\/\\\/tiketi.com\\\/flying\\\/air-taxi\\\/vancouver\\\/#primaryimage\"},\"image\":{\"@id\":\"https:\\\/\\\/tiketi.com\\\/flying\\\/air-taxi\\\/vancouver\\\/#primaryimage\"},\"thumbnailUrl\":\"https:\\\/\\\/tiketi.com\\\/wp-content\\\/uploads\\\/2022\\\/02\\\/vancouver-bay-3009150_1280.jpg\",\"datePublished\":\"2022-01-19T11:53:34+00:00\",\"dateModified\":\"2022-10-14T12:10:26+00:00\",\"description\":\"Looking for drone air taxi in Vancouver online booking app, routes, schedule & fares? Compare air taxis flight tickets and book cheap flying taxi in Vancouver\",\"breadcrumb\":{\"@id\":\"https:\\\/\\\/tiketi.com\\\/flying\\\/air-taxi\\\/vancouver\\\/#breadcrumb\"},\"inLanguage\":\"fr-FR\",\"potentialAction\":[{\"@type\":\"ReadAction\",\"target\":[\"https:\\\/\\\/tiketi.com\\\/flying\\\/air-taxi\\\/vancouver\\\/\"]}]},{\"@type\":\"ImageObject\",\"inLanguage\":\"fr-FR\",\"@id\":\"https:\\\/\\\/tiketi.com\\\/flying\\\/air-taxi\\\/vancouver\\\/#primaryimage\",\"url\":\"https:\\\/\\\/tiketi.com\\\/wp-content\\\/uploads\\\/2022\\\/02\\\/vancouver-bay-3009150_1280.jpg\",\"contentUrl\":\"https:\\\/\\\/tiketi.com\\\/wp-content\\\/uploads\\\/2022\\\/02\\\/vancouver-bay-3009150_1280.jpg\",\"width\":1200,\"height\":200,\"caption\":\"Air Taxi in Vancouver Online Booking\"},{\"@type\":\"BreadcrumbList\",\"@id\":\"https:\\\/\\\/tiketi.com\\\/flying\\\/air-taxi\\\/vancouver\\\/#breadcrumb\",\"itemListElement\":[{\"@type\":\"ListItem\",\"position\":1,\"name\":\"Home\",\"item\":\"https:\\\/\\\/tiketi.com\\\/\"},{\"@type\":\"ListItem\",\"position\":2,\"name\":\"Flying\",\"item\":\"https:\\\/\\\/tiketi.com\\\/fr-fr\\\/volants\\\/\"},{\"@type\":\"ListItem\",\"position\":3,\"name\":\"Air Taxi\",\"item\":\"https:\\\/\\\/tiketi.com\\\/flying\\\/air-taxi\\\/\"},{\"@type\":\"ListItem\",\"position\":4,\"name\":\"Air Taxi in Vancouver Booking &#8211; Flying Routes, Schedule &#038; Fares\"}]},{\"@type\":\"WebSite\",\"@id\":\"https:\\\/\\\/tiketi.com\\\/#website\",\"url\":\"https:\\\/\\\/tiketi.com\\\/\",\"name\":\"Flight & Bus Tickets, Tour Packages & Activitites - Tiketi.com\",\"description\":\"Flight &amp; Bus Tickets, Tours, Activitites\",\"publisher\":{\"@id\":\"https:\\\/\\\/tiketi.com\\\/#organization\"},\"potentialAction\":[{\"@type\":\"SearchAction\",\"target\":{\"@type\":\"EntryPoint\",\"urlTemplate\":\"https:\\\/\\\/tiketi.com\\\/?s={search_term_string}\"},\"query-input\":{\"@type\":\"PropertyValueSpecification\",\"valueRequired\":true,\"valueName\":\"search_term_string\"}}],\"inLanguage\":\"fr-FR\"},{\"@type\":\"Organization\",\"@id\":\"https:\\\/\\\/tiketi.com\\\/#organization\",\"name\":\"Tiketi.com\",\"alternateName\":\"Tiketi\",\"url\":\"https:\\\/\\\/tiketi.com\\\/\",\"logo\":{\"@type\":\"ImageObject\",\"inLanguage\":\"fr-FR\",\"@id\":\"https:\\\/\\\/tiketi.com\\\/#\\\/schema\\\/logo\\\/image\\\/\",\"url\":\"https:\\\/\\\/tiketi.com\\\/wp-content\\\/uploads\\\/2019\\\/05\\\/tiketi-logo-696.png\",\"contentUrl\":\"https:\\\/\\\/tiketi.com\\\/wp-content\\\/uploads\\\/2019\\\/05\\\/tiketi-logo-696.png\",\"width\":696,\"height\":696,\"caption\":\"Tiketi.com\"},\"image\":{\"@id\":\"https:\\\/\\\/tiketi.com\\\/#\\\/schema\\\/logo\\\/image\\\/\"},\"sameAs\":[\"https:\\\/\\\/www.facebook.com\\\/TiketiCom\\\/\"]}]}<\/script>\n<!-- \/ Yoast SEO plugin. -->","yoast_head_json":{"title":"R\u00e9servation de taxi a\u00e9rien \u00e0 Vancouver - Itin\u00e9raires de vol, horaires et tarifs","description":"Vous recherchez une application de r\u00e9servation en ligne de taxi a\u00e9rien drone \u00e0 Vancouver, des itin\u00e9raires, des horaires et des tarifs\u00a0? Comparez les billets d&#039;avion des taxis a\u00e9riens et r\u00e9servez un taxi volant pas cher \u00e0 Vancouver","robots":{"index":"index","follow":"follow","max-snippet":"max-snippet:-1","max-image-preview":"max-image-preview:large","max-video-preview":"max-video-preview:-1"},"canonical":"https:\/\/tiketi.com\/fr-fr\/volants\/taxi-aerien\/vancouver\/","og_locale":"fr_FR","og_type":"article","og_title":"Air Taxi in Vancouver Booking - Flying Routes, Schedule & Fares","og_description":"Looking for drone air taxi in Vancouver online booking app, routes, schedule & fares? Compare air taxis flight tickets and book cheap flying taxi in Vancouver","og_url":"https:\/\/tiketi.com\/fr-fr\/volants\/taxi-aerien\/vancouver\/","og_site_name":"Tiketi.com","article_publisher":"https:\/\/www.facebook.com\/TiketiCom\/","article_modified_time":"2022-10-14T12:10:26+00:00","og_image":[{"width":1200,"height":200,"url":"https:\/\/tiketi.com\/wp-content\/uploads\/2022\/02\/vancouver-bay-3009150_1280.jpg","type":"image\/jpeg"}],"twitter_card":"summary_large_image","twitter_misc":{"Dur\u00e9e de lecture estim\u00e9e":"3 minutes"},"schema":{"@context":"https:\/\/schema.org","@graph":[{"@type":"WebPage","@id":"https:\/\/tiketi.com\/flying\/air-taxi\/vancouver\/","url":"https:\/\/tiketi.com\/flying\/air-taxi\/vancouver\/","name":"R\u00e9servation de taxi a\u00e9rien \u00e0 Vancouver - Itin\u00e9raires de vol, horaires et tarifs","isPartOf":{"@id":"https:\/\/tiketi.com\/#website"},"primaryImageOfPage":{"@id":"https:\/\/tiketi.com\/flying\/air-taxi\/vancouver\/#primaryimage"},"image":{"@id":"https:\/\/tiketi.com\/flying\/air-taxi\/vancouver\/#primaryimage"},"thumbnailUrl":"https:\/\/tiketi.com\/wp-content\/uploads\/2022\/02\/vancouver-bay-3009150_1280.jpg","datePublished":"2022-01-19T11:53:34+00:00","dateModified":"2022-10-14T12:10:26+00:00","description":"Vous recherchez une application de r\u00e9servation en ligne de taxi a\u00e9rien drone \u00e0 Vancouver, des itin\u00e9raires, des horaires et des tarifs\u00a0? Comparez les billets d&#039;avion des taxis a\u00e9riens et r\u00e9servez un taxi volant pas cher \u00e0 Vancouver","breadcrumb":{"@id":"https:\/\/tiketi.com\/flying\/air-taxi\/vancouver\/#breadcrumb"},"inLanguage":"fr-FR","potentialAction":[{"@type":"ReadAction","target":["https:\/\/tiketi.com\/flying\/air-taxi\/vancouver\/"]}]},{"@type":"ImageObject","inLanguage":"fr-FR","@id":"https:\/\/tiketi.com\/flying\/air-taxi\/vancouver\/#primaryimage","url":"https:\/\/tiketi.com\/wp-content\/uploads\/2022\/02\/vancouver-bay-3009150_1280.jpg","contentUrl":"https:\/\/tiketi.com\/wp-content\/uploads\/2022\/02\/vancouver-bay-3009150_1280.jpg","width":1200,"height":200,"caption":"Air Taxi in Vancouver Online Booking"},{"@type":"BreadcrumbList","@id":"https:\/\/tiketi.com\/flying\/air-taxi\/vancouver\/#breadcrumb","itemListElement":[{"@type":"ListItem","position":1,"name":"Home","item":"https:\/\/tiketi.com\/"},{"@type":"ListItem","position":2,"name":"Flying","item":"https:\/\/tiketi.com\/fr-fr\/volants\/"},{"@type":"ListItem","position":3,"name":"Air Taxi","item":"https:\/\/tiketi.com\/flying\/air-taxi\/"},{"@type":"ListItem","position":4,"name":"Air Taxi in Vancouver Booking &#8211; Flying Routes, Schedule &#038; Fares"}]},{"@type":"WebSite","@id":"https:\/\/tiketi.com\/#website","url":"https:\/\/tiketi.com\/","name":"Billets d&#039;avion et de bus, forfaits touristiques et activit\u00e9s - Tiketi.com","description":"Billets d&#039;avion et de bus, Tours, Activit\u00e9s","publisher":{"@id":"https:\/\/tiketi.com\/#organization"},"potentialAction":[{"@type":"SearchAction","target":{"@type":"EntryPoint","urlTemplate":"https:\/\/tiketi.com\/?s={search_term_string}"},"query-input":{"@type":"PropertyValueSpecification","valueRequired":true,"valueName":"search_term_string"}}],"inLanguage":"fr-FR"},{"@type":"Organization","@id":"https:\/\/tiketi.com\/#organization","name":"Tiketi.com","alternateName":"Tiketi","url":"https:\/\/tiketi.com\/","logo":{"@type":"ImageObject","inLanguage":"fr-FR","@id":"https:\/\/tiketi.com\/#\/schema\/logo\/image\/","url":"https:\/\/tiketi.com\/wp-content\/uploads\/2019\/05\/tiketi-logo-696.png","contentUrl":"https:\/\/tiketi.com\/wp-content\/uploads\/2019\/05\/tiketi-logo-696.png","width":696,"height":696,"caption":"Tiketi.com"},"image":{"@id":"https:\/\/tiketi.com\/#\/schema\/logo\/image\/"},"sameAs":["https:\/\/www.facebook.com\/TiketiCom\/"]}]}},"_links":{"self":[{"href":"https:\/\/tiketi.com\/fr-fr\/wp-json\/wp\/v2\/pages\/10593","targetHints":{"allow":["GET"]}}],"collection":[{"href":"https:\/\/tiketi.com\/fr-fr\/wp-json\/wp\/v2\/pages"}],"about":[{"href":"https:\/\/tiketi.com\/fr-fr\/wp-json\/wp\/v2\/types\/page"}],"author":[{"embeddable":true,"href":"https:\/\/tiketi.com\/fr-fr\/wp-json\/wp\/v2\/users\/1"}],"replies":[{"embeddable":true,"href":"https:\/\/tiketi.com\/fr-fr\/wp-json\/wp\/v2\/comments?post=10593"}],"version-history":[{"count":0,"href":"https:\/\/tiketi.com\/fr-fr\/wp-json\/wp\/v2\/pages\/10593\/revisions"}],"up":[{"embeddable":true,"href":"https:\/\/tiketi.com\/fr-fr\/wp-json\/wp\/v2\/pages\/25621"}],"wp:featuredmedia":[{"embeddable":true,"href":"https:\/\/tiketi.com\/fr-fr\/wp-json\/wp\/v2\/media\/16469"}],"wp:attachment":[{"href":"https:\/\/tiketi.com\/fr-fr\/wp-json\/wp\/v2\/media?parent=10593"}],"curies":[{"name":"wp","href":"https:\/\/api.w.org\/{rel}","templated":true}]}}