{"id":10594,"date":"2022-01-19T12:53:34","date_gmt":"2022-01-19T11:53:34","guid":{"rendered":"https:\/\/new.tiketi.com\/osaka-air-taxi-booking-app-electric-flying-taxis\/"},"modified":"2023-09-26T07:41:02","modified_gmt":"2023-09-26T06:41:02","slug":"osaka","status":"publish","type":"page","link":"https:\/\/tiketi.com\/fr-fr\/volants\/taxi-aerien\/osaka\/","title":{"rendered":"R\u00e9servation de taxi a\u00e9rien \u00e0 Osaka \u2013 Itin\u00e9raires, horaires et tarifs des taxis volants"},"content":{"rendered":"<h2>Application de r\u00e9servation en ligne de taxi a\u00e9rien \u00e9lectrique d&#039;Osaka<\/h2>\n<!-- \/wp:post-content -->\n\n<!-- wp:paragraph -->\n\nLe service d&#039;application de r\u00e9servation en ligne de taxi a\u00e9rien \u00e9lectrique \u00e0 Osaka permet aux utilisateurs de r\u00e9server un taxi volant \u00e9lectrique \u00e0 Osaka. Les taxis a\u00e9riens autonomes \u00e0 Osaka permettent de voyager rapidement et \u00e0 moindre co\u00fbt \u00e0 Honshu. Osaka est la capitale de l&#039;ouest du Japon et la deuxi\u00e8me plus grande ville m\u00e9tropolitaine du Japon apr\u00e8s Osaka. C&#039;est l&#039;un des lieux touristiques les plus c\u00e9l\u00e8bres du Japon, attirant des visiteurs du monde entier. Avec Kyoto et Osaka, Osaka est l&#039;une des 3 villes incontournables du Japon pour tout visiteur au Japon. Il existe d&#039;innombrables attractions touristiques \u00e0 Osaka, notamment une cuisine locale savoureuse, des rues commer\u00e7antes branch\u00e9es, des quartiers remarquables \u00e9clair\u00e9s par des n\u00e9ons, des gratte-ciel modernes, le plus grand parc d&#039;attractions et bien plus encore. La culture particuli\u00e8re et les habitants sympathiques sont \u00e9galement deux points \u00e9tonnants qui conf\u00e8rent \u00e0 la ville une charte distinctive pas comme les autres. Comme pour bien d&#039;autres choses, vous pourrez effectuer \u00e0 tout moment et en tout lieu une r\u00e9servation en ligne de taxi a\u00e9rien par drone Osaka pour votre vol de taxi a\u00e9rien \u00e9lectrique.\n\n<!-- \/wp:paragraph -->\n\n<!-- wp:heading -->\n<h2>Voici quelques-uns des meilleurs avantages du taxi volant \u00e9lectrique \u00e0 Osaka, Honshu<\/h2>\n<h3>Les taxis volants \u00e9lectriques \u00e0 Osaka vont totalement changer l&#039;avenir<\/h3>\n<!-- \/wp:heading -->\n\n<!-- wp:paragraph -->\n\nPour ceux qui r\u00eavent de l&#039;avenir, des d\u00e9fis difficiles sont en route. Mais de nouveaux syst\u00e8mes et technologies sont \u00e9galement d\u00e9velopp\u00e9s pour les r\u00e9soudre, explorant des horizons qui sont nouveaux pour la plupart d&#039;entre nous, mais qui changeront notre fa\u00e7on de vivre \u00e0 l&#039;avenir. Le d\u00e9veloppement de l&#039;infrastructure qui permettra le fonctionnement s\u00fbr d&#039;un tel syst\u00e8me est aussi vital que le d\u00e9veloppement des taxis a\u00e9riens \u00e0 Osaka.\n<h3>Quelle est la vitesse des taxis a\u00e9riens \u00e0 Osaka ?<\/h3>\n<!-- \/wp:paragraph -->\n\n<!-- wp:paragraph -->\n\nL&#039;avion Archers eVTOL, nomm\u00e9 Maker, sera capable de parcourir une distance allant jusqu&#039;\u00e0 soixante miles \u00e0 des vitesses proches de 150 mph. En plus de soulager les embouteillages au sol, les taxis volants de l&#039;engin \u00e0 moteur d&#039;Osaka ne g\u00e9n\u00e9reront aucune \u00e9mission et auront une empreinte sonore de seulement 45 dba, se fondant dans les sons des quartiers r\u00e9sidentiels.\n\n<!-- \/wp:paragraph -->\n\n<!-- wp:heading {\"level\":3} -->\n<h3>Les taxis a\u00e9riens \u00e9lectriques \u00e0 Osaka sont-ils l&#039;avenir ?<\/h3>\n<!-- \/wp:heading -->\n\n<!-- wp:paragraph -->\n\nPour ceux d&#039;entre nous qui ont grandi en regardant Retour vers le futur et Les Jetsons, les taxis a\u00e9riens drones \u00e0 Osaka sont dans nos r\u00eaves depuis longtemps comme un avenir possible un jour. Avec des rues aussi encombr\u00e9es que les grandes villes, beaucoup esp\u00e8rent que les drones et les taxis \u00e0 Osaka seront la solution au probl\u00e8me, mais beaucoup se demandent s&#039;il s&#039;agit d&#039;une solution r\u00e9aliste ou si cela augmenterait simplement les niveaux de pollution et de bruit dans les villes.\n<h3>Combien co\u00fbtera un taxi volant \u00e9lectrique \u00e0 Osaka ?<\/h3>\n<!-- \/wp:paragraph -->\n\n<!-- wp:paragraph -->\n\nInitialement, les taxis a\u00e9riens par drones \u00e0 Osaka co\u00fbteront environ $5,73 par passager-mile. Le prix du taxi a\u00e9rien \u00e0 Osaka chutera ensuite \u00e0 $1,85 par passager-mile avant de finalement atteindre le tarif incroyable de $0,44 par mile pour le client. Vous pouvez facilement r\u00e9server un taxi a\u00e9rien via des taxis volants \u00e9lectriques dans l&#039;application Osaka.\n<h2>Avantages du taxi a\u00e9rien \u00e9lectrique \u00e0 Osaka dans l&#039;application de r\u00e9servation en ligne<\/h2>\n<!-- \/wp:paragraph -->\n\n<!-- wp:paragraph -->\n\nParmi ses autres avantages, la r\u00e9servation en ligne de taxi drone \u00e0 Osaka pourrait fournir un boom \u00e9conomique en augmentant le nombre de personnes se dirigeant vers des lieux de loisirs et de tourisme qui ne sont pas \u00e0 proximit\u00e9 des grands a\u00e9roports.\n\n<!-- \/wp:paragraph -->\n\n<!-- wp:heading {\"level\":3} -->\n<h3>L&#039;application de r\u00e9servation en ligne de taxi a\u00e9rien d&#039;Osaka par drone serait-elle utilis\u00e9e pour r\u00e9server des billets d&#039;avion de taxi a\u00e9rien \u00e9lectrique\u00a0?<\/h3>\n<!-- \/wp:heading -->\n\n<!-- wp:paragraph -->\n\nOui, les clients peuvent utiliser en toute transparence l&#039;application de r\u00e9servation de taxi a\u00e9rien \u00e9lectrique d&#039;Osaka en ligne pour trouver le meilleur itin\u00e9raire et r\u00e9server un taxi volant \u00e0 Osaka \u00e0 tout moment et n&#039;importe o\u00f9.","protected":false},"excerpt":{"rendered":"<p>Electric Osaka Air Taxi Online Booking app Electric air taxi in Osaka online booking app service enable users to book electric flying taxi in Osaka. Autonomous air taxis in Osaka makes possible to travel cheap and fast in Honshu. Osaka is the capital city of Western Japan, and the second biggest metropolitan city in Japan [&hellip;]<\/p>\n","protected":false},"author":1,"featured_media":20912,"parent":25621,"menu_order":0,"comment_status":"open","ping_status":"closed","template":"template-home-modern.php","meta":{"footnotes":""},"class_list":["post-10594","page","type-page","status-publish","has-post-thumbnail","hentry"],"yoast_head":"<!-- This site is optimized with the Yoast SEO plugin v27.3 - https:\/\/yoast.com\/product\/yoast-seo-wordpress\/ -->\n<title>Air Taxi in Osaka Booking - Flying Taxis Routes, Schedule &amp; Fares<\/title>\n<meta name=\"description\" content=\"Looking for drone air taxi in Osaka online booking app, routes, schedule &amp; fares? Compare air taxis flight tickets and book cheap flying taxi in Osaka\" \/>\n<meta name=\"robots\" content=\"index, follow, max-snippet:-1, max-image-preview:large, max-video-preview:-1\" \/>\n<link rel=\"canonical\" href=\"https:\/\/tiketi.com\/fr-fr\/volants\/taxi-aerien\/osaka\/\" \/>\n<meta property=\"og:locale\" content=\"fr_FR\" \/>\n<meta property=\"og:type\" content=\"article\" \/>\n<meta property=\"og:title\" content=\"Air Taxi in Osaka Booking - Flying Taxis Routes, Schedule &amp; Fares\" \/>\n<meta property=\"og:description\" content=\"Looking for drone air taxi in Osaka online booking app, routes, schedule &amp; fares? Compare air taxis flight tickets and book cheap flying taxi in Osaka\" \/>\n<meta property=\"og:url\" content=\"https:\/\/tiketi.com\/fr-fr\/volants\/taxi-aerien\/osaka\/\" \/>\n<meta property=\"og:site_name\" content=\"Tiketi.com\" \/>\n<meta property=\"article:publisher\" content=\"https:\/\/www.facebook.com\/TiketiCom\/\" \/>\n<meta property=\"article:modified_time\" content=\"2023-09-26T06:41:02+00:00\" \/>\n<meta property=\"og:image\" content=\"https:\/\/tiketi.com\/wp-content\/uploads\/2019\/05\/osaka-port-2281899_1280.jpg\" \/>\n\t<meta property=\"og:image:width\" content=\"1200\" \/>\n\t<meta property=\"og:image:height\" content=\"200\" \/>\n\t<meta property=\"og:image:type\" content=\"image\/jpeg\" \/>\n<meta name=\"twitter:card\" content=\"summary_large_image\" \/>\n<meta name=\"twitter:label1\" content=\"Dur\u00e9e de lecture estim\u00e9e\" \/>\n\t<meta name=\"twitter:data1\" content=\"3 minutes\" \/>\n<script type=\"application\/ld+json\" class=\"yoast-schema-graph\">{\"@context\":\"https:\\\/\\\/schema.org\",\"@graph\":[{\"@type\":\"WebPage\",\"@id\":\"https:\\\/\\\/tiketi.com\\\/flying\\\/air-taxi\\\/osaka\\\/\",\"url\":\"https:\\\/\\\/tiketi.com\\\/flying\\\/air-taxi\\\/osaka\\\/\",\"name\":\"Air Taxi in Osaka Booking - Flying Taxis Routes, Schedule & Fares\",\"isPartOf\":{\"@id\":\"https:\\\/\\\/tiketi.com\\\/#website\"},\"primaryImageOfPage\":{\"@id\":\"https:\\\/\\\/tiketi.com\\\/flying\\\/air-taxi\\\/osaka\\\/#primaryimage\"},\"image\":{\"@id\":\"https:\\\/\\\/tiketi.com\\\/flying\\\/air-taxi\\\/osaka\\\/#primaryimage\"},\"thumbnailUrl\":\"https:\\\/\\\/tiketi.com\\\/wp-content\\\/uploads\\\/2019\\\/05\\\/osaka-port-2281899_1280.jpg\",\"datePublished\":\"2022-01-19T11:53:34+00:00\",\"dateModified\":\"2023-09-26T06:41:02+00:00\",\"description\":\"Looking for drone air taxi in Osaka online booking app, routes, schedule & fares? Compare air taxis flight tickets and book cheap flying taxi in Osaka\",\"breadcrumb\":{\"@id\":\"https:\\\/\\\/tiketi.com\\\/flying\\\/air-taxi\\\/osaka\\\/#breadcrumb\"},\"inLanguage\":\"fr-FR\",\"potentialAction\":[{\"@type\":\"ReadAction\",\"target\":[\"https:\\\/\\\/tiketi.com\\\/flying\\\/air-taxi\\\/osaka\\\/\"]}]},{\"@type\":\"ImageObject\",\"inLanguage\":\"fr-FR\",\"@id\":\"https:\\\/\\\/tiketi.com\\\/flying\\\/air-taxi\\\/osaka\\\/#primaryimage\",\"url\":\"https:\\\/\\\/tiketi.com\\\/wp-content\\\/uploads\\\/2019\\\/05\\\/osaka-port-2281899_1280.jpg\",\"contentUrl\":\"https:\\\/\\\/tiketi.com\\\/wp-content\\\/uploads\\\/2019\\\/05\\\/osaka-port-2281899_1280.jpg\",\"width\":1200,\"height\":200,\"caption\":\"Air Taxi in Osaka\"},{\"@type\":\"BreadcrumbList\",\"@id\":\"https:\\\/\\\/tiketi.com\\\/flying\\\/air-taxi\\\/osaka\\\/#breadcrumb\",\"itemListElement\":[{\"@type\":\"ListItem\",\"position\":1,\"name\":\"Home\",\"item\":\"https:\\\/\\\/tiketi.com\\\/\"},{\"@type\":\"ListItem\",\"position\":2,\"name\":\"Flying\",\"item\":\"https:\\\/\\\/tiketi.com\\\/fr-fr\\\/volants\\\/\"},{\"@type\":\"ListItem\",\"position\":3,\"name\":\"Air Taxi\",\"item\":\"https:\\\/\\\/tiketi.com\\\/flying\\\/air-taxi\\\/\"},{\"@type\":\"ListItem\",\"position\":4,\"name\":\"Air Taxi in Osaka Booking &#8211; Flying Taxis Routes, Schedule &amp; Fares\"}]},{\"@type\":\"WebSite\",\"@id\":\"https:\\\/\\\/tiketi.com\\\/#website\",\"url\":\"https:\\\/\\\/tiketi.com\\\/\",\"name\":\"Flight & Bus Tickets, Tour Packages & Activitites - Tiketi.com\",\"description\":\"Flight &amp; Bus Tickets, Tours, Activitites\",\"publisher\":{\"@id\":\"https:\\\/\\\/tiketi.com\\\/#organization\"},\"potentialAction\":[{\"@type\":\"SearchAction\",\"target\":{\"@type\":\"EntryPoint\",\"urlTemplate\":\"https:\\\/\\\/tiketi.com\\\/?s={search_term_string}\"},\"query-input\":{\"@type\":\"PropertyValueSpecification\",\"valueRequired\":true,\"valueName\":\"search_term_string\"}}],\"inLanguage\":\"fr-FR\"},{\"@type\":\"Organization\",\"@id\":\"https:\\\/\\\/tiketi.com\\\/#organization\",\"name\":\"Tiketi.com\",\"alternateName\":\"Tiketi\",\"url\":\"https:\\\/\\\/tiketi.com\\\/\",\"logo\":{\"@type\":\"ImageObject\",\"inLanguage\":\"fr-FR\",\"@id\":\"https:\\\/\\\/tiketi.com\\\/#\\\/schema\\\/logo\\\/image\\\/\",\"url\":\"https:\\\/\\\/tiketi.com\\\/wp-content\\\/uploads\\\/2019\\\/05\\\/tiketi-logo-696.png\",\"contentUrl\":\"https:\\\/\\\/tiketi.com\\\/wp-content\\\/uploads\\\/2019\\\/05\\\/tiketi-logo-696.png\",\"width\":696,\"height\":696,\"caption\":\"Tiketi.com\"},\"image\":{\"@id\":\"https:\\\/\\\/tiketi.com\\\/#\\\/schema\\\/logo\\\/image\\\/\"},\"sameAs\":[\"https:\\\/\\\/www.facebook.com\\\/TiketiCom\\\/\"]}]}<\/script>\n<!-- \/ Yoast SEO plugin. -->","yoast_head_json":{"title":"R\u00e9servation de taxi a\u00e9rien \u00e0 Osaka - Itin\u00e9raires, horaires et tarifs des taxis volants","description":"Vous recherchez un taxi a\u00e9rien par drone \u00e0 Osaka, une application de r\u00e9servation en ligne, des itin\u00e9raires, des horaires et des tarifs\u00a0? Comparez les billets d&#039;avion des taxis a\u00e9riens et r\u00e9servez un taxi volant pas cher \u00e0 Osaka","robots":{"index":"index","follow":"follow","max-snippet":"max-snippet:-1","max-image-preview":"max-image-preview:large","max-video-preview":"max-video-preview:-1"},"canonical":"https:\/\/tiketi.com\/fr-fr\/volants\/taxi-aerien\/osaka\/","og_locale":"fr_FR","og_type":"article","og_title":"Air Taxi in Osaka Booking - Flying Taxis Routes, Schedule & Fares","og_description":"Looking for drone air taxi in Osaka online booking app, routes, schedule & fares? Compare air taxis flight tickets and book cheap flying taxi in Osaka","og_url":"https:\/\/tiketi.com\/fr-fr\/volants\/taxi-aerien\/osaka\/","og_site_name":"Tiketi.com","article_publisher":"https:\/\/www.facebook.com\/TiketiCom\/","article_modified_time":"2023-09-26T06:41:02+00:00","og_image":[{"width":1200,"height":200,"url":"https:\/\/tiketi.com\/wp-content\/uploads\/2019\/05\/osaka-port-2281899_1280.jpg","type":"image\/jpeg"}],"twitter_card":"summary_large_image","twitter_misc":{"Dur\u00e9e de lecture estim\u00e9e":"3 minutes"},"schema":{"@context":"https:\/\/schema.org","@graph":[{"@type":"WebPage","@id":"https:\/\/tiketi.com\/flying\/air-taxi\/osaka\/","url":"https:\/\/tiketi.com\/flying\/air-taxi\/osaka\/","name":"R\u00e9servation de taxi a\u00e9rien \u00e0 Osaka - Itin\u00e9raires, horaires et tarifs des taxis volants","isPartOf":{"@id":"https:\/\/tiketi.com\/#website"},"primaryImageOfPage":{"@id":"https:\/\/tiketi.com\/flying\/air-taxi\/osaka\/#primaryimage"},"image":{"@id":"https:\/\/tiketi.com\/flying\/air-taxi\/osaka\/#primaryimage"},"thumbnailUrl":"https:\/\/tiketi.com\/wp-content\/uploads\/2019\/05\/osaka-port-2281899_1280.jpg","datePublished":"2022-01-19T11:53:34+00:00","dateModified":"2023-09-26T06:41:02+00:00","description":"Vous recherchez un taxi a\u00e9rien par drone \u00e0 Osaka, une application de r\u00e9servation en ligne, des itin\u00e9raires, des horaires et des tarifs\u00a0? Comparez les billets d&#039;avion des taxis a\u00e9riens et r\u00e9servez un taxi volant pas cher \u00e0 Osaka","breadcrumb":{"@id":"https:\/\/tiketi.com\/flying\/air-taxi\/osaka\/#breadcrumb"},"inLanguage":"fr-FR","potentialAction":[{"@type":"ReadAction","target":["https:\/\/tiketi.com\/flying\/air-taxi\/osaka\/"]}]},{"@type":"ImageObject","inLanguage":"fr-FR","@id":"https:\/\/tiketi.com\/flying\/air-taxi\/osaka\/#primaryimage","url":"https:\/\/tiketi.com\/wp-content\/uploads\/2019\/05\/osaka-port-2281899_1280.jpg","contentUrl":"https:\/\/tiketi.com\/wp-content\/uploads\/2019\/05\/osaka-port-2281899_1280.jpg","width":1200,"height":200,"caption":"Air Taxi in Osaka"},{"@type":"BreadcrumbList","@id":"https:\/\/tiketi.com\/flying\/air-taxi\/osaka\/#breadcrumb","itemListElement":[{"@type":"ListItem","position":1,"name":"Home","item":"https:\/\/tiketi.com\/"},{"@type":"ListItem","position":2,"name":"Flying","item":"https:\/\/tiketi.com\/fr-fr\/volants\/"},{"@type":"ListItem","position":3,"name":"Air Taxi","item":"https:\/\/tiketi.com\/flying\/air-taxi\/"},{"@type":"ListItem","position":4,"name":"Air Taxi in Osaka Booking &#8211; Flying Taxis Routes, Schedule &amp; Fares"}]},{"@type":"WebSite","@id":"https:\/\/tiketi.com\/#website","url":"https:\/\/tiketi.com\/","name":"Billets d&#039;avion et de bus, forfaits touristiques et activit\u00e9s - Tiketi.com","description":"Billets d&#039;avion et de bus, Tours, Activit\u00e9s","publisher":{"@id":"https:\/\/tiketi.com\/#organization"},"potentialAction":[{"@type":"SearchAction","target":{"@type":"EntryPoint","urlTemplate":"https:\/\/tiketi.com\/?s={search_term_string}"},"query-input":{"@type":"PropertyValueSpecification","valueRequired":true,"valueName":"search_term_string"}}],"inLanguage":"fr-FR"},{"@type":"Organization","@id":"https:\/\/tiketi.com\/#organization","name":"Tiketi.com","alternateName":"Tiketi","url":"https:\/\/tiketi.com\/","logo":{"@type":"ImageObject","inLanguage":"fr-FR","@id":"https:\/\/tiketi.com\/#\/schema\/logo\/image\/","url":"https:\/\/tiketi.com\/wp-content\/uploads\/2019\/05\/tiketi-logo-696.png","contentUrl":"https:\/\/tiketi.com\/wp-content\/uploads\/2019\/05\/tiketi-logo-696.png","width":696,"height":696,"caption":"Tiketi.com"},"image":{"@id":"https:\/\/tiketi.com\/#\/schema\/logo\/image\/"},"sameAs":["https:\/\/www.facebook.com\/TiketiCom\/"]}]}},"_links":{"self":[{"href":"https:\/\/tiketi.com\/fr-fr\/wp-json\/wp\/v2\/pages\/10594","targetHints":{"allow":["GET"]}}],"collection":[{"href":"https:\/\/tiketi.com\/fr-fr\/wp-json\/wp\/v2\/pages"}],"about":[{"href":"https:\/\/tiketi.com\/fr-fr\/wp-json\/wp\/v2\/types\/page"}],"author":[{"embeddable":true,"href":"https:\/\/tiketi.com\/fr-fr\/wp-json\/wp\/v2\/users\/1"}],"replies":[{"embeddable":true,"href":"https:\/\/tiketi.com\/fr-fr\/wp-json\/wp\/v2\/comments?post=10594"}],"version-history":[{"count":0,"href":"https:\/\/tiketi.com\/fr-fr\/wp-json\/wp\/v2\/pages\/10594\/revisions"}],"up":[{"embeddable":true,"href":"https:\/\/tiketi.com\/fr-fr\/wp-json\/wp\/v2\/pages\/25621"}],"wp:featuredmedia":[{"embeddable":true,"href":"https:\/\/tiketi.com\/fr-fr\/wp-json\/wp\/v2\/media\/20912"}],"wp:attachment":[{"href":"https:\/\/tiketi.com\/fr-fr\/wp-json\/wp\/v2\/media?parent=10594"}],"curies":[{"name":"wp","href":"https:\/\/api.w.org\/{rel}","templated":true}]}}