{"id":10598,"date":"2022-01-19T12:53:34","date_gmt":"2022-01-19T11:53:34","guid":{"rendered":"https:\/\/new.tiketi.com\/jakarta-air-taxi-booking-app-electric-flying-taxis\/"},"modified":"2022-10-14T13:26:40","modified_gmt":"2022-10-14T12:26:40","slug":"jakarta","status":"publish","type":"page","link":"https:\/\/tiketi.com\/fr-fr\/volants\/taxi-aerien\/jakarta\/","title":{"rendered":"Taxi a\u00e9rien \u00e0 Jakarta R\u00e9servation en ligne - Itin\u00e9raires de vol, horaires et tarifs"},"content":{"rendered":"<h2>Application de r\u00e9servation de taxi a\u00e9rien \u00e9lectrique Jakarta<\/h2>\r\n<!-- \/wp:post-content -->\r\n\r\n<!-- wp:paragraph -->\r\n<p>Le service d&#039;application de r\u00e9servation en ligne de taxi a\u00e9rien \u00e9lectrique \u00e0 Jakarta permet aux utilisateurs de r\u00e9server des billets d&#039;avion de taxi volant \u00e9lectrique \u00e0 Jakarta. Les taxis a\u00e9riens autonomes \u00e0 Jakarta permettent de voyager rapidement et \u00e0 moindre co\u00fbt \u00e0 Jakarta. Jakarta, capitale indon\u00e9sienne chaotique et \u00e9tonnante, abrite quelque 18 millions d&#039;habitants et sert de point d&#039;entr\u00e9e dans l&#039;\u00eele de Java. Pour de nombreux visiteurs, Jakarta n&#039;est qu&#039;une \u00e9tape vers un autre pays, mais si vous prenez le temps, vous trouverez une ville remarquable qui a beaucoup \u00e0 offrir. Avec une histoire remontant \u00e0 plus de 1 500 ans lorsqu&#039;elle faisait partie du royaume soudanais de Tarumanagara, Jakarta a r\u00e9ussi \u00e0 pr\u00e9server une bonne dose d&#039;ancien pour contraster le nouveau d\u00e9veloppement remarquable. Comme pour tant d&#039;autres choses, vous pourrez faire \u00e0 tout moment et n&#039;importe o\u00f9 la r\u00e9servation d&#039;un taxi a\u00e9rien par drone \u00e0 Jakarta pour votre vol en taxi a\u00e9rien \u00e9lectrique.<\/p>\r\n<!-- \/wp:paragraph -->\r\n\r\n<!-- wp:heading -->\r\n<h2>Voici quelques-uns des meilleurs avantages du taxi volant \u00e9lectrique \u00e0 Jakarta<\/h2>\r\n<h3>Les taxis a\u00e9riens \u00e9lectriques \u00e0 Jakarta vont totalement changer l&#039;avenir<\/h3>\r\n<!-- \/wp:heading -->\r\n\r\n<!-- wp:paragraph -->\r\n<p>Pour ceux qui r\u00eavent de l&#039;avenir, des d\u00e9fis difficiles sont en route. Mais de nouveaux syst\u00e8mes et technologies sont \u00e9galement d\u00e9velopp\u00e9s pour les r\u00e9soudre, explorant des horizons qui sont nouveaux pour la plupart d&#039;entre nous, mais qui changeront notre fa\u00e7on de vivre \u00e0 l&#039;avenir. Le d\u00e9veloppement de l&#039;infrastructure qui permettra le fonctionnement en toute s\u00e9curit\u00e9 d&#039;un tel syst\u00e8me est aussi vital que le d\u00e9veloppement des drones taxis \u00e0 Jakarta.<\/p>\r\n<h3>Quelle est la vitesse des taxis a\u00e9riens \u00e0 Jakarta ?<\/h3>\r\n<!-- \/wp:paragraph -->\r\n\r\n<!-- wp:paragraph -->\r\n<p>L&#039;avion Archers eVTOL, nomm\u00e9 Maker, sera capable de parcourir une distance allant jusqu&#039;\u00e0 soixante miles \u00e0 des vitesses proches de 150 mph. En plus de soulager les embouteillages au sol, les taxis volants de l&#039;engin \u00e0 moteur de Jakarta ne g\u00e9n\u00e9reront aucune \u00e9mission et auront une empreinte sonore de seulement 45 dba, se fondant dans les sons des quartiers r\u00e9sidentiels.<\/p>\r\n<!-- \/wp:paragraph -->\r\n\r\n<!-- wp:heading {\"level\":3} -->\r\n<h3>Les taxis volants \u00e9lectriques \u00e0 Jakarta sont-ils l&#039;avenir ?<\/h3>\r\n<!-- \/wp:heading -->\r\n\r\n<!-- wp:paragraph -->\r\n<p>Pour ceux d&#039;entre nous qui ont grandi en regardant Retour vers le futur et The Jetsons, les taxis volants avec drones \u00e0 Jakarta sont dans nos r\u00eaves depuis longtemps comme un avenir possible un jour. Avec des rues aussi encombr\u00e9es que les grandes villes, beaucoup esp\u00e8rent que les taxis drones \u00e0 Jakarta sont la solution au probl\u00e8me, mais beaucoup se demandent s&#039;il s&#039;agit d&#039;une solution r\u00e9aliste ou si cela augmenterait simplement les niveaux de pollution et de bruit dans les villes.<\/p>\r\n<h3>Combien co\u00fbtera un taxi volant \u00e9lectrique \u00e0 Jakarta ?<\/h3>\r\n<!-- \/wp:paragraph -->\r\n\r\n<!-- wp:paragraph -->\r\n<p>Au d\u00e9part, les taxis drones \u00e0 Jakarta co\u00fbteront environ $5,73 par passager-mile. Vous pouvez facilement r\u00e9server des billets d&#039;avion en taxi a\u00e9rien via des taxis volants \u00e9lectriques dans l&#039;application Jakarta. Le prix des taxis a\u00e9riens \u00e0 Jakarta chutera alors \u00e0 $1,85 par mile passager avant d&#039;atteindre finalement le tarif incroyable du client de $0,44 par mile.<\/p>\r\n<h2>Avantages de l&#039;application de r\u00e9servation de taxi a\u00e9rien \u00e9lectrique Jakarta<\/h2>\r\n<!-- \/wp:paragraph -->\r\n\r\n<!-- wp:paragraph -->\r\n<p>Parmi ses autres avantages, la r\u00e9servation en ligne de taxi drone \u00e0 Jakarta pourrait fournir un boom \u00e9conomique en augmentant le nombre de personnes se dirigeant vers des lieux de loisirs et de tourisme qui ne sont pas \u00e0 proximit\u00e9 des grands a\u00e9roports.<\/p>\r\n<!-- \/wp:paragraph -->\r\n\r\n<!-- wp:heading {\"level\":3} -->\r\n<h3>L&#039;application de r\u00e9servation en ligne de taxi a\u00e9rien \u00e0 Jakarta serait-elle utilis\u00e9e pour r\u00e9server des billets d&#039;avion en taxi a\u00e9rien \u00e9lectrique?<\/h3>\r\n<!-- \/wp:heading -->\r\n\r\n<!-- wp:paragraph -->\r\n<p>Oui, les clients peuvent utiliser de mani\u00e8re transparente l&#039;application de r\u00e9servation de taxi a\u00e9rien \u00e9lectrique Jakarta en ligne pour trouver le meilleur itin\u00e9raire et r\u00e9server un taxi volant avec drone dans les billets d&#039;avion Jakarta \u00e0 tout moment et n&#039;importe o\u00f9.<\/p>","protected":false},"excerpt":{"rendered":"<p>Electric Jakarta air taxi booking app Electric air taxi in Jakarta online booking app service enable users to book electric flying taxi in Jakarta flight tickets. Autonomous air taxis in Jakarta makes possible to travel cheap and fast in Jakarta. Jakarta, Indonesia chaotic, stunning capital, is home to some 18 million people and serves as [&hellip;]<\/p>\n","protected":false},"author":1,"featured_media":14343,"parent":25621,"menu_order":0,"comment_status":"open","ping_status":"closed","template":"template-home-modern.php","meta":{"footnotes":""},"class_list":["post-10598","page","type-page","status-publish","has-post-thumbnail","hentry"],"yoast_head":"<!-- This site is optimized with the Yoast SEO plugin v27.3 - https:\/\/yoast.com\/product\/yoast-seo-wordpress\/ -->\n<title>Air Taxi in Jakarta Online Booking App - Electric Flying Taxis<\/title>\n<meta name=\"description\" content=\"Looking for drone air taxi in Jakarta online booking app, routes, schedule &amp; fares? Compare air taxis flight tickets and book cheap flying taxi in Jakarta\" \/>\n<meta name=\"robots\" content=\"index, follow, max-snippet:-1, max-image-preview:large, max-video-preview:-1\" \/>\n<link rel=\"canonical\" href=\"https:\/\/tiketi.com\/fr-fr\/volants\/taxi-aerien\/jakarta\/\" \/>\n<meta property=\"og:locale\" content=\"fr_FR\" \/>\n<meta property=\"og:type\" content=\"article\" \/>\n<meta property=\"og:title\" content=\"Air Taxi in Jakarta Online Booking App - Electric Flying Taxis\" \/>\n<meta property=\"og:description\" content=\"Looking for drone air taxi in Jakarta online booking app, routes, schedule &amp; fares? Compare air taxis flight tickets and book cheap flying taxi in Jakarta\" \/>\n<meta property=\"og:url\" content=\"https:\/\/tiketi.com\/fr-fr\/volants\/taxi-aerien\/jakarta\/\" \/>\n<meta property=\"og:site_name\" content=\"Tiketi.com\" \/>\n<meta property=\"article:publisher\" content=\"https:\/\/www.facebook.com\/TiketiCom\/\" \/>\n<meta property=\"article:modified_time\" content=\"2022-10-14T12:26:40+00:00\" \/>\n<meta property=\"og:image\" content=\"https:\/\/tiketi.com\/wp-content\/uploads\/2022\/01\/jakarta-indonesia-3465931_1.jpg\" \/>\n\t<meta property=\"og:image:width\" content=\"1200\" \/>\n\t<meta property=\"og:image:height\" content=\"200\" \/>\n\t<meta property=\"og:image:type\" content=\"image\/jpeg\" \/>\n<meta name=\"twitter:card\" content=\"summary_large_image\" \/>\n<meta name=\"twitter:label1\" content=\"Dur\u00e9e de lecture estim\u00e9e\" \/>\n\t<meta name=\"twitter:data1\" content=\"3 minutes\" \/>\n<script type=\"application\/ld+json\" class=\"yoast-schema-graph\">{\"@context\":\"https:\\\/\\\/schema.org\",\"@graph\":[{\"@type\":\"WebPage\",\"@id\":\"https:\\\/\\\/tiketi.com\\\/flying\\\/air-taxi\\\/jakarta\\\/\",\"url\":\"https:\\\/\\\/tiketi.com\\\/flying\\\/air-taxi\\\/jakarta\\\/\",\"name\":\"Air Taxi in Jakarta Online Booking App - Electric Flying Taxis\",\"isPartOf\":{\"@id\":\"https:\\\/\\\/tiketi.com\\\/#website\"},\"primaryImageOfPage\":{\"@id\":\"https:\\\/\\\/tiketi.com\\\/flying\\\/air-taxi\\\/jakarta\\\/#primaryimage\"},\"image\":{\"@id\":\"https:\\\/\\\/tiketi.com\\\/flying\\\/air-taxi\\\/jakarta\\\/#primaryimage\"},\"thumbnailUrl\":\"https:\\\/\\\/tiketi.com\\\/wp-content\\\/uploads\\\/2022\\\/01\\\/jakarta-indonesia-3465931_1.jpg\",\"datePublished\":\"2022-01-19T11:53:34+00:00\",\"dateModified\":\"2022-10-14T12:26:40+00:00\",\"description\":\"Looking for drone air taxi in Jakarta online booking app, routes, schedule & fares? Compare air taxis flight tickets and book cheap flying taxi in Jakarta\",\"breadcrumb\":{\"@id\":\"https:\\\/\\\/tiketi.com\\\/flying\\\/air-taxi\\\/jakarta\\\/#breadcrumb\"},\"inLanguage\":\"fr-FR\",\"potentialAction\":[{\"@type\":\"ReadAction\",\"target\":[\"https:\\\/\\\/tiketi.com\\\/flying\\\/air-taxi\\\/jakarta\\\/\"]}]},{\"@type\":\"ImageObject\",\"inLanguage\":\"fr-FR\",\"@id\":\"https:\\\/\\\/tiketi.com\\\/flying\\\/air-taxi\\\/jakarta\\\/#primaryimage\",\"url\":\"https:\\\/\\\/tiketi.com\\\/wp-content\\\/uploads\\\/2022\\\/01\\\/jakarta-indonesia-3465931_1.jpg\",\"contentUrl\":\"https:\\\/\\\/tiketi.com\\\/wp-content\\\/uploads\\\/2022\\\/01\\\/jakarta-indonesia-3465931_1.jpg\",\"width\":1200,\"height\":200,\"caption\":\"Air Taxi in Jakarta\"},{\"@type\":\"BreadcrumbList\",\"@id\":\"https:\\\/\\\/tiketi.com\\\/flying\\\/air-taxi\\\/jakarta\\\/#breadcrumb\",\"itemListElement\":[{\"@type\":\"ListItem\",\"position\":1,\"name\":\"Home\",\"item\":\"https:\\\/\\\/tiketi.com\\\/\"},{\"@type\":\"ListItem\",\"position\":2,\"name\":\"Flying\",\"item\":\"https:\\\/\\\/tiketi.com\\\/fr-fr\\\/volants\\\/\"},{\"@type\":\"ListItem\",\"position\":3,\"name\":\"Air Taxi\",\"item\":\"https:\\\/\\\/tiketi.com\\\/flying\\\/air-taxi\\\/\"},{\"@type\":\"ListItem\",\"position\":4,\"name\":\"Air Taxi in Jakarta Online Booking &#8211; Flying Routes, Schedule &#038; Fares\"}]},{\"@type\":\"WebSite\",\"@id\":\"https:\\\/\\\/tiketi.com\\\/#website\",\"url\":\"https:\\\/\\\/tiketi.com\\\/\",\"name\":\"Flight & Bus Tickets, Tour Packages & Activitites - Tiketi.com\",\"description\":\"Flight &amp; Bus Tickets, Tours, Activitites\",\"publisher\":{\"@id\":\"https:\\\/\\\/tiketi.com\\\/#organization\"},\"potentialAction\":[{\"@type\":\"SearchAction\",\"target\":{\"@type\":\"EntryPoint\",\"urlTemplate\":\"https:\\\/\\\/tiketi.com\\\/?s={search_term_string}\"},\"query-input\":{\"@type\":\"PropertyValueSpecification\",\"valueRequired\":true,\"valueName\":\"search_term_string\"}}],\"inLanguage\":\"fr-FR\"},{\"@type\":\"Organization\",\"@id\":\"https:\\\/\\\/tiketi.com\\\/#organization\",\"name\":\"Tiketi.com\",\"alternateName\":\"Tiketi\",\"url\":\"https:\\\/\\\/tiketi.com\\\/\",\"logo\":{\"@type\":\"ImageObject\",\"inLanguage\":\"fr-FR\",\"@id\":\"https:\\\/\\\/tiketi.com\\\/#\\\/schema\\\/logo\\\/image\\\/\",\"url\":\"https:\\\/\\\/tiketi.com\\\/wp-content\\\/uploads\\\/2019\\\/05\\\/tiketi-logo-696.png\",\"contentUrl\":\"https:\\\/\\\/tiketi.com\\\/wp-content\\\/uploads\\\/2019\\\/05\\\/tiketi-logo-696.png\",\"width\":696,\"height\":696,\"caption\":\"Tiketi.com\"},\"image\":{\"@id\":\"https:\\\/\\\/tiketi.com\\\/#\\\/schema\\\/logo\\\/image\\\/\"},\"sameAs\":[\"https:\\\/\\\/www.facebook.com\\\/TiketiCom\\\/\"]}]}<\/script>\n<!-- \/ Yoast SEO plugin. -->","yoast_head_json":{"title":"Taxi a\u00e9rien \u00e0 Jakarta Application de r\u00e9servation en ligne - Taxis volants \u00e9lectriques","description":"Vous recherchez une application de r\u00e9servation en ligne de taxi a\u00e9rien drone \u00e0 Jakarta, des itin\u00e9raires, des horaires et des tarifs\u00a0? Comparez les billets d&#039;avion des taxis a\u00e9riens et r\u00e9servez un taxi volant pas cher \u00e0 Jakarta","robots":{"index":"index","follow":"follow","max-snippet":"max-snippet:-1","max-image-preview":"max-image-preview:large","max-video-preview":"max-video-preview:-1"},"canonical":"https:\/\/tiketi.com\/fr-fr\/volants\/taxi-aerien\/jakarta\/","og_locale":"fr_FR","og_type":"article","og_title":"Air Taxi in Jakarta Online Booking App - Electric Flying Taxis","og_description":"Looking for drone air taxi in Jakarta online booking app, routes, schedule & fares? Compare air taxis flight tickets and book cheap flying taxi in Jakarta","og_url":"https:\/\/tiketi.com\/fr-fr\/volants\/taxi-aerien\/jakarta\/","og_site_name":"Tiketi.com","article_publisher":"https:\/\/www.facebook.com\/TiketiCom\/","article_modified_time":"2022-10-14T12:26:40+00:00","og_image":[{"width":1200,"height":200,"url":"https:\/\/tiketi.com\/wp-content\/uploads\/2022\/01\/jakarta-indonesia-3465931_1.jpg","type":"image\/jpeg"}],"twitter_card":"summary_large_image","twitter_misc":{"Dur\u00e9e de lecture estim\u00e9e":"3 minutes"},"schema":{"@context":"https:\/\/schema.org","@graph":[{"@type":"WebPage","@id":"https:\/\/tiketi.com\/flying\/air-taxi\/jakarta\/","url":"https:\/\/tiketi.com\/flying\/air-taxi\/jakarta\/","name":"Taxi a\u00e9rien \u00e0 Jakarta Application de r\u00e9servation en ligne - Taxis volants \u00e9lectriques","isPartOf":{"@id":"https:\/\/tiketi.com\/#website"},"primaryImageOfPage":{"@id":"https:\/\/tiketi.com\/flying\/air-taxi\/jakarta\/#primaryimage"},"image":{"@id":"https:\/\/tiketi.com\/flying\/air-taxi\/jakarta\/#primaryimage"},"thumbnailUrl":"https:\/\/tiketi.com\/wp-content\/uploads\/2022\/01\/jakarta-indonesia-3465931_1.jpg","datePublished":"2022-01-19T11:53:34+00:00","dateModified":"2022-10-14T12:26:40+00:00","description":"Vous recherchez une application de r\u00e9servation en ligne de taxi a\u00e9rien drone \u00e0 Jakarta, des itin\u00e9raires, des horaires et des tarifs\u00a0? Comparez les billets d&#039;avion des taxis a\u00e9riens et r\u00e9servez un taxi volant pas cher \u00e0 Jakarta","breadcrumb":{"@id":"https:\/\/tiketi.com\/flying\/air-taxi\/jakarta\/#breadcrumb"},"inLanguage":"fr-FR","potentialAction":[{"@type":"ReadAction","target":["https:\/\/tiketi.com\/flying\/air-taxi\/jakarta\/"]}]},{"@type":"ImageObject","inLanguage":"fr-FR","@id":"https:\/\/tiketi.com\/flying\/air-taxi\/jakarta\/#primaryimage","url":"https:\/\/tiketi.com\/wp-content\/uploads\/2022\/01\/jakarta-indonesia-3465931_1.jpg","contentUrl":"https:\/\/tiketi.com\/wp-content\/uploads\/2022\/01\/jakarta-indonesia-3465931_1.jpg","width":1200,"height":200,"caption":"Air Taxi in Jakarta"},{"@type":"BreadcrumbList","@id":"https:\/\/tiketi.com\/flying\/air-taxi\/jakarta\/#breadcrumb","itemListElement":[{"@type":"ListItem","position":1,"name":"Home","item":"https:\/\/tiketi.com\/"},{"@type":"ListItem","position":2,"name":"Flying","item":"https:\/\/tiketi.com\/fr-fr\/volants\/"},{"@type":"ListItem","position":3,"name":"Air Taxi","item":"https:\/\/tiketi.com\/flying\/air-taxi\/"},{"@type":"ListItem","position":4,"name":"Air Taxi in Jakarta Online Booking &#8211; Flying Routes, Schedule &#038; Fares"}]},{"@type":"WebSite","@id":"https:\/\/tiketi.com\/#website","url":"https:\/\/tiketi.com\/","name":"Billets d&#039;avion et de bus, forfaits touristiques et activit\u00e9s - Tiketi.com","description":"Billets d&#039;avion et de bus, Tours, Activit\u00e9s","publisher":{"@id":"https:\/\/tiketi.com\/#organization"},"potentialAction":[{"@type":"SearchAction","target":{"@type":"EntryPoint","urlTemplate":"https:\/\/tiketi.com\/?s={search_term_string}"},"query-input":{"@type":"PropertyValueSpecification","valueRequired":true,"valueName":"search_term_string"}}],"inLanguage":"fr-FR"},{"@type":"Organization","@id":"https:\/\/tiketi.com\/#organization","name":"Tiketi.com","alternateName":"Tiketi","url":"https:\/\/tiketi.com\/","logo":{"@type":"ImageObject","inLanguage":"fr-FR","@id":"https:\/\/tiketi.com\/#\/schema\/logo\/image\/","url":"https:\/\/tiketi.com\/wp-content\/uploads\/2019\/05\/tiketi-logo-696.png","contentUrl":"https:\/\/tiketi.com\/wp-content\/uploads\/2019\/05\/tiketi-logo-696.png","width":696,"height":696,"caption":"Tiketi.com"},"image":{"@id":"https:\/\/tiketi.com\/#\/schema\/logo\/image\/"},"sameAs":["https:\/\/www.facebook.com\/TiketiCom\/"]}]}},"_links":{"self":[{"href":"https:\/\/tiketi.com\/fr-fr\/wp-json\/wp\/v2\/pages\/10598","targetHints":{"allow":["GET"]}}],"collection":[{"href":"https:\/\/tiketi.com\/fr-fr\/wp-json\/wp\/v2\/pages"}],"about":[{"href":"https:\/\/tiketi.com\/fr-fr\/wp-json\/wp\/v2\/types\/page"}],"author":[{"embeddable":true,"href":"https:\/\/tiketi.com\/fr-fr\/wp-json\/wp\/v2\/users\/1"}],"replies":[{"embeddable":true,"href":"https:\/\/tiketi.com\/fr-fr\/wp-json\/wp\/v2\/comments?post=10598"}],"version-history":[{"count":0,"href":"https:\/\/tiketi.com\/fr-fr\/wp-json\/wp\/v2\/pages\/10598\/revisions"}],"up":[{"embeddable":true,"href":"https:\/\/tiketi.com\/fr-fr\/wp-json\/wp\/v2\/pages\/25621"}],"wp:featuredmedia":[{"embeddable":true,"href":"https:\/\/tiketi.com\/fr-fr\/wp-json\/wp\/v2\/media\/14343"}],"wp:attachment":[{"href":"https:\/\/tiketi.com\/fr-fr\/wp-json\/wp\/v2\/media?parent=10598"}],"curies":[{"name":"wp","href":"https:\/\/api.w.org\/{rel}","templated":true}]}}