{"id":10602,"date":"2022-01-19T12:53:34","date_gmt":"2022-01-19T11:53:34","guid":{"rendered":"https:\/\/new.tiketi.com\/washington-air-taxi-booking-app-electric-flying-taxis\/"},"modified":"2025-07-22T10:19:09","modified_gmt":"2025-07-22T09:19:09","slug":"washington-dc","status":"publish","type":"page","link":"https:\/\/tiketi.com\/fr-fr\/volants\/taxi-aerien\/washington-dc\/","title":{"rendered":"Fly Over Washington DC\u2019s Roads \u2013 Easy Air Taxi Washington Online Bookings"},"content":{"rendered":"<h2 id=\"electric-dubai-air-taxi-booking-app\" class=\"wp-block-heading\">Book a Flying Taxi in Washington D.C.\u00a0\u2013 Fast, Green, and Affordable Urban Travel<\/h2>\r\n<p>The Cheap air taxi in Washington online booking app allows users to easily reserve helicopter and flying taxi flight tickets. Air taxis in Washington make it possible to travel quickly and affordably across the city. Washington D.C. is one of the most vital capital cities in the planet. It may not be as big as other capital cities, but it still packs a wallop when it comes to viewing and doing things. It is a remarkable place to learn about the America history, from viewing precious documents to viewing Congress in action. Dozens of museum abound in the central place. A successful subway system makes it simple to get around the city. If you plan to visit at the end of March and into April, do not miss visit the Tidal Basin, where you will find 1,000 of pink cherry blossoms, not to mention amazing situations for exploring the city\u2019s neighborhoods. As with so many other things you will be able to make anytime and anywhere drone Washington air taxi booking for your electric air taxi flight.Just like many other services, you&#8217;ll be able to make a Washington air taxi booking anytime, anywhere, through the app for your electric air taxi flight.<\/p>\r\n<h2>Why Choose an eVTOL Air Taxi?<\/h2>\r\n<ul>\r\n<li><strong>Gagnez du temps<\/strong> \u2013 Skip hour-long car rides and make the most of your time in the city.<\/li>\r\n<li><strong>\u00c9cologique et silencieux<\/strong> \u2013 Fully electric aircraft reduce noise and zero emissions, making for a cleaner, quieter D.C.<\/li>\r\n<li><strong>S\u00e9curit\u00e9 certifi\u00e9e<\/strong> \u2013 Flights are piloted by licensed professionals using FAA-approved aircraft, ensuring the highest safety standards.<\/li>\r\n<li><strong>Seamless Convenience<\/strong> \u2013 Skip the hassle of navigating D.C.&#8217;s busy streets. Book your ride on the go and enjoy a hassle-free experience.<\/li>\r\n<\/ul>\r\n<h2>Comment fonctionne notre service de taxi a\u00e9rien ?<\/h2>\r\n<p>R\u00e9server votre taxi a\u00e9rien est aussi simple que de r\u00e9server une course\u00a0:<\/p>\r\n<ol>\r\n<li><strong>Ouvrez le <a href=\"https:\/\/tiketi.com\/fr-fr\/download-tiketi-app\/\" target=\"_blank\" rel=\"noopener\">Application Tiketi<\/a> ou site Web<\/strong><\/li>\r\n<li><strong>Select Your Departure<\/strong> \u2013 Choose from several key vertiports in the D.C. area\u2014think places like Dulles Airport, Capitol Hill, or Georgetown.<\/li>\r\n<li><strong>Choisissez votre avion<\/strong> \u2013 Choisissez un \u00e9l\u00e9gant taxi a\u00e9rien tout \u00e9lectrique \u00e0 2 ou 4 places<\/li>\r\n<li><strong>Confirmer et partir<\/strong> \u2013 Votre vol est r\u00e9serv\u00e9 en temps r\u00e9el et votre point d&#039;embarquement est pr\u00eat quand vous l&#039;\u00eates.<\/li>\r\n<\/ol>\r\n<p>Instead of sitting in traffic for hours, you&#8217;ll soar above the nation&#8217;s capital, with a stunning bird&#8217;s-eye view of landmarks like the National Mall, the Potomac River, and the U.S. Capitol.<\/p>\r\n<h2>Flying Taxi Routes in Washington D.C. &#8211; High-Flying Connections<\/h2>\r\n<p>Washington, D.C. is leading the charge with an expanding network of eVTOL routes that will soon connect the city\u2019s bustling business, tourism, and residential hubs.<\/p>\r\n<h3>D.C. Metro Area<\/h3>\r\n<ul>\r\n<li><strong>Dulles International Airport \u2192 Downtown D.C.<\/strong> \u2013 ~15 minutes (vs. 45\u201360 minutes by car)<\/li>\r\n<li><strong>Reagan National Airport \u2192 Downtown D.C.<\/strong> \u2013 ~5 minutes (vs. 20\u201330 minutes by car)<\/li>\r\n<li><strong>Downtown D.C. \u2192 Capitol Hill<\/strong> \u2013 ~3 minutes (vs. 15 minutes in traffic)<\/li>\r\n<li><strong>D.C. \u2192 Baltimore<\/strong> \u2013 ~20 minutes (vs. 45 minutes on I-95)<\/li>\r\n<li><strong>D.C. \u2192 Alexandria<\/strong> \u2013 ~10 minutes (vs. 30 minutes in rush hour)<\/li>\r\n<\/ul>\r\n<p>As demand grows, new routes will connect key areas like Arlington, Bethesda, and Silver Spring, providing quick access to the D.C. metro area without the usual road congestion.<\/p>\r\n<h2>Options de tarification et de r\u00e9servation des taxis volants<\/h2>\r\n<p>Flying doesn\u2019t have to be a luxury. Air taxis are priced similarly to premium car services but offer far greater speed and efficiency.<\/p>\r\n<ul>\r\n<li><strong>Tarifs actuels\u00a0:<\/strong> ~$6.00 per passenger-mile (likely to drop to ~$3.00 per mile as the service expands)<\/li>\r\n<li><strong>Example: D.C. to Dulles<\/strong> (~30 miles) = $180\u2013$210 per passenger<\/li>\r\n<li><strong>Similar to a premium car service<\/strong>, but much faster and with a unique experience<\/li>\r\n<\/ul>\r\n<p>As the eVTOL system scales, expect commuter passes, tourist bundles (e.g., airport-to-hotel), and corporate discounts to become available.<\/p>\r\n<h2>Who\u2019s Making This Happen?<\/h2>\r\n<p>D.C. is at the forefront of the aerial mobility movement thanks to partnerships between top companies and government agencies:<\/p>\r\n<p>\u2022 <strong>Joby Aviation + United Airlines<\/strong> \u2013 Bringing premium eVTOL services to D.C. by 2026, with service at key airports and locations.<br \/>\u2022 L<strong>ilium (D.C.-area-based)<\/strong> \u2013 Developing vertiports in the D.C. metro area and partnering with local transit systems.<br \/>\u2022 <strong>Archer Aviation<\/strong> \u2013 Expanding into D.C. to provide electric air taxi services that connect commuters with major hubs.<br \/>\u2022 <strong>Skyports + FAA + D.C. Department of Transportation<\/strong> \u2013 Working together to establish vertiports and integrate these flights into the city\u2019s existing infrastructure.<\/p>\r\n<h2><span style=\"font-size: 16px;\"><!-- \/wp:post-content -->\r\n\r\n<!-- wp:paragraph --><\/span><\/h2>\r\n<h2>Foire aux questions<\/h2>\r\n<h3>Pourquoi prendre un taxi a\u00e9rien ?<\/h3>\r\n<p>Washington, D.C. is not just the heart of U.S. politics and history\u2014it&#8217;s also home to some of the most notorious traffic jams in the country. Whether it\u2019s the Beltway, the 14th Street Bridge, or the clogged streets around Capitol Hill, navigating D.C.\u2019s gridlock is a daily frustration for both locals and visitors.<\/p>\r\n<h3>But what if you could skip the bumper-to-bumper madness and fly over it instead?<\/h3>\r\n<p>With the rise of eVTOL (electric vertical takeoff and landing) aircraft, Washington, D.C. is gearing up for a transportation revolution. It\u2019s time to leave the stress of rush hour behind and take to the skies\u2014faster, cleaner, and quieter.<\/p>\r\n<h3>Est-ce s\u00fbr?<\/h3>\r\n<p>Oui. Tous les vols sont pilot\u00e9s par des professionnels certifi\u00e9s et respectent les normes de s\u00e9curit\u00e9 les plus strictes, avec de multiples syst\u00e8mes de s\u00e9curit\u00e9 redondants int\u00e9gr\u00e9s.<\/p>\r\n<h3>Les vols peuvent-ils \u00eatre assur\u00e9s par mauvais temps\u00a0?<\/h3>\r\n<p>Votre s\u00e9curit\u00e9 est notre priorit\u00e9 absolue. En cas d&#039;intemp\u00e9ries, nous vous en informerons imm\u00e9diatement et vous aiderons \u00e0 reporter votre r\u00e9servation ou \u00e0 obtenir un remboursement int\u00e9gral.<\/p>\r\n<h3>Puis-je apporter des bagages ?<\/h3>\r\n<p>Les bagages \u00e0 main sont les bienvenus. Pour les objets plus volumineux, nous organiserons leur transport terrestre jusqu&#039;\u00e0 votre destination.<\/p>\r\n<!-- \/wp:paragraph -->\r\n\r\n<!-- wp:heading -->\r\n<h2>Voici quelques-uns des meilleurs avantages du taxi volant \u00e9lectrique \u00e0 Washington DC, Maryland<\/h2>\r\n<h3>How are electric air taxis in Washington, D.C. going to change the future?<\/h3>\r\n<!-- \/wp:heading -->\r\n\r\n<!-- wp:paragraph -->\r\n<p>Pour ceux qui r\u00eavent de l&#039;avenir, des d\u00e9fis difficiles sont en route. Mais de nouveaux syst\u00e8mes et technologies sont \u00e9galement d\u00e9velopp\u00e9s pour les r\u00e9soudre, explorant des horizons qui sont nouveaux pour la plupart d&#039;entre nous, mais qui changeront notre fa\u00e7on de vivre \u00e0 l&#039;avenir. Le d\u00e9veloppement de l&#039;infrastructure qui permettra le fonctionnement s\u00fbr d&#039;un tel syst\u00e8me est aussi vital que le d\u00e9veloppement des taxis volants \u00e0 Washington DC.<\/p>\r\n<h3>Quelle est la vitesse des taxis a\u00e9riens \u00e0 Washington DC ?<\/h3>\r\n<!-- \/wp:paragraph -->\r\n\r\n<!-- wp:paragraph -->\r\n<p>L&#039;avion Archers eVTOL, nomm\u00e9 Maker, sera capable de parcourir une distance allant jusqu&#039;\u00e0 soixante miles \u00e0 des vitesses proches de 150 mph. en plus de soulager les embouteillages au sol, le taxi volant de l&#039;engin \u00e0 moteur de Washington ne g\u00e9n\u00e9rera aucune \u00e9mission et aura une empreinte sonore de seulement 45 dba, se fondant dans les sons des quartiers r\u00e9sidentiels.<\/p>\r\n<!-- \/wp:paragraph -->\r\n\r\n<!-- wp:heading {\"level\":3} -->\r\n<h3>Les taxis volants \u00e9lectriques \u00e0 Washington DC sont-ils l&#039;avenir ?<\/h3>\r\n<!-- \/wp:heading -->\r\n\r\n<!-- wp:paragraph -->\r\n<p>Pour ceux d&#039;entre nous qui ont grandi en regardant Retour vers le futur et Les Jetsons, les drones taxis a\u00e9riens \u00e0 Washington sont dans nos r\u00eaves depuis longtemps comme un avenir possible un jour. Avec des rues aussi encombr\u00e9es que les grandes villes, beaucoup esp\u00e8rent que les taxis volants \u00e0 Washington seront la solution au probl\u00e8me, mais beaucoup se demandent s&#039;il s&#039;agit d&#039;une solution r\u00e9aliste ou si cela augmenterait simplement les niveaux de pollution et de bruit dans les villes.<\/p>\r\n<h3>Combien co\u00fbtera un taxi volant \u00e9lectrique \u00e0 Washington DC ?<\/h3>\r\n<!-- \/wp:paragraph -->\r\n\r\n<!-- wp:paragraph -->\r\n<p>Au d\u00e9part, les taxis a\u00e9riens \u00e0 Washington co\u00fbteront environ $5,73 par passager-mile. Le prix du taxi a\u00e9rien par drone \u00e0 Washington chutera ensuite \u00e0 $1,85 par mile passager avant de finalement atteindre le tarif incroyable du client de $0,44 par mile. Vous pouvez facilement r\u00e9server des billets d&#039;avion en taxi a\u00e9rien via des taxis volants \u00e9lectriques dans l&#039;application Washington DC.<\/p>\r\n<h3 id=\"advantages-of-electric-florida-air-taxi-booking-app\">What are the advantages of using the electric Washington air taxi booking app?<\/h3>\r\n<!-- \/wp:paragraph -->\r\n\r\n<!-- wp:paragraph -->\r\n<p>Parmi ses autres avantages, la r\u00e9servation en ligne de taxi drone \u00e0 Washington pourrait fournir un boom \u00e9conomique en augmentant le nombre de personnes se dirigeant vers des lieux de loisirs et de tourisme qui ne sont pas \u00e0 proximit\u00e9 des grands a\u00e9roports.<\/p>\r\n<!-- \/wp:paragraph -->\r\n\r\n<!-- wp:heading {\"level\":3} -->\r\n<h3 id=\"would-drone-air-taxi-in-dubai-online-booking-app-be-used-to-book-a-electric-air-taxi-flight\" class=\"wp-block-heading\">Can the air taxis in Washington online booking app be used to reserve electric air taxi flight tickets?<\/h3>\r\n<!-- \/wp:heading -->\r\n\r\n<!-- wp:paragraph -->\r\n<p>Oui, les clients peuvent utiliser de mani\u00e8re transparente l&#039;application de r\u00e9servation de taxis a\u00e9riens \u00e9lectriques de Washington pour trouver le meilleur itin\u00e9raire et r\u00e9server un taxi volant avec drone dans les billets d&#039;avion de Washington \u00e0 tout moment et n&#039;importe o\u00f9.<\/p>\r\n<h2>Autres vols populaires en taxi a\u00e9rien<\/h2>\r\n<table border=\"0\" cellspacing=\"1\" cellpadding=\"1\">\r\n<tbody>\r\n<tr>\r\n<td>Bon march\u00e9 <a href=\"https:\/\/tiketi.com\/fr-fr\/volants\/taxi-aerien\/new-york-nyc\/\" target=\"_blank\" rel=\"noopener\">taxi a\u00e9rien \u00e0 New York<\/a><\/td>\r\n<td style=\"width: 30px;\">\u00a0<\/td>\r\n<td>Bon march\u00e9 <a href=\"https:\/\/tiketi.com\/fr-fr\/volants\/taxi-aerien\/miami\/\" target=\"_blank\" rel=\"noopener\">taxi a\u00e9rien \u00e0 Miami<\/a><\/td>\r\n<td style=\"width: 30px;\">\u00a0<\/td>\r\n<td>Bon march\u00e9 <a href=\"https:\/\/tiketi.com\/fr-fr\/volants\/taxi-aerien\/los-angeles\/\" target=\"_blank\" rel=\"noopener\">taxi a\u00e9rien \u00e0 Los Angeles<\/a><\/td>\r\n<\/tr>\r\n<tr>\r\n<td>Bon march\u00e9 <a href=\"https:\/\/tiketi.com\/fr-fr\/volants\/taxi-aerien\/san-francisco\/\" target=\"_blank\" rel=\"noopener\">taxi a\u00e9rien \u00e0 San Francisco<\/a><\/td>\r\n<td style=\"width: 30px;\">\u00a0<\/td>\r\n<td>Bon march\u00e9 <a href=\"https:\/\/tiketi.com\/fr-fr\/volants\/taxi-aerien\/california\/\" target=\"_blank\" rel=\"noopener\">taxi a\u00e9rien en Californie<\/a><\/td>\r\n<td style=\"width: 30px;\">\u00a0<\/td>\r\n<td>Bon march\u00e9 <a href=\"https:\/\/tiketi.com\/fr-fr\/volants\/taxi-aerien\/philadelphia\/\" target=\"_blank\" rel=\"noopener\">taxi a\u00e9rien \u00e0 Philadelphie<\/a><\/td>\r\n<\/tr>\r\n<tr>\r\n<td>Bon march\u00e9 <a href=\"https:\/\/tiketi.com\/fr-fr\/volants\/taxi-aerien\/phoenix\/\" target=\"_blank\" rel=\"noopener\">taxi a\u00e9rien \u00e0 Phoenix<\/a><\/td>\r\n<td style=\"width: 30px;\">\u00a0<\/td>\r\n<td>Bon march\u00e9 <a href=\"https:\/\/tiketi.com\/fr-fr\/volants\/taxi-aerien\/chicago\/\" target=\"_blank\" rel=\"noopener\">taxi a\u00e9rien \u00e0 Chicago<\/a><\/td>\r\n<td style=\"width: 30px;\">\u00a0<\/td>\r\n<td>Bon march\u00e9 <a href=\"https:\/\/tiketi.com\/fr-fr\/volants\/taxi-aerien\/florida\/\" target=\"_blank\" rel=\"noopener\">taxi a\u00e9rien en Floride<\/a><\/td>\r\n<\/tr>\r\n<\/tbody>\r\n<\/table>\r\n<p><!-- \/wp:paragraph --><\/p>\r\n<p>&nbsp;<\/p>\r\n<p>&nbsp;<\/p>","protected":false},"excerpt":{"rendered":"<p>Book a Flying Taxi in Washington D.C.\u00a0\u2013 Fast, Green, and Affordable Urban Travel The Cheap air taxi in Washington online booking app allows users to easily reserve helicopter and flying taxi flight tickets. Air taxis in Washington make it possible to travel quickly and affordably across the city. Washington D.C. is one of the most [&hellip;]<\/p>\n","protected":false},"author":1,"featured_media":14358,"parent":25621,"menu_order":0,"comment_status":"open","ping_status":"closed","template":"template-home-modern.php","meta":{"footnotes":""},"class_list":["post-10602","page","type-page","status-publish","has-post-thumbnail","hentry"],"yoast_head":"<!-- This site is optimized with the Yoast SEO plugin v27.4 - https:\/\/yoast.com\/product\/yoast-seo-wordpress\/ -->\n<title>Book an Air Taxi in Washington DC Online | Cheap Flying Taxi Fare<\/title>\n<meta name=\"description\" content=\"Book an air taxi in Washington D.C. online with our app. Compare routes, fares, &amp; flight tickets for air taxis, &amp; find affordable flying taxi options\" \/>\n<meta name=\"robots\" content=\"index, follow, max-snippet:-1, max-image-preview:large, max-video-preview:-1\" \/>\n<link rel=\"canonical\" href=\"https:\/\/tiketi.com\/fr-fr\/volants\/taxi-aerien\/washington-dc\/\" \/>\n<meta property=\"og:locale\" content=\"fr_FR\" \/>\n<meta property=\"og:type\" content=\"article\" \/>\n<meta property=\"og:title\" content=\"Book an Air Taxi in Washington DC Online | Cheap Flying Taxi Fare\" \/>\n<meta property=\"og:description\" content=\"Book an air taxi in Washington D.C. online with our app. Compare routes, fares, &amp; flight tickets for air taxis, &amp; find affordable flying taxi options\" \/>\n<meta property=\"og:url\" content=\"https:\/\/tiketi.com\/fr-fr\/volants\/taxi-aerien\/washington-dc\/\" \/>\n<meta property=\"og:site_name\" content=\"Tiketi.com\" \/>\n<meta property=\"article:publisher\" content=\"https:\/\/www.facebook.com\/TiketiCom\/\" \/>\n<meta property=\"article:modified_time\" content=\"2025-07-22T09:19:09+00:00\" \/>\n<meta property=\"og:image\" content=\"https:\/\/tiketi.com\/wp-content\/uploads\/2022\/01\/washington-dc-tidal-basin-6.jpg\" \/>\n\t<meta property=\"og:image:width\" content=\"1200\" \/>\n\t<meta property=\"og:image:height\" content=\"200\" \/>\n\t<meta property=\"og:image:type\" content=\"image\/jpeg\" \/>\n<meta name=\"twitter:card\" content=\"summary_large_image\" \/>\n<meta name=\"twitter:label1\" content=\"Dur\u00e9e de lecture estim\u00e9e\" \/>\n\t<meta name=\"twitter:data1\" content=\"7 minutes\" \/>\n<script type=\"application\/ld+json\" class=\"yoast-schema-graph\">{\"@context\":\"https:\\\/\\\/schema.org\",\"@graph\":[{\"@type\":\"WebPage\",\"@id\":\"https:\\\/\\\/tiketi.com\\\/flying\\\/air-taxi\\\/washington-dc\\\/\",\"url\":\"https:\\\/\\\/tiketi.com\\\/flying\\\/air-taxi\\\/washington-dc\\\/\",\"name\":\"Book an Air Taxi in Washington DC Online | Cheap Flying Taxi Fare\",\"isPartOf\":{\"@id\":\"https:\\\/\\\/tiketi.com\\\/#website\"},\"primaryImageOfPage\":{\"@id\":\"https:\\\/\\\/tiketi.com\\\/flying\\\/air-taxi\\\/washington-dc\\\/#primaryimage\"},\"image\":{\"@id\":\"https:\\\/\\\/tiketi.com\\\/flying\\\/air-taxi\\\/washington-dc\\\/#primaryimage\"},\"thumbnailUrl\":\"https:\\\/\\\/tiketi.com\\\/wp-content\\\/uploads\\\/2022\\\/01\\\/washington-dc-tidal-basin-6.jpg\",\"datePublished\":\"2022-01-19T11:53:34+00:00\",\"dateModified\":\"2025-07-22T09:19:09+00:00\",\"description\":\"Book an air taxi in Washington D.C. online with our app. Compare routes, fares, & flight tickets for air taxis, & find affordable flying taxi options\",\"breadcrumb\":{\"@id\":\"https:\\\/\\\/tiketi.com\\\/flying\\\/air-taxi\\\/washington-dc\\\/#breadcrumb\"},\"inLanguage\":\"fr-FR\",\"potentialAction\":[{\"@type\":\"ReadAction\",\"target\":[\"https:\\\/\\\/tiketi.com\\\/flying\\\/air-taxi\\\/washington-dc\\\/\"]}]},{\"@type\":\"ImageObject\",\"inLanguage\":\"fr-FR\",\"@id\":\"https:\\\/\\\/tiketi.com\\\/flying\\\/air-taxi\\\/washington-dc\\\/#primaryimage\",\"url\":\"https:\\\/\\\/tiketi.com\\\/wp-content\\\/uploads\\\/2022\\\/01\\\/washington-dc-tidal-basin-6.jpg\",\"contentUrl\":\"https:\\\/\\\/tiketi.com\\\/wp-content\\\/uploads\\\/2022\\\/01\\\/washington-dc-tidal-basin-6.jpg\",\"width\":1200,\"height\":200,\"caption\":\"Air Taxi in Washington Online Booking\"},{\"@type\":\"BreadcrumbList\",\"@id\":\"https:\\\/\\\/tiketi.com\\\/flying\\\/air-taxi\\\/washington-dc\\\/#breadcrumb\",\"itemListElement\":[{\"@type\":\"ListItem\",\"position\":1,\"name\":\"Home\",\"item\":\"https:\\\/\\\/tiketi.com\\\/\"},{\"@type\":\"ListItem\",\"position\":2,\"name\":\"Flying\",\"item\":\"https:\\\/\\\/tiketi.com\\\/fr-fr\\\/volants\\\/\"},{\"@type\":\"ListItem\",\"position\":3,\"name\":\"Air Taxi\",\"item\":\"https:\\\/\\\/tiketi.com\\\/flying\\\/air-taxi\\\/\"},{\"@type\":\"ListItem\",\"position\":4,\"name\":\"Fly Over Washington DC\u2019s Roads \u2013 Easy Air Taxi Washington Online Bookings\"}]},{\"@type\":\"WebSite\",\"@id\":\"https:\\\/\\\/tiketi.com\\\/#website\",\"url\":\"https:\\\/\\\/tiketi.com\\\/\",\"name\":\"Flight & Bus Tickets, Tour Packages & Activitites - Tiketi.com\",\"description\":\"Flight &amp; Bus Tickets, Tours, Activitites\",\"publisher\":{\"@id\":\"https:\\\/\\\/tiketi.com\\\/#organization\"},\"potentialAction\":[{\"@type\":\"SearchAction\",\"target\":{\"@type\":\"EntryPoint\",\"urlTemplate\":\"https:\\\/\\\/tiketi.com\\\/?s={search_term_string}\"},\"query-input\":{\"@type\":\"PropertyValueSpecification\",\"valueRequired\":true,\"valueName\":\"search_term_string\"}}],\"inLanguage\":\"fr-FR\"},{\"@type\":\"Organization\",\"@id\":\"https:\\\/\\\/tiketi.com\\\/#organization\",\"name\":\"Tiketi.com\",\"alternateName\":\"Tiketi\",\"url\":\"https:\\\/\\\/tiketi.com\\\/\",\"logo\":{\"@type\":\"ImageObject\",\"inLanguage\":\"fr-FR\",\"@id\":\"https:\\\/\\\/tiketi.com\\\/#\\\/schema\\\/logo\\\/image\\\/\",\"url\":\"https:\\\/\\\/tiketi.com\\\/wp-content\\\/uploads\\\/2019\\\/05\\\/tiketi-logo-696.png\",\"contentUrl\":\"https:\\\/\\\/tiketi.com\\\/wp-content\\\/uploads\\\/2019\\\/05\\\/tiketi-logo-696.png\",\"width\":696,\"height\":696,\"caption\":\"Tiketi.com\"},\"image\":{\"@id\":\"https:\\\/\\\/tiketi.com\\\/#\\\/schema\\\/logo\\\/image\\\/\"},\"sameAs\":[\"https:\\\/\\\/www.facebook.com\\\/TiketiCom\\\/\"]}]}<\/script>\n<!-- \/ Yoast SEO plugin. -->","yoast_head_json":{"title":"Book an Air Taxi in Washington DC Online | Cheap Flying Taxi Fare","description":"Book an air taxi in Washington D.C. online with our app. Compare routes, fares, & flight tickets for air taxis, & find affordable flying taxi options","robots":{"index":"index","follow":"follow","max-snippet":"max-snippet:-1","max-image-preview":"max-image-preview:large","max-video-preview":"max-video-preview:-1"},"canonical":"https:\/\/tiketi.com\/fr-fr\/volants\/taxi-aerien\/washington-dc\/","og_locale":"fr_FR","og_type":"article","og_title":"Book an Air Taxi in Washington DC Online | Cheap Flying Taxi Fare","og_description":"Book an air taxi in Washington D.C. online with our app. Compare routes, fares, & flight tickets for air taxis, & find affordable flying taxi options","og_url":"https:\/\/tiketi.com\/fr-fr\/volants\/taxi-aerien\/washington-dc\/","og_site_name":"Tiketi.com","article_publisher":"https:\/\/www.facebook.com\/TiketiCom\/","article_modified_time":"2025-07-22T09:19:09+00:00","og_image":[{"width":1200,"height":200,"url":"https:\/\/tiketi.com\/wp-content\/uploads\/2022\/01\/washington-dc-tidal-basin-6.jpg","type":"image\/jpeg"}],"twitter_card":"summary_large_image","twitter_misc":{"Dur\u00e9e de lecture estim\u00e9e":"7 minutes"},"schema":{"@context":"https:\/\/schema.org","@graph":[{"@type":"WebPage","@id":"https:\/\/tiketi.com\/flying\/air-taxi\/washington-dc\/","url":"https:\/\/tiketi.com\/flying\/air-taxi\/washington-dc\/","name":"Book an Air Taxi in Washington DC Online | Cheap Flying Taxi Fare","isPartOf":{"@id":"https:\/\/tiketi.com\/#website"},"primaryImageOfPage":{"@id":"https:\/\/tiketi.com\/flying\/air-taxi\/washington-dc\/#primaryimage"},"image":{"@id":"https:\/\/tiketi.com\/flying\/air-taxi\/washington-dc\/#primaryimage"},"thumbnailUrl":"https:\/\/tiketi.com\/wp-content\/uploads\/2022\/01\/washington-dc-tidal-basin-6.jpg","datePublished":"2022-01-19T11:53:34+00:00","dateModified":"2025-07-22T09:19:09+00:00","description":"Book an air taxi in Washington D.C. online with our app. Compare routes, fares, & flight tickets for air taxis, & find affordable flying taxi options","breadcrumb":{"@id":"https:\/\/tiketi.com\/flying\/air-taxi\/washington-dc\/#breadcrumb"},"inLanguage":"fr-FR","potentialAction":[{"@type":"ReadAction","target":["https:\/\/tiketi.com\/flying\/air-taxi\/washington-dc\/"]}]},{"@type":"ImageObject","inLanguage":"fr-FR","@id":"https:\/\/tiketi.com\/flying\/air-taxi\/washington-dc\/#primaryimage","url":"https:\/\/tiketi.com\/wp-content\/uploads\/2022\/01\/washington-dc-tidal-basin-6.jpg","contentUrl":"https:\/\/tiketi.com\/wp-content\/uploads\/2022\/01\/washington-dc-tidal-basin-6.jpg","width":1200,"height":200,"caption":"Air Taxi in Washington Online Booking"},{"@type":"BreadcrumbList","@id":"https:\/\/tiketi.com\/flying\/air-taxi\/washington-dc\/#breadcrumb","itemListElement":[{"@type":"ListItem","position":1,"name":"Home","item":"https:\/\/tiketi.com\/"},{"@type":"ListItem","position":2,"name":"Flying","item":"https:\/\/tiketi.com\/fr-fr\/volants\/"},{"@type":"ListItem","position":3,"name":"Air Taxi","item":"https:\/\/tiketi.com\/flying\/air-taxi\/"},{"@type":"ListItem","position":4,"name":"Fly Over Washington DC\u2019s Roads \u2013 Easy Air Taxi Washington Online Bookings"}]},{"@type":"WebSite","@id":"https:\/\/tiketi.com\/#website","url":"https:\/\/tiketi.com\/","name":"Billets d&#039;avion et de bus, forfaits touristiques et activit\u00e9s - Tiketi.com","description":"Billets d&#039;avion et de bus, Tours, Activit\u00e9s","publisher":{"@id":"https:\/\/tiketi.com\/#organization"},"potentialAction":[{"@type":"SearchAction","target":{"@type":"EntryPoint","urlTemplate":"https:\/\/tiketi.com\/?s={search_term_string}"},"query-input":{"@type":"PropertyValueSpecification","valueRequired":true,"valueName":"search_term_string"}}],"inLanguage":"fr-FR"},{"@type":"Organization","@id":"https:\/\/tiketi.com\/#organization","name":"Tiketi.com","alternateName":"Tiketi","url":"https:\/\/tiketi.com\/","logo":{"@type":"ImageObject","inLanguage":"fr-FR","@id":"https:\/\/tiketi.com\/#\/schema\/logo\/image\/","url":"https:\/\/tiketi.com\/wp-content\/uploads\/2019\/05\/tiketi-logo-696.png","contentUrl":"https:\/\/tiketi.com\/wp-content\/uploads\/2019\/05\/tiketi-logo-696.png","width":696,"height":696,"caption":"Tiketi.com"},"image":{"@id":"https:\/\/tiketi.com\/#\/schema\/logo\/image\/"},"sameAs":["https:\/\/www.facebook.com\/TiketiCom\/"]}]}},"_links":{"self":[{"href":"https:\/\/tiketi.com\/fr-fr\/wp-json\/wp\/v2\/pages\/10602","targetHints":{"allow":["GET"]}}],"collection":[{"href":"https:\/\/tiketi.com\/fr-fr\/wp-json\/wp\/v2\/pages"}],"about":[{"href":"https:\/\/tiketi.com\/fr-fr\/wp-json\/wp\/v2\/types\/page"}],"author":[{"embeddable":true,"href":"https:\/\/tiketi.com\/fr-fr\/wp-json\/wp\/v2\/users\/1"}],"replies":[{"embeddable":true,"href":"https:\/\/tiketi.com\/fr-fr\/wp-json\/wp\/v2\/comments?post=10602"}],"version-history":[{"count":4,"href":"https:\/\/tiketi.com\/fr-fr\/wp-json\/wp\/v2\/pages\/10602\/revisions"}],"predecessor-version":[{"id":32072,"href":"https:\/\/tiketi.com\/fr-fr\/wp-json\/wp\/v2\/pages\/10602\/revisions\/32072"}],"up":[{"embeddable":true,"href":"https:\/\/tiketi.com\/fr-fr\/wp-json\/wp\/v2\/pages\/25621"}],"wp:featuredmedia":[{"embeddable":true,"href":"https:\/\/tiketi.com\/fr-fr\/wp-json\/wp\/v2\/media\/14358"}],"wp:attachment":[{"href":"https:\/\/tiketi.com\/fr-fr\/wp-json\/wp\/v2\/media?parent=10602"}],"curies":[{"name":"wp","href":"https:\/\/api.w.org\/{rel}","templated":true}]}}