{"id":10603,"date":"2022-01-19T12:53:34","date_gmt":"2022-01-19T11:53:34","guid":{"rendered":"https:\/\/new.tiketi.com\/france-air-taxi-booking-app-electric-flying-taxis\/"},"modified":"2025-09-30T14:38:13","modified_gmt":"2025-09-30T12:38:13","slug":"france","status":"publish","type":"page","link":"https:\/\/tiketi.com\/fr-fr\/volants\/taxi-aerien\/france\/","title":{"rendered":"Survolez les routes de France \u2013 R\u00e9servez facilement votre taxi a\u00e9rien en ligne avec Easy Air Taxi France"},"content":{"rendered":"<h2>R\u00e9servez un taxi volant en France \u2013 Un moyen de transport urbain rapide, \u00e9cologique et abordable<\/h2>\r\n<p>L&#039;application de r\u00e9servation en ligne Cheap air taxi in France permet de r\u00e9server facilement des billets d&#039;h\u00e9licopt\u00e8re et de taxi a\u00e9rien. En France, les taxis a\u00e9riens permettent de se d\u00e9placer rapidement et \u00e0 moindre co\u00fbt \u00e0 travers la ville.<span style=\"font-size: 16px;\"> C\u00e9l\u00e8bre pour ses fromages et ses vins, la France est la premi\u00e8re destination touristique mondiale, accueillant 82 millions de visiteurs \u00e9trangers chaque ann\u00e9e. Les visiteurs sont attir\u00e9s par ses villes historiques, sa campagne charmante, les ch\u00e2teaux de la Loire, de Normandie et de Bretagne. De plus, la France offre un climat agr\u00e9able, de superbes plages sur la C\u00f4te d&#039;Azur, la c\u00f4te atlantique et en Corse, de nombreuses possibilit\u00e9s de sports d&#039;hiver, notamment dans les Pyr\u00e9n\u00e9es et les Alpes, et une culture riche, avec des vins et une gastronomie parmi les plus r\u00e9put\u00e9s au monde. Comme pour de nombreux autres services, vous pourrez r\u00e9server un taxi a\u00e9rien en France \u00e0 tout moment et o\u00f9 que vous soyez, via l&#039;application d\u00e9di\u00e9e.<\/span><\/p>\r\n<h2>Comment fonctionne notre service de taxi a\u00e9rien ?<\/h2>\r\n<p>R\u00e9server votre taxi a\u00e9rien est aussi simple que de r\u00e9server une course\u00a0:<\/p>\r\n<ol>\r\n<li><strong>Ouvrez le <a href=\"https:\/\/tiketi.com\/fr-fr\/download-tiketi-app\/\" target=\"_blank\" rel=\"noopener\">Application Tiketi<\/a> ou site Web<\/strong><\/li>\r\n<li><strong>Choisissez votre d\u00e9part<\/strong> \u2013 Choisissez parmi un r\u00e9seau croissant de vertiports : Paris (La D\u00e9fense, Gare de Lyon, CDG), Lyon Part-Dieu, Marseille Vieux-Port, etc.<\/li>\r\n<li><strong>Choisissez votre avion<\/strong> \u2013 Choisissez un \u00e9l\u00e9gant taxi a\u00e9rien tout \u00e9lectrique \u00e0 2 ou 4 places<\/li>\r\n<li>\u00a0<strong>Confirmer et voler<\/strong> \u2013 R\u00e9servez votre vol et arrivez \u00e0 l\u2019a\u00e9roport d\u00e9sign\u00e9.<\/li>\r\n<\/ol>\r\n<p>Depuis les airs, admirez des vues \u00e0 couper le souffle \u2014 des toits de Paris et de la vall\u00e9e du Rh\u00f4ne \u00e0 la c\u00f4te de la C\u00f4te d&#039;Azur \u2014 tout en \u00e9vitant les d\u00e9sagr\u00e9ments du sol.<\/p>\r\n<h2>Lignes de taxis volants en France \u2013 Des liaisons a\u00e9riennes exceptionnelles<\/h2>\r\n<p>La France est \u00e0 la pointe de la mobilit\u00e9 a\u00e9rienne urbaine, notamment en pr\u00e9vision du d\u00e9ploiement des eVTOL \u00e0 Paris en 2024-2025. Les liaisons initiales et \u00e0 venir comprennent\u00a0:<\/p>\r\n<ul>\r\n<li><strong>Paris Gare de Lyon \u2192 A\u00e9roport de Paris Charles de Gaulle (CDG)<\/strong> \u2013 ~10 minutes (contre 45 \u00e0 60 minutes et plus en taxi)<\/li>\r\n<li><strong>Lyon Part-Dieu \u2192 A\u00e9roport Lyon-Saint Exup\u00e9ry<\/strong> \u2013 environ 8 minutes<\/li>\r\n<li><strong>Marseille Vieux-Port \u2192 A\u00e9roport Marseille Provence<\/strong> \u2013 environ 10 minutes<\/li>\r\n<li><strong>Nice \u2192 Monaco<\/strong> \u2013 environ 12 minutes<\/li>\r\n<\/ul>\r\n<p>Lignes interurbaines en d\u00e9veloppement\u00a0:<\/p>\r\n<ul>\r\n<li><strong>Paris \u2192 Versailles<\/strong> (~12 minutes)<\/li>\r\n<li><strong>Bordeaux \u2192 Arcachon<\/strong> (~15 minutes)<\/li>\r\n<li><strong>Lyon \u2192 Gen\u00e8ve<\/strong> (~30 minutes)<\/li>\r\n<li><strong>Toulouse \u2192 Montpellier<\/strong> (~35 minutes)<\/li>\r\n<\/ul>\r\n<p>Ces services sont rendus possibles gr\u00e2ce au soutien de la DGAC (Direction g\u00e9n\u00e9rale de l&#039;aviation civile) et des programmes r\u00e9gionaux de mobilit\u00e9 intelligente. La France devrait accueillir le premier r\u00e9seau commercial d&#039;eVTOL d&#039;Europe d&#039;ici 2025-2026.<\/p>\r\n<h2>Options de tarification et de r\u00e9servation des taxis volants<\/h2>\r\n<p>Con\u00e7u pour \u00eatre comp\u00e9titif avec les transports terrestres haut de gamme\u00a0:<\/p>\r\n<ul>\r\n<li><strong>Tarifs actuels\u00a0:<\/strong> ~6 \u00e0 10 \u20ac par passager-kilom\u00e8tre (les prix devraient baisser \u00e0 mesure que les op\u00e9rations se d\u00e9veloppent)<\/li>\r\n<li><strong>Exemple : Paris \u2192 CDG<\/strong> (~30 km) = 180 \u20ac\u2013300 \u20ac, comp\u00e9titif avec les transferts a\u00e9roport avec chauffeur.<\/li>\r\n<\/ul>\r\n<p>\u00c0 venir:<\/p>\r\n<ul>\r\n<li><strong>Abonnements navetteurs (ex : La D\u00e9fense \u2194 a\u00e9roports de Paris)<\/strong><\/li>\r\n<li><strong>Forfaits de vols touristiques et itin\u00e9raires a\u00e9riens panoramiques<\/strong><\/li>\r\n<li><strong>Forfaits entreprises et VIP<\/strong><\/li>\r\n<\/ul>\r\n<p>R\u00e9servez via notre application, notre site web ou notre service de conciergerie, et demandez des services suppl\u00e9mentaires comme l&#039;acc\u00e8s prioritaire \u00e0 l&#039;a\u00e9roport, le service de bagages ou la prise en charge \u00e0 l&#039;h\u00f4tel.<\/p>\r\n<h2>Qui construit les passerelles urbaines fran\u00e7aises ?<\/h2>\r\n<p>La France est \u00e0 l&#039;avant-garde de la r\u00e9volution eVTOL en Europe, gr\u00e2ce \u00e0 :<\/p>\r\n<ul>\r\n<li><strong>Volocopter &amp; Groupe ADP (A\u00e9roports de Paris)<\/strong> \u2013 Un partenariat pour le lancement de services eVTOL en r\u00e9gion parisienne, notamment pour les Jeux olympiques de 2024.<\/li>\r\n<li><strong>Airbus City<\/strong> \u2013 D\u00e9veloppement de taxis a\u00e9riens enti\u00e8rement \u00e9lectriques \u00e0 Toulouse, soutenu par l&#039;innovation a\u00e9rospatiale fran\u00e7aise.<\/li>\r\n<li><strong>A\u00e9roport urbain et Skyports<\/strong> \u2013 Construction d&#039;infrastructures de vertiports \u00e0 Paris, Lyon et Nice.<\/li>\r\n<li><strong>Gouvernement local et national<\/strong> \u2013 Le Plan France 2030 de la France inclut la mobilit\u00e9 a\u00e9rienne urbaine comme un pilier essentiel de l&#039;innovation en mati\u00e8re de transport durable.<\/li>\r\n<\/ul>\r\n<h2>Foire aux questions<\/h2>\r\n<h3>Pourquoi prendre un taxi a\u00e9rien ?<\/h3>\r\n<p>La France est r\u00e9put\u00e9e pour son charme, son \u00e9l\u00e9gance\u2026 et ses embouteillages croissants. Entre les bouchons sur le p\u00e9riph\u00e9rique parisien et les retards sur le RER bond\u00e9, se d\u00e9placer, m\u00eame dans les m\u00e9tropoles les plus prestigieuses, peut s&#039;av\u00e9rer un v\u00e9ritable d\u00e9fi au quotidien. Que vous soyez en d\u00e9placement professionnel \u00e0 Lyon, en route pour une r\u00e9union \u00e0 La D\u00e9fense ou en route pour l&#039;a\u00e9roport depuis le centre de Marseille, le temps est trop souvent perdu dans les embouteillages ou les gr\u00e8ves des transports.<br \/>Voil\u00e0 pourquoi prendre l&#039;avion est une solution id\u00e9ale. Nos taxis a\u00e9riens \u00e9lectriques \u00e0 d\u00e9collage et atterrissage vertical (eVTOL) offrent un moyen de transport plus rapide, plus propre et plus confortable. \u00c9vitez les embouteillages, les quais bond\u00e9s et traversez la ville en quelques minutes seulement.<\/p>\r\n<h3>Est-ce s\u00fbr?<\/h3>\r\n<p>Oui. Tous les vols sont pilot\u00e9s par des professionnels certifi\u00e9s et respectent les normes de s\u00e9curit\u00e9 les plus strictes, avec de multiples syst\u00e8mes de s\u00e9curit\u00e9 redondants int\u00e9gr\u00e9s.<\/p>\r\n<h3>Les vols peuvent-ils \u00eatre assur\u00e9s par mauvais temps\u00a0?<\/h3>\r\n<p>Votre s\u00e9curit\u00e9 est notre priorit\u00e9 absolue. En cas d&#039;intemp\u00e9ries, nous vous en informerons imm\u00e9diatement et vous aiderons \u00e0 reporter votre r\u00e9servation ou \u00e0 obtenir un remboursement int\u00e9gral.<\/p>\r\n<h3>Puis-je apporter des bagages ?<\/h3>\r\n<p>Les bagages \u00e0 main sont les bienvenus. Pour les objets plus volumineux, nous organiserons leur transport terrestre jusqu&#039;\u00e0 votre destination.<\/p>\r\n<!-- \/wp:post-content -->\r\n\r\n<!-- wp:heading -->\r\n<h2>Voici quelques-uns des meilleurs avantages du taxi volant France<\/h2>\r\n<h3>Les taxis a\u00e9riens \u00e9lectriques permettent-ils de gagner du temps en France\u00a0?<\/h3>\r\n<!-- \/wp:heading -->\r\n\r\n<!-- wp:paragraph -->\r\n<p>Attendre un taxi \u00e0 l&#039;a\u00e9roport peut entra\u00eener de longues files d&#039;attente, principalement pendant les vacances. Mais avec les taxis volants en France, vous n\u2019avez pas \u00e0 faire la queue longtemps juste pour obtenir votre propre v\u00e9hicule. Les taxis drones en France peuvent \u00eatre r\u00e9serv\u00e9s en ligne via l&#039;application Taxis volants en France, ce qui vous fait gagner plus de temps et vous permet d&#039;\u00e9viter les formalit\u00e9s administratives.<\/p>\r\n<!-- \/wp:paragraph -->\r\n\r\n<!-- wp:heading {\"level\":3} -->\r\n<h3>Les taxis volants \u00e9lectriques constituent-ils une option de transport \u00e0 grande vitesse en France\u00a0?<\/h3>\r\n<p>Le syst\u00e8me ciblera \u00e9galement les zones rurales, o\u00f9 la construction d&#039;autoroutes ou de trains \u00e0 grande vitesse n&#039;aurait pas de sens financi\u00e8rement. En France, par exemple, une petite ville des Pyr\u00e9n\u00e9es peut \u00eatre \u00e0 2 heures en v\u00e9hicule d&#039;une ville comme Toulouse, dont une heure sur une grande autoroute puis une autre heure sur de petites routes rurales. En th\u00e9orie, les drones taxis \u00e9lectriques en France pourraient r\u00e9duire ce trajet \u00e0 trente minutes.<\/p>\r\n<h3>Les taxis a\u00e9riens \u00e9lectriques en France ont-ils de tr\u00e8s faibles \u00e9missions de carbone\u00a0?<\/h3>\r\n<!-- \/wp:heading -->\r\n\r\n<!-- wp:paragraph -->\r\n<p>Pr\u00e8s de quatre millions d&#039;enfants souffrent d&#039;asthme chaque ann\u00e9e \u00e0 cause de la pollution des v\u00e9hicules. Et, tout le monde sait pertinemment que les gaz \u00e0 effet de serre \u00e9mis par les v\u00e9hicules qui utilisent des carburants fossiles aggravent l&#039;impact du changement climatique et du r\u00e9chauffement climatique. Par cons\u00e9quent, la pollution des v\u00e9hicules est une grande pr\u00e9occupation. Les producteurs de taxis drones utiliseront l&#039;\u00e9lectricit\u00e9 pour alimenter leurs v\u00e9hicules. Ainsi, les taxis drones n&#039;\u00e9mettront pas de gaz \u00e0 effet de serre. Par cons\u00e9quent, ces taxis peuvent contribuer \u00e0 r\u00e9duire l&#039;impact du changement climatique. Alors r\u00e9servez votre taxi avec l&#039;aide de l&#039;application drone taxis en France d\u00e8s maintenant.<\/p>\r\n<h3>Combien co\u00fbtera un taxi volant \u00e9lectrique en France ?<\/h3>\r\n<!-- \/wp:paragraph -->\r\n\r\n<!-- wp:paragraph -->\r\n<p>Dans un premier temps, les taxis a\u00e9riens en France co\u00fbteront environ $5,73 par passager-mile. Vous pouvez facilement r\u00e9server un taxi a\u00e9rien par drone via l&#039;application Taxis volants \u00e9lectriques en France. Le prix du taxi volant en France chutera ensuite \u00e0 $1,85 par passager-mile avant de finalement atteindre le tarif incroyable du client drone taxi en France de $0,44 par mile.<\/p>\r\n<h3>Quels sont les avantages de r\u00e9server un taxi a\u00e9rien \u00e9lectrique via une application de r\u00e9servation en ligne en France\u00a0?<\/h3>\r\n<!-- \/wp:paragraph -->\r\n\r\n<!-- wp:paragraph -->\r\n<p>Parmi ses autres avantages, la r\u00e9servation en ligne de taxi drone en France pourrait apporter un boom \u00e9conomique en augmentant le nombre de personnes se dirigeant vers des lieux de loisirs et de tourisme \u00e9loign\u00e9s des grands a\u00e9roports.<\/p>\r\n<!-- \/wp:paragraph -->\r\n\r\n<!-- wp:heading {\"level\":3} -->\r\n<h3 id=\"would-drone-air-taxi-in-dubai-online-booking-app-be-used-to-book-a-electric-air-taxi-flight\" class=\"wp-block-heading\">L&#039;application de r\u00e9servation en ligne des taxis a\u00e9riens en France peut-elle \u00eatre utilis\u00e9e pour r\u00e9server des billets de vol en taxi a\u00e9rien \u00e9lectrique\u00a0?<\/h3>\r\n<!-- \/wp:heading -->\r\n\r\n<!-- wp:paragraph -->\r\n<p>Oui, les clients peuvent utiliser en toute transparence l&#039;application de r\u00e9servation en ligne de taxi a\u00e9rien \u00e9lectrique en France pour trouver le meilleur itin\u00e9raire et r\u00e9server un vol de taxi drone en France \u00e0 tout moment et n&#039;importe o\u00f9.<\/p>\r\n<h2>Autres vols populaires en taxi a\u00e9rien<\/h2>\r\n<table border=\"0\" cellspacing=\"1\" cellpadding=\"1\">\r\n<tbody>\r\n<tr>\r\n<td>Bon march\u00e9 <a href=\"https:\/\/tiketi.com\/fr-fr\/volants\/taxi-aerien\/paris\/\" target=\"_blank\" rel=\"noopener\">taxi a\u00e9rien \u00e0 Paris<\/a>\u00a0<\/td>\r\n<td style=\"width: 30px;\">\u00a0<\/td>\r\n<td>Bon march\u00e9 <a href=\"https:\/\/tiketi.com\/fr-fr\/volants\/taxi-aerien\/pontoise-to-paris\/\">Taxi a\u00e9rien de Pontoise \u00e0 Paris<\/a><\/td>\r\n<td style=\"width: 30px;\">\u00a0<\/td>\r\n<td>Bon march\u00e9 <a href=\"https:\/\/tiketi.com\/fr-fr\/volants\/taxi-aerien\/marseille\/\" target=\"_blank\" rel=\"noopener\">Taxi a\u00e9rien \u00e0 Marseille<\/a><\/td>\r\n<\/tr>\r\n<tr>\r\n<td>Bon march\u00e9 <a href=\"https:\/\/tiketi.com\/fr-fr\/volants\/taxi-aerien\/cote-dazur\/\" target=\"_blank\" rel=\"noopener\">taxi a\u00e9rien sur la C\u00f4te d&#039;Azur<\/a><\/td>\r\n<td style=\"width: 30px;\">\u00a0<\/td>\r\n<td>Bon march\u00e9 <a href=\"https:\/\/tiketi.com\/fr-fr\/flying\/air-taxi\/cannes\/\" target=\"_blank\" rel=\"noopener\">taxi a\u00e9rien \u00e0 Cannes<\/a><\/td>\r\n<td style=\"width: 30px;\">\u00a0<\/td>\r\n<td>Bon march\u00e9 <a href=\"https:\/\/tiketi.com\/fr-fr\/flying\/air-taxi\/monaco\/\" target=\"_blank\" rel=\"noopener\">Taxi a\u00e9rien \u00e0 Monaco<\/a><\/td>\r\n<\/tr>\r\n<tr>\r\n<td>Bon march\u00e9 <a href=\"https:\/\/tiketi.com\/fr-fr\/volants\/taxi-aerien\/nice\/\" target=\"_blank\" rel=\"noopener\">taxi a\u00e9rien \u00e0 Nice<\/a><\/td>\r\n<td style=\"width: 30px;\">\u00a0<\/td>\r\n<td>Bon march\u00e9 <a href=\"https:\/\/tiketi.com\/fr-fr\/volants\/taxi-aerien\/saint-tropez\/\" target=\"_blank\" rel=\"noopener\">taxi a\u00e9rien \u00e0 Saint-Tropez<\/a><\/td>\r\n<td style=\"width: 30px;\">\u00a0<\/td>\r\n<td>Bon march\u00e9 <a href=\"https:\/\/tiketi.com\/fr-fr\/volants\/taxi-aerien\/rome\/\" target=\"_blank\" rel=\"noopener\">taxi a\u00e9rien \u00e0 Rome<\/a><\/td>\r\n<\/tr>\r\n<\/tbody>\r\n<\/table>\r\n<p>&nbsp;<\/p>\r\n<p>&nbsp;<\/p>","protected":false},"excerpt":{"rendered":"<p>Book a Flying Taxi in France \u2013 Fast, Green, and Affordable Urban Travel The Cheap air taxi in France online booking app allows users to easily reserve helicopter and flying taxi flight tickets. Air taxis in France make it possible to travel quickly and affordably across the city. Popular for its cheese and wines, France [&hellip;]<\/p>\n","protected":false},"author":1,"featured_media":14315,"parent":25621,"menu_order":0,"comment_status":"open","ping_status":"closed","template":"template-home-modern.php","meta":{"footnotes":""},"class_list":["post-10603","page","type-page","status-publish","has-post-thumbnail","hentry"],"yoast_head":"<!-- This site is optimized with the Yoast SEO plugin v27.2 - https:\/\/yoast.com\/product\/yoast-seo-wordpress\/ -->\n<title>Book an Air Taxi in France Online | Cheap Flying Taxi Fares<\/title>\n<meta name=\"description\" content=\"Book an air taxi in France online with our app. Compare routes, fares, &amp; flight tickets for air taxis, &amp; find affordable flying taxi options\" \/>\n<meta name=\"robots\" content=\"index, follow, max-snippet:-1, max-image-preview:large, max-video-preview:-1\" \/>\n<link rel=\"canonical\" href=\"https:\/\/tiketi.com\/fr-fr\/volants\/taxi-aerien\/france\/\" \/>\n<meta property=\"og:locale\" content=\"fr_FR\" \/>\n<meta property=\"og:type\" content=\"article\" \/>\n<meta property=\"og:title\" content=\"Book an Air Taxi in France Online | Cheap Flying Taxi Fares\" \/>\n<meta property=\"og:description\" content=\"Book an air taxi in France online with our app. Compare routes, fares, &amp; flight tickets for air taxis, &amp; find affordable flying taxi options\" \/>\n<meta property=\"og:url\" content=\"https:\/\/tiketi.com\/fr-fr\/volants\/taxi-aerien\/france\/\" \/>\n<meta property=\"og:site_name\" content=\"Tiketi.com\" \/>\n<meta property=\"article:publisher\" content=\"https:\/\/www.facebook.com\/TiketiCom\/\" \/>\n<meta property=\"article:modified_time\" content=\"2025-09-30T12:38:13+00:00\" \/>\n<meta property=\"og:image\" content=\"https:\/\/tiketi.com\/wp-content\/uploads\/2022\/01\/paris-1836415_1280.jpg\" \/>\n\t<meta property=\"og:image:width\" content=\"1200\" \/>\n\t<meta property=\"og:image:height\" content=\"210\" \/>\n\t<meta property=\"og:image:type\" content=\"image\/jpeg\" \/>\n<meta name=\"twitter:card\" content=\"summary_large_image\" \/>\n<meta name=\"twitter:label1\" content=\"Dur\u00e9e de lecture estim\u00e9e\" \/>\n\t<meta name=\"twitter:data1\" content=\"6 minutes\" \/>\n<script type=\"application\/ld+json\" class=\"yoast-schema-graph\">{\"@context\":\"https:\/\/schema.org\",\"@graph\":[{\"@type\":\"WebPage\",\"@id\":\"https:\/\/tiketi.com\/flying\/air-taxi\/france\/\",\"url\":\"https:\/\/tiketi.com\/flying\/air-taxi\/france\/\",\"name\":\"Book an Air Taxi in France Online | Cheap Flying Taxi Fares\",\"isPartOf\":{\"@id\":\"https:\/\/tiketi.com\/#website\"},\"primaryImageOfPage\":{\"@id\":\"https:\/\/tiketi.com\/flying\/air-taxi\/france\/#primaryimage\"},\"image\":{\"@id\":\"https:\/\/tiketi.com\/flying\/air-taxi\/france\/#primaryimage\"},\"thumbnailUrl\":\"https:\/\/tiketi.com\/wp-content\/uploads\/2022\/01\/paris-1836415_1280.jpg\",\"datePublished\":\"2022-01-19T11:53:34+00:00\",\"dateModified\":\"2025-09-30T12:38:13+00:00\",\"description\":\"Book an air taxi in France online with our app. Compare routes, fares, & flight tickets for air taxis, & find affordable flying taxi options\",\"breadcrumb\":{\"@id\":\"https:\/\/tiketi.com\/flying\/air-taxi\/france\/#breadcrumb\"},\"inLanguage\":\"fr-FR\",\"potentialAction\":[{\"@type\":\"ReadAction\",\"target\":[\"https:\/\/tiketi.com\/flying\/air-taxi\/france\/\"]}]},{\"@type\":\"ImageObject\",\"inLanguage\":\"fr-FR\",\"@id\":\"https:\/\/tiketi.com\/flying\/air-taxi\/france\/#primaryimage\",\"url\":\"https:\/\/tiketi.com\/wp-content\/uploads\/2022\/01\/paris-1836415_1280.jpg\",\"contentUrl\":\"https:\/\/tiketi.com\/wp-content\/uploads\/2022\/01\/paris-1836415_1280.jpg\",\"width\":1200,\"height\":210,\"caption\":\"Air Taxi in Paris\"},{\"@type\":\"BreadcrumbList\",\"@id\":\"https:\/\/tiketi.com\/flying\/air-taxi\/france\/#breadcrumb\",\"itemListElement\":[{\"@type\":\"ListItem\",\"position\":1,\"name\":\"Home\",\"item\":\"https:\/\/tiketi.com\/\"},{\"@type\":\"ListItem\",\"position\":2,\"name\":\"Flying\",\"item\":\"https:\/\/tiketi.com\/fr-fr\/volants\/\"},{\"@type\":\"ListItem\",\"position\":3,\"name\":\"Air Taxi\",\"item\":\"https:\/\/tiketi.com\/flying\/air-taxi\/\"},{\"@type\":\"ListItem\",\"position\":4,\"name\":\"Fly Over France\u2019s Roads \u2013 Easy Air Taxi France Online Bookings\"}]},{\"@type\":\"WebSite\",\"@id\":\"https:\/\/tiketi.com\/#website\",\"url\":\"https:\/\/tiketi.com\/\",\"name\":\"Flight & Bus Tickets, Tour Packages & Activitites - Tiketi.com\",\"description\":\"Flight &amp; Bus Tickets, Tours, Activitites\",\"publisher\":{\"@id\":\"https:\/\/tiketi.com\/#organization\"},\"potentialAction\":[{\"@type\":\"SearchAction\",\"target\":{\"@type\":\"EntryPoint\",\"urlTemplate\":\"https:\/\/tiketi.com\/?s={search_term_string}\"},\"query-input\":{\"@type\":\"PropertyValueSpecification\",\"valueRequired\":true,\"valueName\":\"search_term_string\"}}],\"inLanguage\":\"fr-FR\"},{\"@type\":\"Organization\",\"@id\":\"https:\/\/tiketi.com\/#organization\",\"name\":\"Tiketi.com\",\"alternateName\":\"Tiketi\",\"url\":\"https:\/\/tiketi.com\/\",\"logo\":{\"@type\":\"ImageObject\",\"inLanguage\":\"fr-FR\",\"@id\":\"https:\/\/tiketi.com\/#\/schema\/logo\/image\/\",\"url\":\"https:\/\/tiketi.com\/wp-content\/uploads\/2019\/05\/tiketi-logo-696.png\",\"contentUrl\":\"https:\/\/tiketi.com\/wp-content\/uploads\/2019\/05\/tiketi-logo-696.png\",\"width\":696,\"height\":696,\"caption\":\"Tiketi.com\"},\"image\":{\"@id\":\"https:\/\/tiketi.com\/#\/schema\/logo\/image\/\"},\"sameAs\":[\"https:\/\/www.facebook.com\/TiketiCom\/\"]}]}<\/script>\n<!-- \/ Yoast SEO plugin. -->","yoast_head_json":{"title":"R\u00e9servez un taxi a\u00e9rien en France en ligne | Tarifs avantageux pour les taxis a\u00e9riens","description":"R\u00e9servez un taxi a\u00e9rien en France en ligne avec notre application. Comparez les itin\u00e9raires, les tarifs et les billets d&#039;avion, et trouvez des options de taxi a\u00e9rien abordables.","robots":{"index":"index","follow":"follow","max-snippet":"max-snippet:-1","max-image-preview":"max-image-preview:large","max-video-preview":"max-video-preview:-1"},"canonical":"https:\/\/tiketi.com\/fr-fr\/volants\/taxi-aerien\/france\/","og_locale":"fr_FR","og_type":"article","og_title":"Book an Air Taxi in France Online | Cheap Flying Taxi Fares","og_description":"Book an air taxi in France online with our app. Compare routes, fares, & flight tickets for air taxis, & find affordable flying taxi options","og_url":"https:\/\/tiketi.com\/fr-fr\/volants\/taxi-aerien\/france\/","og_site_name":"Tiketi.com","article_publisher":"https:\/\/www.facebook.com\/TiketiCom\/","article_modified_time":"2025-09-30T12:38:13+00:00","og_image":[{"width":1200,"height":210,"url":"https:\/\/tiketi.com\/wp-content\/uploads\/2022\/01\/paris-1836415_1280.jpg","type":"image\/jpeg"}],"twitter_card":"summary_large_image","twitter_misc":{"Dur\u00e9e de lecture estim\u00e9e":"6 minutes"},"schema":{"@context":"https:\/\/schema.org","@graph":[{"@type":"WebPage","@id":"https:\/\/tiketi.com\/flying\/air-taxi\/france\/","url":"https:\/\/tiketi.com\/flying\/air-taxi\/france\/","name":"R\u00e9servez un taxi a\u00e9rien en France en ligne | Tarifs avantageux pour les taxis a\u00e9riens","isPartOf":{"@id":"https:\/\/tiketi.com\/#website"},"primaryImageOfPage":{"@id":"https:\/\/tiketi.com\/flying\/air-taxi\/france\/#primaryimage"},"image":{"@id":"https:\/\/tiketi.com\/flying\/air-taxi\/france\/#primaryimage"},"thumbnailUrl":"https:\/\/tiketi.com\/wp-content\/uploads\/2022\/01\/paris-1836415_1280.jpg","datePublished":"2022-01-19T11:53:34+00:00","dateModified":"2025-09-30T12:38:13+00:00","description":"R\u00e9servez un taxi a\u00e9rien en France en ligne avec notre application. Comparez les itin\u00e9raires, les tarifs et les billets d&#039;avion, et trouvez des options de taxi a\u00e9rien abordables.","breadcrumb":{"@id":"https:\/\/tiketi.com\/flying\/air-taxi\/france\/#breadcrumb"},"inLanguage":"fr-FR","potentialAction":[{"@type":"ReadAction","target":["https:\/\/tiketi.com\/flying\/air-taxi\/france\/"]}]},{"@type":"ImageObject","inLanguage":"fr-FR","@id":"https:\/\/tiketi.com\/flying\/air-taxi\/france\/#primaryimage","url":"https:\/\/tiketi.com\/wp-content\/uploads\/2022\/01\/paris-1836415_1280.jpg","contentUrl":"https:\/\/tiketi.com\/wp-content\/uploads\/2022\/01\/paris-1836415_1280.jpg","width":1200,"height":210,"caption":"Air Taxi in Paris"},{"@type":"BreadcrumbList","@id":"https:\/\/tiketi.com\/flying\/air-taxi\/france\/#breadcrumb","itemListElement":[{"@type":"ListItem","position":1,"name":"Home","item":"https:\/\/tiketi.com\/"},{"@type":"ListItem","position":2,"name":"Flying","item":"https:\/\/tiketi.com\/fr-fr\/volants\/"},{"@type":"ListItem","position":3,"name":"Air Taxi","item":"https:\/\/tiketi.com\/flying\/air-taxi\/"},{"@type":"ListItem","position":4,"name":"Fly Over France\u2019s Roads \u2013 Easy Air Taxi France Online Bookings"}]},{"@type":"WebSite","@id":"https:\/\/tiketi.com\/#website","url":"https:\/\/tiketi.com\/","name":"Billets d&#039;avion et de bus, forfaits touristiques et activit\u00e9s - Tiketi.com","description":"Billets d&#039;avion et de bus, Tours, Activit\u00e9s","publisher":{"@id":"https:\/\/tiketi.com\/#organization"},"potentialAction":[{"@type":"SearchAction","target":{"@type":"EntryPoint","urlTemplate":"https:\/\/tiketi.com\/?s={search_term_string}"},"query-input":{"@type":"PropertyValueSpecification","valueRequired":true,"valueName":"search_term_string"}}],"inLanguage":"fr-FR"},{"@type":"Organization","@id":"https:\/\/tiketi.com\/#organization","name":"Tiketi.com","alternateName":"Tiketi","url":"https:\/\/tiketi.com\/","logo":{"@type":"ImageObject","inLanguage":"fr-FR","@id":"https:\/\/tiketi.com\/#\/schema\/logo\/image\/","url":"https:\/\/tiketi.com\/wp-content\/uploads\/2019\/05\/tiketi-logo-696.png","contentUrl":"https:\/\/tiketi.com\/wp-content\/uploads\/2019\/05\/tiketi-logo-696.png","width":696,"height":696,"caption":"Tiketi.com"},"image":{"@id":"https:\/\/tiketi.com\/#\/schema\/logo\/image\/"},"sameAs":["https:\/\/www.facebook.com\/TiketiCom\/"]}]}},"_links":{"self":[{"href":"https:\/\/tiketi.com\/fr-fr\/wp-json\/wp\/v2\/pages\/10603","targetHints":{"allow":["GET"]}}],"collection":[{"href":"https:\/\/tiketi.com\/fr-fr\/wp-json\/wp\/v2\/pages"}],"about":[{"href":"https:\/\/tiketi.com\/fr-fr\/wp-json\/wp\/v2\/types\/page"}],"author":[{"embeddable":true,"href":"https:\/\/tiketi.com\/fr-fr\/wp-json\/wp\/v2\/users\/1"}],"replies":[{"embeddable":true,"href":"https:\/\/tiketi.com\/fr-fr\/wp-json\/wp\/v2\/comments?post=10603"}],"version-history":[{"count":10,"href":"https:\/\/tiketi.com\/fr-fr\/wp-json\/wp\/v2\/pages\/10603\/revisions"}],"predecessor-version":[{"id":33889,"href":"https:\/\/tiketi.com\/fr-fr\/wp-json\/wp\/v2\/pages\/10603\/revisions\/33889"}],"up":[{"embeddable":true,"href":"https:\/\/tiketi.com\/fr-fr\/wp-json\/wp\/v2\/pages\/25621"}],"wp:featuredmedia":[{"embeddable":true,"href":"https:\/\/tiketi.com\/fr-fr\/wp-json\/wp\/v2\/media\/14315"}],"wp:attachment":[{"href":"https:\/\/tiketi.com\/fr-fr\/wp-json\/wp\/v2\/media?parent=10603"}],"curies":[{"name":"wp","href":"https:\/\/api.w.org\/{rel}","templated":true}]}}