{"id":10604,"date":"2022-01-19T12:53:34","date_gmt":"2022-01-19T11:53:34","guid":{"rendered":"https:\/\/new.tiketi.com\/miami-air-taxi-booking-app-electric-flying-taxis\/"},"modified":"2025-10-07T08:24:09","modified_gmt":"2025-10-07T06:24:09","slug":"miami","status":"publish","type":"page","link":"https:\/\/tiketi.com\/fr-fr\/volants\/taxi-aerien\/miami\/","title":{"rendered":"Fly Over Miami\u2019s Roads \u2013 Easy Air Taxi Miami Online Bookings"},"content":{"rendered":"<h2 class=\"wp-block-heading\">Book a Flying Taxi in Miami \u2013 Safe, Fast, Eco-Friendly, and Affordable Urban Travel<\/h2>\r\n<!-- \/wp:post-content -->\r\n\r\n<!-- wp:paragraph -->\r\n<p>The Cheap air taxi in Miami online booking app allows users to easily reserve helicopter and flying taxi flight tickets. Air taxis in Miami make it possible to travel quickly and affordably across the city. Beautiful beaches, world class nightlife and limitless shopping opportunities are just a few of the things that Miami is famous for. The city is blessed with hot weather, and lies alongside the amazing water of the Atlantic Ocean and Biscayne Bay. Long a famous visitor place, it has everything you could ever want from a city for a Florida holiday. Visiting Miami is more than just visiting a one city. It is a chance to explore many special neighborhoods, each with distinct culture, style and architecture. From the Art Deco buildings on Miami Beach to the thrill homes in Little Havana, there is an amazingly range of visitor attractions in Miami for you to enjoy and admire. Just like many other services, book eVTOL Miami air taxi service anytime, anywhere, through the app for your electric air taxi flight.<\/p>\r\n<h2>What are the benefits of flying taxis in Miami?<\/h2>\r\n<ul>\r\n<li><strong>Gagnez du temps<\/strong> \u2013 What would take 20\u201330 minutes by car can now be done in under 10 minutes by air.<\/li>\r\n<li><strong>\u00c9cologique et silencieux<\/strong> \u2013 Nos avions \u00e9lectriques sont jusqu&#039;\u00e0 100 fois plus silencieux que les h\u00e9licopt\u00e8res traditionnels et ne produisent aucune \u00e9mission.<\/li>\r\n<li><strong>S\u00e9curit\u00e9 certifi\u00e9e<\/strong> \u2013 Nos avions sont pilot\u00e9s par des pilotes agr\u00e9\u00e9s et sont \u00e9quip\u00e9s de multiples syst\u00e8mes de s\u00e9curit\u00e9 redondants afin de garantir un voyage en toute s\u00e9curit\u00e9.<\/li>\r\n<li><strong>Le luxe sans effort<\/strong> \u2013 D&#039;un simple clic, vous \u00eates parti \u2013 sans tracas, sans stress.<\/li>\r\n<\/ul>\r\n<h2>Comment fonctionne notre service de taxi a\u00e9rien ?<\/h2>\r\n<p>R\u00e9server votre taxi a\u00e9rien est aussi simple que de r\u00e9server une course\u00a0:<\/p>\r\n<ol>\r\n<li><strong>Ouvrez le <a href=\"https:\/\/tiketi.com\/fr-fr\/download-tiketi-app\/\" target=\"_blank\" rel=\"noopener\">Application Tiketi<\/a>\u00a0<\/strong><\/li>\r\n<li><strong>Choisissez votre d\u00e9part<\/strong> from one of Miami\u2019s many vertiports (e.g., Downtown Miami, Miami International Airport, South Beach)<\/li>\r\n<li><strong>Choisissez votre avion<\/strong> \u2013 Choisissez un \u00e9l\u00e9gant taxi a\u00e9rien tout \u00e9lectrique \u00e0 2 ou 4 places<\/li>\r\n<li><strong>Confirmer et partir<\/strong> \u2013 Votre vol est r\u00e9serv\u00e9 en temps r\u00e9el et votre point d&#039;embarquement est pr\u00eat quand vous l&#039;\u00eates.<\/li>\r\n<\/ol>\r\n<p>In just a few minutes, you&#8217;re airborne\u2014soaring above Miami\u2019s breathtaking coastline and vibrant cityscape while bypassing the usual gridlock.<\/p>\r\n<h2>Flying Taxi Routes in Miami \u2013 Sky High in Minutes<\/h2>\r\n<p>Miami\u2019s aerial transport network is rapidly evolving, with several major routes already in the pipeline:<\/p>\r\n<ul>\r\n<li><strong>Miami International Airport \u2192 South Beach<\/strong> \u2013 ~8 minutes (vs. 20-30 minutes by road)<\/li>\r\n<li><strong>Downtown Miami \u2192 Miami International Airport<\/strong> \u2013 10 \u00e0 12 minutes<\/li>\r\n<\/ul>\r\n<p><strong>Les itin\u00e9raires futurs comprennent\u00a0:<\/strong><\/p>\r\n<ul>\r\n<li><strong>South Beach \u2192 Coconut Grove<\/strong> (~7-10 minutes)<\/li>\r\n<li><strong>Miami \u2192 Fort Lauderdale<\/strong> (~15 minutes)<\/li>\r\n<\/ul>\r\n<p>With strong backing from Miami\u2019s aviation authorities, we expect these flying taxi routes to be operational within the next few years.<\/p>\r\n<h2>Flying Taxi in Miami Pricing and Booking Options<\/h2>\r\n<p>Nos prix sont comp\u00e9titifs et con\u00e7us pour offrir un rapport qualit\u00e9-prix maximal\u00a0:<\/p>\r\n<ul>\r\n<li><strong>Tarifs actuels\u00a0:<\/strong> ~$6.00 per passenger-mile (with prices expected to drop to ~$2.50 as demand increases)<\/li>\r\n<li><strong>Exemple:<\/strong> Miami International Airport to South Beach (~10 miles) = $110\u2013$220, comparable to high-end taxi services.<\/li>\r\n<\/ul>\r\n<p><strong>\u00c0 venir:<\/strong><\/p>\r\n<ul>\r\n<li><strong>Plans de transport en commun<\/strong><\/li>\r\n<li><strong>forfaits de groupe et d&#039;entreprise<\/strong><\/li>\r\n<li><strong>Remises sur volume<\/strong><\/li>\r\n<\/ul>\r\n<p>R\u00e9servez votre vol facilement via l&#039;application, en ligne ou avec notre service de conciergerie. Besoin de services suppl\u00e9mentaires comme un si\u00e8ge enfant ou un transfert\u00a0? Nous nous occupons de tout.<\/p>\r\n<h2>Qui est \u00e0 l&#039;avant-garde ?<\/h2>\r\n<p>Meet the pioneers bringing aerial mobility to Miami:<\/p>\r\n<ul>\r\n<li><strong>Joby Aviation + American Airlines:<\/strong> Launching 200 mph eVTOL flights from Miami\u2019s airports, priced similarly to premium car services.<\/li>\r\n<li><strong>Vertical Aerospace (\u00c9tats-Unis) :<\/strong> Certification de son avion VX4 pour les vols de 2028 \u2014 tarifs projet\u00e9s \u00e0 partir de $150.<\/li>\r\n<li><strong>Skyports :<\/strong> Developing vertiports and charging hubs across Miami and the wider Florida region.<\/li>\r\n<li><strong>Miami Government:<\/strong> Investir massivement dans l&#039;infrastructure de mobilit\u00e9 a\u00e9rienne de la ville ouvre la voie \u00e0 un transport a\u00e9rien durable et de haute technologie.<\/li>\r\n<\/ul>\r\n<h2>Foire aux questions (FAQ)<\/h2>\r\n<h2>Pourquoi prendre un taxi a\u00e9rien ?\u00a0<\/h2>\r\n<p>In a city known for its sunny beaches, vibrant nightlife, and booming real estate, Miami\u2019s traffic congestion is quickly becoming a major headache. Long commutes, congested highways, and unpredictable delays are part of daily life. But why waste time in traffic when you could take to the skies? Our eVTOL (electric vertical takeoff and landing) air taxis offer a faster, more efficient way to navigate Miami\u2014whisking you from one side of the city to another in under 10 minutes. It\u2019s not just about getting there faster; it\u2019s about reclaiming your time and avoiding the stress of the roads below.<\/p>\r\n<h3>Est-ce s\u00fbr?<\/h3>\r\n<p>Oui. Tous les vols sont pilot\u00e9s par des professionnels certifi\u00e9s et respectent les normes de s\u00e9curit\u00e9 les plus strictes, avec de multiples syst\u00e8mes de s\u00e9curit\u00e9 redondants int\u00e9gr\u00e9s.<\/p>\r\n<h3>Les vols peuvent-ils \u00eatre assur\u00e9s par mauvais temps\u00a0?<\/h3>\r\n<p>Votre s\u00e9curit\u00e9 est notre priorit\u00e9 absolue. En cas d&#039;intemp\u00e9ries, nous vous en informerons imm\u00e9diatement et vous aiderons \u00e0 reporter votre r\u00e9servation ou \u00e0 obtenir un remboursement int\u00e9gral.<\/p>\r\n<h3>Puis-je apporter des bagages ?<\/h3>\r\n<p>Les bagages \u00e0 main sont les bienvenus. Pour les objets plus volumineux, nous organiserons leur transport terrestre jusqu&#039;\u00e0 votre destination.<\/p>\r\n<!-- \/wp:paragraph -->\r\n\r\n<!-- wp:heading -->\r\n<h2>Voici quelques-uns des meilleurs avantages du taxi volant \u00e9lectrique \u00e0 Miami<\/h2>\r\n<h3>Les taxis a\u00e9riens \u00e9lectriques \u00e0 Miami vont totalement changer l&#039;avenir<\/h3>\r\n<!-- \/wp:heading -->\r\n\r\n<!-- wp:paragraph -->\r\n<p>Pour ceux qui r\u00eavent de l&#039;avenir, des d\u00e9fis difficiles sont en route. Mais de nouveaux syst\u00e8mes et technologies sont \u00e9galement d\u00e9velopp\u00e9s pour les r\u00e9soudre, explorant des horizons qui sont nouveaux pour la plupart d&#039;entre nous, mais qui changeront notre fa\u00e7on de vivre \u00e0 l&#039;avenir. Le d\u00e9veloppement de l&#039;infrastructure qui permettra le fonctionnement en toute s\u00e9curit\u00e9 d&#039;un tel syst\u00e8me est aussi vital que le d\u00e9veloppement du taxi volant \u00e0 Miami.<\/p>\r\n<h3>Quelle est la rapidit\u00e9 des taxis a\u00e9riens par drones \u00e0 Miami ?<\/h3>\r\n<!-- \/wp:paragraph -->\r\n\r\n<!-- wp:paragraph -->\r\n<p>L&#039;avion Archers eVTOL, nomm\u00e9 Maker, sera capable de parcourir une distance allant jusqu&#039;\u00e0 soixante miles \u00e0 des vitesses proches de 150 mph. en plus de soulager les embouteillages au sol, l&#039;engin motoris\u00e9 ne g\u00e9n\u00e9rera aucune \u00e9mission et aura une empreinte sonore de seulement 45 dba, se fondant dans les sons des quartiers r\u00e9sidentiels.<\/p>\r\n<!-- \/wp:paragraph -->\r\n\r\n<!-- wp:heading {\"level\":3} -->\r\n<h3>Are eVTOL taxi in Miami the future?<\/h3>\r\n<!-- \/wp:heading -->\r\n\r\n<!-- wp:paragraph -->\r\n<p>Pour ceux d&#039;entre nous qui ont grandi en regardant Retour vers le futur et The Jetsons, les taxis drones \u00e0 Miami sont dans nos r\u00eaves depuis longtemps comme un avenir possible un jour. Avec des rues aussi encombr\u00e9es que les grandes villes, beaucoup esp\u00e8rent que les taxis volants \u00e0 Miami seront la solution au probl\u00e8me, mais beaucoup se demandent s&#039;il s&#039;agit d&#039;une solution r\u00e9aliste ou si cela augmenterait simplement les niveaux de pollution et de bruit dans les villes.<\/p>\r\n<h3>Combien co\u00fbtera un taxi volant \u00e9lectrique \u00e0 Miami ?<\/h3>\r\n<!-- \/wp:paragraph -->\r\n\r\n<!-- wp:paragraph -->\r\n<p>Initialement, les taxis a\u00e9riens \u00e0 Miami co\u00fbteront environ $5,73 par passager-mile. Le prix du taxi a\u00e9rien par drone \u00e0 Miami chutera ensuite \u00e0 $1,85 par passager-mile avant de finalement atteindre le tarif incroyable du client de $0,44 par mile. Vous pouvez facilement r\u00e9server des billets d&#039;avion en taxi a\u00e9rien via des taxis volants \u00e9lectriques dans l&#039;application Miami.<\/p>\r\n<h3 id=\"advantages-of-electric-dubai-air-taxi-booking-app\" class=\"wp-block-heading\">What are the advantages of electric Miami air taxi booking app?<\/h3>\r\n<!-- \/wp:paragraph -->\r\n\r\n<!-- wp:paragraph -->\r\n<p>Parmi ses autres avantages, la r\u00e9servation en ligne de taxi drone \u00e0 Miami pourrait fournir un boom \u00e9conomique en augmentant le nombre de personnes se dirigeant vers des lieux de loisirs et de tourisme qui ne sont pas \u00e0 proximit\u00e9 des grands a\u00e9roports.<\/p>\r\n<!-- \/wp:paragraph -->\r\n\r\n<!-- wp:heading {\"level\":3} -->\r\n<h3 id=\"would-drone-air-taxi-in-dubai-online-booking-app-be-used-to-book-a-electric-air-taxi-flight\" class=\"wp-block-heading\">Can the air taxis in Miami online booking app be used to reserve electric air taxi flight tickets?<\/h3>\r\n<!-- \/wp:heading -->\r\n\r\n<!-- wp:paragraph -->\r\n<p>Yes, customers can seamlessly use electric Miami air taxi online booking app to find the best eVTOL route and book a electric flying taxis in Miami flight tickets anytime and anywhere.<\/p>\r\n<h2>Autres vols populaires en taxi a\u00e9rien<\/h2>\r\n<table border=\"0\" cellspacing=\"1\" cellpadding=\"1\">\r\n<tbody>\r\n<tr>\r\n<td>Bon march\u00e9 <a href=\"https:\/\/tiketi.com\/fr-fr\/volants\/taxi-aerien\/new-york-nyc\/\" target=\"_blank\" rel=\"noopener\">taxi a\u00e9rien \u00e0 New York<\/a><\/td>\r\n<td style=\"width: 30px;\">\u00a0<\/td>\r\n<td>Bon march\u00e9 <a href=\"https:\/\/tiketi.com\/fr-fr\/volants\/taxi-aerien\/chicago\/\" target=\"_blank\" rel=\"noopener\">taxi a\u00e9rien \u00e0 Chicago<\/a><\/td>\r\n<td style=\"width: 30px;\">\u00a0<\/td>\r\n<td>Bon march\u00e9 <a href=\"https:\/\/tiketi.com\/fr-fr\/volants\/taxi-aerien\/los-angeles\/\" target=\"_blank\" rel=\"noopener\">taxi a\u00e9rien \u00e0 Los Angeles<\/a><\/td>\r\n<\/tr>\r\n<tr>\r\n<td>Bon march\u00e9 <a href=\"https:\/\/tiketi.com\/fr-fr\/volants\/taxi-aerien\/san-francisco\/\" target=\"_blank\" rel=\"noopener\">taxi a\u00e9rien \u00e0 San Francisco<\/a><\/td>\r\n<td style=\"width: 30px;\">\u00a0<\/td>\r\n<td>Bon march\u00e9 <a href=\"https:\/\/tiketi.com\/fr-fr\/volants\/taxi-aerien\/philadelphia\/\" target=\"_blank\" rel=\"noopener\">taxi a\u00e9rien \u00e0 Philadelphie<\/a><\/td>\r\n<td style=\"width: 30px;\">\u00a0<\/td>\r\n<td>Bon march\u00e9 <a href=\"https:\/\/tiketi.com\/fr-fr\/volants\/taxi-aerien\/washington-dc\/\" target=\"_blank\" rel=\"noopener\">taxi a\u00e9rien \u00e0 Washington DC<\/a><\/td>\r\n<\/tr>\r\n<tr>\r\n<td>Bon march\u00e9 <a href=\"https:\/\/tiketi.com\/fr-fr\/volants\/taxi-aerien\/phoenix\/\" target=\"_blank\" rel=\"noopener\">taxi a\u00e9rien \u00e0 Phoenix<\/a><\/td>\r\n<td style=\"width: 30px;\">\u00a0<\/td>\r\n<td>Bon march\u00e9 <a href=\"https:\/\/tiketi.com\/fr-fr\/volants\/taxi-aerien\/california\/\" target=\"_blank\" rel=\"noopener\">taxi a\u00e9rien en Californie<\/a><\/td>\r\n<td style=\"width: 30px;\">\u00a0<\/td>\r\n<td>Bon march\u00e9 <a href=\"https:\/\/tiketi.com\/fr-fr\/volants\/taxi-aerien\/florida\/\" target=\"_blank\" rel=\"noopener\">taxi a\u00e9rien en Floride<\/a><\/td>\r\n<\/tr>\r\n<\/tbody>\r\n<\/table>\r\n<p><!-- \/wp:paragraph --><\/p>\r\n<p>&nbsp;<\/p>\r\n<p>&nbsp;<\/p>","protected":false},"excerpt":{"rendered":"<p>Book a Flying Taxi in Miami \u2013 Safe, Fast, Eco-Friendly, and Affordable Urban Travel The Cheap air taxi in Miami online booking app allows users to easily reserve helicopter and flying taxi flight tickets. Air taxis in Miami make it possible to travel quickly and affordably across the city. Beautiful beaches, world class nightlife and [&hellip;]<\/p>\n","protected":false},"author":1,"featured_media":16816,"parent":25621,"menu_order":0,"comment_status":"closed","ping_status":"closed","template":"template-home-modern.php","meta":{"footnotes":""},"class_list":["post-10604","page","type-page","status-publish","has-post-thumbnail","hentry"],"yoast_head":"<!-- This site is optimized with the Yoast SEO plugin v27.4 - https:\/\/yoast.com\/product\/yoast-seo-wordpress\/ -->\n<title>Book an Air Taxi in Miami Online | Cheap Flying Taxi Fares<\/title>\n<meta name=\"description\" content=\"Book an air taxi in Miami online with our app. Compare routes, fares, &amp; flight tickets for air taxis, &amp; find cheap eVTOL flying taxi options\" \/>\n<meta name=\"robots\" content=\"index, follow, max-snippet:-1, max-image-preview:large, max-video-preview:-1\" \/>\n<link rel=\"canonical\" href=\"https:\/\/tiketi.com\/fr-fr\/volants\/taxi-aerien\/miami\/\" \/>\n<meta property=\"og:locale\" content=\"fr_FR\" \/>\n<meta property=\"og:type\" content=\"article\" \/>\n<meta property=\"og:title\" content=\"Book an Air Taxi in Miami Online | Cheap Flying Taxi Fares\" \/>\n<meta property=\"og:description\" content=\"Book an air taxi in Miami online with our app. Compare routes, fares, &amp; flight tickets for air taxis, &amp; find cheap eVTOL flying taxi options\" \/>\n<meta property=\"og:url\" content=\"https:\/\/tiketi.com\/fr-fr\/volants\/taxi-aerien\/miami\/\" \/>\n<meta property=\"og:site_name\" content=\"Tiketi.com\" \/>\n<meta property=\"article:publisher\" content=\"https:\/\/www.facebook.com\/TiketiCom\/\" \/>\n<meta property=\"article:modified_time\" content=\"2025-10-07T06:24:09+00:00\" \/>\n<meta property=\"og:image\" content=\"https:\/\/tiketi.com\/wp-content\/uploads\/2022\/02\/miami-panorama-2117310_1280.jpg\" \/>\n\t<meta property=\"og:image:width\" content=\"1200\" \/>\n\t<meta property=\"og:image:height\" content=\"201\" \/>\n\t<meta property=\"og:image:type\" content=\"image\/jpeg\" \/>\n<meta name=\"twitter:card\" content=\"summary_large_image\" \/>\n<meta name=\"twitter:label1\" content=\"Dur\u00e9e de lecture estim\u00e9e\" \/>\n\t<meta name=\"twitter:data1\" content=\"6 minutes\" \/>\n<script type=\"application\/ld+json\" class=\"yoast-schema-graph\">{\"@context\":\"https:\\\/\\\/schema.org\",\"@graph\":[{\"@type\":\"WebPage\",\"@id\":\"https:\\\/\\\/tiketi.com\\\/flying\\\/air-taxi\\\/miami\\\/\",\"url\":\"https:\\\/\\\/tiketi.com\\\/flying\\\/air-taxi\\\/miami\\\/\",\"name\":\"Book an Air Taxi in Miami Online | Cheap Flying Taxi Fares\",\"isPartOf\":{\"@id\":\"https:\\\/\\\/tiketi.com\\\/#website\"},\"primaryImageOfPage\":{\"@id\":\"https:\\\/\\\/tiketi.com\\\/flying\\\/air-taxi\\\/miami\\\/#primaryimage\"},\"image\":{\"@id\":\"https:\\\/\\\/tiketi.com\\\/flying\\\/air-taxi\\\/miami\\\/#primaryimage\"},\"thumbnailUrl\":\"https:\\\/\\\/tiketi.com\\\/wp-content\\\/uploads\\\/2022\\\/02\\\/miami-panorama-2117310_1280.jpg\",\"datePublished\":\"2022-01-19T11:53:34+00:00\",\"dateModified\":\"2025-10-07T06:24:09+00:00\",\"description\":\"Book an air taxi in Miami online with our app. Compare routes, fares, & flight tickets for air taxis, & find cheap eVTOL flying taxi options\",\"breadcrumb\":{\"@id\":\"https:\\\/\\\/tiketi.com\\\/flying\\\/air-taxi\\\/miami\\\/#breadcrumb\"},\"inLanguage\":\"fr-FR\",\"potentialAction\":[{\"@type\":\"ReadAction\",\"target\":[\"https:\\\/\\\/tiketi.com\\\/flying\\\/air-taxi\\\/miami\\\/\"]}]},{\"@type\":\"ImageObject\",\"inLanguage\":\"fr-FR\",\"@id\":\"https:\\\/\\\/tiketi.com\\\/flying\\\/air-taxi\\\/miami\\\/#primaryimage\",\"url\":\"https:\\\/\\\/tiketi.com\\\/wp-content\\\/uploads\\\/2022\\\/02\\\/miami-panorama-2117310_1280.jpg\",\"contentUrl\":\"https:\\\/\\\/tiketi.com\\\/wp-content\\\/uploads\\\/2022\\\/02\\\/miami-panorama-2117310_1280.jpg\",\"width\":1200,\"height\":201,\"caption\":\"Taxi in Miami\"},{\"@type\":\"BreadcrumbList\",\"@id\":\"https:\\\/\\\/tiketi.com\\\/flying\\\/air-taxi\\\/miami\\\/#breadcrumb\",\"itemListElement\":[{\"@type\":\"ListItem\",\"position\":1,\"name\":\"Home\",\"item\":\"https:\\\/\\\/tiketi.com\\\/\"},{\"@type\":\"ListItem\",\"position\":2,\"name\":\"Flying\",\"item\":\"https:\\\/\\\/tiketi.com\\\/fr-fr\\\/volants\\\/\"},{\"@type\":\"ListItem\",\"position\":3,\"name\":\"Air Taxi\",\"item\":\"https:\\\/\\\/tiketi.com\\\/flying\\\/air-taxi\\\/\"},{\"@type\":\"ListItem\",\"position\":4,\"name\":\"Fly Over Miami\u2019s Roads \u2013 Easy Air Taxi Miami Online Bookings\"}]},{\"@type\":\"WebSite\",\"@id\":\"https:\\\/\\\/tiketi.com\\\/#website\",\"url\":\"https:\\\/\\\/tiketi.com\\\/\",\"name\":\"Flight & Bus Tickets, Tour Packages & Activitites - Tiketi.com\",\"description\":\"Flight &amp; Bus Tickets, Tours, Activitites\",\"publisher\":{\"@id\":\"https:\\\/\\\/tiketi.com\\\/#organization\"},\"potentialAction\":[{\"@type\":\"SearchAction\",\"target\":{\"@type\":\"EntryPoint\",\"urlTemplate\":\"https:\\\/\\\/tiketi.com\\\/?s={search_term_string}\"},\"query-input\":{\"@type\":\"PropertyValueSpecification\",\"valueRequired\":true,\"valueName\":\"search_term_string\"}}],\"inLanguage\":\"fr-FR\"},{\"@type\":\"Organization\",\"@id\":\"https:\\\/\\\/tiketi.com\\\/#organization\",\"name\":\"Tiketi.com\",\"alternateName\":\"Tiketi\",\"url\":\"https:\\\/\\\/tiketi.com\\\/\",\"logo\":{\"@type\":\"ImageObject\",\"inLanguage\":\"fr-FR\",\"@id\":\"https:\\\/\\\/tiketi.com\\\/#\\\/schema\\\/logo\\\/image\\\/\",\"url\":\"https:\\\/\\\/tiketi.com\\\/wp-content\\\/uploads\\\/2019\\\/05\\\/tiketi-logo-696.png\",\"contentUrl\":\"https:\\\/\\\/tiketi.com\\\/wp-content\\\/uploads\\\/2019\\\/05\\\/tiketi-logo-696.png\",\"width\":696,\"height\":696,\"caption\":\"Tiketi.com\"},\"image\":{\"@id\":\"https:\\\/\\\/tiketi.com\\\/#\\\/schema\\\/logo\\\/image\\\/\"},\"sameAs\":[\"https:\\\/\\\/www.facebook.com\\\/TiketiCom\\\/\"]}]}<\/script>\n<!-- \/ Yoast SEO plugin. -->","yoast_head_json":{"title":"Book an Air Taxi in Miami Online | Cheap Flying Taxi Fares","description":"Book an air taxi in Miami online with our app. Compare routes, fares, & flight tickets for air taxis, & find cheap eVTOL flying taxi options","robots":{"index":"index","follow":"follow","max-snippet":"max-snippet:-1","max-image-preview":"max-image-preview:large","max-video-preview":"max-video-preview:-1"},"canonical":"https:\/\/tiketi.com\/fr-fr\/volants\/taxi-aerien\/miami\/","og_locale":"fr_FR","og_type":"article","og_title":"Book an Air Taxi in Miami Online | Cheap Flying Taxi Fares","og_description":"Book an air taxi in Miami online with our app. Compare routes, fares, & flight tickets for air taxis, & find cheap eVTOL flying taxi options","og_url":"https:\/\/tiketi.com\/fr-fr\/volants\/taxi-aerien\/miami\/","og_site_name":"Tiketi.com","article_publisher":"https:\/\/www.facebook.com\/TiketiCom\/","article_modified_time":"2025-10-07T06:24:09+00:00","og_image":[{"width":1200,"height":201,"url":"https:\/\/tiketi.com\/wp-content\/uploads\/2022\/02\/miami-panorama-2117310_1280.jpg","type":"image\/jpeg"}],"twitter_card":"summary_large_image","twitter_misc":{"Dur\u00e9e de lecture estim\u00e9e":"6 minutes"},"schema":{"@context":"https:\/\/schema.org","@graph":[{"@type":"WebPage","@id":"https:\/\/tiketi.com\/flying\/air-taxi\/miami\/","url":"https:\/\/tiketi.com\/flying\/air-taxi\/miami\/","name":"Book an Air Taxi in Miami Online | Cheap Flying Taxi Fares","isPartOf":{"@id":"https:\/\/tiketi.com\/#website"},"primaryImageOfPage":{"@id":"https:\/\/tiketi.com\/flying\/air-taxi\/miami\/#primaryimage"},"image":{"@id":"https:\/\/tiketi.com\/flying\/air-taxi\/miami\/#primaryimage"},"thumbnailUrl":"https:\/\/tiketi.com\/wp-content\/uploads\/2022\/02\/miami-panorama-2117310_1280.jpg","datePublished":"2022-01-19T11:53:34+00:00","dateModified":"2025-10-07T06:24:09+00:00","description":"Book an air taxi in Miami online with our app. Compare routes, fares, & flight tickets for air taxis, & find cheap eVTOL flying taxi options","breadcrumb":{"@id":"https:\/\/tiketi.com\/flying\/air-taxi\/miami\/#breadcrumb"},"inLanguage":"fr-FR","potentialAction":[{"@type":"ReadAction","target":["https:\/\/tiketi.com\/flying\/air-taxi\/miami\/"]}]},{"@type":"ImageObject","inLanguage":"fr-FR","@id":"https:\/\/tiketi.com\/flying\/air-taxi\/miami\/#primaryimage","url":"https:\/\/tiketi.com\/wp-content\/uploads\/2022\/02\/miami-panorama-2117310_1280.jpg","contentUrl":"https:\/\/tiketi.com\/wp-content\/uploads\/2022\/02\/miami-panorama-2117310_1280.jpg","width":1200,"height":201,"caption":"Taxi in Miami"},{"@type":"BreadcrumbList","@id":"https:\/\/tiketi.com\/flying\/air-taxi\/miami\/#breadcrumb","itemListElement":[{"@type":"ListItem","position":1,"name":"Home","item":"https:\/\/tiketi.com\/"},{"@type":"ListItem","position":2,"name":"Flying","item":"https:\/\/tiketi.com\/fr-fr\/volants\/"},{"@type":"ListItem","position":3,"name":"Air Taxi","item":"https:\/\/tiketi.com\/flying\/air-taxi\/"},{"@type":"ListItem","position":4,"name":"Fly Over Miami\u2019s Roads \u2013 Easy Air Taxi Miami Online Bookings"}]},{"@type":"WebSite","@id":"https:\/\/tiketi.com\/#website","url":"https:\/\/tiketi.com\/","name":"Billets d&#039;avion et de bus, forfaits touristiques et activit\u00e9s - Tiketi.com","description":"Billets d&#039;avion et de bus, Tours, Activit\u00e9s","publisher":{"@id":"https:\/\/tiketi.com\/#organization"},"potentialAction":[{"@type":"SearchAction","target":{"@type":"EntryPoint","urlTemplate":"https:\/\/tiketi.com\/?s={search_term_string}"},"query-input":{"@type":"PropertyValueSpecification","valueRequired":true,"valueName":"search_term_string"}}],"inLanguage":"fr-FR"},{"@type":"Organization","@id":"https:\/\/tiketi.com\/#organization","name":"Tiketi.com","alternateName":"Tiketi","url":"https:\/\/tiketi.com\/","logo":{"@type":"ImageObject","inLanguage":"fr-FR","@id":"https:\/\/tiketi.com\/#\/schema\/logo\/image\/","url":"https:\/\/tiketi.com\/wp-content\/uploads\/2019\/05\/tiketi-logo-696.png","contentUrl":"https:\/\/tiketi.com\/wp-content\/uploads\/2019\/05\/tiketi-logo-696.png","width":696,"height":696,"caption":"Tiketi.com"},"image":{"@id":"https:\/\/tiketi.com\/#\/schema\/logo\/image\/"},"sameAs":["https:\/\/www.facebook.com\/TiketiCom\/"]}]}},"_links":{"self":[{"href":"https:\/\/tiketi.com\/fr-fr\/wp-json\/wp\/v2\/pages\/10604","targetHints":{"allow":["GET"]}}],"collection":[{"href":"https:\/\/tiketi.com\/fr-fr\/wp-json\/wp\/v2\/pages"}],"about":[{"href":"https:\/\/tiketi.com\/fr-fr\/wp-json\/wp\/v2\/types\/page"}],"author":[{"embeddable":true,"href":"https:\/\/tiketi.com\/fr-fr\/wp-json\/wp\/v2\/users\/1"}],"replies":[{"embeddable":true,"href":"https:\/\/tiketi.com\/fr-fr\/wp-json\/wp\/v2\/comments?post=10604"}],"version-history":[{"count":10,"href":"https:\/\/tiketi.com\/fr-fr\/wp-json\/wp\/v2\/pages\/10604\/revisions"}],"predecessor-version":[{"id":34031,"href":"https:\/\/tiketi.com\/fr-fr\/wp-json\/wp\/v2\/pages\/10604\/revisions\/34031"}],"up":[{"embeddable":true,"href":"https:\/\/tiketi.com\/fr-fr\/wp-json\/wp\/v2\/pages\/25621"}],"wp:featuredmedia":[{"embeddable":true,"href":"https:\/\/tiketi.com\/fr-fr\/wp-json\/wp\/v2\/media\/16816"}],"wp:attachment":[{"href":"https:\/\/tiketi.com\/fr-fr\/wp-json\/wp\/v2\/media?parent=10604"}],"curies":[{"name":"wp","href":"https:\/\/api.w.org\/{rel}","templated":true}]}}