{"id":10606,"date":"2022-01-19T12:53:34","date_gmt":"2022-01-19T11:53:34","guid":{"rendered":"https:\/\/new.tiketi.com\/taxi-services-in-zanzibar-booking-cheap-and-best-taxi-services\/"},"modified":"2025-09-18T13:04:55","modified_gmt":"2025-09-18T11:04:55","slug":"online-taxi-services-in-zanzibar-app","status":"publish","type":"page","link":"https:\/\/tiketi.com\/fr-fr\/taxi\/tanzania\/zanzibar\/","title":{"rendered":"Best Taxi Zanzibar Online Booking App I Cheap Cabs"},"content":{"rendered":"<h2>Book Cheap Taxi Service in Zanzibar<\/h2>\n<h3>Utilisez la meilleure application de taxi \u00e0 Zanzibar pour r\u00e9server un service de taxi pas cher \u00e0 Zanzibar de mani\u00e8re simple et facile en ligne.<\/h3>\n<p>Here are the advantages of using the best taxi Zanzibar online booking app on your Smartphone and how you can book cheap taxi service in Zanzibar online:<\/p>\n<h2>Best Taxi Zanzibar Online Booking App, Routes &amp; Fares FAQs<\/h2>\n<h3>Looking for reliable and cheap taxi service in Zanzibar app?<\/h3>\n<p>Trouver un taxi \u00e0 l&#039;a\u00e9roport est probablement le meilleur choix lorsque vous arrivez dans un nouvel endroit. Quoi qu&#039;il en soit, la plupart du temps, vous pouvez tomber sur des fournisseurs de taxis co\u00fbteux \u00e0 Zanzibar ou sur une entreprise abordable mais peu s\u00fbre, ce qui est l&#039;id\u00e9e de valeur si vous permettez que cela se produise. Si vous recherchez la fiabilit\u00e9, la s\u00e9curit\u00e9 et le meilleur, vous \u00eates au bon endroit.<\/p>\n<h3>Quel est le prix d&#039;un taxi \u00e0 Zanzibar pour aller et revenir du centre-ville de Zanzibar\u00a0?<\/h3>\n<p>Il y a beaucoup de taxis et des bus locaux passent \u00e9galement par l&#039;a\u00e9roport. Un taxi s\u00fbr \u00e0 Zanzibar depuis la ville (y compris l&#039;a\u00e9roport et le port maritime) devrait co\u00fbter environ 30 \u00e0 60 USD pour se rendre \u00e0 des destinations baln\u00e9aires telles que Paje, Matemwe ou Nungwi. De l&#039;a\u00e9roport \u00e0 Stone Town, comptez environ $10.<\/p>\n<h3>Se d\u00e9placer avec le service de taxi de Zanzibar de l&#039;a\u00e9roport \u00e0 Stone Town<\/h3>\n<p>Il y a beaucoup de taxis \u00e0 Stone Town, mais depuis la plage, ils peuvent \u00eatre difficiles \u00e0 trouver. Il est toujours pr\u00e9f\u00e9rable de demander un taxi \u00e0 votre h\u00f4tel ou de trouver une entreprise fiable pour vous offrir des transferts. Prendre un taxi \u00e0 l&#039;a\u00e9roport de Zanzibar est g\u00e9n\u00e9ralement s\u00fbr, mais notez qu&#039;ils ne sont g\u00e9n\u00e9ralement pas ponctuels et ont tendance \u00e0 facturer comme ils le souhaitent.<\/p>\n<p>Certaines entreprises proposent des services de taxi \u00e0 Zanzibar, mais aucune n&#039;est accessible sur demande, vous devrez leur faire savoir \u00e0 l&#039;avance quand vous souhaitez vous rendre et o\u00f9.<\/p>\n<h3>Quel est le moyen le plus rapide pour se rendre de Zanzibar Airport \u00e0 Jambiani ?<\/h3>\n<p>Le moyen le plus rapide pour se rendre de l&#039;a\u00e9roport de Zanzibar en taxi \u00e0 Jambiani. Prix du taxi \u00e0 Zanzibar $13 et dure 55 min.<\/p>\n<h3>Quel est le moyen abordable de se rendre de l&#039;a\u00e9roport international de Zanzibar \u00e0 Nungwi ?<\/h3>\n<p>Le moyen le plus rapide et le plus abordable pour se rendre de l&#039;a\u00e9roport de Zanzibar en taxi \u00e0 Nungwi qui co\u00fbte $35 - $45 et prend 1h 5min.<\/p>\n<h3>Quelle est la distance du trajet de l&#039;a\u00e9roport de Zanzibar \u00e0 Matemwe?<\/h3>\n<p>La distance parcourue en taxi de l&#039;a\u00e9roport de Zanzibar \u00e0 Matemwe est de 41 km. La distance routi\u00e8re est de 52,1 km.<\/p>\n<h3>Comment voyager de Zanzibar Airport \u00e0 Kiwengwa sans v\u00e9hicule personnel ?<\/h3>\n<p>Le meilleur moyen pour se rendre de l&#039;a\u00e9roport de Zanzibar \u00e0 Kiwengwa sans v\u00e9hicule personnel, ce qui prend 32 min et le prix du taxi \u00e0 Zanzibar $25 - $31.<\/p>\n<h2>Taxi Service in Zanzibar Booking Tips<\/h2>\n<p>Les taxis \u00e0 Zanzibar se trouvent \u00e0 l&#039;a\u00e9roport et dans tous les grands h\u00f4tels. Si vous s\u00e9journez dans une maison d&#039;h\u00f4tes, la plupart des taxis de Zanzibar fournissent une liste de num\u00e9ros de t\u00e9l\u00e9phone. Les taxis de Zanzibar ne sont pas \u00e9quip\u00e9s de compteurs et le prix est convenu avant le voyage. La location d&#039;un chauffeur pour une journ\u00e9e compl\u00e8te co\u00fbte environ $100. Utilisez la meilleure application de taxi \u00e0 Zanzibar pour r\u00e9server le meilleur service de taxi de Zanzibar simple et facile en ligne.<\/p>","protected":false},"excerpt":{"rendered":"<p>Book Cheap Taxi Service in Zanzibar Use the best taxi app in Zanzibar to book cheap taxi in Zanzibar service simple and easy online. Here are the advantages of using the best taxi Zanzibar online booking app on your Smartphone and how you can book cheap taxi service in Zanzibar online: Best Taxi Zanzibar Online [&hellip;]<\/p>\n","protected":false},"author":1,"featured_media":14664,"parent":33260,"menu_order":0,"comment_status":"open","ping_status":"closed","template":"template-home-modern.php","meta":{"footnotes":""},"class_list":["post-10606","page","type-page","status-publish","has-post-thumbnail","hentry"],"yoast_head":"<!-- This site is optimized with the Yoast SEO plugin v27.3 - https:\/\/yoast.com\/product\/yoast-seo-wordpress\/ -->\n<title>Best Taxi Zanzibar Online Booking App I Cheap Cabs<\/title>\n<meta name=\"description\" content=\"Looking for best taxi Zanzibar online booking app - cheap cabs. Download the Zanzibar taxi app and book cheap &amp; best cab service in Zanzibar\" \/>\n<meta name=\"robots\" content=\"index, follow, max-snippet:-1, max-image-preview:large, max-video-preview:-1\" \/>\n<link rel=\"canonical\" href=\"https:\/\/tiketi.com\/fr-fr\/taxi\/tanzania\/zanzibar\/\" \/>\n<meta property=\"og:locale\" content=\"fr_FR\" \/>\n<meta property=\"og:type\" content=\"article\" \/>\n<meta property=\"og:title\" content=\"Best Taxi Zanzibar Online Booking App I Cheap Cabs\" \/>\n<meta property=\"og:description\" content=\"Looking for best taxi Zanzibar online booking app - cheap cabs. Download the Zanzibar taxi app and book cheap &amp; best cab service in Zanzibar\" \/>\n<meta property=\"og:url\" content=\"https:\/\/tiketi.com\/fr-fr\/taxi\/tanzania\/zanzibar\/\" \/>\n<meta property=\"og:site_name\" content=\"Tiketi.com\" \/>\n<meta property=\"article:publisher\" content=\"https:\/\/www.facebook.com\/TiketiCom\/\" \/>\n<meta property=\"article:modified_time\" content=\"2025-09-18T11:04:55+00:00\" \/>\n<meta property=\"og:image\" content=\"https:\/\/tiketi.com\/wp-content\/uploads\/2022\/01\/taxi-booking-5440936_1280.jpg\" \/>\n\t<meta property=\"og:image:width\" content=\"1200\" \/>\n\t<meta property=\"og:image:height\" content=\"205\" \/>\n\t<meta property=\"og:image:type\" content=\"image\/jpeg\" \/>\n<meta name=\"twitter:card\" content=\"summary_large_image\" \/>\n<meta name=\"twitter:label1\" content=\"Dur\u00e9e de lecture estim\u00e9e\" \/>\n\t<meta name=\"twitter:data1\" content=\"3 minutes\" \/>\n<script type=\"application\/ld+json\" class=\"yoast-schema-graph\">{\"@context\":\"https:\\\/\\\/schema.org\",\"@graph\":[{\"@type\":\"WebPage\",\"@id\":\"https:\\\/\\\/tiketi.com\\\/taxi\\\/tanzania\\\/zanzibar\\\/\",\"url\":\"https:\\\/\\\/tiketi.com\\\/taxi\\\/tanzania\\\/zanzibar\\\/\",\"name\":\"Best Taxi Zanzibar Online Booking App I Cheap Cabs\",\"isPartOf\":{\"@id\":\"https:\\\/\\\/tiketi.com\\\/#website\"},\"primaryImageOfPage\":{\"@id\":\"https:\\\/\\\/tiketi.com\\\/taxi\\\/tanzania\\\/zanzibar\\\/#primaryimage\"},\"image\":{\"@id\":\"https:\\\/\\\/tiketi.com\\\/taxi\\\/tanzania\\\/zanzibar\\\/#primaryimage\"},\"thumbnailUrl\":\"https:\\\/\\\/tiketi.com\\\/wp-content\\\/uploads\\\/2022\\\/01\\\/taxi-booking-5440936_1280.jpg\",\"datePublished\":\"2022-01-19T11:53:34+00:00\",\"dateModified\":\"2025-09-18T11:04:55+00:00\",\"description\":\"Looking for best taxi Zanzibar online booking app - cheap cabs. Download the Zanzibar taxi app and book cheap & best cab service in Zanzibar\",\"breadcrumb\":{\"@id\":\"https:\\\/\\\/tiketi.com\\\/taxi\\\/tanzania\\\/zanzibar\\\/#breadcrumb\"},\"inLanguage\":\"fr-FR\",\"potentialAction\":[{\"@type\":\"ReadAction\",\"target\":[\"https:\\\/\\\/tiketi.com\\\/taxi\\\/tanzania\\\/zanzibar\\\/\"]}]},{\"@type\":\"ImageObject\",\"inLanguage\":\"fr-FR\",\"@id\":\"https:\\\/\\\/tiketi.com\\\/taxi\\\/tanzania\\\/zanzibar\\\/#primaryimage\",\"url\":\"https:\\\/\\\/tiketi.com\\\/wp-content\\\/uploads\\\/2022\\\/01\\\/taxi-booking-5440936_1280.jpg\",\"contentUrl\":\"https:\\\/\\\/tiketi.com\\\/wp-content\\\/uploads\\\/2022\\\/01\\\/taxi-booking-5440936_1280.jpg\",\"width\":1200,\"height\":205,\"caption\":\"Book a Taxi \\\/ Robotaxi\"},{\"@type\":\"BreadcrumbList\",\"@id\":\"https:\\\/\\\/tiketi.com\\\/taxi\\\/tanzania\\\/zanzibar\\\/#breadcrumb\",\"itemListElement\":[{\"@type\":\"ListItem\",\"position\":1,\"name\":\"Home\",\"item\":\"https:\\\/\\\/tiketi.com\\\/\"},{\"@type\":\"ListItem\",\"position\":2,\"name\":\"Taxi\",\"item\":\"https:\\\/\\\/tiketi.com\\\/taxi\\\/\"},{\"@type\":\"ListItem\",\"position\":3,\"name\":\"Best Taxi Zanzibar Online Booking App I Cheap Cabs\"}]},{\"@type\":\"WebSite\",\"@id\":\"https:\\\/\\\/tiketi.com\\\/#website\",\"url\":\"https:\\\/\\\/tiketi.com\\\/\",\"name\":\"Flight & Bus Tickets, Tour Packages & Activitites - Tiketi.com\",\"description\":\"Flight &amp; Bus Tickets, Tours, Activitites\",\"publisher\":{\"@id\":\"https:\\\/\\\/tiketi.com\\\/#organization\"},\"potentialAction\":[{\"@type\":\"SearchAction\",\"target\":{\"@type\":\"EntryPoint\",\"urlTemplate\":\"https:\\\/\\\/tiketi.com\\\/?s={search_term_string}\"},\"query-input\":{\"@type\":\"PropertyValueSpecification\",\"valueRequired\":true,\"valueName\":\"search_term_string\"}}],\"inLanguage\":\"fr-FR\"},{\"@type\":\"Organization\",\"@id\":\"https:\\\/\\\/tiketi.com\\\/#organization\",\"name\":\"Tiketi.com\",\"alternateName\":\"Tiketi\",\"url\":\"https:\\\/\\\/tiketi.com\\\/\",\"logo\":{\"@type\":\"ImageObject\",\"inLanguage\":\"fr-FR\",\"@id\":\"https:\\\/\\\/tiketi.com\\\/#\\\/schema\\\/logo\\\/image\\\/\",\"url\":\"https:\\\/\\\/tiketi.com\\\/wp-content\\\/uploads\\\/2019\\\/05\\\/tiketi-logo-696.png\",\"contentUrl\":\"https:\\\/\\\/tiketi.com\\\/wp-content\\\/uploads\\\/2019\\\/05\\\/tiketi-logo-696.png\",\"width\":696,\"height\":696,\"caption\":\"Tiketi.com\"},\"image\":{\"@id\":\"https:\\\/\\\/tiketi.com\\\/#\\\/schema\\\/logo\\\/image\\\/\"},\"sameAs\":[\"https:\\\/\\\/www.facebook.com\\\/TiketiCom\\\/\"]}]}<\/script>\n<!-- \/ Yoast SEO plugin. -->","yoast_head_json":{"title":"Best Taxi Zanzibar Online Booking App I Cheap Cabs","description":"Looking for best taxi Zanzibar online booking app - cheap cabs. Download the Zanzibar taxi app and book cheap & best cab service in Zanzibar","robots":{"index":"index","follow":"follow","max-snippet":"max-snippet:-1","max-image-preview":"max-image-preview:large","max-video-preview":"max-video-preview:-1"},"canonical":"https:\/\/tiketi.com\/fr-fr\/taxi\/tanzania\/zanzibar\/","og_locale":"fr_FR","og_type":"article","og_title":"Best Taxi Zanzibar Online Booking App I Cheap Cabs","og_description":"Looking for best taxi Zanzibar online booking app - cheap cabs. Download the Zanzibar taxi app and book cheap & best cab service in Zanzibar","og_url":"https:\/\/tiketi.com\/fr-fr\/taxi\/tanzania\/zanzibar\/","og_site_name":"Tiketi.com","article_publisher":"https:\/\/www.facebook.com\/TiketiCom\/","article_modified_time":"2025-09-18T11:04:55+00:00","og_image":[{"width":1200,"height":205,"url":"https:\/\/tiketi.com\/wp-content\/uploads\/2022\/01\/taxi-booking-5440936_1280.jpg","type":"image\/jpeg"}],"twitter_card":"summary_large_image","twitter_misc":{"Dur\u00e9e de lecture estim\u00e9e":"3 minutes"},"schema":{"@context":"https:\/\/schema.org","@graph":[{"@type":"WebPage","@id":"https:\/\/tiketi.com\/taxi\/tanzania\/zanzibar\/","url":"https:\/\/tiketi.com\/taxi\/tanzania\/zanzibar\/","name":"Best Taxi Zanzibar Online Booking App I Cheap Cabs","isPartOf":{"@id":"https:\/\/tiketi.com\/#website"},"primaryImageOfPage":{"@id":"https:\/\/tiketi.com\/taxi\/tanzania\/zanzibar\/#primaryimage"},"image":{"@id":"https:\/\/tiketi.com\/taxi\/tanzania\/zanzibar\/#primaryimage"},"thumbnailUrl":"https:\/\/tiketi.com\/wp-content\/uploads\/2022\/01\/taxi-booking-5440936_1280.jpg","datePublished":"2022-01-19T11:53:34+00:00","dateModified":"2025-09-18T11:04:55+00:00","description":"Looking for best taxi Zanzibar online booking app - cheap cabs. Download the Zanzibar taxi app and book cheap & best cab service in Zanzibar","breadcrumb":{"@id":"https:\/\/tiketi.com\/taxi\/tanzania\/zanzibar\/#breadcrumb"},"inLanguage":"fr-FR","potentialAction":[{"@type":"ReadAction","target":["https:\/\/tiketi.com\/taxi\/tanzania\/zanzibar\/"]}]},{"@type":"ImageObject","inLanguage":"fr-FR","@id":"https:\/\/tiketi.com\/taxi\/tanzania\/zanzibar\/#primaryimage","url":"https:\/\/tiketi.com\/wp-content\/uploads\/2022\/01\/taxi-booking-5440936_1280.jpg","contentUrl":"https:\/\/tiketi.com\/wp-content\/uploads\/2022\/01\/taxi-booking-5440936_1280.jpg","width":1200,"height":205,"caption":"Book a Taxi \/ Robotaxi"},{"@type":"BreadcrumbList","@id":"https:\/\/tiketi.com\/taxi\/tanzania\/zanzibar\/#breadcrumb","itemListElement":[{"@type":"ListItem","position":1,"name":"Home","item":"https:\/\/tiketi.com\/"},{"@type":"ListItem","position":2,"name":"Taxi","item":"https:\/\/tiketi.com\/taxi\/"},{"@type":"ListItem","position":3,"name":"Best Taxi Zanzibar Online Booking App I Cheap Cabs"}]},{"@type":"WebSite","@id":"https:\/\/tiketi.com\/#website","url":"https:\/\/tiketi.com\/","name":"Billets d&#039;avion et de bus, forfaits touristiques et activit\u00e9s - Tiketi.com","description":"Billets d&#039;avion et de bus, Tours, Activit\u00e9s","publisher":{"@id":"https:\/\/tiketi.com\/#organization"},"potentialAction":[{"@type":"SearchAction","target":{"@type":"EntryPoint","urlTemplate":"https:\/\/tiketi.com\/?s={search_term_string}"},"query-input":{"@type":"PropertyValueSpecification","valueRequired":true,"valueName":"search_term_string"}}],"inLanguage":"fr-FR"},{"@type":"Organization","@id":"https:\/\/tiketi.com\/#organization","name":"Tiketi.com","alternateName":"Tiketi","url":"https:\/\/tiketi.com\/","logo":{"@type":"ImageObject","inLanguage":"fr-FR","@id":"https:\/\/tiketi.com\/#\/schema\/logo\/image\/","url":"https:\/\/tiketi.com\/wp-content\/uploads\/2019\/05\/tiketi-logo-696.png","contentUrl":"https:\/\/tiketi.com\/wp-content\/uploads\/2019\/05\/tiketi-logo-696.png","width":696,"height":696,"caption":"Tiketi.com"},"image":{"@id":"https:\/\/tiketi.com\/#\/schema\/logo\/image\/"},"sameAs":["https:\/\/www.facebook.com\/TiketiCom\/"]}]}},"_links":{"self":[{"href":"https:\/\/tiketi.com\/fr-fr\/wp-json\/wp\/v2\/pages\/10606","targetHints":{"allow":["GET"]}}],"collection":[{"href":"https:\/\/tiketi.com\/fr-fr\/wp-json\/wp\/v2\/pages"}],"about":[{"href":"https:\/\/tiketi.com\/fr-fr\/wp-json\/wp\/v2\/types\/page"}],"author":[{"embeddable":true,"href":"https:\/\/tiketi.com\/fr-fr\/wp-json\/wp\/v2\/users\/1"}],"replies":[{"embeddable":true,"href":"https:\/\/tiketi.com\/fr-fr\/wp-json\/wp\/v2\/comments?post=10606"}],"version-history":[{"count":4,"href":"https:\/\/tiketi.com\/fr-fr\/wp-json\/wp\/v2\/pages\/10606\/revisions"}],"predecessor-version":[{"id":33547,"href":"https:\/\/tiketi.com\/fr-fr\/wp-json\/wp\/v2\/pages\/10606\/revisions\/33547"}],"up":[{"embeddable":true,"href":"https:\/\/tiketi.com\/fr-fr\/wp-json\/wp\/v2\/pages\/33260"}],"wp:featuredmedia":[{"embeddable":true,"href":"https:\/\/tiketi.com\/fr-fr\/wp-json\/wp\/v2\/media\/14664"}],"wp:attachment":[{"href":"https:\/\/tiketi.com\/fr-fr\/wp-json\/wp\/v2\/media?parent=10606"}],"curies":[{"name":"wp","href":"https:\/\/api.w.org\/{rel}","templated":true}]}}