{"id":10608,"date":"2022-01-19T12:53:34","date_gmt":"2022-01-19T11:53:34","guid":{"rendered":"https:\/\/new.tiketi.com\/taxi-booking-cape-town-cheap-and-best-taxi-services\/"},"modified":"2022-02-22T12:01:53","modified_gmt":"2022-02-22T11:01:53","slug":"taxi-booking-cape-town-services","status":"publish","type":"page","link":"https:\/\/tiketi.com\/fr-fr\/taxi-booking-cape-town-services\/","title":{"rendered":"Service de taxi au Cap - R\u00e9servation de taxi pas cher"},"content":{"rendered":"<h2>Application de r\u00e9servation de taxi au Cap<\/h2>\n<h3>Utilisez la meilleure application de taxi \u00e0 Cape Town pour r\u00e9server en ligne des services de taxi bon march\u00e9 \u00e0 Cape Town simples et faciles.<\/h3>\n<p>Le service de taxi le plus s\u00fbr au Cap, r\u00e9servation en ligne simplifi\u00e9e. L&#039;a\u00e9roport international du Cap est l&#039;a\u00e9roport le plus fr\u00e9quent\u00e9 d&#039;Afrique du Sud, offrant \u00e0 la fois de grandes compagnies a\u00e9riennes mondiales et \u00e0 bas prix. Voici les avantages d&#039;utiliser une application de taxi au Cap sur votre Smartphone et comment vous pouvez r\u00e9server en ligne les meilleurs services de taxi au Cap\u00a0:<\/p>\n<h2>Service de taxi le plus s\u00fbr au Cap, FAQ sur les itin\u00e9raires et les tarifs<\/h2>\n<h3>Pourquoi choisir un taxi s\u00fbr pour l&#039;a\u00e9roport du Cap ?<\/h3>\n<p>Apr\u00e8s un long vol \u00e9puisant, tout ce que vous voulez faire est de vous enregistrer \u00e0 votre h\u00f4tel d\u00e8s que possible, afin de pouvoir commencer votre incroyable voyage. En r\u00e9servant un taxi s\u00e9curis\u00e9 au Cap, vous pouvez commencer vos transferts directs, fiables et rapides depuis l&#039;a\u00e9roport du Cap. Il n&#039;est pas n\u00e9cessaire de commencer \u00e0 trouver le chemin difficile du r\u00e9seau de transports en commun ou d&#039;attendre dans de longues files d&#039;attente au client ou aux guichets lorsque vous choisissez un taxi s\u00fbr de l&#039;a\u00e9roport du Cap \u00e0 Waterfront.<\/p>\n<h3>Quels sont les prix des taxis au Cap de l&#039;a\u00e9roport du Cap au taxi de la ville\u00a0?<\/h3>\n<p>Bien qu&#039;il existe de nombreux services de taxis priv\u00e9s au Cap et des groupes sans licence, la plupart des taxis r\u00e9guliers utilisent un syst\u00e8me de compteur. Cela signifie que vous serez pay\u00e9 sur la distance que vous parcourez pendant votre voyage. Si vous pr\u00e9f\u00e9rez un tarif fixe, nous vous conseillons de t\u00e9l\u00e9charger la meilleure application de taxi au Cap et de r\u00e9server en ligne \u00e0 l&#039;avance votre taxi s\u00e9curis\u00e9 pour l&#039;a\u00e9roport du Cap.<\/p>\n<p>Dans des conditions de circulation courantes, prendre un taxi de l&#039;a\u00e9roport du Cap vers la ville co\u00fbterait environ vingt-deux dollars, en fonction de l&#039;emplacement exact de votre h\u00f4tel. Quoi qu&#039;il en soit, il convient de garder \u00e0 l&#039;esprit qu&#039;il peut y avoir des frais suppl\u00e9mentaires pour le type de v\u00e9hicule exc\u00e9dentaire, les bagages, la p\u00e9riode de l&#039;ann\u00e9e et les voyages pendant les vacances.<\/p>\n<h3>Quelle est la distance du trajet de l&#039;a\u00e9roport du Cap au front de mer ?<\/h3>\n<p>La distance entre taxi a\u00e9roport du Cap et Waterfront est de 18 km. La distance routi\u00e8re est de 22,5 km.<\/p>\n<h3>Comment se d\u00e9placer de CapeTown Airport \u00e0 Waterfront sans voiture ?<\/h3>\n<p>Le meilleur moyen pour se rendre de A\u00e9roport du Cap \u00e0 Waterfront sans voiture est de taxi, ce qui dure 60 minutes. Les prix des taxis \u00e0 l&#039;a\u00e9roport du Cap co\u00fbtent $25 - $27.<\/p>\n<h3>O\u00f9 puis-je rencontrer mes services de taxi \u00e0 Cape Town chauffeur?<\/h3>\n<p>Apr\u00e8s avoir r\u00e9cup\u00e9r\u00e9 vos bagages \u00e0 la r\u00e9cup\u00e9ration des bagages, vous traverserez les portes de sortie du terminal d&#039;arriv\u00e9e et verrez votre chauffeur vous attendre, tenant une pancarte avec votre nom dessus. Pour vous assurer que tout se d\u00e9roule comme pr\u00e9vu, un jour avant votre transfert \u00e0 l&#039;a\u00e9roport du Cap, vous recevrez un e-mail contenant la photo, le nom et le num\u00e9ro de t\u00e9l\u00e9phone de votre chauffeur.<\/p>\n<h2>Meilleure application de taxi au Cap Conseils de r\u00e9servation<\/h2>\n<p>La distance entre l&#039;a\u00e9roport international du Cap et le centre-ville est de vingt kilom\u00e8tres. Votre transfert \u00e0 l&#039;a\u00e9roport du Cap devrait donc prendre environ vingt minutes dans des conditions de circulation fluides. Apr\u00e8s avoir quitt\u00e9 la zone de l&#039;a\u00e9roport, votre chauffeur de taxi au Cap viendra vous chercher et se dirigera vers l&#039;ouest jusqu&#039;\u00e0 rejoindre l&#039;autoroute Nelson Mandela qui va directement au centre de Cape Town.<\/p>","protected":false},"excerpt":{"rendered":"<p>Cape Town Taxi Booking App Use the best taxi app in Cape Town to book the cheap cab services in Cape Town simple and easy online. Safest taxi service in Cape Town online booking made easy. Cape Town International Airport is the busiest airport of South Africa, offering both large worldwide and low fare airlines. [&hellip;]<\/p>\n","protected":false},"author":1,"featured_media":14664,"parent":0,"menu_order":0,"comment_status":"open","ping_status":"closed","template":"template-home-modern.php","meta":{"footnotes":""},"class_list":["post-10608","page","type-page","status-publish","has-post-thumbnail","hentry"],"yoast_head":"<!-- This site is optimized with the Yoast SEO plugin v27.2 - https:\/\/yoast.com\/product\/yoast-seo-wordpress\/ -->\n<title>Taxi Service in Cape Town - Cheap Cab Booking<\/title>\n<meta name=\"description\" content=\"Looking for safest taxi service in Cape Town online booking? Use the best taxi app in Cape Town and book cheap and best cab services in Cape Town online\" \/>\n<meta name=\"robots\" content=\"index, follow, max-snippet:-1, max-image-preview:large, max-video-preview:-1\" \/>\n<link rel=\"canonical\" href=\"https:\/\/tiketi.com\/fr-fr\/taxi-booking-cape-town-services\/\" \/>\n<meta property=\"og:locale\" content=\"fr_FR\" \/>\n<meta property=\"og:type\" content=\"article\" \/>\n<meta property=\"og:title\" content=\"Taxi Service in Cape Town - Cheap Cab Booking\" \/>\n<meta property=\"og:description\" content=\"Looking for safest taxi service in Cape Town online booking? Use the best taxi app in Cape Town and book cheap and best cab services in Cape Town online\" \/>\n<meta property=\"og:url\" content=\"https:\/\/tiketi.com\/fr-fr\/taxi-booking-cape-town-services\/\" \/>\n<meta property=\"og:site_name\" content=\"Tiketi.com\" \/>\n<meta property=\"article:publisher\" content=\"https:\/\/www.facebook.com\/TiketiCom\/\" \/>\n<meta property=\"article:modified_time\" content=\"2022-02-22T11:01:53+00:00\" \/>\n<meta property=\"og:image\" content=\"https:\/\/tiketi.com\/wp-content\/uploads\/2022\/01\/taxi-booking-5440936_1280.jpg\" \/>\n\t<meta property=\"og:image:width\" content=\"1200\" \/>\n\t<meta property=\"og:image:height\" content=\"205\" \/>\n\t<meta property=\"og:image:type\" content=\"image\/jpeg\" \/>\n<meta name=\"twitter:card\" content=\"summary_large_image\" \/>\n<meta name=\"twitter:label1\" content=\"Dur\u00e9e de lecture estim\u00e9e\" \/>\n\t<meta name=\"twitter:data1\" content=\"3 minutes\" \/>\n<script type=\"application\/ld+json\" class=\"yoast-schema-graph\">{\"@context\":\"https:\/\/schema.org\",\"@graph\":[{\"@type\":\"WebPage\",\"@id\":\"https:\/\/tiketi.com\/taxi-booking-cape-town-services\/\",\"url\":\"https:\/\/tiketi.com\/taxi-booking-cape-town-services\/\",\"name\":\"Taxi Service in Cape Town - Cheap Cab Booking\",\"isPartOf\":{\"@id\":\"https:\/\/tiketi.com\/#website\"},\"primaryImageOfPage\":{\"@id\":\"https:\/\/tiketi.com\/taxi-booking-cape-town-services\/#primaryimage\"},\"image\":{\"@id\":\"https:\/\/tiketi.com\/taxi-booking-cape-town-services\/#primaryimage\"},\"thumbnailUrl\":\"https:\/\/tiketi.com\/wp-content\/uploads\/2022\/01\/taxi-booking-5440936_1280.jpg\",\"datePublished\":\"2022-01-19T11:53:34+00:00\",\"dateModified\":\"2022-02-22T11:01:53+00:00\",\"description\":\"Looking for safest taxi service in Cape Town online booking? Use the best taxi app in Cape Town and book cheap and best cab services in Cape Town online\",\"breadcrumb\":{\"@id\":\"https:\/\/tiketi.com\/taxi-booking-cape-town-services\/#breadcrumb\"},\"inLanguage\":\"fr-FR\",\"potentialAction\":[{\"@type\":\"ReadAction\",\"target\":[\"https:\/\/tiketi.com\/taxi-booking-cape-town-services\/\"]}]},{\"@type\":\"ImageObject\",\"inLanguage\":\"fr-FR\",\"@id\":\"https:\/\/tiketi.com\/taxi-booking-cape-town-services\/#primaryimage\",\"url\":\"https:\/\/tiketi.com\/wp-content\/uploads\/2022\/01\/taxi-booking-5440936_1280.jpg\",\"contentUrl\":\"https:\/\/tiketi.com\/wp-content\/uploads\/2022\/01\/taxi-booking-5440936_1280.jpg\",\"width\":1200,\"height\":205,\"caption\":\"Book a Taxi \/ Robotaxi\"},{\"@type\":\"BreadcrumbList\",\"@id\":\"https:\/\/tiketi.com\/taxi-booking-cape-town-services\/#breadcrumb\",\"itemListElement\":[{\"@type\":\"ListItem\",\"position\":1,\"name\":\"Home\",\"item\":\"https:\/\/tiketi.com\/\"},{\"@type\":\"ListItem\",\"position\":2,\"name\":\"Taxi Service in Cape Town &#8211; Cheap Cab Booking\"}]},{\"@type\":\"WebSite\",\"@id\":\"https:\/\/tiketi.com\/#website\",\"url\":\"https:\/\/tiketi.com\/\",\"name\":\"Flight & Bus Tickets, Tour Packages & Activitites - Tiketi.com\",\"description\":\"Flight &amp; Bus Tickets, Tours, Activitites\",\"publisher\":{\"@id\":\"https:\/\/tiketi.com\/#organization\"},\"potentialAction\":[{\"@type\":\"SearchAction\",\"target\":{\"@type\":\"EntryPoint\",\"urlTemplate\":\"https:\/\/tiketi.com\/?s={search_term_string}\"},\"query-input\":{\"@type\":\"PropertyValueSpecification\",\"valueRequired\":true,\"valueName\":\"search_term_string\"}}],\"inLanguage\":\"fr-FR\"},{\"@type\":\"Organization\",\"@id\":\"https:\/\/tiketi.com\/#organization\",\"name\":\"Tiketi.com\",\"alternateName\":\"Tiketi\",\"url\":\"https:\/\/tiketi.com\/\",\"logo\":{\"@type\":\"ImageObject\",\"inLanguage\":\"fr-FR\",\"@id\":\"https:\/\/tiketi.com\/#\/schema\/logo\/image\/\",\"url\":\"https:\/\/tiketi.com\/wp-content\/uploads\/2019\/05\/tiketi-logo-696.png\",\"contentUrl\":\"https:\/\/tiketi.com\/wp-content\/uploads\/2019\/05\/tiketi-logo-696.png\",\"width\":696,\"height\":696,\"caption\":\"Tiketi.com\"},\"image\":{\"@id\":\"https:\/\/tiketi.com\/#\/schema\/logo\/image\/\"},\"sameAs\":[\"https:\/\/www.facebook.com\/TiketiCom\/\"]}]}<\/script>\n<!-- \/ Yoast SEO plugin. -->","yoast_head_json":{"title":"Service de taxi \u00e0 Cape Town - R\u00e9servation de taxi pas cher","description":"Vous recherchez le service de taxi le plus s\u00fbr au Cap en r\u00e9servant en ligne? Utilisez la meilleure application de taxi au Cap et r\u00e9servez en ligne les meilleurs services de taxi au Cap","robots":{"index":"index","follow":"follow","max-snippet":"max-snippet:-1","max-image-preview":"max-image-preview:large","max-video-preview":"max-video-preview:-1"},"canonical":"https:\/\/tiketi.com\/fr-fr\/taxi-booking-cape-town-services\/","og_locale":"fr_FR","og_type":"article","og_title":"Taxi Service in Cape Town - Cheap Cab Booking","og_description":"Looking for safest taxi service in Cape Town online booking? Use the best taxi app in Cape Town and book cheap and best cab services in Cape Town online","og_url":"https:\/\/tiketi.com\/fr-fr\/taxi-booking-cape-town-services\/","og_site_name":"Tiketi.com","article_publisher":"https:\/\/www.facebook.com\/TiketiCom\/","article_modified_time":"2022-02-22T11:01:53+00:00","og_image":[{"width":1200,"height":205,"url":"https:\/\/tiketi.com\/wp-content\/uploads\/2022\/01\/taxi-booking-5440936_1280.jpg","type":"image\/jpeg"}],"twitter_card":"summary_large_image","twitter_misc":{"Dur\u00e9e de lecture estim\u00e9e":"3 minutes"},"schema":{"@context":"https:\/\/schema.org","@graph":[{"@type":"WebPage","@id":"https:\/\/tiketi.com\/taxi-booking-cape-town-services\/","url":"https:\/\/tiketi.com\/taxi-booking-cape-town-services\/","name":"Service de taxi \u00e0 Cape Town - R\u00e9servation de taxi pas cher","isPartOf":{"@id":"https:\/\/tiketi.com\/#website"},"primaryImageOfPage":{"@id":"https:\/\/tiketi.com\/taxi-booking-cape-town-services\/#primaryimage"},"image":{"@id":"https:\/\/tiketi.com\/taxi-booking-cape-town-services\/#primaryimage"},"thumbnailUrl":"https:\/\/tiketi.com\/wp-content\/uploads\/2022\/01\/taxi-booking-5440936_1280.jpg","datePublished":"2022-01-19T11:53:34+00:00","dateModified":"2022-02-22T11:01:53+00:00","description":"Vous recherchez le service de taxi le plus s\u00fbr au Cap en r\u00e9servant en ligne? Utilisez la meilleure application de taxi au Cap et r\u00e9servez en ligne les meilleurs services de taxi au Cap","breadcrumb":{"@id":"https:\/\/tiketi.com\/taxi-booking-cape-town-services\/#breadcrumb"},"inLanguage":"fr-FR","potentialAction":[{"@type":"ReadAction","target":["https:\/\/tiketi.com\/taxi-booking-cape-town-services\/"]}]},{"@type":"ImageObject","inLanguage":"fr-FR","@id":"https:\/\/tiketi.com\/taxi-booking-cape-town-services\/#primaryimage","url":"https:\/\/tiketi.com\/wp-content\/uploads\/2022\/01\/taxi-booking-5440936_1280.jpg","contentUrl":"https:\/\/tiketi.com\/wp-content\/uploads\/2022\/01\/taxi-booking-5440936_1280.jpg","width":1200,"height":205,"caption":"Book a Taxi \/ Robotaxi"},{"@type":"BreadcrumbList","@id":"https:\/\/tiketi.com\/taxi-booking-cape-town-services\/#breadcrumb","itemListElement":[{"@type":"ListItem","position":1,"name":"Home","item":"https:\/\/tiketi.com\/"},{"@type":"ListItem","position":2,"name":"Taxi Service in Cape Town &#8211; Cheap Cab Booking"}]},{"@type":"WebSite","@id":"https:\/\/tiketi.com\/#website","url":"https:\/\/tiketi.com\/","name":"Billets d&#039;avion et de bus, forfaits touristiques et activit\u00e9s - Tiketi.com","description":"Billets d&#039;avion et de bus, Tours, Activit\u00e9s","publisher":{"@id":"https:\/\/tiketi.com\/#organization"},"potentialAction":[{"@type":"SearchAction","target":{"@type":"EntryPoint","urlTemplate":"https:\/\/tiketi.com\/?s={search_term_string}"},"query-input":{"@type":"PropertyValueSpecification","valueRequired":true,"valueName":"search_term_string"}}],"inLanguage":"fr-FR"},{"@type":"Organization","@id":"https:\/\/tiketi.com\/#organization","name":"Tiketi.com","alternateName":"Tiketi","url":"https:\/\/tiketi.com\/","logo":{"@type":"ImageObject","inLanguage":"fr-FR","@id":"https:\/\/tiketi.com\/#\/schema\/logo\/image\/","url":"https:\/\/tiketi.com\/wp-content\/uploads\/2019\/05\/tiketi-logo-696.png","contentUrl":"https:\/\/tiketi.com\/wp-content\/uploads\/2019\/05\/tiketi-logo-696.png","width":696,"height":696,"caption":"Tiketi.com"},"image":{"@id":"https:\/\/tiketi.com\/#\/schema\/logo\/image\/"},"sameAs":["https:\/\/www.facebook.com\/TiketiCom\/"]}]}},"_links":{"self":[{"href":"https:\/\/tiketi.com\/fr-fr\/wp-json\/wp\/v2\/pages\/10608","targetHints":{"allow":["GET"]}}],"collection":[{"href":"https:\/\/tiketi.com\/fr-fr\/wp-json\/wp\/v2\/pages"}],"about":[{"href":"https:\/\/tiketi.com\/fr-fr\/wp-json\/wp\/v2\/types\/page"}],"author":[{"embeddable":true,"href":"https:\/\/tiketi.com\/fr-fr\/wp-json\/wp\/v2\/users\/1"}],"replies":[{"embeddable":true,"href":"https:\/\/tiketi.com\/fr-fr\/wp-json\/wp\/v2\/comments?post=10608"}],"version-history":[{"count":0,"href":"https:\/\/tiketi.com\/fr-fr\/wp-json\/wp\/v2\/pages\/10608\/revisions"}],"wp:featuredmedia":[{"embeddable":true,"href":"https:\/\/tiketi.com\/fr-fr\/wp-json\/wp\/v2\/media\/14664"}],"wp:attachment":[{"href":"https:\/\/tiketi.com\/fr-fr\/wp-json\/wp\/v2\/media?parent=10608"}],"curies":[{"name":"wp","href":"https:\/\/api.w.org\/{rel}","templated":true}]}}