{"id":10609,"date":"2022-01-19T12:53:36","date_gmt":"2022-01-19T11:53:36","guid":{"rendered":"https:\/\/new.tiketi.com\/book-a-taxi-in-nairobi-kenya-cheap-and-best-taxi-services\/"},"modified":"2022-01-26T14:19:40","modified_gmt":"2022-01-26T13:19:40","slug":"book-a-taxi-in-nairobi-services","status":"publish","type":"page","link":"https:\/\/tiketi.com\/fr-fr\/book-a-taxi-in-nairobi-services\/","title":{"rendered":"R\u00e9server un taxi \u00e0 Nairobi au Kenya - Services de taxi bon march\u00e9 et les meilleurs"},"content":{"rendered":"<h2>R\u00e9servez en ligne un taxi \u00e0 Nairobi, au Kenya<\/h2>\n<h3><strong>&gt;&gt;<\/strong>\u00a0Utilisez la meilleure application de taxi \u00e0 Nairobi pour r\u00e9server en ligne les meilleurs services de taxi bon march\u00e9 et les meilleurs \u00e0 Nairobi.<\/h3>\n<p>R\u00e9server un taxi \u00e0 Nairobi en ligne en toute simplicit\u00e9. L&#039;a\u00e9roport de Nairobi, \u00e9galement connu sous le nom d&#039;a\u00e9roport international Jomo Keyatta, est le grand a\u00e9roport international de Nairobi et le plus fr\u00e9quent\u00e9 du Kenya. De l\u00e0, vous emprunterez les petites routes locales pour rejoindre votre h\u00f4tel. Voici les avantages d&#039;utiliser une application de taxi \u00e0 Nairobi sur votre smartphone et comment vous pouvez r\u00e9server en ligne les meilleurs services de taxi \u00e0 Nairobi\u00a0:<\/p>\n<h2>Application de taxi \u00e0 Nairobi FAQ sur les itin\u00e9raires et les tarifs<\/h2>\n<h3>Quels sont les prix des taxis \u00e0 Nairobi de l&#039;a\u00e9roport Jomo Kenyatta au centre-ville ?<\/h3>\n<p>Les meilleurs services de taxi s\u00fbrs \u00e0 l&#039;a\u00e9roport de Nairobi Les chauffeurs ne proposent pas de tarif fixe pour le trajet de vingt minutes dans le centre-ville, et ils ne fonctionnent pas non plus avec un taxim\u00e8tre. Au lieu de cela, vous devrez n\u00e9gocier et convenir d&#039;un prix fixe avec les chauffeurs locaux \u00e0 l&#039;a\u00e9roport avant de commencer votre voyage. Cela dit, le prix des taxis \u00e0 Nairobi est d&#039;environ $30. Gardez \u00e0 l&#039;esprit que ces prix de taxi \u00e0 Nairobi peuvent changer en fonction de l&#039;heure de la journ\u00e9e, du nombre de personnes, du type de v\u00e9hicule, \u00e0 la discr\u00e9tion des conducteurs.<\/p>\n<h3>Quel est le moyen le plus rapide pour se rendre de l&#039;a\u00e9roport de Nairobi \u00e0 Mombasa Road ?<\/h3>\n<p>Le moyen le plus rapide pour se rendre de Nairobi \u00e0 Mombasa road en taxi qui co\u00fbte $27 - $30 et prend 12 mint.<\/p>\n<h3>Quelle est la distance de d\u00e9placement des services de taxi \u00e0 Nairobi de l&#039;a\u00e9roport Jomo Kenyatta \u00e0 Mombasa Road ?<\/h3>\n<p>La distance entre l&#039;a\u00e9roport de Nairobi et Mombasa Road est de 9 km. La distance routi\u00e8re est de 12,2 km.<\/p>\n<h3>Comment puis-je voyager du taxi de l&#039;a\u00e9roport de Nairobi au centre-ville sans voiture ?<\/h3>\n<p>Le meilleur moyen pour se rendre de Nairobi Airport \u00e0 Place de la ville sans voiture est de taxi, ce qui dure 20 min et co\u00fbte $35 - $44.<\/p>\n<h2>R\u00e9server un taxi \u00e0 Nairobi, Kenya Conseils<\/h2>\n<p>Les services de taxi de l&#039;a\u00e9roport de Nairobi au centre-ville prendront environ vingt minutes dans un trafic l\u00e9ger car il est plac\u00e9 \u00e0 seulement 18 km de l&#039;anneau central. Apr\u00e8s avoir quitt\u00e9 l&#039;enceinte principale, votre chauffeur de taxi de l&#039;a\u00e9roport Jomo Kenyatta se dirigera vers le nord-ouest sur la B10 avant de rejoindre la route de Mombasa. Il prendra ensuite la deuxi\u00e8me sortie au rond-point le long de Uhuru Hwy. Enfin, votre taxi prendra la 3e sortie et se d\u00e9placera sur l&#039;avenue Haile Selassie.<\/p>\n<p>Les prix des taxis \u00e0 Nairobi sont n\u00e9gociables mais finissent par \u00eatre assez standard. Tout voyage dans le centre-ville co\u00fbte 500 Ksh, du centre-ville \u00e0 Milimani Rd co\u00fbte 600 Ksh, et pour les trajets plus longs tels que Westlands ou Yaya Center, les tarifs varient de 750 KSh \u00e0 1000 Ksh. Du centre-ville \u00e0 Langata et Karen, le trajet co\u00fbte environ 1 200 KSh. Il peut \u00eatre tr\u00e8s abordable de louer un taxi \u00e0 la gare de Nairobi pour la journ\u00e9e si vous pr\u00e9voyez de vous d\u00e9placer beaucoup en ville. Demandez \u00e0 votre h\u00f4tel ou n\u00e9gociez simplement avec un chauffeur.<\/p>","protected":false},"excerpt":{"rendered":"<p>Book\u00a0a Cab in Nairobi, Kenya Online &gt;&gt;\u00a0Use the\u00a0best taxi app in Nairobi to book the cheap and best taxi services in Nairobi simple and easy online. Book\u00a0a taxi in Nairobi online made easy. Nairobi Airport also famous as Jomo Keyatta International airport is the big international airport for Nairobi and the busiest in Kenya. From [&hellip;]<\/p>\n","protected":false},"author":1,"featured_media":14664,"parent":0,"menu_order":0,"comment_status":"open","ping_status":"closed","template":"template-home-modern.php","meta":{"footnotes":""},"class_list":["post-10609","page","type-page","status-publish","has-post-thumbnail","hentry"],"yoast_head":"<!-- This site is optimized with the Yoast SEO plugin v27.3 - https:\/\/yoast.com\/product\/yoast-seo-wordpress\/ -->\n<title>Book a Taxi in Nairobi Kenya - Cheap and Best Taxi Services<\/title>\n<meta name=\"description\" content=\"Want to book a taxi in Nairobi online? Download taxi app in Nairobi Kenya to book cheap and best taxi services in Nairobi anytime, anywhere\" \/>\n<meta name=\"robots\" content=\"index, follow, max-snippet:-1, max-image-preview:large, max-video-preview:-1\" \/>\n<link rel=\"canonical\" href=\"https:\/\/tiketi.com\/fr-fr\/book-a-taxi-in-nairobi-services\/\" \/>\n<meta property=\"og:locale\" content=\"fr_FR\" \/>\n<meta property=\"og:type\" content=\"article\" \/>\n<meta property=\"og:title\" content=\"Book a Taxi in Nairobi Kenya - Cheap and Best Taxi Services\" \/>\n<meta property=\"og:description\" content=\"Want to book a taxi in Nairobi online? Download taxi app in Nairobi Kenya to book cheap and best taxi services in Nairobi anytime, anywhere\" \/>\n<meta property=\"og:url\" content=\"https:\/\/tiketi.com\/fr-fr\/book-a-taxi-in-nairobi-services\/\" \/>\n<meta property=\"og:site_name\" content=\"Tiketi.com\" \/>\n<meta property=\"article:publisher\" content=\"https:\/\/www.facebook.com\/TiketiCom\/\" \/>\n<meta property=\"article:modified_time\" content=\"2022-01-26T13:19:40+00:00\" \/>\n<meta property=\"og:image\" content=\"https:\/\/tiketi.com\/wp-content\/uploads\/2022\/01\/taxi-booking-5440936_1280.jpg\" \/>\n\t<meta property=\"og:image:width\" content=\"1200\" \/>\n\t<meta property=\"og:image:height\" content=\"205\" \/>\n\t<meta property=\"og:image:type\" content=\"image\/jpeg\" \/>\n<meta name=\"twitter:card\" content=\"summary_large_image\" \/>\n<meta name=\"twitter:label1\" content=\"Dur\u00e9e de lecture estim\u00e9e\" \/>\n\t<meta name=\"twitter:data1\" content=\"3 minutes\" \/>\n<script type=\"application\/ld+json\" class=\"yoast-schema-graph\">{\"@context\":\"https:\\\/\\\/schema.org\",\"@graph\":[{\"@type\":\"WebPage\",\"@id\":\"https:\\\/\\\/tiketi.com\\\/book-a-taxi-in-nairobi-services\\\/\",\"url\":\"https:\\\/\\\/tiketi.com\\\/book-a-taxi-in-nairobi-services\\\/\",\"name\":\"Book a Taxi in Nairobi Kenya - Cheap and Best Taxi Services\",\"isPartOf\":{\"@id\":\"https:\\\/\\\/tiketi.com\\\/#website\"},\"primaryImageOfPage\":{\"@id\":\"https:\\\/\\\/tiketi.com\\\/book-a-taxi-in-nairobi-services\\\/#primaryimage\"},\"image\":{\"@id\":\"https:\\\/\\\/tiketi.com\\\/book-a-taxi-in-nairobi-services\\\/#primaryimage\"},\"thumbnailUrl\":\"https:\\\/\\\/tiketi.com\\\/wp-content\\\/uploads\\\/2022\\\/01\\\/taxi-booking-5440936_1280.jpg\",\"datePublished\":\"2022-01-19T11:53:36+00:00\",\"dateModified\":\"2022-01-26T13:19:40+00:00\",\"description\":\"Want to book a taxi in Nairobi online? Download taxi app in Nairobi Kenya to book cheap and best taxi services in Nairobi anytime, anywhere\",\"breadcrumb\":{\"@id\":\"https:\\\/\\\/tiketi.com\\\/book-a-taxi-in-nairobi-services\\\/#breadcrumb\"},\"inLanguage\":\"fr-FR\",\"potentialAction\":[{\"@type\":\"ReadAction\",\"target\":[\"https:\\\/\\\/tiketi.com\\\/book-a-taxi-in-nairobi-services\\\/\"]}]},{\"@type\":\"ImageObject\",\"inLanguage\":\"fr-FR\",\"@id\":\"https:\\\/\\\/tiketi.com\\\/book-a-taxi-in-nairobi-services\\\/#primaryimage\",\"url\":\"https:\\\/\\\/tiketi.com\\\/wp-content\\\/uploads\\\/2022\\\/01\\\/taxi-booking-5440936_1280.jpg\",\"contentUrl\":\"https:\\\/\\\/tiketi.com\\\/wp-content\\\/uploads\\\/2022\\\/01\\\/taxi-booking-5440936_1280.jpg\",\"width\":1200,\"height\":205,\"caption\":\"Book a Taxi \\\/ Robotaxi\"},{\"@type\":\"BreadcrumbList\",\"@id\":\"https:\\\/\\\/tiketi.com\\\/book-a-taxi-in-nairobi-services\\\/#breadcrumb\",\"itemListElement\":[{\"@type\":\"ListItem\",\"position\":1,\"name\":\"Home\",\"item\":\"https:\\\/\\\/tiketi.com\\\/\"},{\"@type\":\"ListItem\",\"position\":2,\"name\":\"Book a Taxi in Nairobi Kenya &#8211; Cheap and Best Taxi Services\"}]},{\"@type\":\"WebSite\",\"@id\":\"https:\\\/\\\/tiketi.com\\\/#website\",\"url\":\"https:\\\/\\\/tiketi.com\\\/\",\"name\":\"Flight & Bus Tickets, Tour Packages & Activitites - Tiketi.com\",\"description\":\"Flight &amp; Bus Tickets, Tours, Activitites\",\"publisher\":{\"@id\":\"https:\\\/\\\/tiketi.com\\\/#organization\"},\"potentialAction\":[{\"@type\":\"SearchAction\",\"target\":{\"@type\":\"EntryPoint\",\"urlTemplate\":\"https:\\\/\\\/tiketi.com\\\/?s={search_term_string}\"},\"query-input\":{\"@type\":\"PropertyValueSpecification\",\"valueRequired\":true,\"valueName\":\"search_term_string\"}}],\"inLanguage\":\"fr-FR\"},{\"@type\":\"Organization\",\"@id\":\"https:\\\/\\\/tiketi.com\\\/#organization\",\"name\":\"Tiketi.com\",\"alternateName\":\"Tiketi\",\"url\":\"https:\\\/\\\/tiketi.com\\\/\",\"logo\":{\"@type\":\"ImageObject\",\"inLanguage\":\"fr-FR\",\"@id\":\"https:\\\/\\\/tiketi.com\\\/#\\\/schema\\\/logo\\\/image\\\/\",\"url\":\"https:\\\/\\\/tiketi.com\\\/wp-content\\\/uploads\\\/2019\\\/05\\\/tiketi-logo-696.png\",\"contentUrl\":\"https:\\\/\\\/tiketi.com\\\/wp-content\\\/uploads\\\/2019\\\/05\\\/tiketi-logo-696.png\",\"width\":696,\"height\":696,\"caption\":\"Tiketi.com\"},\"image\":{\"@id\":\"https:\\\/\\\/tiketi.com\\\/#\\\/schema\\\/logo\\\/image\\\/\"},\"sameAs\":[\"https:\\\/\\\/www.facebook.com\\\/TiketiCom\\\/\"]}]}<\/script>\n<!-- \/ Yoast SEO plugin. -->","yoast_head_json":{"title":"R\u00e9server un taxi \u00e0 Nairobi au Kenya - Services de taxi bon march\u00e9 et les meilleurs","description":"Vous souhaitez r\u00e9server un taxi \u00e0 Nairobi en ligne ? T\u00e9l\u00e9chargez l&#039;application de taxi \u00e0 Nairobi au Kenya pour r\u00e9server des services de taxi bon march\u00e9 et les meilleurs \u00e0 Nairobi \u00e0 tout moment, n&#039;importe o\u00f9","robots":{"index":"index","follow":"follow","max-snippet":"max-snippet:-1","max-image-preview":"max-image-preview:large","max-video-preview":"max-video-preview:-1"},"canonical":"https:\/\/tiketi.com\/fr-fr\/book-a-taxi-in-nairobi-services\/","og_locale":"fr_FR","og_type":"article","og_title":"Book a Taxi in Nairobi Kenya - Cheap and Best Taxi Services","og_description":"Want to book a taxi in Nairobi online? Download taxi app in Nairobi Kenya to book cheap and best taxi services in Nairobi anytime, anywhere","og_url":"https:\/\/tiketi.com\/fr-fr\/book-a-taxi-in-nairobi-services\/","og_site_name":"Tiketi.com","article_publisher":"https:\/\/www.facebook.com\/TiketiCom\/","article_modified_time":"2022-01-26T13:19:40+00:00","og_image":[{"width":1200,"height":205,"url":"https:\/\/tiketi.com\/wp-content\/uploads\/2022\/01\/taxi-booking-5440936_1280.jpg","type":"image\/jpeg"}],"twitter_card":"summary_large_image","twitter_misc":{"Dur\u00e9e de lecture estim\u00e9e":"3 minutes"},"schema":{"@context":"https:\/\/schema.org","@graph":[{"@type":"WebPage","@id":"https:\/\/tiketi.com\/book-a-taxi-in-nairobi-services\/","url":"https:\/\/tiketi.com\/book-a-taxi-in-nairobi-services\/","name":"R\u00e9server un taxi \u00e0 Nairobi au Kenya - Services de taxi bon march\u00e9 et les meilleurs","isPartOf":{"@id":"https:\/\/tiketi.com\/#website"},"primaryImageOfPage":{"@id":"https:\/\/tiketi.com\/book-a-taxi-in-nairobi-services\/#primaryimage"},"image":{"@id":"https:\/\/tiketi.com\/book-a-taxi-in-nairobi-services\/#primaryimage"},"thumbnailUrl":"https:\/\/tiketi.com\/wp-content\/uploads\/2022\/01\/taxi-booking-5440936_1280.jpg","datePublished":"2022-01-19T11:53:36+00:00","dateModified":"2022-01-26T13:19:40+00:00","description":"Vous souhaitez r\u00e9server un taxi \u00e0 Nairobi en ligne ? T\u00e9l\u00e9chargez l&#039;application de taxi \u00e0 Nairobi au Kenya pour r\u00e9server des services de taxi bon march\u00e9 et les meilleurs \u00e0 Nairobi \u00e0 tout moment, n&#039;importe o\u00f9","breadcrumb":{"@id":"https:\/\/tiketi.com\/book-a-taxi-in-nairobi-services\/#breadcrumb"},"inLanguage":"fr-FR","potentialAction":[{"@type":"ReadAction","target":["https:\/\/tiketi.com\/book-a-taxi-in-nairobi-services\/"]}]},{"@type":"ImageObject","inLanguage":"fr-FR","@id":"https:\/\/tiketi.com\/book-a-taxi-in-nairobi-services\/#primaryimage","url":"https:\/\/tiketi.com\/wp-content\/uploads\/2022\/01\/taxi-booking-5440936_1280.jpg","contentUrl":"https:\/\/tiketi.com\/wp-content\/uploads\/2022\/01\/taxi-booking-5440936_1280.jpg","width":1200,"height":205,"caption":"Book a Taxi \/ Robotaxi"},{"@type":"BreadcrumbList","@id":"https:\/\/tiketi.com\/book-a-taxi-in-nairobi-services\/#breadcrumb","itemListElement":[{"@type":"ListItem","position":1,"name":"Home","item":"https:\/\/tiketi.com\/"},{"@type":"ListItem","position":2,"name":"Book a Taxi in Nairobi Kenya &#8211; Cheap and Best Taxi Services"}]},{"@type":"WebSite","@id":"https:\/\/tiketi.com\/#website","url":"https:\/\/tiketi.com\/","name":"Billets d&#039;avion et de bus, forfaits touristiques et activit\u00e9s - Tiketi.com","description":"Billets d&#039;avion et de bus, Tours, Activit\u00e9s","publisher":{"@id":"https:\/\/tiketi.com\/#organization"},"potentialAction":[{"@type":"SearchAction","target":{"@type":"EntryPoint","urlTemplate":"https:\/\/tiketi.com\/?s={search_term_string}"},"query-input":{"@type":"PropertyValueSpecification","valueRequired":true,"valueName":"search_term_string"}}],"inLanguage":"fr-FR"},{"@type":"Organization","@id":"https:\/\/tiketi.com\/#organization","name":"Tiketi.com","alternateName":"Tiketi","url":"https:\/\/tiketi.com\/","logo":{"@type":"ImageObject","inLanguage":"fr-FR","@id":"https:\/\/tiketi.com\/#\/schema\/logo\/image\/","url":"https:\/\/tiketi.com\/wp-content\/uploads\/2019\/05\/tiketi-logo-696.png","contentUrl":"https:\/\/tiketi.com\/wp-content\/uploads\/2019\/05\/tiketi-logo-696.png","width":696,"height":696,"caption":"Tiketi.com"},"image":{"@id":"https:\/\/tiketi.com\/#\/schema\/logo\/image\/"},"sameAs":["https:\/\/www.facebook.com\/TiketiCom\/"]}]}},"_links":{"self":[{"href":"https:\/\/tiketi.com\/fr-fr\/wp-json\/wp\/v2\/pages\/10609","targetHints":{"allow":["GET"]}}],"collection":[{"href":"https:\/\/tiketi.com\/fr-fr\/wp-json\/wp\/v2\/pages"}],"about":[{"href":"https:\/\/tiketi.com\/fr-fr\/wp-json\/wp\/v2\/types\/page"}],"author":[{"embeddable":true,"href":"https:\/\/tiketi.com\/fr-fr\/wp-json\/wp\/v2\/users\/1"}],"replies":[{"embeddable":true,"href":"https:\/\/tiketi.com\/fr-fr\/wp-json\/wp\/v2\/comments?post=10609"}],"version-history":[{"count":0,"href":"https:\/\/tiketi.com\/fr-fr\/wp-json\/wp\/v2\/pages\/10609\/revisions"}],"wp:featuredmedia":[{"embeddable":true,"href":"https:\/\/tiketi.com\/fr-fr\/wp-json\/wp\/v2\/media\/14664"}],"wp:attachment":[{"href":"https:\/\/tiketi.com\/fr-fr\/wp-json\/wp\/v2\/media?parent=10609"}],"curies":[{"name":"wp","href":"https:\/\/api.w.org\/{rel}","templated":true}]}}