{"id":10610,"date":"2022-01-19T12:53:36","date_gmt":"2022-01-19T11:53:36","guid":{"rendered":"https:\/\/new.tiketi.com\/taxi-services-in-accra-cheap-and-best-taxis-booking\/"},"modified":"2022-02-22T11:45:11","modified_gmt":"2022-02-22T10:45:11","slug":"online-taxi-services-in-accra-app","status":"publish","type":"page","link":"https:\/\/tiketi.com\/fr-fr\/online-taxi-services-in-accra-app\/","title":{"rendered":"Services de taxi \u00e0 Accra R\u00e9servation en ligne - Taxis bon march\u00e9 et meilleurs"},"content":{"rendered":"<h2>Application de r\u00e9servation de service de taxi \u00e0 Accra pas cher<\/h2>\n<h3>Utilisez la meilleure application de taxi \u00e0 Accra pour r\u00e9server en ligne des taxis bon march\u00e9 \u00e0 Accra simples et faciles.<\/h3>\n<p>Services de taxi en ligne \u00e0 Accra r\u00e9servation facile. La fa\u00e7on la plus cool de voyager \u00e0 Accra est en taxi. Vous n&#039;avez pas \u00e0 h\u00e9siter \u00e0 localiser un bus avec le bon itin\u00e9raire ou \u00e0 monter sur un Tro-Tro bond\u00e9. Tous les taxis officiels ont des c\u00f4t\u00e9s jaunes sur le v\u00e9hicule. Bien qu&#039;ils soient suppos\u00e9s vous facturer en fonction du compteur, de mani\u00e8re simple, cela finit par \u00eatre une n\u00e9gociation. Vous devriez toujours n\u00e9gocier un tarif de taxi \u00e0 Accra avant de partir. Soyez ferme, car de nombreux chauffeurs de taxi d&#039;Accra essaieront de surcharger les visiteurs. Un petit voyage devrait co\u00fbter environ 3 credis, et un trajet du taxi de l&#039;a\u00e9roport d&#039;Accra au centre-ville devrait co\u00fbter entre 10 et 20 credis. Voici les avantages d&#039;utiliser la meilleure application de taxi \u00e0 Accra sur votre smartphone et comment vous pouvez r\u00e9server en ligne les meilleurs taxis \u00e0 Accra :<\/p>\n<h2>Services de taxi \u00e0 Accra, FAQ sur les itin\u00e9raires et les tarifs<\/h2>\n<h3>Quel est le co\u00fbt des taxis dans le service d&#039;Accra - de l&#039;a\u00e9roport au centre-ville\u00a0?<\/h3>\n<p>Un tarif de taxi \u00e0 Accra Ghana pour un tr\u00e8s petit itin\u00e9raire ne devrait pas d\u00e9passer 1,00 GHS, plus de 2,50 \u00e0 5,00 GHS et 7,00 GHS devraient \u00eatre suffisants pour n&#039;importe o\u00f9 dans la ville. D\u00e9cidez toujours d&#039;un tarif avant d&#039;entrer car le prix a tendance \u00e0 changer avec les prix du carburant sur le march\u00e9 international.<\/p>\n<h3>Combien co\u00fbte le taxi \u00e0 Accra Ghana vers et depuis l&#039;a\u00e9roport de Kotoka?<\/h3>\n<p>Un taxi s\u00fbr Accra de l&#039;a\u00e9roport de Kotoka au centre d&#039;Accra co\u00fbte entre 30 GHS et 40 GHS, le temps de trajet est d&#039;environ vingt-cinq minutes. Les taxis au Ghana n&#039;ont pas de taxim\u00e8tre, vous devriez discuter avec le chauffeur et convenir d&#039;un prix au d\u00e9part de l&#039;a\u00e9roport d&#039;Accra Kotoka. L&#039;application de taxi \u00e0 Accra est \u00e9galement accessible, mais g\u00e9n\u00e9ralement plus co\u00fbteuse que les taxis ordinaires.<\/p>\n<p>Accra a un grand syst\u00e8me de taxis et de nombreuses stations de taxis, mais la plupart des services de taxis d&#039;Accra n&#039;ont pas de structure de compteur, donc une n\u00e9gociation de prix est n\u00e9cessaire entre le passager et le chauffeur. Les taxis avec compteur ne circulent pas dans la ville, mais ont tendance \u00e0 \u00eatre plus co\u00fbteux. Les taxis au Ghana sont pour la plupart en 2 couleurs, les 4 pare-chocs sont jaunes\/oranges et le reste du v\u00e9hicule est dans une couleur au choix des op\u00e9rateurs.<\/p>\n<h2>Meilleure application de taxi \u00e0 Accra Conseils de r\u00e9servation<\/h2>\n<p>\u2022 A l&#039;int\u00e9rieur des villes et sur certains petits trajets interurbains, les taxis collectifs sont habituels et les taxis sont une forme g\u00e9n\u00e9rale de transport. Ils circulent sur des routes fixes, le long desquelles ils s&#039;arr\u00eatent pour d\u00e9poser et prendre des passagers. Les tarifs des taxis \u00e0 Accra Ghana sont g\u00e9n\u00e9ralement tr\u00e8s abordables (C1 \u00e0 C2).<br \/>\n\u2022 Les taxis priv\u00e9s du service d&#039;Accra n&#039;ont pas de tarifs et les compteurs sont n\u00e9gociables. Il est pr\u00e9f\u00e9rable de demander \u00e0 l&#039;avance \u00e0 un local le co\u00fbt moyen entre 2 points.<br \/>\n\u2022 Les taxis \u00e0 Accra peuvent \u00eatre factur\u00e9s pour une p\u00e9riode de temps convenue, de 1 heure \u00e0 une journ\u00e9e, moyennant des frais n\u00e9gociables.<br \/>\n\u2022 L&#039;application de taxi Tiketi.com \u00e0 Accra est officiellement arriv\u00e9e \u00e0 Accra en d\u00e9cembre 2021<\/p>","protected":false},"excerpt":{"rendered":"<p>Cheap Accra Taxi Service Booking App Use the best taxi app in Accra to book the cheap taxi cabs in Accra simple and easy online. Online taxi services in Accra booking made easy. The most cool way to travel in Accra is by Taxi. You do not have to hesitate about locating a bus with [&hellip;]<\/p>\n","protected":false},"author":1,"featured_media":14664,"parent":0,"menu_order":0,"comment_status":"open","ping_status":"closed","template":"template-home-modern.php","meta":{"footnotes":""},"class_list":["post-10610","page","type-page","status-publish","has-post-thumbnail","hentry"],"yoast_head":"<!-- This site is optimized with the Yoast SEO plugin v27.2 - https:\/\/yoast.com\/product\/yoast-seo-wordpress\/ -->\n<title>Taxi Services in Accra Online Booking - Cheap and Best Cabs<\/title>\n<meta name=\"description\" content=\"Looking for safest taxi in Accra Ghana online booking? Use the best taxi app in Accra Ghana and book cheap and best taxi cabs in Accra online\" \/>\n<meta name=\"robots\" content=\"index, follow, max-snippet:-1, max-image-preview:large, max-video-preview:-1\" \/>\n<link rel=\"canonical\" href=\"https:\/\/tiketi.com\/fr-fr\/online-taxi-services-in-accra-app\/\" \/>\n<meta property=\"og:locale\" content=\"fr_FR\" \/>\n<meta property=\"og:type\" content=\"article\" \/>\n<meta property=\"og:title\" content=\"Taxi Services in Accra Online Booking - Cheap and Best Cabs\" \/>\n<meta property=\"og:description\" content=\"Looking for safest taxi in Accra Ghana online booking? Use the best taxi app in Accra Ghana and book cheap and best taxi cabs in Accra online\" \/>\n<meta property=\"og:url\" content=\"https:\/\/tiketi.com\/fr-fr\/online-taxi-services-in-accra-app\/\" \/>\n<meta property=\"og:site_name\" content=\"Tiketi.com\" \/>\n<meta property=\"article:publisher\" content=\"https:\/\/www.facebook.com\/TiketiCom\/\" \/>\n<meta property=\"article:modified_time\" content=\"2022-02-22T10:45:11+00:00\" \/>\n<meta property=\"og:image\" content=\"https:\/\/tiketi.com\/wp-content\/uploads\/2022\/01\/taxi-booking-5440936_1280.jpg\" \/>\n\t<meta property=\"og:image:width\" content=\"1200\" \/>\n\t<meta property=\"og:image:height\" content=\"205\" \/>\n\t<meta property=\"og:image:type\" content=\"image\/jpeg\" \/>\n<meta name=\"twitter:card\" content=\"summary_large_image\" \/>\n<meta name=\"twitter:label1\" content=\"Dur\u00e9e de lecture estim\u00e9e\" \/>\n\t<meta name=\"twitter:data1\" content=\"3 minutes\" \/>\n<script type=\"application\/ld+json\" class=\"yoast-schema-graph\">{\"@context\":\"https:\/\/schema.org\",\"@graph\":[{\"@type\":\"WebPage\",\"@id\":\"https:\/\/tiketi.com\/fr-fr\/online-taxi-services-in-accra-app\/\",\"url\":\"https:\/\/tiketi.com\/fr-fr\/online-taxi-services-in-accra-app\/\",\"name\":\"Taxi Services in Accra Online Booking - Cheap and Best Cabs\",\"isPartOf\":{\"@id\":\"https:\/\/tiketi.com\/#website\"},\"primaryImageOfPage\":{\"@id\":\"https:\/\/tiketi.com\/fr-fr\/online-taxi-services-in-accra-app\/#primaryimage\"},\"image\":{\"@id\":\"https:\/\/tiketi.com\/fr-fr\/online-taxi-services-in-accra-app\/#primaryimage\"},\"thumbnailUrl\":\"https:\/\/tiketi.com\/wp-content\/uploads\/2022\/01\/taxi-booking-5440936_1280.jpg\",\"datePublished\":\"2022-01-19T11:53:36+00:00\",\"dateModified\":\"2022-02-22T10:45:11+00:00\",\"description\":\"Looking for safest taxi in Accra Ghana online booking? Use the best taxi app in Accra Ghana and book cheap and best taxi cabs in Accra online\",\"breadcrumb\":{\"@id\":\"https:\/\/tiketi.com\/fr-fr\/online-taxi-services-in-accra-app\/#breadcrumb\"},\"inLanguage\":\"fr-FR\",\"potentialAction\":[{\"@type\":\"ReadAction\",\"target\":[\"https:\/\/tiketi.com\/fr-fr\/online-taxi-services-in-accra-app\/\"]}]},{\"@type\":\"ImageObject\",\"inLanguage\":\"fr-FR\",\"@id\":\"https:\/\/tiketi.com\/fr-fr\/online-taxi-services-in-accra-app\/#primaryimage\",\"url\":\"https:\/\/tiketi.com\/wp-content\/uploads\/2022\/01\/taxi-booking-5440936_1280.jpg\",\"contentUrl\":\"https:\/\/tiketi.com\/wp-content\/uploads\/2022\/01\/taxi-booking-5440936_1280.jpg\",\"width\":1200,\"height\":205,\"caption\":\"Book a Taxi \/ Robotaxi\"},{\"@type\":\"BreadcrumbList\",\"@id\":\"https:\/\/tiketi.com\/fr-fr\/online-taxi-services-in-accra-app\/#breadcrumb\",\"itemListElement\":[{\"@type\":\"ListItem\",\"position\":1,\"name\":\"Home\",\"item\":\"https:\/\/tiketi.com\/\"},{\"@type\":\"ListItem\",\"position\":2,\"name\":\"Taxi Services in Accra Online Booking &#8211; Cheap and Best Cabs\"}]},{\"@type\":\"WebSite\",\"@id\":\"https:\/\/tiketi.com\/#website\",\"url\":\"https:\/\/tiketi.com\/\",\"name\":\"Flight & Bus Tickets, Tour Packages & Activitites - Tiketi.com\",\"description\":\"Flight &amp; Bus Tickets, Tours, Activitites\",\"publisher\":{\"@id\":\"https:\/\/tiketi.com\/#organization\"},\"potentialAction\":[{\"@type\":\"SearchAction\",\"target\":{\"@type\":\"EntryPoint\",\"urlTemplate\":\"https:\/\/tiketi.com\/?s={search_term_string}\"},\"query-input\":{\"@type\":\"PropertyValueSpecification\",\"valueRequired\":true,\"valueName\":\"search_term_string\"}}],\"inLanguage\":\"fr-FR\"},{\"@type\":\"Organization\",\"@id\":\"https:\/\/tiketi.com\/#organization\",\"name\":\"Tiketi.com\",\"alternateName\":\"Tiketi\",\"url\":\"https:\/\/tiketi.com\/\",\"logo\":{\"@type\":\"ImageObject\",\"inLanguage\":\"fr-FR\",\"@id\":\"https:\/\/tiketi.com\/#\/schema\/logo\/image\/\",\"url\":\"https:\/\/tiketi.com\/wp-content\/uploads\/2019\/05\/tiketi-logo-696.png\",\"contentUrl\":\"https:\/\/tiketi.com\/wp-content\/uploads\/2019\/05\/tiketi-logo-696.png\",\"width\":696,\"height\":696,\"caption\":\"Tiketi.com\"},\"image\":{\"@id\":\"https:\/\/tiketi.com\/#\/schema\/logo\/image\/\"},\"sameAs\":[\"https:\/\/www.facebook.com\/TiketiCom\/\"]}]}<\/script>\n<!-- \/ Yoast SEO plugin. -->","yoast_head_json":{"title":"Services de taxi \u00e0 Accra R\u00e9servation en ligne - Taxis bon march\u00e9 et les meilleurs","description":"Vous recherchez la r\u00e9servation en ligne du taxi le plus s\u00fbr \u00e0 Accra Ghana? Utilisez la meilleure application de taxi \u00e0 Accra Ghana et r\u00e9servez en ligne les meilleurs taxis bon march\u00e9 \u00e0 Accra","robots":{"index":"index","follow":"follow","max-snippet":"max-snippet:-1","max-image-preview":"max-image-preview:large","max-video-preview":"max-video-preview:-1"},"canonical":"https:\/\/tiketi.com\/fr-fr\/online-taxi-services-in-accra-app\/","og_locale":"fr_FR","og_type":"article","og_title":"Taxi Services in Accra Online Booking - Cheap and Best Cabs","og_description":"Looking for safest taxi in Accra Ghana online booking? Use the best taxi app in Accra Ghana and book cheap and best taxi cabs in Accra online","og_url":"https:\/\/tiketi.com\/fr-fr\/online-taxi-services-in-accra-app\/","og_site_name":"Tiketi.com","article_publisher":"https:\/\/www.facebook.com\/TiketiCom\/","article_modified_time":"2022-02-22T10:45:11+00:00","og_image":[{"width":1200,"height":205,"url":"https:\/\/tiketi.com\/wp-content\/uploads\/2022\/01\/taxi-booking-5440936_1280.jpg","type":"image\/jpeg"}],"twitter_card":"summary_large_image","twitter_misc":{"Dur\u00e9e de lecture estim\u00e9e":"3 minutes"},"schema":{"@context":"https:\/\/schema.org","@graph":[{"@type":"WebPage","@id":"https:\/\/tiketi.com\/fr-fr\/online-taxi-services-in-accra-app\/","url":"https:\/\/tiketi.com\/fr-fr\/online-taxi-services-in-accra-app\/","name":"Services de taxi \u00e0 Accra R\u00e9servation en ligne - Taxis bon march\u00e9 et les meilleurs","isPartOf":{"@id":"https:\/\/tiketi.com\/#website"},"primaryImageOfPage":{"@id":"https:\/\/tiketi.com\/fr-fr\/online-taxi-services-in-accra-app\/#primaryimage"},"image":{"@id":"https:\/\/tiketi.com\/fr-fr\/online-taxi-services-in-accra-app\/#primaryimage"},"thumbnailUrl":"https:\/\/tiketi.com\/wp-content\/uploads\/2022\/01\/taxi-booking-5440936_1280.jpg","datePublished":"2022-01-19T11:53:36+00:00","dateModified":"2022-02-22T10:45:11+00:00","description":"Vous recherchez la r\u00e9servation en ligne du taxi le plus s\u00fbr \u00e0 Accra Ghana? Utilisez la meilleure application de taxi \u00e0 Accra Ghana et r\u00e9servez en ligne les meilleurs taxis bon march\u00e9 \u00e0 Accra","breadcrumb":{"@id":"https:\/\/tiketi.com\/fr-fr\/online-taxi-services-in-accra-app\/#breadcrumb"},"inLanguage":"fr-FR","potentialAction":[{"@type":"ReadAction","target":["https:\/\/tiketi.com\/fr-fr\/online-taxi-services-in-accra-app\/"]}]},{"@type":"ImageObject","inLanguage":"fr-FR","@id":"https:\/\/tiketi.com\/fr-fr\/online-taxi-services-in-accra-app\/#primaryimage","url":"https:\/\/tiketi.com\/wp-content\/uploads\/2022\/01\/taxi-booking-5440936_1280.jpg","contentUrl":"https:\/\/tiketi.com\/wp-content\/uploads\/2022\/01\/taxi-booking-5440936_1280.jpg","width":1200,"height":205,"caption":"Book a Taxi \/ Robotaxi"},{"@type":"BreadcrumbList","@id":"https:\/\/tiketi.com\/fr-fr\/online-taxi-services-in-accra-app\/#breadcrumb","itemListElement":[{"@type":"ListItem","position":1,"name":"Home","item":"https:\/\/tiketi.com\/"},{"@type":"ListItem","position":2,"name":"Taxi Services in Accra Online Booking &#8211; Cheap and Best Cabs"}]},{"@type":"WebSite","@id":"https:\/\/tiketi.com\/#website","url":"https:\/\/tiketi.com\/","name":"Billets d&#039;avion et de bus, forfaits touristiques et activit\u00e9s - Tiketi.com","description":"Billets d&#039;avion et de bus, Tours, Activit\u00e9s","publisher":{"@id":"https:\/\/tiketi.com\/#organization"},"potentialAction":[{"@type":"SearchAction","target":{"@type":"EntryPoint","urlTemplate":"https:\/\/tiketi.com\/?s={search_term_string}"},"query-input":{"@type":"PropertyValueSpecification","valueRequired":true,"valueName":"search_term_string"}}],"inLanguage":"fr-FR"},{"@type":"Organization","@id":"https:\/\/tiketi.com\/#organization","name":"Tiketi.com","alternateName":"Tiketi","url":"https:\/\/tiketi.com\/","logo":{"@type":"ImageObject","inLanguage":"fr-FR","@id":"https:\/\/tiketi.com\/#\/schema\/logo\/image\/","url":"https:\/\/tiketi.com\/wp-content\/uploads\/2019\/05\/tiketi-logo-696.png","contentUrl":"https:\/\/tiketi.com\/wp-content\/uploads\/2019\/05\/tiketi-logo-696.png","width":696,"height":696,"caption":"Tiketi.com"},"image":{"@id":"https:\/\/tiketi.com\/#\/schema\/logo\/image\/"},"sameAs":["https:\/\/www.facebook.com\/TiketiCom\/"]}]}},"_links":{"self":[{"href":"https:\/\/tiketi.com\/fr-fr\/wp-json\/wp\/v2\/pages\/10610","targetHints":{"allow":["GET"]}}],"collection":[{"href":"https:\/\/tiketi.com\/fr-fr\/wp-json\/wp\/v2\/pages"}],"about":[{"href":"https:\/\/tiketi.com\/fr-fr\/wp-json\/wp\/v2\/types\/page"}],"author":[{"embeddable":true,"href":"https:\/\/tiketi.com\/fr-fr\/wp-json\/wp\/v2\/users\/1"}],"replies":[{"embeddable":true,"href":"https:\/\/tiketi.com\/fr-fr\/wp-json\/wp\/v2\/comments?post=10610"}],"version-history":[{"count":0,"href":"https:\/\/tiketi.com\/fr-fr\/wp-json\/wp\/v2\/pages\/10610\/revisions"}],"wp:featuredmedia":[{"embeddable":true,"href":"https:\/\/tiketi.com\/fr-fr\/wp-json\/wp\/v2\/media\/14664"}],"wp:attachment":[{"href":"https:\/\/tiketi.com\/fr-fr\/wp-json\/wp\/v2\/media?parent=10610"}],"curies":[{"name":"wp","href":"https:\/\/api.w.org\/{rel}","templated":true}]}}