{"id":10611,"date":"2022-01-19T12:53:36","date_gmt":"2022-01-19T11:53:36","guid":{"rendered":"https:\/\/new.tiketi.com\/book-taxi-in-marrakech-cheap-and-best-taxis-service\/"},"modified":"2022-07-05T08:43:43","modified_gmt":"2022-07-05T07:43:43","slug":"book-taxi-in-marrakech-cheap-and-best-taxis-service","status":"publish","type":"page","link":"https:\/\/tiketi.com\/fr-fr\/book-taxi-in-marrakech-cheap-and-best-taxis-service\/","title":{"rendered":"R\u00e9server un taxi \u00e0 Marrakech - Service de taxis bon march\u00e9 et le meilleur"},"content":{"rendered":"<h2>Application de r\u00e9servation de service de taxi \u00e0 Marrakech<\/h2>\n<h3>Vous souhaitez r\u00e9server un taxi \u00e0 Marrakech ? Utilisez la meilleure application de taxi \u00e0 Marrakech pour r\u00e9server les meilleurs services de taxi \u00e0 Marrakech simplement et facilement en ligne.<\/h3>\n<p>R\u00e9server un taxi \u00e0 Marrakech pas cher et facile en ligne. Voici les avantages d&#039;utiliser une application de taxi \u00e0 Marrakech sur votre Smartphone et comment vous pouvez r\u00e9server en ligne les meilleurs services de taxi \u00e0 Marrakech :<\/p>\n<h2>R\u00e9server un taxi \u00e0 Marrakech - FAQ sur les itin\u00e9raires et les tarifs<\/h2>\n<h3>Quel est le tarif du service de taxi de Marrakech de l&#039;a\u00e9roport de Marrakech Menara au centre-ville ?<\/h3>\n<p>N&#039;oubliez pas que les chauffeurs de taxi de l&#039;a\u00e9roport de Marrakech utilisent toujours un taxim\u00e8tre pour facturer leurs trajets, mais ont \u00e9galement tendance \u00e0 essayer de surcharger ou d&#039;arnaquer les touristes. Pour refuser cela, nous vous conseillons de r\u00e9server votre taxi a\u00e9roport de Marrakech \u00e0 l&#039;avance.<\/p>\n<p>Dans un trafic l\u00e9ger, prendre un service de taxi Marrakech de l&#039;a\u00e9roport au c\u0153ur de la ville co\u00fbtera environ 4,60 \u20ac le jour et 6,80 \u20ac la nuit.<\/p>\n<h3>Services de taxi de l&#039;a\u00e9roport de Marrakech au tarif M\u00e9dina<\/h3>\n<p>Bien que la pratique g\u00e9n\u00e9rale soit de facturer au moyen d&#039;un taxim\u00e8tre, les services de taxi dans les liaisons de Marrakech depuis l&#039;a\u00e9roport ont \u00e9t\u00e9 fix\u00e9s \u00e0 des tarifs fixes afin de simplifier les d\u00e9placements. Pour une voiture typique \u00e0 quatre portes, le tarif pour la vieille ville de M\u00e9dine est de 6,50\u00a0\u20ac, tandis que pour les plus gros minivans, le co\u00fbt est plus \u00e9lev\u00e9 \u00e0 15\u00a0\u20ac. Des facteurs tels que l&#039;heure de la journ\u00e9e et le type de v\u00e9hicule peuvent \u00e9galement affecter les prix des taxis.<\/p>\n<h3>Tarifs des taxis \u00e0 Marrakech pour les diff\u00e9rents trajets<\/h3>\n<p>Les taxis de Marrakech sont tellement diff\u00e9rents des autres. Ils n&#039;aiment pas allumer le compteur ni donner un meilleur prix. Le prix le plus bas pour le trajet est de Seven MAD, peu importe la distance que vous avez parcourue. La nuit, le tarif est plus \u00e9lev\u00e9.<br \/>\nLa r\u00e8gle la plus importante pour prendre un taxi \u00e0 Marrakech est de s&#039;assurer que le compteur est allum\u00e9. Sinon, n\u00e9gociez le prix avant. Aller de la gare de Marrakech \u00e0 la place Jemma el-Fnaa co\u00fbte environ 25 MAD. Application de taxi \u00e0 Marrakech service de r\u00e9servation du centre commercial Carr\u00e9 Eden \u00e0 Jemma el-Fnaa, une dizaine de MAD.<\/p>\n<p>Certains services de taxi s\u00fbrs de Marrakech refusent d&#039;utiliser le compteur \u00e0 moins que vous ne forciez, puis prenez un autre taxi pr\u00eat \u00e0 utiliser le compteur. Si le chauffeur de taxi vous arnaque, refusez de payer. Les chauffeurs de taxi ne peuvent m\u00eame pas prouver que vous avez fait une course car le compteur n&#039;\u00e9tait pas allum\u00e9.<\/p>\n<h2>Application de taxi \u00e0 Marrakech Conseils de r\u00e9servation<\/h2>\n<p>L&#039;a\u00e9roport de Marrakech Menara est consid\u00e9r\u00e9 comme l&#039;a\u00e9roport cl\u00e9 de la province de Marrakech. La petite route vers le centre-ville est de 4,4 km, donc votre trajet en taxi de l&#039;a\u00e9roport de Menara ne devrait pas prendre plus de douze minutes dans un trafic l\u00e9ger. Une fois que votre chauffeur de taxi de l&#039;a\u00e9roport de Marrakech aura quitt\u00e9 l&#039;enceinte de l&#039;a\u00e9roport, il empruntera l&#039;avenue Menara, puis tournera \u00e0 droite sur Prince Moulay Rachid. Arriv\u00e9 au centre commercial Menara, votre chauffeur de service de taxi de Marrakech tournera ensuite \u00e0 gauche sur le boulevard Mohammed VI et se dirigera vers le nord jusqu&#039;\u00e0 ce qu&#039;il atteigne le centre-ville de Marrakech. De l\u00e0, votre chauffeur empruntera les routes nationales pour rejoindre votre h\u00f4tel.<\/p>","protected":false},"excerpt":{"rendered":"<p>Marrakech Taxi Service Booking App Want to book taxi in Marrakech? Use the best taxi app in Marrakech to book the best taxi services in Marrakech simple and easy online. Book taxi in Marrakech cheap and easy online. Here are the advantages of using a taxi app in Marrakech on your Smartphone and how to [&hellip;]<\/p>\n","protected":false},"author":1,"featured_media":14664,"parent":0,"menu_order":0,"comment_status":"open","ping_status":"closed","template":"","meta":{"footnotes":""},"class_list":["post-10611","page","type-page","status-publish","has-post-thumbnail","hentry"],"yoast_head":"<!-- This site is optimized with the Yoast SEO plugin v27.2 - https:\/\/yoast.com\/product\/yoast-seo-wordpress\/ -->\n<title>Book Taxi in Marrakech - Cheap and Best Taxis Service<\/title>\n<meta name=\"description\" content=\"Want to book taxi in Marrakech? A taxi app in Marrakech helps you book cheap and best taxi services in Marrakech anytime, anywhere\" \/>\n<meta name=\"robots\" content=\"index, follow, max-snippet:-1, max-image-preview:large, max-video-preview:-1\" \/>\n<link rel=\"canonical\" href=\"https:\/\/tiketi.com\/fr-fr\/book-taxi-in-marrakech-cheap-and-best-taxis-service\/\" \/>\n<meta property=\"og:locale\" content=\"fr_FR\" \/>\n<meta property=\"og:type\" content=\"article\" \/>\n<meta property=\"og:title\" content=\"Book Taxi in Marrakech - Cheap and Best Taxis Service\" \/>\n<meta property=\"og:description\" content=\"Want to book taxi in Marrakech? A taxi app in Marrakech helps you book cheap and best taxi services in Marrakech anytime, anywhere\" \/>\n<meta property=\"og:url\" content=\"https:\/\/tiketi.com\/fr-fr\/book-taxi-in-marrakech-cheap-and-best-taxis-service\/\" \/>\n<meta property=\"og:site_name\" content=\"Tiketi.com\" \/>\n<meta property=\"article:publisher\" content=\"https:\/\/www.facebook.com\/TiketiCom\/\" \/>\n<meta property=\"article:modified_time\" content=\"2022-07-05T07:43:43+00:00\" \/>\n<meta property=\"og:image\" content=\"https:\/\/tiketi.com\/wp-content\/uploads\/2022\/01\/taxi-booking-5440936_1280.jpg\" \/>\n\t<meta property=\"og:image:width\" content=\"1200\" \/>\n\t<meta property=\"og:image:height\" content=\"205\" \/>\n\t<meta property=\"og:image:type\" content=\"image\/jpeg\" \/>\n<meta name=\"twitter:card\" content=\"summary_large_image\" \/>\n<meta name=\"twitter:label1\" content=\"Dur\u00e9e de lecture estim\u00e9e\" \/>\n\t<meta name=\"twitter:data1\" content=\"3 minutes\" \/>\n<script type=\"application\/ld+json\" class=\"yoast-schema-graph\">{\"@context\":\"https:\/\/schema.org\",\"@graph\":[{\"@type\":\"WebPage\",\"@id\":\"https:\/\/tiketi.com\/fr-fr\/book-taxi-in-marrakech-cheap-and-best-taxis-service\/\",\"url\":\"https:\/\/tiketi.com\/fr-fr\/book-taxi-in-marrakech-cheap-and-best-taxis-service\/\",\"name\":\"Book Taxi in Marrakech - Cheap and Best Taxis Service\",\"isPartOf\":{\"@id\":\"https:\/\/tiketi.com\/#website\"},\"primaryImageOfPage\":{\"@id\":\"https:\/\/tiketi.com\/fr-fr\/book-taxi-in-marrakech-cheap-and-best-taxis-service\/#primaryimage\"},\"image\":{\"@id\":\"https:\/\/tiketi.com\/fr-fr\/book-taxi-in-marrakech-cheap-and-best-taxis-service\/#primaryimage\"},\"thumbnailUrl\":\"https:\/\/tiketi.com\/wp-content\/uploads\/2022\/01\/taxi-booking-5440936_1280.jpg\",\"datePublished\":\"2022-01-19T11:53:36+00:00\",\"dateModified\":\"2022-07-05T07:43:43+00:00\",\"description\":\"Want to book taxi in Marrakech? A taxi app in Marrakech helps you book cheap and best taxi services in Marrakech anytime, anywhere\",\"breadcrumb\":{\"@id\":\"https:\/\/tiketi.com\/fr-fr\/book-taxi-in-marrakech-cheap-and-best-taxis-service\/#breadcrumb\"},\"inLanguage\":\"fr-FR\",\"potentialAction\":[{\"@type\":\"ReadAction\",\"target\":[\"https:\/\/tiketi.com\/fr-fr\/book-taxi-in-marrakech-cheap-and-best-taxis-service\/\"]}]},{\"@type\":\"ImageObject\",\"inLanguage\":\"fr-FR\",\"@id\":\"https:\/\/tiketi.com\/fr-fr\/book-taxi-in-marrakech-cheap-and-best-taxis-service\/#primaryimage\",\"url\":\"https:\/\/tiketi.com\/wp-content\/uploads\/2022\/01\/taxi-booking-5440936_1280.jpg\",\"contentUrl\":\"https:\/\/tiketi.com\/wp-content\/uploads\/2022\/01\/taxi-booking-5440936_1280.jpg\",\"width\":1200,\"height\":205,\"caption\":\"Book a Taxi \/ Robotaxi\"},{\"@type\":\"BreadcrumbList\",\"@id\":\"https:\/\/tiketi.com\/fr-fr\/book-taxi-in-marrakech-cheap-and-best-taxis-service\/#breadcrumb\",\"itemListElement\":[{\"@type\":\"ListItem\",\"position\":1,\"name\":\"Home\",\"item\":\"https:\/\/tiketi.com\/\"},{\"@type\":\"ListItem\",\"position\":2,\"name\":\"Book Taxi in Marrakech &#8211; Cheap and Best Taxis Service\"}]},{\"@type\":\"WebSite\",\"@id\":\"https:\/\/tiketi.com\/#website\",\"url\":\"https:\/\/tiketi.com\/\",\"name\":\"Flight & Bus Tickets, Tour Packages & Activitites - Tiketi.com\",\"description\":\"Flight &amp; Bus Tickets, Tours, Activitites\",\"publisher\":{\"@id\":\"https:\/\/tiketi.com\/#organization\"},\"potentialAction\":[{\"@type\":\"SearchAction\",\"target\":{\"@type\":\"EntryPoint\",\"urlTemplate\":\"https:\/\/tiketi.com\/?s={search_term_string}\"},\"query-input\":{\"@type\":\"PropertyValueSpecification\",\"valueRequired\":true,\"valueName\":\"search_term_string\"}}],\"inLanguage\":\"fr-FR\"},{\"@type\":\"Organization\",\"@id\":\"https:\/\/tiketi.com\/#organization\",\"name\":\"Tiketi.com\",\"alternateName\":\"Tiketi\",\"url\":\"https:\/\/tiketi.com\/\",\"logo\":{\"@type\":\"ImageObject\",\"inLanguage\":\"fr-FR\",\"@id\":\"https:\/\/tiketi.com\/#\/schema\/logo\/image\/\",\"url\":\"https:\/\/tiketi.com\/wp-content\/uploads\/2019\/05\/tiketi-logo-696.png\",\"contentUrl\":\"https:\/\/tiketi.com\/wp-content\/uploads\/2019\/05\/tiketi-logo-696.png\",\"width\":696,\"height\":696,\"caption\":\"Tiketi.com\"},\"image\":{\"@id\":\"https:\/\/tiketi.com\/#\/schema\/logo\/image\/\"},\"sameAs\":[\"https:\/\/www.facebook.com\/TiketiCom\/\"]}]}<\/script>\n<!-- \/ Yoast SEO plugin. -->","yoast_head_json":{"title":"R\u00e9server un taxi \u00e0 Marrakech - Service de taxis bon march\u00e9 et le meilleur","description":"Vous souhaitez r\u00e9server un taxi \u00e0 Marrakech ? Une application de taxi \u00e0 Marrakech vous aide \u00e0 r\u00e9server les meilleurs services de taxi \u00e0 Marrakech \u00e0 tout moment, n&#039;importe o\u00f9","robots":{"index":"index","follow":"follow","max-snippet":"max-snippet:-1","max-image-preview":"max-image-preview:large","max-video-preview":"max-video-preview:-1"},"canonical":"https:\/\/tiketi.com\/fr-fr\/book-taxi-in-marrakech-cheap-and-best-taxis-service\/","og_locale":"fr_FR","og_type":"article","og_title":"Book Taxi in Marrakech - Cheap and Best Taxis Service","og_description":"Want to book taxi in Marrakech? A taxi app in Marrakech helps you book cheap and best taxi services in Marrakech anytime, anywhere","og_url":"https:\/\/tiketi.com\/fr-fr\/book-taxi-in-marrakech-cheap-and-best-taxis-service\/","og_site_name":"Tiketi.com","article_publisher":"https:\/\/www.facebook.com\/TiketiCom\/","article_modified_time":"2022-07-05T07:43:43+00:00","og_image":[{"width":1200,"height":205,"url":"https:\/\/tiketi.com\/wp-content\/uploads\/2022\/01\/taxi-booking-5440936_1280.jpg","type":"image\/jpeg"}],"twitter_card":"summary_large_image","twitter_misc":{"Dur\u00e9e de lecture estim\u00e9e":"3 minutes"},"schema":{"@context":"https:\/\/schema.org","@graph":[{"@type":"WebPage","@id":"https:\/\/tiketi.com\/fr-fr\/book-taxi-in-marrakech-cheap-and-best-taxis-service\/","url":"https:\/\/tiketi.com\/fr-fr\/book-taxi-in-marrakech-cheap-and-best-taxis-service\/","name":"R\u00e9server un taxi \u00e0 Marrakech - Service de taxis bon march\u00e9 et le meilleur","isPartOf":{"@id":"https:\/\/tiketi.com\/#website"},"primaryImageOfPage":{"@id":"https:\/\/tiketi.com\/fr-fr\/book-taxi-in-marrakech-cheap-and-best-taxis-service\/#primaryimage"},"image":{"@id":"https:\/\/tiketi.com\/fr-fr\/book-taxi-in-marrakech-cheap-and-best-taxis-service\/#primaryimage"},"thumbnailUrl":"https:\/\/tiketi.com\/wp-content\/uploads\/2022\/01\/taxi-booking-5440936_1280.jpg","datePublished":"2022-01-19T11:53:36+00:00","dateModified":"2022-07-05T07:43:43+00:00","description":"Vous souhaitez r\u00e9server un taxi \u00e0 Marrakech ? Une application de taxi \u00e0 Marrakech vous aide \u00e0 r\u00e9server les meilleurs services de taxi \u00e0 Marrakech \u00e0 tout moment, n&#039;importe o\u00f9","breadcrumb":{"@id":"https:\/\/tiketi.com\/fr-fr\/book-taxi-in-marrakech-cheap-and-best-taxis-service\/#breadcrumb"},"inLanguage":"fr-FR","potentialAction":[{"@type":"ReadAction","target":["https:\/\/tiketi.com\/fr-fr\/book-taxi-in-marrakech-cheap-and-best-taxis-service\/"]}]},{"@type":"ImageObject","inLanguage":"fr-FR","@id":"https:\/\/tiketi.com\/fr-fr\/book-taxi-in-marrakech-cheap-and-best-taxis-service\/#primaryimage","url":"https:\/\/tiketi.com\/wp-content\/uploads\/2022\/01\/taxi-booking-5440936_1280.jpg","contentUrl":"https:\/\/tiketi.com\/wp-content\/uploads\/2022\/01\/taxi-booking-5440936_1280.jpg","width":1200,"height":205,"caption":"Book a Taxi \/ Robotaxi"},{"@type":"BreadcrumbList","@id":"https:\/\/tiketi.com\/fr-fr\/book-taxi-in-marrakech-cheap-and-best-taxis-service\/#breadcrumb","itemListElement":[{"@type":"ListItem","position":1,"name":"Home","item":"https:\/\/tiketi.com\/"},{"@type":"ListItem","position":2,"name":"Book Taxi in Marrakech &#8211; Cheap and Best Taxis Service"}]},{"@type":"WebSite","@id":"https:\/\/tiketi.com\/#website","url":"https:\/\/tiketi.com\/","name":"Billets d&#039;avion et de bus, forfaits touristiques et activit\u00e9s - Tiketi.com","description":"Billets d&#039;avion et de bus, Tours, Activit\u00e9s","publisher":{"@id":"https:\/\/tiketi.com\/#organization"},"potentialAction":[{"@type":"SearchAction","target":{"@type":"EntryPoint","urlTemplate":"https:\/\/tiketi.com\/?s={search_term_string}"},"query-input":{"@type":"PropertyValueSpecification","valueRequired":true,"valueName":"search_term_string"}}],"inLanguage":"fr-FR"},{"@type":"Organization","@id":"https:\/\/tiketi.com\/#organization","name":"Tiketi.com","alternateName":"Tiketi","url":"https:\/\/tiketi.com\/","logo":{"@type":"ImageObject","inLanguage":"fr-FR","@id":"https:\/\/tiketi.com\/#\/schema\/logo\/image\/","url":"https:\/\/tiketi.com\/wp-content\/uploads\/2019\/05\/tiketi-logo-696.png","contentUrl":"https:\/\/tiketi.com\/wp-content\/uploads\/2019\/05\/tiketi-logo-696.png","width":696,"height":696,"caption":"Tiketi.com"},"image":{"@id":"https:\/\/tiketi.com\/#\/schema\/logo\/image\/"},"sameAs":["https:\/\/www.facebook.com\/TiketiCom\/"]}]}},"_links":{"self":[{"href":"https:\/\/tiketi.com\/fr-fr\/wp-json\/wp\/v2\/pages\/10611","targetHints":{"allow":["GET"]}}],"collection":[{"href":"https:\/\/tiketi.com\/fr-fr\/wp-json\/wp\/v2\/pages"}],"about":[{"href":"https:\/\/tiketi.com\/fr-fr\/wp-json\/wp\/v2\/types\/page"}],"author":[{"embeddable":true,"href":"https:\/\/tiketi.com\/fr-fr\/wp-json\/wp\/v2\/users\/1"}],"replies":[{"embeddable":true,"href":"https:\/\/tiketi.com\/fr-fr\/wp-json\/wp\/v2\/comments?post=10611"}],"version-history":[{"count":0,"href":"https:\/\/tiketi.com\/fr-fr\/wp-json\/wp\/v2\/pages\/10611\/revisions"}],"wp:featuredmedia":[{"embeddable":true,"href":"https:\/\/tiketi.com\/fr-fr\/wp-json\/wp\/v2\/media\/14664"}],"wp:attachment":[{"href":"https:\/\/tiketi.com\/fr-fr\/wp-json\/wp\/v2\/media?parent=10611"}],"curies":[{"name":"wp","href":"https:\/\/api.w.org\/{rel}","templated":true}]}}