{"id":10612,"date":"2022-01-19T12:53:36","date_gmt":"2022-01-19T11:53:36","guid":{"rendered":"https:\/\/new.tiketi.com\/dar-es-salaam-taxi-service-booking-cheap-and-best-taxis\/"},"modified":"2025-05-06T11:39:26","modified_gmt":"2025-05-06T10:39:26","slug":"book-taxi-dar-es-salaam-services","status":"publish","type":"page","link":"https:\/\/tiketi.com\/fr-fr\/book-taxi-dar-es-salaam-services\/","title":{"rendered":"Taxi in Dar es Salaam Online Booking App I Cheap &#038; Best Service"},"content":{"rendered":"<h2>Cheap &amp; Best Dar es Salaam Taxi Service Booking in Tanzania<\/h2>\n<h3>T\u00e9l\u00e9chargez la meilleure application de taxi \u00e0 Dar es Salaam, en Tanzanie et r\u00e9servez votre service de taxi \u00e0 Dar es Salaam simple et facile en ligne.<\/h3>\n<p>Taxi in Dar es Salaam online booking app service made easy. Dar es Salaam is a big city, and the taxi price in Dar es Salaam and the ride time (20 &#8211; 40 minutes ) depend on the distance to the place and on congestion of the street. The average taxi Dar-es-Salaam airport to city center is 40,000 TZS. Here are the advantages of using the best taxi app in Dar es Salaam, Tanzania on your Smartphone and how you can book the best Dar es Salaam taxi service online:<\/p>\n<h2>Taxi in Dar es Salaam Online Booking App in Tanzania, Routes &amp; Fares FAQs<\/h2>\n<h3>Quel est le tarif de la meilleure application de taxi \u00e0 Dar es Salaam, de l&#039;a\u00e9roport de Dar es Salaam au centre-ville ?<\/h3>\n<p>The taxi fare in Dar es Salaam, Julius Nyerere Airport to the city center is about 40,000 TZS. Both terminals have a taxi rank. Booking your Julius Nyerere International airport taxi Dar es Salaam service on our online booking platform or using our best taxi app in Dar es Salaam, Tanzania is the best way to book your taxi at a best price anytime and anyhwere. No worry, your drivers meets you inside the airport, all rates are inclusive and cancellation is free.<\/p>\n<h3>Whta is the quickest way to get from Dar es Salaam airport to city centre?<\/h3>\n<p>The fastest way to get from Dar es Salaam Airport to City is to use a taxi. Best airport taxi Dar es Salaam price is $7 &#8211; $9 and takes 9 min.<\/p>\n<h3>What is the travel distance of Dar es Salaam airport\u00a0to city center?<\/h3>\n<p>La distance entre Dar es Salaam et l&#039;a\u00e9roport de Dar es Salaam est de 9 km. La distance de la route est de 10,5 km.<\/p>\n<h3>Comment puis-je me d\u00e9placer de l&#039;a\u00e9roport de Dar es Salaam \u00e0 la ville sans voiture ?<\/h3>\n<p>Le meilleur moyen pour se rendre de Dar es Salaam Airport \u00e0 Dar es Salam sans v\u00e9hicule est le taxi. Taxi \u00e0 Dar es Salaam tarif $7 \u2013 $8 et dure 9 min.<\/p>\n<h3>Puis-je conduire de l&#039;a\u00e9roport de Dar es Salaam au centre-ville ?<\/h3>\n<p>Oui, la distance entre l&#039;a\u00e9roport de Dar es Salaam et le centre-ville est de dix km. Il faut environ neuf minutes pour conduire de l&#039;a\u00e9roport de Dar es Salaam \u00e0 Dar es Salaam.<\/p>\n<p>Are you reserved on an early flight from Julius Nyerere International Airport or just favor to take a taxi in Dar es Salaam to get to the airport, then you can simply book a taxi. The Dar es Salaam taxi service booking app matches prices and offers an affordable airport transfer from your front door directly to the airport.<\/p>\n<h2>Best Dar es Salaam Taxi Service Booking in Tanzania Tips<\/h2>\n<p>A choice for longer trips is to negotiate a half-day or daily rate with a honest taxi driver, for city trips within Dar es Salaam. Dar es Salaam taxis are accessible twenty-four hours a day at Dar es Salaam international Airport. They do not have a taximeter so any ride must be negotiated with the driver before go into the vehicle.<\/p>\n<h4>Download the FREE Tiketi app to unlock exclusive travel deals and special offers!<\/h4>\n<p><a href=\"https:\/\/play.google.com\/store\/apps\/details?id=com.tiketi&amp;hl=de&amp;pli=1\"><img loading=\"lazy\" decoding=\"async\" class=\"alignnone wp-image-27218\" src=\"https:\/\/tiketi.com\/wp-content\/uploads\/2023\/03\/download-tiketi-app-android.jpg\" alt=\"Application Android Tiketi\" width=\"220\" height=\"77\" srcset=\"https:\/\/tiketi.com\/wp-content\/uploads\/2023\/03\/download-tiketi-app-android.jpg 296w, https:\/\/tiketi.com\/wp-content\/uploads\/2023\/03\/download-tiketi-app-android-768x269.jpg 768w, https:\/\/tiketi.com\/wp-content\/uploads\/2023\/03\/download-tiketi-app-android-600x210.jpg 600w\" sizes=\"auto, (max-width: 220px) 100vw, 220px\" \/><\/a><\/p>\n<h3>L&#039;application iOS sera bient\u00f4t lanc\u00e9e\u00a0!<\/h3>\n<p><a href=\"https:\/\/tiketi.com\/wp-content\/uploads\/2023\/03\/download-tiketi-app-ios.jpg\"><img loading=\"lazy\" decoding=\"async\" class=\"alignnone wp-image-27225\" src=\"https:\/\/tiketi.com\/wp-content\/uploads\/2023\/03\/download-tiketi-app-ios.jpg\" alt=\"T\u00e9l\u00e9chargez l&#039;application Tiketi sur l&#039;App Store\" width=\"220\" height=\"77\" srcset=\"https:\/\/tiketi.com\/wp-content\/uploads\/2023\/03\/download-tiketi-app-ios.jpg 296w, https:\/\/tiketi.com\/wp-content\/uploads\/2023\/03\/download-tiketi-app-ios-768x269.jpg 768w, https:\/\/tiketi.com\/wp-content\/uploads\/2023\/03\/download-tiketi-app-ios-600x210.jpg 600w\" sizes=\"auto, (max-width: 220px) 100vw, 220px\" \/><\/a><\/p>","protected":false},"excerpt":{"rendered":"<p>Cheap &amp; Best Dar es Salaam Taxi Service Booking in Tanzania Download the best taxi app in Dar es Salaam, Tanzania and book your taxi service in Dar es Salaam simple and easy online. Taxi in Dar es Salaam online booking app service made easy. Dar es Salaam is a big city, and the taxi [&hellip;]<\/p>\n","protected":false},"author":1,"featured_media":14664,"parent":0,"menu_order":0,"comment_status":"closed","ping_status":"closed","template":"template-home-modern.php","meta":{"footnotes":""},"class_list":["post-10612","page","type-page","status-publish","has-post-thumbnail","hentry"],"yoast_head":"<!-- This site is optimized with the Yoast SEO plugin v27.5 - https:\/\/yoast.com\/product\/yoast-seo-wordpress\/ -->\n<title>Taxi in Dar es Salaam Online Booking App I Cheap &amp; Best Service<\/title>\n<meta name=\"description\" content=\"Looking for cheap taxi in Dar es Salaam online booking app, fares &amp; routes? Our taxi app in Dar es Salaam helps you book the best taxi service in Dar\" \/>\n<meta name=\"robots\" content=\"index, follow, max-snippet:-1, max-image-preview:large, max-video-preview:-1\" \/>\n<link rel=\"canonical\" href=\"https:\/\/tiketi.com\/fr-fr\/book-taxi-dar-es-salaam-services\/\" \/>\n<meta property=\"og:locale\" content=\"fr_FR\" \/>\n<meta property=\"og:type\" content=\"article\" \/>\n<meta property=\"og:title\" content=\"Taxi in Dar es Salaam Online Booking App I Cheap &amp; Best Service\" \/>\n<meta property=\"og:description\" content=\"Looking for cheap taxi in Dar es Salaam online booking app, fares &amp; routes? Our taxi app in Dar es Salaam helps you book the best taxi service in Dar\" \/>\n<meta property=\"og:url\" content=\"https:\/\/tiketi.com\/fr-fr\/book-taxi-dar-es-salaam-services\/\" \/>\n<meta property=\"og:site_name\" content=\"Tiketi.com\" \/>\n<meta property=\"article:publisher\" content=\"https:\/\/www.facebook.com\/TiketiCom\/\" \/>\n<meta property=\"article:modified_time\" content=\"2025-05-06T10:39:26+00:00\" \/>\n<meta property=\"og:image\" content=\"https:\/\/tiketi.com\/wp-content\/uploads\/2022\/01\/taxi-booking-5440936_1280.jpg\" \/>\n\t<meta property=\"og:image:width\" content=\"1200\" \/>\n\t<meta property=\"og:image:height\" content=\"205\" \/>\n\t<meta property=\"og:image:type\" content=\"image\/jpeg\" \/>\n<meta name=\"twitter:card\" content=\"summary_large_image\" \/>\n<meta name=\"twitter:label1\" content=\"Dur\u00e9e de lecture estim\u00e9e\" \/>\n\t<meta name=\"twitter:data1\" content=\"3 minutes\" \/>\n<script type=\"application\/ld+json\" class=\"yoast-schema-graph\">{\"@context\":\"https:\\\/\\\/schema.org\",\"@graph\":[{\"@type\":\"WebPage\",\"@id\":\"https:\\\/\\\/tiketi.com\\\/book-taxi-dar-es-salaam-services\\\/\",\"url\":\"https:\\\/\\\/tiketi.com\\\/book-taxi-dar-es-salaam-services\\\/\",\"name\":\"Taxi in Dar es Salaam Online Booking App I Cheap & Best Service\",\"isPartOf\":{\"@id\":\"https:\\\/\\\/tiketi.com\\\/#website\"},\"primaryImageOfPage\":{\"@id\":\"https:\\\/\\\/tiketi.com\\\/book-taxi-dar-es-salaam-services\\\/#primaryimage\"},\"image\":{\"@id\":\"https:\\\/\\\/tiketi.com\\\/book-taxi-dar-es-salaam-services\\\/#primaryimage\"},\"thumbnailUrl\":\"https:\\\/\\\/tiketi.com\\\/wp-content\\\/uploads\\\/2022\\\/01\\\/taxi-booking-5440936_1280.jpg\",\"datePublished\":\"2022-01-19T11:53:36+00:00\",\"dateModified\":\"2025-05-06T10:39:26+00:00\",\"description\":\"Looking for cheap taxi in Dar es Salaam online booking app, fares & routes? Our taxi app in Dar es Salaam helps you book the best taxi service in Dar\",\"breadcrumb\":{\"@id\":\"https:\\\/\\\/tiketi.com\\\/book-taxi-dar-es-salaam-services\\\/#breadcrumb\"},\"inLanguage\":\"fr-FR\",\"potentialAction\":[{\"@type\":\"ReadAction\",\"target\":[\"https:\\\/\\\/tiketi.com\\\/book-taxi-dar-es-salaam-services\\\/\"]}]},{\"@type\":\"ImageObject\",\"inLanguage\":\"fr-FR\",\"@id\":\"https:\\\/\\\/tiketi.com\\\/book-taxi-dar-es-salaam-services\\\/#primaryimage\",\"url\":\"https:\\\/\\\/tiketi.com\\\/wp-content\\\/uploads\\\/2022\\\/01\\\/taxi-booking-5440936_1280.jpg\",\"contentUrl\":\"https:\\\/\\\/tiketi.com\\\/wp-content\\\/uploads\\\/2022\\\/01\\\/taxi-booking-5440936_1280.jpg\",\"width\":1200,\"height\":205,\"caption\":\"Book a Taxi \\\/ Robotaxi\"},{\"@type\":\"BreadcrumbList\",\"@id\":\"https:\\\/\\\/tiketi.com\\\/book-taxi-dar-es-salaam-services\\\/#breadcrumb\",\"itemListElement\":[{\"@type\":\"ListItem\",\"position\":1,\"name\":\"Home\",\"item\":\"https:\\\/\\\/tiketi.com\\\/\"},{\"@type\":\"ListItem\",\"position\":2,\"name\":\"Taxi in Dar es Salaam Online Booking App I Cheap &#038; Best Service\"}]},{\"@type\":\"WebSite\",\"@id\":\"https:\\\/\\\/tiketi.com\\\/#website\",\"url\":\"https:\\\/\\\/tiketi.com\\\/\",\"name\":\"Flight & Bus Tickets, Tour Packages & Activitites - Tiketi.com\",\"description\":\"Flight &amp; Bus Tickets, Tours, Activitites\",\"publisher\":{\"@id\":\"https:\\\/\\\/tiketi.com\\\/#organization\"},\"potentialAction\":[{\"@type\":\"SearchAction\",\"target\":{\"@type\":\"EntryPoint\",\"urlTemplate\":\"https:\\\/\\\/tiketi.com\\\/?s={search_term_string}\"},\"query-input\":{\"@type\":\"PropertyValueSpecification\",\"valueRequired\":true,\"valueName\":\"search_term_string\"}}],\"inLanguage\":\"fr-FR\"},{\"@type\":\"Organization\",\"@id\":\"https:\\\/\\\/tiketi.com\\\/#organization\",\"name\":\"Tiketi.com\",\"alternateName\":\"Tiketi\",\"url\":\"https:\\\/\\\/tiketi.com\\\/\",\"logo\":{\"@type\":\"ImageObject\",\"inLanguage\":\"fr-FR\",\"@id\":\"https:\\\/\\\/tiketi.com\\\/#\\\/schema\\\/logo\\\/image\\\/\",\"url\":\"https:\\\/\\\/tiketi.com\\\/wp-content\\\/uploads\\\/2019\\\/05\\\/tiketi-logo-696.png\",\"contentUrl\":\"https:\\\/\\\/tiketi.com\\\/wp-content\\\/uploads\\\/2019\\\/05\\\/tiketi-logo-696.png\",\"width\":696,\"height\":696,\"caption\":\"Tiketi.com\"},\"image\":{\"@id\":\"https:\\\/\\\/tiketi.com\\\/#\\\/schema\\\/logo\\\/image\\\/\"},\"sameAs\":[\"https:\\\/\\\/www.facebook.com\\\/TiketiCom\\\/\"]}]}<\/script>\n<!-- \/ Yoast SEO plugin. -->","yoast_head_json":{"title":"Taxi in Dar es Salaam Online Booking App I Cheap & Best Service","description":"Looking for cheap taxi in Dar es Salaam online booking app, fares & routes? Our taxi app in Dar es Salaam helps you book the best taxi service in Dar","robots":{"index":"index","follow":"follow","max-snippet":"max-snippet:-1","max-image-preview":"max-image-preview:large","max-video-preview":"max-video-preview:-1"},"canonical":"https:\/\/tiketi.com\/fr-fr\/book-taxi-dar-es-salaam-services\/","og_locale":"fr_FR","og_type":"article","og_title":"Taxi in Dar es Salaam Online Booking App I Cheap & Best Service","og_description":"Looking for cheap taxi in Dar es Salaam online booking app, fares & routes? Our taxi app in Dar es Salaam helps you book the best taxi service in Dar","og_url":"https:\/\/tiketi.com\/fr-fr\/book-taxi-dar-es-salaam-services\/","og_site_name":"Tiketi.com","article_publisher":"https:\/\/www.facebook.com\/TiketiCom\/","article_modified_time":"2025-05-06T10:39:26+00:00","og_image":[{"width":1200,"height":205,"url":"https:\/\/tiketi.com\/wp-content\/uploads\/2022\/01\/taxi-booking-5440936_1280.jpg","type":"image\/jpeg"}],"twitter_card":"summary_large_image","twitter_misc":{"Dur\u00e9e de lecture estim\u00e9e":"3 minutes"},"schema":{"@context":"https:\/\/schema.org","@graph":[{"@type":"WebPage","@id":"https:\/\/tiketi.com\/book-taxi-dar-es-salaam-services\/","url":"https:\/\/tiketi.com\/book-taxi-dar-es-salaam-services\/","name":"Taxi in Dar es Salaam Online Booking App I Cheap & Best Service","isPartOf":{"@id":"https:\/\/tiketi.com\/#website"},"primaryImageOfPage":{"@id":"https:\/\/tiketi.com\/book-taxi-dar-es-salaam-services\/#primaryimage"},"image":{"@id":"https:\/\/tiketi.com\/book-taxi-dar-es-salaam-services\/#primaryimage"},"thumbnailUrl":"https:\/\/tiketi.com\/wp-content\/uploads\/2022\/01\/taxi-booking-5440936_1280.jpg","datePublished":"2022-01-19T11:53:36+00:00","dateModified":"2025-05-06T10:39:26+00:00","description":"Looking for cheap taxi in Dar es Salaam online booking app, fares & routes? Our taxi app in Dar es Salaam helps you book the best taxi service in Dar","breadcrumb":{"@id":"https:\/\/tiketi.com\/book-taxi-dar-es-salaam-services\/#breadcrumb"},"inLanguage":"fr-FR","potentialAction":[{"@type":"ReadAction","target":["https:\/\/tiketi.com\/book-taxi-dar-es-salaam-services\/"]}]},{"@type":"ImageObject","inLanguage":"fr-FR","@id":"https:\/\/tiketi.com\/book-taxi-dar-es-salaam-services\/#primaryimage","url":"https:\/\/tiketi.com\/wp-content\/uploads\/2022\/01\/taxi-booking-5440936_1280.jpg","contentUrl":"https:\/\/tiketi.com\/wp-content\/uploads\/2022\/01\/taxi-booking-5440936_1280.jpg","width":1200,"height":205,"caption":"Book a Taxi \/ Robotaxi"},{"@type":"BreadcrumbList","@id":"https:\/\/tiketi.com\/book-taxi-dar-es-salaam-services\/#breadcrumb","itemListElement":[{"@type":"ListItem","position":1,"name":"Home","item":"https:\/\/tiketi.com\/"},{"@type":"ListItem","position":2,"name":"Taxi in Dar es Salaam Online Booking App I Cheap &#038; Best Service"}]},{"@type":"WebSite","@id":"https:\/\/tiketi.com\/#website","url":"https:\/\/tiketi.com\/","name":"Billets d&#039;avion et de bus, forfaits touristiques et activit\u00e9s - Tiketi.com","description":"Billets d&#039;avion et de bus, Tours, Activit\u00e9s","publisher":{"@id":"https:\/\/tiketi.com\/#organization"},"potentialAction":[{"@type":"SearchAction","target":{"@type":"EntryPoint","urlTemplate":"https:\/\/tiketi.com\/?s={search_term_string}"},"query-input":{"@type":"PropertyValueSpecification","valueRequired":true,"valueName":"search_term_string"}}],"inLanguage":"fr-FR"},{"@type":"Organization","@id":"https:\/\/tiketi.com\/#organization","name":"Tiketi.com","alternateName":"Tiketi","url":"https:\/\/tiketi.com\/","logo":{"@type":"ImageObject","inLanguage":"fr-FR","@id":"https:\/\/tiketi.com\/#\/schema\/logo\/image\/","url":"https:\/\/tiketi.com\/wp-content\/uploads\/2019\/05\/tiketi-logo-696.png","contentUrl":"https:\/\/tiketi.com\/wp-content\/uploads\/2019\/05\/tiketi-logo-696.png","width":696,"height":696,"caption":"Tiketi.com"},"image":{"@id":"https:\/\/tiketi.com\/#\/schema\/logo\/image\/"},"sameAs":["https:\/\/www.facebook.com\/TiketiCom\/"]}]}},"_links":{"self":[{"href":"https:\/\/tiketi.com\/fr-fr\/wp-json\/wp\/v2\/pages\/10612","targetHints":{"allow":["GET"]}}],"collection":[{"href":"https:\/\/tiketi.com\/fr-fr\/wp-json\/wp\/v2\/pages"}],"about":[{"href":"https:\/\/tiketi.com\/fr-fr\/wp-json\/wp\/v2\/types\/page"}],"author":[{"embeddable":true,"href":"https:\/\/tiketi.com\/fr-fr\/wp-json\/wp\/v2\/users\/1"}],"replies":[{"embeddable":true,"href":"https:\/\/tiketi.com\/fr-fr\/wp-json\/wp\/v2\/comments?post=10612"}],"version-history":[{"count":4,"href":"https:\/\/tiketi.com\/fr-fr\/wp-json\/wp\/v2\/pages\/10612\/revisions"}],"predecessor-version":[{"id":31403,"href":"https:\/\/tiketi.com\/fr-fr\/wp-json\/wp\/v2\/pages\/10612\/revisions\/31403"}],"wp:featuredmedia":[{"embeddable":true,"href":"https:\/\/tiketi.com\/fr-fr\/wp-json\/wp\/v2\/media\/14664"}],"wp:attachment":[{"href":"https:\/\/tiketi.com\/fr-fr\/wp-json\/wp\/v2\/media?parent=10612"}],"curies":[{"name":"wp","href":"https:\/\/api.w.org\/{rel}","templated":true}]}}