{"id":10613,"date":"2022-01-19T12:53:36","date_gmt":"2022-01-19T11:53:36","guid":{"rendered":"https:\/\/new.tiketi.com\/online-taxi-booking-mauritius-port-louis-cheap-and-best-taxis-service\/"},"modified":"2022-02-18T16:46:07","modified_gmt":"2022-02-18T15:46:07","slug":"online-taxi-booking-mauritius-port-louis","status":"publish","type":"page","link":"https:\/\/tiketi.com\/fr-fr\/online-taxi-booking-mauritius-port-louis\/","title":{"rendered":"R\u00e9servation de taxi en ligne Ile Maurice Port Louis \u2013 Service de taxis pas cher et meilleur"},"content":{"rendered":"<h2>Application de taxi pas cher \u00e0 l&#039;\u00eele Maurice<\/h2>\n<h3>Utilisez la meilleure application de taxi \u00e0 Maurice et \u00e0 Port Louis pour r\u00e9server le meilleur service de taxi mauricien simple et facile en ligne.<\/h3>\n<p>R\u00e9servation de taxi en ligne Ile Maurice Port Louis en toute simplicit\u00e9. Voici les avantages d&#039;utiliser une application de taxi \u00e0 l&#039;\u00eele Maurice sur votre smartphone et comment vous pouvez r\u00e9server en ligne le meilleur service de taxi de l&#039;\u00eele Maurice \u00e0 Port Louis :<\/p>\n<h2>R\u00e9servation de taxi en ligne Ile Maurice Port Louis, FAQ sur les itin\u00e9raires, les horaires et les tarifs<\/h2>\n<h3>Combien co\u00fbte le taxi de l&#039;a\u00e9roport de Port Louis Maurice au centre-ville ?<\/h3>\n<p>Si vous souhaitez voyager plus d\u00e9tendu, vous pouvez t\u00e9l\u00e9charger une application de taxi \u00e0 l&#039;\u00eele Maurice et effectuer une r\u00e9servation de taxi en ligne \u00e0 l&#039;\u00eele Maurice pour 1 500 MUR. Le temps de trajet jusqu&#039;au centre-ville de Port Louis est d&#039;environ une heure.<\/p>\n<p>En r\u00e8gle g\u00e9n\u00e9rale, ne prenez pas de taxi dans le centre-ville encombr\u00e9 pendant la journ\u00e9e - vous remarquerez rapidement que les pi\u00e9tons se d\u00e9placent plus vite que les v\u00e9hicules. Apr\u00e8s la tomb\u00e9e de la nuit, devinez payer Rs 100 \u00e0 Rs 200 pour un petit trajet en taxi \u00e0 travers la ville. Convenez toujours d&#039;un prix \u00e0 l&#039;avance.<\/p>\n<h3>Le taxi Port Louis Mauritius est-il le moyen le plus rapide pour se rendre de l&#039;a\u00e9roport de Maurice \u00e0 Port Louis ?<\/h3>\n<p>Le moyen le plus rapide pour se rendre de l&#039;a\u00e9roport de Maurice \u00e0 Port-Louis est en taxi ce qui co\u00fbte $4 - $8 et prend 35 min.<\/p>\n<h3>Quelle est la distance de vol de l&#039;a\u00e9roport de Maurice \u00e0 Port Louis?<\/h3>\n<p>La distance entre A\u00e9roport de Maurice et Port Louis est de 35 km.<\/p>\n<h3>Le service de taxi mauricien est-il le moyen le plus rapide pour se rendre de Port Louis \u00e0 Flic en Flac ?<\/h3>\n<p>Le moyen le plus rapide pour se rendre de taxi Port Louis Flic en Flac qui co\u00fbte $2 \u2013 $4 et prend 24 min.<\/p>\n<h3>Quelle est la distance parcourue de Port-Louis \u00e0 Flic en Flac?<\/h3>\n<p>La distance entre les taxis de l&#039;a\u00e9roport de Port Louis est de 19 km. La distance de la route est de 22,8 km.<\/p>\n<h3>Quel est le moyen le plus rapide pour se rendre de Mauritius Airport \u00e0 Trou aux Biches ?<\/h3>\n<p>Le moyen le plus rapide pour se rendre de taxi Port Louis Trou aux Biches qui co\u00fbte $6 \u2013 $10 et prend 50 min.<\/p>\n<h3>Quelle est la distance de vol de l&#039;a\u00e9roport de Maurice \u00e0 Trou aux Biches?<\/h3>\n<p>La distance entre Trou aux biches et MUR est de 46 km.<\/p>\n<h3>Quel est le moyen le plus rapide pour se rendre de A\u00e9roport de Maurice \u00e0 Grand Baie ?<\/h3>\n<p>Le moyen le plus rapide pour se rendre en taxi depuis Port Louis Grand Baie. Tarifs de taxi \u00e0 Port Louis $7 \u2013 $11 et prend 50 min.<\/p>\n<h3>Quelle est la distance entre Grand Baie et A\u00e9roport Maurice?<\/h3>\n<p>La distance entre MRU et Grand Baie est de 48 km. La distance routi\u00e8re est de 72,4 km.<\/p>\n<h3>Quel est le moyen le plus rapide pour se rendre de Port-Louis \u00e0 Le Morne ?<\/h3>\n<p>Le moyen le plus rapide pour se rendre de taxi Port Louis Le Morne qui co\u00fbte $4 \u2013 $8 et prend 45 min.<\/p>\n<h2>Conseils de service de taxi \u00e0 l&#039;\u00eele Maurice<\/h2>\n<p>L&#039;a\u00e9roport Maurice Sir Seewoosagur Ramgoolam est le c\u00e9l\u00e8bre a\u00e9roport d&#039;Afrique, en raison de son emplacement charmant. L&#039;a\u00e9roport est la principale plaque tournante de la compagnie a\u00e9rienne mauricienne et de Port Louis. En 2013, un terminal moderne et nouveau a ouvert ses portes.<\/p>","protected":false},"excerpt":{"rendered":"<p>Cheap Taxi App in Mauritius Use the best taxi app in Mauritius and Port Louis to book the best Mauritius taxi service simple and easy online. Online taxi booking Mauritius Port Louis made easy. Here are the advantages of using a taxi app in Mauritius on your Smartphone and how to you can book best [&hellip;]<\/p>\n","protected":false},"author":1,"featured_media":14664,"parent":0,"menu_order":0,"comment_status":"open","ping_status":"closed","template":"template-home-modern.php","meta":{"footnotes":""},"class_list":["post-10613","page","type-page","status-publish","has-post-thumbnail","hentry"],"yoast_head":"<!-- This site is optimized with the Yoast SEO plugin v27.4 - https:\/\/yoast.com\/product\/yoast-seo-wordpress\/ -->\n<title>Online Taxi Booking Mauritius Port Louis - Cheap and Best Taxis Service<\/title>\n<meta name=\"description\" content=\"Looking for online taxi booking Mauritius Port Louis ? A taxi app in Mauritius helps you book cheap and best Mauritius taxi service in Port Louis anytime, anywhere\" \/>\n<meta name=\"robots\" content=\"index, follow, max-snippet:-1, max-image-preview:large, max-video-preview:-1\" \/>\n<link rel=\"canonical\" href=\"https:\/\/tiketi.com\/fr-fr\/online-taxi-booking-mauritius-port-louis\/\" \/>\n<meta property=\"og:locale\" content=\"fr_FR\" \/>\n<meta property=\"og:type\" content=\"article\" \/>\n<meta property=\"og:title\" content=\"Online Taxi Booking Mauritius Port Louis - Cheap and Best Taxis Service\" \/>\n<meta property=\"og:description\" content=\"Looking for online taxi booking Mauritius Port Louis ? A taxi app in Mauritius helps you book cheap and best Mauritius taxi service in Port Louis anytime, anywhere\" \/>\n<meta property=\"og:url\" content=\"https:\/\/tiketi.com\/fr-fr\/online-taxi-booking-mauritius-port-louis\/\" \/>\n<meta property=\"og:site_name\" content=\"Tiketi.com\" \/>\n<meta property=\"article:publisher\" content=\"https:\/\/www.facebook.com\/TiketiCom\/\" \/>\n<meta property=\"article:modified_time\" content=\"2022-02-18T15:46:07+00:00\" \/>\n<meta property=\"og:image\" content=\"https:\/\/tiketi.com\/wp-content\/uploads\/2022\/01\/taxi-booking-5440936_1280.jpg\" \/>\n\t<meta property=\"og:image:width\" content=\"1200\" \/>\n\t<meta property=\"og:image:height\" content=\"205\" \/>\n\t<meta property=\"og:image:type\" content=\"image\/jpeg\" \/>\n<meta name=\"twitter:card\" content=\"summary_large_image\" \/>\n<meta name=\"twitter:label1\" content=\"Dur\u00e9e de lecture estim\u00e9e\" \/>\n\t<meta name=\"twitter:data1\" content=\"3 minutes\" \/>\n<script type=\"application\/ld+json\" class=\"yoast-schema-graph\">{\"@context\":\"https:\\\/\\\/schema.org\",\"@graph\":[{\"@type\":\"WebPage\",\"@id\":\"https:\\\/\\\/tiketi.com\\\/fr-fr\\\/online-taxi-booking-mauritius-port-louis\\\/\",\"url\":\"https:\\\/\\\/tiketi.com\\\/fr-fr\\\/online-taxi-booking-mauritius-port-louis\\\/\",\"name\":\"Online Taxi Booking Mauritius Port Louis - Cheap and Best Taxis Service\",\"isPartOf\":{\"@id\":\"https:\\\/\\\/tiketi.com\\\/#website\"},\"primaryImageOfPage\":{\"@id\":\"https:\\\/\\\/tiketi.com\\\/fr-fr\\\/online-taxi-booking-mauritius-port-louis\\\/#primaryimage\"},\"image\":{\"@id\":\"https:\\\/\\\/tiketi.com\\\/fr-fr\\\/online-taxi-booking-mauritius-port-louis\\\/#primaryimage\"},\"thumbnailUrl\":\"https:\\\/\\\/tiketi.com\\\/wp-content\\\/uploads\\\/2022\\\/01\\\/taxi-booking-5440936_1280.jpg\",\"datePublished\":\"2022-01-19T11:53:36+00:00\",\"dateModified\":\"2022-02-18T15:46:07+00:00\",\"description\":\"Looking for online taxi booking Mauritius Port Louis ? A taxi app in Mauritius helps you book cheap and best Mauritius taxi service in Port Louis anytime, anywhere\",\"breadcrumb\":{\"@id\":\"https:\\\/\\\/tiketi.com\\\/fr-fr\\\/online-taxi-booking-mauritius-port-louis\\\/#breadcrumb\"},\"inLanguage\":\"fr-FR\",\"potentialAction\":[{\"@type\":\"ReadAction\",\"target\":[\"https:\\\/\\\/tiketi.com\\\/fr-fr\\\/online-taxi-booking-mauritius-port-louis\\\/\"]}]},{\"@type\":\"ImageObject\",\"inLanguage\":\"fr-FR\",\"@id\":\"https:\\\/\\\/tiketi.com\\\/fr-fr\\\/online-taxi-booking-mauritius-port-louis\\\/#primaryimage\",\"url\":\"https:\\\/\\\/tiketi.com\\\/wp-content\\\/uploads\\\/2022\\\/01\\\/taxi-booking-5440936_1280.jpg\",\"contentUrl\":\"https:\\\/\\\/tiketi.com\\\/wp-content\\\/uploads\\\/2022\\\/01\\\/taxi-booking-5440936_1280.jpg\",\"width\":1200,\"height\":205,\"caption\":\"Book a Taxi \\\/ Robotaxi\"},{\"@type\":\"BreadcrumbList\",\"@id\":\"https:\\\/\\\/tiketi.com\\\/fr-fr\\\/online-taxi-booking-mauritius-port-louis\\\/#breadcrumb\",\"itemListElement\":[{\"@type\":\"ListItem\",\"position\":1,\"name\":\"Home\",\"item\":\"https:\\\/\\\/tiketi.com\\\/\"},{\"@type\":\"ListItem\",\"position\":2,\"name\":\"Online Taxi Booking Mauritius Port Louis &#8211; Cheap and Best Taxis Service\"}]},{\"@type\":\"WebSite\",\"@id\":\"https:\\\/\\\/tiketi.com\\\/#website\",\"url\":\"https:\\\/\\\/tiketi.com\\\/\",\"name\":\"Flight & Bus Tickets, Tour Packages & Activitites - Tiketi.com\",\"description\":\"Flight &amp; Bus Tickets, Tours, Activitites\",\"publisher\":{\"@id\":\"https:\\\/\\\/tiketi.com\\\/#organization\"},\"potentialAction\":[{\"@type\":\"SearchAction\",\"target\":{\"@type\":\"EntryPoint\",\"urlTemplate\":\"https:\\\/\\\/tiketi.com\\\/?s={search_term_string}\"},\"query-input\":{\"@type\":\"PropertyValueSpecification\",\"valueRequired\":true,\"valueName\":\"search_term_string\"}}],\"inLanguage\":\"fr-FR\"},{\"@type\":\"Organization\",\"@id\":\"https:\\\/\\\/tiketi.com\\\/#organization\",\"name\":\"Tiketi.com\",\"alternateName\":\"Tiketi\",\"url\":\"https:\\\/\\\/tiketi.com\\\/\",\"logo\":{\"@type\":\"ImageObject\",\"inLanguage\":\"fr-FR\",\"@id\":\"https:\\\/\\\/tiketi.com\\\/#\\\/schema\\\/logo\\\/image\\\/\",\"url\":\"https:\\\/\\\/tiketi.com\\\/wp-content\\\/uploads\\\/2019\\\/05\\\/tiketi-logo-696.png\",\"contentUrl\":\"https:\\\/\\\/tiketi.com\\\/wp-content\\\/uploads\\\/2019\\\/05\\\/tiketi-logo-696.png\",\"width\":696,\"height\":696,\"caption\":\"Tiketi.com\"},\"image\":{\"@id\":\"https:\\\/\\\/tiketi.com\\\/#\\\/schema\\\/logo\\\/image\\\/\"},\"sameAs\":[\"https:\\\/\\\/www.facebook.com\\\/TiketiCom\\\/\"]}]}<\/script>\n<!-- \/ Yoast SEO plugin. -->","yoast_head_json":{"title":"R\u00e9servation de taxi en ligne Ile Maurice Port Louis - Service de taxis pas cher et meilleur","description":"Vous recherchez une r\u00e9servation de taxi en ligne Ile Maurice Port Louis ? Une application de taxi \u00e0 Maurice vous aide \u00e0 r\u00e9server le meilleur service de taxi mauricien bon march\u00e9 \u00e0 Port Louis \u00e0 tout moment, n&#039;importe o\u00f9","robots":{"index":"index","follow":"follow","max-snippet":"max-snippet:-1","max-image-preview":"max-image-preview:large","max-video-preview":"max-video-preview:-1"},"canonical":"https:\/\/tiketi.com\/fr-fr\/online-taxi-booking-mauritius-port-louis\/","og_locale":"fr_FR","og_type":"article","og_title":"Online Taxi Booking Mauritius Port Louis - Cheap and Best Taxis Service","og_description":"Looking for online taxi booking Mauritius Port Louis ? A taxi app in Mauritius helps you book cheap and best Mauritius taxi service in Port Louis anytime, anywhere","og_url":"https:\/\/tiketi.com\/fr-fr\/online-taxi-booking-mauritius-port-louis\/","og_site_name":"Tiketi.com","article_publisher":"https:\/\/www.facebook.com\/TiketiCom\/","article_modified_time":"2022-02-18T15:46:07+00:00","og_image":[{"width":1200,"height":205,"url":"https:\/\/tiketi.com\/wp-content\/uploads\/2022\/01\/taxi-booking-5440936_1280.jpg","type":"image\/jpeg"}],"twitter_card":"summary_large_image","twitter_misc":{"Dur\u00e9e de lecture estim\u00e9e":"3 minutes"},"schema":{"@context":"https:\/\/schema.org","@graph":[{"@type":"WebPage","@id":"https:\/\/tiketi.com\/fr-fr\/online-taxi-booking-mauritius-port-louis\/","url":"https:\/\/tiketi.com\/fr-fr\/online-taxi-booking-mauritius-port-louis\/","name":"R\u00e9servation de taxi en ligne Ile Maurice Port Louis - Service de taxis pas cher et meilleur","isPartOf":{"@id":"https:\/\/tiketi.com\/#website"},"primaryImageOfPage":{"@id":"https:\/\/tiketi.com\/fr-fr\/online-taxi-booking-mauritius-port-louis\/#primaryimage"},"image":{"@id":"https:\/\/tiketi.com\/fr-fr\/online-taxi-booking-mauritius-port-louis\/#primaryimage"},"thumbnailUrl":"https:\/\/tiketi.com\/wp-content\/uploads\/2022\/01\/taxi-booking-5440936_1280.jpg","datePublished":"2022-01-19T11:53:36+00:00","dateModified":"2022-02-18T15:46:07+00:00","description":"Vous recherchez une r\u00e9servation de taxi en ligne Ile Maurice Port Louis ? Une application de taxi \u00e0 Maurice vous aide \u00e0 r\u00e9server le meilleur service de taxi mauricien bon march\u00e9 \u00e0 Port Louis \u00e0 tout moment, n&#039;importe o\u00f9","breadcrumb":{"@id":"https:\/\/tiketi.com\/fr-fr\/online-taxi-booking-mauritius-port-louis\/#breadcrumb"},"inLanguage":"fr-FR","potentialAction":[{"@type":"ReadAction","target":["https:\/\/tiketi.com\/fr-fr\/online-taxi-booking-mauritius-port-louis\/"]}]},{"@type":"ImageObject","inLanguage":"fr-FR","@id":"https:\/\/tiketi.com\/fr-fr\/online-taxi-booking-mauritius-port-louis\/#primaryimage","url":"https:\/\/tiketi.com\/wp-content\/uploads\/2022\/01\/taxi-booking-5440936_1280.jpg","contentUrl":"https:\/\/tiketi.com\/wp-content\/uploads\/2022\/01\/taxi-booking-5440936_1280.jpg","width":1200,"height":205,"caption":"Book a Taxi \/ Robotaxi"},{"@type":"BreadcrumbList","@id":"https:\/\/tiketi.com\/fr-fr\/online-taxi-booking-mauritius-port-louis\/#breadcrumb","itemListElement":[{"@type":"ListItem","position":1,"name":"Home","item":"https:\/\/tiketi.com\/"},{"@type":"ListItem","position":2,"name":"Online Taxi Booking Mauritius Port Louis &#8211; Cheap and Best Taxis Service"}]},{"@type":"WebSite","@id":"https:\/\/tiketi.com\/#website","url":"https:\/\/tiketi.com\/","name":"Billets d&#039;avion et de bus, forfaits touristiques et activit\u00e9s - Tiketi.com","description":"Billets d&#039;avion et de bus, Tours, Activit\u00e9s","publisher":{"@id":"https:\/\/tiketi.com\/#organization"},"potentialAction":[{"@type":"SearchAction","target":{"@type":"EntryPoint","urlTemplate":"https:\/\/tiketi.com\/?s={search_term_string}"},"query-input":{"@type":"PropertyValueSpecification","valueRequired":true,"valueName":"search_term_string"}}],"inLanguage":"fr-FR"},{"@type":"Organization","@id":"https:\/\/tiketi.com\/#organization","name":"Tiketi.com","alternateName":"Tiketi","url":"https:\/\/tiketi.com\/","logo":{"@type":"ImageObject","inLanguage":"fr-FR","@id":"https:\/\/tiketi.com\/#\/schema\/logo\/image\/","url":"https:\/\/tiketi.com\/wp-content\/uploads\/2019\/05\/tiketi-logo-696.png","contentUrl":"https:\/\/tiketi.com\/wp-content\/uploads\/2019\/05\/tiketi-logo-696.png","width":696,"height":696,"caption":"Tiketi.com"},"image":{"@id":"https:\/\/tiketi.com\/#\/schema\/logo\/image\/"},"sameAs":["https:\/\/www.facebook.com\/TiketiCom\/"]}]}},"_links":{"self":[{"href":"https:\/\/tiketi.com\/fr-fr\/wp-json\/wp\/v2\/pages\/10613","targetHints":{"allow":["GET"]}}],"collection":[{"href":"https:\/\/tiketi.com\/fr-fr\/wp-json\/wp\/v2\/pages"}],"about":[{"href":"https:\/\/tiketi.com\/fr-fr\/wp-json\/wp\/v2\/types\/page"}],"author":[{"embeddable":true,"href":"https:\/\/tiketi.com\/fr-fr\/wp-json\/wp\/v2\/users\/1"}],"replies":[{"embeddable":true,"href":"https:\/\/tiketi.com\/fr-fr\/wp-json\/wp\/v2\/comments?post=10613"}],"version-history":[{"count":0,"href":"https:\/\/tiketi.com\/fr-fr\/wp-json\/wp\/v2\/pages\/10613\/revisions"}],"wp:featuredmedia":[{"embeddable":true,"href":"https:\/\/tiketi.com\/fr-fr\/wp-json\/wp\/v2\/media\/14664"}],"wp:attachment":[{"href":"https:\/\/tiketi.com\/fr-fr\/wp-json\/wp\/v2\/media?parent=10613"}],"curies":[{"name":"wp","href":"https:\/\/api.w.org\/{rel}","templated":true}]}}